{"id":9697,"date":"2021-03-13T16:47:09","date_gmt":"2021-03-13T15:47:09","guid":{"rendered":"https:\/\/www.reddingsbrigadenoordwijk.nl\/?page_id=9697"},"modified":"2021-09-12T10:27:16","modified_gmt":"2021-09-12T08:27:16","slug":"teken-en-rupsen","status":"publish","type":"page","link":"https:\/\/www.reddingsbrigadenoordwijk.nl\/pl\/plaza\/kleszcze-i-pelzanie\/","title":{"rendered":"Kleszcze i g\u0105sienice"},"content":{"rendered":"<div class=\"vce-section\"><div class=\"vce-section-inner vce-element--has-background\" data-vce-full-width=\"true\" id=\"el-708eed5d\" data-vce-dynamic-image-all=\"708eed5d\" data-vce-do-apply=\"all el-708eed5d\"><div class=\"vce-content-background-container\"><div class=\"vce-asset-background-simple-container vce-visible-all-only vce-asset-background-simple--style-cover vce-asset-background-simple--position-center-center\"><div class=\"vce-asset-background-simple\"><div class=\"vce-asset-background-simple-item lazyload\" style=\"background-image:inherit;\" data-bg-image=\"url(&#039;https:\/\/www.reddingsbrigadenoordwijk.nl\/wp-content\/uploads\/2021\/03\/Euproctis_chrysorrhoea-02_xndr.jpg?vcv-dynamic-field=featured_image&amp;alt=&amp;caption=&amp;title=Euproctis_chrysorrhoea-02_%28xndr%29&#039;)\"><\/div><\/div><\/div><div class=\"vce-asset-color-gradient-container vce-visible-all-only\" data-vce-do-apply=\"gradient el-708eed5d\"><\/div><\/div><div data-vce-element-content=\"true\"><div class=\"vce-row-container\" data-vce-boxed-width=\"true\"><div class=\"vce-row vce-element--has-background vce-row--col-gap-30 vce-row-equal-height vce-row-content--top\" vce-box-shadow=\"el-c0a29ee9\" id=\"el-c0a29ee9\" data-vce-do-apply=\"all el-c0a29ee9\"><div class=\"vce-content-background-container\"><\/div><div class=\"vce-row-content\" data-vce-element-content=\"true\"><div class=\"vce-col vce-col--md-auto vce-col--xs-1 vce-col--xs-last vce-col--xs-first vce-col--sm-last vce-col--sm-first vce-col--md-last vce-col--lg-last vce-col--xl-last vce-col--md-first vce-col--lg-first vce-col--xl-first\" id=\"el-0cde25f4\"><div class=\"vce-col-inner\" data-vce-do-apply=\"border margin background  el-0cde25f4\"><div class=\"vce-col-content\" data-vce-element-content=\"true\" data-vce-do-apply=\"padding el-0cde25f4\"><div class=\"vce-text-block\"><div class=\"vce-text-block-wrapper vce\" id=\"el-7c5a8f9a\" data-vce-do-apply=\"all el-7c5a8f9a\"><h1>Kleszcze i g\u0105sienice<\/h1><\/div><\/div><div class=\"vce-text-block\"><div class=\"vce-text-block-wrapper vce\" id=\"el-5b779218\" data-vce-do-apply=\"all el-5b779218\"><p style=\"text-align: right;\"><span><span><a href=\"https:\/\/www.reddingsbrigadenoordwijk.nl\/pl\/\">Strona g\u0142\u00f3wna<\/a><\/span><\/span><\/p><\/div><\/div><\/div><\/div><\/div><\/div><\/div><\/div><\/div><\/div><\/div><div class=\"vce-section\" data-vce-boxed-width=\"true\"><div class=\"vce-section-inner vce-element--has-background\" id=\"el-8d91ba7e\" data-vce-do-apply=\"all el-8d91ba7e\"><div class=\"vce-content-background-container\"><\/div><div data-vce-element-content=\"true\"><div class=\"vce-row-container\" data-vce-boxed-width=\"true\"><div class=\"vce-row vce-row--col-gap-30 vce-row-equal-height vce-row-content--top\" id=\"el-64dba39f\" data-vce-do-apply=\"all el-64dba39f\"><div class=\"vce-row-content\" data-vce-element-content=\"true\"><div class=\"vce-col vce-col--md-auto vce-col--xs-1 vce-col--xs-last vce-col--xs-first vce-col--sm-last vce-col--sm-first vce-col--md-last vce-col--lg-last vce-col--xl-last vce-col--md-first vce-col--lg-first vce-col--xl-first\" id=\"el-de29c856\"><div class=\"vce-col-inner\" data-vce-do-apply=\"border margin background  el-de29c856\"><div class=\"vce-col-content\" data-vce-element-content=\"true\" data-vce-do-apply=\"padding el-de29c856\"><\/div><\/div><\/div><\/div><\/div><\/div><div class=\"vce-row-container\" data-vce-boxed-width=\"true\"><div class=\"vce-row vce-row--col-gap-30 vce-row-equal-height vce-row-content--top\" id=\"el-5fd69b7b\" data-vce-do-apply=\"all el-5fd69b7b\"><div class=\"vce-row-content\" data-vce-element-content=\"true\"><div class=\"vce-col vce-col--md-auto vce-col--xs-1 vce-col--xs-last vce-col--xs-first vce-col--sm-last vce-col--sm-first vce-col--md-first vce-col--lg-first vce-col--xl-first\" id=\"el-8c393edb\"><div class=\"vce-col-inner\" data-vce-do-apply=\"border margin background  el-8c393edb\"><div class=\"vce-col-content\" data-vce-element-content=\"true\" data-vce-do-apply=\"padding el-8c393edb\"><div class=\"vce-text-block\"><div class=\"vce-text-block-wrapper vce\" id=\"el-d22bc90c\" data-vce-do-apply=\"all el-d22bc90c\"><h2>Znaki<\/h2>\r\n<p>Uk\u0105szenie przez kleszcza stwarza ryzyko zara\u017cenia si\u0119 borelioz\u0105. Dzieje si\u0119 tak dlatego, \u017ce kleszcz mo\u017ce by\u0107 nosicielem bakterii, kt\u00f3ra mo\u017ce wywo\u0142a\u0107 chorob\u0119.  Kleszcz jest bardzo ma\u0142ym owadem, o wielko\u015bci od jednego do trzech milimetr\u00f3w, dlatego \u0142atwo go przeoczy\u0107. Kleszcze mo\u017cna znale\u017a\u0107 w krzewach, drzewach i trawach. A zw\u0142aszcza wiosn\u0105 i latem.<\/p>\r\n<p>Je\u015bli kleszcz w\u0142a\u015bnie kogo\u015b ugryz\u0142, wygl\u0105da to jak czarna kropka na sk\u00f3rze. W ko\u0144cu, po kilku dniach, kleszcze mog\u0105 osi\u0105gn\u0105\u0107 wielko\u015b\u0107 ziarnka grochu (poprzez wysysanie krwi).&nbsp;<\/p><\/div><\/div><\/div><\/div><\/div><div class=\"vce-col vce-col--md-auto vce-col--xs-1 vce-col--xs-last vce-col--xs-first vce-col--sm-last vce-col--sm-first vce-col--md-last vce-col--lg-last vce-col--xl-last\" id=\"el-479caeab\"><div class=\"vce-col-inner\" data-vce-do-apply=\"border margin background  el-479caeab\"><div class=\"vce-col-content\" data-vce-element-content=\"true\" data-vce-do-apply=\"padding el-479caeab\"><div class=\"vce-single-image-container vce-single-image--align-left\"><div class=\"vce vce-single-image-wrapper\" id=\"el-ca8926ce\" data-vce-do-apply=\"all el-ca8926ce\"><figure><div class=\"vce-single-image-inner vce-single-image--absolute\" style=\"padding-bottom: 66.6016%; width: 1024px;\"><img decoding=\"async\" class=\"vce-single-image lazyload\"  width=\"1024\" height=\"682\"  data-src=\"https:\/\/www.reddingsbrigadenoordwijk.nl\/wp-content\/uploads\/2021\/03\/photo-1614703518285-27715d4d2475.jpg\"  data-img-data-src=\"https:\/\/www.reddingsbrigadenoordwijk.nl\/wp-content\/uploads\/2021\/03\/photo-1614703518285-27715d4d2475.jpg\" alt=\"\" title=\"photo-1614703518285-27715d4d2475\" src=\"data:image\/svg+xml;base64,PHN2ZyB3aWR0aD0iMSIgaGVpZ2h0PSIxIiB4bWxucz0iaHR0cDovL3d3dy53My5vcmcvMjAwMC9zdmciPjwvc3ZnPg==\" style=\"--smush-placeholder-width: 1024px; --smush-placeholder-aspect-ratio: 1024\/682;\" \/><noscript>\r\n        <img decoding=\"async\" class=\"vce-single-image\" src=\"https:\/\/www.reddingsbrigadenoordwijk.nl\/wp-content\/uploads\/2021\/03\/photo-1614703518285-27715d4d2475.jpg\" width=\"1024\" height=\"682\" alt=\"\" title=\"photo-1614703518285-27715d4d2475\" \/>\r\n      <\/noscript><\/div><figcaption hidden=\"\"><\/figcaption><\/figure><\/div><\/div><\/div><\/div><\/div><\/div><\/div><\/div><div class=\"vce-row-container\" data-vce-boxed-width=\"true\"><div class=\"vce-row vce-row--col-gap-30 vce-row-equal-height vce-row-content--top\" id=\"el-7bb5c876\" data-vce-do-apply=\"all el-7bb5c876\"><div class=\"vce-row-content\" data-vce-element-content=\"true\"><div class=\"vce-col vce-col--md-auto vce-col--xs-1 vce-col--xs-last vce-col--xs-first vce-col--sm-last vce-col--sm-first vce-col--md-last vce-col--lg-last vce-col--xl-last vce-col--md-first vce-col--lg-first vce-col--xl-first\" id=\"el-d0745810\"><div class=\"vce-col-inner\" data-vce-do-apply=\"border margin background  el-d0745810\"><div class=\"vce-col-content\" data-vce-element-content=\"true\" data-vce-do-apply=\"padding el-d0745810\"><div class=\"vce vce-semi-filled-message-box vce-semi-filled-message-box-border--rounded vce-semi-filled-message-box-style--custom vce-semi-filled-message-box-background--b-255-87-0\" id=\"el-93627f9c\" data-vce-do-apply=\"margin padding border background  el-93627f9c\"><div class=\"vce-semi-filled-message-box-inner\"><span class=\"vce-semi-filled-message-box-icon vcv-ui-icon-material vcv-ui-icon-material-info vce-semi-filled-message-box-icon-color--fff\"><\/span><span class=\"vce-semi-filled-message-box-text\"><h3>Co robi\u0107 w przypadku uk\u0105szenia przez kleszcza?<\/h3>\r\n<p>Poni\u017cej podano sposoby post\u0119powania w przypadku uk\u0105szenia przez kleszcza:<\/p>\r\n<ul>\r\n<li>Usu\u0144 kleszcza tak szybko, jak to mo\u017cliwe;<\/li>\r\n<li>Je\u015bli kleszcz nie zosta\u0142 jeszcze uk\u0105szony, mo\u017cna go usun\u0105\u0107 za pomoc\u0105 ta\u015bmy klej\u0105cej lub plastra;<\/li>\r\n<li>Je\u015bli kleszcz zostanie uk\u0105szony, z\u0142ap go jak najbli\u017cej sk\u00f3ry, ale nie \u015bciskaj jego cia\u0142a;<\/li>\r\n<li>U\u017cywaj\u0105c p\u0119sety, nale\u017cy odci\u0105gn\u0105\u0107 kleszcza od sk\u00f3ry spokojnym, prostym ruchem. Najlepiej u\u017cy\u0107 p\u0119sety z cienk\u0105 ko\u0144c\u00f3wk\u0105;<\/li>\r\n<li>U\u017cywaj\u0105c kleszczy lub przywieszek do kleszczy, nale\u017cy post\u0119powa\u0107 zgodnie z instrukcj\u0105 obs\u0142ugi. Instrukcje te okre\u015blaj\u0105, czy kleszcza nale\u017cy wyci\u0105gn\u0105\u0107 prosto, czy te\u017c skr\u0119ci\u0107 go ze sk\u00f3ry;<\/li>\r\n<li>Upewnij si\u0119, \u017ce \u017cadna cz\u0119\u015b\u0107 kleszcza nie pozosta\u0142a w sk\u00f3rze: mo\u017ce to spowodowa\u0107 stan zapalny;<\/li>\r\n<li>Zapisz miejsce na ciele i dat\u0119 uk\u0105szenia przez kleszcza.<\/li>\r\n<li>Dopiero gdy kleszcz zniknie, zdezynfekuj miejsce, w kt\u00f3rym si\u0119 znajduje, za pomoc\u0105 \u015brodka dezynfekuj\u0105cego.<\/li>\r\n<\/ul>\r\n<p>\u0179r\u00f3d\u0142o: Czerwony Krzy\u017c<\/p>\r\n<p>Je\u015bli przebywasz na pla\u017cy, mo\u017cesz tak\u017ce zg\u0142osi\u0107 si\u0119 do stacji ratownictwa medycznego w celu usuni\u0119cia kleszcza.&nbsp;<\/p>\r\n<p>&nbsp;<\/p><\/span><\/div><\/div><\/div><\/div><\/div><\/div><\/div><\/div><div class=\"vce-row-container\" data-vce-boxed-width=\"true\"><div class=\"vce-row vce-row--col-gap-30 vce-row-equal-height vce-row-content--top\" id=\"el-4fc46fca\" data-vce-do-apply=\"all el-4fc46fca\"><div class=\"vce-row-content\" data-vce-element-content=\"true\"><div class=\"vce-col vce-col--md-auto vce-col--xs-1 vce-col--xs-last vce-col--xs-first vce-col--sm-last vce-col--sm-first vce-col--md-last vce-col--lg-last vce-col--xl-last vce-col--md-first vce-col--lg-first vce-col--xl-first\" id=\"el-f94623d2\"><div class=\"vce-col-inner\" data-vce-do-apply=\"border margin background  el-f94623d2\"><div class=\"vce-col-content\" data-vce-element-content=\"true\" data-vce-do-apply=\"padding el-f94623d2\"><div class=\"vce vce-semi-filled-message-box vce-semi-filled-message-box-border--rounded vce-semi-filled-message-box-style--custom vce-semi-filled-message-box-background--b-213-43-30\" id=\"el-b2a398e8\" data-vce-do-apply=\"margin padding border background  el-b2a398e8\"><div class=\"vce-semi-filled-message-box-inner\"><span class=\"vce-semi-filled-message-box-icon vcv-ui-icon-material vcv-ui-icon-material-info vce-semi-filled-message-box-icon-color--fff\"><\/span><span class=\"vce-semi-filled-message-box-text\"><p><strong>UWAGA!<\/strong> Nie u\u017cywaj alkoholu, \u015brodk\u00f3w dezynfekuj\u0105cych ani innych \u015brodk\u00f3w do \"og\u0142uszenia\" kleszcza, a ju\u017c na pewno nie pr\u00f3buj usuwa\u0107 go zapalonym papierosem lub zapa\u0142k\u0105.<\/p><\/span><\/div><\/div><\/div><\/div><\/div><\/div><\/div><\/div><div class=\"vce-row-container\" data-vce-boxed-width=\"true\"><div class=\"vce-row vce-row--col-gap-30 vce-row-equal-height vce-row-content--top\" id=\"el-61bbbe28\" data-vce-do-apply=\"all el-61bbbe28\"><div class=\"vce-row-content\" data-vce-element-content=\"true\"><div class=\"vce-col vce-col--md-auto vce-col--xs-1 vce-col--xs-last vce-col--xs-first vce-col--sm-last vce-col--sm-first vce-col--md-last vce-col--lg-last vce-col--xl-last vce-col--md-first vce-col--lg-first vce-col--xl-first\" id=\"el-48e5f369\"><div class=\"vce-col-inner\" data-vce-do-apply=\"border margin background  el-48e5f369\"><div class=\"vce-col-content\" data-vce-element-content=\"true\" data-vce-do-apply=\"padding el-48e5f369\"><div class=\"vce-text-block\"><div class=\"vce-text-block-wrapper vce\" id=\"el-64ab6ce6\" data-vce-do-apply=\"all el-64ab6ce6\"><h3>Kiedy nale\u017cy skontaktowa\u0107 si\u0119 z lekarzem rodzinnym?<\/h3>\r\n<p>Je\u015bli nie jeste\u015b w stanie usun\u0105\u0107 kleszcza, skontaktuj si\u0119 z lekarzem. Nale\u017cy r\u00f3wnie\u017c skontaktowa\u0107 si\u0119 z lekarzem w przypadku uk\u0105szenia przez kleszcza w ci\u0105gu pierwszych kilku miesi\u0119cy:<\/p>\r\n<ul>\r\n<li>na sk\u00f3rze pojawia si\u0119 czerwona plama, kt\u00f3ra staje si\u0119 coraz wi\u0119ksza;<\/li>\r\n<li>Pojawia si\u0119 uczucie grypopodobne z gor\u0105czk\u0105 i b\u00f3lami mi\u0119\u015bni;<\/li>\r\n<li>b\u0119dziesz mie\u0107 podw\u00f3jne widzenie lub wykrzywion\u0105 twarz;<\/li>\r\n<li>odczuwasz b\u00f3l, utrat\u0119 si\u0142y lub mrowienie w ko\u0144czynach;<\/li>\r\n<li>problemy ze stawami.<\/li>\r\n<\/ul>\r\n<p>Oczywi\u015bcie lepiej jest zapobiega\u0107 ni\u017c leczy\u0107. Je\u015bli kleszcze s\u0105 aktywne, nale\u017cy dobrze przygotowa\u0107 si\u0119 do wyj\u015bcia na \u0142ono natury.<\/p><\/div><\/div><div class=\"vce-empty-space-container\" id=\"el-07418b47\" data-vce-do-apply=\"margin el-07418b47\"><div class=\"vce vce-empty-space vce-empty-space--height-50px--400px--400px--400px--400px--400px\" data-vce-do-apply=\"border padding background  el-07418b47\"><\/div><\/div><\/div><\/div><\/div><\/div><\/div><\/div><div class=\"vce-row-container\" data-vce-boxed-width=\"true\"><div class=\"vce-row vce-row--col-gap-30 vce-row-equal-height vce-row-content--top\" id=\"el-0e8277e7\" data-vce-do-apply=\"all el-0e8277e7\"><div class=\"vce-row-content\" data-vce-element-content=\"true\"><div class=\"vce-col vce-col--md-auto vce-col--xs-1 vce-col--xs-last vce-col--xs-first vce-col--sm-last vce-col--sm-first vce-col--md-first vce-col--lg-first vce-col--xl-first\" id=\"el-2330fb84\"><div class=\"vce-col-inner\" data-vce-do-apply=\"border margin background  el-2330fb84\"><div class=\"vce-col-content\" data-vce-element-content=\"true\" data-vce-do-apply=\"padding el-2330fb84\"><div class=\"vce-text-block\"><div class=\"vce-text-block-wrapper vce\" id=\"el-9c63af8b\" data-vce-do-apply=\"all el-9c63af8b\"><h2>G\u0105sienica satynowego drania<\/h2>\r\n<p>Na naszym wybrze\u017cu Zuid-Holland od lat znamy uci\u0105\u017cliwo\u015b\u0107, jak\u0105 stanowi\u0105 dla ludzi g\u0105sienice satynowca. G\u0105sienice motyla at\u0142asowego zimuj\u0105 na przyk\u0142ad na ga\u0142\u0119ziach rokitnika, a latem masowo migruj\u0105 na pla\u017c\u0119.&nbsp;<\/p>\r\n<p>W przypadku kontaktu z k\u0142uj\u0105cymi w\u0142oskami g\u0105sienicy satynowca pstrego mog\u0105 wyst\u0105pi\u0107 objawy takie jak podra\u017cnienie sk\u00f3ry, sw\u0119dzenie, czerwona wysypka oraz podra\u017cnienie oczu i dr\u00f3g oddechowych.&nbsp;<\/p>\r\n<p>To, co mo\u017cna zrobi\u0107, to nie trze\u0107 i nie okleja\u0107 sk\u00f3ry ta\u015bm\u0105 natychmiast po na\u015bwietlaniu, a nast\u0119pnie dobrze sp\u0142uka\u0107 letni\u0105 wod\u0105. Zabierz te\u017c ze sob\u0105 oczy. Najlepiej od razu wypra\u0107 ubrania w temperaturze 60 stopni.<\/p><\/div><\/div><\/div><\/div><\/div><div class=\"vce-col vce-col--md-auto vce-col--xs-1 vce-col--xs-last vce-col--xs-first vce-col--sm-last vce-col--sm-first vce-col--md-last vce-col--lg-last vce-col--xl-last\" id=\"el-53ee69ea\"><div class=\"vce-col-inner\" data-vce-do-apply=\"border margin background  el-53ee69ea\"><div class=\"vce-col-content\" data-vce-element-content=\"true\" data-vce-do-apply=\"padding el-53ee69ea\"><div class=\"vce-single-image-container vce-single-image--align-left\"><div class=\"vce vce-single-image-wrapper\" id=\"el-5e1b95bb\" data-vce-do-apply=\"all el-5e1b95bb\"><figure><div class=\"vce-single-image-inner vce-single-image--absolute\" style=\"padding-bottom: 66.6016%; width: 1024px;\"><img decoding=\"async\" class=\"vce-single-image lazyload\"  width=\"1024\" height=\"682\"  data-src=\"https:\/\/www.reddingsbrigadenoordwijk.nl\/wp-content\/uploads\/2021\/03\/Euproctis_chrysorrhoea-02_xndr.jpg\"  data-img-data-src=\"https:\/\/www.reddingsbrigadenoordwijk.nl\/wp-content\/uploads\/2021\/03\/Euproctis_chrysorrhoea-02_xndr.jpg\" alt=\"\" title=\"Euproctis_chrysorrhoea-02_(xndr)\" src=\"data:image\/svg+xml;base64,PHN2ZyB3aWR0aD0iMSIgaGVpZ2h0PSIxIiB4bWxucz0iaHR0cDovL3d3dy53My5vcmcvMjAwMC9zdmciPjwvc3ZnPg==\" style=\"--smush-placeholder-width: 1024px; --smush-placeholder-aspect-ratio: 1024\/682;\" \/><noscript>\r\n        <img decoding=\"async\" class=\"vce-single-image\" src=\"https:\/\/www.reddingsbrigadenoordwijk.nl\/wp-content\/uploads\/2021\/03\/Euproctis_chrysorrhoea-02_xndr.jpg\" width=\"1024\" height=\"682\" alt=\"\" title=\"Euproctis_chrysorrhoea-02_(xndr)\" \/>\r\n      <\/noscript><\/div><figcaption hidden=\"\"><\/figcaption><\/figure><\/div><\/div><\/div><\/div><\/div><\/div><\/div><\/div><\/div><\/div><\/div>","protected":false},"excerpt":{"rendered":"<p>Teken Een beet van een teek brengt het risico op de ziekte van Lyme met zich mee. Dit komt omdat de teek mogelijk een bacterie bij zich draagt die de ziekte kan veroorzaken.&nbsp;&nbsp;Een teek is een erg klein insect, ongeveer \u00e9\u00e9n tot drie millimeter, en daardoor gemakkelijk over het hoofd te zien. Teken komen voor [&hellip;]<\/p>\n","protected":false},"author":3,"featured_media":10413,"parent":131,"menu_order":0,"comment_status":"closed","ping_status":"closed","template":"","meta":{"_acf_changed":false,"footnotes":""},"class_list":["post-9697","page","type-page","status-publish","has-post-thumbnail","hentry"],"acf":[],"yoast_head":"<!-- This site is optimized with the Yoast SEO plugin v27.5 - https:\/\/yoast.com\/product\/yoast-seo-wordpress\/ -->\n<title>Teken en rupsen - Reddingsbrigade Noordwijk<\/title>\n<meta name=\"robots\" content=\"index, follow, max-snippet:-1, max-image-preview:large, max-video-preview:-1\" \/>\n<link rel=\"canonical\" href=\"https:\/\/www.reddingsbrigadenoordwijk.nl\/pl\/strand\/zecken-und-krabbeltiere\/\" \/>\n<meta property=\"og:locale\" content=\"pl_PL\" \/>\n<meta property=\"og:type\" content=\"article\" \/>\n<meta property=\"og:title\" content=\"Teken en rupsen - Reddingsbrigade Noordwijk\" \/>\n<meta property=\"og:description\" content=\"Teken Een beet van een teek brengt het risico op de ziekte van Lyme met zich mee. Dit komt omdat de teek mogelijk een bacterie bij zich draagt die de ziekte kan veroorzaken.&nbsp;&nbsp;Een teek is een erg klein insect, ongeveer \u00e9\u00e9n tot drie millimeter, en daardoor gemakkelijk over het hoofd te zien. Teken komen voor [&hellip;]\" \/>\n<meta property=\"og:url\" content=\"https:\/\/www.reddingsbrigadenoordwijk.nl\/pl\/strand\/zecken-und-krabbeltiere\/\" \/>\n<meta property=\"og:site_name\" content=\"Reddingsbrigade Noordwijk\" \/>\n<meta property=\"article:modified_time\" content=\"2021-09-12T08:27:16+00:00\" \/>\n<meta property=\"og:image\" content=\"https:\/\/www.reddingsbrigadenoordwijk.nl\/wp-content\/uploads\/2021\/03\/Euproctis_chrysorrhoea-02_xndr.jpg\" \/>\n\t<meta property=\"og:image:width\" content=\"2347\" \/>\n\t<meta property=\"og:image:height\" content=\"1565\" \/>\n\t<meta property=\"og:image:type\" content=\"image\/jpeg\" \/>\n<meta name=\"twitter:card\" content=\"summary_large_image\" \/>\n<meta name=\"twitter:label1\" content=\"Szacowany czas czytania\" \/>\n\t<meta name=\"twitter:data1\" content=\"3 minuty\" \/>\n<script type=\"application\/ld+json\" class=\"yoast-schema-graph\">{\"@context\":\"https:\\\/\\\/schema.org\",\"@graph\":[{\"@type\":\"WebPage\",\"@id\":\"https:\\\/\\\/www.reddingsbrigadenoordwijk.nl\\\/de\\\/strand\\\/zecken-und-krabbeltiere\\\/\",\"url\":\"https:\\\/\\\/www.reddingsbrigadenoordwijk.nl\\\/de\\\/strand\\\/zecken-und-krabbeltiere\\\/\",\"name\":\"Teken en rupsen - Reddingsbrigade Noordwijk\",\"isPartOf\":{\"@id\":\"https:\\\/\\\/www.reddingsbrigadenoordwijk.nl\\\/#website\"},\"primaryImageOfPage\":{\"@id\":\"https:\\\/\\\/www.reddingsbrigadenoordwijk.nl\\\/de\\\/strand\\\/zecken-und-krabbeltiere\\\/#primaryimage\"},\"image\":{\"@id\":\"https:\\\/\\\/www.reddingsbrigadenoordwijk.nl\\\/de\\\/strand\\\/zecken-und-krabbeltiere\\\/#primaryimage\"},\"thumbnailUrl\":\"https:\\\/\\\/www.reddingsbrigadenoordwijk.nl\\\/wp-content\\\/uploads\\\/2021\\\/03\\\/Euproctis_chrysorrhoea-02_xndr.jpg\",\"datePublished\":\"2021-03-13T15:47:09+00:00\",\"dateModified\":\"2021-09-12T08:27:16+00:00\",\"breadcrumb\":{\"@id\":\"https:\\\/\\\/www.reddingsbrigadenoordwijk.nl\\\/de\\\/strand\\\/zecken-und-krabbeltiere\\\/#breadcrumb\"},\"inLanguage\":\"pl-PL\",\"potentialAction\":[{\"@type\":\"ReadAction\",\"target\":[\"https:\\\/\\\/www.reddingsbrigadenoordwijk.nl\\\/de\\\/strand\\\/zecken-und-krabbeltiere\\\/\"]}]},{\"@type\":\"ImageObject\",\"inLanguage\":\"pl-PL\",\"@id\":\"https:\\\/\\\/www.reddingsbrigadenoordwijk.nl\\\/de\\\/strand\\\/zecken-und-krabbeltiere\\\/#primaryimage\",\"url\":\"https:\\\/\\\/www.reddingsbrigadenoordwijk.nl\\\/wp-content\\\/uploads\\\/2021\\\/03\\\/Euproctis_chrysorrhoea-02_xndr.jpg\",\"contentUrl\":\"https:\\\/\\\/www.reddingsbrigadenoordwijk.nl\\\/wp-content\\\/uploads\\\/2021\\\/03\\\/Euproctis_chrysorrhoea-02_xndr.jpg\",\"width\":2347,\"height\":1565},{\"@type\":\"BreadcrumbList\",\"@id\":\"https:\\\/\\\/www.reddingsbrigadenoordwijk.nl\\\/de\\\/strand\\\/zecken-und-krabbeltiere\\\/#breadcrumb\",\"itemListElement\":[{\"@type\":\"ListItem\",\"position\":1,\"name\":\"Home\",\"item\":\"https:\\\/\\\/www.reddingsbrigadenoordwijk.nl\\\/\"},{\"@type\":\"ListItem\",\"position\":2,\"name\":\"Strand\",\"item\":\"https:\\\/\\\/www.reddingsbrigadenoordwijk.nl\\\/de\\\/strand\\\/\"},{\"@type\":\"ListItem\",\"position\":3,\"name\":\"Teken en rupsen\"}]},{\"@type\":\"WebSite\",\"@id\":\"https:\\\/\\\/www.reddingsbrigadenoordwijk.nl\\\/#website\",\"url\":\"https:\\\/\\\/www.reddingsbrigadenoordwijk.nl\\\/\",\"name\":\"Reddingsbrigade Noordwijk\",\"description\":\"NRB\",\"potentialAction\":[{\"@type\":\"SearchAction\",\"target\":{\"@type\":\"EntryPoint\",\"urlTemplate\":\"https:\\\/\\\/www.reddingsbrigadenoordwijk.nl\\\/?s={search_term_string}\"},\"query-input\":{\"@type\":\"PropertyValueSpecification\",\"valueRequired\":true,\"valueName\":\"search_term_string\"}}],\"inLanguage\":\"pl-PL\"}]}<\/script>\n<!-- \/ Yoast SEO plugin. -->","yoast_head_json":{"title":"Kleszcze i g\u0105sienice - Reddingsbrigade Noordwijk","robots":{"index":"index","follow":"follow","max-snippet":"max-snippet:-1","max-image-preview":"max-image-preview:large","max-video-preview":"max-video-preview:-1"},"canonical":"https:\/\/www.reddingsbrigadenoordwijk.nl\/pl\/strand\/zecken-und-krabbeltiere\/","og_locale":"pl_PL","og_type":"article","og_title":"Teken en rupsen - Reddingsbrigade Noordwijk","og_description":"Teken Een beet van een teek brengt het risico op de ziekte van Lyme met zich mee. Dit komt omdat de teek mogelijk een bacterie bij zich draagt die de ziekte kan veroorzaken.&nbsp;&nbsp;Een teek is een erg klein insect, ongeveer \u00e9\u00e9n tot drie millimeter, en daardoor gemakkelijk over het hoofd te zien. Teken komen voor [&hellip;]","og_url":"https:\/\/www.reddingsbrigadenoordwijk.nl\/pl\/strand\/zecken-und-krabbeltiere\/","og_site_name":"Reddingsbrigade Noordwijk","article_modified_time":"2021-09-12T08:27:16+00:00","og_image":[{"width":2347,"height":1565,"url":"https:\/\/www.reddingsbrigadenoordwijk.nl\/wp-content\/uploads\/2021\/03\/Euproctis_chrysorrhoea-02_xndr.jpg","type":"image\/jpeg"}],"twitter_card":"summary_large_image","twitter_misc":{"Szacowany czas czytania":"3 minuty"},"schema":{"@context":"https:\/\/schema.org","@graph":[{"@type":"WebPage","@id":"https:\/\/www.reddingsbrigadenoordwijk.nl\/de\/strand\/zecken-und-krabbeltiere\/","url":"https:\/\/www.reddingsbrigadenoordwijk.nl\/de\/strand\/zecken-und-krabbeltiere\/","name":"Kleszcze i g\u0105sienice - Reddingsbrigade Noordwijk","isPartOf":{"@id":"https:\/\/www.reddingsbrigadenoordwijk.nl\/#website"},"primaryImageOfPage":{"@id":"https:\/\/www.reddingsbrigadenoordwijk.nl\/de\/strand\/zecken-und-krabbeltiere\/#primaryimage"},"image":{"@id":"https:\/\/www.reddingsbrigadenoordwijk.nl\/de\/strand\/zecken-und-krabbeltiere\/#primaryimage"},"thumbnailUrl":"https:\/\/www.reddingsbrigadenoordwijk.nl\/wp-content\/uploads\/2021\/03\/Euproctis_chrysorrhoea-02_xndr.jpg","datePublished":"2021-03-13T15:47:09+00:00","dateModified":"2021-09-12T08:27:16+00:00","breadcrumb":{"@id":"https:\/\/www.reddingsbrigadenoordwijk.nl\/de\/strand\/zecken-und-krabbeltiere\/#breadcrumb"},"inLanguage":"pl-PL","potentialAction":[{"@type":"ReadAction","target":["https:\/\/www.reddingsbrigadenoordwijk.nl\/de\/strand\/zecken-und-krabbeltiere\/"]}]},{"@type":"ImageObject","inLanguage":"pl-PL","@id":"https:\/\/www.reddingsbrigadenoordwijk.nl\/de\/strand\/zecken-und-krabbeltiere\/#primaryimage","url":"https:\/\/www.reddingsbrigadenoordwijk.nl\/wp-content\/uploads\/2021\/03\/Euproctis_chrysorrhoea-02_xndr.jpg","contentUrl":"https:\/\/www.reddingsbrigadenoordwijk.nl\/wp-content\/uploads\/2021\/03\/Euproctis_chrysorrhoea-02_xndr.jpg","width":2347,"height":1565},{"@type":"BreadcrumbList","@id":"https:\/\/www.reddingsbrigadenoordwijk.nl\/de\/strand\/zecken-und-krabbeltiere\/#breadcrumb","itemListElement":[{"@type":"ListItem","position":1,"name":"Home","item":"https:\/\/www.reddingsbrigadenoordwijk.nl\/"},{"@type":"ListItem","position":2,"name":"Strand","item":"https:\/\/www.reddingsbrigadenoordwijk.nl\/de\/strand\/"},{"@type":"ListItem","position":3,"name":"Teken en rupsen"}]},{"@type":"WebSite","@id":"https:\/\/www.reddingsbrigadenoordwijk.nl\/#website","url":"https:\/\/www.reddingsbrigadenoordwijk.nl\/","name":"Zesp\u00f3\u0142 ratowniczy Noordwijk","description":"NRB","potentialAction":[{"@type":"SearchAction","target":{"@type":"EntryPoint","urlTemplate":"https:\/\/www.reddingsbrigadenoordwijk.nl\/?s={search_term_string}"},"query-input":{"@type":"PropertyValueSpecification","valueRequired":true,"valueName":"search_term_string"}}],"inLanguage":"pl-PL"}]}},"_links":{"self":[{"href":"https:\/\/www.reddingsbrigadenoordwijk.nl\/pl\/wp-json\/wp\/v2\/pages\/9697","targetHints":{"allow":["GET"]}}],"collection":[{"href":"https:\/\/www.reddingsbrigadenoordwijk.nl\/pl\/wp-json\/wp\/v2\/pages"}],"about":[{"href":"https:\/\/www.reddingsbrigadenoordwijk.nl\/pl\/wp-json\/wp\/v2\/types\/page"}],"author":[{"embeddable":true,"href":"https:\/\/www.reddingsbrigadenoordwijk.nl\/pl\/wp-json\/wp\/v2\/users\/3"}],"replies":[{"embeddable":true,"href":"https:\/\/www.reddingsbrigadenoordwijk.nl\/pl\/wp-json\/wp\/v2\/comments?post=9697"}],"version-history":[{"count":0,"href":"https:\/\/www.reddingsbrigadenoordwijk.nl\/pl\/wp-json\/wp\/v2\/pages\/9697\/revisions"}],"up":[{"embeddable":true,"href":"https:\/\/www.reddingsbrigadenoordwijk.nl\/pl\/wp-json\/wp\/v2\/pages\/131"}],"wp:featuredmedia":[{"embeddable":true,"href":"https:\/\/www.reddingsbrigadenoordwijk.nl\/pl\/wp-json\/wp\/v2\/media\/10413"}],"wp:attachment":[{"href":"https:\/\/www.reddingsbrigadenoordwijk.nl\/pl\/wp-json\/wp\/v2\/media?parent=9697"}],"curies":[{"name":"wp","href":"https:\/\/api.w.org\/{rel}","templated":true}]}}