{"id":141,"date":"2021-01-24T23:05:16","date_gmt":"2021-01-24T22:05:16","guid":{"rendered":"https:\/\/www.reddingsbrigadenoordwijk.nl\/over-ons\/"},"modified":"2022-05-30T22:37:58","modified_gmt":"2022-05-30T20:37:58","slug":"over-ons","status":"publish","type":"page","link":"https:\/\/www.reddingsbrigadenoordwijk.nl\/pl\/o-nas\/","title":{"rendered":"O nas"},"content":{"rendered":"<div class=\"vce-section\"><div class=\"vce-section-inner vce-element--has-background\" data-vce-full-width=\"true\" id=\"el-216f531e\" data-vce-dynamic-image-all=\"216f531e\" data-vce-do-apply=\"all el-216f531e\"><div class=\"vce-content-background-container\"><div class=\"vce-asset-background-simple-container vce-visible-all-only vce-asset-background-simple--style-cover vce-asset-background-simple--position-center-center\"><div class=\"vce-asset-background-simple\"><div class=\"vce-asset-background-simple-item lazyload\" style=\"background-image:inherit;\" data-bg-image=\"url(&#039;https:\/\/www.reddingsbrigadenoordwijk.nl\/wp-content\/plugins\/visualcomposer\/visualcomposer\/resources\/images\/spacer.png?vcv-dynamic-field=featured_image&#039;)\"><\/div><\/div><\/div><div class=\"vce-asset-color-gradient-container vce-visible-all-only\" data-vce-do-apply=\"gradient el-216f531e\"><\/div><\/div><div data-vce-element-content=\"true\"><div class=\"vce-row-container\" data-vce-boxed-width=\"true\"><div class=\"vce-row vce-element--has-background vce-row--col-gap-30 vce-row-equal-height vce-row-content--top\" vce-box-shadow=\"el-fbfa1c1e\" id=\"el-fbfa1c1e\" data-vce-do-apply=\"all el-fbfa1c1e\"><div class=\"vce-content-background-container\"><\/div><div class=\"vce-row-content\" data-vce-element-content=\"true\"><div class=\"vce-col vce-col--md-auto vce-col--xs-1 vce-col--xs-last vce-col--xs-first vce-col--sm-last vce-col--sm-first vce-col--md-last vce-col--lg-last vce-col--xl-last vce-col--md-first vce-col--lg-first vce-col--xl-first\" id=\"el-aced72f1\"><div class=\"vce-col-inner\" data-vce-do-apply=\"border margin background  el-aced72f1\"><div class=\"vce-col-content\" data-vce-element-content=\"true\" data-vce-do-apply=\"padding el-aced72f1\"><div class=\"vce-text-block\"><div class=\"vce-text-block-wrapper vce\" id=\"el-1b79be47\" data-vce-do-apply=\"all el-1b79be47\"><h1>O nas<\/h1><\/div><\/div><div class=\"vce-text-block\"><div class=\"vce-text-block-wrapper vce\" id=\"el-7bf39222\" data-vce-do-apply=\"all el-7bf39222\"><p style=\"text-align: right;\"><span><span><a href=\"https:\/\/www.reddingsbrigadenoordwijk.nl\/pl\/\">Strona g\u0142\u00f3wna<\/a><\/span><\/span><\/p><\/div><\/div><\/div><\/div><\/div><\/div><\/div><\/div><\/div><\/div><\/div><div class=\"vce-section\" data-vce-boxed-width=\"true\"><div class=\"vce-section-inner vce-element--has-background\" id=\"el-84be8890\" data-vce-do-apply=\"all el-84be8890\"><div class=\"vce-content-background-container\"><\/div><div data-vce-element-content=\"true\"><div class=\"vce-row-container\" data-vce-boxed-width=\"true\"><div class=\"vce-row vce-row--col-gap-30 vce-row-equal-height vce-row-content--top\" id=\"el-5c842925\" data-vce-do-apply=\"all el-5c842925\"><div class=\"vce-row-content\" data-vce-element-content=\"true\"><div class=\"vce-col vce-col--md-auto vce-col--xs-1 vce-col--xs-last vce-col--xs-first vce-col--sm-last vce-col--sm-first vce-col--md-last vce-col--lg-last vce-col--xl-last vce-col--md-first vce-col--lg-first vce-col--xl-first\" id=\"el-70cf9085\"><div class=\"vce-col-inner\" data-vce-do-apply=\"border margin background  el-70cf9085\"><div class=\"vce-col-content\" data-vce-element-content=\"true\" data-vce-do-apply=\"padding el-70cf9085\"><div class=\"vce-text-block\"><div class=\"vce-text-block-wrapper vce\" id=\"el-a3aeb6fd\" data-vce-do-apply=\"all el-a3aeb6fd\"><h2>Kim jeste\u015bmy\/czym si\u0119 zajmujemy<\/h2>\n<p>Reddingsbrigade Noordwijk jest stowarzyszeniem cz\u0142onk\u00f3w i dla cz\u0142onk\u00f3w. W dniu 9 marca 2021 r. Stowarzyszenie b\u0119dzie obchodzi\u0107 100-lecie istnienia. Od pocz\u0105tku naszej dzia\u0142alno\u015bci przyczyniamy si\u0119 do bezpiecznego wypoczynku nad morzem na pla\u017cy w Noordwijk i wok\u00f3\u0142 niej. Robimy to na wysokim, (p\u00f3\u0142)profesjonalnym poziomie, we wsp\u00f3\u0142pracy z innymi organizacjami (ratowniczymi).<\/p>\n<p>Brygada ratownicza w Noordwijk dzia\u0142a \"prewencyjnie\" i \"represyjnie, korekcyjnie\" na rzecz bezpiecze\u0144stwa na morzu. Zadania prewencyjne obejmuj\u0105 szkolenia (w tym p\u0142ywanie, ratownictwo), \u0107wiczenia, informowanie i nadz\u00f3r nad pla\u017c\u0105 (w tym patrole na pla\u017cy i w morzu). Tak zwane zadania represyjne, naprawcze i koryguj\u0105ce obejmuj\u0105 zakres od pomocy i pierwszej pomocy, poprzez poszukiwanie i podejmowanie os\u00f3b znalezionych i zaginionych, po ratownictwo morskie (Search and Rescue; SAR).<\/p><\/div><\/div><div class=\"vce-section\" data-vce-boxed-width=\"true\"><div class=\"vce-section-inner\" id=\"el-e48bd0b6\" data-vce-do-apply=\"all el-e48bd0b6\"><div data-vce-element-content=\"true\"><div class=\"vce-row-container\" data-vce-boxed-width=\"true\"><div class=\"vce-row vce-row--col-gap-30 vce-row-equal-height vce-row-content--top\" id=\"el-9382120b\" data-vce-do-apply=\"all el-9382120b\"><div class=\"vce-row-content\" data-vce-element-content=\"true\"><div class=\"vce-col vce-col--md-auto vce-col--xs-1 vce-col--xs-last vce-col--xs-first vce-col--sm-last vce-col--sm-first vce-col--md-first vce-col--lg-first vce-col--xl-first\" id=\"el-3a804893\"><div class=\"vce-col-inner\" data-vce-do-apply=\"border margin background  el-3a804893\"><div class=\"vce-col-content\" data-vce-element-content=\"true\" data-vce-do-apply=\"padding el-3a804893\"><div class=\"vce-text-block\"><div class=\"vce-text-block-wrapper vce\" id=\"el-9a7e2489\" data-vce-do-apply=\"all el-9a7e2489\"><h2>Wizja<\/h2>\n<p>W Noordwijk mo\u017cna bezpiecznie korzysta\u0107 z wypoczynku nad morzem przez ca\u0142y rok. Mieszka\u0144cy Noordwijk, a zw\u0142aszcza dzieci, mog\u0105 p\u0142ywa\u0107 w basenie i w morzu. Dzi\u0119ki informacjom i kursom poznaj\u0105 niebezpiecze\u0144stwa zwi\u0105zane z morzem i wiedz\u0105, jak przygotowa\u0107 si\u0119 do wizyty na pla\u017cy.<\/p><\/div><\/div><\/div><\/div><\/div><div class=\"vce-col vce-col--md-auto vce-col--xs-1 vce-col--xs-last vce-col--xs-first vce-col--sm-last vce-col--sm-first\" id=\"el-d1a5f45a\"><div class=\"vce-col-inner\" data-vce-do-apply=\"border margin background  el-d1a5f45a\"><div class=\"vce-col-content\" data-vce-element-content=\"true\" data-vce-do-apply=\"padding el-d1a5f45a\"><div class=\"vce-text-block\"><div class=\"vce-text-block-wrapper vce\" id=\"el-5e30aef7\" data-vce-do-apply=\"all el-5e30aef7\"><h2>Misja<\/h2>\n<p>Zapobieganie i zwalczanie utoni\u0119\u0107 (poprzez szkolenia, informowanie i edukacj\u0119, pomoc (wodn\u0105) i pomoc w przypadku katastrof)<\/p><\/div><\/div><\/div><\/div><\/div><div class=\"vce-col vce-col--md-auto vce-col--xs-1 vce-col--xs-last vce-col--xs-first vce-col--sm-last vce-col--sm-first vce-col--md-last vce-col--lg-last vce-col--xl-last\" id=\"el-47cdb5f9\"><div class=\"vce-col-inner\" data-vce-do-apply=\"border margin background  el-47cdb5f9\"><div class=\"vce-col-content\" data-vce-element-content=\"true\" data-vce-do-apply=\"padding el-47cdb5f9\"><div class=\"vce-text-block\"><div class=\"vce-text-block-wrapper vce\" id=\"el-7a2ce896\" data-vce-do-apply=\"all el-7a2ce896\"><h2>Ambicja <\/h2>\n<p>NRB jest symbolem bezpiecznego wypoczynku nad morzem. Organizacja, na kt\u00f3r\u0105 mo\u017cna liczy\u0107, kt\u00f3rej chce si\u0119 by\u0107 cz\u0119\u015bci\u0105 lub kt\u00f3r\u0105 chce si\u0119 wspiera\u0107 w szerokim tego s\u0142owa znaczeniu.<\/p><\/div><\/div><\/div><\/div><\/div><\/div><\/div><\/div><\/div><\/div><\/div><\/div><\/div><\/div><\/div><\/div><\/div><div class=\"vce-row-container\" data-vce-boxed-width=\"true\"><div class=\"vce-row vce-row--col-gap-30 vce-row-equal-height vce-row-content--top\" id=\"el-b29466b6\" data-vce-do-apply=\"all el-b29466b6\"><div class=\"vce-row-content\" data-vce-element-content=\"true\"><div class=\"vce-col vce-col--md-auto vce-col--xs-1 vce-col--xs-last vce-col--xs-first vce-col--sm-last vce-col--sm-first vce-col--md-last vce-col--lg-last vce-col--xl-last vce-col--md-first vce-col--lg-first vce-col--xl-first\" id=\"el-b35b4db6\"><div class=\"vce-col-inner\" data-vce-do-apply=\"border margin background  el-b35b4db6\"><div class=\"vce-col-content\" data-vce-element-content=\"true\" data-vce-do-apply=\"padding el-b35b4db6\"><div class=\"vce-text-block\"><div class=\"vce-text-block-wrapper vce\" id=\"el-ba0fa961\" data-vce-do-apply=\"all el-ba0fa961\"><h2>100 lat Brygady Ratowniczej w Noordwijk<\/h2>\n<p>W ci\u0105gu ostatniego stulecia brygada Reddingsbrigade Noordwijk wypracowa\u0142a sobie miejsce w spo\u0142ecze\u0144stwie. Wielu cz\u0142onk\u00f3w z Noordwijk i okolic przesz\u0142o szkolenie od p\u0142ywaka do ratownika, a nast\u0119pnie do ratownika na 13-kilometrowej pla\u017cy w naszym pi\u0119knym nadmorskim kurorcie. Brygada Ratownicza to bezpiecze\u0144stwo na morzu, na pla\u017cy i na wydmach. Wszyscy wolontariusze byli i nadal s\u0105 gotowi do niesienia pomocy ludziom i zwierz\u0119tom w potrzebie.&nbsp;<\/p>\n<h6>Czytaj<a href=\"https:\/\/www.reddingsbrigadenoordwijk.nl\/pl\/archief\/met-vlag-en-wimpel-100-jaar-noordwijkse-reddingsbrigade\/\" target=\"_blank\" rel=\"noopener\">&nbsp;tutaj<\/a> wi\u0119cej o 100. rocznicy powstania Reddingsbrigade Noordwijk.&nbsp;<\/h6><\/div><\/div><div class=\"vce-text-block\"><div class=\"vce-text-block-wrapper vce\" id=\"el-f5854be8\" data-vce-do-apply=\"all el-f5854be8\"><h2>Historia<\/h2>\n<p>Reddingsbrigade Noordwijk zosta\u0142a za\u0142o\u017cona w \u015brod\u0119, 9 marca 1921 roku, podczas spotkania Zwi\u0105zku Ludowego Przeciwko Nadu\u017cywaniu Alkoholu. W sk\u0142ad komitetu za\u0142o\u017cycielskiego weszli m.in. Burgermeer van Panhuys i C. Hermanides. Wyk\u0142ad wyg\u0142osi\u0142 pan Meyerink z Kr\u00f3lewskiego Holenderskiego Stowarzyszenia Ratowania Ton\u0105cych. Tematem by\u0142o \"ratowanie ton\u0105cych ludzi\".<\/p>\n<p>Cel by\u0142 nast\u0119puj\u0105cy: \"<em>S\u0142u\u017cenie pomoc\u0105 ton\u0105cym i rozbitkom oraz udzielanie praktycznej pomocy wszystkim, kt\u00f3rzy jej potrzebuj\u0105 w wyniku wypadk\u00f3w<\/em>\".<\/p>\n<p>W tym celu przeprowadzono \u0107wiczenia z p\u0142ywania i ratownictwa wodnego oraz udzielania pierwszej pomocy. Mia\u0142y si\u0119 odbywa\u0107 pokazy, kursy i wyk\u0142ady, a tak\u017ce mia\u0142 by\u0107 wykorzystywany sprz\u0119t ratowniczy. Od razu zg\u0142osi\u0142y si\u0119 22 osoby (17 m\u0119\u017cczyzn i 5 kobiet).<\/p>\n<h6>Rada za\u0142o\u017cycielska:<\/h6>\n<ul>\n<li>Przewodnicz\u0105cy. C. Hermanides (lekarz)<\/li>\n<li>Sekretarz G. Eskens (nauczyciel)<\/li>\n<li>Skarbnik. C. den Hollander (Carpenter)<\/li>\n<li>Cz\u0142onek J. van Kan (kowal)<\/li>\n<li>Cz\u0142onek J. v. Beelen (zaw\u00f3d nieznany)<\/li>\n<li>Przewodnicz\u0105cy honorowy: Jhr. W.C. van Panhuys<\/li>\n<\/ul>\n<p>Ratownicy natychmiast przyst\u0105pili do Kr\u00f3lewskiego Holenderskiego Stowarzyszenia Ratowania Ton\u0105cych. Op\u0142ata abonamentowa zosta\u0142a ustalona na 2,50 fl.<\/p>\n<h4>Pow\u00f3d za\u0142o\u017cenia<\/h4>\n<p>Przyczyn\u0119 jego powstania znaleziono w:<\/p>\n<ul>\n<li>Wiele wypadk\u00f3w utoni\u0119\u0107 na morzu w latach wcze\u015bniejszych, ale szczeg\u00f3lnie utoni\u0119cie 15-letniej harcerki Jessey Staverman w sobot\u0119 7 sierpnia 1920 r.<\/li>\n<li>Osiadanie na mieli\u017anie lugra KW 47 w Katwijk 23 listopada 1919 r. i wywr\u00f3cenie si\u0119 \u0142odzi ratunkowej na skutek osiadania na mieli\u017anie, w wyniku czego uton\u0119\u0142o trzech ratownik\u00f3w (Leendert Hellenberg, Hendrik Vink i Jan Cramer). Jan van Kan by\u0142 sternikiem drugiej pr\u00f3by, kt\u00f3ra zako\u0144czy\u0142a si\u0119 sukcesem.<\/li>\n<\/ul>\n<h6>M\u0119\u017cczyzna kontra kobieta<\/h6>\n<p>Nauka p\u0142ywania i ratowania p\u0142ywak\u00f3w by\u0142a kontynuowana podczas patroli pla\u017cowych.<br>Latem 1921 roku ratownikami NRB s\u0105 tylko m\u0119\u017cczy\u017ani, panie zaczynaj\u0105 w 1928 roku.<\/p><\/div><\/div><\/div><\/div><\/div><\/div><\/div><\/div><\/div><\/div><\/div>","protected":false},"excerpt":{"rendered":"<p>Wie zijn wij\/ wat doen wij Reddingsbrigade Noordwijk is een vereniging van en voor leden. Op 9 maart 2021 bestaat de vereniging 100 jaar. Sinds onze oprichting dragen wij op en rondom het strand van Noordwijk bij aan veilig recre\u00ebren aan zee. Dat doet wij op hoog, (semi-)professioneel niveau, in samenwerking met andere (hulpverlenende) organisaties. [&hellip;]<\/p>\n","protected":false},"author":1,"featured_media":0,"parent":0,"menu_order":460,"comment_status":"closed","ping_status":"closed","template":"","meta":{"_acf_changed":false,"footnotes":""},"class_list":["post-141","page","type-page","status-publish","hentry"],"acf":[],"yoast_head":"<!-- This site is optimized with the Yoast SEO plugin v27.5 - https:\/\/yoast.com\/product\/yoast-seo-wordpress\/ -->\n<title>Over ons - Reddingsbrigade Noordwijk<\/title>\n<meta name=\"robots\" content=\"index, follow, max-snippet:-1, max-image-preview:large, max-video-preview:-1\" \/>\n<link rel=\"canonical\" href=\"https:\/\/www.reddingsbrigadenoordwijk.nl\/pl\/over-ons\/\" \/>\n<meta property=\"og:locale\" content=\"pl_PL\" \/>\n<meta property=\"og:type\" content=\"article\" \/>\n<meta property=\"og:title\" content=\"Over ons - Reddingsbrigade Noordwijk\" \/>\n<meta property=\"og:description\" content=\"Wie zijn wij\/ wat doen wij Reddingsbrigade Noordwijk is een vereniging van en voor leden. Op 9 maart 2021 bestaat de vereniging 100 jaar. Sinds onze oprichting dragen wij op en rondom het strand van Noordwijk bij aan veilig recre\u00ebren aan zee. Dat doet wij op hoog, (semi-)professioneel niveau, in samenwerking met andere (hulpverlenende) organisaties. [&hellip;]\" \/>\n<meta property=\"og:url\" content=\"https:\/\/www.reddingsbrigadenoordwijk.nl\/pl\/over-ons\/\" \/>\n<meta property=\"og:site_name\" content=\"Reddingsbrigade Noordwijk\" \/>\n<meta property=\"article:modified_time\" content=\"2022-05-30T20:37:58+00:00\" \/>\n<meta name=\"twitter:card\" content=\"summary_large_image\" \/>\n<meta name=\"twitter:label1\" content=\"Szacowany czas czytania\" \/>\n\t<meta name=\"twitter:data1\" content=\"3 minuty\" \/>\n<script type=\"application\/ld+json\" class=\"yoast-schema-graph\">{\"@context\":\"https:\\\/\\\/schema.org\",\"@graph\":[{\"@type\":\"WebPage\",\"@id\":\"https:\\\/\\\/www.reddingsbrigadenoordwijk.nl\\\/over-ons\\\/\",\"url\":\"https:\\\/\\\/www.reddingsbrigadenoordwijk.nl\\\/over-ons\\\/\",\"name\":\"Over ons - Reddingsbrigade Noordwijk\",\"isPartOf\":{\"@id\":\"https:\\\/\\\/www.reddingsbrigadenoordwijk.nl\\\/#website\"},\"datePublished\":\"2021-01-24T22:05:16+00:00\",\"dateModified\":\"2022-05-30T20:37:58+00:00\",\"breadcrumb\":{\"@id\":\"https:\\\/\\\/www.reddingsbrigadenoordwijk.nl\\\/over-ons\\\/#breadcrumb\"},\"inLanguage\":\"pl-PL\",\"potentialAction\":[{\"@type\":\"ReadAction\",\"target\":[\"https:\\\/\\\/www.reddingsbrigadenoordwijk.nl\\\/over-ons\\\/\"]}]},{\"@type\":\"BreadcrumbList\",\"@id\":\"https:\\\/\\\/www.reddingsbrigadenoordwijk.nl\\\/over-ons\\\/#breadcrumb\",\"itemListElement\":[{\"@type\":\"ListItem\",\"position\":1,\"name\":\"Home\",\"item\":\"https:\\\/\\\/www.reddingsbrigadenoordwijk.nl\\\/\"},{\"@type\":\"ListItem\",\"position\":2,\"name\":\"Over ons\"}]},{\"@type\":\"WebSite\",\"@id\":\"https:\\\/\\\/www.reddingsbrigadenoordwijk.nl\\\/#website\",\"url\":\"https:\\\/\\\/www.reddingsbrigadenoordwijk.nl\\\/\",\"name\":\"Reddingsbrigade Noordwijk\",\"description\":\"NRB\",\"potentialAction\":[{\"@type\":\"SearchAction\",\"target\":{\"@type\":\"EntryPoint\",\"urlTemplate\":\"https:\\\/\\\/www.reddingsbrigadenoordwijk.nl\\\/?s={search_term_string}\"},\"query-input\":{\"@type\":\"PropertyValueSpecification\",\"valueRequired\":true,\"valueName\":\"search_term_string\"}}],\"inLanguage\":\"pl-PL\"}]}<\/script>\n<!-- \/ Yoast SEO plugin. -->","yoast_head_json":{"title":"O nas - Reddingsbrigade Noordwijk","robots":{"index":"index","follow":"follow","max-snippet":"max-snippet:-1","max-image-preview":"max-image-preview:large","max-video-preview":"max-video-preview:-1"},"canonical":"https:\/\/www.reddingsbrigadenoordwijk.nl\/pl\/over-ons\/","og_locale":"pl_PL","og_type":"article","og_title":"Over ons - Reddingsbrigade Noordwijk","og_description":"Wie zijn wij\/ wat doen wij Reddingsbrigade Noordwijk is een vereniging van en voor leden. Op 9 maart 2021 bestaat de vereniging 100 jaar. Sinds onze oprichting dragen wij op en rondom het strand van Noordwijk bij aan veilig recre\u00ebren aan zee. Dat doet wij op hoog, (semi-)professioneel niveau, in samenwerking met andere (hulpverlenende) organisaties. [&hellip;]","og_url":"https:\/\/www.reddingsbrigadenoordwijk.nl\/pl\/over-ons\/","og_site_name":"Reddingsbrigade Noordwijk","article_modified_time":"2022-05-30T20:37:58+00:00","twitter_card":"summary_large_image","twitter_misc":{"Szacowany czas czytania":"3 minuty"},"schema":{"@context":"https:\/\/schema.org","@graph":[{"@type":"WebPage","@id":"https:\/\/www.reddingsbrigadenoordwijk.nl\/over-ons\/","url":"https:\/\/www.reddingsbrigadenoordwijk.nl\/over-ons\/","name":"O nas - Reddingsbrigade Noordwijk","isPartOf":{"@id":"https:\/\/www.reddingsbrigadenoordwijk.nl\/#website"},"datePublished":"2021-01-24T22:05:16+00:00","dateModified":"2022-05-30T20:37:58+00:00","breadcrumb":{"@id":"https:\/\/www.reddingsbrigadenoordwijk.nl\/over-ons\/#breadcrumb"},"inLanguage":"pl-PL","potentialAction":[{"@type":"ReadAction","target":["https:\/\/www.reddingsbrigadenoordwijk.nl\/over-ons\/"]}]},{"@type":"BreadcrumbList","@id":"https:\/\/www.reddingsbrigadenoordwijk.nl\/over-ons\/#breadcrumb","itemListElement":[{"@type":"ListItem","position":1,"name":"Home","item":"https:\/\/www.reddingsbrigadenoordwijk.nl\/"},{"@type":"ListItem","position":2,"name":"Over ons"}]},{"@type":"WebSite","@id":"https:\/\/www.reddingsbrigadenoordwijk.nl\/#website","url":"https:\/\/www.reddingsbrigadenoordwijk.nl\/","name":"Zesp\u00f3\u0142 ratowniczy Noordwijk","description":"NRB","potentialAction":[{"@type":"SearchAction","target":{"@type":"EntryPoint","urlTemplate":"https:\/\/www.reddingsbrigadenoordwijk.nl\/?s={search_term_string}"},"query-input":{"@type":"PropertyValueSpecification","valueRequired":true,"valueName":"search_term_string"}}],"inLanguage":"pl-PL"}]}},"_links":{"self":[{"href":"https:\/\/www.reddingsbrigadenoordwijk.nl\/pl\/wp-json\/wp\/v2\/pages\/141","targetHints":{"allow":["GET"]}}],"collection":[{"href":"https:\/\/www.reddingsbrigadenoordwijk.nl\/pl\/wp-json\/wp\/v2\/pages"}],"about":[{"href":"https:\/\/www.reddingsbrigadenoordwijk.nl\/pl\/wp-json\/wp\/v2\/types\/page"}],"author":[{"embeddable":true,"href":"https:\/\/www.reddingsbrigadenoordwijk.nl\/pl\/wp-json\/wp\/v2\/users\/1"}],"replies":[{"embeddable":true,"href":"https:\/\/www.reddingsbrigadenoordwijk.nl\/pl\/wp-json\/wp\/v2\/comments?post=141"}],"version-history":[{"count":1,"href":"https:\/\/www.reddingsbrigadenoordwijk.nl\/pl\/wp-json\/wp\/v2\/pages\/141\/revisions"}],"predecessor-version":[{"id":11694,"href":"https:\/\/www.reddingsbrigadenoordwijk.nl\/pl\/wp-json\/wp\/v2\/pages\/141\/revisions\/11694"}],"wp:attachment":[{"href":"https:\/\/www.reddingsbrigadenoordwijk.nl\/pl\/wp-json\/wp\/v2\/media?parent=141"}],"curies":[{"name":"wp","href":"https:\/\/api.w.org\/{rel}","templated":true}]}}