{"id":133,"date":"2021-01-24T23:05:16","date_gmt":"2021-01-24T22:05:16","guid":{"rendered":"https:\/\/www.reddingsbrigadenoordwijk.nl\/strand\/kind-kwijt\/"},"modified":"2021-10-31T12:29:58","modified_gmt":"2021-10-31T11:29:58","slug":"kind-kwijt","status":"publish","type":"page","link":"https:\/\/www.reddingsbrigadenoordwijk.nl\/pl\/plaza\/wycofanie-dziecka-z-domu\/","title":{"rendered":"Zaginione dziecko"},"content":{"rendered":"<div class=\"vce-section\"><div class=\"vce-section-inner vce-element--has-background\" data-vce-full-width=\"true\" id=\"el-ac2cd318\" data-vce-dynamic-image-all=\"ac2cd318\" data-vce-do-apply=\"all el-ac2cd318\"><div class=\"vce-content-background-container\"><div class=\"vce-asset-background-simple-container vce-visible-all-only vce-asset-background-simple--style-cover vce-asset-background-simple--position-center-center\"><div class=\"vce-asset-background-simple\"><div class=\"vce-asset-background-simple-item lazyload\" style=\"background-image:inherit;\" data-bg-image=\"url(&#039;https:\/\/www.reddingsbrigadenoordwijk.nl\/wp-content\/uploads\/2021\/03\/117129493_2622903914628883_3082027343828180108_o.jpg?vcv-dynamic-field=featured_image&amp;alt=&amp;caption=&amp;title=117129493_2622903914628883_3082027343828180108_o&#039;)\"><\/div><\/div><\/div><\/div><div data-vce-element-content=\"true\"><div class=\"vce-row-container\" data-vce-boxed-width=\"true\"><div class=\"vce-row vce-element--has-background vce-row--col-gap-30 vce-row-equal-height vce-row-content--top\" vce-box-shadow=\"el-9cac2b98\" id=\"el-9cac2b98\" data-vce-do-apply=\"all el-9cac2b98\"><div class=\"vce-content-background-container\"><\/div><div class=\"vce-row-content\" data-vce-element-content=\"true\"><div class=\"vce-col vce-col--md-auto vce-col--xs-1 vce-col--xs-last vce-col--xs-first vce-col--sm-last vce-col--sm-first vce-col--md-last vce-col--lg-last vce-col--xl-last vce-col--md-first vce-col--lg-first vce-col--xl-first\" id=\"el-4adcc0ab\"><div class=\"vce-col-inner\" data-vce-do-apply=\"border margin background  el-4adcc0ab\"><div class=\"vce-col-content\" data-vce-element-content=\"true\" data-vce-do-apply=\"padding el-4adcc0ab\"><div class=\"vce-text-block\"><div class=\"vce-text-block-wrapper vce\" id=\"el-e332514b\" data-vce-do-apply=\"all el-e332514b\"><h1>Zaginione dziecko<\/h1><\/div><\/div><div class=\"vce-text-block\"><div class=\"vce-text-block-wrapper vce\" id=\"el-c159128c\" data-vce-do-apply=\"all el-c159128c\"><p style=\"text-align: right;\"><span><span><a href=\"https:\/\/www.reddingsbrigadenoordwijk.nl\/pl\/\">Strona g\u0142\u00f3wna<\/a><\/span><\/span><\/p><\/div><\/div><\/div><\/div><\/div><\/div><\/div><\/div><\/div><\/div><\/div><div class=\"vce-section\" data-vce-boxed-width=\"true\"><div class=\"vce-section-inner vce-element--has-background\" id=\"el-a1e084fc\" data-vce-do-apply=\"all el-a1e084fc\"><div class=\"vce-content-background-container\"><\/div><div data-vce-element-content=\"true\"><div class=\"vce-row-container\" data-vce-boxed-width=\"true\"><div class=\"vce-row vce-row--col-gap-30 vce-row-equal-height vce-row-content--top\" id=\"el-3f4f358c\" data-vce-do-apply=\"all el-3f4f358c\"><div class=\"vce-row-content\" data-vce-element-content=\"true\"><div class=\"vce-col vce-col--md-auto vce-col--xs-1 vce-col--xs-last vce-col--xs-first vce-col--sm-last vce-col--sm-first vce-col--md-last vce-col--lg-last vce-col--xl-last vce-col--md-first vce-col--lg-first vce-col--xl-first\" id=\"el-be28ff7d\"><div class=\"vce-col-inner\" data-vce-do-apply=\"border margin background  el-be28ff7d\"><div class=\"vce-col-content\" data-vce-element-content=\"true\" data-vce-do-apply=\"padding el-be28ff7d\"><div class=\"vce-text-block\"><div class=\"vce-text-block-wrapper vce\" id=\"el-1ff8a5e9\" data-vce-do-apply=\"all el-1ff8a5e9\"><p>Dzieci s\u0105 szybkie. Zw\u0142aszcza na zat\u0142oczonej pla\u017cy mo\u017cna je zgubi\u0107 w jednej chwili. Prowadzi to do niepokoj\u0105cych moment\u00f3w zar\u00f3wno dla dziecka, jak i dla rodzica\/opiekuna. Chcesz jak najszybciej odnale\u017a\u0107 swoje dzieci. Aby jak najszybciej po\u0142\u0105czy\u0107 si\u0119 z innymi, mo\u017cesz otrzyma\u0107 bezp\u0142atn\u0105 opask\u0119 06 w naszych punktach na pla\u017cy. Zapisz sw\u00f3j numer 06 na bransoletce, aby mo\u017cna by\u0142o do Ciebie zadzwoni\u0107, gdy dziecko zostanie odnalezione.&nbsp;&nbsp;<\/p><\/div><\/div><\/div><\/div><\/div><\/div><\/div><\/div><div class=\"vce-row-container\" data-vce-boxed-width=\"true\"><div class=\"vce-row vce-row--col-gap-30 vce-row-equal-height vce-row-content--top\" id=\"el-dec205ab\" data-vce-do-apply=\"all el-dec205ab\"><div class=\"vce-row-content\" data-vce-element-content=\"true\"><div class=\"vce-col vce-col--md-auto vce-col--xs-1 vce-col--xs-last vce-col--xs-first vce-col--sm-last vce-col--sm-first vce-col--md-last vce-col--lg-last vce-col--xl-last vce-col--md-first vce-col--lg-first vce-col--xl-first\" id=\"el-0efee33b\"><div class=\"vce-col-inner\" data-vce-do-apply=\"border margin background  el-0efee33b\"><div class=\"vce-col-content\" data-vce-element-content=\"true\" data-vce-do-apply=\"padding el-0efee33b\"><div class=\"vce-text-block\"><div class=\"vce-text-block-wrapper vce\" id=\"el-ae4781bd\" data-vce-do-apply=\"all el-ae4781bd\"><h3>Czy zdarzy\u0142o Ci si\u0119 zgubi\u0107 dziecko na pla\u017cy?<\/h3>\n<p>Nie wahaj si\u0119 i przyjd\u017a do naszego centrum ratunkowego, zadzwo\u0144 do nas (071-3613003) lub na policj\u0119. Upewnij si\u0119, \u017ce kto\u015b znajomy pozostaje w miejscu, w kt\u00f3rym dziecko by\u0142o widziane po raz ostatni. Cz\u0119sto zdarza si\u0119, \u017ce dziecko wraca do tego miejsca.<\/p>\n<p>Dzieci, kt\u00f3re si\u0119 zgubi\u0105 i zostan\u0105 odnalezione przez ratownik\u00f3w, maj\u0105 zapewnion\u0105 opiek\u0119 na posterunkach na pla\u017cy. Gdy dziecko zostanie znalezione, wywieszamy bia\u0142\u0105 flag\u0119 ze znakiem zapytania. Ta flaga oznacza, \u017ce na stanowisku ratownika znajduje si\u0119 dziecko, kt\u00f3rego rodzic\u00f3w\/opiekun\u00f3w szukamy.<\/p>\n<h3>Kilka wskaz\u00f3wek, jak bezpiecznie sp\u0119dzi\u0107 dzie\u0144 na pla\u017cy!<\/h3>\n<ul>\n<li>Nale\u017cy zawsze pilnowa\u0107 dzieci, zar\u00f3wno w wodzie, jak i na pla\u017cy. Trzymaj si\u0119 z daleka od ma\u0142ych dzieci w wodzie;<\/li>\n<li>Nie nale\u017cy u\u017cywa\u0107 pas\u00f3w motylkowych u dzieci w morzu ze wzgl\u0119du na wp\u0142yw wiatru, pr\u0105d\u00f3w morskich i fal;<\/li>\n<li>Za\u0142\u00f3\u017c dziecku opask\u0119 na r\u0119k\u0119 06 z jego imieniem i nazwiskiem oraz Twoim numerem telefonu;<\/li>\n<li>Upewnij si\u0119, \u017ce masz przy sobie telefon kom\u00f3rkowy, \u017ce jest on w\u0142\u0105czony i wystarczaj\u0105co na\u0142adowany;<\/li>\n<li>Uzgodnij rozpoznawalny punkt sta\u0142y na wypadek zgubienia si\u0119, np. pawilon na pla\u017cy lub s\u0142upek z rozpoznawalnym zdj\u0119ciem.<\/li>\n<\/ul><\/div><\/div><\/div><\/div><\/div><\/div><\/div><\/div><\/div><\/div><\/div>","protected":false},"excerpt":{"rendered":"<p>Kinderen zijn snel. Zeker op een druk strand kun je ze in een oogwenk kwijt zijn. Dat leidt tot angstige momenten voor zowel kind als ouder\/verzorger. Kinderen wil je zo snel mogelijk weer terugvinden. Om jullie zo snel mogelijk weer te kunnen herenigen kan je bij onze strandposten een gratis 06-polsbandje halen. Schrijf op dit [&hellip;]<\/p>\n","protected":false},"author":1,"featured_media":9684,"parent":131,"menu_order":380,"comment_status":"closed","ping_status":"closed","template":"","meta":{"_acf_changed":false,"footnotes":""},"class_list":["post-133","page","type-page","status-publish","has-post-thumbnail","hentry"],"acf":[],"yoast_head":"<!-- This site is optimized with the Yoast SEO plugin v27.5 - https:\/\/yoast.com\/product\/yoast-seo-wordpress\/ -->\n<title>Kind kwijt - Reddingsbrigade Noordwijk<\/title>\n<meta name=\"robots\" content=\"index, follow, max-snippet:-1, max-image-preview:large, max-video-preview:-1\" \/>\n<link rel=\"canonical\" href=\"https:\/\/www.reddingsbrigadenoordwijk.nl\/pl\/strand\/kind-kwijt\/\" \/>\n<meta property=\"og:locale\" content=\"pl_PL\" \/>\n<meta property=\"og:type\" content=\"article\" \/>\n<meta property=\"og:title\" content=\"Kind kwijt - Reddingsbrigade Noordwijk\" \/>\n<meta property=\"og:description\" content=\"Kinderen zijn snel. Zeker op een druk strand kun je ze in een oogwenk kwijt zijn. Dat leidt tot angstige momenten voor zowel kind als ouder\/verzorger. Kinderen wil je zo snel mogelijk weer terugvinden. Om jullie zo snel mogelijk weer te kunnen herenigen kan je bij onze strandposten een gratis 06-polsbandje halen. Schrijf op dit [&hellip;]\" \/>\n<meta property=\"og:url\" content=\"https:\/\/www.reddingsbrigadenoordwijk.nl\/pl\/strand\/kind-kwijt\/\" \/>\n<meta property=\"og:site_name\" content=\"Reddingsbrigade Noordwijk\" \/>\n<meta property=\"article:modified_time\" content=\"2021-10-31T11:29:58+00:00\" \/>\n<meta property=\"og:image\" content=\"https:\/\/www.reddingsbrigadenoordwijk.nl\/wp-content\/uploads\/2021\/03\/117129493_2622903914628883_3082027343828180108_o.jpg\" \/>\n\t<meta property=\"og:image:width\" content=\"1024\" \/>\n\t<meta property=\"og:image:height\" content=\"683\" \/>\n\t<meta property=\"og:image:type\" content=\"image\/jpeg\" \/>\n<meta name=\"twitter:card\" content=\"summary_large_image\" \/>\n<meta name=\"twitter:label1\" content=\"Szacowany czas czytania\" \/>\n\t<meta name=\"twitter:data1\" content=\"1 minuta\" \/>\n<script type=\"application\/ld+json\" class=\"yoast-schema-graph\">{\"@context\":\"https:\\\/\\\/schema.org\",\"@graph\":[{\"@type\":\"WebPage\",\"@id\":\"https:\\\/\\\/www.reddingsbrigadenoordwijk.nl\\\/strand\\\/kind-kwijt\\\/\",\"url\":\"https:\\\/\\\/www.reddingsbrigadenoordwijk.nl\\\/strand\\\/kind-kwijt\\\/\",\"name\":\"Kind kwijt - Reddingsbrigade Noordwijk\",\"isPartOf\":{\"@id\":\"https:\\\/\\\/www.reddingsbrigadenoordwijk.nl\\\/#website\"},\"primaryImageOfPage\":{\"@id\":\"https:\\\/\\\/www.reddingsbrigadenoordwijk.nl\\\/strand\\\/kind-kwijt\\\/#primaryimage\"},\"image\":{\"@id\":\"https:\\\/\\\/www.reddingsbrigadenoordwijk.nl\\\/strand\\\/kind-kwijt\\\/#primaryimage\"},\"thumbnailUrl\":\"https:\\\/\\\/www.reddingsbrigadenoordwijk.nl\\\/wp-content\\\/uploads\\\/2021\\\/03\\\/117129493_2622903914628883_3082027343828180108_o.jpg\",\"datePublished\":\"2021-01-24T22:05:16+00:00\",\"dateModified\":\"2021-10-31T11:29:58+00:00\",\"breadcrumb\":{\"@id\":\"https:\\\/\\\/www.reddingsbrigadenoordwijk.nl\\\/strand\\\/kind-kwijt\\\/#breadcrumb\"},\"inLanguage\":\"pl-PL\",\"potentialAction\":[{\"@type\":\"ReadAction\",\"target\":[\"https:\\\/\\\/www.reddingsbrigadenoordwijk.nl\\\/strand\\\/kind-kwijt\\\/\"]}]},{\"@type\":\"ImageObject\",\"inLanguage\":\"pl-PL\",\"@id\":\"https:\\\/\\\/www.reddingsbrigadenoordwijk.nl\\\/strand\\\/kind-kwijt\\\/#primaryimage\",\"url\":\"https:\\\/\\\/www.reddingsbrigadenoordwijk.nl\\\/wp-content\\\/uploads\\\/2021\\\/03\\\/117129493_2622903914628883_3082027343828180108_o.jpg\",\"contentUrl\":\"https:\\\/\\\/www.reddingsbrigadenoordwijk.nl\\\/wp-content\\\/uploads\\\/2021\\\/03\\\/117129493_2622903914628883_3082027343828180108_o.jpg\",\"width\":1024,\"height\":683},{\"@type\":\"BreadcrumbList\",\"@id\":\"https:\\\/\\\/www.reddingsbrigadenoordwijk.nl\\\/strand\\\/kind-kwijt\\\/#breadcrumb\",\"itemListElement\":[{\"@type\":\"ListItem\",\"position\":1,\"name\":\"Home\",\"item\":\"https:\\\/\\\/www.reddingsbrigadenoordwijk.nl\\\/\"},{\"@type\":\"ListItem\",\"position\":2,\"name\":\"Strand\",\"item\":\"https:\\\/\\\/www.reddingsbrigadenoordwijk.nl\\\/de\\\/strand\\\/\"},{\"@type\":\"ListItem\",\"position\":3,\"name\":\"Kind kwijt\"}]},{\"@type\":\"WebSite\",\"@id\":\"https:\\\/\\\/www.reddingsbrigadenoordwijk.nl\\\/#website\",\"url\":\"https:\\\/\\\/www.reddingsbrigadenoordwijk.nl\\\/\",\"name\":\"Reddingsbrigade Noordwijk\",\"description\":\"NRB\",\"potentialAction\":[{\"@type\":\"SearchAction\",\"target\":{\"@type\":\"EntryPoint\",\"urlTemplate\":\"https:\\\/\\\/www.reddingsbrigadenoordwijk.nl\\\/?s={search_term_string}\"},\"query-input\":{\"@type\":\"PropertyValueSpecification\",\"valueRequired\":true,\"valueName\":\"search_term_string\"}}],\"inLanguage\":\"pl-PL\"}]}<\/script>\n<!-- \/ Yoast SEO plugin. -->","yoast_head_json":{"title":"Zaginione dziecko - Reddingsbrigade Noordwijk","robots":{"index":"index","follow":"follow","max-snippet":"max-snippet:-1","max-image-preview":"max-image-preview:large","max-video-preview":"max-video-preview:-1"},"canonical":"https:\/\/www.reddingsbrigadenoordwijk.nl\/pl\/strand\/kind-kwijt\/","og_locale":"pl_PL","og_type":"article","og_title":"Kind kwijt - Reddingsbrigade Noordwijk","og_description":"Kinderen zijn snel. Zeker op een druk strand kun je ze in een oogwenk kwijt zijn. Dat leidt tot angstige momenten voor zowel kind als ouder\/verzorger. Kinderen wil je zo snel mogelijk weer terugvinden. Om jullie zo snel mogelijk weer te kunnen herenigen kan je bij onze strandposten een gratis 06-polsbandje halen. Schrijf op dit [&hellip;]","og_url":"https:\/\/www.reddingsbrigadenoordwijk.nl\/pl\/strand\/kind-kwijt\/","og_site_name":"Reddingsbrigade Noordwijk","article_modified_time":"2021-10-31T11:29:58+00:00","og_image":[{"width":1024,"height":683,"url":"https:\/\/www.reddingsbrigadenoordwijk.nl\/wp-content\/uploads\/2021\/03\/117129493_2622903914628883_3082027343828180108_o.jpg","type":"image\/jpeg"}],"twitter_card":"summary_large_image","twitter_misc":{"Szacowany czas czytania":"1 minuta"},"schema":{"@context":"https:\/\/schema.org","@graph":[{"@type":"WebPage","@id":"https:\/\/www.reddingsbrigadenoordwijk.nl\/strand\/kind-kwijt\/","url":"https:\/\/www.reddingsbrigadenoordwijk.nl\/strand\/kind-kwijt\/","name":"Zaginione dziecko - Reddingsbrigade Noordwijk","isPartOf":{"@id":"https:\/\/www.reddingsbrigadenoordwijk.nl\/#website"},"primaryImageOfPage":{"@id":"https:\/\/www.reddingsbrigadenoordwijk.nl\/strand\/kind-kwijt\/#primaryimage"},"image":{"@id":"https:\/\/www.reddingsbrigadenoordwijk.nl\/strand\/kind-kwijt\/#primaryimage"},"thumbnailUrl":"https:\/\/www.reddingsbrigadenoordwijk.nl\/wp-content\/uploads\/2021\/03\/117129493_2622903914628883_3082027343828180108_o.jpg","datePublished":"2021-01-24T22:05:16+00:00","dateModified":"2021-10-31T11:29:58+00:00","breadcrumb":{"@id":"https:\/\/www.reddingsbrigadenoordwijk.nl\/strand\/kind-kwijt\/#breadcrumb"},"inLanguage":"pl-PL","potentialAction":[{"@type":"ReadAction","target":["https:\/\/www.reddingsbrigadenoordwijk.nl\/strand\/kind-kwijt\/"]}]},{"@type":"ImageObject","inLanguage":"pl-PL","@id":"https:\/\/www.reddingsbrigadenoordwijk.nl\/strand\/kind-kwijt\/#primaryimage","url":"https:\/\/www.reddingsbrigadenoordwijk.nl\/wp-content\/uploads\/2021\/03\/117129493_2622903914628883_3082027343828180108_o.jpg","contentUrl":"https:\/\/www.reddingsbrigadenoordwijk.nl\/wp-content\/uploads\/2021\/03\/117129493_2622903914628883_3082027343828180108_o.jpg","width":1024,"height":683},{"@type":"BreadcrumbList","@id":"https:\/\/www.reddingsbrigadenoordwijk.nl\/strand\/kind-kwijt\/#breadcrumb","itemListElement":[{"@type":"ListItem","position":1,"name":"Home","item":"https:\/\/www.reddingsbrigadenoordwijk.nl\/"},{"@type":"ListItem","position":2,"name":"Strand","item":"https:\/\/www.reddingsbrigadenoordwijk.nl\/de\/strand\/"},{"@type":"ListItem","position":3,"name":"Kind kwijt"}]},{"@type":"WebSite","@id":"https:\/\/www.reddingsbrigadenoordwijk.nl\/#website","url":"https:\/\/www.reddingsbrigadenoordwijk.nl\/","name":"Zesp\u00f3\u0142 ratowniczy Noordwijk","description":"NRB","potentialAction":[{"@type":"SearchAction","target":{"@type":"EntryPoint","urlTemplate":"https:\/\/www.reddingsbrigadenoordwijk.nl\/?s={search_term_string}"},"query-input":{"@type":"PropertyValueSpecification","valueRequired":true,"valueName":"search_term_string"}}],"inLanguage":"pl-PL"}]}},"_links":{"self":[{"href":"https:\/\/www.reddingsbrigadenoordwijk.nl\/pl\/wp-json\/wp\/v2\/pages\/133","targetHints":{"allow":["GET"]}}],"collection":[{"href":"https:\/\/www.reddingsbrigadenoordwijk.nl\/pl\/wp-json\/wp\/v2\/pages"}],"about":[{"href":"https:\/\/www.reddingsbrigadenoordwijk.nl\/pl\/wp-json\/wp\/v2\/types\/page"}],"author":[{"embeddable":true,"href":"https:\/\/www.reddingsbrigadenoordwijk.nl\/pl\/wp-json\/wp\/v2\/users\/1"}],"replies":[{"embeddable":true,"href":"https:\/\/www.reddingsbrigadenoordwijk.nl\/pl\/wp-json\/wp\/v2\/comments?post=133"}],"version-history":[{"count":0,"href":"https:\/\/www.reddingsbrigadenoordwijk.nl\/pl\/wp-json\/wp\/v2\/pages\/133\/revisions"}],"up":[{"embeddable":true,"href":"https:\/\/www.reddingsbrigadenoordwijk.nl\/pl\/wp-json\/wp\/v2\/pages\/131"}],"wp:featuredmedia":[{"embeddable":true,"href":"https:\/\/www.reddingsbrigadenoordwijk.nl\/pl\/wp-json\/wp\/v2\/media\/9684"}],"wp:attachment":[{"href":"https:\/\/www.reddingsbrigadenoordwijk.nl\/pl\/wp-json\/wp\/v2\/media?parent=133"}],"curies":[{"name":"wp","href":"https:\/\/api.w.org\/{rel}","templated":true}]}}