{"id":122,"date":"2021-01-24T23:05:16","date_gmt":"2021-01-24T22:05:16","guid":{"rendered":"https:\/\/www.reddingsbrigadenoordwijk.nl\/lifesaving\/lifesaving-zwemopleidingen\/"},"modified":"2022-03-11T16:14:15","modified_gmt":"2022-03-11T15:14:15","slug":"lifesaving-zwemopleidingen","status":"publish","type":"page","link":"https:\/\/www.reddingsbrigadenoordwijk.nl\/pl\/ratowanie-zycia\/kursy-plywania-ratowniczego\/","title":{"rendered":"Kursy p\u0142ywania ratuj\u0105cego \u017cycie"},"content":{"rendered":"<div class=\"vce-section\"><div class=\"vce-section-inner vce-element--has-background\" data-vce-full-width=\"true\" id=\"el-e922f66a\" data-vce-do-apply=\"all el-e922f66a\"><div class=\"vce-content-background-container\"><div class=\"vce-asset-background-simple-container vce-visible-all-only vce-asset-background-simple--style-cover vce-asset-background-simple--position-center-center\"><div class=\"vce-asset-background-simple\"><div class=\"vce-asset-background-simple-item lazyload\" style=\"background-image:inherit;\" data-bg-image=\"url(&#039;https:\/\/www.reddingsbrigadenoordwijk.nl\/wp-content\/uploads\/2021\/02\/photo-1544986764-d98b394f0648.jpg&#039;)\"><\/div><\/div><\/div><div class=\"vce-asset-color-gradient-container vce-visible-all-only\" data-vce-do-apply=\"gradient el-e922f66a\"><\/div><\/div><div data-vce-element-content=\"true\"><div class=\"vce-row-container\" data-vce-boxed-width=\"true\"><div class=\"vce-row vce-element--has-background vce-row--col-gap-30 vce-row-equal-height vce-row-content--top\" vce-box-shadow=\"el-7100a751\" id=\"el-7100a751\" data-vce-do-apply=\"all el-7100a751\"><div class=\"vce-content-background-container\"><\/div><div class=\"vce-row-content\" data-vce-element-content=\"true\"><div class=\"vce-col vce-col--md-auto vce-col--xs-1 vce-col--xs-last vce-col--xs-first vce-col--sm-last vce-col--sm-first vce-col--md-last vce-col--lg-last vce-col--xl-last vce-col--md-first vce-col--lg-first vce-col--xl-first\" id=\"el-c3414c8e\"><div class=\"vce-col-inner\" data-vce-do-apply=\"border margin background  el-c3414c8e\"><div class=\"vce-col-content\" data-vce-element-content=\"true\" data-vce-do-apply=\"padding el-c3414c8e\"><div class=\"vce-text-block\"><div class=\"vce-text-block-wrapper vce\" id=\"el-7d9f7eb3\" data-vce-do-apply=\"all el-7d9f7eb3\"><h1>Kursy p\u0142ywania ratuj\u0105cego \u017cycie<\/h1><\/div><\/div><div class=\"vce-text-block\"><div class=\"vce-text-block-wrapper vce\" id=\"el-e9b8a144\" data-vce-do-apply=\"all el-e9b8a144\"><p style=\"text-align: right;\"><span><span><a href=\"https:\/\/www.reddingsbrigadenoordwijk.nl\/pl\/\">Strona g\u0142\u00f3wna<\/a><\/span><\/span><\/p><\/div><\/div><\/div><\/div><\/div><\/div><\/div><\/div><div class=\"vce-row-container\"><div class=\"vce-row vce-element--has-background vce-row--col-gap-30 vce-row-equal-height vce-row-content--top\" data-vce-full-width=\"true\" id=\"el-6674ac19\" data-vce-do-apply=\"all el-6674ac19\"><div class=\"vce-content-background-container\"><\/div><div class=\"vce-row-content\" data-vce-element-content=\"true\"><div class=\"vce-col vce-col--md-auto vce-col--xs-1 vce-col--xs-last vce-col--xs-first vce-col--sm-last vce-col--sm-first vce-col--md-last vce-col--lg-last vce-col--xl-last vce-col--md-first vce-col--lg-first vce-col--xl-first\" id=\"el-a735458b\"><div class=\"vce-col-inner\" data-vce-do-apply=\"border margin background  el-a735458b\"><div class=\"vce-col-content\" data-vce-element-content=\"true\" data-vce-do-apply=\"padding el-a735458b\"><div class=\"vce-empty-space-container\" id=\"el-70c1bf34\" data-vce-do-apply=\"margin el-70c1bf34\" style=\"--heightxs:18px; --heightsm:18px; --heightmd:18px; --heightlg:18px; --heightxl:18px;\"><div class=\"vce vce-empty-space\" data-vce-do-apply=\"border padding background  el-70c1bf34\"><\/div><\/div><\/div><\/div><\/div><\/div><\/div><\/div><\/div><\/div><\/div><div class=\"vce-section\" data-vce-boxed-width=\"true\"><div class=\"vce-section-inner\" id=\"el-0d9a399d\" data-vce-do-apply=\"all el-0d9a399d\"><div class=\"vce-content-background-container\"><\/div><div data-vce-element-content=\"true\"><div class=\"vce-row-container\" data-vce-boxed-width=\"true\"><div class=\"vce-row vce-row--col-gap-30 vce-row-equal-height vce-row-content--top\" id=\"el-a0d92476\" data-vce-do-apply=\"all el-a0d92476\"><div class=\"vce-row-content\" data-vce-element-content=\"true\"><div class=\"vce-col vce-col--md-66-66p vce-col--xs-1 vce-col--xs-last vce-col--xs-first vce-col--sm-last vce-col--sm-first vce-col--md-first vce-col--lg-first vce-col--xl-first\" id=\"el-fa0b3448\"><div class=\"vce-col-inner\" data-vce-do-apply=\"border margin background  el-fa0b3448\"><div class=\"vce-col-content\" data-vce-element-content=\"true\" data-vce-do-apply=\"padding el-fa0b3448\"><div class=\"vce-text-block\"><div class=\"vce-text-block-wrapper vce\" id=\"el-5d9b7b4a\" data-vce-do-apply=\"all el-5d9b7b4a\"><p>Po zdaniu egzaminu Swim-ABC mo\u017cesz kontynuowa\u0107 szkolenie w Brygadzie Ratowniczej w Noordwijk na kursie na dyplom ratownika. Kurs ten w sportowy spos\u00f3b uczy, jak zwi\u0119kszy\u0107 swoj\u0105 samodzielno\u015b\u0107. Ponadto nauczysz si\u0119 podstawowych umiej\u0119tno\u015bci w zakresie ratownictwa wodnego. Ratownicy mog\u0105 uratowa\u0107 siebie i innych w sytuacji zagro\u017cenia. Do zdobycia s\u0105 r\u00f3\u017cne dyplomy, kt\u00f3rych poziom trudno\u015bci wzrasta.<\/p><\/div><\/div><div class=\"vce-text-block\"><div class=\"vce-text-block-wrapper vce\" id=\"el-38d7c6dd\" data-vce-do-apply=\"all el-38d7c6dd\"><h2>Plan lekcji<\/h2>\n<p>Kurs ratownictwa wodnego odbywa si\u0119 w dniach <strong>Wtorek wiecz\u00f3r<\/strong> w basenie konkursowym p\u0142ywalni Binnenzee. Lekcje s\u0105 podzielone na nast\u0119puj\u0105ce etapy:&nbsp;<\/p>\n<ul>\n<li><strong>M\u0142odszy wybawca:&nbsp;<\/strong>19:00-19:40 i 19:40-20:20 (w zale\u017cno\u015bci od wieku)<\/li>\n<li><strong>Ratownik p\u0142ywacki:<\/strong> 19:40-20:20<\/li>\n<li><strong>Lifesaver:<\/strong> 19:40-20:20 lub 20:20-21:00<\/li>\n<\/ul><\/div><\/div><div class=\"vce-text-block\"><div class=\"vce-text-block-wrapper vce\" id=\"el-ae74c10a\" data-vce-do-apply=\"all el-ae74c10a\"><h2>M\u0142odszy ratownik (od 1 do 4)<\/h2>\n<p>Dzieci mog\u0105 awansowa\u0107 na m\u0142odszego ratownika po zaliczeniu egzaminu Swim-ABC. G\u0142\u00f3wnym celem jest zwi\u0119kszenie samodzielno\u015bci w formie zabawy. Wiele uwagi po\u015bwi\u0119ca si\u0119 doskonaleniu techniki p\u0142ywania i radzeniu sobie w szczeg\u00f3lnych sytuacjach w wodzie. Dzieci zapoznaj\u0105 si\u0119 tak\u017ce ze sprz\u0119tem ratunkowym i ucz\u0105 si\u0119, jak ratowa\u0107 siebie i innych podczas akcji ratunkowej na sucho (z brzegu).<\/p><\/div><\/div><div class=\"vce-button--style-basic-container vce-button--style-basic-container--align-left\"><span class=\"vce-button--style-basic-wrapper vce\" id=\"el-d5c5e6c6\" data-vce-do-apply=\"margin el-d5c5e6c6\"><a class=\"vce-button vce-button--style-basic vce-button--style-basic--border-square vce-button--style-basic--size-medium vce-button--style-basic--color-b-255-87-0--fff\" href=\"https:\/\/www.reddingsbrigadenoordwijk.nl\/pl\/over-ons\/lid-worden\/\" title=\"\" data-vce-do-apply=\"padding border background  el-d5c5e6c6\">Zapisz si\u0119 jako m\u0142odszy ratownik<\/a><\/span><\/div><div class=\"vce-text-block\"><div class=\"vce-text-block-wrapper vce\" id=\"el-4a1b0616\" data-vce-do-apply=\"all el-4a1b0616\"><h2>Ratownik p\u0142ywacki (od 1 do 4)<\/h2>\n<p>Program Swim Lifesaver uczy, jak przeprowadza\u0107 akcj\u0119 ratunkow\u0105 na sucho (z brzegu) i akcj\u0119 ratunkow\u0105 na mokro (z wody) przez p\u0142ywanie, ewentualnie z pomoc\u0105 sprz\u0119tu ratunkowego. Nacisk k\u0142adzie si\u0119 na podej\u015bcie do osoby ton\u0105cej i jej transport. Kluczem do sukcesu jest wsp\u00f3lna praca. Szczeg\u00f3ln\u0105 uwag\u0119 zwraca si\u0119 na dzia\u0142ania podczas wypadku, poszukiwanie os\u00f3b ton\u0105cych w nieznanej wodzie oraz zapewnienie bezpiecze\u0144stwa ratownikowi i osobie ton\u0105cej podczas akcji ratunkowej.<\/p>\n<p>Ratownik mo\u017ce uratowa\u0107 ton\u0105c\u0105 osob\u0119 poprzez jej przeszukanie, podej\u015bcie do niej i przetransportowanie, ewentualnie z dodatkow\u0105 pomoc\u0105 i sprz\u0119tem ratowniczym.<\/p><\/div><\/div><div class=\"vce-button--style-basic-container vce-button--style-basic-container--align-left\"><span class=\"vce-button--style-basic-wrapper vce\" id=\"el-ed2fb2ac\" data-vce-do-apply=\"margin el-ed2fb2ac\"><a class=\"vce-button vce-button--style-basic vce-button--style-basic--border-square vce-button--style-basic--size-medium vce-button--style-basic--color-b-255-87-0--fff\" href=\"https:\/\/www.reddingsbrigadenoordwijk.nl\/pl\/over-ons\/lid-worden\/\" title=\"\" data-vce-do-apply=\"padding border background  el-ed2fb2ac\">Zapisz si\u0119 do programu Ratownik p\u0142ywacki<\/a><\/span><\/div><div class=\"vce-text-block\"><div class=\"vce-text-block-wrapper vce\" id=\"el-ebfe214c\" data-vce-do-apply=\"all el-ebfe214c\"><h2>Ratownik (1 do 3)<\/h2>\n<p>W grupach Junior Lifeguard i Lifeguard nauczane s\u0105 r\u00f3\u017cne metody ratownictwa. Podczas szkolenia Livesaver dowiesz si\u0119, w jakich okoliczno\u015bciach mo\u017cna stosowa\u0107 te metody ratunkowe. Kiedy przeprowadzasz akcj\u0119 ratunkow\u0105 na sucho lub na mokro i z wykorzystaniem jakiej pomocy lub sprz\u0119tu ratowniczego?&nbsp;&nbsp;<\/p>\n<p>Dzi\u0119ki dyplomowi Lifesavera uczysz si\u0119 pracowa\u0107 w grupie i wsp\u00f3lnie rozwi\u0105zywa\u0107 r\u00f3\u017cne problemy.  Opr\u00f3cz \u0107wicze\u0144 na basenie, na tym kierunku dyplomowym prowadzone s\u0105 r\u00f3wnie\u017c zaj\u0119cia teoretyczne. Udzielanie pierwszej pomocy jest cz\u0119\u015bci\u0105 szkolenia.<\/p><\/div><\/div><div class=\"vce-button--style-basic-container vce-button--style-basic-container--align-left\"><span class=\"vce-button--style-basic-wrapper vce\" id=\"el-25a72086\" data-vce-do-apply=\"margin el-25a72086\"><a class=\"vce-button vce-button--style-basic vce-button--style-basic--border-square vce-button--style-basic--size-medium vce-button--style-basic--color-b-255-87-0--fff\" href=\"https:\/\/www.reddingsbrigadenoordwijk.nl\/pl\/over-ons\/lid-worden\/\" title=\"\" data-vce-do-apply=\"padding border background  el-25a72086\">Zarejestruj si\u0119 Lifesaver<\/a><\/span><\/div><\/div><\/div><\/div><div class=\"vce-col vce-col--md-33-34p vce-col--xs-1 vce-col--xs-last vce-col--xs-first vce-col--sm-last vce-col--sm-first vce-col--md-last vce-col--lg-last vce-col--xl-last\" id=\"el-a0e6c165\"><div class=\"vce-col-inner\" data-vce-do-apply=\"border margin background  el-a0e6c165\"><div class=\"vce-col-content\" data-vce-element-content=\"true\" data-vce-do-apply=\"padding el-a0e6c165\"><div class=\"vce-text-block\"><div class=\"vce-text-block-wrapper vce\" id=\"el-737bbca7\" data-vce-do-apply=\"all el-737bbca7\"><h2><strong>Kontakt<\/strong><\/h2>\n<p>W razie jakichkolwiek pyta\u0144 dotycz\u0105cych wtorkowej wieczornej nauki p\u0142ywania prosimy o kontakt z instruktorami lub kierownictwem basenu po zako\u0144czeniu lekcji.<\/p><\/div><\/div><div class=\"vce-button--style-basic-container vce-button--style-basic-container--align-left\"><span class=\"vce-button--style-basic-wrapper vce\" id=\"el-09e20419\" data-vce-do-apply=\"margin el-09e20419\"><a class=\"vce-button vce-button--style-basic vce-button--style-basic--border-square vce-button--style-basic--size-medium vce-button--style-basic--color-b-255-87-0--fff\" href=\"mailto:zwembadadministratie@reddingsbrigadenoordwijk.nl\" title=\"\" data-vce-do-apply=\"padding border background  el-09e20419\">Wy\u015blij e-mail do kierownictwa p\u0142ywalni<\/a><\/span><\/div><div class=\"vce-text-block\"><div class=\"vce-text-block-wrapper vce\" id=\"el-d4ea6b56\" data-vce-do-apply=\"all el-d4ea6b56\"><h2><strong>Pla\u017ca z ratownikiem<\/strong><\/h2>\n<p>Czy chcesz dalej rozwija\u0107 swoje umiej\u0119tno\u015bci? Nast\u0119pnie zapisz si\u0119 na zaawansowane szkolenie dla ratownik\u00f3w na pla\u017cy.<\/p><\/div><\/div><div class=\"vce-button--style-basic-container vce-button--style-basic-container--align-left\"><span class=\"vce-button--style-basic-wrapper vce\" id=\"el-6e655c66\" data-vce-do-apply=\"margin el-6e655c66\"><a class=\"vce-button vce-button--style-basic vce-button--style-basic--border-square vce-button--style-basic--size-medium vce-button--style-basic--color-b-255-87-0--fff\" href=\"https:\/\/www.reddingsbrigadenoordwijk.nl\/pl\/over-ons\/vrijwilliger-worden\/\" title=\"\" data-vce-do-apply=\"padding border background  el-6e655c66\">Zapisz si\u0119 jako ratownik<\/a><\/span><\/div><\/div><\/div><\/div><\/div><\/div><\/div><\/div><\/div><\/div>","protected":false},"excerpt":{"rendered":"","protected":false},"author":1,"featured_media":0,"parent":121,"menu_order":270,"comment_status":"closed","ping_status":"closed","template":"","meta":{"_acf_changed":false,"footnotes":""},"class_list":["post-122","page","type-page","status-publish","hentry"],"acf":[],"yoast_head":"<!-- This site is optimized with the Yoast SEO plugin v27.5 - https:\/\/yoast.com\/product\/yoast-seo-wordpress\/ -->\n<title>Lifesaving zwemopleidingen - Reddingsbrigade Noordwijk<\/title>\n<meta name=\"robots\" content=\"index, follow, max-snippet:-1, max-image-preview:large, max-video-preview:-1\" \/>\n<link rel=\"canonical\" href=\"https:\/\/www.reddingsbrigadenoordwijk.nl\/pl\/lifesaving\/lifesaving-zwemopleidingen\/\" \/>\n<meta property=\"og:locale\" content=\"pl_PL\" \/>\n<meta property=\"og:type\" content=\"article\" \/>\n<meta property=\"og:title\" content=\"Lifesaving zwemopleidingen - Reddingsbrigade Noordwijk\" \/>\n<meta property=\"og:url\" content=\"https:\/\/www.reddingsbrigadenoordwijk.nl\/pl\/lifesaving\/lifesaving-zwemopleidingen\/\" \/>\n<meta property=\"og:site_name\" content=\"Reddingsbrigade Noordwijk\" \/>\n<meta property=\"article:modified_time\" content=\"2022-03-11T15:14:15+00:00\" \/>\n<meta name=\"twitter:card\" content=\"summary_large_image\" \/>\n<meta name=\"twitter:label1\" content=\"Szacowany czas czytania\" \/>\n\t<meta name=\"twitter:data1\" content=\"2 minuty\" \/>\n<script type=\"application\/ld+json\" class=\"yoast-schema-graph\">{\"@context\":\"https:\\\/\\\/schema.org\",\"@graph\":[{\"@type\":\"WebPage\",\"@id\":\"https:\\\/\\\/www.reddingsbrigadenoordwijk.nl\\\/lifesaving\\\/lifesaving-zwemopleidingen\\\/\",\"url\":\"https:\\\/\\\/www.reddingsbrigadenoordwijk.nl\\\/lifesaving\\\/lifesaving-zwemopleidingen\\\/\",\"name\":\"Lifesaving zwemopleidingen - Reddingsbrigade Noordwijk\",\"isPartOf\":{\"@id\":\"https:\\\/\\\/www.reddingsbrigadenoordwijk.nl\\\/#website\"},\"datePublished\":\"2021-01-24T22:05:16+00:00\",\"dateModified\":\"2022-03-11T15:14:15+00:00\",\"breadcrumb\":{\"@id\":\"https:\\\/\\\/www.reddingsbrigadenoordwijk.nl\\\/lifesaving\\\/lifesaving-zwemopleidingen\\\/#breadcrumb\"},\"inLanguage\":\"pl-PL\",\"potentialAction\":[{\"@type\":\"ReadAction\",\"target\":[\"https:\\\/\\\/www.reddingsbrigadenoordwijk.nl\\\/lifesaving\\\/lifesaving-zwemopleidingen\\\/\"]}]},{\"@type\":\"BreadcrumbList\",\"@id\":\"https:\\\/\\\/www.reddingsbrigadenoordwijk.nl\\\/lifesaving\\\/lifesaving-zwemopleidingen\\\/#breadcrumb\",\"itemListElement\":[{\"@type\":\"ListItem\",\"position\":1,\"name\":\"Home\",\"item\":\"https:\\\/\\\/www.reddingsbrigadenoordwijk.nl\\\/\"},{\"@type\":\"ListItem\",\"position\":2,\"name\":\"Lifesaving\",\"item\":\"https:\\\/\\\/www.reddingsbrigadenoordwijk.nl\\\/lifesaving\\\/\"},{\"@type\":\"ListItem\",\"position\":3,\"name\":\"Lifesaving zwemopleidingen\"}]},{\"@type\":\"WebSite\",\"@id\":\"https:\\\/\\\/www.reddingsbrigadenoordwijk.nl\\\/#website\",\"url\":\"https:\\\/\\\/www.reddingsbrigadenoordwijk.nl\\\/\",\"name\":\"Reddingsbrigade Noordwijk\",\"description\":\"NRB\",\"potentialAction\":[{\"@type\":\"SearchAction\",\"target\":{\"@type\":\"EntryPoint\",\"urlTemplate\":\"https:\\\/\\\/www.reddingsbrigadenoordwijk.nl\\\/?s={search_term_string}\"},\"query-input\":{\"@type\":\"PropertyValueSpecification\",\"valueRequired\":true,\"valueName\":\"search_term_string\"}}],\"inLanguage\":\"pl-PL\"}]}<\/script>\n<!-- \/ Yoast SEO plugin. -->","yoast_head_json":{"title":"Kursy p\u0142ywania ratuj\u0105cego \u017cycie - Reddingsbrigade Noordwijk","robots":{"index":"index","follow":"follow","max-snippet":"max-snippet:-1","max-image-preview":"max-image-preview:large","max-video-preview":"max-video-preview:-1"},"canonical":"https:\/\/www.reddingsbrigadenoordwijk.nl\/pl\/lifesaving\/lifesaving-zwemopleidingen\/","og_locale":"pl_PL","og_type":"article","og_title":"Lifesaving zwemopleidingen - Reddingsbrigade Noordwijk","og_url":"https:\/\/www.reddingsbrigadenoordwijk.nl\/pl\/lifesaving\/lifesaving-zwemopleidingen\/","og_site_name":"Reddingsbrigade Noordwijk","article_modified_time":"2022-03-11T15:14:15+00:00","twitter_card":"summary_large_image","twitter_misc":{"Szacowany czas czytania":"2 minuty"},"schema":{"@context":"https:\/\/schema.org","@graph":[{"@type":"WebPage","@id":"https:\/\/www.reddingsbrigadenoordwijk.nl\/lifesaving\/lifesaving-zwemopleidingen\/","url":"https:\/\/www.reddingsbrigadenoordwijk.nl\/lifesaving\/lifesaving-zwemopleidingen\/","name":"Kursy p\u0142ywania ratuj\u0105cego \u017cycie - Reddingsbrigade Noordwijk","isPartOf":{"@id":"https:\/\/www.reddingsbrigadenoordwijk.nl\/#website"},"datePublished":"2021-01-24T22:05:16+00:00","dateModified":"2022-03-11T15:14:15+00:00","breadcrumb":{"@id":"https:\/\/www.reddingsbrigadenoordwijk.nl\/lifesaving\/lifesaving-zwemopleidingen\/#breadcrumb"},"inLanguage":"pl-PL","potentialAction":[{"@type":"ReadAction","target":["https:\/\/www.reddingsbrigadenoordwijk.nl\/lifesaving\/lifesaving-zwemopleidingen\/"]}]},{"@type":"BreadcrumbList","@id":"https:\/\/www.reddingsbrigadenoordwijk.nl\/lifesaving\/lifesaving-zwemopleidingen\/#breadcrumb","itemListElement":[{"@type":"ListItem","position":1,"name":"Home","item":"https:\/\/www.reddingsbrigadenoordwijk.nl\/"},{"@type":"ListItem","position":2,"name":"Lifesaving","item":"https:\/\/www.reddingsbrigadenoordwijk.nl\/lifesaving\/"},{"@type":"ListItem","position":3,"name":"Lifesaving zwemopleidingen"}]},{"@type":"WebSite","@id":"https:\/\/www.reddingsbrigadenoordwijk.nl\/#website","url":"https:\/\/www.reddingsbrigadenoordwijk.nl\/","name":"Zesp\u00f3\u0142 ratowniczy Noordwijk","description":"NRB","potentialAction":[{"@type":"SearchAction","target":{"@type":"EntryPoint","urlTemplate":"https:\/\/www.reddingsbrigadenoordwijk.nl\/?s={search_term_string}"},"query-input":{"@type":"PropertyValueSpecification","valueRequired":true,"valueName":"search_term_string"}}],"inLanguage":"pl-PL"}]}},"_links":{"self":[{"href":"https:\/\/www.reddingsbrigadenoordwijk.nl\/pl\/wp-json\/wp\/v2\/pages\/122","targetHints":{"allow":["GET"]}}],"collection":[{"href":"https:\/\/www.reddingsbrigadenoordwijk.nl\/pl\/wp-json\/wp\/v2\/pages"}],"about":[{"href":"https:\/\/www.reddingsbrigadenoordwijk.nl\/pl\/wp-json\/wp\/v2\/types\/page"}],"author":[{"embeddable":true,"href":"https:\/\/www.reddingsbrigadenoordwijk.nl\/pl\/wp-json\/wp\/v2\/users\/1"}],"replies":[{"embeddable":true,"href":"https:\/\/www.reddingsbrigadenoordwijk.nl\/pl\/wp-json\/wp\/v2\/comments?post=122"}],"version-history":[{"count":0,"href":"https:\/\/www.reddingsbrigadenoordwijk.nl\/pl\/wp-json\/wp\/v2\/pages\/122\/revisions"}],"up":[{"embeddable":true,"href":"https:\/\/www.reddingsbrigadenoordwijk.nl\/pl\/wp-json\/wp\/v2\/pages\/121"}],"wp:attachment":[{"href":"https:\/\/www.reddingsbrigadenoordwijk.nl\/pl\/wp-json\/wp\/v2\/media?parent=122"}],"curies":[{"name":"wp","href":"https:\/\/api.w.org\/{rel}","templated":true}]}}