{"id":113,"date":"2021-01-24T23:05:16","date_gmt":"2021-01-24T22:05:16","guid":{"rendered":"https:\/\/www.reddingsbrigadenoordwijk.nl\/lifeguards\/opleidingen\/jeugd-strandopleiding\/"},"modified":"2022-09-27T11:21:24","modified_gmt":"2022-09-27T09:21:24","slug":"jeugd-strandopleiding","status":"publish","type":"page","link":"https:\/\/www.reddingsbrigadenoordwijk.nl\/pl\/ratownicy\/szkolenie\/szkolenie-mlodziezy-na-plazy\/","title":{"rendered":"Szkolenie m\u0142odzie\u017cy na pla\u017cy"},"content":{"rendered":"<div class=\"vce-section\"><div class=\"vce-section-inner vce-element--has-background\" data-vce-full-width=\"true\" id=\"el-01815650\" data-vce-dynamic-image-all=\"01815650\" data-vce-do-apply=\"all el-01815650\"><div class=\"vce-content-background-container\"><div class=\"vce-asset-background-simple-container vce-visible-all-only vce-asset-background-simple--style-cover vce-asset-background-simple--position-center-center\"><div class=\"vce-asset-background-simple\"><div class=\"vce-asset-background-simple-item lazyload\" style=\"background-image:inherit;\" data-bg-image=\"url(&#039;https:\/\/www.reddingsbrigadenoordwijk.nl\/wp-content\/uploads\/2021\/10\/NRBDSC_0022-scaled.jpg?vcv-dynamic-field=featured_image&amp;alt=&amp;caption=&amp;title=NRBDSC_0022&#039;)\"><\/div><\/div><\/div><div class=\"vce-asset-color-gradient-container vce-visible-all-only\" data-vce-do-apply=\"gradient el-01815650\"><\/div><\/div><div data-vce-element-content=\"true\"><div class=\"vce-row-container\" data-vce-boxed-width=\"true\"><div class=\"vce-row vce-element--has-background vce-row--col-gap-30 vce-row-equal-height vce-row-content--top\" vce-box-shadow=\"el-4e91a910\" id=\"el-4e91a910\" data-vce-do-apply=\"all el-4e91a910\"><div class=\"vce-content-background-container\"><\/div><div class=\"vce-row-content\" data-vce-element-content=\"true\"><div class=\"vce-col vce-col--md-auto vce-col--xs-1 vce-col--xs-last vce-col--xs-first vce-col--sm-last vce-col--sm-first vce-col--md-last vce-col--lg-last vce-col--xl-last vce-col--md-first vce-col--lg-first vce-col--xl-first\" id=\"el-98af6f92\"><div class=\"vce-col-inner\" data-vce-do-apply=\"border margin background  el-98af6f92\"><div class=\"vce-col-content\" data-vce-element-content=\"true\" data-vce-do-apply=\"padding el-98af6f92\"><div class=\"vce-text-block\"><div class=\"vce-text-block-wrapper vce\" id=\"el-3dcb69d9\" data-vce-do-apply=\"all el-3dcb69d9\"><h1>Szkolenie m\u0142odzie\u017cy na pla\u017cy<\/h1><\/div><\/div><div class=\"vce-text-block\"><div class=\"vce-text-block-wrapper vce\" id=\"el-da2302f2\" data-vce-do-apply=\"all el-da2302f2\"><p style=\"text-align: right;\"><span><span><a href=\"https:\/\/www.reddingsbrigadenoordwijk.nl\/pl\/\">Strona g\u0142\u00f3wna<\/a><\/span><\/span><\/p><\/div><\/div><\/div><\/div><\/div><\/div><\/div><\/div><\/div><\/div><\/div><div class=\"vce-section\" data-vce-boxed-width=\"true\"><div class=\"vce-section-inner vce-element--has-background\" id=\"el-5f41b521\" data-vce-do-apply=\"all el-5f41b521\"><div class=\"vce-content-background-container\"><\/div><div data-vce-element-content=\"true\"><div class=\"vce-row-container\" data-vce-boxed-width=\"true\"><div class=\"vce-row vce-row--col-gap-30 vce-row-equal-height vce-row-content--top\" id=\"el-5d2d241b\" data-vce-do-apply=\"all el-5d2d241b\"><div class=\"vce-row-content\" data-vce-element-content=\"true\"><div class=\"vce-col vce-col--md-auto vce-col--xs-1 vce-col--xs-last vce-col--xs-first vce-col--sm-last vce-col--sm-first vce-col--md-last vce-col--lg-last vce-col--xl-last vce-col--md-first vce-col--lg-first vce-col--xl-first\" id=\"el-b7cfa6c6\"><div class=\"vce-col-inner\" data-vce-do-apply=\"border margin background  el-b7cfa6c6\"><div class=\"vce-col-content\" data-vce-element-content=\"true\" data-vce-do-apply=\"padding el-b7cfa6c6\"><div class=\"vce-text-block\"><div class=\"vce-text-block-wrapper vce\" id=\"el-a576256d\" data-vce-do-apply=\"all el-a576256d\"><h2>M\u0142odzi Zbawiciele<\/h2>\n<div class=\"x_layoutArea\">\n<div class=\"x_column\">\n<p>Organizacja m\u0142odzie\u017cowa Pla\u017ca<\/p>\n<\/div>\n<div class=\"x_column\">&nbsp;<\/div>\n<\/div>\n<div class=\"x_layoutArea\">\n<div class=\"x_column\">\n<p>Co roku Brygada Ratownicza Noordwijk organizuje na pla\u017cy szkolenie m\u0142odzie\u017cy. Szkolenie odbywa si\u0119 w okresie letnim, kiedy nie ma ratownictwa wodnego na basenie. Uczysz si\u0119 o wybrze\u017cu, zagro\u017ceniach dla k\u0105pi\u0105cych si\u0119 i p\u0142ywaj\u0105cych, przyp\u0142ywie i nadzorowaniu pla\u017cy. Dowiesz si\u0119 r\u00f3wnie\u017c jak ratowa\u0107, transportowa\u0107 i sprowadza\u0107 na bezpieczne miejsce osob\u0119 ton\u0105c\u0105 z morza. S\u0105 te\u017c dwa regularne dni walk-in, w kt\u00f3rych mo\u017cna obejrze\u0107 nasz\u0105 stacj\u0119 ratownik\u00f3w.<\/p>\n<p>\"Program \"M\u0142odzi Ratownicy\":<\/p>\n<p><strong>Dla<\/strong><br>Dzieci w wieku od 13 do 15 lat posiadaj\u0105ce co najmniej dyplom p\u0142ywacki B lub p\u0142ywaj\u0105ce z Brygad\u0105 Ratownicz\u0105 w Noordwijk<\/p>\n<p><strong>Gdzie<br><\/strong>Stacja ratownicza Noordwijkse Reddingsbrigade na Wilhelminaboulevard, wyj\u015bcie 10<\/p>\n<\/div>\n<\/div>\n<div class=\"x_layoutArea\">\n<div class=\"x_column\">\n<p><strong>Kiedy<\/strong><br><u>Zastosowanie:<\/u>&nbsp;przez ca\u0142y rok za po\u015brednictwem strony internetowej lub kierownictwa basenu<\/p>\n<p><u>Pocz\u0105tek<\/u><u>:<\/u>&nbsp;Wtorkowy wiecz\u00f3r 12 lipca 2022 r. w godz. 18:30 - 20:30<\/p>\n<p><u>Spotkania:<\/u>&nbsp;w ka\u017cdy wtorek wieczorem: od 12 lipca 2022 r. do 16 sierpnia 2022 r. od 18:45 do 20:30<\/p>\n<p><u>Zamkni\u0119cie:<\/u>&nbsp;W ostatni wiecz\u00f3r szkoleniowy rodzice zostali zaproszeni do udzia\u0142u w zaj\u0119ciach z pod\u0142\u0105czeniem przek\u0105sek i napoj\u00f3w.<b><\/b><\/p>\n<div><b>Koszt<\/b><\/div>\n<div>\n<ul>\n<li>Cz\u0142onek Noordwijkse Reddingsbrigade = \u20ac25.00<\/li>\n<li>Nie jestem (jeszcze) cz\u0142onkiem Noordwijkse reddingsbrigade = \u20ac25.00 + \u20ac25.00 cz\u0142onkostwo<\/li>\n<\/ul>\n<\/div>\n<\/div>\n<\/div><\/div><\/div><\/div><\/div><\/div><\/div><\/div><\/div><div class=\"vce-row-container\" data-vce-boxed-width=\"true\"><div class=\"vce-row vce-row--col-gap-30 vce-row-equal-height vce-row-content--top\" id=\"el-205dbf56\" data-vce-do-apply=\"all el-205dbf56\"><div class=\"vce-row-content\" data-vce-element-content=\"true\"><div class=\"vce-col vce-col--md-auto vce-col--xs-1 vce-col--xs-last vce-col--xs-first vce-col--sm-last vce-col--sm-first vce-col--md-last vce-col--lg-last vce-col--xl-last vce-col--md-first vce-col--lg-first vce-col--xl-first\" id=\"el-bfd946a2\"><div class=\"vce-col-inner\" data-vce-do-apply=\"border margin background  el-bfd946a2\"><div class=\"vce-col-content\" data-vce-element-content=\"true\" data-vce-do-apply=\"padding el-bfd946a2\"><div class=\"vce-button--style-basic-container vce-button--style-basic-container--align-left\"><span class=\"vce-button--style-basic-wrapper vce\" id=\"el-e3b91a55\" data-vce-do-apply=\"margin el-e3b91a55\"><a class=\"vce-button vce-button--style-basic vce-button--style-basic--border-square vce-button--style-basic--size-medium vce-button--style-basic--color-b-0-53-150--fff vce-button--style-basic--hover-color-b-255-87-0--fff\" href=\"https:\/\/www.reddingsbrigadenoordwijk.nl\/pl\/over-ons\/vrijwilliger-worden\/\" title=\"\" data-vce-do-apply=\"padding border background  el-e3b91a55\">Zg\u0142o\u015b si\u0119 na szkolenie M\u0142odych Ratownik\u00f3w<\/a><\/span><\/div><\/div><\/div><\/div><\/div><\/div><\/div><\/div><\/div><\/div>","protected":false},"excerpt":{"rendered":"<p>De Jonge Redders Jeugdorganisatie Strand &nbsp; Jaarlijks organiseert de Noordwijkse Reddingsbrigade de jeugdopleiding op het strand. De opleiding is in de zomerperiode als er geen zwemmend redden in het zwembad is. Je leer meer over de kust, de gevaren voor baders en zwemmers, het getij en toezicht houden aan het strand. Ook leer je hoe [&hellip;]<\/p>\n","protected":false},"author":1,"featured_media":11497,"parent":109,"menu_order":180,"comment_status":"closed","ping_status":"closed","template":"","meta":{"_acf_changed":false,"footnotes":""},"class_list":["post-113","page","type-page","status-publish","has-post-thumbnail","hentry"],"acf":[],"yoast_head":"<!-- This site is optimized with the Yoast SEO plugin v27.4 - https:\/\/yoast.com\/product\/yoast-seo-wordpress\/ -->\n<title>Jeugd strandopleiding - Reddingsbrigade Noordwijk<\/title>\n<meta name=\"robots\" content=\"index, follow, max-snippet:-1, max-image-preview:large, max-video-preview:-1\" \/>\n<link rel=\"canonical\" href=\"https:\/\/www.reddingsbrigadenoordwijk.nl\/pl\/lifeguards\/opleidingen\/jeugd-strandopleiding\/\" \/>\n<meta property=\"og:locale\" content=\"pl_PL\" \/>\n<meta property=\"og:type\" content=\"article\" \/>\n<meta property=\"og:title\" content=\"Jeugd strandopleiding - Reddingsbrigade Noordwijk\" \/>\n<meta property=\"og:description\" content=\"De Jonge Redders Jeugdorganisatie Strand &nbsp; Jaarlijks organiseert de Noordwijkse Reddingsbrigade de jeugdopleiding op het strand. De opleiding is in de zomerperiode als er geen zwemmend redden in het zwembad is. Je leer meer over de kust, de gevaren voor baders en zwemmers, het getij en toezicht houden aan het strand. Ook leer je hoe [&hellip;]\" \/>\n<meta property=\"og:url\" content=\"https:\/\/www.reddingsbrigadenoordwijk.nl\/pl\/lifeguards\/opleidingen\/jeugd-strandopleiding\/\" \/>\n<meta property=\"og:site_name\" content=\"Reddingsbrigade Noordwijk\" \/>\n<meta property=\"article:modified_time\" content=\"2022-09-27T09:21:24+00:00\" \/>\n<meta property=\"og:image\" content=\"https:\/\/www.reddingsbrigadenoordwijk.nl\/wp-content\/uploads\/2021\/10\/NRBDSC_0022-scaled.jpg\" \/>\n\t<meta property=\"og:image:width\" content=\"2560\" \/>\n\t<meta property=\"og:image:height\" content=\"1843\" \/>\n\t<meta property=\"og:image:type\" content=\"image\/jpeg\" \/>\n<meta name=\"twitter:card\" content=\"summary_large_image\" \/>\n<meta name=\"twitter:label1\" content=\"Szacowany czas czytania\" \/>\n\t<meta name=\"twitter:data1\" content=\"1 minuta\" \/>\n<script type=\"application\/ld+json\" class=\"yoast-schema-graph\">{\"@context\":\"https:\\\/\\\/schema.org\",\"@graph\":[{\"@type\":\"WebPage\",\"@id\":\"https:\\\/\\\/www.reddingsbrigadenoordwijk.nl\\\/lifeguards\\\/opleidingen\\\/jeugd-strandopleiding\\\/\",\"url\":\"https:\\\/\\\/www.reddingsbrigadenoordwijk.nl\\\/lifeguards\\\/opleidingen\\\/jeugd-strandopleiding\\\/\",\"name\":\"Jeugd strandopleiding - Reddingsbrigade Noordwijk\",\"isPartOf\":{\"@id\":\"https:\\\/\\\/www.reddingsbrigadenoordwijk.nl\\\/#website\"},\"primaryImageOfPage\":{\"@id\":\"https:\\\/\\\/www.reddingsbrigadenoordwijk.nl\\\/lifeguards\\\/opleidingen\\\/jeugd-strandopleiding\\\/#primaryimage\"},\"image\":{\"@id\":\"https:\\\/\\\/www.reddingsbrigadenoordwijk.nl\\\/lifeguards\\\/opleidingen\\\/jeugd-strandopleiding\\\/#primaryimage\"},\"thumbnailUrl\":\"https:\\\/\\\/www.reddingsbrigadenoordwijk.nl\\\/wp-content\\\/uploads\\\/2021\\\/10\\\/NRBDSC_0022-scaled.jpg\",\"datePublished\":\"2021-01-24T22:05:16+00:00\",\"dateModified\":\"2022-09-27T09:21:24+00:00\",\"breadcrumb\":{\"@id\":\"https:\\\/\\\/www.reddingsbrigadenoordwijk.nl\\\/lifeguards\\\/opleidingen\\\/jeugd-strandopleiding\\\/#breadcrumb\"},\"inLanguage\":\"pl-PL\",\"potentialAction\":[{\"@type\":\"ReadAction\",\"target\":[\"https:\\\/\\\/www.reddingsbrigadenoordwijk.nl\\\/lifeguards\\\/opleidingen\\\/jeugd-strandopleiding\\\/\"]}]},{\"@type\":\"ImageObject\",\"inLanguage\":\"pl-PL\",\"@id\":\"https:\\\/\\\/www.reddingsbrigadenoordwijk.nl\\\/lifeguards\\\/opleidingen\\\/jeugd-strandopleiding\\\/#primaryimage\",\"url\":\"https:\\\/\\\/www.reddingsbrigadenoordwijk.nl\\\/wp-content\\\/uploads\\\/2021\\\/10\\\/NRBDSC_0022-scaled.jpg\",\"contentUrl\":\"https:\\\/\\\/www.reddingsbrigadenoordwijk.nl\\\/wp-content\\\/uploads\\\/2021\\\/10\\\/NRBDSC_0022-scaled.jpg\",\"width\":2560,\"height\":1843},{\"@type\":\"BreadcrumbList\",\"@id\":\"https:\\\/\\\/www.reddingsbrigadenoordwijk.nl\\\/lifeguards\\\/opleidingen\\\/jeugd-strandopleiding\\\/#breadcrumb\",\"itemListElement\":[{\"@type\":\"ListItem\",\"position\":1,\"name\":\"Home\",\"item\":\"https:\\\/\\\/www.reddingsbrigadenoordwijk.nl\\\/\"},{\"@type\":\"ListItem\",\"position\":2,\"name\":\"Lifeguards\",\"item\":\"https:\\\/\\\/www.reddingsbrigadenoordwijk.nl\\\/lifeguards\\\/\"},{\"@type\":\"ListItem\",\"position\":3,\"name\":\"Opleidingen\",\"item\":\"https:\\\/\\\/www.reddingsbrigadenoordwijk.nl\\\/lifeguards\\\/opleidingen\\\/\"},{\"@type\":\"ListItem\",\"position\":4,\"name\":\"Jeugd strandopleiding\"}]},{\"@type\":\"WebSite\",\"@id\":\"https:\\\/\\\/www.reddingsbrigadenoordwijk.nl\\\/#website\",\"url\":\"https:\\\/\\\/www.reddingsbrigadenoordwijk.nl\\\/\",\"name\":\"Reddingsbrigade Noordwijk\",\"description\":\"NRB\",\"potentialAction\":[{\"@type\":\"SearchAction\",\"target\":{\"@type\":\"EntryPoint\",\"urlTemplate\":\"https:\\\/\\\/www.reddingsbrigadenoordwijk.nl\\\/?s={search_term_string}\"},\"query-input\":{\"@type\":\"PropertyValueSpecification\",\"valueRequired\":true,\"valueName\":\"search_term_string\"}}],\"inLanguage\":\"pl-PL\"}]}<\/script>\n<!-- \/ Yoast SEO plugin. -->","yoast_head_json":{"title":"Trening m\u0142odzie\u017cowy na pla\u017cy - Reddingsbrigade Noordwijk","robots":{"index":"index","follow":"follow","max-snippet":"max-snippet:-1","max-image-preview":"max-image-preview:large","max-video-preview":"max-video-preview:-1"},"canonical":"https:\/\/www.reddingsbrigadenoordwijk.nl\/pl\/lifeguards\/opleidingen\/jeugd-strandopleiding\/","og_locale":"pl_PL","og_type":"article","og_title":"Jeugd strandopleiding - Reddingsbrigade Noordwijk","og_description":"De Jonge Redders Jeugdorganisatie Strand &nbsp; Jaarlijks organiseert de Noordwijkse Reddingsbrigade de jeugdopleiding op het strand. De opleiding is in de zomerperiode als er geen zwemmend redden in het zwembad is. Je leer meer over de kust, de gevaren voor baders en zwemmers, het getij en toezicht houden aan het strand. Ook leer je hoe [&hellip;]","og_url":"https:\/\/www.reddingsbrigadenoordwijk.nl\/pl\/lifeguards\/opleidingen\/jeugd-strandopleiding\/","og_site_name":"Reddingsbrigade Noordwijk","article_modified_time":"2022-09-27T09:21:24+00:00","og_image":[{"width":2560,"height":1843,"url":"https:\/\/www.reddingsbrigadenoordwijk.nl\/wp-content\/uploads\/2021\/10\/NRBDSC_0022-scaled.jpg","type":"image\/jpeg"}],"twitter_card":"summary_large_image","twitter_misc":{"Szacowany czas czytania":"1 minuta"},"schema":{"@context":"https:\/\/schema.org","@graph":[{"@type":"WebPage","@id":"https:\/\/www.reddingsbrigadenoordwijk.nl\/lifeguards\/opleidingen\/jeugd-strandopleiding\/","url":"https:\/\/www.reddingsbrigadenoordwijk.nl\/lifeguards\/opleidingen\/jeugd-strandopleiding\/","name":"Trening m\u0142odzie\u017cowy na pla\u017cy - Reddingsbrigade Noordwijk","isPartOf":{"@id":"https:\/\/www.reddingsbrigadenoordwijk.nl\/#website"},"primaryImageOfPage":{"@id":"https:\/\/www.reddingsbrigadenoordwijk.nl\/lifeguards\/opleidingen\/jeugd-strandopleiding\/#primaryimage"},"image":{"@id":"https:\/\/www.reddingsbrigadenoordwijk.nl\/lifeguards\/opleidingen\/jeugd-strandopleiding\/#primaryimage"},"thumbnailUrl":"https:\/\/www.reddingsbrigadenoordwijk.nl\/wp-content\/uploads\/2021\/10\/NRBDSC_0022-scaled.jpg","datePublished":"2021-01-24T22:05:16+00:00","dateModified":"2022-09-27T09:21:24+00:00","breadcrumb":{"@id":"https:\/\/www.reddingsbrigadenoordwijk.nl\/lifeguards\/opleidingen\/jeugd-strandopleiding\/#breadcrumb"},"inLanguage":"pl-PL","potentialAction":[{"@type":"ReadAction","target":["https:\/\/www.reddingsbrigadenoordwijk.nl\/lifeguards\/opleidingen\/jeugd-strandopleiding\/"]}]},{"@type":"ImageObject","inLanguage":"pl-PL","@id":"https:\/\/www.reddingsbrigadenoordwijk.nl\/lifeguards\/opleidingen\/jeugd-strandopleiding\/#primaryimage","url":"https:\/\/www.reddingsbrigadenoordwijk.nl\/wp-content\/uploads\/2021\/10\/NRBDSC_0022-scaled.jpg","contentUrl":"https:\/\/www.reddingsbrigadenoordwijk.nl\/wp-content\/uploads\/2021\/10\/NRBDSC_0022-scaled.jpg","width":2560,"height":1843},{"@type":"BreadcrumbList","@id":"https:\/\/www.reddingsbrigadenoordwijk.nl\/lifeguards\/opleidingen\/jeugd-strandopleiding\/#breadcrumb","itemListElement":[{"@type":"ListItem","position":1,"name":"Home","item":"https:\/\/www.reddingsbrigadenoordwijk.nl\/"},{"@type":"ListItem","position":2,"name":"Lifeguards","item":"https:\/\/www.reddingsbrigadenoordwijk.nl\/lifeguards\/"},{"@type":"ListItem","position":3,"name":"Opleidingen","item":"https:\/\/www.reddingsbrigadenoordwijk.nl\/lifeguards\/opleidingen\/"},{"@type":"ListItem","position":4,"name":"Jeugd strandopleiding"}]},{"@type":"WebSite","@id":"https:\/\/www.reddingsbrigadenoordwijk.nl\/#website","url":"https:\/\/www.reddingsbrigadenoordwijk.nl\/","name":"Zesp\u00f3\u0142 ratowniczy Noordwijk","description":"NRB","potentialAction":[{"@type":"SearchAction","target":{"@type":"EntryPoint","urlTemplate":"https:\/\/www.reddingsbrigadenoordwijk.nl\/?s={search_term_string}"},"query-input":{"@type":"PropertyValueSpecification","valueRequired":true,"valueName":"search_term_string"}}],"inLanguage":"pl-PL"}]}},"_links":{"self":[{"href":"https:\/\/www.reddingsbrigadenoordwijk.nl\/pl\/wp-json\/wp\/v2\/pages\/113","targetHints":{"allow":["GET"]}}],"collection":[{"href":"https:\/\/www.reddingsbrigadenoordwijk.nl\/pl\/wp-json\/wp\/v2\/pages"}],"about":[{"href":"https:\/\/www.reddingsbrigadenoordwijk.nl\/pl\/wp-json\/wp\/v2\/types\/page"}],"author":[{"embeddable":true,"href":"https:\/\/www.reddingsbrigadenoordwijk.nl\/pl\/wp-json\/wp\/v2\/users\/1"}],"replies":[{"embeddable":true,"href":"https:\/\/www.reddingsbrigadenoordwijk.nl\/pl\/wp-json\/wp\/v2\/comments?post=113"}],"version-history":[{"count":1,"href":"https:\/\/www.reddingsbrigadenoordwijk.nl\/pl\/wp-json\/wp\/v2\/pages\/113\/revisions"}],"predecessor-version":[{"id":11758,"href":"https:\/\/www.reddingsbrigadenoordwijk.nl\/pl\/wp-json\/wp\/v2\/pages\/113\/revisions\/11758"}],"up":[{"embeddable":true,"href":"https:\/\/www.reddingsbrigadenoordwijk.nl\/pl\/wp-json\/wp\/v2\/pages\/109"}],"wp:featuredmedia":[{"embeddable":true,"href":"https:\/\/www.reddingsbrigadenoordwijk.nl\/pl\/wp-json\/wp\/v2\/media\/11497"}],"wp:attachment":[{"href":"https:\/\/www.reddingsbrigadenoordwijk.nl\/pl\/wp-json\/wp\/v2\/media?parent=113"}],"curies":[{"name":"wp","href":"https:\/\/api.w.org\/{rel}","templated":true}]}}