{"id":112,"date":"2021-01-24T23:05:16","date_gmt":"2021-01-24T22:05:16","guid":{"rendered":"https:\/\/www.reddingsbrigadenoordwijk.nl\/lifeguards\/opleidingen\/lifeguard-opleidingen\/"},"modified":"2022-03-12T13:04:35","modified_gmt":"2022-03-12T12:04:35","slug":"lifeguard-opleidingen","status":"publish","type":"page","link":"https:\/\/www.reddingsbrigadenoordwijk.nl\/pl\/ratownicy\/szkolenie\/szkolenie-ratownikow-wodnych\/","title":{"rendered":"Szkolenie ratownik\u00f3w wodnych"},"content":{"rendered":"<div class=\"vce-section\"><div class=\"vce-section-inner vce-element--has-background\" data-vce-full-width=\"true\" id=\"el-1d617312\" data-vce-dynamic-image-all=\"1d617312\" data-vce-do-apply=\"all el-1d617312\"><div class=\"vce-content-background-container\"><div class=\"vce-asset-background-simple-container vce-visible-all-only vce-asset-background-simple--style-cover vce-asset-background-simple--position-center-center\"><div class=\"vce-asset-background-simple\"><div class=\"vce-asset-background-simple-item lazyload\" style=\"background-image:inherit;\" data-bg-image=\"url(&#039;https:\/\/www.reddingsbrigadenoordwijk.nl\/wp-content\/uploads\/2021\/10\/LG-examen-3-juli-21-willem-krol-16-scaled.jpg?vcv-dynamic-field=featured_image&amp;alt=&amp;caption=&amp;title=LG+examen+3+juli+21+-willem+krol+16&#039;)\"><\/div><\/div><\/div><div class=\"vce-asset-color-gradient-container vce-visible-all-only\" data-vce-do-apply=\"gradient el-1d617312\"><\/div><\/div><div data-vce-element-content=\"true\"><div class=\"vce-row-container\" data-vce-boxed-width=\"true\"><div class=\"vce-row vce-element--has-background vce-row--col-gap-30 vce-row-equal-height vce-row-content--top\" vce-box-shadow=\"el-ce771d0e\" id=\"el-ce771d0e\" data-vce-do-apply=\"all el-ce771d0e\"><div class=\"vce-content-background-container\"><\/div><div class=\"vce-row-content\" data-vce-element-content=\"true\"><div class=\"vce-col vce-col--md-auto vce-col--xs-1 vce-col--xs-last vce-col--xs-first vce-col--sm-last vce-col--sm-first vce-col--md-last vce-col--lg-last vce-col--xl-last vce-col--md-first vce-col--lg-first vce-col--xl-first\" id=\"el-7c3eb1ac\"><div class=\"vce-col-inner\" data-vce-do-apply=\"border margin background  el-7c3eb1ac\"><div class=\"vce-col-content\" data-vce-element-content=\"true\" data-vce-do-apply=\"padding el-7c3eb1ac\"><div class=\"vce-text-block\"><div class=\"vce-text-block-wrapper vce\" id=\"el-7b916192\" data-vce-do-apply=\"all el-7b916192\"><h1>Szkolenie ratownik\u00f3w wodnych<\/h1><\/div><\/div><div class=\"vce-text-block\"><div class=\"vce-text-block-wrapper vce\" id=\"el-2594b450\" data-vce-do-apply=\"all el-2594b450\"><p style=\"text-align: right;\"><span><span><a href=\"https:\/\/www.reddingsbrigadenoordwijk.nl\/pl\/\">Strona g\u0142\u00f3wna<\/a><\/span><\/span><\/p><\/div><\/div><\/div><\/div><\/div><\/div><\/div><\/div><\/div><\/div><\/div><div class=\"vce-section\" data-vce-boxed-width=\"true\"><div class=\"vce-section-inner vce-element--has-background\" id=\"el-25b4bdfb\" data-vce-do-apply=\"all el-25b4bdfb\"><div class=\"vce-content-background-container\"><\/div><div data-vce-element-content=\"true\"><div class=\"vce-row-container\" data-vce-boxed-width=\"true\"><div class=\"vce-row vce-row--col-gap-30 vce-row-equal-height vce-row-content--top\" id=\"el-5effaf4f\" data-vce-do-apply=\"all el-5effaf4f\"><div class=\"vce-row-content\" data-vce-element-content=\"true\"><div class=\"vce-col vce-col--md-auto vce-col--xs-1 vce-col--xs-last vce-col--xs-first vce-col--sm-last vce-col--sm-first vce-col--md-last vce-col--lg-last vce-col--xl-last vce-col--md-first vce-col--lg-first vce-col--xl-first\" id=\"el-4e0177c4\"><div class=\"vce-col-inner\" data-vce-do-apply=\"border margin background  el-4e0177c4\"><div class=\"vce-col-content\" data-vce-element-content=\"true\" data-vce-do-apply=\"padding el-4e0177c4\"><div class=\"vce-text-block\"><div class=\"vce-text-block-wrapper vce\" id=\"el-52d3f6cc\" data-vce-do-apply=\"all el-52d3f6cc\"><h2>Szukamy ratownik\u00f3w! (od 16 roku \u017cycia)<\/h2>\n<p><strong>Lubisz przebywa\u0107 nad morzem, lubisz ruch i lubisz pomaga\u0107 ludziom? Zosta\u0144 ratownikiem w Reddingsbrigade Noordwijk i do\u0142\u0105cz do nas w dbaniu o bezpiecze\u0144stwo na pla\u017cy.<\/strong><\/p>\n<p>Rozpoczniesz od kursu szkoleniowego. Jako wykwalifikowany (m\u0142odszy) ratownik wodny ratujesz ludzi z morza i patrolujesz je podczas jazdy samochodem, \u017ceglugi i pieszo. Zostaniesz oddelegowany do pracy jako pierwsza osoba w centrum alarmowym 112 lub jako wsparcie dla innych s\u0142u\u017cb ratunkowych. B\u0119dziesz pomaga\u0107 w odnajdywaniu zaginionych dzieci i udziela\u0107 im pierwszej pomocy. Nasi ratownicy pracuj\u0105 na trzech stanowiskach na pla\u017cy. Za swoj\u0105 prac\u0119 otrzymasz wynagrodzenie dla wolontariusza.<\/p>\n<h4>Czas pracy spo\u0142ecznej<\/h4>\n<p>Je\u015bli jeste\u015b uczniem szko\u0142y, mo\u017cesz odby\u0107 s\u0142u\u017cb\u0119 spo\u0142eczn\u0105 w Reddingsbrigade Noordwijk, na przyk\u0142ad w ramach przedmiotu maturalnego: sport.<\/p><\/div><\/div><\/div><\/div><\/div><\/div><\/div><\/div><\/div><\/div><\/div><div class=\"vce-row-container\" data-vce-boxed-width=\"true\"><div class=\"vce-row vce-row--col-gap-30 vce-row-equal-height vce-row-content--top\" id=\"el-89af0893\" data-vce-do-apply=\"all el-89af0893\"><div class=\"vce-row-content\" data-vce-element-content=\"true\"><div class=\"vce-col vce-col--md-auto vce-col--xs-1 vce-col--xs-last vce-col--xs-first vce-col--sm-last vce-col--sm-first vce-col--md-last vce-col--lg-last vce-col--xl-last vce-col--md-first vce-col--lg-first vce-col--xl-first\" id=\"el-fe7bc1b9\"><div class=\"vce-col-inner\" data-vce-do-apply=\"border margin background  el-fe7bc1b9\"><div class=\"vce-col-content\" data-vce-element-content=\"true\" data-vce-do-apply=\"padding el-fe7bc1b9\"><div class=\"vce-button--style-basic-container vce-button--style-basic-container--align-left\"><span class=\"vce-button--style-basic-wrapper vce\" id=\"el-b255fbfe\" data-vce-do-apply=\"margin el-b255fbfe\"><a class=\"vce-button vce-button--style-basic vce-button--style-basic--border-square vce-button--style-basic--size-medium vce-button--style-basic--color-b-0-53-150--fff vce-button--style-basic--hover-color-b-255-87-0--fff\" href=\"https:\/\/www.reddingsbrigadenoordwijk.nl\/pl\/over-ons\/vrijwilliger-worden\/\" title=\"\" data-vce-do-apply=\"padding border background  el-b255fbfe\">Zapisz si\u0119 jako ratownik<\/a><\/span><\/div><\/div><\/div><\/div><\/div><\/div><\/div>","protected":false},"excerpt":{"rendered":"","protected":false},"author":1,"featured_media":11496,"parent":109,"menu_order":170,"comment_status":"closed","ping_status":"closed","template":"","meta":{"_acf_changed":false,"footnotes":""},"class_list":["post-112","page","type-page","status-publish","has-post-thumbnail","hentry"],"acf":[],"yoast_head":"<!-- This site is optimized with the Yoast SEO plugin v27.5 - https:\/\/yoast.com\/product\/yoast-seo-wordpress\/ -->\n<title>Lifeguard opleidingen - Reddingsbrigade Noordwijk<\/title>\n<meta name=\"robots\" content=\"index, follow, max-snippet:-1, max-image-preview:large, max-video-preview:-1\" \/>\n<link rel=\"canonical\" href=\"https:\/\/www.reddingsbrigadenoordwijk.nl\/pl\/lifeguards\/opleidingen\/lifeguard-opleidingen\/\" \/>\n<meta property=\"og:locale\" content=\"pl_PL\" \/>\n<meta property=\"og:type\" content=\"article\" \/>\n<meta property=\"og:title\" content=\"Lifeguard opleidingen - Reddingsbrigade Noordwijk\" \/>\n<meta property=\"og:url\" content=\"https:\/\/www.reddingsbrigadenoordwijk.nl\/pl\/lifeguards\/opleidingen\/lifeguard-opleidingen\/\" \/>\n<meta property=\"og:site_name\" content=\"Reddingsbrigade Noordwijk\" \/>\n<meta property=\"article:modified_time\" content=\"2022-03-12T12:04:35+00:00\" \/>\n<meta property=\"og:image\" content=\"https:\/\/www.reddingsbrigadenoordwijk.nl\/wp-content\/uploads\/2021\/10\/LG-examen-3-juli-21-willem-krol-16-scaled.jpg\" \/>\n\t<meta property=\"og:image:width\" content=\"2560\" \/>\n\t<meta property=\"og:image:height\" content=\"1849\" \/>\n\t<meta property=\"og:image:type\" content=\"image\/jpeg\" \/>\n<meta name=\"twitter:card\" content=\"summary_large_image\" \/>\n<meta name=\"twitter:label1\" content=\"Szacowany czas czytania\" \/>\n\t<meta name=\"twitter:data1\" content=\"1 minuta\" \/>\n<script type=\"application\/ld+json\" class=\"yoast-schema-graph\">{\"@context\":\"https:\\\/\\\/schema.org\",\"@graph\":[{\"@type\":\"WebPage\",\"@id\":\"https:\\\/\\\/www.reddingsbrigadenoordwijk.nl\\\/lifeguards\\\/opleidingen\\\/lifeguard-opleidingen\\\/\",\"url\":\"https:\\\/\\\/www.reddingsbrigadenoordwijk.nl\\\/lifeguards\\\/opleidingen\\\/lifeguard-opleidingen\\\/\",\"name\":\"Lifeguard opleidingen - Reddingsbrigade Noordwijk\",\"isPartOf\":{\"@id\":\"https:\\\/\\\/www.reddingsbrigadenoordwijk.nl\\\/#website\"},\"primaryImageOfPage\":{\"@id\":\"https:\\\/\\\/www.reddingsbrigadenoordwijk.nl\\\/lifeguards\\\/opleidingen\\\/lifeguard-opleidingen\\\/#primaryimage\"},\"image\":{\"@id\":\"https:\\\/\\\/www.reddingsbrigadenoordwijk.nl\\\/lifeguards\\\/opleidingen\\\/lifeguard-opleidingen\\\/#primaryimage\"},\"thumbnailUrl\":\"https:\\\/\\\/www.reddingsbrigadenoordwijk.nl\\\/wp-content\\\/uploads\\\/2021\\\/10\\\/LG-examen-3-juli-21-willem-krol-16-scaled.jpg\",\"datePublished\":\"2021-01-24T22:05:16+00:00\",\"dateModified\":\"2022-03-12T12:04:35+00:00\",\"breadcrumb\":{\"@id\":\"https:\\\/\\\/www.reddingsbrigadenoordwijk.nl\\\/lifeguards\\\/opleidingen\\\/lifeguard-opleidingen\\\/#breadcrumb\"},\"inLanguage\":\"pl-PL\",\"potentialAction\":[{\"@type\":\"ReadAction\",\"target\":[\"https:\\\/\\\/www.reddingsbrigadenoordwijk.nl\\\/lifeguards\\\/opleidingen\\\/lifeguard-opleidingen\\\/\"]}]},{\"@type\":\"ImageObject\",\"inLanguage\":\"pl-PL\",\"@id\":\"https:\\\/\\\/www.reddingsbrigadenoordwijk.nl\\\/lifeguards\\\/opleidingen\\\/lifeguard-opleidingen\\\/#primaryimage\",\"url\":\"https:\\\/\\\/www.reddingsbrigadenoordwijk.nl\\\/wp-content\\\/uploads\\\/2021\\\/10\\\/LG-examen-3-juli-21-willem-krol-16-scaled.jpg\",\"contentUrl\":\"https:\\\/\\\/www.reddingsbrigadenoordwijk.nl\\\/wp-content\\\/uploads\\\/2021\\\/10\\\/LG-examen-3-juli-21-willem-krol-16-scaled.jpg\",\"width\":2560,\"height\":1849},{\"@type\":\"BreadcrumbList\",\"@id\":\"https:\\\/\\\/www.reddingsbrigadenoordwijk.nl\\\/lifeguards\\\/opleidingen\\\/lifeguard-opleidingen\\\/#breadcrumb\",\"itemListElement\":[{\"@type\":\"ListItem\",\"position\":1,\"name\":\"Home\",\"item\":\"https:\\\/\\\/www.reddingsbrigadenoordwijk.nl\\\/\"},{\"@type\":\"ListItem\",\"position\":2,\"name\":\"Lifeguards\",\"item\":\"https:\\\/\\\/www.reddingsbrigadenoordwijk.nl\\\/lifeguards\\\/\"},{\"@type\":\"ListItem\",\"position\":3,\"name\":\"Opleidingen\",\"item\":\"https:\\\/\\\/www.reddingsbrigadenoordwijk.nl\\\/lifeguards\\\/opleidingen\\\/\"},{\"@type\":\"ListItem\",\"position\":4,\"name\":\"Lifeguard opleidingen\"}]},{\"@type\":\"WebSite\",\"@id\":\"https:\\\/\\\/www.reddingsbrigadenoordwijk.nl\\\/#website\",\"url\":\"https:\\\/\\\/www.reddingsbrigadenoordwijk.nl\\\/\",\"name\":\"Reddingsbrigade Noordwijk\",\"description\":\"NRB\",\"potentialAction\":[{\"@type\":\"SearchAction\",\"target\":{\"@type\":\"EntryPoint\",\"urlTemplate\":\"https:\\\/\\\/www.reddingsbrigadenoordwijk.nl\\\/?s={search_term_string}\"},\"query-input\":{\"@type\":\"PropertyValueSpecification\",\"valueRequired\":true,\"valueName\":\"search_term_string\"}}],\"inLanguage\":\"pl-PL\"}]}<\/script>\n<!-- \/ Yoast SEO plugin. -->","yoast_head_json":{"title":"Kursy szkoleniowe dla ratownik\u00f3w - Reddingsbrigade Noordwijk","robots":{"index":"index","follow":"follow","max-snippet":"max-snippet:-1","max-image-preview":"max-image-preview:large","max-video-preview":"max-video-preview:-1"},"canonical":"https:\/\/www.reddingsbrigadenoordwijk.nl\/pl\/lifeguards\/opleidingen\/lifeguard-opleidingen\/","og_locale":"pl_PL","og_type":"article","og_title":"Lifeguard opleidingen - Reddingsbrigade Noordwijk","og_url":"https:\/\/www.reddingsbrigadenoordwijk.nl\/pl\/lifeguards\/opleidingen\/lifeguard-opleidingen\/","og_site_name":"Reddingsbrigade Noordwijk","article_modified_time":"2022-03-12T12:04:35+00:00","og_image":[{"width":2560,"height":1849,"url":"https:\/\/www.reddingsbrigadenoordwijk.nl\/wp-content\/uploads\/2021\/10\/LG-examen-3-juli-21-willem-krol-16-scaled.jpg","type":"image\/jpeg"}],"twitter_card":"summary_large_image","twitter_misc":{"Szacowany czas czytania":"1 minuta"},"schema":{"@context":"https:\/\/schema.org","@graph":[{"@type":"WebPage","@id":"https:\/\/www.reddingsbrigadenoordwijk.nl\/lifeguards\/opleidingen\/lifeguard-opleidingen\/","url":"https:\/\/www.reddingsbrigadenoordwijk.nl\/lifeguards\/opleidingen\/lifeguard-opleidingen\/","name":"Kursy szkoleniowe dla ratownik\u00f3w - Reddingsbrigade Noordwijk","isPartOf":{"@id":"https:\/\/www.reddingsbrigadenoordwijk.nl\/#website"},"primaryImageOfPage":{"@id":"https:\/\/www.reddingsbrigadenoordwijk.nl\/lifeguards\/opleidingen\/lifeguard-opleidingen\/#primaryimage"},"image":{"@id":"https:\/\/www.reddingsbrigadenoordwijk.nl\/lifeguards\/opleidingen\/lifeguard-opleidingen\/#primaryimage"},"thumbnailUrl":"https:\/\/www.reddingsbrigadenoordwijk.nl\/wp-content\/uploads\/2021\/10\/LG-examen-3-juli-21-willem-krol-16-scaled.jpg","datePublished":"2021-01-24T22:05:16+00:00","dateModified":"2022-03-12T12:04:35+00:00","breadcrumb":{"@id":"https:\/\/www.reddingsbrigadenoordwijk.nl\/lifeguards\/opleidingen\/lifeguard-opleidingen\/#breadcrumb"},"inLanguage":"pl-PL","potentialAction":[{"@type":"ReadAction","target":["https:\/\/www.reddingsbrigadenoordwijk.nl\/lifeguards\/opleidingen\/lifeguard-opleidingen\/"]}]},{"@type":"ImageObject","inLanguage":"pl-PL","@id":"https:\/\/www.reddingsbrigadenoordwijk.nl\/lifeguards\/opleidingen\/lifeguard-opleidingen\/#primaryimage","url":"https:\/\/www.reddingsbrigadenoordwijk.nl\/wp-content\/uploads\/2021\/10\/LG-examen-3-juli-21-willem-krol-16-scaled.jpg","contentUrl":"https:\/\/www.reddingsbrigadenoordwijk.nl\/wp-content\/uploads\/2021\/10\/LG-examen-3-juli-21-willem-krol-16-scaled.jpg","width":2560,"height":1849},{"@type":"BreadcrumbList","@id":"https:\/\/www.reddingsbrigadenoordwijk.nl\/lifeguards\/opleidingen\/lifeguard-opleidingen\/#breadcrumb","itemListElement":[{"@type":"ListItem","position":1,"name":"Home","item":"https:\/\/www.reddingsbrigadenoordwijk.nl\/"},{"@type":"ListItem","position":2,"name":"Lifeguards","item":"https:\/\/www.reddingsbrigadenoordwijk.nl\/lifeguards\/"},{"@type":"ListItem","position":3,"name":"Opleidingen","item":"https:\/\/www.reddingsbrigadenoordwijk.nl\/lifeguards\/opleidingen\/"},{"@type":"ListItem","position":4,"name":"Lifeguard opleidingen"}]},{"@type":"WebSite","@id":"https:\/\/www.reddingsbrigadenoordwijk.nl\/#website","url":"https:\/\/www.reddingsbrigadenoordwijk.nl\/","name":"Zesp\u00f3\u0142 ratowniczy Noordwijk","description":"NRB","potentialAction":[{"@type":"SearchAction","target":{"@type":"EntryPoint","urlTemplate":"https:\/\/www.reddingsbrigadenoordwijk.nl\/?s={search_term_string}"},"query-input":{"@type":"PropertyValueSpecification","valueRequired":true,"valueName":"search_term_string"}}],"inLanguage":"pl-PL"}]}},"_links":{"self":[{"href":"https:\/\/www.reddingsbrigadenoordwijk.nl\/pl\/wp-json\/wp\/v2\/pages\/112","targetHints":{"allow":["GET"]}}],"collection":[{"href":"https:\/\/www.reddingsbrigadenoordwijk.nl\/pl\/wp-json\/wp\/v2\/pages"}],"about":[{"href":"https:\/\/www.reddingsbrigadenoordwijk.nl\/pl\/wp-json\/wp\/v2\/types\/page"}],"author":[{"embeddable":true,"href":"https:\/\/www.reddingsbrigadenoordwijk.nl\/pl\/wp-json\/wp\/v2\/users\/1"}],"replies":[{"embeddable":true,"href":"https:\/\/www.reddingsbrigadenoordwijk.nl\/pl\/wp-json\/wp\/v2\/comments?post=112"}],"version-history":[{"count":0,"href":"https:\/\/www.reddingsbrigadenoordwijk.nl\/pl\/wp-json\/wp\/v2\/pages\/112\/revisions"}],"up":[{"embeddable":true,"href":"https:\/\/www.reddingsbrigadenoordwijk.nl\/pl\/wp-json\/wp\/v2\/pages\/109"}],"wp:featuredmedia":[{"embeddable":true,"href":"https:\/\/www.reddingsbrigadenoordwijk.nl\/pl\/wp-json\/wp\/v2\/media\/11496"}],"wp:attachment":[{"href":"https:\/\/www.reddingsbrigadenoordwijk.nl\/pl\/wp-json\/wp\/v2\/media?parent=112"}],"curies":[{"name":"wp","href":"https:\/\/api.w.org\/{rel}","templated":true}]}}