{"id":110,"date":"2021-01-24T23:05:15","date_gmt":"2021-01-24T22:05:15","guid":{"rendered":"https:\/\/www.reddingsbrigadenoordwijk.nl\/lifeguards\/opleidingen\/ehbo\/"},"modified":"2022-02-21T23:02:38","modified_gmt":"2022-02-21T22:02:38","slug":"ehbo","status":"publish","type":"page","link":"https:\/\/www.reddingsbrigadenoordwijk.nl\/pl\/ratownicy\/szkolenie\/pomoc-w-naglych-wypadkach\/","title":{"rendered":"Szkolenie z zakresu pierwszej pomocy"},"content":{"rendered":"<div class=\"vce-section\"><div class=\"vce-section-inner vce-element--has-background\" data-vce-full-width=\"true\" id=\"el-c1af1690\" data-vce-dynamic-image-all=\"c1af1690\" data-vce-do-apply=\"all el-c1af1690\"><div class=\"vce-content-background-container\"><div class=\"vce-asset-background-simple-container vce-visible-all-only vce-asset-background-simple--style-cover vce-asset-background-simple--position-center-center\"><div class=\"vce-asset-background-simple\"><div class=\"vce-asset-background-simple-item lazyload\" style=\"background-image:inherit;\" data-bg-image=\"url(&#039;https:\/\/www.reddingsbrigadenoordwijk.nl\/wp-content\/uploads\/2021\/04\/FB_IMG_1531774965216.jpg?vcv-dynamic-field=featured_image&amp;alt=&amp;caption=&amp;title=FB_IMG_1531774965216&#039;)\"><\/div><\/div><\/div><div class=\"vce-asset-color-gradient-container vce-visible-all-only\" data-vce-do-apply=\"gradient el-c1af1690\"><\/div><\/div><div data-vce-element-content=\"true\"><div class=\"vce-row-container\" data-vce-boxed-width=\"true\"><div class=\"vce-row vce-element--has-background vce-row--col-gap-30 vce-row-equal-height vce-row-content--top\" vce-box-shadow=\"el-73338ac0\" id=\"el-73338ac0\" data-vce-do-apply=\"all el-73338ac0\"><div class=\"vce-content-background-container\"><\/div><div class=\"vce-row-content\" data-vce-element-content=\"true\"><div class=\"vce-col vce-col--md-auto vce-col--xs-1 vce-col--xs-last vce-col--xs-first vce-col--sm-last vce-col--sm-first vce-col--md-last vce-col--lg-last vce-col--xl-last vce-col--md-first vce-col--lg-first vce-col--xl-first\" id=\"el-d8b7e764\"><div class=\"vce-col-inner\" data-vce-do-apply=\"border margin background  el-d8b7e764\"><div class=\"vce-col-content\" data-vce-element-content=\"true\" data-vce-do-apply=\"padding el-d8b7e764\"><div class=\"vce-text-block\"><div class=\"vce-text-block-wrapper vce\" id=\"el-22a01a15\" data-vce-do-apply=\"all el-22a01a15\"><h1>Szkolenie z zakresu pierwszej pomocy<\/h1><\/div><\/div><div class=\"vce-text-block\"><div class=\"vce-text-block-wrapper vce\" id=\"el-954fd4c0\" data-vce-do-apply=\"all el-954fd4c0\"><p style=\"text-align: right;\"><span><span><a href=\"https:\/\/www.reddingsbrigadenoordwijk.nl\/pl\/\">Strona g\u0142\u00f3wna<\/a><\/span><\/span><\/p><\/div><\/div><\/div><\/div><\/div><\/div><\/div><\/div><\/div><\/div><\/div><div class=\"vce-section\" data-vce-boxed-width=\"true\"><div class=\"vce-section-inner vce-element--has-background\" id=\"el-6f9bfaa6\" data-vce-do-apply=\"all el-6f9bfaa6\"><div class=\"vce-content-background-container\"><\/div><div data-vce-element-content=\"true\"><div class=\"vce-row-container\" data-vce-boxed-width=\"true\"><div class=\"vce-row vce-row--col-gap-30 vce-row-equal-height vce-row-content--top\" id=\"el-a442606b\" data-vce-do-apply=\"all el-a442606b\"><div class=\"vce-row-content\" data-vce-element-content=\"true\"><div class=\"vce-col vce-col--md-auto vce-col--xs-1 vce-col--xs-last vce-col--xs-first vce-col--sm-last vce-col--sm-first vce-col--md-last vce-col--lg-last vce-col--xl-last vce-col--md-first vce-col--lg-first vce-col--xl-first\" id=\"el-357a5d13\"><div class=\"vce-col-inner\" data-vce-do-apply=\"border margin background  el-357a5d13\"><div class=\"vce-col-content\" data-vce-element-content=\"true\" data-vce-do-apply=\"padding el-357a5d13\"><div class=\"vce-text-block\"><div class=\"vce-text-block-wrapper vce\" id=\"el-1cbe014f\" data-vce-do-apply=\"all el-1cbe014f\"><p><strong>W trakcie pracy ratownik medyczny czasami ulega wypadkowi lub zdarzeniu, podczas kt\u00f3rego ma leczy\u0107 urazy i choroby.<\/strong><\/p>\n<p>Aby przygotowa\u0107 do tego ratownika, Reddingsbrigade Noordwijk szkoli swoich ratownik\u00f3w w zakresie pierwszej pomocy Czerwonego Krzy\u017ca. Po uko\u0144czeniu kursu ratownik b\u0119dzie potrafi\u0142 sprowadzi\u0107 poszkodowanego w bezpieczne miejsce, oceni\u0107 jego stan, przeprowadzi\u0107 resuscytacj\u0119 kr\u0105\u017ceniowo-oddechow\u0105, u\u017cy\u0107 defibrylatora AED i udzieli\u0107 pierwszej pomocy. Po pomy\u015blnym uko\u0144czeniu kursu ratownik otrzymuje certyfikat Europejskiego Czerwonego Krzy\u017ca (rozszerzona pierwsza pomoc).&nbsp;<\/p>\n<p>Mimo \u017ce certyfikat jest wa\u017cny przez dwa lata, prosimy ratownik\u00f3w o coroczne wykazanie, \u017ce nadal posiadaj\u0105 wymagane umiej\u0119tno\u015bci i wiedz\u0119. W tym celu Brygada Ratownictwa Medycznego organizuje szkolenia i \u0107wiczenia od\u015bwie\u017caj\u0105ce i uzupe\u0142niaj\u0105ce.&nbsp;<\/p><\/div><\/div><\/div><\/div><\/div><\/div><\/div><\/div><\/div><\/div><\/div>","protected":false},"excerpt":{"rendered":"<p>Een lifeguard wordt tijdens de werkzaamheden soms geconfronteerd met een ongeval of een incident waarbij van de lifeguard wordt verwacht om verwondingen en aandoeningen te behandelen. Om de lifeguard hierop voor te bereiden leidt Reddingsbrigade Noordwijk haar lifeguards op met een EHBO-cursus van het Rode Kruis. Na afloop van de cursus kan de lifeguard een [&hellip;]<\/p>\n","protected":false},"author":1,"featured_media":11025,"parent":109,"menu_order":150,"comment_status":"closed","ping_status":"closed","template":"","meta":{"_acf_changed":false,"footnotes":""},"class_list":["post-110","page","type-page","status-publish","has-post-thumbnail","hentry"],"acf":[],"yoast_head":"<!-- This site is optimized with the Yoast SEO plugin v27.5 - https:\/\/yoast.com\/product\/yoast-seo-wordpress\/ -->\n<title>EHBO Opleiding - Reddingsbrigade Noordwijk<\/title>\n<meta name=\"robots\" content=\"index, follow, max-snippet:-1, max-image-preview:large, max-video-preview:-1\" \/>\n<link rel=\"canonical\" href=\"https:\/\/www.reddingsbrigadenoordwijk.nl\/pl\/lifeguards\/opleidingen\/ehbo\/\" \/>\n<meta property=\"og:locale\" content=\"pl_PL\" \/>\n<meta property=\"og:type\" content=\"article\" \/>\n<meta property=\"og:title\" content=\"EHBO Opleiding - Reddingsbrigade Noordwijk\" \/>\n<meta property=\"og:description\" content=\"Een lifeguard wordt tijdens de werkzaamheden soms geconfronteerd met een ongeval of een incident waarbij van de lifeguard wordt verwacht om verwondingen en aandoeningen te behandelen. Om de lifeguard hierop voor te bereiden leidt Reddingsbrigade Noordwijk haar lifeguards op met een EHBO-cursus van het Rode Kruis. Na afloop van de cursus kan de lifeguard een [&hellip;]\" \/>\n<meta property=\"og:url\" content=\"https:\/\/www.reddingsbrigadenoordwijk.nl\/pl\/lifeguards\/opleidingen\/ehbo\/\" \/>\n<meta property=\"og:site_name\" content=\"Reddingsbrigade Noordwijk\" \/>\n<meta property=\"article:modified_time\" content=\"2022-02-21T22:02:38+00:00\" \/>\n<meta property=\"og:image\" content=\"https:\/\/www.reddingsbrigadenoordwijk.nl\/wp-content\/uploads\/2021\/04\/FB_IMG_1531774965216.jpg\" \/>\n\t<meta property=\"og:image:width\" content=\"1000\" \/>\n\t<meta property=\"og:image:height\" content=\"665\" \/>\n\t<meta property=\"og:image:type\" content=\"image\/jpeg\" \/>\n<meta name=\"twitter:card\" content=\"summary_large_image\" \/>\n<meta name=\"twitter:label1\" content=\"Szacowany czas czytania\" \/>\n\t<meta name=\"twitter:data1\" content=\"1 minuta\" \/>\n<script type=\"application\/ld+json\" class=\"yoast-schema-graph\">{\"@context\":\"https:\\\/\\\/schema.org\",\"@graph\":[{\"@type\":\"WebPage\",\"@id\":\"https:\\\/\\\/www.reddingsbrigadenoordwijk.nl\\\/lifeguards\\\/opleidingen\\\/ehbo\\\/\",\"url\":\"https:\\\/\\\/www.reddingsbrigadenoordwijk.nl\\\/lifeguards\\\/opleidingen\\\/ehbo\\\/\",\"name\":\"EHBO Opleiding - Reddingsbrigade Noordwijk\",\"isPartOf\":{\"@id\":\"https:\\\/\\\/www.reddingsbrigadenoordwijk.nl\\\/#website\"},\"primaryImageOfPage\":{\"@id\":\"https:\\\/\\\/www.reddingsbrigadenoordwijk.nl\\\/lifeguards\\\/opleidingen\\\/ehbo\\\/#primaryimage\"},\"image\":{\"@id\":\"https:\\\/\\\/www.reddingsbrigadenoordwijk.nl\\\/lifeguards\\\/opleidingen\\\/ehbo\\\/#primaryimage\"},\"thumbnailUrl\":\"https:\\\/\\\/www.reddingsbrigadenoordwijk.nl\\\/wp-content\\\/uploads\\\/2021\\\/04\\\/FB_IMG_1531774965216.jpg\",\"datePublished\":\"2021-01-24T22:05:15+00:00\",\"dateModified\":\"2022-02-21T22:02:38+00:00\",\"breadcrumb\":{\"@id\":\"https:\\\/\\\/www.reddingsbrigadenoordwijk.nl\\\/lifeguards\\\/opleidingen\\\/ehbo\\\/#breadcrumb\"},\"inLanguage\":\"pl-PL\",\"potentialAction\":[{\"@type\":\"ReadAction\",\"target\":[\"https:\\\/\\\/www.reddingsbrigadenoordwijk.nl\\\/lifeguards\\\/opleidingen\\\/ehbo\\\/\"]}]},{\"@type\":\"ImageObject\",\"inLanguage\":\"pl-PL\",\"@id\":\"https:\\\/\\\/www.reddingsbrigadenoordwijk.nl\\\/lifeguards\\\/opleidingen\\\/ehbo\\\/#primaryimage\",\"url\":\"https:\\\/\\\/www.reddingsbrigadenoordwijk.nl\\\/wp-content\\\/uploads\\\/2021\\\/04\\\/FB_IMG_1531774965216.jpg\",\"contentUrl\":\"https:\\\/\\\/www.reddingsbrigadenoordwijk.nl\\\/wp-content\\\/uploads\\\/2021\\\/04\\\/FB_IMG_1531774965216.jpg\",\"width\":1000,\"height\":665},{\"@type\":\"BreadcrumbList\",\"@id\":\"https:\\\/\\\/www.reddingsbrigadenoordwijk.nl\\\/lifeguards\\\/opleidingen\\\/ehbo\\\/#breadcrumb\",\"itemListElement\":[{\"@type\":\"ListItem\",\"position\":1,\"name\":\"Home\",\"item\":\"https:\\\/\\\/www.reddingsbrigadenoordwijk.nl\\\/\"},{\"@type\":\"ListItem\",\"position\":2,\"name\":\"Lifeguards\",\"item\":\"https:\\\/\\\/www.reddingsbrigadenoordwijk.nl\\\/lifeguards\\\/\"},{\"@type\":\"ListItem\",\"position\":3,\"name\":\"Opleidingen\",\"item\":\"https:\\\/\\\/www.reddingsbrigadenoordwijk.nl\\\/lifeguards\\\/opleidingen\\\/\"},{\"@type\":\"ListItem\",\"position\":4,\"name\":\"EHBO Opleiding\"}]},{\"@type\":\"WebSite\",\"@id\":\"https:\\\/\\\/www.reddingsbrigadenoordwijk.nl\\\/#website\",\"url\":\"https:\\\/\\\/www.reddingsbrigadenoordwijk.nl\\\/\",\"name\":\"Reddingsbrigade Noordwijk\",\"description\":\"NRB\",\"potentialAction\":[{\"@type\":\"SearchAction\",\"target\":{\"@type\":\"EntryPoint\",\"urlTemplate\":\"https:\\\/\\\/www.reddingsbrigadenoordwijk.nl\\\/?s={search_term_string}\"},\"query-input\":{\"@type\":\"PropertyValueSpecification\",\"valueRequired\":true,\"valueName\":\"search_term_string\"}}],\"inLanguage\":\"pl-PL\"}]}<\/script>\n<!-- \/ Yoast SEO plugin. -->","yoast_head_json":{"title":"Szkolenie z pierwszej pomocy - Reddingsbrigade Noordwijk","robots":{"index":"index","follow":"follow","max-snippet":"max-snippet:-1","max-image-preview":"max-image-preview:large","max-video-preview":"max-video-preview:-1"},"canonical":"https:\/\/www.reddingsbrigadenoordwijk.nl\/pl\/lifeguards\/opleidingen\/ehbo\/","og_locale":"pl_PL","og_type":"article","og_title":"EHBO Opleiding - Reddingsbrigade Noordwijk","og_description":"Een lifeguard wordt tijdens de werkzaamheden soms geconfronteerd met een ongeval of een incident waarbij van de lifeguard wordt verwacht om verwondingen en aandoeningen te behandelen. Om de lifeguard hierop voor te bereiden leidt Reddingsbrigade Noordwijk haar lifeguards op met een EHBO-cursus van het Rode Kruis. Na afloop van de cursus kan de lifeguard een [&hellip;]","og_url":"https:\/\/www.reddingsbrigadenoordwijk.nl\/pl\/lifeguards\/opleidingen\/ehbo\/","og_site_name":"Reddingsbrigade Noordwijk","article_modified_time":"2022-02-21T22:02:38+00:00","og_image":[{"width":1000,"height":665,"url":"https:\/\/www.reddingsbrigadenoordwijk.nl\/wp-content\/uploads\/2021\/04\/FB_IMG_1531774965216.jpg","type":"image\/jpeg"}],"twitter_card":"summary_large_image","twitter_misc":{"Szacowany czas czytania":"1 minuta"},"schema":{"@context":"https:\/\/schema.org","@graph":[{"@type":"WebPage","@id":"https:\/\/www.reddingsbrigadenoordwijk.nl\/lifeguards\/opleidingen\/ehbo\/","url":"https:\/\/www.reddingsbrigadenoordwijk.nl\/lifeguards\/opleidingen\/ehbo\/","name":"Szkolenie z pierwszej pomocy - Reddingsbrigade Noordwijk","isPartOf":{"@id":"https:\/\/www.reddingsbrigadenoordwijk.nl\/#website"},"primaryImageOfPage":{"@id":"https:\/\/www.reddingsbrigadenoordwijk.nl\/lifeguards\/opleidingen\/ehbo\/#primaryimage"},"image":{"@id":"https:\/\/www.reddingsbrigadenoordwijk.nl\/lifeguards\/opleidingen\/ehbo\/#primaryimage"},"thumbnailUrl":"https:\/\/www.reddingsbrigadenoordwijk.nl\/wp-content\/uploads\/2021\/04\/FB_IMG_1531774965216.jpg","datePublished":"2021-01-24T22:05:15+00:00","dateModified":"2022-02-21T22:02:38+00:00","breadcrumb":{"@id":"https:\/\/www.reddingsbrigadenoordwijk.nl\/lifeguards\/opleidingen\/ehbo\/#breadcrumb"},"inLanguage":"pl-PL","potentialAction":[{"@type":"ReadAction","target":["https:\/\/www.reddingsbrigadenoordwijk.nl\/lifeguards\/opleidingen\/ehbo\/"]}]},{"@type":"ImageObject","inLanguage":"pl-PL","@id":"https:\/\/www.reddingsbrigadenoordwijk.nl\/lifeguards\/opleidingen\/ehbo\/#primaryimage","url":"https:\/\/www.reddingsbrigadenoordwijk.nl\/wp-content\/uploads\/2021\/04\/FB_IMG_1531774965216.jpg","contentUrl":"https:\/\/www.reddingsbrigadenoordwijk.nl\/wp-content\/uploads\/2021\/04\/FB_IMG_1531774965216.jpg","width":1000,"height":665},{"@type":"BreadcrumbList","@id":"https:\/\/www.reddingsbrigadenoordwijk.nl\/lifeguards\/opleidingen\/ehbo\/#breadcrumb","itemListElement":[{"@type":"ListItem","position":1,"name":"Home","item":"https:\/\/www.reddingsbrigadenoordwijk.nl\/"},{"@type":"ListItem","position":2,"name":"Lifeguards","item":"https:\/\/www.reddingsbrigadenoordwijk.nl\/lifeguards\/"},{"@type":"ListItem","position":3,"name":"Opleidingen","item":"https:\/\/www.reddingsbrigadenoordwijk.nl\/lifeguards\/opleidingen\/"},{"@type":"ListItem","position":4,"name":"EHBO Opleiding"}]},{"@type":"WebSite","@id":"https:\/\/www.reddingsbrigadenoordwijk.nl\/#website","url":"https:\/\/www.reddingsbrigadenoordwijk.nl\/","name":"Zesp\u00f3\u0142 ratowniczy Noordwijk","description":"NRB","potentialAction":[{"@type":"SearchAction","target":{"@type":"EntryPoint","urlTemplate":"https:\/\/www.reddingsbrigadenoordwijk.nl\/?s={search_term_string}"},"query-input":{"@type":"PropertyValueSpecification","valueRequired":true,"valueName":"search_term_string"}}],"inLanguage":"pl-PL"}]}},"_links":{"self":[{"href":"https:\/\/www.reddingsbrigadenoordwijk.nl\/pl\/wp-json\/wp\/v2\/pages\/110","targetHints":{"allow":["GET"]}}],"collection":[{"href":"https:\/\/www.reddingsbrigadenoordwijk.nl\/pl\/wp-json\/wp\/v2\/pages"}],"about":[{"href":"https:\/\/www.reddingsbrigadenoordwijk.nl\/pl\/wp-json\/wp\/v2\/types\/page"}],"author":[{"embeddable":true,"href":"https:\/\/www.reddingsbrigadenoordwijk.nl\/pl\/wp-json\/wp\/v2\/users\/1"}],"replies":[{"embeddable":true,"href":"https:\/\/www.reddingsbrigadenoordwijk.nl\/pl\/wp-json\/wp\/v2\/comments?post=110"}],"version-history":[{"count":0,"href":"https:\/\/www.reddingsbrigadenoordwijk.nl\/pl\/wp-json\/wp\/v2\/pages\/110\/revisions"}],"up":[{"embeddable":true,"href":"https:\/\/www.reddingsbrigadenoordwijk.nl\/pl\/wp-json\/wp\/v2\/pages\/109"}],"wp:featuredmedia":[{"embeddable":true,"href":"https:\/\/www.reddingsbrigadenoordwijk.nl\/pl\/wp-json\/wp\/v2\/media\/11025"}],"wp:attachment":[{"href":"https:\/\/www.reddingsbrigadenoordwijk.nl\/pl\/wp-json\/wp\/v2\/media?parent=110"}],"curies":[{"name":"wp","href":"https:\/\/api.w.org\/{rel}","templated":true}]}}