{"id":109,"date":"2021-01-24T23:05:15","date_gmt":"2021-01-24T22:05:15","guid":{"rendered":"https:\/\/www.reddingsbrigadenoordwijk.nl\/lifeguards\/opleidingen\/"},"modified":"2021-10-31T11:58:19","modified_gmt":"2021-10-31T10:58:19","slug":"opleidingen","status":"publish","type":"page","link":"https:\/\/www.reddingsbrigadenoordwijk.nl\/pl\/ratownicy\/szkolenie\/","title":{"rendered":"Szkolenie"},"content":{"rendered":"<div class=\"vce-section\"><div class=\"vce-section-inner vce-element--has-background\" data-vce-full-width=\"true\" id=\"el-283c5dee\" data-vce-dynamic-image-all=\"283c5dee\" data-vce-do-apply=\"all el-283c5dee\"><div class=\"vce-content-background-container\"><div class=\"vce-asset-background-simple-container vce-visible-all-only vce-asset-background-simple--style-cover vce-asset-background-simple--position-center-center\"><div class=\"vce-asset-background-simple\"><div class=\"vce-asset-background-simple-item lazyload\" style=\"background-image:inherit;\" data-bg-image=\"url(&#039;https:\/\/www.reddingsbrigadenoordwijk.nl\/wp-content\/uploads\/2021\/04\/ExamenLifeguard2015_SamanthaStauttener-31-scaled.jpg?vcv-dynamic-field=featured_image&amp;alt=&amp;caption=&amp;title=ExamenLifeguard2015_SamanthaStauttener+31&#039;)\"><\/div><\/div><\/div><div class=\"vce-asset-color-gradient-container vce-visible-all-only\" data-vce-do-apply=\"gradient el-283c5dee\"><\/div><\/div><div data-vce-element-content=\"true\"><div class=\"vce-row-container\" data-vce-boxed-width=\"true\"><div class=\"vce-row vce-element--has-background vce-row--col-gap-30 vce-row-equal-height vce-row-content--top\" vce-box-shadow=\"el-a05bf7c0\" id=\"el-a05bf7c0\" data-vce-do-apply=\"all el-a05bf7c0\"><div class=\"vce-content-background-container\"><\/div><div class=\"vce-row-content\" data-vce-element-content=\"true\"><div class=\"vce-col vce-col--md-auto vce-col--xs-1 vce-col--xs-last vce-col--xs-first vce-col--sm-last vce-col--sm-first vce-col--md-last vce-col--lg-last vce-col--xl-last vce-col--md-first vce-col--lg-first vce-col--xl-first\" id=\"el-838f70ff\"><div class=\"vce-col-inner\" data-vce-do-apply=\"border margin background  el-838f70ff\"><div class=\"vce-col-content\" data-vce-element-content=\"true\" data-vce-do-apply=\"padding el-838f70ff\"><div class=\"vce-text-block\"><div class=\"vce-text-block-wrapper vce\" id=\"el-bfd9bf9f\" data-vce-do-apply=\"all el-bfd9bf9f\"><h1>Szkolenie<\/h1><\/div><\/div><div class=\"vce-text-block\"><div class=\"vce-text-block-wrapper vce\" id=\"el-6e219016\" data-vce-do-apply=\"all el-6e219016\"><p style=\"text-align: right;\"><span><span><a href=\"https:\/\/www.reddingsbrigadenoordwijk.nl\/pl\/\">Strona g\u0142\u00f3wna<\/a><\/span><\/span><\/p><\/div><\/div><\/div><\/div><\/div><\/div><\/div><\/div><\/div><\/div><\/div><div class=\"vce-section\" data-vce-boxed-width=\"true\"><div class=\"vce-section-inner vce-element--has-background\" id=\"el-45c3066b\" data-vce-do-apply=\"all el-45c3066b\"><div class=\"vce-content-background-container\"><\/div><div data-vce-element-content=\"true\"><div class=\"vce-row-container\" data-vce-boxed-width=\"true\"><div class=\"vce-row vce-row--col-gap-30 vce-row-equal-height vce-row-content--top\" id=\"el-7a620b75\" data-vce-do-apply=\"all el-7a620b75\"><div class=\"vce-row-content\" data-vce-element-content=\"true\"><div class=\"vce-col vce-col--md-auto vce-col--xs-1 vce-col--xs-last vce-col--xs-first vce-col--sm-last vce-col--sm-first vce-col--md-last vce-col--lg-last vce-col--xl-last vce-col--md-first vce-col--lg-first vce-col--xl-first\" id=\"el-d31c53e9\"><div class=\"vce-col-inner\" data-vce-do-apply=\"border margin background  el-d31c53e9\"><div class=\"vce-col-content\" data-vce-element-content=\"true\" data-vce-do-apply=\"padding el-d31c53e9\"><div class=\"vce-text-block\"><div class=\"vce-text-block-wrapper vce\" id=\"el-d3cc8a81\" data-vce-do-apply=\"all el-d3cc8a81\"><p><strong>Reddingsbrigade Noordwijk szkoli swoich wolontariuszy na ratownik\u00f3w wodnych zgodnie z lini\u0105 szkoleniow\u0105 Reddingsbrigade Nederland. Dalsze dog\u0142\u0119bne szkolenie jest mo\u017cliwe w ramach specjalizacji.<\/strong><\/p>\n<p>Kursy te koncentruj\u0105 si\u0119 na zadaniach wykonywanych przez ratownik\u00f3w z Reddingsbrigade Noordwijk, w tym: informowaniu, wczesnej interwencji, nadzorze, prowadzeniu akcji ratunkowych i udzielaniu pierwszej pomocy.&nbsp;<\/p>\n<p>Opr\u00f3cz nauki praktycznych umiej\u0119tno\u015bci (w sytuacjach kryzysowych), szkolenia skupiaj\u0105 si\u0119 r\u00f3wnie\u017c na takich aspektach jak: przygotowanie, opieka pooperacyjna, wsp\u00f3\u0142praca, przyw\u00f3dztwo i komunikacja. Zdobywanie wiedzy i poszerzanie umiej\u0119tno\u015bci idzie w parze z rozwojem cech osobistych wymaganych w pracy.<\/p>\n<p>Dyplomy w tej linii szkoleniowej potwierdzaj\u0105, \u017ce ich posiadacz spe\u0142nia minimalne wymagania w zakresie kompetencji ratownik\u00f3w wodnych okre\u015blone przez Reddingsbrigade Nederland. Brygada Ratownicza w Noordwijk okre\u015bla r\u00f3wnie\u017c dodatkowe wymagania, dostosowane do warunk\u00f3w lokalnych. Po zdobyciu kwalifikacji ratownicy musz\u0105 nadal rozwija\u0107 swoje do\u015bwiadczenie, po\u015bwi\u0119caj\u0105c na to wiele godzin pracy. Wszyscy ratownicy, kt\u00f3rzy uzyskali kwalifikacje, musz\u0105 r\u00f3wnie\u017c stale aktualizowa\u0107 swoje kompetencje i regularnie je wykazywa\u0107. W tym celu opracowano system licencjonowania.<\/p>\n<p>Aby zapewni\u0107 mi\u0119dzynarodowe ramy odniesienia, kursy szkoleniowe s\u0105 dostosowane do wymog\u00f3w szkoleniowych okre\u015blonych przez <a href=\"https:\/\/www.ilsf.org\/\">Mi\u0119dzynarodowa Federacja Ratownictwa Medycznego<\/a> (ILS) zosta\u0142y sformu\u0142owane.<\/p><\/div><\/div><\/div><\/div><\/div><\/div><\/div><\/div><\/div><\/div><\/div>","protected":false},"excerpt":{"rendered":"<p>Voor hulpverlening in, op en langs het water leidt Reddingsbrigade Noordwijk haar vrijwilligers op aan de hand van de opleidingslijn van Reddingsbrigade Nederland tot lifeguard. Door middel van specialisaties is verdere verdieping mogelijk. De focus van deze opleidingen ligt op de taken die lifeguards van Reddingsbrigade Noordwijk uitvoeren, waaronder: voorlichten, vroegtijdig ingrijpen, toezicht houden, reddingen [&hellip;]<\/p>\n","protected":false},"author":1,"featured_media":11014,"parent":103,"menu_order":140,"comment_status":"closed","ping_status":"closed","template":"","meta":{"_acf_changed":false,"footnotes":""},"class_list":["post-109","page","type-page","status-publish","has-post-thumbnail","hentry"],"acf":[],"yoast_head":"<!-- This site is optimized with the Yoast SEO plugin v27.5 - https:\/\/yoast.com\/product\/yoast-seo-wordpress\/ -->\n<title>Opleidingen - Reddingsbrigade Noordwijk<\/title>\n<meta name=\"robots\" content=\"index, follow, max-snippet:-1, max-image-preview:large, max-video-preview:-1\" \/>\n<link rel=\"canonical\" href=\"https:\/\/www.reddingsbrigadenoordwijk.nl\/pl\/lifeguards\/opleidingen\/\" \/>\n<meta property=\"og:locale\" content=\"pl_PL\" \/>\n<meta property=\"og:type\" content=\"article\" \/>\n<meta property=\"og:title\" content=\"Opleidingen - Reddingsbrigade Noordwijk\" \/>\n<meta property=\"og:description\" content=\"Voor hulpverlening in, op en langs het water leidt Reddingsbrigade Noordwijk haar vrijwilligers op aan de hand van de opleidingslijn van Reddingsbrigade Nederland tot lifeguard. Door middel van specialisaties is verdere verdieping mogelijk. De focus van deze opleidingen ligt op de taken die lifeguards van Reddingsbrigade Noordwijk uitvoeren, waaronder: voorlichten, vroegtijdig ingrijpen, toezicht houden, reddingen [&hellip;]\" \/>\n<meta property=\"og:url\" content=\"https:\/\/www.reddingsbrigadenoordwijk.nl\/pl\/lifeguards\/opleidingen\/\" \/>\n<meta property=\"og:site_name\" content=\"Reddingsbrigade Noordwijk\" \/>\n<meta property=\"article:modified_time\" content=\"2021-10-31T10:58:19+00:00\" \/>\n<meta property=\"og:image\" content=\"https:\/\/www.reddingsbrigadenoordwijk.nl\/wp-content\/uploads\/2021\/04\/ExamenLifeguard2015_SamanthaStauttener-31-scaled.jpg\" \/>\n\t<meta property=\"og:image:width\" content=\"2560\" \/>\n\t<meta property=\"og:image:height\" content=\"1703\" \/>\n\t<meta property=\"og:image:type\" content=\"image\/jpeg\" \/>\n<meta name=\"twitter:card\" content=\"summary_large_image\" \/>\n<meta name=\"twitter:label1\" content=\"Szacowany czas czytania\" \/>\n\t<meta name=\"twitter:data1\" content=\"1 minuta\" \/>\n<script type=\"application\/ld+json\" class=\"yoast-schema-graph\">{\"@context\":\"https:\\\/\\\/schema.org\",\"@graph\":[{\"@type\":\"WebPage\",\"@id\":\"https:\\\/\\\/www.reddingsbrigadenoordwijk.nl\\\/lifeguards\\\/opleidingen\\\/\",\"url\":\"https:\\\/\\\/www.reddingsbrigadenoordwijk.nl\\\/lifeguards\\\/opleidingen\\\/\",\"name\":\"Opleidingen - Reddingsbrigade Noordwijk\",\"isPartOf\":{\"@id\":\"https:\\\/\\\/www.reddingsbrigadenoordwijk.nl\\\/#website\"},\"primaryImageOfPage\":{\"@id\":\"https:\\\/\\\/www.reddingsbrigadenoordwijk.nl\\\/lifeguards\\\/opleidingen\\\/#primaryimage\"},\"image\":{\"@id\":\"https:\\\/\\\/www.reddingsbrigadenoordwijk.nl\\\/lifeguards\\\/opleidingen\\\/#primaryimage\"},\"thumbnailUrl\":\"https:\\\/\\\/www.reddingsbrigadenoordwijk.nl\\\/wp-content\\\/uploads\\\/2021\\\/04\\\/ExamenLifeguard2015_SamanthaStauttener-31-scaled.jpg\",\"datePublished\":\"2021-01-24T22:05:15+00:00\",\"dateModified\":\"2021-10-31T10:58:19+00:00\",\"breadcrumb\":{\"@id\":\"https:\\\/\\\/www.reddingsbrigadenoordwijk.nl\\\/lifeguards\\\/opleidingen\\\/#breadcrumb\"},\"inLanguage\":\"pl-PL\",\"potentialAction\":[{\"@type\":\"ReadAction\",\"target\":[\"https:\\\/\\\/www.reddingsbrigadenoordwijk.nl\\\/lifeguards\\\/opleidingen\\\/\"]}]},{\"@type\":\"ImageObject\",\"inLanguage\":\"pl-PL\",\"@id\":\"https:\\\/\\\/www.reddingsbrigadenoordwijk.nl\\\/lifeguards\\\/opleidingen\\\/#primaryimage\",\"url\":\"https:\\\/\\\/www.reddingsbrigadenoordwijk.nl\\\/wp-content\\\/uploads\\\/2021\\\/04\\\/ExamenLifeguard2015_SamanthaStauttener-31-scaled.jpg\",\"contentUrl\":\"https:\\\/\\\/www.reddingsbrigadenoordwijk.nl\\\/wp-content\\\/uploads\\\/2021\\\/04\\\/ExamenLifeguard2015_SamanthaStauttener-31-scaled.jpg\",\"width\":2560,\"height\":1703},{\"@type\":\"BreadcrumbList\",\"@id\":\"https:\\\/\\\/www.reddingsbrigadenoordwijk.nl\\\/lifeguards\\\/opleidingen\\\/#breadcrumb\",\"itemListElement\":[{\"@type\":\"ListItem\",\"position\":1,\"name\":\"Home\",\"item\":\"https:\\\/\\\/www.reddingsbrigadenoordwijk.nl\\\/\"},{\"@type\":\"ListItem\",\"position\":2,\"name\":\"Lifeguards\",\"item\":\"https:\\\/\\\/www.reddingsbrigadenoordwijk.nl\\\/lifeguards\\\/\"},{\"@type\":\"ListItem\",\"position\":3,\"name\":\"Opleidingen\"}]},{\"@type\":\"WebSite\",\"@id\":\"https:\\\/\\\/www.reddingsbrigadenoordwijk.nl\\\/#website\",\"url\":\"https:\\\/\\\/www.reddingsbrigadenoordwijk.nl\\\/\",\"name\":\"Reddingsbrigade Noordwijk\",\"description\":\"NRB\",\"potentialAction\":[{\"@type\":\"SearchAction\",\"target\":{\"@type\":\"EntryPoint\",\"urlTemplate\":\"https:\\\/\\\/www.reddingsbrigadenoordwijk.nl\\\/?s={search_term_string}\"},\"query-input\":{\"@type\":\"PropertyValueSpecification\",\"valueRequired\":true,\"valueName\":\"search_term_string\"}}],\"inLanguage\":\"pl-PL\"}]}<\/script>\n<!-- \/ Yoast SEO plugin. -->","yoast_head_json":{"title":"Kursy szkoleniowe - Reddingsbrigade Noordwijk","robots":{"index":"index","follow":"follow","max-snippet":"max-snippet:-1","max-image-preview":"max-image-preview:large","max-video-preview":"max-video-preview:-1"},"canonical":"https:\/\/www.reddingsbrigadenoordwijk.nl\/pl\/lifeguards\/opleidingen\/","og_locale":"pl_PL","og_type":"article","og_title":"Opleidingen - Reddingsbrigade Noordwijk","og_description":"Voor hulpverlening in, op en langs het water leidt Reddingsbrigade Noordwijk haar vrijwilligers op aan de hand van de opleidingslijn van Reddingsbrigade Nederland tot lifeguard. Door middel van specialisaties is verdere verdieping mogelijk. De focus van deze opleidingen ligt op de taken die lifeguards van Reddingsbrigade Noordwijk uitvoeren, waaronder: voorlichten, vroegtijdig ingrijpen, toezicht houden, reddingen [&hellip;]","og_url":"https:\/\/www.reddingsbrigadenoordwijk.nl\/pl\/lifeguards\/opleidingen\/","og_site_name":"Reddingsbrigade Noordwijk","article_modified_time":"2021-10-31T10:58:19+00:00","og_image":[{"width":2560,"height":1703,"url":"https:\/\/www.reddingsbrigadenoordwijk.nl\/wp-content\/uploads\/2021\/04\/ExamenLifeguard2015_SamanthaStauttener-31-scaled.jpg","type":"image\/jpeg"}],"twitter_card":"summary_large_image","twitter_misc":{"Szacowany czas czytania":"1 minuta"},"schema":{"@context":"https:\/\/schema.org","@graph":[{"@type":"WebPage","@id":"https:\/\/www.reddingsbrigadenoordwijk.nl\/lifeguards\/opleidingen\/","url":"https:\/\/www.reddingsbrigadenoordwijk.nl\/lifeguards\/opleidingen\/","name":"Kursy szkoleniowe - Reddingsbrigade Noordwijk","isPartOf":{"@id":"https:\/\/www.reddingsbrigadenoordwijk.nl\/#website"},"primaryImageOfPage":{"@id":"https:\/\/www.reddingsbrigadenoordwijk.nl\/lifeguards\/opleidingen\/#primaryimage"},"image":{"@id":"https:\/\/www.reddingsbrigadenoordwijk.nl\/lifeguards\/opleidingen\/#primaryimage"},"thumbnailUrl":"https:\/\/www.reddingsbrigadenoordwijk.nl\/wp-content\/uploads\/2021\/04\/ExamenLifeguard2015_SamanthaStauttener-31-scaled.jpg","datePublished":"2021-01-24T22:05:15+00:00","dateModified":"2021-10-31T10:58:19+00:00","breadcrumb":{"@id":"https:\/\/www.reddingsbrigadenoordwijk.nl\/lifeguards\/opleidingen\/#breadcrumb"},"inLanguage":"pl-PL","potentialAction":[{"@type":"ReadAction","target":["https:\/\/www.reddingsbrigadenoordwijk.nl\/lifeguards\/opleidingen\/"]}]},{"@type":"ImageObject","inLanguage":"pl-PL","@id":"https:\/\/www.reddingsbrigadenoordwijk.nl\/lifeguards\/opleidingen\/#primaryimage","url":"https:\/\/www.reddingsbrigadenoordwijk.nl\/wp-content\/uploads\/2021\/04\/ExamenLifeguard2015_SamanthaStauttener-31-scaled.jpg","contentUrl":"https:\/\/www.reddingsbrigadenoordwijk.nl\/wp-content\/uploads\/2021\/04\/ExamenLifeguard2015_SamanthaStauttener-31-scaled.jpg","width":2560,"height":1703},{"@type":"BreadcrumbList","@id":"https:\/\/www.reddingsbrigadenoordwijk.nl\/lifeguards\/opleidingen\/#breadcrumb","itemListElement":[{"@type":"ListItem","position":1,"name":"Home","item":"https:\/\/www.reddingsbrigadenoordwijk.nl\/"},{"@type":"ListItem","position":2,"name":"Lifeguards","item":"https:\/\/www.reddingsbrigadenoordwijk.nl\/lifeguards\/"},{"@type":"ListItem","position":3,"name":"Opleidingen"}]},{"@type":"WebSite","@id":"https:\/\/www.reddingsbrigadenoordwijk.nl\/#website","url":"https:\/\/www.reddingsbrigadenoordwijk.nl\/","name":"Zesp\u00f3\u0142 ratowniczy Noordwijk","description":"NRB","potentialAction":[{"@type":"SearchAction","target":{"@type":"EntryPoint","urlTemplate":"https:\/\/www.reddingsbrigadenoordwijk.nl\/?s={search_term_string}"},"query-input":{"@type":"PropertyValueSpecification","valueRequired":true,"valueName":"search_term_string"}}],"inLanguage":"pl-PL"}]}},"_links":{"self":[{"href":"https:\/\/www.reddingsbrigadenoordwijk.nl\/pl\/wp-json\/wp\/v2\/pages\/109","targetHints":{"allow":["GET"]}}],"collection":[{"href":"https:\/\/www.reddingsbrigadenoordwijk.nl\/pl\/wp-json\/wp\/v2\/pages"}],"about":[{"href":"https:\/\/www.reddingsbrigadenoordwijk.nl\/pl\/wp-json\/wp\/v2\/types\/page"}],"author":[{"embeddable":true,"href":"https:\/\/www.reddingsbrigadenoordwijk.nl\/pl\/wp-json\/wp\/v2\/users\/1"}],"replies":[{"embeddable":true,"href":"https:\/\/www.reddingsbrigadenoordwijk.nl\/pl\/wp-json\/wp\/v2\/comments?post=109"}],"version-history":[{"count":0,"href":"https:\/\/www.reddingsbrigadenoordwijk.nl\/pl\/wp-json\/wp\/v2\/pages\/109\/revisions"}],"up":[{"embeddable":true,"href":"https:\/\/www.reddingsbrigadenoordwijk.nl\/pl\/wp-json\/wp\/v2\/pages\/103"}],"wp:featuredmedia":[{"embeddable":true,"href":"https:\/\/www.reddingsbrigadenoordwijk.nl\/pl\/wp-json\/wp\/v2\/media\/11014"}],"wp:attachment":[{"href":"https:\/\/www.reddingsbrigadenoordwijk.nl\/pl\/wp-json\/wp\/v2\/media?parent=109"}],"curies":[{"name":"wp","href":"https:\/\/api.w.org\/{rel}","templated":true}]}}