{"id":106,"date":"2021-01-24T23:05:15","date_gmt":"2021-01-24T22:05:15","guid":{"rendered":"https:\/\/www.reddingsbrigadenoordwijk.nl\/lifeguards\/evenemententoezicht\/"},"modified":"2021-10-31T11:21:40","modified_gmt":"2021-10-31T10:21:40","slug":"evenemententoezicht","status":"publish","type":"page","link":"https:\/\/www.reddingsbrigadenoordwijk.nl\/pl\/ratownicy\/monitorowanie-zdarzen\/","title":{"rendered":"Nadz\u00f3r i pomoc podczas imprez"},"content":{"rendered":"<div class=\"vce-section\"><div class=\"vce-section-inner vce-element--has-background\" data-vce-full-width=\"true\" id=\"el-9275049e\" data-vce-dynamic-image-all=\"9275049e\" data-vce-do-apply=\"all el-9275049e\"><div class=\"vce-content-background-container\"><div class=\"vce-asset-background-simple-container vce-visible-all-only vce-asset-background-simple--style-cover vce-asset-background-simple--position-center-center\"><div class=\"vce-asset-background-simple\"><div class=\"vce-asset-background-simple-item lazyload\" style=\"background-image:inherit;\" data-bg-image=\"url(&#039;https:\/\/www.reddingsbrigadenoordwijk.nl\/wp-content\/uploads\/2021\/04\/20160916-04.jpg?vcv-dynamic-field=featured_image&amp;alt=&amp;caption=&amp;title=20160916-04&#039;)\"><\/div><\/div><\/div><div class=\"vce-asset-color-gradient-container vce-visible-all-only\" data-vce-do-apply=\"gradient el-9275049e\"><\/div><\/div><div data-vce-element-content=\"true\"><div class=\"vce-row-container\" data-vce-boxed-width=\"true\"><div class=\"vce-row vce-element--has-background vce-row--col-gap-30 vce-row-equal-height vce-row-content--top\" vce-box-shadow=\"el-e8d1f7df\" id=\"el-e8d1f7df\" data-vce-do-apply=\"all el-e8d1f7df\"><div class=\"vce-content-background-container\"><\/div><div class=\"vce-row-content\" data-vce-element-content=\"true\"><div class=\"vce-col vce-col--md-auto vce-col--xs-1 vce-col--xs-last vce-col--xs-first vce-col--sm-last vce-col--sm-first vce-col--md-last vce-col--lg-last vce-col--xl-last vce-col--md-first vce-col--lg-first vce-col--xl-first\" id=\"el-e201c66a\"><div class=\"vce-col-inner\" data-vce-do-apply=\"border margin background  el-e201c66a\"><div class=\"vce-col-content\" data-vce-element-content=\"true\" data-vce-do-apply=\"padding el-e201c66a\"><div class=\"vce-text-block\"><div class=\"vce-text-block-wrapper vce\" id=\"el-679c8bf1\" data-vce-do-apply=\"all el-679c8bf1\"><h1>Nadz\u00f3r i pomoc podczas imprez<\/h1><\/div><\/div><div class=\"vce-text-block\"><div class=\"vce-text-block-wrapper vce\" id=\"el-7580883f\" data-vce-do-apply=\"all el-7580883f\"><p style=\"text-align: right;\"><span><span><a href=\"https:\/\/www.reddingsbrigadenoordwijk.nl\/pl\/\">Strona g\u0142\u00f3wna<\/a><\/span><\/span><\/p><\/div><\/div><\/div><\/div><\/div><\/div><\/div><\/div><\/div><\/div><\/div><div class=\"vce-section\" data-vce-boxed-width=\"true\"><div class=\"vce-section-inner vce-element--has-background\" id=\"el-f5d71559\" data-vce-do-apply=\"all el-f5d71559\"><div class=\"vce-content-background-container\"><\/div><div data-vce-element-content=\"true\"><div class=\"vce-row-container\" data-vce-boxed-width=\"true\"><div class=\"vce-row vce-row--col-gap-30 vce-row-equal-height vce-row-content--top\" id=\"el-87bc3274\" data-vce-do-apply=\"all el-87bc3274\"><div class=\"vce-row-content\" data-vce-element-content=\"true\"><div class=\"vce-col vce-col--md-auto vce-col--xs-1 vce-col--xs-last vce-col--xs-first vce-col--sm-last vce-col--sm-first vce-col--md-last vce-col--lg-last vce-col--xl-last vce-col--md-first vce-col--lg-first vce-col--xl-first\" id=\"el-f487b89e\"><div class=\"vce-col-inner\" data-vce-do-apply=\"border margin background  el-f487b89e\"><div class=\"vce-col-content\" data-vce-element-content=\"true\" data-vce-do-apply=\"padding el-f487b89e\"><div class=\"vce-text-block\"><div class=\"vce-text-block-wrapper vce\" id=\"el-2eaf3cb9\" data-vce-do-apply=\"all el-2eaf3cb9\"><h2>Bezpiecznie i odpowiedzialnie<\/h2><\/div><\/div><div class=\"vce-text-block\"><div class=\"vce-text-block-wrapper vce\" id=\"el-e25582f5\" data-vce-do-apply=\"all el-e25582f5\"><p>Ratownicy z Brygady Ratowniczej Noordwijk mog\u0105, na \u017cyczenie, by\u0107 obecni jako nadzorcy podczas imprez zwi\u0105zanych z pla\u017c\u0105, morzem i obszarem dzia\u0142ania NRB. Spos\u00f3b, w jaki mamy by\u0107 rozmieszczeni, jest ustalany w porozumieniu z organizatorem imprezy, innymi organizacjami ratowniczymi i, w razie potrzeby, z uczestnikami.<\/p><\/div><\/div><\/div><\/div><\/div><\/div><\/div><\/div><div class=\"vce-row-container\" data-vce-boxed-width=\"true\"><div class=\"vce-row vce-row--col-gap-30 vce-row-equal-height vce-row-content--top\" id=\"el-d169c4ef\" data-vce-do-apply=\"all el-d169c4ef\"><div class=\"vce-row-content\" data-vce-element-content=\"true\"><div class=\"vce-col vce-col--md-auto vce-col--xs-1 vce-col--xs-last vce-col--xs-first vce-col--sm-last vce-col--sm-first vce-col--md-first vce-col--lg-first vce-col--xl-first\" id=\"el-a9f01c68\"><div class=\"vce-col-inner\" data-vce-do-apply=\"border margin background  el-a9f01c68\"><div class=\"vce-col-content\" data-vce-element-content=\"true\" data-vce-do-apply=\"padding el-a9f01c68\"><div class=\"vce-text-block\"><div class=\"vce-text-block-wrapper vce\" id=\"el-39047458\" data-vce-do-apply=\"all el-39047458\"><p>Nasi ratownicy specjalizuj\u0105 si\u0119 w nadzorowaniu, udzielaniu pomocy na terenach podmok\u0142ych i na pla\u017cy oraz posiadaj\u0105 dyplom pierwszej pomocy, co oznacza, \u017ce s\u0105 w stanie udzieli\u0107 pierwszej pomocy poszkodowanemu. Rozmieszczenie ratownik\u00f3w mo\u017cna uzupe\u0142ni\u0107 r\u00f3\u017cnymi pojazdami, statkami i sprz\u0119tem ratowniczym.<\/p>\n<p>Przyk\u0142adowe imprezy, w kt\u00f3rych uczestniczy Brygada Ratownicza Noordwijk, to: noworoczny zanurzenie, przybycie \u015bw. Miko\u0142aja, treningi p\u0142ywackie, zawody w sportach wodnych oraz imprezy na pla\u017cy, takie jak triatlon, wy\u015bcigi rower\u00f3w g\u00f3rskich i piesze wycieczki. &nbsp;&nbsp;<\/p><\/div><\/div><\/div><\/div><\/div><div class=\"vce-col vce-col--md-auto vce-col--xs-1 vce-col--xs-last vce-col--xs-first vce-col--sm-last vce-col--sm-first vce-col--md-last vce-col--lg-last vce-col--xl-last\" id=\"el-b35a913a\"><div class=\"vce-col-inner\" data-vce-do-apply=\"border margin background  el-b35a913a\"><div class=\"vce-col-content\" data-vce-element-content=\"true\" data-vce-do-apply=\"padding el-b35a913a\"><div class=\"vce-single-image-container vce-single-image--align-left\"><div class=\"vce vce-single-image-wrapper\" id=\"el-55c07395\" data-vce-do-apply=\"all el-55c07395\"><figure><div class=\"vce-single-image-inner vce-single-image--absolute\" style=\"padding-bottom: 66.5039%; width: 1024px;\"><img decoding=\"async\" class=\"vce-single-image lazyload\"  width=\"1024\" height=\"681\"  data-src=\"https:\/\/www.reddingsbrigadenoordwijk.nl\/wp-content\/uploads\/2021\/04\/KBO2015-10-scaled.jpg\"  data-img-data-src=\"https:\/\/www.reddingsbrigadenoordwijk.nl\/wp-content\/uploads\/2021\/04\/KBO2015-10-scaled.jpg\" alt=\"\" title=\"KBO2015 10\" src=\"data:image\/svg+xml;base64,PHN2ZyB3aWR0aD0iMSIgaGVpZ2h0PSIxIiB4bWxucz0iaHR0cDovL3d3dy53My5vcmcvMjAwMC9zdmciPjwvc3ZnPg==\" style=\"--smush-placeholder-width: 1024px; --smush-placeholder-aspect-ratio: 1024\/681;\" \/><noscript>\n        <img decoding=\"async\" class=\"vce-single-image\" src=\"https:\/\/www.reddingsbrigadenoordwijk.nl\/wp-content\/uploads\/2021\/04\/KBO2015-10-scaled.jpg\" width=\"1024\" height=\"681\" alt=\"\" title=\"KBO2015 10\" \/>\n      <\/noscript><\/div><figcaption hidden=\"\"><\/figcaption><\/figure><\/div><\/div><\/div><\/div><\/div><\/div><\/div><\/div><\/div><\/div><\/div><div class=\"vce-row-container\" data-vce-boxed-width=\"true\"><div class=\"vce-row vce-row--col-gap-30 vce-row-equal-height vce-row-content--top\" id=\"el-203d0208\" data-vce-do-apply=\"all el-203d0208\"><div class=\"vce-row-content\" data-vce-element-content=\"true\"><div class=\"vce-col vce-col--md-auto vce-col--xs-1 vce-col--xs-last vce-col--xs-first vce-col--sm-last vce-col--sm-first vce-col--md-last vce-col--lg-last vce-col--xl-last vce-col--md-first vce-col--lg-first vce-col--xl-first\" id=\"el-5a500cdb\"><div class=\"vce-col-inner\" data-vce-do-apply=\"border margin background  el-5a500cdb\"><div class=\"vce-col-content\" data-vce-element-content=\"true\" data-vce-do-apply=\"padding el-5a500cdb\"><div class=\"vce-text-block\"><div class=\"vce-text-block-wrapper vce\" id=\"el-73597d8f\" data-vce-do-apply=\"all el-73597d8f\"><h3 style=\"margin-left: 0cm; text-indent: 0cm;\">Plany bezpiecze\u0144stwa<\/h3>\n<p>Nie wi\u0105\u017cemy naszej nazwy z byle jakim wydarzeniem. Cel i charakter imprezy musz\u0105 by\u0107 zgodne z podstawowymi warto\u015bciami naszego stowarzyszenia. W zwi\u0105zku z tym z wyprzedzeniem sprawdzamy plany bezpiecze\u0144stwa i zezwolenia dotycz\u0105ce imprezy. Zawsze opracowujemy scenariusz naszego udzia\u0142u w imprezie, a w razie potrzeby pomagamy w opracowaniu plan\u00f3w bezpiecze\u0144stwa samej imprezy.<\/p><\/div><\/div><\/div><\/div><\/div><\/div><\/div><\/div><div class=\"vce-row-container\" data-vce-boxed-width=\"true\"><div class=\"vce-row vce-row--col-gap-30 vce-row-equal-height vce-row-content--top\" id=\"el-ead9de0b\" data-vce-do-apply=\"all el-ead9de0b\"><div class=\"vce-row-content\" data-vce-element-content=\"true\"><div class=\"vce-col vce-col--md-auto vce-col--xs-1 vce-col--xs-last vce-col--xs-first vce-col--sm-last vce-col--sm-first vce-col--md-last vce-col--lg-last vce-col--xl-last vce-col--md-first vce-col--lg-first vce-col--xl-first\" id=\"el-ff5b0d60\"><div class=\"vce-col-inner\" data-vce-do-apply=\"border margin background  el-ff5b0d60\"><div class=\"vce-col-content\" data-vce-element-content=\"true\" data-vce-do-apply=\"padding el-ff5b0d60\"><div class=\"vce-text-block\"><div class=\"vce-text-block-wrapper vce\" id=\"el-2becef77\" data-vce-do-apply=\"all el-2becef77\"><h3>Wnioskowanie o ochron\u0119<\/h3>\n<p>Czy organizujesz imprez\u0119 na pla\u017cy, w morzu lub na wydmach w Noordwijk, w przypadku kt\u00f3rej wymagany lub po\u017c\u0105dany jest nadz\u00f3r ratownika? Aby uzyska\u0107 wi\u0119cej informacji na temat mo\u017cliwo\u015bci i cen, prosimy o kontakt.<\/p><\/div><\/div><div class=\"vce-button--style-basic-container vce-button--style-basic-container--align-left\"><span class=\"vce-button--style-basic-wrapper vce\" id=\"el-c10c27de\" data-vce-do-apply=\"margin el-c10c27de\"><a class=\"vce-button--style-basic vce-button--style-basic--border-square vce-button--style-basic--size-medium vce-button--style-basic--color-b-0-53-150--fff vce-button--style-basic--hover-color-b-255-87-0--fff\" href=\"https:\/\/www.reddingsbrigadenoordwijk.nl\/pl\/lifeguards\/evenemententoezicht\/toezichtsaanvraag\/\" title=\"Wniosek o ochron\u0119 \" data-vce-do-apply=\"padding border background  el-c10c27de\">Zamawianie informacji<\/a><\/span><\/div><\/div><\/div><\/div><\/div><\/div><\/div>","protected":false},"excerpt":{"rendered":"<p>Veilig en verantwoordDe lifeguards van de Noordwijkse Reddingsbrigade kunnen op verzoek als toezichthouders aanwezig zijn bij evenementen die binding hebben met het strand, de zee en het werkgebied van de (NRB). Op welke manier wij worden ingezet wordt in samenspraak met de organisatie van het evenement, andere hulpverleningsorganisaties en zo nodig deelnemers bepaald.Onze lifeguards zijn [&hellip;]<\/p>\n","protected":false},"author":1,"featured_media":10988,"parent":103,"menu_order":110,"comment_status":"closed","ping_status":"closed","template":"","meta":{"_acf_changed":false,"footnotes":""},"class_list":["post-106","page","type-page","status-publish","has-post-thumbnail","hentry"],"acf":[],"yoast_head":"<!-- This site is optimized with the Yoast SEO plugin v27.5 - https:\/\/yoast.com\/product\/yoast-seo-wordpress\/ -->\n<title>Toezicht en hulpverlening bij evenementen - Reddingsbrigade Noordwijk<\/title>\n<meta name=\"robots\" content=\"index, follow, max-snippet:-1, max-image-preview:large, max-video-preview:-1\" \/>\n<link rel=\"canonical\" href=\"https:\/\/www.reddingsbrigadenoordwijk.nl\/pl\/lifeguards\/evenemententoezicht\/\" \/>\n<meta property=\"og:locale\" content=\"pl_PL\" \/>\n<meta property=\"og:type\" content=\"article\" \/>\n<meta property=\"og:title\" content=\"Toezicht en hulpverlening bij evenementen - Reddingsbrigade Noordwijk\" \/>\n<meta property=\"og:description\" content=\"Veilig en verantwoordDe lifeguards van de Noordwijkse Reddingsbrigade kunnen op verzoek als toezichthouders aanwezig zijn bij evenementen die binding hebben met het strand, de zee en het werkgebied van de (NRB). Op welke manier wij worden ingezet wordt in samenspraak met de organisatie van het evenement, andere hulpverleningsorganisaties en zo nodig deelnemers bepaald.Onze lifeguards zijn [&hellip;]\" \/>\n<meta property=\"og:url\" content=\"https:\/\/www.reddingsbrigadenoordwijk.nl\/pl\/lifeguards\/evenemententoezicht\/\" \/>\n<meta property=\"og:site_name\" content=\"Reddingsbrigade Noordwijk\" \/>\n<meta property=\"article:modified_time\" content=\"2021-10-31T10:21:40+00:00\" \/>\n<meta property=\"og:image\" content=\"https:\/\/www.reddingsbrigadenoordwijk.nl\/wp-content\/uploads\/2021\/04\/20160916-04.jpg\" \/>\n\t<meta property=\"og:image:width\" content=\"1100\" \/>\n\t<meta property=\"og:image:height\" content=\"763\" \/>\n\t<meta property=\"og:image:type\" content=\"image\/jpeg\" \/>\n<meta name=\"twitter:card\" content=\"summary_large_image\" \/>\n<meta name=\"twitter:label1\" content=\"Szacowany czas czytania\" \/>\n\t<meta name=\"twitter:data1\" content=\"1 minuta\" \/>\n<script type=\"application\/ld+json\" class=\"yoast-schema-graph\">{\"@context\":\"https:\\\/\\\/schema.org\",\"@graph\":[{\"@type\":\"WebPage\",\"@id\":\"https:\\\/\\\/www.reddingsbrigadenoordwijk.nl\\\/lifeguards\\\/evenemententoezicht\\\/\",\"url\":\"https:\\\/\\\/www.reddingsbrigadenoordwijk.nl\\\/lifeguards\\\/evenemententoezicht\\\/\",\"name\":\"Toezicht en hulpverlening bij evenementen - Reddingsbrigade Noordwijk\",\"isPartOf\":{\"@id\":\"https:\\\/\\\/www.reddingsbrigadenoordwijk.nl\\\/#website\"},\"primaryImageOfPage\":{\"@id\":\"https:\\\/\\\/www.reddingsbrigadenoordwijk.nl\\\/lifeguards\\\/evenemententoezicht\\\/#primaryimage\"},\"image\":{\"@id\":\"https:\\\/\\\/www.reddingsbrigadenoordwijk.nl\\\/lifeguards\\\/evenemententoezicht\\\/#primaryimage\"},\"thumbnailUrl\":\"https:\\\/\\\/www.reddingsbrigadenoordwijk.nl\\\/wp-content\\\/uploads\\\/2021\\\/04\\\/20160916-04.jpg\",\"datePublished\":\"2021-01-24T22:05:15+00:00\",\"dateModified\":\"2021-10-31T10:21:40+00:00\",\"breadcrumb\":{\"@id\":\"https:\\\/\\\/www.reddingsbrigadenoordwijk.nl\\\/lifeguards\\\/evenemententoezicht\\\/#breadcrumb\"},\"inLanguage\":\"pl-PL\",\"potentialAction\":[{\"@type\":\"ReadAction\",\"target\":[\"https:\\\/\\\/www.reddingsbrigadenoordwijk.nl\\\/lifeguards\\\/evenemententoezicht\\\/\"]}]},{\"@type\":\"ImageObject\",\"inLanguage\":\"pl-PL\",\"@id\":\"https:\\\/\\\/www.reddingsbrigadenoordwijk.nl\\\/lifeguards\\\/evenemententoezicht\\\/#primaryimage\",\"url\":\"https:\\\/\\\/www.reddingsbrigadenoordwijk.nl\\\/wp-content\\\/uploads\\\/2021\\\/04\\\/20160916-04.jpg\",\"contentUrl\":\"https:\\\/\\\/www.reddingsbrigadenoordwijk.nl\\\/wp-content\\\/uploads\\\/2021\\\/04\\\/20160916-04.jpg\",\"width\":1100,\"height\":763},{\"@type\":\"BreadcrumbList\",\"@id\":\"https:\\\/\\\/www.reddingsbrigadenoordwijk.nl\\\/lifeguards\\\/evenemententoezicht\\\/#breadcrumb\",\"itemListElement\":[{\"@type\":\"ListItem\",\"position\":1,\"name\":\"Home\",\"item\":\"https:\\\/\\\/www.reddingsbrigadenoordwijk.nl\\\/\"},{\"@type\":\"ListItem\",\"position\":2,\"name\":\"Lifeguards\",\"item\":\"https:\\\/\\\/www.reddingsbrigadenoordwijk.nl\\\/lifeguards\\\/\"},{\"@type\":\"ListItem\",\"position\":3,\"name\":\"Toezicht en hulpverlening bij evenementen\"}]},{\"@type\":\"WebSite\",\"@id\":\"https:\\\/\\\/www.reddingsbrigadenoordwijk.nl\\\/#website\",\"url\":\"https:\\\/\\\/www.reddingsbrigadenoordwijk.nl\\\/\",\"name\":\"Reddingsbrigade Noordwijk\",\"description\":\"NRB\",\"potentialAction\":[{\"@type\":\"SearchAction\",\"target\":{\"@type\":\"EntryPoint\",\"urlTemplate\":\"https:\\\/\\\/www.reddingsbrigadenoordwijk.nl\\\/?s={search_term_string}\"},\"query-input\":{\"@type\":\"PropertyValueSpecification\",\"valueRequired\":true,\"valueName\":\"search_term_string\"}}],\"inLanguage\":\"pl-PL\"}]}<\/script>\n<!-- \/ Yoast SEO plugin. -->","yoast_head_json":{"title":"Nadz\u00f3r i pomoc podczas wydarze\u0144 - Reddingsbrigade Noordwijk","robots":{"index":"index","follow":"follow","max-snippet":"max-snippet:-1","max-image-preview":"max-image-preview:large","max-video-preview":"max-video-preview:-1"},"canonical":"https:\/\/www.reddingsbrigadenoordwijk.nl\/pl\/lifeguards\/evenemententoezicht\/","og_locale":"pl_PL","og_type":"article","og_title":"Toezicht en hulpverlening bij evenementen - Reddingsbrigade Noordwijk","og_description":"Veilig en verantwoordDe lifeguards van de Noordwijkse Reddingsbrigade kunnen op verzoek als toezichthouders aanwezig zijn bij evenementen die binding hebben met het strand, de zee en het werkgebied van de (NRB). Op welke manier wij worden ingezet wordt in samenspraak met de organisatie van het evenement, andere hulpverleningsorganisaties en zo nodig deelnemers bepaald.Onze lifeguards zijn [&hellip;]","og_url":"https:\/\/www.reddingsbrigadenoordwijk.nl\/pl\/lifeguards\/evenemententoezicht\/","og_site_name":"Reddingsbrigade Noordwijk","article_modified_time":"2021-10-31T10:21:40+00:00","og_image":[{"width":1100,"height":763,"url":"https:\/\/www.reddingsbrigadenoordwijk.nl\/wp-content\/uploads\/2021\/04\/20160916-04.jpg","type":"image\/jpeg"}],"twitter_card":"summary_large_image","twitter_misc":{"Szacowany czas czytania":"1 minuta"},"schema":{"@context":"https:\/\/schema.org","@graph":[{"@type":"WebPage","@id":"https:\/\/www.reddingsbrigadenoordwijk.nl\/lifeguards\/evenemententoezicht\/","url":"https:\/\/www.reddingsbrigadenoordwijk.nl\/lifeguards\/evenemententoezicht\/","name":"Nadz\u00f3r i pomoc podczas wydarze\u0144 - Reddingsbrigade Noordwijk","isPartOf":{"@id":"https:\/\/www.reddingsbrigadenoordwijk.nl\/#website"},"primaryImageOfPage":{"@id":"https:\/\/www.reddingsbrigadenoordwijk.nl\/lifeguards\/evenemententoezicht\/#primaryimage"},"image":{"@id":"https:\/\/www.reddingsbrigadenoordwijk.nl\/lifeguards\/evenemententoezicht\/#primaryimage"},"thumbnailUrl":"https:\/\/www.reddingsbrigadenoordwijk.nl\/wp-content\/uploads\/2021\/04\/20160916-04.jpg","datePublished":"2021-01-24T22:05:15+00:00","dateModified":"2021-10-31T10:21:40+00:00","breadcrumb":{"@id":"https:\/\/www.reddingsbrigadenoordwijk.nl\/lifeguards\/evenemententoezicht\/#breadcrumb"},"inLanguage":"pl-PL","potentialAction":[{"@type":"ReadAction","target":["https:\/\/www.reddingsbrigadenoordwijk.nl\/lifeguards\/evenemententoezicht\/"]}]},{"@type":"ImageObject","inLanguage":"pl-PL","@id":"https:\/\/www.reddingsbrigadenoordwijk.nl\/lifeguards\/evenemententoezicht\/#primaryimage","url":"https:\/\/www.reddingsbrigadenoordwijk.nl\/wp-content\/uploads\/2021\/04\/20160916-04.jpg","contentUrl":"https:\/\/www.reddingsbrigadenoordwijk.nl\/wp-content\/uploads\/2021\/04\/20160916-04.jpg","width":1100,"height":763},{"@type":"BreadcrumbList","@id":"https:\/\/www.reddingsbrigadenoordwijk.nl\/lifeguards\/evenemententoezicht\/#breadcrumb","itemListElement":[{"@type":"ListItem","position":1,"name":"Home","item":"https:\/\/www.reddingsbrigadenoordwijk.nl\/"},{"@type":"ListItem","position":2,"name":"Lifeguards","item":"https:\/\/www.reddingsbrigadenoordwijk.nl\/lifeguards\/"},{"@type":"ListItem","position":3,"name":"Toezicht en hulpverlening bij evenementen"}]},{"@type":"WebSite","@id":"https:\/\/www.reddingsbrigadenoordwijk.nl\/#website","url":"https:\/\/www.reddingsbrigadenoordwijk.nl\/","name":"Zesp\u00f3\u0142 ratowniczy Noordwijk","description":"NRB","potentialAction":[{"@type":"SearchAction","target":{"@type":"EntryPoint","urlTemplate":"https:\/\/www.reddingsbrigadenoordwijk.nl\/?s={search_term_string}"},"query-input":{"@type":"PropertyValueSpecification","valueRequired":true,"valueName":"search_term_string"}}],"inLanguage":"pl-PL"}]}},"_links":{"self":[{"href":"https:\/\/www.reddingsbrigadenoordwijk.nl\/pl\/wp-json\/wp\/v2\/pages\/106","targetHints":{"allow":["GET"]}}],"collection":[{"href":"https:\/\/www.reddingsbrigadenoordwijk.nl\/pl\/wp-json\/wp\/v2\/pages"}],"about":[{"href":"https:\/\/www.reddingsbrigadenoordwijk.nl\/pl\/wp-json\/wp\/v2\/types\/page"}],"author":[{"embeddable":true,"href":"https:\/\/www.reddingsbrigadenoordwijk.nl\/pl\/wp-json\/wp\/v2\/users\/1"}],"replies":[{"embeddable":true,"href":"https:\/\/www.reddingsbrigadenoordwijk.nl\/pl\/wp-json\/wp\/v2\/comments?post=106"}],"version-history":[{"count":0,"href":"https:\/\/www.reddingsbrigadenoordwijk.nl\/pl\/wp-json\/wp\/v2\/pages\/106\/revisions"}],"up":[{"embeddable":true,"href":"https:\/\/www.reddingsbrigadenoordwijk.nl\/pl\/wp-json\/wp\/v2\/pages\/103"}],"wp:featuredmedia":[{"embeddable":true,"href":"https:\/\/www.reddingsbrigadenoordwijk.nl\/pl\/wp-json\/wp\/v2\/media\/10988"}],"wp:attachment":[{"href":"https:\/\/www.reddingsbrigadenoordwijk.nl\/pl\/wp-json\/wp\/v2\/media?parent=106"}],"curies":[{"name":"wp","href":"https:\/\/api.w.org\/{rel}","templated":true}]}}