{"id":104,"date":"2021-01-24T23:05:15","date_gmt":"2021-01-24T22:05:15","guid":{"rendered":"https:\/\/www.reddingsbrigadenoordwijk.nl\/lifeguards\/alarmorganisatie\/"},"modified":"2021-04-06T00:38:26","modified_gmt":"2021-04-05T22:38:26","slug":"alarmorganisatie","status":"publish","type":"page","link":"https:\/\/www.reddingsbrigadenoordwijk.nl\/pl\/ratownicy\/organizacja-kryzysowa\/","title":{"rendered":"Organizacja alarm\u00f3w"},"content":{"rendered":"<div class=\"vce-section\"><div class=\"vce-section-inner vce-element--has-background\" data-vce-full-width=\"true\" id=\"el-abad30f1\" data-vce-dynamic-image-all=\"abad30f1\" data-vce-do-apply=\"all el-abad30f1\"><div class=\"vce-content-background-container\"><div class=\"vce-asset-background-simple-container vce-visible-all-only vce-asset-background-simple--style-cover vce-asset-background-simple--position-center-center\"><div class=\"vce-asset-background-simple\"><div class=\"vce-asset-background-simple-item lazyload\" style=\"background-image:inherit;\" data-bg-image=\"url(&#039;https:\/\/www.reddingsbrigadenoordwijk.nl\/wp-content\/uploads\/2021\/04\/118444461_2640908846161723_3746550858038218775_o.jpg?vcv-dynamic-field=featured_image&amp;alt=&amp;caption=&amp;title=118444461_2640908846161723_3746550858038218775_o&#039;)\"><\/div><\/div><\/div><div class=\"vce-asset-color-gradient-container vce-visible-all-only\" data-vce-do-apply=\"gradient el-abad30f1\"><\/div><\/div><div data-vce-element-content=\"true\"><div class=\"vce-row-container\" data-vce-boxed-width=\"true\"><div class=\"vce-row vce-element--has-background vce-row--col-gap-30 vce-row-equal-height vce-row-content--top\" vce-box-shadow=\"el-4805f27d\" id=\"el-4805f27d\" data-vce-do-apply=\"all el-4805f27d\"><div class=\"vce-content-background-container\"><\/div><div class=\"vce-row-content\" data-vce-element-content=\"true\"><div class=\"vce-col vce-col--md-auto vce-col--xs-1 vce-col--xs-last vce-col--xs-first vce-col--sm-last vce-col--sm-first vce-col--md-last vce-col--lg-last vce-col--xl-last vce-col--md-first vce-col--lg-first vce-col--xl-first\" id=\"el-12206bd5\"><div class=\"vce-col-inner\" data-vce-do-apply=\"border margin background  el-12206bd5\"><div class=\"vce-col-content\" data-vce-element-content=\"true\" data-vce-do-apply=\"padding el-12206bd5\"><div class=\"vce-text-block\"><div class=\"vce-text-block-wrapper vce\" id=\"el-c10bdc8d\" data-vce-do-apply=\"all el-c10bdc8d\"><h1>Organizacja alarm\u00f3w<\/h1><\/div><\/div><div class=\"vce-text-block\"><div class=\"vce-text-block-wrapper vce\" id=\"el-7a290605\" data-vce-do-apply=\"all el-7a290605\"><p style=\"text-align: right;\"><span><span><a href=\"https:\/\/www.reddingsbrigadenoordwijk.nl\/pl\/\">Strona g\u0142\u00f3wna<\/a><\/span><\/span><\/p><\/div><\/div><\/div><\/div><\/div><\/div><\/div><\/div><\/div><\/div><\/div><div class=\"vce-section\" data-vce-boxed-width=\"true\"><div class=\"vce-section-inner vce-element--has-background\" id=\"el-029fa094\" data-vce-do-apply=\"all el-029fa094\"><div class=\"vce-content-background-container\"><\/div><div data-vce-element-content=\"true\"><div class=\"vce-row-container\" data-vce-boxed-width=\"true\"><div class=\"vce-row vce-row--col-gap-30 vce-row-equal-height vce-row-content--top\" id=\"el-1a2824c7\" data-vce-do-apply=\"all el-1a2824c7\"><div class=\"vce-row-content\" data-vce-element-content=\"true\"><div class=\"vce-col vce-col--md-auto vce-col--xs-1 vce-col--xs-last vce-col--xs-first vce-col--sm-last vce-col--sm-first vce-col--md-last vce-col--lg-last vce-col--xl-last vce-col--md-first vce-col--lg-first vce-col--xl-first\" id=\"el-95566b50\"><div class=\"vce-col-inner\" data-vce-do-apply=\"border margin background  el-95566b50\"><div class=\"vce-col-content\" data-vce-element-content=\"true\" data-vce-do-apply=\"padding el-95566b50\"><div class=\"vce-text-block\"><div class=\"vce-text-block-wrapper vce\" id=\"el-aaed8601\" data-vce-do-apply=\"all el-aaed8601\"><h3><strong>Dost\u0119pna 24 godziny na dob\u0119, 7 dni w tygodniu, 365 dni w roku<\/strong><\/h3><\/div><\/div><div class=\"vce-text-block\"><div class=\"vce-text-block-wrapper vce\" id=\"el-cd5c72ba\" data-vce-do-apply=\"all el-cd5c72ba\"><p>Opr\u00f3cz regularnych us\u0142ug ratownik\u00f3w, brygada ratownicza Noordwijk posiada r\u00f3wnie\u017c zesp\u00f3\u0142 ratowniczy. Zesp\u00f3\u0142 ten sk\u0142ada si\u0119 z oko\u0142o 30 ratownik\u00f3w, kt\u00f3rzy s\u0105 w gotowo\u015bci 24 godziny na dob\u0119, 7 dni w tygodniu, aby reagowa\u0107 na wypadki i katastrofy.<\/p><p>Zesp\u00f3\u0142 ratowniczy mo\u017ce zosta\u0107 wys\u0142any przez&nbsp;<a href=\"https:\/\/www.vrh.nl\/organisatie\/meldkamer\/\">Wsp\u00f3lna dyspozytornia Haaglanden i Hollands-midden<\/a>&nbsp;(112) oraz&nbsp;<a href=\"https:\/\/www.kustwacht.nl\/\">Centrum Stra\u017cy Przybrze\u017cnej<\/a> w Den Helder (0900 0111). \u015arednio dwa razy w miesi\u0105cu zesp\u00f3\u0142 ratowniczy jest wysy\u0142any do akcji, kt\u00f3ra obejmuje pomoc mi\u0142o\u015bnikom sport\u00f3w wodnych, poszukiwanie os\u00f3b lub udzielanie pierwszej pomocy w sytuacjach zagra\u017caj\u0105cych \u017cyciu. <\/p><\/div><\/div><\/div><\/div><\/div><\/div><\/div><\/div><\/div><\/div><\/div>","protected":false},"excerpt":{"rendered":"<p>24 uur per dag, 7 dagen per week, 365 dagen per jaar inzetbaarBuiten de reguliere strandwacht beschikt de Noordwijkse Reddingsbrigade ook over een Alarmploeg. Deze alarmploeg bestaat uit circa 30 lifeguards die 24\/7 klaar staan om te worden ingezet bij incidenten en calamiteiten.De alarmploeg kan worden ingezet door de&nbsp;Gemeenschappelijke Meldkamer Haaglanden \u00e9n Hollands-midden&nbsp;(112) en het&nbsp;Kustwachtcentrum [&hellip;]<\/p>\n","protected":false},"author":1,"featured_media":10695,"parent":103,"menu_order":90,"comment_status":"closed","ping_status":"closed","template":"","meta":{"_acf_changed":false,"footnotes":""},"class_list":["post-104","page","type-page","status-publish","has-post-thumbnail","hentry"],"acf":[],"yoast_head":"<!-- This site is optimized with the Yoast SEO plugin v27.5 - https:\/\/yoast.com\/product\/yoast-seo-wordpress\/ -->\n<title>Alarm organisatie - Reddingsbrigade Noordwijk<\/title>\n<meta name=\"robots\" content=\"index, follow, max-snippet:-1, max-image-preview:large, max-video-preview:-1\" \/>\n<link rel=\"canonical\" href=\"https:\/\/www.reddingsbrigadenoordwijk.nl\/pl\/lifeguards\/alarmorganisatie\/\" \/>\n<meta property=\"og:locale\" content=\"pl_PL\" \/>\n<meta property=\"og:type\" content=\"article\" \/>\n<meta property=\"og:title\" content=\"Alarm organisatie - Reddingsbrigade Noordwijk\" \/>\n<meta property=\"og:description\" content=\"24 uur per dag, 7 dagen per week, 365 dagen per jaar inzetbaarBuiten de reguliere strandwacht beschikt de Noordwijkse Reddingsbrigade ook over een Alarmploeg. Deze alarmploeg bestaat uit circa 30 lifeguards die 24\/7 klaar staan om te worden ingezet bij incidenten en calamiteiten.De alarmploeg kan worden ingezet door de&nbsp;Gemeenschappelijke Meldkamer Haaglanden \u00e9n Hollands-midden&nbsp;(112) en het&nbsp;Kustwachtcentrum [&hellip;]\" \/>\n<meta property=\"og:url\" content=\"https:\/\/www.reddingsbrigadenoordwijk.nl\/pl\/lifeguards\/alarmorganisatie\/\" \/>\n<meta property=\"og:site_name\" content=\"Reddingsbrigade Noordwijk\" \/>\n<meta property=\"article:modified_time\" content=\"2021-04-05T22:38:26+00:00\" \/>\n<meta property=\"og:image\" content=\"https:\/\/www.reddingsbrigadenoordwijk.nl\/wp-content\/uploads\/2021\/04\/118444461_2640908846161723_3746550858038218775_o.jpg\" \/>\n\t<meta property=\"og:image:width\" content=\"1024\" \/>\n\t<meta property=\"og:image:height\" content=\"577\" \/>\n\t<meta property=\"og:image:type\" content=\"image\/jpeg\" \/>\n<meta name=\"twitter:card\" content=\"summary_large_image\" \/>\n<script type=\"application\/ld+json\" class=\"yoast-schema-graph\">{\"@context\":\"https:\\\/\\\/schema.org\",\"@graph\":[{\"@type\":\"WebPage\",\"@id\":\"https:\\\/\\\/www.reddingsbrigadenoordwijk.nl\\\/lifeguards\\\/alarmorganisatie\\\/\",\"url\":\"https:\\\/\\\/www.reddingsbrigadenoordwijk.nl\\\/lifeguards\\\/alarmorganisatie\\\/\",\"name\":\"Alarm organisatie - Reddingsbrigade Noordwijk\",\"isPartOf\":{\"@id\":\"https:\\\/\\\/www.reddingsbrigadenoordwijk.nl\\\/#website\"},\"primaryImageOfPage\":{\"@id\":\"https:\\\/\\\/www.reddingsbrigadenoordwijk.nl\\\/lifeguards\\\/alarmorganisatie\\\/#primaryimage\"},\"image\":{\"@id\":\"https:\\\/\\\/www.reddingsbrigadenoordwijk.nl\\\/lifeguards\\\/alarmorganisatie\\\/#primaryimage\"},\"thumbnailUrl\":\"https:\\\/\\\/www.reddingsbrigadenoordwijk.nl\\\/wp-content\\\/uploads\\\/2021\\\/04\\\/118444461_2640908846161723_3746550858038218775_o.jpg\",\"datePublished\":\"2021-01-24T22:05:15+00:00\",\"dateModified\":\"2021-04-05T22:38:26+00:00\",\"breadcrumb\":{\"@id\":\"https:\\\/\\\/www.reddingsbrigadenoordwijk.nl\\\/lifeguards\\\/alarmorganisatie\\\/#breadcrumb\"},\"inLanguage\":\"pl-PL\",\"potentialAction\":[{\"@type\":\"ReadAction\",\"target\":[\"https:\\\/\\\/www.reddingsbrigadenoordwijk.nl\\\/lifeguards\\\/alarmorganisatie\\\/\"]}]},{\"@type\":\"ImageObject\",\"inLanguage\":\"pl-PL\",\"@id\":\"https:\\\/\\\/www.reddingsbrigadenoordwijk.nl\\\/lifeguards\\\/alarmorganisatie\\\/#primaryimage\",\"url\":\"https:\\\/\\\/www.reddingsbrigadenoordwijk.nl\\\/wp-content\\\/uploads\\\/2021\\\/04\\\/118444461_2640908846161723_3746550858038218775_o.jpg\",\"contentUrl\":\"https:\\\/\\\/www.reddingsbrigadenoordwijk.nl\\\/wp-content\\\/uploads\\\/2021\\\/04\\\/118444461_2640908846161723_3746550858038218775_o.jpg\",\"width\":1024,\"height\":577},{\"@type\":\"BreadcrumbList\",\"@id\":\"https:\\\/\\\/www.reddingsbrigadenoordwijk.nl\\\/lifeguards\\\/alarmorganisatie\\\/#breadcrumb\",\"itemListElement\":[{\"@type\":\"ListItem\",\"position\":1,\"name\":\"Home\",\"item\":\"https:\\\/\\\/www.reddingsbrigadenoordwijk.nl\\\/\"},{\"@type\":\"ListItem\",\"position\":2,\"name\":\"Lifeguards\",\"item\":\"https:\\\/\\\/www.reddingsbrigadenoordwijk.nl\\\/lifeguards\\\/\"},{\"@type\":\"ListItem\",\"position\":3,\"name\":\"Alarm organisatie\"}]},{\"@type\":\"WebSite\",\"@id\":\"https:\\\/\\\/www.reddingsbrigadenoordwijk.nl\\\/#website\",\"url\":\"https:\\\/\\\/www.reddingsbrigadenoordwijk.nl\\\/\",\"name\":\"Reddingsbrigade Noordwijk\",\"description\":\"NRB\",\"potentialAction\":[{\"@type\":\"SearchAction\",\"target\":{\"@type\":\"EntryPoint\",\"urlTemplate\":\"https:\\\/\\\/www.reddingsbrigadenoordwijk.nl\\\/?s={search_term_string}\"},\"query-input\":{\"@type\":\"PropertyValueSpecification\",\"valueRequired\":true,\"valueName\":\"search_term_string\"}}],\"inLanguage\":\"pl-PL\"}]}<\/script>\n<!-- \/ Yoast SEO plugin. -->","yoast_head_json":{"title":"Organizacja alarmowa - Reddingsbrigade Noordwijk","robots":{"index":"index","follow":"follow","max-snippet":"max-snippet:-1","max-image-preview":"max-image-preview:large","max-video-preview":"max-video-preview:-1"},"canonical":"https:\/\/www.reddingsbrigadenoordwijk.nl\/pl\/lifeguards\/alarmorganisatie\/","og_locale":"pl_PL","og_type":"article","og_title":"Alarm organisatie - Reddingsbrigade Noordwijk","og_description":"24 uur per dag, 7 dagen per week, 365 dagen per jaar inzetbaarBuiten de reguliere strandwacht beschikt de Noordwijkse Reddingsbrigade ook over een Alarmploeg. Deze alarmploeg bestaat uit circa 30 lifeguards die 24\/7 klaar staan om te worden ingezet bij incidenten en calamiteiten.De alarmploeg kan worden ingezet door de&nbsp;Gemeenschappelijke Meldkamer Haaglanden \u00e9n Hollands-midden&nbsp;(112) en het&nbsp;Kustwachtcentrum [&hellip;]","og_url":"https:\/\/www.reddingsbrigadenoordwijk.nl\/pl\/lifeguards\/alarmorganisatie\/","og_site_name":"Reddingsbrigade Noordwijk","article_modified_time":"2021-04-05T22:38:26+00:00","og_image":[{"width":1024,"height":577,"url":"https:\/\/www.reddingsbrigadenoordwijk.nl\/wp-content\/uploads\/2021\/04\/118444461_2640908846161723_3746550858038218775_o.jpg","type":"image\/jpeg"}],"twitter_card":"summary_large_image","schema":{"@context":"https:\/\/schema.org","@graph":[{"@type":"WebPage","@id":"https:\/\/www.reddingsbrigadenoordwijk.nl\/lifeguards\/alarmorganisatie\/","url":"https:\/\/www.reddingsbrigadenoordwijk.nl\/lifeguards\/alarmorganisatie\/","name":"Organizacja alarmowa - Reddingsbrigade Noordwijk","isPartOf":{"@id":"https:\/\/www.reddingsbrigadenoordwijk.nl\/#website"},"primaryImageOfPage":{"@id":"https:\/\/www.reddingsbrigadenoordwijk.nl\/lifeguards\/alarmorganisatie\/#primaryimage"},"image":{"@id":"https:\/\/www.reddingsbrigadenoordwijk.nl\/lifeguards\/alarmorganisatie\/#primaryimage"},"thumbnailUrl":"https:\/\/www.reddingsbrigadenoordwijk.nl\/wp-content\/uploads\/2021\/04\/118444461_2640908846161723_3746550858038218775_o.jpg","datePublished":"2021-01-24T22:05:15+00:00","dateModified":"2021-04-05T22:38:26+00:00","breadcrumb":{"@id":"https:\/\/www.reddingsbrigadenoordwijk.nl\/lifeguards\/alarmorganisatie\/#breadcrumb"},"inLanguage":"pl-PL","potentialAction":[{"@type":"ReadAction","target":["https:\/\/www.reddingsbrigadenoordwijk.nl\/lifeguards\/alarmorganisatie\/"]}]},{"@type":"ImageObject","inLanguage":"pl-PL","@id":"https:\/\/www.reddingsbrigadenoordwijk.nl\/lifeguards\/alarmorganisatie\/#primaryimage","url":"https:\/\/www.reddingsbrigadenoordwijk.nl\/wp-content\/uploads\/2021\/04\/118444461_2640908846161723_3746550858038218775_o.jpg","contentUrl":"https:\/\/www.reddingsbrigadenoordwijk.nl\/wp-content\/uploads\/2021\/04\/118444461_2640908846161723_3746550858038218775_o.jpg","width":1024,"height":577},{"@type":"BreadcrumbList","@id":"https:\/\/www.reddingsbrigadenoordwijk.nl\/lifeguards\/alarmorganisatie\/#breadcrumb","itemListElement":[{"@type":"ListItem","position":1,"name":"Home","item":"https:\/\/www.reddingsbrigadenoordwijk.nl\/"},{"@type":"ListItem","position":2,"name":"Lifeguards","item":"https:\/\/www.reddingsbrigadenoordwijk.nl\/lifeguards\/"},{"@type":"ListItem","position":3,"name":"Alarm organisatie"}]},{"@type":"WebSite","@id":"https:\/\/www.reddingsbrigadenoordwijk.nl\/#website","url":"https:\/\/www.reddingsbrigadenoordwijk.nl\/","name":"Zesp\u00f3\u0142 ratowniczy Noordwijk","description":"NRB","potentialAction":[{"@type":"SearchAction","target":{"@type":"EntryPoint","urlTemplate":"https:\/\/www.reddingsbrigadenoordwijk.nl\/?s={search_term_string}"},"query-input":{"@type":"PropertyValueSpecification","valueRequired":true,"valueName":"search_term_string"}}],"inLanguage":"pl-PL"}]}},"_links":{"self":[{"href":"https:\/\/www.reddingsbrigadenoordwijk.nl\/pl\/wp-json\/wp\/v2\/pages\/104","targetHints":{"allow":["GET"]}}],"collection":[{"href":"https:\/\/www.reddingsbrigadenoordwijk.nl\/pl\/wp-json\/wp\/v2\/pages"}],"about":[{"href":"https:\/\/www.reddingsbrigadenoordwijk.nl\/pl\/wp-json\/wp\/v2\/types\/page"}],"author":[{"embeddable":true,"href":"https:\/\/www.reddingsbrigadenoordwijk.nl\/pl\/wp-json\/wp\/v2\/users\/1"}],"replies":[{"embeddable":true,"href":"https:\/\/www.reddingsbrigadenoordwijk.nl\/pl\/wp-json\/wp\/v2\/comments?post=104"}],"version-history":[{"count":0,"href":"https:\/\/www.reddingsbrigadenoordwijk.nl\/pl\/wp-json\/wp\/v2\/pages\/104\/revisions"}],"up":[{"embeddable":true,"href":"https:\/\/www.reddingsbrigadenoordwijk.nl\/pl\/wp-json\/wp\/v2\/pages\/103"}],"wp:featuredmedia":[{"embeddable":true,"href":"https:\/\/www.reddingsbrigadenoordwijk.nl\/pl\/wp-json\/wp\/v2\/media\/10695"}],"wp:attachment":[{"href":"https:\/\/www.reddingsbrigadenoordwijk.nl\/pl\/wp-json\/wp\/v2\/media?parent=104"}],"curies":[{"name":"wp","href":"https:\/\/api.w.org\/{rel}","templated":true}]}}