{"id":103,"date":"2021-01-24T23:05:15","date_gmt":"2021-01-24T22:05:15","guid":{"rendered":"https:\/\/www.reddingsbrigadenoordwijk.nl\/lifeguards\/"},"modified":"2022-03-11T16:00:32","modified_gmt":"2022-03-11T15:00:32","slug":"lifeguards","status":"publish","type":"page","link":"https:\/\/www.reddingsbrigadenoordwijk.nl\/pl\/ratownicy\/","title":{"rendered":"Ratownicy"},"content":{"rendered":"<div class=\"vce-section\"><div class=\"vce-section-inner\" data-vce-full-width=\"true\" id=\"el-c67653a7\" data-vce-do-apply=\"all el-c67653a7\"><div class=\"vce-content-background-container\"><div class=\"vce-asset-video-yt-container vce-visible-all-only\"><div class=\"vce-asset-video-yt-wrapper\"><div class=\"vce-asset-video-yt-background vce-asset-video-yt--state-landscape\" data-vce-assets-video-yt=\"wos0WKdWWmA\" data-vce-assets-video-replacer=\".vce-asset-video-yt-player\" data-vce-assets-video-orientation-class=\"vce-asset-video-yt--state-landscape\"><svg class=\"vce-asset-video-yt-sizer\" width=\"640\" height=\"360\" data-vce-assets-video-state=\"visible\"><\/svg><div class=\"vce-asset-video-yt-player\"><\/div><\/div><\/div><\/div><div class=\"vce-asset-color-gradient-container vce-visible-all-only\" data-vce-do-apply=\"gradient el-c67653a7\"><\/div><\/div><div data-vce-element-content=\"true\"><div class=\"vce-row-container\" data-vce-boxed-width=\"true\"><div class=\"vce-row vce-element--has-background vce-row--col-gap-30 vce-row-equal-height vce-row-content--top\" vce-box-shadow=\"el-45d37fa1\" id=\"el-45d37fa1\" data-vce-do-apply=\"all el-45d37fa1\"><div class=\"vce-content-background-container\"><\/div><div class=\"vce-row-content\" data-vce-element-content=\"true\"><div class=\"vce-col vce-col--md-auto vce-col--xs-1 vce-col--xs-last vce-col--xs-first vce-col--sm-last vce-col--sm-first vce-col--md-last vce-col--lg-last vce-col--xl-last vce-col--md-first vce-col--lg-first vce-col--xl-first\" id=\"el-46627e9f\"><div class=\"vce-col-inner\" data-vce-do-apply=\"border margin background  el-46627e9f\"><div class=\"vce-col-content\" data-vce-element-content=\"true\" data-vce-do-apply=\"padding el-46627e9f\"><div class=\"vce-text-block\"><div class=\"vce-text-block-wrapper vce\" id=\"el-d066d453\" data-vce-do-apply=\"all el-d066d453\"><h1>Ratownicy<\/h1><\/div><\/div><div class=\"vce-text-block\"><div class=\"vce-text-block-wrapper vce\" id=\"el-f00197b7\" data-vce-do-apply=\"all el-f00197b7\"><p style=\"text-align: right;\"><span><span><a href=\"https:\/\/www.reddingsbrigadenoordwijk.nl\/pl\/\">Strona g\u0142\u00f3wna<\/a><\/span><\/span><\/p><\/div><\/div><\/div><\/div><\/div><\/div><\/div><\/div><\/div><\/div><\/div><div class=\"vce-section\" data-vce-boxed-width=\"true\"><div class=\"vce-section-inner vce-element--has-background\" id=\"el-54fd97dd\" data-vce-do-apply=\"all el-54fd97dd\"><div class=\"vce-content-background-container\"><\/div><div data-vce-element-content=\"true\"><div class=\"vce-row-container\" data-vce-boxed-width=\"true\"><div class=\"vce-row vce-row--col-gap-30 vce-row-equal-height vce-row-content--top\" id=\"el-71cf9387\" data-vce-do-apply=\"all el-71cf9387\"><div class=\"vce-row-content\" data-vce-element-content=\"true\"><div class=\"vce-col vce-col--md-auto vce-col--xs-1 vce-col--xs-last vce-col--xs-first vce-col--sm-last vce-col--sm-first vce-col--md-last vce-col--lg-last vce-col--xl-last vce-col--md-first vce-col--lg-first vce-col--xl-first\" id=\"el-8354a28a\"><div class=\"vce-col-inner\" data-vce-do-apply=\"border margin background  el-8354a28a\"><div class=\"vce-col-content\" data-vce-element-content=\"true\" data-vce-do-apply=\"padding el-8354a28a\"><div class=\"vce-text-block\"><div class=\"vce-text-block-wrapper vce\" id=\"el-35fa8120\" data-vce-do-apply=\"all el-35fa8120\"><p><span style=\"font-weight: 400;\">Ratownik to osoba, kt\u00f3ra zosta\u0142a przeszkolona, aby w profesjonalny spos\u00f3b pomaga\u0107 osobom, kt\u00f3re ton\u0105. Ratownik jest wysy\u0142any przez zesp\u00f3\u0142 ratowniczy w celu nadzorowania i udzielania pomocy w wodzie, na wodzie i wzd\u0142u\u017c niej. Zwykle ma to miejsce na wybrze\u017cu, ale mo\u017ce r\u00f3wnie\u017c wyst\u0105pi\u0107 w wodach \u015br\u00f3dl\u0105dowych i w basenach. Ratownik\u00f3w wodnych mo\u017cna spotka\u0107 tak\u017ce na imprezach zwi\u0105zanych z wod\u0105.&nbsp;<\/span><\/p>\n<h4><strong>Obowi\u0105zki ratownika:<\/strong><\/h4>\n<ul>\n<li aria-level=\"1\"><strong>O\u015bwietlenie: <\/strong>Pe\u0142nienie funkcji punktu kontaktowego i udzielanie informacji u\u017cytkownikom rekreacyjnym i odwiedzaj\u0105cym.<\/li>\n<li aria-level=\"1\"><strong>Nadz\u00f3r: <\/strong>Nadzorowanie go\u015bci pla\u017cowych, k\u0105pi\u0105cych si\u0119, p\u0142ywaj\u0105cych i uprawiaj\u0105cych sporty (wodne). Rozpoznawanie os\u00f3b, kt\u00f3re mog\u0105 wpa\u015b\u0107 w k\u0142opoty lub maj\u0105 k\u0142opoty.<\/li>\n<\/ul>\n<ul>\n<li aria-level=\"1\"><strong>Wczesna interwencja:<\/strong> Proaktywne dzia\u0142anie w celu zapobiegania incydentom. Na przyk\u0142ad poprzez umieszczanie znak\u00f3w lub wywieszanie flag.<\/li>\n<\/ul>\n<ul>\n<li aria-level=\"1\"><strong>Udzielanie pomocy:<\/strong> Dzia\u0142anie w razie wypadk\u00f3w (wodnych) i udzielanie pierwszej pomocy w razie zdarze\u0144.<\/li>\n<\/ul>\n<ul>\n<li aria-level=\"1\"><strong>Raport:<\/strong> Rejestrowanie dzia\u0142a\u0144 i incydent\u00f3w w raporcie dziennym; wyci\u0105ganie wniosk\u00f3w i sporz\u0105dzanie raport\u00f3w.<\/li>\n<\/ul>\n<p><span style=\"font-weight: 400;\">Aby wykonywa\u0107 te zadania w spos\u00f3b odpowiedzialny, nasi ratownicy musz\u0105 posiada\u0107 dobr\u0105 znajomo\u015b\u0107 lokalnych reali\u00f3w. Musz\u0105 wiedzie\u0107, gdzie i kiedy jest bezpiecznie, a gdzie i kiedy nie jest. Ratownik musi by\u0107 w dobrej kondycji fizycznej, aby m\u00f3c wykorzystywa\u0107 wiedz\u0119 i umiej\u0119tno\u015bci w praktyce. Ratownik musi umie\u0107 pos\u0142ugiwa\u0107 si\u0119 sprz\u0119tem ratunkowym znajduj\u0105cym si\u0119 w stacji ratunkowej i regularnie z nim trenowa\u0107. W pe\u0142ni przeszkolony ratownik musi opanowa\u0107 techniki ratowania \u017cycia, aby m\u00f3c prowadzi\u0107 akcj\u0119 ratunkow\u0105. To, kt\u00f3re z nich zostan\u0105 u\u017cyte, zale\u017cy od sytuacji; ka\u017cda akcja ratunkowa jest inna.<\/span><\/p><\/div><\/div><div class=\"vce-button--style-basic-container vce-button--style-basic-container--align-left\"><span class=\"vce-button--style-basic-wrapper vce\" id=\"el-19ce6e4d\" data-vce-do-apply=\"margin el-19ce6e4d\"><a class=\"vce-button vce-button--style-basic vce-button--style-basic--border-square vce-button--style-basic--size-medium vce-button--style-basic--color-b-0-53-150--fff vce-button--style-basic--hover-color-b-255-87-0--fff\" href=\"https:\/\/www.reddingsbrigadenoordwijk.nl\/pl\/over-ons\/vrijwilliger-worden\/\" title=\"Zosta\u0107 ratownikiem? Kliknij tutaj\" target=\"_blank\" data-vce-do-apply=\"padding border background  el-19ce6e4d\" rel=\"noopener\">Zosta\u0107 ratownikiem? Kliknij tutaj<\/a><\/span><\/div><\/div><\/div><\/div><\/div><\/div><\/div><\/div><\/div><\/div>","protected":false},"excerpt":{"rendered":"","protected":false},"author":1,"featured_media":0,"parent":0,"menu_order":80,"comment_status":"closed","ping_status":"closed","template":"","meta":{"_acf_changed":false,"footnotes":""},"class_list":["post-103","page","type-page","status-publish","hentry"],"acf":[],"yoast_head":"<!-- This site is optimized with the Yoast SEO plugin v27.5 - https:\/\/yoast.com\/product\/yoast-seo-wordpress\/ -->\n<title>Lifeguards - Reddingsbrigade Noordwijk<\/title>\n<meta name=\"robots\" content=\"index, follow, max-snippet:-1, max-image-preview:large, max-video-preview:-1\" \/>\n<link rel=\"canonical\" href=\"https:\/\/www.reddingsbrigadenoordwijk.nl\/pl\/lifeguards\/\" \/>\n<meta property=\"og:locale\" content=\"pl_PL\" \/>\n<meta property=\"og:type\" content=\"article\" \/>\n<meta property=\"og:title\" content=\"Lifeguards - Reddingsbrigade Noordwijk\" \/>\n<meta property=\"og:url\" content=\"https:\/\/www.reddingsbrigadenoordwijk.nl\/pl\/lifeguards\/\" \/>\n<meta property=\"og:site_name\" content=\"Reddingsbrigade Noordwijk\" \/>\n<meta property=\"article:modified_time\" content=\"2022-03-11T15:00:32+00:00\" \/>\n<meta name=\"twitter:card\" content=\"summary_large_image\" \/>\n<meta name=\"twitter:label1\" content=\"Szacowany czas czytania\" \/>\n\t<meta name=\"twitter:data1\" content=\"1 minuta\" \/>\n<script type=\"application\/ld+json\" class=\"yoast-schema-graph\">{\"@context\":\"https:\\\/\\\/schema.org\",\"@graph\":[{\"@type\":\"WebPage\",\"@id\":\"https:\\\/\\\/www.reddingsbrigadenoordwijk.nl\\\/lifeguards\\\/\",\"url\":\"https:\\\/\\\/www.reddingsbrigadenoordwijk.nl\\\/lifeguards\\\/\",\"name\":\"Lifeguards - Reddingsbrigade Noordwijk\",\"isPartOf\":{\"@id\":\"https:\\\/\\\/www.reddingsbrigadenoordwijk.nl\\\/#website\"},\"datePublished\":\"2021-01-24T22:05:15+00:00\",\"dateModified\":\"2022-03-11T15:00:32+00:00\",\"breadcrumb\":{\"@id\":\"https:\\\/\\\/www.reddingsbrigadenoordwijk.nl\\\/lifeguards\\\/#breadcrumb\"},\"inLanguage\":\"pl-PL\",\"potentialAction\":[{\"@type\":\"ReadAction\",\"target\":[\"https:\\\/\\\/www.reddingsbrigadenoordwijk.nl\\\/lifeguards\\\/\"]}]},{\"@type\":\"BreadcrumbList\",\"@id\":\"https:\\\/\\\/www.reddingsbrigadenoordwijk.nl\\\/lifeguards\\\/#breadcrumb\",\"itemListElement\":[{\"@type\":\"ListItem\",\"position\":1,\"name\":\"Home\",\"item\":\"https:\\\/\\\/www.reddingsbrigadenoordwijk.nl\\\/\"},{\"@type\":\"ListItem\",\"position\":2,\"name\":\"Lifeguards\"}]},{\"@type\":\"WebSite\",\"@id\":\"https:\\\/\\\/www.reddingsbrigadenoordwijk.nl\\\/#website\",\"url\":\"https:\\\/\\\/www.reddingsbrigadenoordwijk.nl\\\/\",\"name\":\"Reddingsbrigade Noordwijk\",\"description\":\"NRB\",\"potentialAction\":[{\"@type\":\"SearchAction\",\"target\":{\"@type\":\"EntryPoint\",\"urlTemplate\":\"https:\\\/\\\/www.reddingsbrigadenoordwijk.nl\\\/?s={search_term_string}\"},\"query-input\":{\"@type\":\"PropertyValueSpecification\",\"valueRequired\":true,\"valueName\":\"search_term_string\"}}],\"inLanguage\":\"pl-PL\"}]}<\/script>\n<!-- \/ Yoast SEO plugin. -->","yoast_head_json":{"title":"Ratownicy - Reddingsbrigade Noordwijk","robots":{"index":"index","follow":"follow","max-snippet":"max-snippet:-1","max-image-preview":"max-image-preview:large","max-video-preview":"max-video-preview:-1"},"canonical":"https:\/\/www.reddingsbrigadenoordwijk.nl\/pl\/lifeguards\/","og_locale":"pl_PL","og_type":"article","og_title":"Lifeguards - Reddingsbrigade Noordwijk","og_url":"https:\/\/www.reddingsbrigadenoordwijk.nl\/pl\/lifeguards\/","og_site_name":"Reddingsbrigade Noordwijk","article_modified_time":"2022-03-11T15:00:32+00:00","twitter_card":"summary_large_image","twitter_misc":{"Szacowany czas czytania":"1 minuta"},"schema":{"@context":"https:\/\/schema.org","@graph":[{"@type":"WebPage","@id":"https:\/\/www.reddingsbrigadenoordwijk.nl\/lifeguards\/","url":"https:\/\/www.reddingsbrigadenoordwijk.nl\/lifeguards\/","name":"Ratownicy - Reddingsbrigade Noordwijk","isPartOf":{"@id":"https:\/\/www.reddingsbrigadenoordwijk.nl\/#website"},"datePublished":"2021-01-24T22:05:15+00:00","dateModified":"2022-03-11T15:00:32+00:00","breadcrumb":{"@id":"https:\/\/www.reddingsbrigadenoordwijk.nl\/lifeguards\/#breadcrumb"},"inLanguage":"pl-PL","potentialAction":[{"@type":"ReadAction","target":["https:\/\/www.reddingsbrigadenoordwijk.nl\/lifeguards\/"]}]},{"@type":"BreadcrumbList","@id":"https:\/\/www.reddingsbrigadenoordwijk.nl\/lifeguards\/#breadcrumb","itemListElement":[{"@type":"ListItem","position":1,"name":"Home","item":"https:\/\/www.reddingsbrigadenoordwijk.nl\/"},{"@type":"ListItem","position":2,"name":"Lifeguards"}]},{"@type":"WebSite","@id":"https:\/\/www.reddingsbrigadenoordwijk.nl\/#website","url":"https:\/\/www.reddingsbrigadenoordwijk.nl\/","name":"Zesp\u00f3\u0142 ratowniczy Noordwijk","description":"NRB","potentialAction":[{"@type":"SearchAction","target":{"@type":"EntryPoint","urlTemplate":"https:\/\/www.reddingsbrigadenoordwijk.nl\/?s={search_term_string}"},"query-input":{"@type":"PropertyValueSpecification","valueRequired":true,"valueName":"search_term_string"}}],"inLanguage":"pl-PL"}]}},"_links":{"self":[{"href":"https:\/\/www.reddingsbrigadenoordwijk.nl\/pl\/wp-json\/wp\/v2\/pages\/103","targetHints":{"allow":["GET"]}}],"collection":[{"href":"https:\/\/www.reddingsbrigadenoordwijk.nl\/pl\/wp-json\/wp\/v2\/pages"}],"about":[{"href":"https:\/\/www.reddingsbrigadenoordwijk.nl\/pl\/wp-json\/wp\/v2\/types\/page"}],"author":[{"embeddable":true,"href":"https:\/\/www.reddingsbrigadenoordwijk.nl\/pl\/wp-json\/wp\/v2\/users\/1"}],"replies":[{"embeddable":true,"href":"https:\/\/www.reddingsbrigadenoordwijk.nl\/pl\/wp-json\/wp\/v2\/comments?post=103"}],"version-history":[{"count":0,"href":"https:\/\/www.reddingsbrigadenoordwijk.nl\/pl\/wp-json\/wp\/v2\/pages\/103\/revisions"}],"wp:attachment":[{"href":"https:\/\/www.reddingsbrigadenoordwijk.nl\/pl\/wp-json\/wp\/v2\/media?parent=103"}],"curies":[{"name":"wp","href":"https:\/\/api.w.org\/{rel}","templated":true}]}}