{"id":9697,"date":"2021-03-13T16:47:09","date_gmt":"2021-03-13T15:47:09","guid":{"rendered":"https:\/\/www.reddingsbrigadenoordwijk.nl\/?page_id=9697"},"modified":"2021-09-12T10:27:16","modified_gmt":"2021-09-12T08:27:16","slug":"teken-en-rupsen","status":"publish","type":"page","link":"https:\/\/www.reddingsbrigadenoordwijk.nl\/fr\/plage\/tiques-et-rampants\/","title":{"rendered":"Tiques et chenilles"},"content":{"rendered":"<div class=\"vce-section\"><div class=\"vce-section-inner vce-element--has-background\" data-vce-full-width=\"true\" id=\"el-708eed5d\" data-vce-dynamic-image-all=\"708eed5d\" data-vce-do-apply=\"all el-708eed5d\"><div class=\"vce-content-background-container\"><div class=\"vce-asset-background-simple-container vce-visible-all-only vce-asset-background-simple--style-cover vce-asset-background-simple--position-center-center\"><div class=\"vce-asset-background-simple\"><div class=\"vce-asset-background-simple-item lazyload\" style=\"background-image:inherit;\" data-bg-image=\"url(&#039;https:\/\/www.reddingsbrigadenoordwijk.nl\/wp-content\/uploads\/2021\/03\/Euproctis_chrysorrhoea-02_xndr.jpg?vcv-dynamic-field=featured_image&amp;alt=&amp;caption=&amp;title=Euproctis_chrysorrhoea-02_%28xndr%29&#039;)\"><\/div><\/div><\/div><div class=\"vce-asset-color-gradient-container vce-visible-all-only\" data-vce-do-apply=\"gradient el-708eed5d\"><\/div><\/div><div data-vce-element-content=\"true\"><div class=\"vce-row-container\" data-vce-boxed-width=\"true\"><div class=\"vce-row vce-element--has-background vce-row--col-gap-30 vce-row-equal-height vce-row-content--top\" vce-box-shadow=\"el-c0a29ee9\" id=\"el-c0a29ee9\" data-vce-do-apply=\"all el-c0a29ee9\"><div class=\"vce-content-background-container\"><\/div><div class=\"vce-row-content\" data-vce-element-content=\"true\"><div class=\"vce-col vce-col--md-auto vce-col--xs-1 vce-col--xs-last vce-col--xs-first vce-col--sm-last vce-col--sm-first vce-col--md-last vce-col--lg-last vce-col--xl-last vce-col--md-first vce-col--lg-first vce-col--xl-first\" id=\"el-0cde25f4\"><div class=\"vce-col-inner\" data-vce-do-apply=\"border margin background  el-0cde25f4\"><div class=\"vce-col-content\" data-vce-element-content=\"true\" data-vce-do-apply=\"padding el-0cde25f4\"><div class=\"vce-text-block\"><div class=\"vce-text-block-wrapper vce\" id=\"el-7c5a8f9a\" data-vce-do-apply=\"all el-7c5a8f9a\"><h1>Tiques et chenilles<\/h1><\/div><\/div><div class=\"vce-text-block\"><div class=\"vce-text-block-wrapper vce\" id=\"el-5b779218\" data-vce-do-apply=\"all el-5b779218\"><p style=\"text-align: right;\"><span><span><a href=\"https:\/\/www.reddingsbrigadenoordwijk.nl\/fr\/\">Accueil<\/a><\/span><\/span><\/p><\/div><\/div><\/div><\/div><\/div><\/div><\/div><\/div><\/div><\/div><\/div><div class=\"vce-section\" data-vce-boxed-width=\"true\"><div class=\"vce-section-inner vce-element--has-background\" id=\"el-8d91ba7e\" data-vce-do-apply=\"all el-8d91ba7e\"><div class=\"vce-content-background-container\"><\/div><div data-vce-element-content=\"true\"><div class=\"vce-row-container\" data-vce-boxed-width=\"true\"><div class=\"vce-row vce-row--col-gap-30 vce-row-equal-height vce-row-content--top\" id=\"el-64dba39f\" data-vce-do-apply=\"all el-64dba39f\"><div class=\"vce-row-content\" data-vce-element-content=\"true\"><div class=\"vce-col vce-col--md-auto vce-col--xs-1 vce-col--xs-last vce-col--xs-first vce-col--sm-last vce-col--sm-first vce-col--md-last vce-col--lg-last vce-col--xl-last vce-col--md-first vce-col--lg-first vce-col--xl-first\" id=\"el-de29c856\"><div class=\"vce-col-inner\" data-vce-do-apply=\"border margin background  el-de29c856\"><div class=\"vce-col-content\" data-vce-element-content=\"true\" data-vce-do-apply=\"padding el-de29c856\"><\/div><\/div><\/div><\/div><\/div><\/div><div class=\"vce-row-container\" data-vce-boxed-width=\"true\"><div class=\"vce-row vce-row--col-gap-30 vce-row-equal-height vce-row-content--top\" id=\"el-5fd69b7b\" data-vce-do-apply=\"all el-5fd69b7b\"><div class=\"vce-row-content\" data-vce-element-content=\"true\"><div class=\"vce-col vce-col--md-auto vce-col--xs-1 vce-col--xs-last vce-col--xs-first vce-col--sm-last vce-col--sm-first vce-col--md-first vce-col--lg-first vce-col--xl-first\" id=\"el-8c393edb\"><div class=\"vce-col-inner\" data-vce-do-apply=\"border margin background  el-8c393edb\"><div class=\"vce-col-content\" data-vce-element-content=\"true\" data-vce-do-apply=\"padding el-8c393edb\"><div class=\"vce-text-block\"><div class=\"vce-text-block-wrapper vce\" id=\"el-d22bc90c\" data-vce-do-apply=\"all el-d22bc90c\"><h2>Signes<\/h2>\r\n<p>Une morsure de tique vous fait courir le risque de contracter la maladie de Lyme. En effet, la tique peut \u00eatre porteuse d'une bact\u00e9rie qui peut provoquer la maladie.  Une tique est un tr\u00e8s petit insecte, d'environ un \u00e0 trois millim\u00e8tres, et donc facile \u00e0 ignorer. Les tiques se trouvent dans les buissons, les arbres et les herbes. Et surtout au printemps et en \u00e9t\u00e9.<\/p>\r\n<p>Si une tique vient de mordre quelqu'un, elle ressemble \u00e0 un point noir sur la peau. Au bout de quelques jours, les tiques peuvent devenir aussi grosses qu'un petit pois (en aspirant du sang).&nbsp;<\/p><\/div><\/div><\/div><\/div><\/div><div class=\"vce-col vce-col--md-auto vce-col--xs-1 vce-col--xs-last vce-col--xs-first vce-col--sm-last vce-col--sm-first vce-col--md-last vce-col--lg-last vce-col--xl-last\" id=\"el-479caeab\"><div class=\"vce-col-inner\" data-vce-do-apply=\"border margin background  el-479caeab\"><div class=\"vce-col-content\" data-vce-element-content=\"true\" data-vce-do-apply=\"padding el-479caeab\"><div class=\"vce-single-image-container vce-single-image--align-left\"><div class=\"vce vce-single-image-wrapper\" id=\"el-ca8926ce\" data-vce-do-apply=\"all el-ca8926ce\"><figure><div class=\"vce-single-image-inner vce-single-image--absolute\" style=\"padding-bottom: 66.6016%; width: 1024px;\"><img decoding=\"async\" class=\"vce-single-image lazyload\"  width=\"1024\" height=\"682\"  data-src=\"https:\/\/www.reddingsbrigadenoordwijk.nl\/wp-content\/uploads\/2021\/03\/photo-1614703518285-27715d4d2475.jpg\"  data-img-data-src=\"https:\/\/www.reddingsbrigadenoordwijk.nl\/wp-content\/uploads\/2021\/03\/photo-1614703518285-27715d4d2475.jpg\" alt=\"\" title=\"photo-1614703518285-27715d4d2475\" src=\"data:image\/svg+xml;base64,PHN2ZyB3aWR0aD0iMSIgaGVpZ2h0PSIxIiB4bWxucz0iaHR0cDovL3d3dy53My5vcmcvMjAwMC9zdmciPjwvc3ZnPg==\" style=\"--smush-placeholder-width: 1024px; --smush-placeholder-aspect-ratio: 1024\/682;\" \/><noscript>\r\n        <img decoding=\"async\" class=\"vce-single-image\" src=\"https:\/\/www.reddingsbrigadenoordwijk.nl\/wp-content\/uploads\/2021\/03\/photo-1614703518285-27715d4d2475.jpg\" width=\"1024\" height=\"682\" alt=\"\" title=\"photo-1614703518285-27715d4d2475\" \/>\r\n      <\/noscript><\/div><figcaption hidden=\"\"><\/figcaption><\/figure><\/div><\/div><\/div><\/div><\/div><\/div><\/div><\/div><div class=\"vce-row-container\" data-vce-boxed-width=\"true\"><div class=\"vce-row vce-row--col-gap-30 vce-row-equal-height vce-row-content--top\" id=\"el-7bb5c876\" data-vce-do-apply=\"all el-7bb5c876\"><div class=\"vce-row-content\" data-vce-element-content=\"true\"><div class=\"vce-col vce-col--md-auto vce-col--xs-1 vce-col--xs-last vce-col--xs-first vce-col--sm-last vce-col--sm-first vce-col--md-last vce-col--lg-last vce-col--xl-last vce-col--md-first vce-col--lg-first vce-col--xl-first\" id=\"el-d0745810\"><div class=\"vce-col-inner\" data-vce-do-apply=\"border margin background  el-d0745810\"><div class=\"vce-col-content\" data-vce-element-content=\"true\" data-vce-do-apply=\"padding el-d0745810\"><div class=\"vce vce-semi-filled-message-box vce-semi-filled-message-box-border--rounded vce-semi-filled-message-box-style--custom vce-semi-filled-message-box-background--b-255-87-0\" id=\"el-93627f9c\" data-vce-do-apply=\"margin padding border background  el-93627f9c\"><div class=\"vce-semi-filled-message-box-inner\"><span class=\"vce-semi-filled-message-box-icon vcv-ui-icon-material vcv-ui-icon-material-info vce-semi-filled-message-box-icon-color--fff\"><\/span><span class=\"vce-semi-filled-message-box-text\"><h3>Que faire en cas de morsure de tique ?<\/h3>\r\n<p>Voici les bons gestes \u00e0 adopter en cas de morsure de tique :<\/p>\r\n<ul>\r\n<li>Retirez la tique d\u00e8s que possible ;<\/li>\r\n<li>Si elle n'a pas encore mordu, vous pouvez \u00e9galement retirer la tique avec du ruban adh\u00e9sif ou du sparadrap ;<\/li>\r\n<li>Si elle vous mord, saisissez la tique aussi pr\u00e8s de la peau que possible, mais ne serrez pas le corps de la tique ;<\/li>\r\n<li>Si vous utilisez une pince \u00e0 \u00e9piler, \u00e9loignez la tique de la peau d'un mouvement calme et droit. Utilisez de pr\u00e9f\u00e9rence une pince \u00e0 \u00e9piler \u00e0 pointe fine ;<\/li>\r\n<li>Lorsque vous utilisez des pinces \u00e0 tiques ou des \u00e9tiquettes \u00e0 tiques, suivez les instructions d'utilisation. Ces instructions pr\u00e9cisent si vous devez tirer la tique de mani\u00e8re droite ou tordue sur la peau ;<\/li>\r\n<li>Veillez \u00e0 ce qu'aucune partie de la tique ne reste dans la peau : cela peut provoquer une inflammation ;<\/li>\r\n<li>Notez l'endroit du corps et la date \u00e0 laquelle la tique a piqu\u00e9.<\/li>\r\n<li>Une fois la tique partie, d\u00e9sinfectez la zone avec un d\u00e9sinfectant.<\/li>\r\n<\/ul>\r\n<p>Source : Croix-Rouge<\/p>\r\n<p>Si vous \u00eates sur la plage, vous pouvez \u00e9galement vous rendre \u00e0 un poste de secours pour faire enlever la tique.&nbsp;<\/p>\r\n<p>&nbsp;<\/p><\/span><\/div><\/div><\/div><\/div><\/div><\/div><\/div><\/div><div class=\"vce-row-container\" data-vce-boxed-width=\"true\"><div class=\"vce-row vce-row--col-gap-30 vce-row-equal-height vce-row-content--top\" id=\"el-4fc46fca\" data-vce-do-apply=\"all el-4fc46fca\"><div class=\"vce-row-content\" data-vce-element-content=\"true\"><div class=\"vce-col vce-col--md-auto vce-col--xs-1 vce-col--xs-last vce-col--xs-first vce-col--sm-last vce-col--sm-first vce-col--md-last vce-col--lg-last vce-col--xl-last vce-col--md-first vce-col--lg-first vce-col--xl-first\" id=\"el-f94623d2\"><div class=\"vce-col-inner\" data-vce-do-apply=\"border margin background  el-f94623d2\"><div class=\"vce-col-content\" data-vce-element-content=\"true\" data-vce-do-apply=\"padding el-f94623d2\"><div class=\"vce vce-semi-filled-message-box vce-semi-filled-message-box-border--rounded vce-semi-filled-message-box-style--custom vce-semi-filled-message-box-background--b-213-43-30\" id=\"el-b2a398e8\" data-vce-do-apply=\"margin padding border background  el-b2a398e8\"><div class=\"vce-semi-filled-message-box-inner\"><span class=\"vce-semi-filled-message-box-icon vcv-ui-icon-material vcv-ui-icon-material-info vce-semi-filled-message-box-icon-color--fff\"><\/span><span class=\"vce-semi-filled-message-box-text\"><p><strong>ATTENTION !<\/strong> N'utilisez pas d'alcool, de d\u00e9sinfectant ou d'autres produits pour \"assommer\" la tique et n'essayez surtout pas de la retirer avec une cigarette ou une allumette allum\u00e9e.<\/p><\/span><\/div><\/div><\/div><\/div><\/div><\/div><\/div><\/div><div class=\"vce-row-container\" data-vce-boxed-width=\"true\"><div class=\"vce-row vce-row--col-gap-30 vce-row-equal-height vce-row-content--top\" id=\"el-61bbbe28\" data-vce-do-apply=\"all el-61bbbe28\"><div class=\"vce-row-content\" data-vce-element-content=\"true\"><div class=\"vce-col vce-col--md-auto vce-col--xs-1 vce-col--xs-last vce-col--xs-first vce-col--sm-last vce-col--sm-first vce-col--md-last vce-col--lg-last vce-col--xl-last vce-col--md-first vce-col--lg-first vce-col--xl-first\" id=\"el-48e5f369\"><div class=\"vce-col-inner\" data-vce-do-apply=\"border margin background  el-48e5f369\"><div class=\"vce-col-content\" data-vce-element-content=\"true\" data-vce-do-apply=\"padding el-48e5f369\"><div class=\"vce-text-block\"><div class=\"vce-text-block-wrapper vce\" id=\"el-64ab6ce6\" data-vce-do-apply=\"all el-64ab6ce6\"><h3>Quand contacter un m\u00e9decin g\u00e9n\u00e9raliste ?<\/h3>\r\n<p>Si vous ne parvenez pas \u00e0 retirer la tique, contactez votre m\u00e9decin. Vous devez \u00e9galement contacter votre m\u00e9decin si vous avez \u00e9t\u00e9 piqu\u00e9 par une tique au cours des premiers mois :<\/p>\r\n<ul>\r\n<li>une tache rouge appara\u00eet sur la peau et devient de plus en plus grande ;<\/li>\r\n<li>Un sentiment de grippe se d\u00e9veloppe avec de la fi\u00e8vre et des douleurs musculaires ;<\/li>\r\n<li>vous aurez une vision double ou un visage tordu ;<\/li>\r\n<li>vous ressentez des douleurs, une perte de force ou des picotements dans vos membres ;<\/li>\r\n<li>les probl\u00e8mes d'articulation.<\/li>\r\n<\/ul>\r\n<p>Bien entendu, il vaut mieux pr\u00e9venir que gu\u00e9rir. Si les tiques sont actives, veillez \u00e0 sortir dans la nature en \u00e9tant bien pr\u00e9par\u00e9.<\/p><\/div><\/div><div class=\"vce-empty-space-container\" id=\"el-07418b47\" data-vce-do-apply=\"margin el-07418b47\"><div class=\"vce vce-empty-space vce-empty-space--height-50px--400px--400px--400px--400px--400px\" data-vce-do-apply=\"border padding background  el-07418b47\"><\/div><\/div><\/div><\/div><\/div><\/div><\/div><\/div><div class=\"vce-row-container\" data-vce-boxed-width=\"true\"><div class=\"vce-row vce-row--col-gap-30 vce-row-equal-height vce-row-content--top\" id=\"el-0e8277e7\" data-vce-do-apply=\"all el-0e8277e7\"><div class=\"vce-row-content\" data-vce-element-content=\"true\"><div class=\"vce-col vce-col--md-auto vce-col--xs-1 vce-col--xs-last vce-col--xs-first vce-col--sm-last vce-col--sm-first vce-col--md-first vce-col--lg-first vce-col--xl-first\" id=\"el-2330fb84\"><div class=\"vce-col-inner\" data-vce-do-apply=\"border margin background  el-2330fb84\"><div class=\"vce-col-content\" data-vce-element-content=\"true\" data-vce-do-apply=\"padding el-2330fb84\"><div class=\"vce-text-block\"><div class=\"vce-text-block-wrapper vce\" id=\"el-9c63af8b\" data-vce-do-apply=\"all el-9c63af8b\"><h2>Chenille de satin b\u00e2tarde<\/h2>\r\n<p>Sur notre c\u00f4te de Zuid-Holland, nous connaissons depuis des ann\u00e9es les nuisances caus\u00e9es aux personnes par les chenilles b\u00e2tardes du satin. Ces chenilles du satyre b\u00e2tard passent l'hiver dans les branches des argousiers, par exemple, et en \u00e9t\u00e9, elles migrent en masse vers la plage.&nbsp;<\/p>\r\n<p>Lorsque vous entrez en contact avec les poils urticants de la chenille du satin b\u00e2tard, vous pouvez pr\u00e9senter des sympt\u00f4mes tels qu'une irritation de la peau, des d\u00e9mangeaisons, des \u00e9ruptions rouges et une irritation des yeux et des voies respiratoires.&nbsp;<\/p>\r\n<p>Ce que vous pouvez faire, c'est de ne pas frotter et de d\u00e9caper la peau avec du ruban adh\u00e9sif imm\u00e9diatement apr\u00e8s l'exposition, puis de bien rincer \u00e0 l'eau ti\u00e8de. Prenez aussi vos yeux avec vous. Il est pr\u00e9f\u00e9rable de laver imm\u00e9diatement vos v\u00eatements \u00e0 60 degr\u00e9s.<\/p><\/div><\/div><\/div><\/div><\/div><div class=\"vce-col vce-col--md-auto vce-col--xs-1 vce-col--xs-last vce-col--xs-first vce-col--sm-last vce-col--sm-first vce-col--md-last vce-col--lg-last vce-col--xl-last\" id=\"el-53ee69ea\"><div class=\"vce-col-inner\" data-vce-do-apply=\"border margin background  el-53ee69ea\"><div class=\"vce-col-content\" data-vce-element-content=\"true\" data-vce-do-apply=\"padding el-53ee69ea\"><div class=\"vce-single-image-container vce-single-image--align-left\"><div class=\"vce vce-single-image-wrapper\" id=\"el-5e1b95bb\" data-vce-do-apply=\"all el-5e1b95bb\"><figure><div class=\"vce-single-image-inner vce-single-image--absolute\" style=\"padding-bottom: 66.6016%; width: 1024px;\"><img decoding=\"async\" class=\"vce-single-image lazyload\"  width=\"1024\" height=\"682\"  data-src=\"https:\/\/www.reddingsbrigadenoordwijk.nl\/wp-content\/uploads\/2021\/03\/Euproctis_chrysorrhoea-02_xndr.jpg\"  data-img-data-src=\"https:\/\/www.reddingsbrigadenoordwijk.nl\/wp-content\/uploads\/2021\/03\/Euproctis_chrysorrhoea-02_xndr.jpg\" alt=\"\" title=\"Euproctis_chrysorrhoea-02_(xndr)\" src=\"data:image\/svg+xml;base64,PHN2ZyB3aWR0aD0iMSIgaGVpZ2h0PSIxIiB4bWxucz0iaHR0cDovL3d3dy53My5vcmcvMjAwMC9zdmciPjwvc3ZnPg==\" style=\"--smush-placeholder-width: 1024px; --smush-placeholder-aspect-ratio: 1024\/682;\" \/><noscript>\r\n        <img decoding=\"async\" class=\"vce-single-image\" src=\"https:\/\/www.reddingsbrigadenoordwijk.nl\/wp-content\/uploads\/2021\/03\/Euproctis_chrysorrhoea-02_xndr.jpg\" width=\"1024\" height=\"682\" alt=\"\" title=\"Euproctis_chrysorrhoea-02_(xndr)\" \/>\r\n      <\/noscript><\/div><figcaption hidden=\"\"><\/figcaption><\/figure><\/div><\/div><\/div><\/div><\/div><\/div><\/div><\/div><\/div><\/div><\/div>","protected":false},"excerpt":{"rendered":"<p>Teken Een beet van een teek brengt het risico op de ziekte van Lyme met zich mee. Dit komt omdat de teek mogelijk een bacterie bij zich draagt die de ziekte kan veroorzaken.&nbsp;&nbsp;Een teek is een erg klein insect, ongeveer \u00e9\u00e9n tot drie millimeter, en daardoor gemakkelijk over het hoofd te zien. Teken komen voor [&hellip;]<\/p>\n","protected":false},"author":3,"featured_media":10413,"parent":131,"menu_order":0,"comment_status":"closed","ping_status":"closed","template":"","meta":{"_acf_changed":false,"footnotes":""},"class_list":["post-9697","page","type-page","status-publish","has-post-thumbnail","hentry"],"acf":[],"yoast_head":"<!-- This site is optimized with the Yoast SEO plugin v27.5 - https:\/\/yoast.com\/product\/yoast-seo-wordpress\/ -->\n<title>Teken en rupsen - Reddingsbrigade Noordwijk<\/title>\n<meta name=\"robots\" content=\"index, follow, max-snippet:-1, max-image-preview:large, max-video-preview:-1\" \/>\n<link rel=\"canonical\" href=\"https:\/\/www.reddingsbrigadenoordwijk.nl\/fr\/strand\/zecken-und-krabbeltiere\/\" \/>\n<meta property=\"og:locale\" content=\"fr_FR\" \/>\n<meta property=\"og:type\" content=\"article\" \/>\n<meta property=\"og:title\" content=\"Teken en rupsen - Reddingsbrigade Noordwijk\" \/>\n<meta property=\"og:description\" content=\"Teken Een beet van een teek brengt het risico op de ziekte van Lyme met zich mee. Dit komt omdat de teek mogelijk een bacterie bij zich draagt die de ziekte kan veroorzaken.&nbsp;&nbsp;Een teek is een erg klein insect, ongeveer \u00e9\u00e9n tot drie millimeter, en daardoor gemakkelijk over het hoofd te zien. Teken komen voor [&hellip;]\" \/>\n<meta property=\"og:url\" content=\"https:\/\/www.reddingsbrigadenoordwijk.nl\/fr\/strand\/zecken-und-krabbeltiere\/\" \/>\n<meta property=\"og:site_name\" content=\"Reddingsbrigade Noordwijk\" \/>\n<meta property=\"article:modified_time\" content=\"2021-09-12T08:27:16+00:00\" \/>\n<meta property=\"og:image\" content=\"https:\/\/www.reddingsbrigadenoordwijk.nl\/wp-content\/uploads\/2021\/03\/Euproctis_chrysorrhoea-02_xndr.jpg\" \/>\n\t<meta property=\"og:image:width\" content=\"2347\" \/>\n\t<meta property=\"og:image:height\" content=\"1565\" \/>\n\t<meta property=\"og:image:type\" content=\"image\/jpeg\" \/>\n<meta name=\"twitter:card\" content=\"summary_large_image\" \/>\n<meta name=\"twitter:label1\" content=\"Dur\u00e9e de lecture estim\u00e9e\" \/>\n\t<meta name=\"twitter:data1\" content=\"3 minutes\" \/>\n<script type=\"application\/ld+json\" class=\"yoast-schema-graph\">{\"@context\":\"https:\\\/\\\/schema.org\",\"@graph\":[{\"@type\":\"WebPage\",\"@id\":\"https:\\\/\\\/www.reddingsbrigadenoordwijk.nl\\\/de\\\/strand\\\/zecken-und-krabbeltiere\\\/\",\"url\":\"https:\\\/\\\/www.reddingsbrigadenoordwijk.nl\\\/de\\\/strand\\\/zecken-und-krabbeltiere\\\/\",\"name\":\"Teken en rupsen - Reddingsbrigade Noordwijk\",\"isPartOf\":{\"@id\":\"https:\\\/\\\/www.reddingsbrigadenoordwijk.nl\\\/#website\"},\"primaryImageOfPage\":{\"@id\":\"https:\\\/\\\/www.reddingsbrigadenoordwijk.nl\\\/de\\\/strand\\\/zecken-und-krabbeltiere\\\/#primaryimage\"},\"image\":{\"@id\":\"https:\\\/\\\/www.reddingsbrigadenoordwijk.nl\\\/de\\\/strand\\\/zecken-und-krabbeltiere\\\/#primaryimage\"},\"thumbnailUrl\":\"https:\\\/\\\/www.reddingsbrigadenoordwijk.nl\\\/wp-content\\\/uploads\\\/2021\\\/03\\\/Euproctis_chrysorrhoea-02_xndr.jpg\",\"datePublished\":\"2021-03-13T15:47:09+00:00\",\"dateModified\":\"2021-09-12T08:27:16+00:00\",\"breadcrumb\":{\"@id\":\"https:\\\/\\\/www.reddingsbrigadenoordwijk.nl\\\/de\\\/strand\\\/zecken-und-krabbeltiere\\\/#breadcrumb\"},\"inLanguage\":\"fr-FR\",\"potentialAction\":[{\"@type\":\"ReadAction\",\"target\":[\"https:\\\/\\\/www.reddingsbrigadenoordwijk.nl\\\/de\\\/strand\\\/zecken-und-krabbeltiere\\\/\"]}]},{\"@type\":\"ImageObject\",\"inLanguage\":\"fr-FR\",\"@id\":\"https:\\\/\\\/www.reddingsbrigadenoordwijk.nl\\\/de\\\/strand\\\/zecken-und-krabbeltiere\\\/#primaryimage\",\"url\":\"https:\\\/\\\/www.reddingsbrigadenoordwijk.nl\\\/wp-content\\\/uploads\\\/2021\\\/03\\\/Euproctis_chrysorrhoea-02_xndr.jpg\",\"contentUrl\":\"https:\\\/\\\/www.reddingsbrigadenoordwijk.nl\\\/wp-content\\\/uploads\\\/2021\\\/03\\\/Euproctis_chrysorrhoea-02_xndr.jpg\",\"width\":2347,\"height\":1565},{\"@type\":\"BreadcrumbList\",\"@id\":\"https:\\\/\\\/www.reddingsbrigadenoordwijk.nl\\\/de\\\/strand\\\/zecken-und-krabbeltiere\\\/#breadcrumb\",\"itemListElement\":[{\"@type\":\"ListItem\",\"position\":1,\"name\":\"Home\",\"item\":\"https:\\\/\\\/www.reddingsbrigadenoordwijk.nl\\\/\"},{\"@type\":\"ListItem\",\"position\":2,\"name\":\"Strand\",\"item\":\"https:\\\/\\\/www.reddingsbrigadenoordwijk.nl\\\/de\\\/strand\\\/\"},{\"@type\":\"ListItem\",\"position\":3,\"name\":\"Teken en rupsen\"}]},{\"@type\":\"WebSite\",\"@id\":\"https:\\\/\\\/www.reddingsbrigadenoordwijk.nl\\\/#website\",\"url\":\"https:\\\/\\\/www.reddingsbrigadenoordwijk.nl\\\/\",\"name\":\"Reddingsbrigade Noordwijk\",\"description\":\"NRB\",\"potentialAction\":[{\"@type\":\"SearchAction\",\"target\":{\"@type\":\"EntryPoint\",\"urlTemplate\":\"https:\\\/\\\/www.reddingsbrigadenoordwijk.nl\\\/?s={search_term_string}\"},\"query-input\":{\"@type\":\"PropertyValueSpecification\",\"valueRequired\":true,\"valueName\":\"search_term_string\"}}],\"inLanguage\":\"fr-FR\"}]}<\/script>\n<!-- \/ Yoast SEO plugin. -->","yoast_head_json":{"title":"Tiques et chenilles - Reddingsbrigade Noordwijk","robots":{"index":"index","follow":"follow","max-snippet":"max-snippet:-1","max-image-preview":"max-image-preview:large","max-video-preview":"max-video-preview:-1"},"canonical":"https:\/\/www.reddingsbrigadenoordwijk.nl\/fr\/strand\/zecken-und-krabbeltiere\/","og_locale":"fr_FR","og_type":"article","og_title":"Teken en rupsen - Reddingsbrigade Noordwijk","og_description":"Teken Een beet van een teek brengt het risico op de ziekte van Lyme met zich mee. Dit komt omdat de teek mogelijk een bacterie bij zich draagt die de ziekte kan veroorzaken.&nbsp;&nbsp;Een teek is een erg klein insect, ongeveer \u00e9\u00e9n tot drie millimeter, en daardoor gemakkelijk over het hoofd te zien. Teken komen voor [&hellip;]","og_url":"https:\/\/www.reddingsbrigadenoordwijk.nl\/fr\/strand\/zecken-und-krabbeltiere\/","og_site_name":"Reddingsbrigade Noordwijk","article_modified_time":"2021-09-12T08:27:16+00:00","og_image":[{"width":2347,"height":1565,"url":"https:\/\/www.reddingsbrigadenoordwijk.nl\/wp-content\/uploads\/2021\/03\/Euproctis_chrysorrhoea-02_xndr.jpg","type":"image\/jpeg"}],"twitter_card":"summary_large_image","twitter_misc":{"Dur\u00e9e de lecture estim\u00e9e":"3 minutes"},"schema":{"@context":"https:\/\/schema.org","@graph":[{"@type":"WebPage","@id":"https:\/\/www.reddingsbrigadenoordwijk.nl\/de\/strand\/zecken-und-krabbeltiere\/","url":"https:\/\/www.reddingsbrigadenoordwijk.nl\/de\/strand\/zecken-und-krabbeltiere\/","name":"Tiques et chenilles - Reddingsbrigade Noordwijk","isPartOf":{"@id":"https:\/\/www.reddingsbrigadenoordwijk.nl\/#website"},"primaryImageOfPage":{"@id":"https:\/\/www.reddingsbrigadenoordwijk.nl\/de\/strand\/zecken-und-krabbeltiere\/#primaryimage"},"image":{"@id":"https:\/\/www.reddingsbrigadenoordwijk.nl\/de\/strand\/zecken-und-krabbeltiere\/#primaryimage"},"thumbnailUrl":"https:\/\/www.reddingsbrigadenoordwijk.nl\/wp-content\/uploads\/2021\/03\/Euproctis_chrysorrhoea-02_xndr.jpg","datePublished":"2021-03-13T15:47:09+00:00","dateModified":"2021-09-12T08:27:16+00:00","breadcrumb":{"@id":"https:\/\/www.reddingsbrigadenoordwijk.nl\/de\/strand\/zecken-und-krabbeltiere\/#breadcrumb"},"inLanguage":"fr-FR","potentialAction":[{"@type":"ReadAction","target":["https:\/\/www.reddingsbrigadenoordwijk.nl\/de\/strand\/zecken-und-krabbeltiere\/"]}]},{"@type":"ImageObject","inLanguage":"fr-FR","@id":"https:\/\/www.reddingsbrigadenoordwijk.nl\/de\/strand\/zecken-und-krabbeltiere\/#primaryimage","url":"https:\/\/www.reddingsbrigadenoordwijk.nl\/wp-content\/uploads\/2021\/03\/Euproctis_chrysorrhoea-02_xndr.jpg","contentUrl":"https:\/\/www.reddingsbrigadenoordwijk.nl\/wp-content\/uploads\/2021\/03\/Euproctis_chrysorrhoea-02_xndr.jpg","width":2347,"height":1565},{"@type":"BreadcrumbList","@id":"https:\/\/www.reddingsbrigadenoordwijk.nl\/de\/strand\/zecken-und-krabbeltiere\/#breadcrumb","itemListElement":[{"@type":"ListItem","position":1,"name":"Home","item":"https:\/\/www.reddingsbrigadenoordwijk.nl\/"},{"@type":"ListItem","position":2,"name":"Strand","item":"https:\/\/www.reddingsbrigadenoordwijk.nl\/de\/strand\/"},{"@type":"ListItem","position":3,"name":"Teken en rupsen"}]},{"@type":"WebSite","@id":"https:\/\/www.reddingsbrigadenoordwijk.nl\/#website","url":"https:\/\/www.reddingsbrigadenoordwijk.nl\/","name":"\u00c9quipe de sauvetage de Noordwijk","description":"NRB","potentialAction":[{"@type":"SearchAction","target":{"@type":"EntryPoint","urlTemplate":"https:\/\/www.reddingsbrigadenoordwijk.nl\/?s={search_term_string}"},"query-input":{"@type":"PropertyValueSpecification","valueRequired":true,"valueName":"search_term_string"}}],"inLanguage":"fr-FR"}]}},"_links":{"self":[{"href":"https:\/\/www.reddingsbrigadenoordwijk.nl\/fr\/wp-json\/wp\/v2\/pages\/9697","targetHints":{"allow":["GET"]}}],"collection":[{"href":"https:\/\/www.reddingsbrigadenoordwijk.nl\/fr\/wp-json\/wp\/v2\/pages"}],"about":[{"href":"https:\/\/www.reddingsbrigadenoordwijk.nl\/fr\/wp-json\/wp\/v2\/types\/page"}],"author":[{"embeddable":true,"href":"https:\/\/www.reddingsbrigadenoordwijk.nl\/fr\/wp-json\/wp\/v2\/users\/3"}],"replies":[{"embeddable":true,"href":"https:\/\/www.reddingsbrigadenoordwijk.nl\/fr\/wp-json\/wp\/v2\/comments?post=9697"}],"version-history":[{"count":0,"href":"https:\/\/www.reddingsbrigadenoordwijk.nl\/fr\/wp-json\/wp\/v2\/pages\/9697\/revisions"}],"up":[{"embeddable":true,"href":"https:\/\/www.reddingsbrigadenoordwijk.nl\/fr\/wp-json\/wp\/v2\/pages\/131"}],"wp:featuredmedia":[{"embeddable":true,"href":"https:\/\/www.reddingsbrigadenoordwijk.nl\/fr\/wp-json\/wp\/v2\/media\/10413"}],"wp:attachment":[{"href":"https:\/\/www.reddingsbrigadenoordwijk.nl\/fr\/wp-json\/wp\/v2\/media?parent=9697"}],"curies":[{"name":"wp","href":"https:\/\/api.w.org\/{rel}","templated":true}]}}