{"id":146,"date":"2021-01-24T23:05:16","date_gmt":"2021-01-24T22:05:16","guid":{"rendered":"https:\/\/www.reddingsbrigadenoordwijk.nl\/over-ons\/organisatie\/"},"modified":"2022-03-05T22:06:41","modified_gmt":"2022-03-05T21:06:41","slug":"organisatie","status":"publish","type":"page","link":"https:\/\/www.reddingsbrigadenoordwijk.nl\/fr\/a-propos-de-nous\/organisation\/","title":{"rendered":"Organisation"},"content":{"rendered":"<div class=\"vce-section\"><div class=\"vce-section-inner vce-element--has-background\" data-vce-full-width=\"true\" id=\"el-ed7a7320\" data-vce-dynamic-image-all=\"ed7a7320\" data-vce-do-apply=\"all el-ed7a7320\"><div class=\"vce-content-background-container\"><div class=\"vce-asset-background-simple-container vce-visible-all-only vce-asset-background-simple--style-cover vce-asset-background-simple--position-center-center\"><div class=\"vce-asset-background-simple\"><div class=\"vce-asset-background-simple-item lazyload\" style=\"background-image:inherit;\" data-bg-image=\"url(&#039;https:\/\/www.reddingsbrigadenoordwijk.nl\/wp-content\/uploads\/2021\/05\/HCO4187-scaled.jpg?vcv-dynamic-field=featured_image&amp;alt=&amp;caption=De+bus+naar+Wassenaar&amp;title=_HCO4187&#039;)\"><\/div><\/div><\/div><div class=\"vce-asset-color-gradient-container vce-visible-all-only\" data-vce-do-apply=\"gradient el-ed7a7320\"><\/div><\/div><div data-vce-element-content=\"true\"><div class=\"vce-row-container\" data-vce-boxed-width=\"true\"><div class=\"vce-row vce-element--has-background vce-row--col-gap-30 vce-row-equal-height vce-row-content--top\" vce-box-shadow=\"el-e2e2c6c9\" id=\"el-e2e2c6c9\" data-vce-do-apply=\"all el-e2e2c6c9\"><div class=\"vce-content-background-container\"><\/div><div class=\"vce-row-content\" data-vce-element-content=\"true\"><div class=\"vce-col vce-col--md-auto vce-col--xs-1 vce-col--xs-last vce-col--xs-first vce-col--sm-last vce-col--sm-first vce-col--md-last vce-col--lg-last vce-col--xl-last vce-col--md-first vce-col--lg-first vce-col--xl-first\" id=\"el-449e56c4\"><div class=\"vce-col-inner\" data-vce-do-apply=\"border margin background  el-449e56c4\"><div class=\"vce-col-content\" data-vce-element-content=\"true\" data-vce-do-apply=\"padding el-449e56c4\"><div class=\"vce-text-block\"><div class=\"vce-text-block-wrapper vce\" id=\"el-62f6ac30\" data-vce-do-apply=\"all el-62f6ac30\"><h1>Organisation<\/h1><\/div><\/div><div class=\"vce-text-block\"><div class=\"vce-text-block-wrapper vce\" id=\"el-865beb13\" data-vce-do-apply=\"all el-865beb13\"><p style=\"text-align: right;\"><span><span><a href=\"https:\/\/www.reddingsbrigadenoordwijk.nl\/fr\/\">Accueil<\/a><\/span><\/span><\/p><\/div><\/div><\/div><\/div><\/div><\/div><\/div><\/div><\/div><\/div><\/div><div class=\"vce-section\" data-vce-boxed-width=\"true\"><div class=\"vce-section-inner vce-element--has-background\" id=\"el-895534ee\" data-vce-do-apply=\"all el-895534ee\"><div class=\"vce-content-background-container\"><\/div><div data-vce-element-content=\"true\"><div class=\"vce-row-container\" data-vce-boxed-width=\"true\"><div class=\"vce-row vce-row--col-gap-30 vce-row-equal-height vce-row-content--top\" id=\"el-0f1fa514\" data-vce-do-apply=\"all el-0f1fa514\"><div class=\"vce-row-content\" data-vce-element-content=\"true\"><div class=\"vce-col vce-col--md-auto vce-col--xs-1 vce-col--xs-last vce-col--xs-first vce-col--sm-last vce-col--sm-first vce-col--md-last vce-col--lg-last vce-col--xl-last vce-col--md-first vce-col--lg-first vce-col--xl-first\" id=\"el-e0cf9d07\"><div class=\"vce-col-inner\" data-vce-do-apply=\"border margin background  el-e0cf9d07\"><div class=\"vce-col-content\" data-vce-element-content=\"true\" data-vce-do-apply=\"padding el-e0cf9d07\"><div class=\"vce-text-block\"><div class=\"vce-text-block-wrapper vce\" id=\"el-485bb8b0\" data-vce-do-apply=\"all el-485bb8b0\"><h2>Qui nous sommes\/ce que nous faisons<\/h2>\n<p>Reddingsbrigade Noordwijk est une association de et pour les membres. Le 9 mars 2021, l'association aura 100 ans. Depuis lors, nous contribuons \u00e0 la s\u00e9curit\u00e9 des loisirs en bord de mer sur la plage de Noordwijk et ses environs. Nous le faisons \u00e0 un niveau \u00e9lev\u00e9, (semi-)professionnel, en coop\u00e9ration avec d'autres organisations (d'urgence).<\/p>\n<p>La brigade de sauvetage de Noordwijk travaille de mani\u00e8re \"pr\u00e9ventive\" et \"r\u00e9pressive, corrective\" sur la s\u00e9curit\u00e9 en mer. Les t\u00e2ches pr\u00e9ventives comprennent la formation (y compris la natation, le sauvetage), les exercices, l'information et la surveillance des plages (y compris les patrouilles sur la plage et en mer). Les t\u00e2ches dites r\u00e9pressives, correctrices et correctives vont de l'assistance et des premiers soins, de la recherche et de l'accueil des enfants trouv\u00e9s et des personnes disparues au sauvetage en mer (Search and Rescue ; SAR).<\/p><\/div><\/div><div class=\"vce-section\" data-vce-boxed-width=\"true\"><div class=\"vce-section-inner\" id=\"el-9a6b943f\" data-vce-do-apply=\"all el-9a6b943f\"><div data-vce-element-content=\"true\"><div class=\"vce-row-container\" data-vce-boxed-width=\"true\"><div class=\"vce-row vce-row--col-gap-30 vce-row-equal-height vce-row-content--top\" id=\"el-84d714a1\" data-vce-do-apply=\"all el-84d714a1\"><div class=\"vce-row-content\" data-vce-element-content=\"true\"><div class=\"vce-col vce-col--md-auto vce-col--xs-1 vce-col--xs-last vce-col--xs-first vce-col--sm-last vce-col--sm-first vce-col--md-first vce-col--lg-first vce-col--xl-first\" id=\"el-e0d991e0\"><div class=\"vce-col-inner\" data-vce-do-apply=\"border margin background  el-e0d991e0\"><div class=\"vce-col-content\" data-vce-element-content=\"true\" data-vce-do-apply=\"padding el-e0d991e0\"><div class=\"vce-text-block\"><div class=\"vce-text-block-wrapper vce\" id=\"el-1f2199bc\" data-vce-do-apply=\"all el-1f2199bc\"><h2>Vision<\/h2>\n<p>\u00c0 Noordwijk, vous pouvez profiter en toute s\u00e9curit\u00e9 des loisirs de la mer tout au long de l'ann\u00e9e. Les habitants de Noordwijk, en particulier les enfants, peuvent se baigner dans la piscine et dans la mer. Gr\u00e2ce \u00e0 des informations et des cours, ils connaissent les dangers de la mer et savent comment se pr\u00e9parer \u00e0 une visite \u00e0 la plage.<\/p><\/div><\/div><\/div><\/div><\/div><div class=\"vce-col vce-col--md-auto vce-col--xs-1 vce-col--xs-last vce-col--xs-first vce-col--sm-last vce-col--sm-first\" id=\"el-31f34353\"><div class=\"vce-col-inner\" data-vce-do-apply=\"border margin background  el-31f34353\"><div class=\"vce-col-content\" data-vce-element-content=\"true\" data-vce-do-apply=\"padding el-31f34353\"><div class=\"vce-text-block\"><div class=\"vce-text-block-wrapper vce\" id=\"el-a78cef4b\" data-vce-do-apply=\"all el-a78cef4b\"><h2>Mission<\/h2>\n<p>Pr\u00e9vention et lutte contre les noyades (par la formation, l'information et l'\u00e9ducation, l'aide (\u00e0 l'eau) et les secours en cas de catastrophe)<\/p><\/div><\/div><\/div><\/div><\/div><div class=\"vce-col vce-col--md-auto vce-col--xs-1 vce-col--xs-last vce-col--xs-first vce-col--sm-last vce-col--sm-first vce-col--md-last vce-col--lg-last vce-col--xl-last\" id=\"el-4fcd7250\"><div class=\"vce-col-inner\" data-vce-do-apply=\"border margin background  el-4fcd7250\"><div class=\"vce-col-content\" data-vce-element-content=\"true\" data-vce-do-apply=\"padding el-4fcd7250\"><div class=\"vce-text-block\"><div class=\"vce-text-block-wrapper vce\" id=\"el-e451b2a0\" data-vce-do-apply=\"all el-e451b2a0\"><h2>Ambition <\/h2>\n<p>Le NRB est synonyme de loisirs s\u00fbrs au bord de la mer. Une organisation sur laquelle vous pouvez compter, dont vous voulez faire partie ou que vous voulez soutenir au sens large du terme.<\/p><\/div><\/div><\/div><\/div><\/div><\/div><\/div><\/div><\/div><\/div><\/div><\/div><\/div><\/div><\/div><\/div><\/div><div class=\"vce-row-container\" data-vce-boxed-width=\"true\"><div class=\"vce-row vce-row--col-gap-30 vce-row-equal-height vce-row-content--top\" id=\"el-a11ab035\" data-vce-do-apply=\"all el-a11ab035\"><div class=\"vce-row-content\" data-vce-element-content=\"true\"><div class=\"vce-col vce-col--md-auto vce-col--xs-1 vce-col--xs-last vce-col--xs-first vce-col--sm-last vce-col--sm-first vce-col--md-last vce-col--lg-last vce-col--xl-last vce-col--md-first vce-col--lg-first vce-col--xl-first\" id=\"el-2e239f41\"><div class=\"vce-col-inner\" data-vce-do-apply=\"border margin background  el-2e239f41\"><div class=\"vce-col-content\" data-vce-element-content=\"true\" data-vce-do-apply=\"padding el-2e239f41\"><div class=\"vce-text-block\"><div class=\"vce-text-block-wrapper vce\" id=\"el-1d6113fe\" data-vce-do-apply=\"all el-1d6113fe\"><h2>100 ans de la brigade de sauvetage de Noordwijk<\/h2>\n<p>Au cours du si\u00e8cle dernier, la Reddingsbrigade Noordwijk a gagn\u00e9 sa place dans la soci\u00e9t\u00e9. De nombreux membres de Noordwijk et des environs ont \u00e9t\u00e9 form\u00e9s de nageur \u00e0 sauveteur, puis \u00e0 ma\u00eetre-nageur sur la plage de 13 km de notre belle station baln\u00e9aire. La Brigade de Sauvetage est synonyme de s\u00e9curit\u00e9 en mer, sur la plage et dans les dunes. Tous les volontaires \u00e9taient et sont toujours pr\u00eats \u00e0 secourir les personnes et les animaux dans le besoin.&nbsp;<\/p>\n<h6>Lire<a href=\"https:\/\/www.reddingsbrigadenoordwijk.nl\/fr\/archief\/met-vlag-en-wimpel-100-jaar-noordwijkse-reddingsbrigade\/\" target=\"_blank\" rel=\"noopener\">&nbsp;ici<\/a> Plus d'informations sur le 100e anniversaire de la Reddingsbrigade Noordwijk.&nbsp;<\/h6><\/div><\/div><div class=\"vce-text-block\"><div class=\"vce-text-block-wrapper vce\" id=\"el-e482d2fa\" data-vce-do-apply=\"all el-e482d2fa\"><h2>Histoire<\/h2>\n<p>La Reddingsbrigade Noordwijk a \u00e9t\u00e9 fond\u00e9e le mercredi 9 mars 1921, lors d'une r\u00e9union de l'Union populaire contre l'abus d'alcool. Le comit\u00e9 fondateur \u00e9tait compos\u00e9, entre autres, de Burgermeer van Panhuys et de C. Hermanides. Une conf\u00e9rence a \u00e9t\u00e9 donn\u00e9e par M. Meyerink de l'Association royale n\u00e9erlandaise pour le sauvetage des personnes en train de se noyer. Le sujet \u00e9tait \"le sauvetage des personnes qui se noient\".<\/p>\n<p>L'objectif \u00e9tait le suivant : \"<em>Se mettre au service des noy\u00e9s et des naufrag\u00e9s et apporter une aide pratique \u00e0 tous ceux qui en ont besoin \u00e0 la suite d'un accident.<\/em>\".<\/p>\n<p>Pour atteindre cet objectif, des exercices de natation et de sauvetage en mer ainsi que de premiers secours devaient \u00eatre organis\u00e9s. Des d\u00e9monstrations, des cours et des conf\u00e9rences devaient \u00eatre organis\u00e9s, et des \u00e9quipements de sauvetage devaient \u00eatre d\u00e9ploy\u00e9s. Vingt-deux personnes (17 hommes et 5 femmes) se sont imm\u00e9diatement inscrites.<\/p>\n<h6>Le conseil d'administration fondateur :<\/h6>\n<ul>\n<li>Pr\u00e9sident. C. Hermanides (m\u00e9decin)<\/li>\n<li>Secr\u00e9taire G. Eskens (ma\u00eetre d'\u00e9cole)<\/li>\n<li>Tr\u00e9sorier. C. den Hollander (Charpentier)<\/li>\n<li>Membre J. van Kan (forgeron)<\/li>\n<li>Membre J. v. Beelen (profession inconnue)<\/li>\n<li>Pr\u00e9sident d'honneur : Jhr. W.C. van Panhuys<\/li>\n<\/ul>\n<p>L'\u00e9quipe de sauvetage a imm\u00e9diatement rejoint l'Association royale n\u00e9erlandaise pour le sauvetage des personnes noy\u00e9es. Le prix de l'abonnement a \u00e9t\u00e9 fix\u00e9 \u00e0 2,50 fl.<\/p>\n<h4>Raison de la fondation<\/h4>\n<p>La raison de sa cr\u00e9ation a \u00e9t\u00e9 trouv\u00e9e dans :<\/p>\n<ul>\n<li>Les nombreux accidents de noyade en mer des ann\u00e9es pr\u00e9c\u00e9dentes, mais surtout la noyade de l'\u00e9claireuse Jessey Staverman, 15 ans, le samedi 7 ao\u00fbt 1920.<\/li>\n<li>L'\u00e9chouement du lougre KW 47 de Katwijk le 23 novembre 1919 et le chavirement du canot de sauvetage en raison d'une mer d\u00e9mont\u00e9e, entra\u00eenant la noyade de trois sauveteurs (Leendert Hellenberg, Hendrik Vink et Jan Cramer). Jan van Kan \u00e9tait le skipper de la deuxi\u00e8me tentative, qui a r\u00e9ussi.<\/li>\n<\/ul>\n<h6>Homme contre femme<\/h6>\n<p>L'apprentissage de la natation et du sauvetage des nageurs s'est poursuivi par des patrouilles sur les plages.<br>Au cours de l'\u00e9t\u00e9 1921, seuls les hommes de la NRB sont sauveteurs, les dames commencent en 1928.<\/p><\/div><\/div><\/div><\/div><\/div><\/div><\/div><\/div><\/div><\/div><\/div>","protected":false},"excerpt":{"rendered":"","protected":false},"author":1,"featured_media":11289,"parent":141,"menu_order":510,"comment_status":"closed","ping_status":"closed","template":"","meta":{"_acf_changed":false,"footnotes":""},"class_list":["post-146","page","type-page","status-publish","has-post-thumbnail","hentry"],"acf":[],"yoast_head":"<!-- This site is optimized with the Yoast SEO plugin v27.5 - https:\/\/yoast.com\/product\/yoast-seo-wordpress\/ -->\n<title>Organisatie - Reddingsbrigade Noordwijk<\/title>\n<meta name=\"robots\" content=\"index, follow, max-snippet:-1, max-image-preview:large, max-video-preview:-1\" \/>\n<link rel=\"canonical\" href=\"https:\/\/www.reddingsbrigadenoordwijk.nl\/fr\/over-ons\/organisatie\/\" \/>\n<meta property=\"og:locale\" content=\"fr_FR\" \/>\n<meta property=\"og:type\" content=\"article\" \/>\n<meta property=\"og:title\" content=\"Organisatie - Reddingsbrigade Noordwijk\" \/>\n<meta property=\"og:url\" content=\"https:\/\/www.reddingsbrigadenoordwijk.nl\/fr\/over-ons\/organisatie\/\" \/>\n<meta property=\"og:site_name\" content=\"Reddingsbrigade Noordwijk\" \/>\n<meta property=\"article:modified_time\" content=\"2022-03-05T21:06:41+00:00\" \/>\n<meta property=\"og:image\" content=\"https:\/\/www.reddingsbrigadenoordwijk.nl\/wp-content\/uploads\/2021\/05\/HCO4187-scaled.jpg\" \/>\n\t<meta property=\"og:image:width\" content=\"2560\" \/>\n\t<meta property=\"og:image:height\" content=\"1978\" \/>\n\t<meta property=\"og:image:type\" content=\"image\/jpeg\" \/>\n<meta name=\"twitter:card\" content=\"summary_large_image\" \/>\n<meta name=\"twitter:label1\" content=\"Dur\u00e9e de lecture estim\u00e9e\" \/>\n\t<meta name=\"twitter:data1\" content=\"3 minutes\" \/>\n<script type=\"application\/ld+json\" class=\"yoast-schema-graph\">{\"@context\":\"https:\\\/\\\/schema.org\",\"@graph\":[{\"@type\":\"WebPage\",\"@id\":\"https:\\\/\\\/www.reddingsbrigadenoordwijk.nl\\\/over-ons\\\/organisatie\\\/\",\"url\":\"https:\\\/\\\/www.reddingsbrigadenoordwijk.nl\\\/over-ons\\\/organisatie\\\/\",\"name\":\"Organisatie - Reddingsbrigade Noordwijk\",\"isPartOf\":{\"@id\":\"https:\\\/\\\/www.reddingsbrigadenoordwijk.nl\\\/#website\"},\"primaryImageOfPage\":{\"@id\":\"https:\\\/\\\/www.reddingsbrigadenoordwijk.nl\\\/over-ons\\\/organisatie\\\/#primaryimage\"},\"image\":{\"@id\":\"https:\\\/\\\/www.reddingsbrigadenoordwijk.nl\\\/over-ons\\\/organisatie\\\/#primaryimage\"},\"thumbnailUrl\":\"https:\\\/\\\/www.reddingsbrigadenoordwijk.nl\\\/wp-content\\\/uploads\\\/2021\\\/05\\\/HCO4187-scaled.jpg\",\"datePublished\":\"2021-01-24T22:05:16+00:00\",\"dateModified\":\"2022-03-05T21:06:41+00:00\",\"breadcrumb\":{\"@id\":\"https:\\\/\\\/www.reddingsbrigadenoordwijk.nl\\\/over-ons\\\/organisatie\\\/#breadcrumb\"},\"inLanguage\":\"fr-FR\",\"potentialAction\":[{\"@type\":\"ReadAction\",\"target\":[\"https:\\\/\\\/www.reddingsbrigadenoordwijk.nl\\\/over-ons\\\/organisatie\\\/\"]}]},{\"@type\":\"ImageObject\",\"inLanguage\":\"fr-FR\",\"@id\":\"https:\\\/\\\/www.reddingsbrigadenoordwijk.nl\\\/over-ons\\\/organisatie\\\/#primaryimage\",\"url\":\"https:\\\/\\\/www.reddingsbrigadenoordwijk.nl\\\/wp-content\\\/uploads\\\/2021\\\/05\\\/HCO4187-scaled.jpg\",\"contentUrl\":\"https:\\\/\\\/www.reddingsbrigadenoordwijk.nl\\\/wp-content\\\/uploads\\\/2021\\\/05\\\/HCO4187-scaled.jpg\",\"width\":2560,\"height\":1978,\"caption\":\"De bus naar Wassenaar\"},{\"@type\":\"BreadcrumbList\",\"@id\":\"https:\\\/\\\/www.reddingsbrigadenoordwijk.nl\\\/over-ons\\\/organisatie\\\/#breadcrumb\",\"itemListElement\":[{\"@type\":\"ListItem\",\"position\":1,\"name\":\"Home\",\"item\":\"https:\\\/\\\/www.reddingsbrigadenoordwijk.nl\\\/\"},{\"@type\":\"ListItem\",\"position\":2,\"name\":\"Over ons\",\"item\":\"https:\\\/\\\/www.reddingsbrigadenoordwijk.nl\\\/over-ons\\\/\"},{\"@type\":\"ListItem\",\"position\":3,\"name\":\"Organisatie\"}]},{\"@type\":\"WebSite\",\"@id\":\"https:\\\/\\\/www.reddingsbrigadenoordwijk.nl\\\/#website\",\"url\":\"https:\\\/\\\/www.reddingsbrigadenoordwijk.nl\\\/\",\"name\":\"Reddingsbrigade Noordwijk\",\"description\":\"NRB\",\"potentialAction\":[{\"@type\":\"SearchAction\",\"target\":{\"@type\":\"EntryPoint\",\"urlTemplate\":\"https:\\\/\\\/www.reddingsbrigadenoordwijk.nl\\\/?s={search_term_string}\"},\"query-input\":{\"@type\":\"PropertyValueSpecification\",\"valueRequired\":true,\"valueName\":\"search_term_string\"}}],\"inLanguage\":\"fr-FR\"}]}<\/script>\n<!-- \/ Yoast SEO plugin. -->","yoast_head_json":{"title":"Organisation - Reddingsbrigade Noordwijk","robots":{"index":"index","follow":"follow","max-snippet":"max-snippet:-1","max-image-preview":"max-image-preview:large","max-video-preview":"max-video-preview:-1"},"canonical":"https:\/\/www.reddingsbrigadenoordwijk.nl\/fr\/over-ons\/organisatie\/","og_locale":"fr_FR","og_type":"article","og_title":"Organisatie - Reddingsbrigade Noordwijk","og_url":"https:\/\/www.reddingsbrigadenoordwijk.nl\/fr\/over-ons\/organisatie\/","og_site_name":"Reddingsbrigade Noordwijk","article_modified_time":"2022-03-05T21:06:41+00:00","og_image":[{"width":2560,"height":1978,"url":"https:\/\/www.reddingsbrigadenoordwijk.nl\/wp-content\/uploads\/2021\/05\/HCO4187-scaled.jpg","type":"image\/jpeg"}],"twitter_card":"summary_large_image","twitter_misc":{"Dur\u00e9e de lecture estim\u00e9e":"3 minutes"},"schema":{"@context":"https:\/\/schema.org","@graph":[{"@type":"WebPage","@id":"https:\/\/www.reddingsbrigadenoordwijk.nl\/over-ons\/organisatie\/","url":"https:\/\/www.reddingsbrigadenoordwijk.nl\/over-ons\/organisatie\/","name":"Organisation - Reddingsbrigade Noordwijk","isPartOf":{"@id":"https:\/\/www.reddingsbrigadenoordwijk.nl\/#website"},"primaryImageOfPage":{"@id":"https:\/\/www.reddingsbrigadenoordwijk.nl\/over-ons\/organisatie\/#primaryimage"},"image":{"@id":"https:\/\/www.reddingsbrigadenoordwijk.nl\/over-ons\/organisatie\/#primaryimage"},"thumbnailUrl":"https:\/\/www.reddingsbrigadenoordwijk.nl\/wp-content\/uploads\/2021\/05\/HCO4187-scaled.jpg","datePublished":"2021-01-24T22:05:16+00:00","dateModified":"2022-03-05T21:06:41+00:00","breadcrumb":{"@id":"https:\/\/www.reddingsbrigadenoordwijk.nl\/over-ons\/organisatie\/#breadcrumb"},"inLanguage":"fr-FR","potentialAction":[{"@type":"ReadAction","target":["https:\/\/www.reddingsbrigadenoordwijk.nl\/over-ons\/organisatie\/"]}]},{"@type":"ImageObject","inLanguage":"fr-FR","@id":"https:\/\/www.reddingsbrigadenoordwijk.nl\/over-ons\/organisatie\/#primaryimage","url":"https:\/\/www.reddingsbrigadenoordwijk.nl\/wp-content\/uploads\/2021\/05\/HCO4187-scaled.jpg","contentUrl":"https:\/\/www.reddingsbrigadenoordwijk.nl\/wp-content\/uploads\/2021\/05\/HCO4187-scaled.jpg","width":2560,"height":1978,"caption":"De bus naar Wassenaar"},{"@type":"BreadcrumbList","@id":"https:\/\/www.reddingsbrigadenoordwijk.nl\/over-ons\/organisatie\/#breadcrumb","itemListElement":[{"@type":"ListItem","position":1,"name":"Home","item":"https:\/\/www.reddingsbrigadenoordwijk.nl\/"},{"@type":"ListItem","position":2,"name":"Over ons","item":"https:\/\/www.reddingsbrigadenoordwijk.nl\/over-ons\/"},{"@type":"ListItem","position":3,"name":"Organisatie"}]},{"@type":"WebSite","@id":"https:\/\/www.reddingsbrigadenoordwijk.nl\/#website","url":"https:\/\/www.reddingsbrigadenoordwijk.nl\/","name":"\u00c9quipe de sauvetage de Noordwijk","description":"NRB","potentialAction":[{"@type":"SearchAction","target":{"@type":"EntryPoint","urlTemplate":"https:\/\/www.reddingsbrigadenoordwijk.nl\/?s={search_term_string}"},"query-input":{"@type":"PropertyValueSpecification","valueRequired":true,"valueName":"search_term_string"}}],"inLanguage":"fr-FR"}]}},"_links":{"self":[{"href":"https:\/\/www.reddingsbrigadenoordwijk.nl\/fr\/wp-json\/wp\/v2\/pages\/146","targetHints":{"allow":["GET"]}}],"collection":[{"href":"https:\/\/www.reddingsbrigadenoordwijk.nl\/fr\/wp-json\/wp\/v2\/pages"}],"about":[{"href":"https:\/\/www.reddingsbrigadenoordwijk.nl\/fr\/wp-json\/wp\/v2\/types\/page"}],"author":[{"embeddable":true,"href":"https:\/\/www.reddingsbrigadenoordwijk.nl\/fr\/wp-json\/wp\/v2\/users\/1"}],"replies":[{"embeddable":true,"href":"https:\/\/www.reddingsbrigadenoordwijk.nl\/fr\/wp-json\/wp\/v2\/comments?post=146"}],"version-history":[{"count":0,"href":"https:\/\/www.reddingsbrigadenoordwijk.nl\/fr\/wp-json\/wp\/v2\/pages\/146\/revisions"}],"up":[{"embeddable":true,"href":"https:\/\/www.reddingsbrigadenoordwijk.nl\/fr\/wp-json\/wp\/v2\/pages\/141"}],"wp:featuredmedia":[{"embeddable":true,"href":"https:\/\/www.reddingsbrigadenoordwijk.nl\/fr\/wp-json\/wp\/v2\/media\/11289"}],"wp:attachment":[{"href":"https:\/\/www.reddingsbrigadenoordwijk.nl\/fr\/wp-json\/wp\/v2\/media?parent=146"}],"curies":[{"name":"wp","href":"https:\/\/api.w.org\/{rel}","templated":true}]}}