{"id":137,"date":"2021-01-24T23:05:16","date_gmt":"2021-01-24T22:05:16","guid":{"rendered":"https:\/\/www.reddingsbrigadenoordwijk.nl\/strand\/verdrinking\/"},"modified":"2021-03-27T14:07:01","modified_gmt":"2021-03-27T13:07:01","slug":"verdrinking","status":"publish","type":"page","link":"https:\/\/www.reddingsbrigadenoordwijk.nl\/fr\/plage\/noyade\/","title":{"rendered":"Noyade"},"content":{"rendered":"<div class=\"vce-section\"><div class=\"vce-section-inner vce-element--has-background\" data-vce-full-width=\"true\" id=\"el-1c14f78a\" data-vce-dynamic-image-all=\"1c14f78a\" data-vce-do-apply=\"all el-1c14f78a\"><div class=\"vce-content-background-container\"><div class=\"vce-asset-background-simple-container vce-visible-all-only vce-asset-background-simple--style-cover vce-asset-background-simple--position-center-center\"><div class=\"vce-asset-background-simple\"><div class=\"vce-asset-background-simple-item lazyload\" style=\"background-image:inherit;\" data-bg-image=\"url(&#039;https:\/\/www.reddingsbrigadenoordwijk.nl\/wp-content\/uploads\/2021\/03\/photo-1589306284669-cacf4bdca4ce.jpg?vcv-dynamic-field=featured_image&amp;alt=&amp;caption=&amp;title=photo-1589306284669-cacf4bdca4ce&#039;)\"><\/div><\/div><\/div><\/div><div data-vce-element-content=\"true\"><div class=\"vce-row-container\" data-vce-boxed-width=\"true\"><div class=\"vce-row vce-element--has-background vce-row--col-gap-30 vce-row-equal-height vce-row-content--top\" vce-box-shadow=\"el-8390e33a\" id=\"el-8390e33a\" data-vce-do-apply=\"all el-8390e33a\"><div class=\"vce-content-background-container\"><\/div><div class=\"vce-row-content\" data-vce-element-content=\"true\"><div class=\"vce-col vce-col--md-auto vce-col--xs-1 vce-col--xs-last vce-col--xs-first vce-col--sm-last vce-col--sm-first vce-col--md-last vce-col--lg-last vce-col--xl-last vce-col--md-first vce-col--lg-first vce-col--xl-first\" id=\"el-8b1dd0f4\"><div class=\"vce-col-inner\" data-vce-do-apply=\"border margin background  el-8b1dd0f4\"><div class=\"vce-col-content\" data-vce-element-content=\"true\" data-vce-do-apply=\"padding el-8b1dd0f4\"><div class=\"vce-text-block\"><div class=\"vce-text-block-wrapper vce\" id=\"el-d90bd2d1\" data-vce-do-apply=\"all el-d90bd2d1\"><h1>Noyade<\/h1><\/div><\/div><div class=\"vce-text-block\"><div class=\"vce-text-block-wrapper vce\" id=\"el-1092653e\" data-vce-do-apply=\"all el-1092653e\"><p style=\"text-align: right;\"><span><span><a href=\"https:\/\/www.reddingsbrigadenoordwijk.nl\/fr\/\">Accueil<\/a><\/span><\/span><\/p><\/div><\/div><\/div><\/div><\/div><\/div><\/div><\/div><\/div><\/div><\/div><div class=\"vce-section\" data-vce-boxed-width=\"true\"><div class=\"vce-section-inner vce-element--has-background\" id=\"el-c2904519\" data-vce-do-apply=\"all el-c2904519\"><div class=\"vce-content-background-container\"><\/div><div data-vce-element-content=\"true\"><div class=\"vce-row-container\" data-vce-boxed-width=\"true\"><div class=\"vce-row vce-row--col-gap-30 vce-row-equal-height vce-row-content--top\" id=\"el-05224c72\" data-vce-do-apply=\"all el-05224c72\"><div class=\"vce-row-content\" data-vce-element-content=\"true\"><div class=\"vce-col vce-col--md-auto vce-col--xs-1 vce-col--xs-last vce-col--xs-first vce-col--sm-last vce-col--sm-first vce-col--md-last vce-col--lg-last vce-col--xl-last vce-col--md-first vce-col--lg-first vce-col--xl-first\" id=\"el-ba1466b8\"><div class=\"vce-col-inner\" data-vce-do-apply=\"border margin background  el-ba1466b8\"><div class=\"vce-col-content\" data-vce-element-content=\"true\" data-vce-do-apply=\"padding el-ba1466b8\"><div class=\"vce vce-semi-filled-message-box vce-semi-filled-message-box-border--rounded vce-semi-filled-message-box-style--custom vce-semi-filled-message-box-background--b-213-43-30\" id=\"el-142d3c6a\" data-vce-do-apply=\"margin padding border background  el-142d3c6a\"><div class=\"vce-semi-filled-message-box-inner\"><span class=\"vce-semi-filled-message-box-icon vcv-ui-icon-material vcv-ui-icon-material-warning vce-semi-filled-message-box-icon-color--fff\"><\/span><span class=\"vce-semi-filled-message-box-text\"><p>Voyez-vous un nageur ou un baigneur en d\u00e9tresse ? Alors, appelez toujours le 112 !<\/p><\/span><\/div><\/div><div class=\"vce-text-block\"><div class=\"vce-text-block-wrapper vce\" id=\"el-567fd8ca\" data-vce-do-apply=\"all el-567fd8ca\"><p><span style=\"font-weight: 400;\">&nbsp;Au sein de l'\u00e9quipe de sauvetage, nous utilisons la d\u00e9finition suivante de la noyade :<\/span><\/p>\n<blockquote>\n<p>La noyade est l'exp\u00e9rience de difficult\u00e9s respiratoires dues \u00e0 une immersion totale ou partielle dans un liquide.<\/p>\n<\/blockquote><\/div><\/div><div class=\"vce-text-block\"><div class=\"vce-text-block-wrapper vce\" id=\"el-12e16b65\" data-vce-do-apply=\"all el-12e16b65\"><p><span style=\"font-weight: 400;\">Cette d\u00e9finition de la noyade n'implique pas :<\/span><\/p>\n<ul>\n<li><span style=\"font-weight: 400;\">qu'une personne qui se noie meurt<\/span><\/li>\n<li><span style=\"font-weight: 400;\">qu'il existe un besoin de traitement m\u00e9dical<\/span><\/li>\n<li><span style=\"font-weight: 400;\">que le liquide entre dans les poumons<\/span><\/li>\n<li><span style=\"font-weight: 400;\">que la personne qui se noie est compl\u00e8tement submerg\u00e9e<\/span><\/li>\n<li><span style=\"font-weight: 400;\">Lors d'une immersion partielle, la t\u00eate de la personne qui se noie \u00e9tant hors de l'eau, celle-ci peut inhaler de l'eau si elle re\u00e7oit des \u00e9claboussures sur le visage ou si elle perd connaissance et tombe face contre terre dans l'eau.<\/span><\/li>\n<\/ul>\n<p><strong>Le processus de noyade peut avoir deux issues :&nbsp;<\/strong><\/p>\n<ol>\n<li style=\"font-weight: 400;\" aria-level=\"1\"><span style=\"font-weight: 400;\">survie (noyade non mortelle) ou ;&nbsp;<\/span><\/li>\n<li style=\"font-weight: 400;\" aria-level=\"1\"><span style=\"font-weight: 400;\">la mort (noyade fatale).&nbsp;<\/span><\/li>\n<\/ol>\n<p><span style=\"font-weight: 400;\">Si la personne qui se noie est secourue \u00e0 tout moment, le processus de noyade est interrompu. On parle de noyade non mortelle si la personne qui se noie reste en vie par la suite. Si, \u00e0 un moment donn\u00e9, la personne qui se noie meurt des suites de la noyade, on parle encore de noyade mortelle.<\/span><\/p>\n<p><strong>Les noyades non mortelles peuvent \u00eatre divis\u00e9es en deux cat\u00e9gories :&nbsp;<\/strong><\/p>\n<ol>\n<li style=\"font-weight: 400;\" aria-level=\"1\"><span style=\"font-weight: 400;\">survie sans complications m\u00e9dicales ou ;&nbsp;<\/span><\/li>\n<li style=\"font-weight: 400;\" aria-level=\"1\"><span style=\"font-weight: 400;\">de survie avec des complications m\u00e9dicales.&nbsp;<\/span><\/li>\n<\/ol>\n<p><span style=\"font-weight: 400;\">Ces complications sont g\u00e9n\u00e9ralement des l\u00e9sions c\u00e9r\u00e9brales caus\u00e9es par un manque d'oxyg\u00e8ne pendant trop longtemps. Par exemple : une personne qui se noie peut \u00eatre secourue quelques secondes apr\u00e8s son immersion, tousser quelques fois pour d\u00e9gager ses voies respiratoires et survivre sans aucune complication. Mais une personne qui se noie peut \u00e9galement subir un arr\u00eat circulatoire d\u00fb \u00e0 un grave manque d'oxyg\u00e8ne, apr\u00e8s quoi la r\u00e9animation fera repartir le c\u0153ur, mais le cerveau sera irr\u00e9m\u00e9diablement endommag\u00e9.<\/span><\/p>\n<h3><strong>Le processus de noyade<\/strong><\/h3>\n<p><span style=\"font-weight: 400;\">Lorsqu'un noy\u00e9 conscient essaie de maintenir ses voies respiratoires ouvertes, l'eau qui p\u00e9n\u00e8tre dans la bouche est d'abord aval\u00e9e ou recrach\u00e9e. Pendant une immersion (partielle), une personne qui se noie retient sa respiration par r\u00e9flexe. Lorsque l'envie de respirer devient trop forte pour r\u00e9sister, l'eau est inhal\u00e9e et la personne qui se noie tousse par r\u00e9flexe. L'apparition d'une crampe vocale peut emp\u00eacher temporairement l'eau de p\u00e9n\u00e9trer dans les poumons.&nbsp;<\/span><\/p>\n<p><span style=\"font-weight: 400;\">Si la personne qui se noie n'est pas secourue, le manque d'oxyg\u00e8ne finit par entra\u00eener une perte de conscience, un arr\u00eat de la respiration, puis progressivement un arr\u00eat du rythme cardiaque.&nbsp;<\/span><\/p>\n<p><span style=\"font-weight: 400;\">La fibrillation ventriculaire (une arythmie mortelle provoquant un arr\u00eat circulatoire) est rare chez les victimes de noyade. L'ensemble du processus de noyade, de l'immersion ou de l'immersion partielle \u00e0 l'arr\u00eat circulatoire, se d\u00e9roule g\u00e9n\u00e9ralement en quelques minutes.<\/span><\/p>\n<p><strong>L'eau froide peut \u00eatre protectrice<\/strong><\/p>\n<p><span style=\"font-weight: 400;\">Dans des situations exceptionnelles, comme une noyade dans de l'eau glac\u00e9e, ce processus peut prendre jusqu'\u00e0 une heure. L'immersion dans l'eau glac\u00e9e provoque, entre autres, un refroidissement rapide du cerveau et du c\u0153ur. Cela peut avoir un effet protecteur pour les deux organes contre le manque d'oxyg\u00e8ne. En raison de la temp\u00e9rature plus basse, les processus au niveau cellulaire se d\u00e9rouleront plus lentement, ce qui signifie que moins d'oxyg\u00e8ne sera utilis\u00e9 et que l'oxyg\u00e8ne restera disponible plus longtemps.<\/span><\/p><\/div><\/div><div class=\"vce vce-semi-filled-message-box vce-semi-filled-message-box-border--rounded vce-semi-filled-message-box-style--custom vce-semi-filled-message-box-background--b-213-43-30\" id=\"el-0a99208c\" data-vce-do-apply=\"margin padding border background  el-0a99208c\"><div class=\"vce-semi-filled-message-box-inner\"><span class=\"vce-semi-filled-message-box-icon vcv-ui-icon-material vcv-ui-icon-material-warning vce-semi-filled-message-box-icon-color--fff\"><\/span><span class=\"vce-semi-filled-message-box-text\"><p>Voyez-vous un nageur ou un baigneur en d\u00e9tresse ? Alors, appelez toujours le 112 !<\/p><\/span><\/div><\/div><\/div><\/div><\/div><\/div><\/div><\/div><\/div><\/div><\/div>","protected":false},"excerpt":{"rendered":"<p>Zie je een zwemmer of bader in nood? Bel dan altijd 112!&nbsp;Bij de reddingsbrigade hanteren wij de volgende definitie van verdrinking: Verdrinking is het ondervinden van ademhalingsstoornissen door gehele of gedeeltelijke onderdompeling in een vloeistof. Deze definitie van verdrinking impliceert niet: dat een drenkeling overlijdt dat er een noodzaak voor een medische behandeling is dat [&hellip;]<\/p>\n","protected":false},"author":1,"featured_media":9567,"parent":131,"menu_order":420,"comment_status":"closed","ping_status":"closed","template":"","meta":{"_acf_changed":false,"footnotes":""},"class_list":["post-137","page","type-page","status-publish","has-post-thumbnail","hentry"],"acf":[],"yoast_head":"<!-- This site is optimized with the Yoast SEO plugin v27.5 - https:\/\/yoast.com\/product\/yoast-seo-wordpress\/ -->\n<title>Verdrinking - Reddingsbrigade Noordwijk<\/title>\n<meta name=\"robots\" content=\"index, follow, max-snippet:-1, max-image-preview:large, max-video-preview:-1\" \/>\n<link rel=\"canonical\" href=\"https:\/\/www.reddingsbrigadenoordwijk.nl\/fr\/strand\/verdrinking\/\" \/>\n<meta property=\"og:locale\" content=\"fr_FR\" \/>\n<meta property=\"og:type\" content=\"article\" \/>\n<meta property=\"og:title\" content=\"Verdrinking - Reddingsbrigade Noordwijk\" \/>\n<meta property=\"og:description\" content=\"Zie je een zwemmer of bader in nood? Bel dan altijd 112!&nbsp;Bij de reddingsbrigade hanteren wij de volgende definitie van verdrinking: Verdrinking is het ondervinden van ademhalingsstoornissen door gehele of gedeeltelijke onderdompeling in een vloeistof. Deze definitie van verdrinking impliceert niet: dat een drenkeling overlijdt dat er een noodzaak voor een medische behandeling is dat [&hellip;]\" \/>\n<meta property=\"og:url\" content=\"https:\/\/www.reddingsbrigadenoordwijk.nl\/fr\/strand\/verdrinking\/\" \/>\n<meta property=\"og:site_name\" content=\"Reddingsbrigade Noordwijk\" \/>\n<meta property=\"article:modified_time\" content=\"2021-03-27T13:07:01+00:00\" \/>\n<meta property=\"og:image\" content=\"https:\/\/www.reddingsbrigadenoordwijk.nl\/wp-content\/uploads\/2021\/03\/photo-1589306284669-cacf4bdca4ce.jpg\" \/>\n\t<meta property=\"og:image:width\" content=\"1600\" \/>\n\t<meta property=\"og:image:height\" content=\"1067\" \/>\n\t<meta property=\"og:image:type\" content=\"image\/jpeg\" \/>\n<meta name=\"twitter:card\" content=\"summary_large_image\" \/>\n<meta name=\"twitter:label1\" content=\"Dur\u00e9e de lecture estim\u00e9e\" \/>\n\t<meta name=\"twitter:data1\" content=\"2 minutes\" \/>\n<script type=\"application\/ld+json\" class=\"yoast-schema-graph\">{\"@context\":\"https:\\\/\\\/schema.org\",\"@graph\":[{\"@type\":\"WebPage\",\"@id\":\"https:\\\/\\\/www.reddingsbrigadenoordwijk.nl\\\/strand\\\/verdrinking\\\/\",\"url\":\"https:\\\/\\\/www.reddingsbrigadenoordwijk.nl\\\/strand\\\/verdrinking\\\/\",\"name\":\"Verdrinking - Reddingsbrigade Noordwijk\",\"isPartOf\":{\"@id\":\"https:\\\/\\\/www.reddingsbrigadenoordwijk.nl\\\/#website\"},\"primaryImageOfPage\":{\"@id\":\"https:\\\/\\\/www.reddingsbrigadenoordwijk.nl\\\/strand\\\/verdrinking\\\/#primaryimage\"},\"image\":{\"@id\":\"https:\\\/\\\/www.reddingsbrigadenoordwijk.nl\\\/strand\\\/verdrinking\\\/#primaryimage\"},\"thumbnailUrl\":\"https:\\\/\\\/www.reddingsbrigadenoordwijk.nl\\\/wp-content\\\/uploads\\\/2021\\\/03\\\/photo-1589306284669-cacf4bdca4ce.jpg\",\"datePublished\":\"2021-01-24T22:05:16+00:00\",\"dateModified\":\"2021-03-27T13:07:01+00:00\",\"breadcrumb\":{\"@id\":\"https:\\\/\\\/www.reddingsbrigadenoordwijk.nl\\\/strand\\\/verdrinking\\\/#breadcrumb\"},\"inLanguage\":\"fr-FR\",\"potentialAction\":[{\"@type\":\"ReadAction\",\"target\":[\"https:\\\/\\\/www.reddingsbrigadenoordwijk.nl\\\/strand\\\/verdrinking\\\/\"]}]},{\"@type\":\"ImageObject\",\"inLanguage\":\"fr-FR\",\"@id\":\"https:\\\/\\\/www.reddingsbrigadenoordwijk.nl\\\/strand\\\/verdrinking\\\/#primaryimage\",\"url\":\"https:\\\/\\\/www.reddingsbrigadenoordwijk.nl\\\/wp-content\\\/uploads\\\/2021\\\/03\\\/photo-1589306284669-cacf4bdca4ce.jpg\",\"contentUrl\":\"https:\\\/\\\/www.reddingsbrigadenoordwijk.nl\\\/wp-content\\\/uploads\\\/2021\\\/03\\\/photo-1589306284669-cacf4bdca4ce.jpg\",\"width\":1600,\"height\":1067},{\"@type\":\"BreadcrumbList\",\"@id\":\"https:\\\/\\\/www.reddingsbrigadenoordwijk.nl\\\/strand\\\/verdrinking\\\/#breadcrumb\",\"itemListElement\":[{\"@type\":\"ListItem\",\"position\":1,\"name\":\"Home\",\"item\":\"https:\\\/\\\/www.reddingsbrigadenoordwijk.nl\\\/\"},{\"@type\":\"ListItem\",\"position\":2,\"name\":\"Strand\",\"item\":\"https:\\\/\\\/www.reddingsbrigadenoordwijk.nl\\\/de\\\/strand\\\/\"},{\"@type\":\"ListItem\",\"position\":3,\"name\":\"Verdrinking\"}]},{\"@type\":\"WebSite\",\"@id\":\"https:\\\/\\\/www.reddingsbrigadenoordwijk.nl\\\/#website\",\"url\":\"https:\\\/\\\/www.reddingsbrigadenoordwijk.nl\\\/\",\"name\":\"Reddingsbrigade Noordwijk\",\"description\":\"NRB\",\"potentialAction\":[{\"@type\":\"SearchAction\",\"target\":{\"@type\":\"EntryPoint\",\"urlTemplate\":\"https:\\\/\\\/www.reddingsbrigadenoordwijk.nl\\\/?s={search_term_string}\"},\"query-input\":{\"@type\":\"PropertyValueSpecification\",\"valueRequired\":true,\"valueName\":\"search_term_string\"}}],\"inLanguage\":\"fr-FR\"}]}<\/script>\n<!-- \/ Yoast SEO plugin. -->","yoast_head_json":{"title":"Noyade - Reddingsbrigade Noordwijk","robots":{"index":"index","follow":"follow","max-snippet":"max-snippet:-1","max-image-preview":"max-image-preview:large","max-video-preview":"max-video-preview:-1"},"canonical":"https:\/\/www.reddingsbrigadenoordwijk.nl\/fr\/strand\/verdrinking\/","og_locale":"fr_FR","og_type":"article","og_title":"Verdrinking - Reddingsbrigade Noordwijk","og_description":"Zie je een zwemmer of bader in nood? Bel dan altijd 112!&nbsp;Bij de reddingsbrigade hanteren wij de volgende definitie van verdrinking: Verdrinking is het ondervinden van ademhalingsstoornissen door gehele of gedeeltelijke onderdompeling in een vloeistof. Deze definitie van verdrinking impliceert niet: dat een drenkeling overlijdt dat er een noodzaak voor een medische behandeling is dat [&hellip;]","og_url":"https:\/\/www.reddingsbrigadenoordwijk.nl\/fr\/strand\/verdrinking\/","og_site_name":"Reddingsbrigade Noordwijk","article_modified_time":"2021-03-27T13:07:01+00:00","og_image":[{"width":1600,"height":1067,"url":"https:\/\/www.reddingsbrigadenoordwijk.nl\/wp-content\/uploads\/2021\/03\/photo-1589306284669-cacf4bdca4ce.jpg","type":"image\/jpeg"}],"twitter_card":"summary_large_image","twitter_misc":{"Dur\u00e9e de lecture estim\u00e9e":"2 minutes"},"schema":{"@context":"https:\/\/schema.org","@graph":[{"@type":"WebPage","@id":"https:\/\/www.reddingsbrigadenoordwijk.nl\/strand\/verdrinking\/","url":"https:\/\/www.reddingsbrigadenoordwijk.nl\/strand\/verdrinking\/","name":"Noyade - Reddingsbrigade Noordwijk","isPartOf":{"@id":"https:\/\/www.reddingsbrigadenoordwijk.nl\/#website"},"primaryImageOfPage":{"@id":"https:\/\/www.reddingsbrigadenoordwijk.nl\/strand\/verdrinking\/#primaryimage"},"image":{"@id":"https:\/\/www.reddingsbrigadenoordwijk.nl\/strand\/verdrinking\/#primaryimage"},"thumbnailUrl":"https:\/\/www.reddingsbrigadenoordwijk.nl\/wp-content\/uploads\/2021\/03\/photo-1589306284669-cacf4bdca4ce.jpg","datePublished":"2021-01-24T22:05:16+00:00","dateModified":"2021-03-27T13:07:01+00:00","breadcrumb":{"@id":"https:\/\/www.reddingsbrigadenoordwijk.nl\/strand\/verdrinking\/#breadcrumb"},"inLanguage":"fr-FR","potentialAction":[{"@type":"ReadAction","target":["https:\/\/www.reddingsbrigadenoordwijk.nl\/strand\/verdrinking\/"]}]},{"@type":"ImageObject","inLanguage":"fr-FR","@id":"https:\/\/www.reddingsbrigadenoordwijk.nl\/strand\/verdrinking\/#primaryimage","url":"https:\/\/www.reddingsbrigadenoordwijk.nl\/wp-content\/uploads\/2021\/03\/photo-1589306284669-cacf4bdca4ce.jpg","contentUrl":"https:\/\/www.reddingsbrigadenoordwijk.nl\/wp-content\/uploads\/2021\/03\/photo-1589306284669-cacf4bdca4ce.jpg","width":1600,"height":1067},{"@type":"BreadcrumbList","@id":"https:\/\/www.reddingsbrigadenoordwijk.nl\/strand\/verdrinking\/#breadcrumb","itemListElement":[{"@type":"ListItem","position":1,"name":"Home","item":"https:\/\/www.reddingsbrigadenoordwijk.nl\/"},{"@type":"ListItem","position":2,"name":"Strand","item":"https:\/\/www.reddingsbrigadenoordwijk.nl\/de\/strand\/"},{"@type":"ListItem","position":3,"name":"Verdrinking"}]},{"@type":"WebSite","@id":"https:\/\/www.reddingsbrigadenoordwijk.nl\/#website","url":"https:\/\/www.reddingsbrigadenoordwijk.nl\/","name":"\u00c9quipe de sauvetage de Noordwijk","description":"NRB","potentialAction":[{"@type":"SearchAction","target":{"@type":"EntryPoint","urlTemplate":"https:\/\/www.reddingsbrigadenoordwijk.nl\/?s={search_term_string}"},"query-input":{"@type":"PropertyValueSpecification","valueRequired":true,"valueName":"search_term_string"}}],"inLanguage":"fr-FR"}]}},"_links":{"self":[{"href":"https:\/\/www.reddingsbrigadenoordwijk.nl\/fr\/wp-json\/wp\/v2\/pages\/137","targetHints":{"allow":["GET"]}}],"collection":[{"href":"https:\/\/www.reddingsbrigadenoordwijk.nl\/fr\/wp-json\/wp\/v2\/pages"}],"about":[{"href":"https:\/\/www.reddingsbrigadenoordwijk.nl\/fr\/wp-json\/wp\/v2\/types\/page"}],"author":[{"embeddable":true,"href":"https:\/\/www.reddingsbrigadenoordwijk.nl\/fr\/wp-json\/wp\/v2\/users\/1"}],"replies":[{"embeddable":true,"href":"https:\/\/www.reddingsbrigadenoordwijk.nl\/fr\/wp-json\/wp\/v2\/comments?post=137"}],"version-history":[{"count":0,"href":"https:\/\/www.reddingsbrigadenoordwijk.nl\/fr\/wp-json\/wp\/v2\/pages\/137\/revisions"}],"up":[{"embeddable":true,"href":"https:\/\/www.reddingsbrigadenoordwijk.nl\/fr\/wp-json\/wp\/v2\/pages\/131"}],"wp:featuredmedia":[{"embeddable":true,"href":"https:\/\/www.reddingsbrigadenoordwijk.nl\/fr\/wp-json\/wp\/v2\/media\/9567"}],"wp:attachment":[{"href":"https:\/\/www.reddingsbrigadenoordwijk.nl\/fr\/wp-json\/wp\/v2\/media?parent=137"}],"curies":[{"name":"wp","href":"https:\/\/api.w.org\/{rel}","templated":true}]}}