{"id":131,"date":"2021-01-24T23:05:16","date_gmt":"2021-01-24T22:05:16","guid":{"rendered":"https:\/\/www.reddingsbrigadenoordwijk.nl\/strand\/"},"modified":"2021-10-31T12:23:53","modified_gmt":"2021-10-31T11:23:53","slug":"strand","status":"publish","type":"page","link":"https:\/\/www.reddingsbrigadenoordwijk.nl\/fr\/plage\/","title":{"rendered":"Plage"},"content":{"rendered":"<div class=\"vce-section\"><div class=\"vce-section-inner vce-element--has-background\" data-vce-full-width=\"true\" id=\"el-a240c3cb\" data-vce-do-apply=\"all el-a240c3cb\"><div class=\"vce-content-background-container\"><div class=\"vce-asset-background-simple-container vce-visible-all-only vce-asset-background-simple--style-cover vce-asset-background-simple--position-center-center\"><div class=\"vce-asset-background-simple\"><div class=\"vce-asset-background-simple-item lazyload\" style=\"background-image:inherit;\" data-bg-image=\"url(&#039;https:\/\/www.reddingsbrigadenoordwijk.nl\/wp-content\/uploads\/2021\/03\/photo-1424581342241-2b1aba4d3462.jpg&#039;)\"><\/div><\/div><\/div><\/div><div data-vce-element-content=\"true\"><div class=\"vce-row-container\" data-vce-boxed-width=\"true\"><div class=\"vce-row vce-element--has-background vce-row--col-gap-30 vce-row-equal-height vce-row-content--top\" vce-box-shadow=\"el-bad499f2\" id=\"el-bad499f2\" data-vce-do-apply=\"all el-bad499f2\"><div class=\"vce-content-background-container\"><\/div><div class=\"vce-row-content\" data-vce-element-content=\"true\"><div class=\"vce-col vce-col--md-auto vce-col--xs-1 vce-col--xs-last vce-col--xs-first vce-col--sm-last vce-col--sm-first vce-col--md-last vce-col--lg-last vce-col--xl-last vce-col--md-first vce-col--lg-first vce-col--xl-first\" id=\"el-8b31fe2a\"><div class=\"vce-col-inner\" data-vce-do-apply=\"border margin background  el-8b31fe2a\"><div class=\"vce-col-content\" data-vce-element-content=\"true\" data-vce-do-apply=\"padding el-8b31fe2a\"><div class=\"vce-text-block\"><div class=\"vce-text-block-wrapper vce\" id=\"el-fb99916b\" data-vce-do-apply=\"all el-fb99916b\"><h1>Plage<\/h1><\/div><\/div><div class=\"vce-text-block\"><div class=\"vce-text-block-wrapper vce\" id=\"el-b08ff72b\" data-vce-do-apply=\"all el-b08ff72b\"><p style=\"text-align: right;\"><span><span><a href=\"https:\/\/www.reddingsbrigadenoordwijk.nl\/fr\/\">Accueil<\/a><\/span><\/span><\/p><\/div><\/div><\/div><\/div><\/div><\/div><\/div><\/div><\/div><\/div><\/div><div class=\"vce-section\" data-vce-boxed-width=\"true\"><div class=\"vce-section-inner vce-element--has-background\" id=\"el-6d0a6aa9\" data-vce-do-apply=\"all el-6d0a6aa9\"><div class=\"vce-content-background-container\"><\/div><div data-vce-element-content=\"true\"><div class=\"vce-row-container\" data-vce-boxed-width=\"true\"><div class=\"vce-row vce-row--col-gap-30 vce-row-equal-height vce-row-content--top\" id=\"el-4c76f588\" data-vce-do-apply=\"all el-4c76f588\"><div class=\"vce-row-content\" data-vce-element-content=\"true\"><div class=\"vce-col vce-col--md-auto vce-col--xs-1 vce-col--xs-last vce-col--xs-first vce-col--sm-last vce-col--sm-first vce-col--md-last vce-col--lg-last vce-col--xl-last vce-col--md-first vce-col--lg-first vce-col--xl-first\" id=\"el-4db6cf3c\"><div class=\"vce-col-inner\" data-vce-do-apply=\"border margin background  el-4db6cf3c\"><div class=\"vce-col-content\" data-vce-element-content=\"true\" data-vce-do-apply=\"padding el-4db6cf3c\"><div class=\"vce-text-block\"><div class=\"vce-text-block-wrapper vce\" id=\"el-7c23fa41\" data-vce-do-apply=\"all el-7c23fa41\"><h2>Vous aimez la mer, le soleil et l'eau ? Mais en toute s\u00e9curit\u00e9 !<\/h2>\n<p>Pour que votre journ\u00e9e \u00e0 la plage soit aussi s\u00fbre que possible, nous avons dress\u00e9 une liste de choses \u00e0 faire pour vous. Veuillez lire les informations suivantes avant de profiter de la plage de Noordwijk.<\/p><\/div><\/div><\/div><\/div><\/div><\/div><\/div><\/div><div class=\"vce-row-container\" data-vce-boxed-width=\"true\"><div class=\"vce-row vce-row--has-col-background vce-row--col-gap-30 vce-row-equal-height vce-row-content--middle\" id=\"el-c7d86d94\" data-vce-do-apply=\"all el-c7d86d94\"><div class=\"vce-content-background-container\"><\/div><div class=\"vce-row-content\" data-vce-element-content=\"true\"><div class=\"vce-col vce-element--has-background vce-col--md-auto vce-col--xs-1 vce-col--xs-last vce-col--xs-first vce-col--sm-last vce-col--sm-first vce-col--md-first vce-col--lg-first vce-col--xl-first z10\" id=\"el-d51f679a\"><div class=\"vce-col-inner\" data-vce-do-apply=\"border margin background  el-d51f679a\" vce-box-shadow=\"el-d51f679a\"><div class=\"vce-content-background-container\"><\/div><div class=\"vce-col-content\" data-vce-element-content=\"true\" data-vce-do-apply=\"padding el-d51f679a\"><div class=\"vce-text-block\"><div class=\"vce-text-block-wrapper vce\" id=\"el-5aabab87\" data-vce-do-apply=\"all el-5aabab87\"><ul>\n<li style=\"font-weight: 400;\" aria-level=\"1\"><span style=\"font-weight: 400;\">Ne vous baignez que dans les endroits o\u00f9 cela est autoris\u00e9 et surveill\u00e9 par des ma\u00eetres-nageurs ;<\/span><\/li>\n<li style=\"font-weight: 400;\" aria-level=\"1\"><span style=\"font-weight: 400;\">Surveillez toujours les enfants, tant dans l'eau que sur la plage ;<\/span><\/li>\n<li style=\"font-weight: 400;\" aria-level=\"1\"><span style=\"font-weight: 400;\">Restez \u00e0 distance des petits enfants dans l'eau ;<\/span><\/li>\n<li style=\"font-weight: 400;\" aria-level=\"1\"><span style=\"font-weight: 400;\">Vous ne savez pas nager ? Puis entrez dans l'eau jusqu'aux genoux ;<\/span><\/li>\n<li style=\"font-weight: 400;\" aria-level=\"1\"><span style=\"font-weight: 400;\">Ne vous baignez pas pr\u00e8s des marais (= courants se dirigeant vers la mer) ;<\/span><\/li>\n<li style=\"font-weight: 400;\" aria-level=\"1\"><span style=\"font-weight: 400;\">L'alcool et la natation ne font pas bon m\u00e9nage. C'est une menace pour la vie !<\/span><\/li>\n<li aria-level=\"1\">Ne vous baignez jamais seul ! M\u00eame le meilleur nageur peut avoir des probl\u00e8mes, par exemple \u00e0 cause d'une crampe.<\/li>\n<\/ul><\/div><\/div><\/div><\/div><\/div><div class=\"vce-col vce-element--has-background vce-col--md-auto vce-col--xs-1 vce-col--xs-last vce-col--xs-first vce-col--sm-last vce-col--sm-first vce-col--md-last vce-col--lg-last vce-col--xl-last z10\" id=\"el-c3d0f987\"><div class=\"vce-col-inner\" data-vce-do-apply=\"border margin background  el-c3d0f987\" vce-box-shadow=\"el-c3d0f987\"><div class=\"vce-content-background-container\"><\/div><div class=\"vce-col-content\" data-vce-element-content=\"true\" data-vce-do-apply=\"padding el-c3d0f987\"><div class=\"vce-text-block\"><div class=\"vce-text-block-wrapper vce\" id=\"el-9b6b09b3\" data-vce-do-apply=\"all el-9b6b09b3\"><ul>\n<li style=\"font-weight: 400;\" aria-level=\"1\"><span style=\"font-weight: 400;\">Par vent d'est (= vent direction mer), n'utilisez pas d'\u00e9quipement flottant (objets flottants), vous pourriez d\u00e9river loin dans la mer ;<\/span><\/li>\n<li style=\"font-weight: 400;\" aria-level=\"1\"><span style=\"font-weight: 400;\">Ne creusez pas de fosses profondes sur la plage (en raison du risque d'effondrement et de suffocation) ;<\/span><\/li>\n<li style=\"font-weight: 400;\" aria-level=\"1\"><span style=\"font-weight: 400;\">Respectez les zones d\u00e9sign\u00e9es pour les diff\u00e9rents sports nautiques.<\/span><span style=\"font-weight: 400;\"><br><\/span><span style=\"font-weight: 400;\"> Attention aux signaux d'alarme<\/span>\n<ul>\n<li style=\"font-weight: 400;\" aria-level=\"2\"><span style=\"font-weight: 400;\">Drapeau jaune = eau dangereuse<\/span><\/li>\n<li style=\"font-weight: 400;\" aria-level=\"2\"><span style=\"font-weight: 400;\">Drapeau rouge = pas de natation<\/span><\/li>\n<li style=\"font-weight: 400;\" aria-level=\"2\"><span style=\"font-weight: 400;\">Point d'interrogation = enfant trouv\u00e9<\/span><\/li>\n<li aria-level=\"2\">Manche \u00e0 air orange = ne pas se mettre \u00e0 l'eau avec des aides \u00e0 la flottabilit\u00e9<\/li>\n<\/ul>\n<\/li>\n<li style=\"font-weight: 400;\" aria-level=\"1\"><span style=\"font-weight: 400;\">Suivez les instructions du ma\u00eetre-nageur \u00e0 tout moment.<\/span><\/li>\n<\/ul><\/div><\/div><\/div><\/div><\/div><\/div><\/div><\/div><div class=\"vce-row-container\" data-vce-boxed-width=\"true\"><div class=\"vce-row vce-row--col-gap-30 vce-row-equal-height vce-row-content--top\" id=\"el-c7785eb5\" data-vce-do-apply=\"all el-c7785eb5\"><div class=\"vce-row-content\" data-vce-element-content=\"true\"><div class=\"vce-col vce-col--md-auto vce-col--xs-1 vce-col--xs-last vce-col--xs-first vce-col--sm-last vce-col--sm-first vce-col--md-last vce-col--lg-last vce-col--xl-last vce-col--md-first vce-col--lg-first vce-col--xl-first\" id=\"el-87f36e40\"><div class=\"vce-col-inner\" data-vce-do-apply=\"border margin background  el-87f36e40\"><div class=\"vce-col-content\" data-vce-element-content=\"true\" data-vce-do-apply=\"padding el-87f36e40\"><\/div><\/div><\/div><\/div><\/div><\/div><div class=\"vce-row-container\" data-vce-boxed-width=\"true\"><div class=\"vce-row vce-row--col-gap-30 vce-row-equal-height vce-row-content--top\" id=\"el-3cf818be\" data-vce-do-apply=\"all el-3cf818be\"><div class=\"vce-content-background-container\"><\/div><div class=\"vce-row-content\" data-vce-element-content=\"true\"><div class=\"vce-col vce-col--md-auto vce-col--xs-1 vce-col--xs-last vce-col--xs-first vce-col--sm-last vce-col--sm-first vce-col--md-last vce-col--lg-last vce-col--xl-last vce-col--md-first vce-col--lg-first vce-col--xl-first\" id=\"el-c05dc0a4\"><div class=\"vce-col-inner\" data-vce-do-apply=\"border margin background  el-c05dc0a4\"><div class=\"vce-col-content\" data-vce-element-content=\"true\" data-vce-do-apply=\"padding el-c05dc0a4\"><div class=\"vce-posts-grid-container vce-news-grid-container\"><div class=\"vce vce-posts-grid-wrapper vce-news-grid-wrapper vce-posts-grid--gap-0 vce-posts-grid--columns-3 vce-posts-grid-pagination--color-E0BAA0--e2e2e2\" id=\"el-c9ed545b\" data-vce-do-apply=\"all el-c9ed545b\"><div class=\"vce-posts-grid-list\"><div class=\"vce-posts-grid-item\"><article class=\"vce-posts-grid-item-inner\"><div class=\"vce-post-description vce-post-description--full vce-post-description--title-color-b-0-53-150 vce-post-description--excerpt-color-4e4e4e vce-post-description--author-color-ffce00 vce-post-description--meta-color-b-215-223-228\"><div class=\"vce-post-description--image lazyload\" style=\"background-image:inherit\" data-bg-image=\"url(https:\/\/www.reddingsbrigadenoordwijk.nl\/wp-content\/uploads\/2021\/03\/photo-1514747975201-4715db583da9.jpg)\"><a href=\"https:\/\/www.reddingsbrigadenoordwijk.nl\/fr\/plage\/risques\/\"><\/a><\/div><div class=\"vce-post-description--content\"><h3 class=\"vce-post-description--title\"><a href=\"https:\/\/www.reddingsbrigadenoordwijk.nl\/fr\/plage\/risques\/\">Les dangers de la mer<\/a><\/h3><a href=\"https:\/\/www.reddingsbrigadenoordwijk.nl\/fr\/plage\/risques\/\" class=\"vce-post-link\"><div class=\"vce-button--style-basic-container vce-button--style-basic-container--align-left\"><span class=\"vce-button--style-basic-wrapper vce\" id=\"el-c7a99338\" data-vce-do-apply=\"margin el-c7a99338\"><button class=\"vce-button--style-basic vce-button--style-basic--border-square vce-button--style-basic--size-medium vce-button--style-basic--color-b-0-53-150--fff vce-button--style-basic--hover-color-b-255-87-0--b-255-255-255\" data-vce-do-apply=\"padding border background  el-c7a99338\">Lire la suite<\/button><\/span><\/div><\/a><\/div><\/div><\/article><\/div><div class=\"vce-posts-grid-item\"><article class=\"vce-posts-grid-item-inner\"><div class=\"vce-post-description vce-post-description--full vce-post-description--title-color-b-0-53-150 vce-post-description--excerpt-color-4e4e4e vce-post-description--author-color-ffce00 vce-post-description--meta-color-b-215-223-228\"><div class=\"vce-post-description--image lazyload\" style=\"background-image:inherit\" data-bg-image=\"url(https:\/\/www.reddingsbrigadenoordwijk.nl\/wp-content\/uploads\/2021\/03\/117129493_2622903914628883_3082027343828180108_o.jpg)\"><a href=\"https:\/\/www.reddingsbrigadenoordwijk.nl\/fr\/plage\/retrait-dun-enfant\/\"><\/a><\/div><div class=\"vce-post-description--content\"><h3 class=\"vce-post-description--title\"><a href=\"https:\/\/www.reddingsbrigadenoordwijk.nl\/fr\/plage\/retrait-dun-enfant\/\">Enfant perdu<\/a><\/h3><a href=\"https:\/\/www.reddingsbrigadenoordwijk.nl\/fr\/plage\/retrait-dun-enfant\/\" class=\"vce-post-link\"><div class=\"vce-button--style-basic-container vce-button--style-basic-container--align-left\"><span class=\"vce-button--style-basic-wrapper vce\" id=\"el-c7a99338\" data-vce-do-apply=\"margin el-c7a99338\"><button class=\"vce-button--style-basic vce-button--style-basic--border-square vce-button--style-basic--size-medium vce-button--style-basic--color-b-0-53-150--fff vce-button--style-basic--hover-color-b-255-87-0--b-255-255-255\" data-vce-do-apply=\"padding border background  el-c7a99338\">Lire la suite<\/button><\/span><\/div><\/a><\/div><\/div><\/article><\/div><div class=\"vce-posts-grid-item\"><article class=\"vce-posts-grid-item-inner\"><div class=\"vce-post-description vce-post-description--full vce-post-description--title-color-b-0-53-150 vce-post-description--excerpt-color-4e4e4e vce-post-description--author-color-ffce00 vce-post-description--meta-color-b-215-223-228\"><div class=\"vce-post-description--image lazyload\" style=\"background-image:inherit\" data-bg-image=\"url(https:\/\/www.reddingsbrigadenoordwijk.nl\/wp-content\/uploads\/2021\/03\/photo-1577307559749-82f2de988a9a.jpg)\"><a href=\"https:\/\/www.reddingsbrigadenoordwijk.nl\/fr\/plage\/drapeaux\/\"><\/a><\/div><div class=\"vce-post-description--content\"><h3 class=\"vce-post-description--title\"><a href=\"https:\/\/www.reddingsbrigadenoordwijk.nl\/fr\/plage\/drapeaux\/\">Drapeaux<\/a><\/h3><a href=\"https:\/\/www.reddingsbrigadenoordwijk.nl\/fr\/plage\/drapeaux\/\" class=\"vce-post-link\"><div class=\"vce-button--style-basic-container vce-button--style-basic-container--align-left\"><span class=\"vce-button--style-basic-wrapper vce\" id=\"el-c7a99338\" data-vce-do-apply=\"margin el-c7a99338\"><button class=\"vce-button--style-basic vce-button--style-basic--border-square vce-button--style-basic--size-medium vce-button--style-basic--color-b-0-53-150--fff vce-button--style-basic--hover-color-b-255-87-0--b-255-255-255\" data-vce-do-apply=\"padding border background  el-c7a99338\">Lire la suite<\/button><\/span><\/div><\/a><\/div><\/div><\/article><\/div><div class=\"vce-posts-grid-item\"><article class=\"vce-posts-grid-item-inner\"><div class=\"vce-post-description vce-post-description--full vce-post-description--title-color-b-0-53-150 vce-post-description--excerpt-color-4e4e4e vce-post-description--author-color-ffce00 vce-post-description--meta-color-b-215-223-228\"><div class=\"vce-post-description--image lazyload\" style=\"background-image:inherit\" data-bg-image=\"url(https:\/\/www.reddingsbrigadenoordwijk.nl\/wp-content\/uploads\/2021\/03\/photo-1589306284669-cacf4bdca4ce.jpg)\"><a href=\"https:\/\/www.reddingsbrigadenoordwijk.nl\/fr\/plage\/noyade\/\"><\/a><\/div><div class=\"vce-post-description--content\"><h3 class=\"vce-post-description--title\"><a href=\"https:\/\/www.reddingsbrigadenoordwijk.nl\/fr\/plage\/noyade\/\">Noyade<\/a><\/h3><a href=\"https:\/\/www.reddingsbrigadenoordwijk.nl\/fr\/plage\/noyade\/\" class=\"vce-post-link\"><div class=\"vce-button--style-basic-container vce-button--style-basic-container--align-left\"><span class=\"vce-button--style-basic-wrapper vce\" id=\"el-c7a99338\" data-vce-do-apply=\"margin el-c7a99338\"><button class=\"vce-button--style-basic vce-button--style-basic--border-square vce-button--style-basic--size-medium vce-button--style-basic--color-b-0-53-150--fff vce-button--style-basic--hover-color-b-255-87-0--b-255-255-255\" data-vce-do-apply=\"padding border background  el-c7a99338\">Lire la suite<\/button><\/span><\/div><\/a><\/div><\/div><\/article><\/div><div class=\"vce-posts-grid-item\"><article class=\"vce-posts-grid-item-inner\"><div class=\"vce-post-description vce-post-description--full vce-post-description--title-color-b-0-53-150 vce-post-description--excerpt-color-4e4e4e vce-post-description--author-color-ffce00 vce-post-description--meta-color-b-215-223-228\"><div class=\"vce-post-description--image lazyload\" style=\"background-image:inherit\" data-bg-image=\"url(https:\/\/www.reddingsbrigadenoordwijk.nl\/wp-content\/uploads\/2021\/03\/photo-1503004846145-227fb65decef.jpg)\"><a href=\"https:\/\/www.reddingsbrigadenoordwijk.nl\/fr\/plage\/meteo-et-temps\/\"><\/a><\/div><div class=\"vce-post-description--content\"><h3 class=\"vce-post-description--title\"><a href=\"https:\/\/www.reddingsbrigadenoordwijk.nl\/fr\/plage\/meteo-et-temps\/\">M\u00e9t\u00e9o et mar\u00e9es<\/a><\/h3><a href=\"https:\/\/www.reddingsbrigadenoordwijk.nl\/fr\/plage\/meteo-et-temps\/\" class=\"vce-post-link\"><div class=\"vce-button--style-basic-container vce-button--style-basic-container--align-left\"><span class=\"vce-button--style-basic-wrapper vce\" id=\"el-c7a99338\" data-vce-do-apply=\"margin el-c7a99338\"><button class=\"vce-button--style-basic vce-button--style-basic--border-square vce-button--style-basic--size-medium vce-button--style-basic--color-b-0-53-150--fff vce-button--style-basic--hover-color-b-255-87-0--b-255-255-255\" data-vce-do-apply=\"padding border background  el-c7a99338\">Lire la suite<\/button><\/span><\/div><\/a><\/div><\/div><\/article><\/div><div class=\"vce-posts-grid-item\"><article class=\"vce-posts-grid-item-inner\"><div class=\"vce-post-description vce-post-description--full vce-post-description--title-color-b-0-53-150 vce-post-description--excerpt-color-4e4e4e vce-post-description--author-color-ffce00 vce-post-description--meta-color-b-215-223-228\"><div class=\"vce-post-description--image lazyload\" style=\"background-image:inherit\" data-bg-image=\"url(https:\/\/www.reddingsbrigadenoordwijk.nl\/wp-content\/uploads\/2021\/03\/photo-1603205998149-d2735ff78528.jpg)\"><a href=\"https:\/\/www.reddingsbrigadenoordwijk.nl\/fr\/plage\/la-vie-marine\/\"><\/a><\/div><div class=\"vce-post-description--content\"><h3 class=\"vce-post-description--title\"><a href=\"https:\/\/www.reddingsbrigadenoordwijk.nl\/fr\/plage\/la-vie-marine\/\">La vie marine<\/a><\/h3><a href=\"https:\/\/www.reddingsbrigadenoordwijk.nl\/fr\/plage\/la-vie-marine\/\" class=\"vce-post-link\"><div class=\"vce-button--style-basic-container vce-button--style-basic-container--align-left\"><span class=\"vce-button--style-basic-wrapper vce\" id=\"el-c7a99338\" data-vce-do-apply=\"margin el-c7a99338\"><button class=\"vce-button--style-basic vce-button--style-basic--border-square vce-button--style-basic--size-medium vce-button--style-basic--color-b-0-53-150--fff vce-button--style-basic--hover-color-b-255-87-0--b-255-255-255\" data-vce-do-apply=\"padding border background  el-c7a99338\">Lire la suite<\/button><\/span><\/div><\/a><\/div><\/div><\/article><\/div><div class=\"vce-posts-grid-item\"><article class=\"vce-posts-grid-item-inner\"><div class=\"vce-post-description vce-post-description--full vce-post-description--title-color-b-0-53-150 vce-post-description--excerpt-color-4e4e4e vce-post-description--author-color-ffce00 vce-post-description--meta-color-b-215-223-228\"><div class=\"vce-post-description--image lazyload\" style=\"background-image:inherit\" data-bg-image=\"url(https:\/\/www.reddingsbrigadenoordwijk.nl\/wp-content\/uploads\/2021\/03\/photo-1551811093-d2411a99d02d.jpg)\"><a href=\"https:\/\/www.reddingsbrigadenoordwijk.nl\/fr\/plage\/prospectus-de-plage\/\"><\/a><\/div><div class=\"vce-post-description--content\"><h3 class=\"vce-post-description--title\"><a href=\"https:\/\/www.reddingsbrigadenoordwijk.nl\/fr\/plage\/prospectus-de-plage\/\">Brochures sur les plages<\/a><\/h3><a href=\"https:\/\/www.reddingsbrigadenoordwijk.nl\/fr\/plage\/prospectus-de-plage\/\" class=\"vce-post-link\"><div class=\"vce-button--style-basic-container vce-button--style-basic-container--align-left\"><span class=\"vce-button--style-basic-wrapper vce\" id=\"el-c7a99338\" data-vce-do-apply=\"margin el-c7a99338\"><button class=\"vce-button--style-basic vce-button--style-basic--border-square vce-button--style-basic--size-medium vce-button--style-basic--color-b-0-53-150--fff vce-button--style-basic--hover-color-b-255-87-0--b-255-255-255\" data-vce-do-apply=\"padding border background  el-c7a99338\">Lire la suite<\/button><\/span><\/div><\/a><\/div><\/div><\/article><\/div><\/div><\/div><\/div><\/div><\/div><\/div><\/div><\/div><\/div><\/div><\/div><\/div>","protected":false},"excerpt":{"rendered":"<p>Vous aimez la mer, le soleil et l'eau ? Mais soyez prudents ! Pour que votre journ\u00e9e \u00e0 la plage soit aussi s\u00fbre que possible, nous avons dress\u00e9 une liste de choses \u00e0 faire pour vous. Veuillez lire les informations suivantes avant de profiter de la plage de Noordwijk. Ne vous baignez que dans les endroits o\u00f9 cela est autoris\u00e9 et o\u00f9 vous pouvez vous baigner en toute s\u00e9curit\u00e9.<\/p>","protected":false},"author":1,"featured_media":0,"parent":0,"menu_order":360,"comment_status":"closed","ping_status":"closed","template":"","meta":{"_acf_changed":false,"footnotes":""},"class_list":["post-131","page","type-page","status-publish","hentry"],"acf":[],"yoast_head":"<!-- This site is optimized with the Yoast SEO plugin v27.5 - https:\/\/yoast.com\/product\/yoast-seo-wordpress\/ -->\n<title>Strand - Reddingsbrigade Noordwijk<\/title>\n<meta name=\"robots\" content=\"index, follow, max-snippet:-1, max-image-preview:large, max-video-preview:-1\" \/>\n<link rel=\"canonical\" href=\"https:\/\/www.reddingsbrigadenoordwijk.nl\/fr\/strand\/\" \/>\n<meta property=\"og:locale\" content=\"fr_FR\" \/>\n<meta property=\"og:type\" content=\"article\" \/>\n<meta property=\"og:title\" content=\"Strand - Reddingsbrigade Noordwijk\" \/>\n<meta property=\"og:description\" content=\"Genieten van zee, zon en water? Maar dan wel veilig! Om jouw dagje strand zo veilig mogelijk te maken, hebben we een aantal dingen voor jou op een rijtje gezet. Neem onderstaande informatie eens rustig door voordat je van het Noordwijkse strand gaat genieten. Ga alleen zwemmen op plaatsen waar dit is toegestaan en waar&hellip;\" \/>\n<meta property=\"og:url\" content=\"https:\/\/www.reddingsbrigadenoordwijk.nl\/fr\/strand\/\" \/>\n<meta property=\"og:site_name\" content=\"Reddingsbrigade Noordwijk\" \/>\n<meta property=\"article:modified_time\" content=\"2021-10-31T11:23:53+00:00\" \/>\n<meta name=\"twitter:card\" content=\"summary_large_image\" \/>\n<meta name=\"twitter:label1\" content=\"Dur\u00e9e de lecture estim\u00e9e\" \/>\n\t<meta name=\"twitter:data1\" content=\"3 minutes\" \/>\n<script type=\"application\/ld+json\" class=\"yoast-schema-graph\">{\"@context\":\"https:\\\/\\\/schema.org\",\"@graph\":[{\"@type\":\"WebPage\",\"@id\":\"https:\\\/\\\/www.reddingsbrigadenoordwijk.nl\\\/de\\\/strand\\\/\",\"url\":\"https:\\\/\\\/www.reddingsbrigadenoordwijk.nl\\\/de\\\/strand\\\/\",\"name\":\"Strand - Reddingsbrigade Noordwijk\",\"isPartOf\":{\"@id\":\"https:\\\/\\\/www.reddingsbrigadenoordwijk.nl\\\/#website\"},\"datePublished\":\"2021-01-24T22:05:16+00:00\",\"dateModified\":\"2021-10-31T11:23:53+00:00\",\"breadcrumb\":{\"@id\":\"https:\\\/\\\/www.reddingsbrigadenoordwijk.nl\\\/de\\\/strand\\\/#breadcrumb\"},\"inLanguage\":\"fr-FR\",\"potentialAction\":[{\"@type\":\"ReadAction\",\"target\":[\"https:\\\/\\\/www.reddingsbrigadenoordwijk.nl\\\/de\\\/strand\\\/\"]}]},{\"@type\":\"BreadcrumbList\",\"@id\":\"https:\\\/\\\/www.reddingsbrigadenoordwijk.nl\\\/de\\\/strand\\\/#breadcrumb\",\"itemListElement\":[{\"@type\":\"ListItem\",\"position\":1,\"name\":\"Home\",\"item\":\"https:\\\/\\\/www.reddingsbrigadenoordwijk.nl\\\/\"},{\"@type\":\"ListItem\",\"position\":2,\"name\":\"Strand\"}]},{\"@type\":\"WebSite\",\"@id\":\"https:\\\/\\\/www.reddingsbrigadenoordwijk.nl\\\/#website\",\"url\":\"https:\\\/\\\/www.reddingsbrigadenoordwijk.nl\\\/\",\"name\":\"Reddingsbrigade Noordwijk\",\"description\":\"NRB\",\"potentialAction\":[{\"@type\":\"SearchAction\",\"target\":{\"@type\":\"EntryPoint\",\"urlTemplate\":\"https:\\\/\\\/www.reddingsbrigadenoordwijk.nl\\\/?s={search_term_string}\"},\"query-input\":{\"@type\":\"PropertyValueSpecification\",\"valueRequired\":true,\"valueName\":\"search_term_string\"}}],\"inLanguage\":\"fr-FR\"}]}<\/script>\n<!-- \/ Yoast SEO plugin. -->","yoast_head_json":{"title":"Plage - Reddingsbrigade Noordwijk","robots":{"index":"index","follow":"follow","max-snippet":"max-snippet:-1","max-image-preview":"max-image-preview:large","max-video-preview":"max-video-preview:-1"},"canonical":"https:\/\/www.reddingsbrigadenoordwijk.nl\/fr\/strand\/","og_locale":"fr_FR","og_type":"article","og_title":"Strand - Reddingsbrigade Noordwijk","og_description":"Genieten van zee, zon en water? Maar dan wel veilig! Om jouw dagje strand zo veilig mogelijk te maken, hebben we een aantal dingen voor jou op een rijtje gezet. Neem onderstaande informatie eens rustig door voordat je van het Noordwijkse strand gaat genieten. Ga alleen zwemmen op plaatsen waar dit is toegestaan en waar&hellip;","og_url":"https:\/\/www.reddingsbrigadenoordwijk.nl\/fr\/strand\/","og_site_name":"Reddingsbrigade Noordwijk","article_modified_time":"2021-10-31T11:23:53+00:00","twitter_card":"summary_large_image","twitter_misc":{"Dur\u00e9e de lecture estim\u00e9e":"3 minutes"},"schema":{"@context":"https:\/\/schema.org","@graph":[{"@type":"WebPage","@id":"https:\/\/www.reddingsbrigadenoordwijk.nl\/de\/strand\/","url":"https:\/\/www.reddingsbrigadenoordwijk.nl\/de\/strand\/","name":"Plage - Reddingsbrigade Noordwijk","isPartOf":{"@id":"https:\/\/www.reddingsbrigadenoordwijk.nl\/#website"},"datePublished":"2021-01-24T22:05:16+00:00","dateModified":"2021-10-31T11:23:53+00:00","breadcrumb":{"@id":"https:\/\/www.reddingsbrigadenoordwijk.nl\/de\/strand\/#breadcrumb"},"inLanguage":"fr-FR","potentialAction":[{"@type":"ReadAction","target":["https:\/\/www.reddingsbrigadenoordwijk.nl\/de\/strand\/"]}]},{"@type":"BreadcrumbList","@id":"https:\/\/www.reddingsbrigadenoordwijk.nl\/de\/strand\/#breadcrumb","itemListElement":[{"@type":"ListItem","position":1,"name":"Home","item":"https:\/\/www.reddingsbrigadenoordwijk.nl\/"},{"@type":"ListItem","position":2,"name":"Strand"}]},{"@type":"WebSite","@id":"https:\/\/www.reddingsbrigadenoordwijk.nl\/#website","url":"https:\/\/www.reddingsbrigadenoordwijk.nl\/","name":"\u00c9quipe de sauvetage de Noordwijk","description":"NRB","potentialAction":[{"@type":"SearchAction","target":{"@type":"EntryPoint","urlTemplate":"https:\/\/www.reddingsbrigadenoordwijk.nl\/?s={search_term_string}"},"query-input":{"@type":"PropertyValueSpecification","valueRequired":true,"valueName":"search_term_string"}}],"inLanguage":"fr-FR"}]}},"_links":{"self":[{"href":"https:\/\/www.reddingsbrigadenoordwijk.nl\/fr\/wp-json\/wp\/v2\/pages\/131","targetHints":{"allow":["GET"]}}],"collection":[{"href":"https:\/\/www.reddingsbrigadenoordwijk.nl\/fr\/wp-json\/wp\/v2\/pages"}],"about":[{"href":"https:\/\/www.reddingsbrigadenoordwijk.nl\/fr\/wp-json\/wp\/v2\/types\/page"}],"author":[{"embeddable":true,"href":"https:\/\/www.reddingsbrigadenoordwijk.nl\/fr\/wp-json\/wp\/v2\/users\/1"}],"replies":[{"embeddable":true,"href":"https:\/\/www.reddingsbrigadenoordwijk.nl\/fr\/wp-json\/wp\/v2\/comments?post=131"}],"version-history":[{"count":0,"href":"https:\/\/www.reddingsbrigadenoordwijk.nl\/fr\/wp-json\/wp\/v2\/pages\/131\/revisions"}],"wp:attachment":[{"href":"https:\/\/www.reddingsbrigadenoordwijk.nl\/fr\/wp-json\/wp\/v2\/media?parent=131"}],"curies":[{"name":"wp","href":"https:\/\/api.w.org\/{rel}","templated":true}]}}