{"id":122,"date":"2021-01-24T23:05:16","date_gmt":"2021-01-24T22:05:16","guid":{"rendered":"https:\/\/www.reddingsbrigadenoordwijk.nl\/lifesaving\/lifesaving-zwemopleidingen\/"},"modified":"2022-03-11T16:14:15","modified_gmt":"2022-03-11T15:14:15","slug":"lifesaving-zwemopleidingen","status":"publish","type":"page","link":"https:\/\/www.reddingsbrigadenoordwijk.nl\/fr\/sauver-des-vies\/cours-de-sauvetage-en-mer\/","title":{"rendered":"Cours de sauvetage en mer"},"content":{"rendered":"<div class=\"vce-section\"><div class=\"vce-section-inner vce-element--has-background\" data-vce-full-width=\"true\" id=\"el-e922f66a\" data-vce-do-apply=\"all el-e922f66a\"><div class=\"vce-content-background-container\"><div class=\"vce-asset-background-simple-container vce-visible-all-only vce-asset-background-simple--style-cover vce-asset-background-simple--position-center-center\"><div class=\"vce-asset-background-simple\"><div class=\"vce-asset-background-simple-item lazyload\" style=\"background-image:inherit;\" data-bg-image=\"url(&#039;https:\/\/www.reddingsbrigadenoordwijk.nl\/wp-content\/uploads\/2021\/02\/photo-1544986764-d98b394f0648.jpg&#039;)\"><\/div><\/div><\/div><div class=\"vce-asset-color-gradient-container vce-visible-all-only\" data-vce-do-apply=\"gradient el-e922f66a\"><\/div><\/div><div data-vce-element-content=\"true\"><div class=\"vce-row-container\" data-vce-boxed-width=\"true\"><div class=\"vce-row vce-element--has-background vce-row--col-gap-30 vce-row-equal-height vce-row-content--top\" vce-box-shadow=\"el-7100a751\" id=\"el-7100a751\" data-vce-do-apply=\"all el-7100a751\"><div class=\"vce-content-background-container\"><\/div><div class=\"vce-row-content\" data-vce-element-content=\"true\"><div class=\"vce-col vce-col--md-auto vce-col--xs-1 vce-col--xs-last vce-col--xs-first vce-col--sm-last vce-col--sm-first vce-col--md-last vce-col--lg-last vce-col--xl-last vce-col--md-first vce-col--lg-first vce-col--xl-first\" id=\"el-c3414c8e\"><div class=\"vce-col-inner\" data-vce-do-apply=\"border margin background  el-c3414c8e\"><div class=\"vce-col-content\" data-vce-element-content=\"true\" data-vce-do-apply=\"padding el-c3414c8e\"><div class=\"vce-text-block\"><div class=\"vce-text-block-wrapper vce\" id=\"el-7d9f7eb3\" data-vce-do-apply=\"all el-7d9f7eb3\"><h1>Cours de sauvetage en mer<\/h1><\/div><\/div><div class=\"vce-text-block\"><div class=\"vce-text-block-wrapper vce\" id=\"el-e9b8a144\" data-vce-do-apply=\"all el-e9b8a144\"><p style=\"text-align: right;\"><span><span><a href=\"https:\/\/www.reddingsbrigadenoordwijk.nl\/fr\/\">Accueil<\/a><\/span><\/span><\/p><\/div><\/div><\/div><\/div><\/div><\/div><\/div><\/div><div class=\"vce-row-container\"><div class=\"vce-row vce-element--has-background vce-row--col-gap-30 vce-row-equal-height vce-row-content--top\" data-vce-full-width=\"true\" id=\"el-6674ac19\" data-vce-do-apply=\"all el-6674ac19\"><div class=\"vce-content-background-container\"><\/div><div class=\"vce-row-content\" data-vce-element-content=\"true\"><div class=\"vce-col vce-col--md-auto vce-col--xs-1 vce-col--xs-last vce-col--xs-first vce-col--sm-last vce-col--sm-first vce-col--md-last vce-col--lg-last vce-col--xl-last vce-col--md-first vce-col--lg-first vce-col--xl-first\" id=\"el-a735458b\"><div class=\"vce-col-inner\" data-vce-do-apply=\"border margin background  el-a735458b\"><div class=\"vce-col-content\" data-vce-element-content=\"true\" data-vce-do-apply=\"padding el-a735458b\"><div class=\"vce-empty-space-container\" id=\"el-70c1bf34\" data-vce-do-apply=\"margin el-70c1bf34\" style=\"--heightxs:18px; --heightsm:18px; --heightmd:18px; --heightlg:18px; --heightxl:18px;\"><div class=\"vce vce-empty-space\" data-vce-do-apply=\"border padding background  el-70c1bf34\"><\/div><\/div><\/div><\/div><\/div><\/div><\/div><\/div><\/div><\/div><\/div><div class=\"vce-section\" data-vce-boxed-width=\"true\"><div class=\"vce-section-inner\" id=\"el-0d9a399d\" data-vce-do-apply=\"all el-0d9a399d\"><div class=\"vce-content-background-container\"><\/div><div data-vce-element-content=\"true\"><div class=\"vce-row-container\" data-vce-boxed-width=\"true\"><div class=\"vce-row vce-row--col-gap-30 vce-row-equal-height vce-row-content--top\" id=\"el-a0d92476\" data-vce-do-apply=\"all el-a0d92476\"><div class=\"vce-row-content\" data-vce-element-content=\"true\"><div class=\"vce-col vce-col--md-66-66p vce-col--xs-1 vce-col--xs-last vce-col--xs-first vce-col--sm-last vce-col--sm-first vce-col--md-first vce-col--lg-first vce-col--xl-first\" id=\"el-fa0b3448\"><div class=\"vce-col-inner\" data-vce-do-apply=\"border margin background  el-fa0b3448\"><div class=\"vce-col-content\" data-vce-element-content=\"true\" data-vce-do-apply=\"padding el-fa0b3448\"><div class=\"vce-text-block\"><div class=\"vce-text-block-wrapper vce\" id=\"el-5d9b7b4a\" data-vce-do-apply=\"all el-5d9b7b4a\"><p>Apr\u00e8s avoir r\u00e9ussi le Swim-ABC, vous pouvez poursuivre votre formation \u00e0 la brigade de sauvetage de Noordwijk dans la fili\u00e8re du dipl\u00f4me de sauvetage. Ce cours vous enseigne de mani\u00e8re sportive comment accro\u00eetre votre autonomie. En outre, vous apprendrez les comp\u00e9tences de base du sauvetage en mer. Les sauveteurs peuvent se sauver et sauver les autres dans une situation d'urgence. Il y a diff\u00e9rents dipl\u00f4mes \u00e0 obtenir, qui augmentent en difficult\u00e9.<\/p><\/div><\/div><div class=\"vce-text-block\"><div class=\"vce-text-block-wrapper vce\" id=\"el-38d7c6dd\" data-vce-do-apply=\"all el-38d7c6dd\"><h2>Horaire<\/h2>\n<p>Le cours de sauvetage en mer se d\u00e9roule sur les sites suivants <strong>mardi soir<\/strong> dans le bassin de comp\u00e9tition de la piscine de Binnenzee. Les le\u00e7ons sont r\u00e9parties sur les p\u00e9riodes suivantes :&nbsp;<\/p>\n<ul>\n<li><strong>Sauveur junior :&nbsp;<\/strong>19:00-19:40 et 19:40-20:20 (selon l'\u00e2ge)<\/li>\n<li><strong>Ma\u00eetre-nageur :<\/strong> 19:40-20:20<\/li>\n<li><strong>Sauveteur :<\/strong> 19:40-20:20 ou 20:20-21:00 heures<\/li>\n<\/ul><\/div><\/div><div class=\"vce-text-block\"><div class=\"vce-text-block-wrapper vce\" id=\"el-ae74c10a\" data-vce-do-apply=\"all el-ae74c10a\"><h2>Sauveteur junior (1 \u00e0 4)<\/h2>\n<p>Les enfants peuvent passer au Junior Lifeguard apr\u00e8s avoir pass\u00e9 le Swim-ABC. L'objectif principal est d'accro\u00eetre l'autonomie d'une mani\u00e8re ludique. Une grande attention est accord\u00e9e \u00e0 l'am\u00e9lioration de la technique de nage et \u00e0 la gestion des situations particuli\u00e8res dans l'eau. Les enfants sont \u00e9galement initi\u00e9s aux \u00e9quipements de sauvetage et apprennent \u00e0 se sauver et \u00e0 sauver les autres au moyen d'un sauvetage \u00e0 sec (un sauvetage depuis la rive).<\/p><\/div><\/div><div class=\"vce-button--style-basic-container vce-button--style-basic-container--align-left\"><span class=\"vce-button--style-basic-wrapper vce\" id=\"el-d5c5e6c6\" data-vce-do-apply=\"margin el-d5c5e6c6\"><a class=\"vce-button vce-button--style-basic vce-button--style-basic--border-square vce-button--style-basic--size-medium vce-button--style-basic--color-b-255-87-0--fff\" href=\"https:\/\/www.reddingsbrigadenoordwijk.nl\/fr\/over-ons\/lid-worden\/\" title=\"\" data-vce-do-apply=\"padding border background  el-d5c5e6c6\">S'inscrire Junior Lifeguard<\/a><\/span><\/div><div class=\"vce-text-block\"><div class=\"vce-text-block-wrapper vce\" id=\"el-4a1b0616\" data-vce-do-apply=\"all el-4a1b0616\"><h2>Sauveteur du nageur (1 \u00e0 4)<\/h2>\n<p>Le programme Swim Lifesaver enseigne comment effectuer un sauvetage \u00e0 sec (depuis le rivage) et un sauvetage (humide) en nageant, \u00e9ventuellement avec une assistance et un \u00e9quipement de sauvetage. L'accent est mis sur l'approche et le transport d'une personne qui se noie. Travailler ensemble est essentiel. Une attention particuli\u00e8re est accord\u00e9e \u00e0 l'action lors d'un accident, \u00e0 la recherche de personnes se noyant dans des eaux inconnues et \u00e0 la s\u00e9curit\u00e9 du sauveteur et de la personne se noyant lors d'un sauvetage.<\/p>\n<p>Un nageur-sauveteur peut sauver une personne en train de se noyer en la cherchant, en l'approchant et en la transportant, \u00e9ventuellement avec des aides suppl\u00e9mentaires et du mat\u00e9riel de sauvetage.<\/p><\/div><\/div><div class=\"vce-button--style-basic-container vce-button--style-basic-container--align-left\"><span class=\"vce-button--style-basic-wrapper vce\" id=\"el-ed2fb2ac\" data-vce-do-apply=\"margin el-ed2fb2ac\"><a class=\"vce-button vce-button--style-basic vce-button--style-basic--border-square vce-button--style-basic--size-medium vce-button--style-basic--color-b-255-87-0--fff\" href=\"https:\/\/www.reddingsbrigadenoordwijk.nl\/fr\/over-ons\/lid-worden\/\" title=\"\" data-vce-do-apply=\"padding border background  el-ed2fb2ac\">S'inscrire au sauvetage des nageurs<\/a><\/span><\/div><div class=\"vce-text-block\"><div class=\"vce-text-block-wrapper vce\" id=\"el-ebfe214c\" data-vce-do-apply=\"all el-ebfe214c\"><h2>Sauveteur (1 \u00e0 3)<\/h2>\n<p>En Junior Lifeguard et Lifeguard, toutes les m\u00e9thodes de sauvetage sont enseign\u00e9es. Au cours de la formation Livesaver, vous apprendrez dans quelles circonstances ces m\u00e9thodes de sauvetage peuvent \u00eatre utilis\u00e9es. Quand effectuez-vous un sauvetage \u00e0 sec ou \u00e0 l'eau et avec quel mat\u00e9riel d'aide ou de sauvetage ?&nbsp;&nbsp;<\/p>\n<p>Avec le dipl\u00f4me Lifesaver, vous apprenez \u00e0 travailler en groupe et \u00e0 r\u00e9soudre ensemble diff\u00e9rents probl\u00e8mes.  Outre la pratique en piscine, des cours th\u00e9oriques sont \u00e9galement dispens\u00e9s pour cette ligne de dipl\u00f4me. L'administration des premiers secours fait partie de la formation.<\/p><\/div><\/div><div class=\"vce-button--style-basic-container vce-button--style-basic-container--align-left\"><span class=\"vce-button--style-basic-wrapper vce\" id=\"el-25a72086\" data-vce-do-apply=\"margin el-25a72086\"><a class=\"vce-button vce-button--style-basic vce-button--style-basic--border-square vce-button--style-basic--size-medium vce-button--style-basic--color-b-255-87-0--fff\" href=\"https:\/\/www.reddingsbrigadenoordwijk.nl\/fr\/over-ons\/lid-worden\/\" title=\"\" data-vce-do-apply=\"padding border background  el-25a72086\">S'inscrire \u00e0 Lifesaver<\/a><\/span><\/div><\/div><\/div><\/div><div class=\"vce-col vce-col--md-33-34p vce-col--xs-1 vce-col--xs-last vce-col--xs-first vce-col--sm-last vce-col--sm-first vce-col--md-last vce-col--lg-last vce-col--xl-last\" id=\"el-a0e6c165\"><div class=\"vce-col-inner\" data-vce-do-apply=\"border margin background  el-a0e6c165\"><div class=\"vce-col-content\" data-vce-element-content=\"true\" data-vce-do-apply=\"padding el-a0e6c165\"><div class=\"vce-text-block\"><div class=\"vce-text-block-wrapper vce\" id=\"el-737bbca7\" data-vce-do-apply=\"all el-737bbca7\"><h2><strong>Contact<\/strong><\/h2>\n<p>Si vous avez des questions concernant les cours de natation du mardi soir, veuillez contacter nos instructeurs ou la direction de la piscine apr\u00e8s le cours.<\/p><\/div><\/div><div class=\"vce-button--style-basic-container vce-button--style-basic-container--align-left\"><span class=\"vce-button--style-basic-wrapper vce\" id=\"el-09e20419\" data-vce-do-apply=\"margin el-09e20419\"><a class=\"vce-button vce-button--style-basic vce-button--style-basic--border-square vce-button--style-basic--size-medium vce-button--style-basic--color-b-255-87-0--fff\" href=\"mailto:zwembadadministratie@reddingsbrigadenoordwijk.nl\" title=\"\" data-vce-do-apply=\"padding border background  el-09e20419\">Envoyez un e-mail \u00e0 la direction de la piscine<\/a><\/span><\/div><div class=\"vce-text-block\"><div class=\"vce-text-block-wrapper vce\" id=\"el-d4ea6b56\" data-vce-do-apply=\"all el-d4ea6b56\"><h2><strong>Plage surveill\u00e9e<\/strong><\/h2>\n<p>Vous souhaitez \u00e9largir vos comp\u00e9tences ? Alors inscrivez-vous au cours avanc\u00e9 de sauveteur en mer.<\/p><\/div><\/div><div class=\"vce-button--style-basic-container vce-button--style-basic-container--align-left\"><span class=\"vce-button--style-basic-wrapper vce\" id=\"el-6e655c66\" data-vce-do-apply=\"margin el-6e655c66\"><a class=\"vce-button vce-button--style-basic vce-button--style-basic--border-square vce-button--style-basic--size-medium vce-button--style-basic--color-b-255-87-0--fff\" href=\"https:\/\/www.reddingsbrigadenoordwijk.nl\/fr\/over-ons\/vrijwilliger-worden\/\" title=\"\" data-vce-do-apply=\"padding border background  el-6e655c66\">S'inscrire en tant que sauveteur<\/a><\/span><\/div><\/div><\/div><\/div><\/div><\/div><\/div><\/div><\/div><\/div>","protected":false},"excerpt":{"rendered":"","protected":false},"author":1,"featured_media":0,"parent":121,"menu_order":270,"comment_status":"closed","ping_status":"closed","template":"","meta":{"_acf_changed":false,"footnotes":""},"class_list":["post-122","page","type-page","status-publish","hentry"],"acf":[],"yoast_head":"<!-- This site is optimized with the Yoast SEO plugin v27.5 - https:\/\/yoast.com\/product\/yoast-seo-wordpress\/ -->\n<title>Lifesaving zwemopleidingen - Reddingsbrigade Noordwijk<\/title>\n<meta name=\"robots\" content=\"index, follow, max-snippet:-1, max-image-preview:large, max-video-preview:-1\" \/>\n<link rel=\"canonical\" href=\"https:\/\/www.reddingsbrigadenoordwijk.nl\/fr\/lifesaving\/lifesaving-zwemopleidingen\/\" \/>\n<meta property=\"og:locale\" content=\"fr_FR\" \/>\n<meta property=\"og:type\" content=\"article\" \/>\n<meta property=\"og:title\" content=\"Lifesaving zwemopleidingen - Reddingsbrigade Noordwijk\" \/>\n<meta property=\"og:url\" content=\"https:\/\/www.reddingsbrigadenoordwijk.nl\/fr\/lifesaving\/lifesaving-zwemopleidingen\/\" \/>\n<meta property=\"og:site_name\" content=\"Reddingsbrigade Noordwijk\" \/>\n<meta property=\"article:modified_time\" content=\"2022-03-11T15:14:15+00:00\" \/>\n<meta name=\"twitter:card\" content=\"summary_large_image\" \/>\n<meta name=\"twitter:label1\" content=\"Dur\u00e9e de lecture estim\u00e9e\" \/>\n\t<meta name=\"twitter:data1\" content=\"2 minutes\" \/>\n<script type=\"application\/ld+json\" class=\"yoast-schema-graph\">{\"@context\":\"https:\\\/\\\/schema.org\",\"@graph\":[{\"@type\":\"WebPage\",\"@id\":\"https:\\\/\\\/www.reddingsbrigadenoordwijk.nl\\\/lifesaving\\\/lifesaving-zwemopleidingen\\\/\",\"url\":\"https:\\\/\\\/www.reddingsbrigadenoordwijk.nl\\\/lifesaving\\\/lifesaving-zwemopleidingen\\\/\",\"name\":\"Lifesaving zwemopleidingen - Reddingsbrigade Noordwijk\",\"isPartOf\":{\"@id\":\"https:\\\/\\\/www.reddingsbrigadenoordwijk.nl\\\/#website\"},\"datePublished\":\"2021-01-24T22:05:16+00:00\",\"dateModified\":\"2022-03-11T15:14:15+00:00\",\"breadcrumb\":{\"@id\":\"https:\\\/\\\/www.reddingsbrigadenoordwijk.nl\\\/lifesaving\\\/lifesaving-zwemopleidingen\\\/#breadcrumb\"},\"inLanguage\":\"fr-FR\",\"potentialAction\":[{\"@type\":\"ReadAction\",\"target\":[\"https:\\\/\\\/www.reddingsbrigadenoordwijk.nl\\\/lifesaving\\\/lifesaving-zwemopleidingen\\\/\"]}]},{\"@type\":\"BreadcrumbList\",\"@id\":\"https:\\\/\\\/www.reddingsbrigadenoordwijk.nl\\\/lifesaving\\\/lifesaving-zwemopleidingen\\\/#breadcrumb\",\"itemListElement\":[{\"@type\":\"ListItem\",\"position\":1,\"name\":\"Home\",\"item\":\"https:\\\/\\\/www.reddingsbrigadenoordwijk.nl\\\/\"},{\"@type\":\"ListItem\",\"position\":2,\"name\":\"Lifesaving\",\"item\":\"https:\\\/\\\/www.reddingsbrigadenoordwijk.nl\\\/lifesaving\\\/\"},{\"@type\":\"ListItem\",\"position\":3,\"name\":\"Lifesaving zwemopleidingen\"}]},{\"@type\":\"WebSite\",\"@id\":\"https:\\\/\\\/www.reddingsbrigadenoordwijk.nl\\\/#website\",\"url\":\"https:\\\/\\\/www.reddingsbrigadenoordwijk.nl\\\/\",\"name\":\"Reddingsbrigade Noordwijk\",\"description\":\"NRB\",\"potentialAction\":[{\"@type\":\"SearchAction\",\"target\":{\"@type\":\"EntryPoint\",\"urlTemplate\":\"https:\\\/\\\/www.reddingsbrigadenoordwijk.nl\\\/?s={search_term_string}\"},\"query-input\":{\"@type\":\"PropertyValueSpecification\",\"valueRequired\":true,\"valueName\":\"search_term_string\"}}],\"inLanguage\":\"fr-FR\"}]}<\/script>\n<!-- \/ Yoast SEO plugin. -->","yoast_head_json":{"title":"Cours de natation en sauvetage - Reddingsbrigade Noordwijk","robots":{"index":"index","follow":"follow","max-snippet":"max-snippet:-1","max-image-preview":"max-image-preview:large","max-video-preview":"max-video-preview:-1"},"canonical":"https:\/\/www.reddingsbrigadenoordwijk.nl\/fr\/lifesaving\/lifesaving-zwemopleidingen\/","og_locale":"fr_FR","og_type":"article","og_title":"Lifesaving zwemopleidingen - Reddingsbrigade Noordwijk","og_url":"https:\/\/www.reddingsbrigadenoordwijk.nl\/fr\/lifesaving\/lifesaving-zwemopleidingen\/","og_site_name":"Reddingsbrigade Noordwijk","article_modified_time":"2022-03-11T15:14:15+00:00","twitter_card":"summary_large_image","twitter_misc":{"Dur\u00e9e de lecture estim\u00e9e":"2 minutes"},"schema":{"@context":"https:\/\/schema.org","@graph":[{"@type":"WebPage","@id":"https:\/\/www.reddingsbrigadenoordwijk.nl\/lifesaving\/lifesaving-zwemopleidingen\/","url":"https:\/\/www.reddingsbrigadenoordwijk.nl\/lifesaving\/lifesaving-zwemopleidingen\/","name":"Cours de natation en sauvetage - Reddingsbrigade Noordwijk","isPartOf":{"@id":"https:\/\/www.reddingsbrigadenoordwijk.nl\/#website"},"datePublished":"2021-01-24T22:05:16+00:00","dateModified":"2022-03-11T15:14:15+00:00","breadcrumb":{"@id":"https:\/\/www.reddingsbrigadenoordwijk.nl\/lifesaving\/lifesaving-zwemopleidingen\/#breadcrumb"},"inLanguage":"fr-FR","potentialAction":[{"@type":"ReadAction","target":["https:\/\/www.reddingsbrigadenoordwijk.nl\/lifesaving\/lifesaving-zwemopleidingen\/"]}]},{"@type":"BreadcrumbList","@id":"https:\/\/www.reddingsbrigadenoordwijk.nl\/lifesaving\/lifesaving-zwemopleidingen\/#breadcrumb","itemListElement":[{"@type":"ListItem","position":1,"name":"Home","item":"https:\/\/www.reddingsbrigadenoordwijk.nl\/"},{"@type":"ListItem","position":2,"name":"Lifesaving","item":"https:\/\/www.reddingsbrigadenoordwijk.nl\/lifesaving\/"},{"@type":"ListItem","position":3,"name":"Lifesaving zwemopleidingen"}]},{"@type":"WebSite","@id":"https:\/\/www.reddingsbrigadenoordwijk.nl\/#website","url":"https:\/\/www.reddingsbrigadenoordwijk.nl\/","name":"\u00c9quipe de sauvetage de Noordwijk","description":"NRB","potentialAction":[{"@type":"SearchAction","target":{"@type":"EntryPoint","urlTemplate":"https:\/\/www.reddingsbrigadenoordwijk.nl\/?s={search_term_string}"},"query-input":{"@type":"PropertyValueSpecification","valueRequired":true,"valueName":"search_term_string"}}],"inLanguage":"fr-FR"}]}},"_links":{"self":[{"href":"https:\/\/www.reddingsbrigadenoordwijk.nl\/fr\/wp-json\/wp\/v2\/pages\/122","targetHints":{"allow":["GET"]}}],"collection":[{"href":"https:\/\/www.reddingsbrigadenoordwijk.nl\/fr\/wp-json\/wp\/v2\/pages"}],"about":[{"href":"https:\/\/www.reddingsbrigadenoordwijk.nl\/fr\/wp-json\/wp\/v2\/types\/page"}],"author":[{"embeddable":true,"href":"https:\/\/www.reddingsbrigadenoordwijk.nl\/fr\/wp-json\/wp\/v2\/users\/1"}],"replies":[{"embeddable":true,"href":"https:\/\/www.reddingsbrigadenoordwijk.nl\/fr\/wp-json\/wp\/v2\/comments?post=122"}],"version-history":[{"count":0,"href":"https:\/\/www.reddingsbrigadenoordwijk.nl\/fr\/wp-json\/wp\/v2\/pages\/122\/revisions"}],"up":[{"embeddable":true,"href":"https:\/\/www.reddingsbrigadenoordwijk.nl\/fr\/wp-json\/wp\/v2\/pages\/121"}],"wp:attachment":[{"href":"https:\/\/www.reddingsbrigadenoordwijk.nl\/fr\/wp-json\/wp\/v2\/media?parent=122"}],"curies":[{"name":"wp","href":"https:\/\/api.w.org\/{rel}","templated":true}]}}