{"id":119,"date":"2021-01-24T23:05:16","date_gmt":"2021-01-24T22:05:16","guid":{"rendered":"https:\/\/www.reddingsbrigadenoordwijk.nl\/lifeguards\/materiaal\/rijdend\/"},"modified":"2022-04-18T20:55:56","modified_gmt":"2022-04-18T18:55:56","slug":"rijdend","status":"publish","type":"page","link":"https:\/\/www.reddingsbrigadenoordwijk.nl\/fr\/sauveteurs\/materiel\/conduire\/","title":{"rendered":"Conduite"},"content":{"rendered":"<div class=\"vce-section\"><div class=\"vce-section-inner vce-element--has-background\" data-vce-full-width=\"true\" id=\"el-38197b20\" data-vce-dynamic-image-all=\"38197b20\" data-vce-do-apply=\"all el-38197b20\"><div class=\"vce-content-background-container\"><div class=\"vce-asset-background-simple-container vce-visible-all-only vce-asset-background-simple--style-cover vce-asset-background-simple--position-center-center\"><div class=\"vce-asset-background-simple\"><div class=\"vce-asset-background-simple-item lazyload\" style=\"background-image:inherit;\" data-bg-image=\"url(&#039;https:\/\/www.reddingsbrigadenoordwijk.nl\/wp-content\/uploads\/2021\/04\/118444461_2640908846161723_3746550858038218775_o.jpg?vcv-dynamic-field=featured_image&amp;alt=&amp;caption=&amp;title=118444461_2640908846161723_3746550858038218775_o&#039;)\"><\/div><\/div><\/div><div class=\"vce-asset-color-gradient-container vce-visible-all-only\" data-vce-do-apply=\"gradient el-38197b20\"><\/div><\/div><div data-vce-element-content=\"true\"><div class=\"vce-row-container\" data-vce-boxed-width=\"true\"><div class=\"vce-row vce-element--has-background vce-row--col-gap-30 vce-row-equal-height vce-row-content--top vcv-state--show-resizer\" vce-box-shadow=\"el-c309453f\" id=\"el-c309453f\" data-vce-do-apply=\"all el-c309453f\"><div class=\"vce-content-background-container\"><\/div><div class=\"vce-row-content\" data-vce-element-content=\"true\"><div class=\"vce-col vce-col--md-auto vce-col--xs-1 vce-col--xs-last vce-col--xs-first vce-col--sm-last vce-col--sm-first vce-col--md-last vce-col--lg-last vce-col--xl-last vce-col--md-first vce-col--lg-first vce-col--xl-first\" id=\"el-968c777a\"><div class=\"vce-col-inner\" data-vce-do-apply=\"border margin background  el-968c777a\"><div class=\"vce-col-content\" data-vce-element-content=\"true\" data-vce-do-apply=\"padding el-968c777a\"><div class=\"vce-text-block\"><div class=\"vce-text-block-wrapper vce\" id=\"el-8e6ba0f2\" data-vce-do-apply=\"all el-8e6ba0f2\"><h1>Conduite<\/h1><\/div><\/div><div class=\"vce-text-block\"><div class=\"vce-text-block-wrapper vce\" id=\"el-8f4673c9\" data-vce-do-apply=\"all el-8f4673c9\"><p style=\"text-align: right;\"><span><span><a href=\"https:\/\/www.reddingsbrigadenoordwijk.nl\/fr\/\">Accueil<\/a><\/span><\/span><\/p><\/div><\/div><\/div><\/div><\/div><\/div><\/div><\/div><\/div><\/div><\/div><div class=\"vce-section\" data-vce-boxed-width=\"true\"><div class=\"vce-section-inner vce-element--has-background\" id=\"el-0b37e3f9\" data-vce-do-apply=\"all el-0b37e3f9\"><div class=\"vce-content-background-container\"><\/div><div data-vce-element-content=\"true\"><div class=\"vce-row-container\" data-vce-boxed-width=\"true\"><div class=\"vce-row vce-row--col-gap-30 vce-row-equal-height vce-row-content--top\" id=\"el-cbd47a73\" data-vce-do-apply=\"all el-cbd47a73\"><div class=\"vce-row-content\" data-vce-element-content=\"true\"><div class=\"vce-col vce-col--md-50p vce-col--xs-1 vce-col--xs-last vce-col--xs-first vce-col--sm-last vce-col--sm-first vce-col--md-first vce-col--lg-first vce-col--xl-first\" id=\"el-82f0917b\"><div class=\"vce-col-inner\" data-vce-do-apply=\"border margin background  el-82f0917b\"><div class=\"vce-col-content\" data-vce-element-content=\"true\" data-vce-do-apply=\"padding el-82f0917b\"><div class=\"vce-text-block\"><div class=\"vce-text-block-wrapper vce\" id=\"el-b794d751\" data-vce-do-apply=\"all el-b794d751\"><h4>Toyota Hilux&nbsp;<\/h4>\n<p><strong>L'indicatif d'appel : <\/strong>NWK-110<br><strong>\u00c9quipement :<\/strong> \u00c9quipement de premiers secours, DEA, c\u00e2bles de remorquage, \u00e9quipement de sauvetage<br><strong>D\u00e9ploiement : <\/strong>Surveillance des plages, fouilles, alarmes<\/p>\n<h4>Mitsubishi L200<\/h4>\n<p><strong>L'indicatif d'appel : <\/strong>NWK-130<br><strong>\u00c9quipement :<\/strong> \u00c9quipement de premiers secours, DEA, c\u00e2bles de remorquage, \u00e9quipement de sauvetage<br><strong>D\u00e9ploiement : <\/strong>Surveillance des plages, fouilles, alarmes<\/p>\n<h4>Suzuki Jimny&nbsp;<\/h4>\n<p><strong>L'indicatif d'appel : <\/strong>NWK-150<br><strong>\u00c9quipement :<\/strong> \u00c9quipement de premiers secours, \u00e9quipement de sauvetage<br><strong>D\u00e9ploiement : <\/strong>Surveillance des plages, recherches, transport des sauveteurs<\/p>\n<h4>Polaris <em>(2x)<\/em><\/h4>\n<p><strong>L'indicatif d'appel : <\/strong>NWK-120 &amp; NWK-140<br><strong>\u00c9quipement :<\/strong> \u00c9quipement de premiers secours, \u00e9quipement de sauvetage<br><strong>D\u00e9ploiement : <\/strong>Surveillance des plages, recherches<\/p>\n<h4>Bicyclettes<\/h4>\n<p>Le NRB dispose de deux v\u00e9los \u00e9lectriques qui sont utilis\u00e9s \u00e0 des fins diverses.<\/p>\n<h4>Tracteur<\/h4>\n<p><strong>D\u00e9ploiement : <\/strong>Mise \u00e0 l'eau et remorquage des bateaux<\/p><\/div><\/div><\/div><\/div><\/div><div class=\"vce-col vce-col--md-50p vce-col--xs-1 vce-col--xs-last vce-col--xs-first vce-col--sm-last vce-col--sm-first vce-col--md-last vce-col--lg-last vce-col--xl-last\" id=\"el-7da207d8\"><div class=\"vce-col-inner\" data-vce-do-apply=\"border margin background  el-7da207d8\"><div class=\"vce-col-content\" data-vce-element-content=\"true\" data-vce-do-apply=\"padding el-7da207d8\"><div class=\"vce-single-image-container vce-single-image--align-left\"><div class=\"vce vce-single-image-wrapper\" id=\"el-94663a66\" data-vce-do-apply=\"all el-94663a66\"><figure><div class=\"vce-single-image-figure-inner\" style=\"width: 1024px;\"><div class=\"vce-single-image-inner vce-single-image--absolute\" style=\"width: 100%; padding-bottom: 75%;\"><img decoding=\"async\" class=\"vce-single-image lazyload\"  width=\"1024\" height=\"768\" data-srcset=\"https:\/\/www.reddingsbrigadenoordwijk.nl\/wp-content\/uploads\/2022\/04\/IMG-20200804-WA0019-320x240.jpg 320w,https:\/\/www.reddingsbrigadenoordwijk.nl\/wp-content\/uploads\/2022\/04\/IMG-20200804-WA0019-480x360.jpg 480w,https:\/\/www.reddingsbrigadenoordwijk.nl\/wp-content\/uploads\/2022\/04\/IMG-20200804-WA0019-800x600.jpg 800w,https:\/\/www.reddingsbrigadenoordwijk.nl\/wp-content\/uploads\/2022\/04\/IMG-20200804-WA0019-1024x768.jpg 1024w\" data-src=\"https:\/\/www.reddingsbrigadenoordwijk.nl\/wp-content\/uploads\/2022\/04\/IMG-20200804-WA0019-1024x768.jpg\" data-img-src=\"https:\/\/www.reddingsbrigadenoordwijk.nl\/wp-content\/uploads\/2021\/04\/IMG-20200804-WA0019.jpg\" alt=\"\" title=\"IMG-20200804-WA0019\" src=\"data:image\/svg+xml;base64,PHN2ZyB3aWR0aD0iMSIgaGVpZ2h0PSIxIiB4bWxucz0iaHR0cDovL3d3dy53My5vcmcvMjAwMC9zdmciPjwvc3ZnPg==\" style=\"--smush-placeholder-width: 1024px; --smush-placeholder-aspect-ratio: 1024\/768;\" \/><\/div><\/div><figcaption hidden=\"\"><\/figcaption><\/figure><\/div><\/div><div class=\"vce-single-image-container vce-single-image--align-left\"><div class=\"vce vce-single-image-wrapper\" id=\"el-2f8873e7\" data-vce-do-apply=\"all el-2f8873e7\"><figure><div class=\"vce-single-image-figure-inner\" style=\"width: 1200px;\"><div class=\"vce-single-image-inner vce-single-image--absolute\" style=\"width: 100%; padding-bottom: 100%;\"><img decoding=\"async\" class=\"vce-single-image lazyload\"  width=\"1200\" height=\"1200\" data-srcset=\"https:\/\/www.reddingsbrigadenoordwijk.nl\/wp-content\/uploads\/2022\/04\/WhatsApp-Image-2021-05-14-at-11.44.16-320x320.jpeg 320w,https:\/\/www.reddingsbrigadenoordwijk.nl\/wp-content\/uploads\/2022\/04\/WhatsApp-Image-2021-05-14-at-11.44.16-480x480.jpeg 480w,https:\/\/www.reddingsbrigadenoordwijk.nl\/wp-content\/uploads\/2022\/04\/WhatsApp-Image-2021-05-14-at-11.44.16-800x800.jpeg 800w,https:\/\/www.reddingsbrigadenoordwijk.nl\/wp-content\/uploads\/2022\/04\/WhatsApp-Image-2021-05-14-at-11.44.16-1200x1200.jpeg 1200w\" data-src=\"https:\/\/www.reddingsbrigadenoordwijk.nl\/wp-content\/uploads\/2022\/04\/WhatsApp-Image-2021-05-14-at-11.44.16-1200x1200.jpeg\" data-img-src=\"https:\/\/www.reddingsbrigadenoordwijk.nl\/wp-content\/uploads\/2021\/05\/WhatsApp-Image-2021-05-14-at-11.44.16.jpeg\" alt=\"\" title=\"Image WhatsApp 2021-05-14 \u00e0 11.44.16\" src=\"data:image\/svg+xml;base64,PHN2ZyB3aWR0aD0iMSIgaGVpZ2h0PSIxIiB4bWxucz0iaHR0cDovL3d3dy53My5vcmcvMjAwMC9zdmciPjwvc3ZnPg==\" style=\"--smush-placeholder-width: 1200px; --smush-placeholder-aspect-ratio: 1200\/1200;\" \/><\/div><\/div><figcaption hidden=\"\"><\/figcaption><\/figure><\/div><\/div><\/div><\/div><\/div><\/div><\/div><\/div><\/div><\/div><\/div>","protected":false},"excerpt":{"rendered":"","protected":false},"author":1,"featured_media":10695,"parent":117,"menu_order":240,"comment_status":"closed","ping_status":"closed","template":"","meta":{"_acf_changed":false,"footnotes":""},"class_list":["post-119","page","type-page","status-publish","has-post-thumbnail","hentry"],"acf":[],"yoast_head":"<!-- This site is optimized with the Yoast SEO plugin v27.5 - https:\/\/yoast.com\/product\/yoast-seo-wordpress\/ -->\n<title>Rijdend - Reddingsbrigade Noordwijk<\/title>\n<meta name=\"robots\" content=\"index, follow, max-snippet:-1, max-image-preview:large, max-video-preview:-1\" \/>\n<link rel=\"canonical\" href=\"https:\/\/www.reddingsbrigadenoordwijk.nl\/fr\/lifeguards\/materiaal\/rijdend\/\" \/>\n<meta property=\"og:locale\" content=\"fr_FR\" \/>\n<meta property=\"og:type\" content=\"article\" \/>\n<meta property=\"og:title\" content=\"Rijdend - Reddingsbrigade Noordwijk\" \/>\n<meta property=\"og:url\" content=\"https:\/\/www.reddingsbrigadenoordwijk.nl\/fr\/lifeguards\/materiaal\/rijdend\/\" \/>\n<meta property=\"og:site_name\" content=\"Reddingsbrigade Noordwijk\" \/>\n<meta property=\"article:modified_time\" content=\"2022-04-18T18:55:56+00:00\" \/>\n<meta property=\"og:image\" content=\"https:\/\/www.reddingsbrigadenoordwijk.nl\/wp-content\/uploads\/2021\/04\/118444461_2640908846161723_3746550858038218775_o.jpg\" \/>\n\t<meta property=\"og:image:width\" content=\"1024\" \/>\n\t<meta property=\"og:image:height\" content=\"577\" \/>\n\t<meta property=\"og:image:type\" content=\"image\/jpeg\" \/>\n<meta name=\"twitter:card\" content=\"summary_large_image\" \/>\n<script type=\"application\/ld+json\" class=\"yoast-schema-graph\">{\"@context\":\"https:\\\/\\\/schema.org\",\"@graph\":[{\"@type\":\"WebPage\",\"@id\":\"https:\\\/\\\/www.reddingsbrigadenoordwijk.nl\\\/lifeguards\\\/materiaal\\\/rijdend\\\/\",\"url\":\"https:\\\/\\\/www.reddingsbrigadenoordwijk.nl\\\/lifeguards\\\/materiaal\\\/rijdend\\\/\",\"name\":\"Rijdend - Reddingsbrigade Noordwijk\",\"isPartOf\":{\"@id\":\"https:\\\/\\\/www.reddingsbrigadenoordwijk.nl\\\/#website\"},\"primaryImageOfPage\":{\"@id\":\"https:\\\/\\\/www.reddingsbrigadenoordwijk.nl\\\/lifeguards\\\/materiaal\\\/rijdend\\\/#primaryimage\"},\"image\":{\"@id\":\"https:\\\/\\\/www.reddingsbrigadenoordwijk.nl\\\/lifeguards\\\/materiaal\\\/rijdend\\\/#primaryimage\"},\"thumbnailUrl\":\"https:\\\/\\\/www.reddingsbrigadenoordwijk.nl\\\/wp-content\\\/uploads\\\/2021\\\/04\\\/118444461_2640908846161723_3746550858038218775_o.jpg\",\"datePublished\":\"2021-01-24T22:05:16+00:00\",\"dateModified\":\"2022-04-18T18:55:56+00:00\",\"breadcrumb\":{\"@id\":\"https:\\\/\\\/www.reddingsbrigadenoordwijk.nl\\\/lifeguards\\\/materiaal\\\/rijdend\\\/#breadcrumb\"},\"inLanguage\":\"fr-FR\",\"potentialAction\":[{\"@type\":\"ReadAction\",\"target\":[\"https:\\\/\\\/www.reddingsbrigadenoordwijk.nl\\\/lifeguards\\\/materiaal\\\/rijdend\\\/\"]}]},{\"@type\":\"ImageObject\",\"inLanguage\":\"fr-FR\",\"@id\":\"https:\\\/\\\/www.reddingsbrigadenoordwijk.nl\\\/lifeguards\\\/materiaal\\\/rijdend\\\/#primaryimage\",\"url\":\"https:\\\/\\\/www.reddingsbrigadenoordwijk.nl\\\/wp-content\\\/uploads\\\/2021\\\/04\\\/118444461_2640908846161723_3746550858038218775_o.jpg\",\"contentUrl\":\"https:\\\/\\\/www.reddingsbrigadenoordwijk.nl\\\/wp-content\\\/uploads\\\/2021\\\/04\\\/118444461_2640908846161723_3746550858038218775_o.jpg\",\"width\":1024,\"height\":577},{\"@type\":\"BreadcrumbList\",\"@id\":\"https:\\\/\\\/www.reddingsbrigadenoordwijk.nl\\\/lifeguards\\\/materiaal\\\/rijdend\\\/#breadcrumb\",\"itemListElement\":[{\"@type\":\"ListItem\",\"position\":1,\"name\":\"Home\",\"item\":\"https:\\\/\\\/www.reddingsbrigadenoordwijk.nl\\\/\"},{\"@type\":\"ListItem\",\"position\":2,\"name\":\"Lifeguards\",\"item\":\"https:\\\/\\\/www.reddingsbrigadenoordwijk.nl\\\/lifeguards\\\/\"},{\"@type\":\"ListItem\",\"position\":3,\"name\":\"Materiaal\",\"item\":\"https:\\\/\\\/www.reddingsbrigadenoordwijk.nl\\\/lifeguards\\\/materiaal\\\/\"},{\"@type\":\"ListItem\",\"position\":4,\"name\":\"Rijdend\"}]},{\"@type\":\"WebSite\",\"@id\":\"https:\\\/\\\/www.reddingsbrigadenoordwijk.nl\\\/#website\",\"url\":\"https:\\\/\\\/www.reddingsbrigadenoordwijk.nl\\\/\",\"name\":\"Reddingsbrigade Noordwijk\",\"description\":\"NRB\",\"potentialAction\":[{\"@type\":\"SearchAction\",\"target\":{\"@type\":\"EntryPoint\",\"urlTemplate\":\"https:\\\/\\\/www.reddingsbrigadenoordwijk.nl\\\/?s={search_term_string}\"},\"query-input\":{\"@type\":\"PropertyValueSpecification\",\"valueRequired\":true,\"valueName\":\"search_term_string\"}}],\"inLanguage\":\"fr-FR\"}]}<\/script>\n<!-- \/ Yoast SEO plugin. -->","yoast_head_json":{"title":"Conduite - Reddingsbrigade Noordwijk","robots":{"index":"index","follow":"follow","max-snippet":"max-snippet:-1","max-image-preview":"max-image-preview:large","max-video-preview":"max-video-preview:-1"},"canonical":"https:\/\/www.reddingsbrigadenoordwijk.nl\/fr\/lifeguards\/materiaal\/rijdend\/","og_locale":"fr_FR","og_type":"article","og_title":"Rijdend - Reddingsbrigade Noordwijk","og_url":"https:\/\/www.reddingsbrigadenoordwijk.nl\/fr\/lifeguards\/materiaal\/rijdend\/","og_site_name":"Reddingsbrigade Noordwijk","article_modified_time":"2022-04-18T18:55:56+00:00","og_image":[{"width":1024,"height":577,"url":"https:\/\/www.reddingsbrigadenoordwijk.nl\/wp-content\/uploads\/2021\/04\/118444461_2640908846161723_3746550858038218775_o.jpg","type":"image\/jpeg"}],"twitter_card":"summary_large_image","schema":{"@context":"https:\/\/schema.org","@graph":[{"@type":"WebPage","@id":"https:\/\/www.reddingsbrigadenoordwijk.nl\/lifeguards\/materiaal\/rijdend\/","url":"https:\/\/www.reddingsbrigadenoordwijk.nl\/lifeguards\/materiaal\/rijdend\/","name":"Conduite - Reddingsbrigade Noordwijk","isPartOf":{"@id":"https:\/\/www.reddingsbrigadenoordwijk.nl\/#website"},"primaryImageOfPage":{"@id":"https:\/\/www.reddingsbrigadenoordwijk.nl\/lifeguards\/materiaal\/rijdend\/#primaryimage"},"image":{"@id":"https:\/\/www.reddingsbrigadenoordwijk.nl\/lifeguards\/materiaal\/rijdend\/#primaryimage"},"thumbnailUrl":"https:\/\/www.reddingsbrigadenoordwijk.nl\/wp-content\/uploads\/2021\/04\/118444461_2640908846161723_3746550858038218775_o.jpg","datePublished":"2021-01-24T22:05:16+00:00","dateModified":"2022-04-18T18:55:56+00:00","breadcrumb":{"@id":"https:\/\/www.reddingsbrigadenoordwijk.nl\/lifeguards\/materiaal\/rijdend\/#breadcrumb"},"inLanguage":"fr-FR","potentialAction":[{"@type":"ReadAction","target":["https:\/\/www.reddingsbrigadenoordwijk.nl\/lifeguards\/materiaal\/rijdend\/"]}]},{"@type":"ImageObject","inLanguage":"fr-FR","@id":"https:\/\/www.reddingsbrigadenoordwijk.nl\/lifeguards\/materiaal\/rijdend\/#primaryimage","url":"https:\/\/www.reddingsbrigadenoordwijk.nl\/wp-content\/uploads\/2021\/04\/118444461_2640908846161723_3746550858038218775_o.jpg","contentUrl":"https:\/\/www.reddingsbrigadenoordwijk.nl\/wp-content\/uploads\/2021\/04\/118444461_2640908846161723_3746550858038218775_o.jpg","width":1024,"height":577},{"@type":"BreadcrumbList","@id":"https:\/\/www.reddingsbrigadenoordwijk.nl\/lifeguards\/materiaal\/rijdend\/#breadcrumb","itemListElement":[{"@type":"ListItem","position":1,"name":"Home","item":"https:\/\/www.reddingsbrigadenoordwijk.nl\/"},{"@type":"ListItem","position":2,"name":"Lifeguards","item":"https:\/\/www.reddingsbrigadenoordwijk.nl\/lifeguards\/"},{"@type":"ListItem","position":3,"name":"Materiaal","item":"https:\/\/www.reddingsbrigadenoordwijk.nl\/lifeguards\/materiaal\/"},{"@type":"ListItem","position":4,"name":"Rijdend"}]},{"@type":"WebSite","@id":"https:\/\/www.reddingsbrigadenoordwijk.nl\/#website","url":"https:\/\/www.reddingsbrigadenoordwijk.nl\/","name":"\u00c9quipe de sauvetage de Noordwijk","description":"NRB","potentialAction":[{"@type":"SearchAction","target":{"@type":"EntryPoint","urlTemplate":"https:\/\/www.reddingsbrigadenoordwijk.nl\/?s={search_term_string}"},"query-input":{"@type":"PropertyValueSpecification","valueRequired":true,"valueName":"search_term_string"}}],"inLanguage":"fr-FR"}]}},"_links":{"self":[{"href":"https:\/\/www.reddingsbrigadenoordwijk.nl\/fr\/wp-json\/wp\/v2\/pages\/119","targetHints":{"allow":["GET"]}}],"collection":[{"href":"https:\/\/www.reddingsbrigadenoordwijk.nl\/fr\/wp-json\/wp\/v2\/pages"}],"about":[{"href":"https:\/\/www.reddingsbrigadenoordwijk.nl\/fr\/wp-json\/wp\/v2\/types\/page"}],"author":[{"embeddable":true,"href":"https:\/\/www.reddingsbrigadenoordwijk.nl\/fr\/wp-json\/wp\/v2\/users\/1"}],"replies":[{"embeddable":true,"href":"https:\/\/www.reddingsbrigadenoordwijk.nl\/fr\/wp-json\/wp\/v2\/comments?post=119"}],"version-history":[{"count":2,"href":"https:\/\/www.reddingsbrigadenoordwijk.nl\/fr\/wp-json\/wp\/v2\/pages\/119\/revisions"}],"predecessor-version":[{"id":11662,"href":"https:\/\/www.reddingsbrigadenoordwijk.nl\/fr\/wp-json\/wp\/v2\/pages\/119\/revisions\/11662"}],"up":[{"embeddable":true,"href":"https:\/\/www.reddingsbrigadenoordwijk.nl\/fr\/wp-json\/wp\/v2\/pages\/117"}],"wp:featuredmedia":[{"embeddable":true,"href":"https:\/\/www.reddingsbrigadenoordwijk.nl\/fr\/wp-json\/wp\/v2\/media\/10695"}],"wp:attachment":[{"href":"https:\/\/www.reddingsbrigadenoordwijk.nl\/fr\/wp-json\/wp\/v2\/media?parent=119"}],"curies":[{"name":"wp","href":"https:\/\/api.w.org\/{rel}","templated":true}]}}