{"id":11671,"date":"2022-05-28T12:35:37","date_gmt":"2022-05-28T10:35:37","guid":{"rendered":"https:\/\/www.reddingsbrigadenoordwijk.nl\/?page_id=11671"},"modified":"2022-10-30T21:05:01","modified_gmt":"2022-10-30T20:05:01","slug":"contributie","status":"publish","type":"page","link":"https:\/\/www.reddingsbrigadenoordwijk.nl\/fr\/contribution\/","title":{"rendered":"Contribution"},"content":{"rendered":"<div class=\"vce-row-container\" data-vce-boxed-width=\"true\"><div class=\"vce-row vce-row--col-gap-30 vce-row-equal-height vce-row-content--top\" id=\"el-90631b6e\" data-vce-do-apply=\"all el-90631b6e\"><div class=\"vce-row-content\" data-vce-element-content=\"true\"><div class=\"vce-col vce-col--md-auto vce-col--xs-1 vce-col--xs-last vce-col--xs-first vce-col--sm-last vce-col--sm-first vce-col--md-last vce-col--lg-last vce-col--xl-last vce-col--md-first vce-col--lg-first vce-col--xl-first\" id=\"el-2961e1a6\"><div class=\"vce-col-inner\" data-vce-do-apply=\"border margin background  el-2961e1a6\"><div class=\"vce-col-content\" data-vce-element-content=\"true\" data-vce-do-apply=\"padding el-2961e1a6\"><div class=\"vce-text-block\"><div class=\"vce-text-block-wrapper vce\" id=\"el-7a301a57\" data-vce-do-apply=\"all el-7a301a57\"><div><strong>Frais d'adh\u00e9sion<\/strong><\/div>\n<div>5 \u00e0 11 ans : 15,00 \u20ac par an<\/div>\n<div>12 \u00e0 17 ans : 25,00 \u20ac par an<\/div>\n<div>18 ans et plus : 35,00 \u20ac par an&nbsp;<\/div>\n<div>&nbsp;<\/div>\n<div>Ann\u00e9e de souscription : du 1er janvier au 31 d\u00e9cembre<\/div>\n<div>D\u00e9but de la domiciliation\/du pr\u00e9l\u00e8vement : d\u00e8s le d\u00e9but de l'adh\u00e9sion.<\/div>\n<div>&nbsp;<\/div>\n<div><strong>Frais de piscine&nbsp;<\/strong><\/div>\n<div>Tous les \u00e2ges (\u00e0 partir de 5 ans) : \u20ac100.00 par semestre (\u20ac200.00 par an)<\/div>\n<div>&nbsp;<\/div>\n<div>Collection en deux parties :&nbsp;<\/div>\n<ol>\n<li>Frais de scolarit\u00e9 du premier trimestre : septembre \u00e0 janvier - collecte octobre\/novembre\n<ul>\n<li>Plus les frais d'adh\u00e9sion pour les nouveaux nageurs&nbsp;<\/li>\n<\/ul>\n<\/li>\n<li>Frais de scolarit\u00e9 du deuxi\u00e8me trimestre : f\u00e9vrier \u00e0 juin - collecte f\u00e9vrier\/mars\n<ul>\n<li>Plus les frais d'adh\u00e9sion pour les nouveaux nageurs<\/li>\n<\/ul>\n<\/li>\n<\/ol>\n<div>\n<div id=\"x_Signature\">\n<div>&nbsp;<\/div>\n<div><em><strong>Veuillez noter !<\/strong> Si les nageurs abandonnent pendant un trimestre en cours, ils ne recevront pas de remboursement des frais d'inscription et de scolarit\u00e9, sauf circonstances particuli\u00e8res.&nbsp;<\/em><\/div>\n<\/div>\n<\/div><\/div><\/div><\/div><\/div><\/div><\/div><\/div><\/div>","protected":false},"excerpt":{"rendered":"<p>Contributie lidmaatschap 5 t\/m 11 jaar: \u20ac 15,00 per jaar 12 t\/m 17 jaar: \u20ac 25,00 per jaar 18 jaar en ouder: \u20ac 35,00 per jaar&nbsp; &nbsp; Contributiejaar: 1 januari t\/m 31 december Start incasso\/inning: vanaf aanvang lidmaatschap. &nbsp; Lesgeld zwembad&nbsp; Alle leeftijden (vanaf 5 jaar): \u20ac 100,00 per half jaar (\u20ac 200,00 per jaar) [&hellip;]<\/p>\n","protected":false},"author":3,"featured_media":11544,"parent":0,"menu_order":0,"comment_status":"closed","ping_status":"closed","template":"","meta":{"_acf_changed":false,"footnotes":""},"class_list":["post-11671","page","type-page","status-publish","has-post-thumbnail","hentry"],"acf":[],"yoast_head":"<!-- This site is optimized with the Yoast SEO plugin v27.5 - https:\/\/yoast.com\/product\/yoast-seo-wordpress\/ -->\n<title>Contributie - Reddingsbrigade Noordwijk<\/title>\n<meta name=\"robots\" content=\"index, follow, max-snippet:-1, max-image-preview:large, max-video-preview:-1\" \/>\n<link rel=\"canonical\" href=\"https:\/\/www.reddingsbrigadenoordwijk.nl\/fr\/contributie\/\" \/>\n<meta property=\"og:locale\" content=\"fr_FR\" \/>\n<meta property=\"og:type\" content=\"article\" \/>\n<meta property=\"og:title\" content=\"Contributie - Reddingsbrigade Noordwijk\" \/>\n<meta property=\"og:description\" content=\"Contributie lidmaatschap 5 t\/m 11 jaar: \u20ac 15,00 per jaar 12 t\/m 17 jaar: \u20ac 25,00 per jaar 18 jaar en ouder: \u20ac 35,00 per jaar&nbsp; &nbsp; Contributiejaar: 1 januari t\/m 31 december Start incasso\/inning: vanaf aanvang lidmaatschap. &nbsp; Lesgeld zwembad&nbsp; Alle leeftijden (vanaf 5 jaar): \u20ac 100,00 per half jaar (\u20ac 200,00 per jaar) [&hellip;]\" \/>\n<meta property=\"og:url\" content=\"https:\/\/www.reddingsbrigadenoordwijk.nl\/fr\/contributie\/\" \/>\n<meta property=\"og:site_name\" content=\"Reddingsbrigade Noordwijk\" \/>\n<meta property=\"article:modified_time\" content=\"2022-10-30T20:05:01+00:00\" \/>\n<meta property=\"og:image\" content=\"https:\/\/www.reddingsbrigadenoordwijk.nl\/wp-content\/uploads\/2021\/11\/WhatsApp-Image-2021-05-29-at-11.23.06.jpg\" \/>\n\t<meta property=\"og:image:width\" content=\"1296\" \/>\n\t<meta property=\"og:image:height\" content=\"972\" \/>\n\t<meta property=\"og:image:type\" content=\"image\/jpeg\" \/>\n<meta name=\"twitter:card\" content=\"summary_large_image\" \/>\n<meta name=\"twitter:label1\" content=\"Dur\u00e9e de lecture estim\u00e9e\" \/>\n\t<meta name=\"twitter:data1\" content=\"1 minute\" \/>\n<script type=\"application\/ld+json\" class=\"yoast-schema-graph\">{\"@context\":\"https:\\\/\\\/schema.org\",\"@graph\":[{\"@type\":\"WebPage\",\"@id\":\"https:\\\/\\\/www.reddingsbrigadenoordwijk.nl\\\/contributie\\\/\",\"url\":\"https:\\\/\\\/www.reddingsbrigadenoordwijk.nl\\\/contributie\\\/\",\"name\":\"Contributie - Reddingsbrigade Noordwijk\",\"isPartOf\":{\"@id\":\"https:\\\/\\\/www.reddingsbrigadenoordwijk.nl\\\/#website\"},\"primaryImageOfPage\":{\"@id\":\"https:\\\/\\\/www.reddingsbrigadenoordwijk.nl\\\/contributie\\\/#primaryimage\"},\"image\":{\"@id\":\"https:\\\/\\\/www.reddingsbrigadenoordwijk.nl\\\/contributie\\\/#primaryimage\"},\"thumbnailUrl\":\"https:\\\/\\\/www.reddingsbrigadenoordwijk.nl\\\/wp-content\\\/uploads\\\/2021\\\/11\\\/WhatsApp-Image-2021-05-29-at-11.23.06.jpg\",\"datePublished\":\"2022-05-28T10:35:37+00:00\",\"dateModified\":\"2022-10-30T20:05:01+00:00\",\"breadcrumb\":{\"@id\":\"https:\\\/\\\/www.reddingsbrigadenoordwijk.nl\\\/contributie\\\/#breadcrumb\"},\"inLanguage\":\"fr-FR\",\"potentialAction\":[{\"@type\":\"ReadAction\",\"target\":[\"https:\\\/\\\/www.reddingsbrigadenoordwijk.nl\\\/contributie\\\/\"]}]},{\"@type\":\"ImageObject\",\"inLanguage\":\"fr-FR\",\"@id\":\"https:\\\/\\\/www.reddingsbrigadenoordwijk.nl\\\/contributie\\\/#primaryimage\",\"url\":\"https:\\\/\\\/www.reddingsbrigadenoordwijk.nl\\\/wp-content\\\/uploads\\\/2021\\\/11\\\/WhatsApp-Image-2021-05-29-at-11.23.06.jpg\",\"contentUrl\":\"https:\\\/\\\/www.reddingsbrigadenoordwijk.nl\\\/wp-content\\\/uploads\\\/2021\\\/11\\\/WhatsApp-Image-2021-05-29-at-11.23.06.jpg\",\"width\":1296,\"height\":972},{\"@type\":\"BreadcrumbList\",\"@id\":\"https:\\\/\\\/www.reddingsbrigadenoordwijk.nl\\\/contributie\\\/#breadcrumb\",\"itemListElement\":[{\"@type\":\"ListItem\",\"position\":1,\"name\":\"Home\",\"item\":\"https:\\\/\\\/www.reddingsbrigadenoordwijk.nl\\\/\"},{\"@type\":\"ListItem\",\"position\":2,\"name\":\"Contributie\"}]},{\"@type\":\"WebSite\",\"@id\":\"https:\\\/\\\/www.reddingsbrigadenoordwijk.nl\\\/#website\",\"url\":\"https:\\\/\\\/www.reddingsbrigadenoordwijk.nl\\\/\",\"name\":\"Reddingsbrigade Noordwijk\",\"description\":\"NRB\",\"potentialAction\":[{\"@type\":\"SearchAction\",\"target\":{\"@type\":\"EntryPoint\",\"urlTemplate\":\"https:\\\/\\\/www.reddingsbrigadenoordwijk.nl\\\/?s={search_term_string}\"},\"query-input\":{\"@type\":\"PropertyValueSpecification\",\"valueRequired\":true,\"valueName\":\"search_term_string\"}}],\"inLanguage\":\"fr-FR\"}]}<\/script>\n<!-- \/ Yoast SEO plugin. -->","yoast_head_json":{"title":"Contribution - Reddingsbrigade Noordwijk","robots":{"index":"index","follow":"follow","max-snippet":"max-snippet:-1","max-image-preview":"max-image-preview:large","max-video-preview":"max-video-preview:-1"},"canonical":"https:\/\/www.reddingsbrigadenoordwijk.nl\/fr\/contributie\/","og_locale":"fr_FR","og_type":"article","og_title":"Contributie - Reddingsbrigade Noordwijk","og_description":"Contributie lidmaatschap 5 t\/m 11 jaar: \u20ac 15,00 per jaar 12 t\/m 17 jaar: \u20ac 25,00 per jaar 18 jaar en ouder: \u20ac 35,00 per jaar&nbsp; &nbsp; Contributiejaar: 1 januari t\/m 31 december Start incasso\/inning: vanaf aanvang lidmaatschap. &nbsp; Lesgeld zwembad&nbsp; Alle leeftijden (vanaf 5 jaar): \u20ac 100,00 per half jaar (\u20ac 200,00 per jaar) [&hellip;]","og_url":"https:\/\/www.reddingsbrigadenoordwijk.nl\/fr\/contributie\/","og_site_name":"Reddingsbrigade Noordwijk","article_modified_time":"2022-10-30T20:05:01+00:00","og_image":[{"width":1296,"height":972,"url":"https:\/\/www.reddingsbrigadenoordwijk.nl\/wp-content\/uploads\/2021\/11\/WhatsApp-Image-2021-05-29-at-11.23.06.jpg","type":"image\/jpeg"}],"twitter_card":"summary_large_image","twitter_misc":{"Dur\u00e9e de lecture estim\u00e9e":"1 minute"},"schema":{"@context":"https:\/\/schema.org","@graph":[{"@type":"WebPage","@id":"https:\/\/www.reddingsbrigadenoordwijk.nl\/contributie\/","url":"https:\/\/www.reddingsbrigadenoordwijk.nl\/contributie\/","name":"Contribution - Reddingsbrigade Noordwijk","isPartOf":{"@id":"https:\/\/www.reddingsbrigadenoordwijk.nl\/#website"},"primaryImageOfPage":{"@id":"https:\/\/www.reddingsbrigadenoordwijk.nl\/contributie\/#primaryimage"},"image":{"@id":"https:\/\/www.reddingsbrigadenoordwijk.nl\/contributie\/#primaryimage"},"thumbnailUrl":"https:\/\/www.reddingsbrigadenoordwijk.nl\/wp-content\/uploads\/2021\/11\/WhatsApp-Image-2021-05-29-at-11.23.06.jpg","datePublished":"2022-05-28T10:35:37+00:00","dateModified":"2022-10-30T20:05:01+00:00","breadcrumb":{"@id":"https:\/\/www.reddingsbrigadenoordwijk.nl\/contributie\/#breadcrumb"},"inLanguage":"fr-FR","potentialAction":[{"@type":"ReadAction","target":["https:\/\/www.reddingsbrigadenoordwijk.nl\/contributie\/"]}]},{"@type":"ImageObject","inLanguage":"fr-FR","@id":"https:\/\/www.reddingsbrigadenoordwijk.nl\/contributie\/#primaryimage","url":"https:\/\/www.reddingsbrigadenoordwijk.nl\/wp-content\/uploads\/2021\/11\/WhatsApp-Image-2021-05-29-at-11.23.06.jpg","contentUrl":"https:\/\/www.reddingsbrigadenoordwijk.nl\/wp-content\/uploads\/2021\/11\/WhatsApp-Image-2021-05-29-at-11.23.06.jpg","width":1296,"height":972},{"@type":"BreadcrumbList","@id":"https:\/\/www.reddingsbrigadenoordwijk.nl\/contributie\/#breadcrumb","itemListElement":[{"@type":"ListItem","position":1,"name":"Home","item":"https:\/\/www.reddingsbrigadenoordwijk.nl\/"},{"@type":"ListItem","position":2,"name":"Contributie"}]},{"@type":"WebSite","@id":"https:\/\/www.reddingsbrigadenoordwijk.nl\/#website","url":"https:\/\/www.reddingsbrigadenoordwijk.nl\/","name":"\u00c9quipe de sauvetage de Noordwijk","description":"NRB","potentialAction":[{"@type":"SearchAction","target":{"@type":"EntryPoint","urlTemplate":"https:\/\/www.reddingsbrigadenoordwijk.nl\/?s={search_term_string}"},"query-input":{"@type":"PropertyValueSpecification","valueRequired":true,"valueName":"search_term_string"}}],"inLanguage":"fr-FR"}]}},"_links":{"self":[{"href":"https:\/\/www.reddingsbrigadenoordwijk.nl\/fr\/wp-json\/wp\/v2\/pages\/11671","targetHints":{"allow":["GET"]}}],"collection":[{"href":"https:\/\/www.reddingsbrigadenoordwijk.nl\/fr\/wp-json\/wp\/v2\/pages"}],"about":[{"href":"https:\/\/www.reddingsbrigadenoordwijk.nl\/fr\/wp-json\/wp\/v2\/types\/page"}],"author":[{"embeddable":true,"href":"https:\/\/www.reddingsbrigadenoordwijk.nl\/fr\/wp-json\/wp\/v2\/users\/3"}],"replies":[{"embeddable":true,"href":"https:\/\/www.reddingsbrigadenoordwijk.nl\/fr\/wp-json\/wp\/v2\/comments?post=11671"}],"version-history":[{"count":6,"href":"https:\/\/www.reddingsbrigadenoordwijk.nl\/fr\/wp-json\/wp\/v2\/pages\/11671\/revisions"}],"predecessor-version":[{"id":11770,"href":"https:\/\/www.reddingsbrigadenoordwijk.nl\/fr\/wp-json\/wp\/v2\/pages\/11671\/revisions\/11770"}],"wp:featuredmedia":[{"embeddable":true,"href":"https:\/\/www.reddingsbrigadenoordwijk.nl\/fr\/wp-json\/wp\/v2\/media\/11544"}],"wp:attachment":[{"href":"https:\/\/www.reddingsbrigadenoordwijk.nl\/fr\/wp-json\/wp\/v2\/media?parent=11671"}],"curies":[{"name":"wp","href":"https:\/\/api.w.org\/{rel}","templated":true}]}}