{"id":115,"date":"2021-01-24T23:05:16","date_gmt":"2021-01-24T22:05:16","guid":{"rendered":"https:\/\/www.reddingsbrigadenoordwijk.nl\/lifeguards\/toezicht-op-het-strand\/"},"modified":"2021-10-31T11:52:09","modified_gmt":"2021-10-31T10:52:09","slug":"strandtoezicht","status":"publish","type":"page","link":"https:\/\/www.reddingsbrigadenoordwijk.nl\/fr\/sauveteurs\/surveillance-des-plages\/","title":{"rendered":"Surveillance de la plage"},"content":{"rendered":"<div class=\"vce-section\"><div class=\"vce-section-inner vce-element--has-background\" data-vce-full-width=\"true\" id=\"el-bff79233\" data-vce-dynamic-image-all=\"bff79233\" data-vce-do-apply=\"all el-bff79233\"><div class=\"vce-content-background-container\"><div class=\"vce-asset-background-simple-container vce-visible-all-only vce-asset-background-simple--style-cover vce-asset-background-simple--position-center-center\"><div class=\"vce-asset-background-simple\"><div class=\"vce-asset-background-simple-item lazyload\" style=\"background-image:inherit;\" data-bg-image=\"url(&#039;https:\/\/www.reddingsbrigadenoordwijk.nl\/wp-content\/uploads\/2021\/04\/118016467_2638234436429164_1761925800054715979_o.jpg?vcv-dynamic-field=featured_image&amp;alt=&amp;caption=&amp;title=118016467_2638234436429164_1761925800054715979_o&#039;)\"><\/div><\/div><\/div><div class=\"vce-asset-color-gradient-container vce-visible-all-only\" data-vce-do-apply=\"gradient el-bff79233\"><\/div><\/div><div data-vce-element-content=\"true\"><div class=\"vce-row-container\" data-vce-boxed-width=\"true\"><div class=\"vce-row vce-element--has-background vce-row--col-gap-30 vce-row-equal-height vce-row-content--top\" vce-box-shadow=\"el-bf85ee9c\" id=\"el-bf85ee9c\" data-vce-do-apply=\"all el-bf85ee9c\"><div class=\"vce-content-background-container\"><\/div><div class=\"vce-row-content\" data-vce-element-content=\"true\"><div class=\"vce-col vce-col--md-auto vce-col--xs-1 vce-col--xs-last vce-col--xs-first vce-col--sm-last vce-col--sm-first vce-col--md-last vce-col--lg-last vce-col--xl-last vce-col--md-first vce-col--lg-first vce-col--xl-first\" id=\"el-0625af8d\"><div class=\"vce-col-inner\" data-vce-do-apply=\"border margin background  el-0625af8d\"><div class=\"vce-col-content\" data-vce-element-content=\"true\" data-vce-do-apply=\"padding el-0625af8d\"><div class=\"vce-text-block\"><div class=\"vce-text-block-wrapper vce\" id=\"el-f48d7407\" data-vce-do-apply=\"all el-f48d7407\"><h1>Surveillance de la plage<\/h1><\/div><\/div><div class=\"vce-text-block\"><div class=\"vce-text-block-wrapper vce\" id=\"el-0c203033\" data-vce-do-apply=\"all el-0c203033\"><p style=\"text-align: right;\"><span><span><a href=\"https:\/\/www.reddingsbrigadenoordwijk.nl\/fr\/\">Accueil<\/a><\/span><\/span><\/p><\/div><\/div><\/div><\/div><\/div><\/div><\/div><\/div><\/div><\/div><\/div><div class=\"vce-section\" data-vce-boxed-width=\"true\"><div class=\"vce-section-inner vce-element--has-background\" id=\"el-e8c88fe0\" data-vce-do-apply=\"all el-e8c88fe0\"><div class=\"vce-content-background-container\"><\/div><div data-vce-element-content=\"true\"><div class=\"vce-row-container\" data-vce-boxed-width=\"true\"><div class=\"vce-row vce-row--col-gap-30 vce-row-equal-height vce-row-content--top\" id=\"el-8a9985c8\" data-vce-do-apply=\"all el-8a9985c8\"><div class=\"vce-row-content\" data-vce-element-content=\"true\"><div class=\"vce-col vce-col--md-auto vce-col--xs-1 vce-col--xs-last vce-col--xs-first vce-col--sm-last vce-col--sm-first vce-col--md-last vce-col--lg-last vce-col--xl-last vce-col--md-first vce-col--lg-first vce-col--xl-first\" id=\"el-65c13ea1\"><div class=\"vce-col-inner\" data-vce-do-apply=\"border margin background  el-65c13ea1\"><div class=\"vce-col-content\" data-vce-element-content=\"true\" data-vce-do-apply=\"padding el-65c13ea1\"><div class=\"vce-text-block\"><div class=\"vce-text-block-wrapper vce\" id=\"el-32a225b2\" data-vce-do-apply=\"all el-32a225b2\"><h2>Pr\u00e9sence de ma\u00eetres-nageurs<\/h2>\n<p>Les sauveteurs de la Reddingsbrigade Noordwijk surveillent les plages de Noordwijk de mi-mai \u00e0 d\u00e9but septembre (10h00-18h00). La plage de Noordwijk \u00e9tant longue de 13 kilom\u00e8tres, nos sauveteurs op\u00e8rent depuis trois endroits fixes (Wilhelmina Boulevard, Duindamseslag et Langervelderslag).<\/p>\n<p>Le poste de sauvetage situ\u00e9 sur le boulevard Wilhelmina est occup\u00e9 les week-ends de la mi-mai au d\u00e9but septembre. Il est occup\u00e9 tous les jours pendant les mois de juillet et d'ao\u00fbt. Les postes de sauvetage de Duindamseslag et de Langevelderslag sont occup\u00e9s le week-end en juillet et ao\u00fbt, et par beau temps, si les effectifs sont suffisants.<\/p><\/div><\/div><\/div><\/div><\/div><\/div><\/div><\/div><div class=\"vce-row-container\" data-vce-boxed-width=\"true\"><div class=\"vce-row vce-row--col-gap-30 vce-row-equal-height vce-row-content--top\" id=\"el-b0f7456e\" data-vce-do-apply=\"all el-b0f7456e\"><div class=\"vce-row-content\" data-vce-element-content=\"true\"><div class=\"vce-col vce-col--md-70-50p vce-col--xs-1 vce-col--xs-last vce-col--xs-first vce-col--sm-last vce-col--sm-first vce-col--md-first vce-col--lg-first vce-col--xl-first\" id=\"el-4c43f816\"><div class=\"vce-col-inner\" data-vce-do-apply=\"border margin background  el-4c43f816\"><div class=\"vce-col-content\" data-vce-element-content=\"true\" data-vce-do-apply=\"padding el-4c43f816\"><div class=\"vce-text-block\"><div class=\"vce-text-block-wrapper vce\" id=\"el-afb14be1\" data-vce-do-apply=\"all el-afb14be1\"><h2>Supervision et assistance<\/h2>\n<p>Nos ma\u00eetres-nageurs surveillent les amateurs de soleil, les baigneurs et les nageurs. Ils le font depuis les postes de sauvetage et, si n\u00e9cessaire, depuis la ligne de flottaison ou sur l'eau. Afin de surveiller les 13 kilom\u00e8tres de plage, des patrouilles sont r\u00e9guli\u00e8rement effectu\u00e9es (\u00e0 pied, en voiture et en bateau). Si n\u00e9cessaire, les ma\u00eetres-nageurs prendront des mesures.<\/p><\/div><\/div><\/div><\/div><\/div><div class=\"vce-col vce-col--md-29-48p vce-col--xs-1 vce-col--xs-last vce-col--xs-first vce-col--sm-last vce-col--sm-first vce-col--md-last vce-col--lg-last vce-col--xl-last\" id=\"el-e0dc11eb\"><div class=\"vce-col-inner\" data-vce-do-apply=\"border margin background  el-e0dc11eb\"><div class=\"vce-col-content\" data-vce-element-content=\"true\" data-vce-do-apply=\"padding el-e0dc11eb\"><div class=\"vce-single-image-container vce-single-image--align-left\"><div class=\"vce vce-single-image-wrapper\" id=\"el-330f73cb\" data-vce-do-apply=\"all el-330f73cb\"><figure><div class=\"vce-single-image-inner vce-single-image--absolute\" style=\"padding-bottom: 58.5938%; width: 768px;\"><img decoding=\"async\" class=\"vce-single-image lazyload\"  width=\"768\" height=\"450\"  data-src=\"https:\/\/www.reddingsbrigadenoordwijk.nl\/wp-content\/uploads\/2021\/04\/IMG-20200806-WA0002.jpg\"  data-img-data-src=\"https:\/\/www.reddingsbrigadenoordwijk.nl\/wp-content\/uploads\/2021\/04\/IMG-20200806-WA0002.jpg\" alt=\"\" title=\"IMG-20200806-WA0002\" src=\"data:image\/svg+xml;base64,PHN2ZyB3aWR0aD0iMSIgaGVpZ2h0PSIxIiB4bWxucz0iaHR0cDovL3d3dy53My5vcmcvMjAwMC9zdmciPjwvc3ZnPg==\" style=\"--smush-placeholder-width: 768px; --smush-placeholder-aspect-ratio: 768\/450;\" \/><noscript>\n        <img decoding=\"async\" class=\"vce-single-image\" src=\"https:\/\/www.reddingsbrigadenoordwijk.nl\/wp-content\/uploads\/2021\/04\/IMG-20200806-WA0002.jpg\" width=\"768\" height=\"450\" alt=\"\" title=\"IMG-20200806-WA0002\" \/>\n      <\/noscript><\/div><figcaption hidden=\"\"><\/figcaption><\/figure><\/div><\/div><\/div><\/div><\/div><\/div><\/div><\/div><div class=\"vce-row-container\" data-vce-boxed-width=\"true\"><div class=\"vce-row vce-row--col-gap-30 vce-row-equal-height vce-row-content--top\" id=\"el-f1e31700\" data-vce-do-apply=\"all el-f1e31700\"><div class=\"vce-row-content\" data-vce-element-content=\"true\"><div class=\"vce-col vce-col--md-auto vce-col--xs-1 vce-col--xs-last vce-col--xs-first vce-col--sm-last vce-col--sm-first vce-col--md-last vce-col--lg-last vce-col--xl-last vce-col--md-first vce-col--lg-first vce-col--xl-first\" id=\"el-5ba5b309\"><div class=\"vce-col-inner\" data-vce-do-apply=\"border margin background  el-5ba5b309\"><div class=\"vce-col-content\" data-vce-element-content=\"true\" data-vce-do-apply=\"padding el-5ba5b309\"><div class=\"vce-text-block\"><div class=\"vce-text-block-wrapper vce\" id=\"el-cbade766\" data-vce-do-apply=\"all el-cbade766\"><h2>Que pouvez-vous faire dans un poste de secours ?<\/h2>\n<p>Vous avez perdu votre enfant, vous avez un probl\u00e8me de premiers secours ou toute autre question ? Ensuite, vous pouvez vous rendre \u00e0 l'un de nos postes de secours.<\/p>\n<p><strong>Une urgence ? Appelez toujours le 112.<\/strong> Si n\u00e9cessaire, nos ma\u00eetres-nageurs seront toujours alert\u00e9s.&nbsp;<\/p><\/div><\/div><\/div><\/div><\/div><\/div><\/div><\/div><div class=\"vce-row-container\" data-vce-boxed-width=\"true\"><div class=\"vce-row vce-row--col-gap-30 vce-row-equal-height vce-row-content--top\" id=\"el-56ee9105\" data-vce-do-apply=\"all el-56ee9105\"><div class=\"vce-row-content\" data-vce-element-content=\"true\"><div class=\"vce-col vce-col--md-auto vce-col--xs-1 vce-col--xs-last vce-col--xs-first vce-col--sm-last vce-col--sm-first vce-col--md-first vce-col--lg-first vce-col--xl-first\" id=\"el-36df7ee3\"><div class=\"vce-col-inner\" data-vce-do-apply=\"border margin background  el-36df7ee3\"><div class=\"vce-col-content\" data-vce-element-content=\"true\" data-vce-do-apply=\"padding el-36df7ee3\"><div class=\"vce-text-block\"><div class=\"vce-text-block-wrapper vce\" id=\"el-69a15d65\" data-vce-do-apply=\"all el-69a15d65\"><h2>Collaborer<\/h2>\n<p>La brigade de sauvetage de Noordwijk travaille en \u00e9troite collaboration avec les services de sauvetage voisins : Katwijk, Wassenaar, Zandvoort et Bloemendaal. En outre, la brigade de sauvetage de Noordwijk est devenue une extension des services d'urgence r\u00e9guliers, car ceux-ci ne peuvent pas toujours atteindre la mer, la plage et les dunes avec leur \u00e9quipement.&nbsp;<\/p>\n<ul>\n<li>Service d'ambulance<\/li>\n<li>Service d'incendie<\/li>\n<li>KNRM<\/li>\n<li>Garde c\u00f4ti\u00e8re<\/li>\n<li>Police<\/li>\n<\/ul>\n<p>Si nous d\u00e9tectons des animaux en d\u00e9tresse, nous ferons appel aux Premiers secours pour les mammif\u00e8res marins (EHBZ).<\/p><\/div><\/div><\/div><\/div><\/div><div class=\"vce-col vce-col--md-auto vce-col--xs-1 vce-col--xs-last vce-col--xs-first vce-col--sm-last vce-col--sm-first vce-col--md-last vce-col--lg-last vce-col--xl-last\" id=\"el-b8d1d33a\"><div class=\"vce-col-inner\" data-vce-do-apply=\"border margin background  el-b8d1d33a\"><div class=\"vce-col-content\" data-vce-element-content=\"true\" data-vce-do-apply=\"padding el-b8d1d33a\"><div class=\"vce-single-image-container vce-single-image--align-left\"><div class=\"vce vce-single-image-wrapper\" id=\"el-90b6eca3\" data-vce-do-apply=\"all el-90b6eca3\"><figure><div class=\"vce-single-image-inner vce-single-image--absolute\" style=\"padding-bottom: 75%; width: 1024px;\"><img decoding=\"async\" class=\"vce-single-image lazyload\"  width=\"1024\" height=\"768\"  data-src=\"https:\/\/www.reddingsbrigadenoordwijk.nl\/wp-content\/uploads\/2021\/04\/IMG-20200825-WA0003.jpg\"  data-img-data-src=\"https:\/\/www.reddingsbrigadenoordwijk.nl\/wp-content\/uploads\/2021\/04\/IMG-20200825-WA0003.jpg\" alt=\"\" title=\"IMG-20200825-WA0003\" src=\"data:image\/svg+xml;base64,PHN2ZyB3aWR0aD0iMSIgaGVpZ2h0PSIxIiB4bWxucz0iaHR0cDovL3d3dy53My5vcmcvMjAwMC9zdmciPjwvc3ZnPg==\" style=\"--smush-placeholder-width: 1024px; --smush-placeholder-aspect-ratio: 1024\/768;\" \/><noscript>\n        <img decoding=\"async\" class=\"vce-single-image\" src=\"https:\/\/www.reddingsbrigadenoordwijk.nl\/wp-content\/uploads\/2021\/04\/IMG-20200825-WA0003.jpg\" width=\"1024\" height=\"768\" alt=\"\" title=\"IMG-20200825-WA0003\" \/>\n      <\/noscript><\/div><figcaption hidden=\"\"><\/figcaption><\/figure><\/div><\/div><\/div><\/div><\/div><\/div><\/div><\/div><\/div><\/div><\/div>","protected":false},"excerpt":{"rendered":"<p>Aanwezigheid lifeguards De lifeguards van de Reddingsbrigade Noordwijk houden toezicht op het strand van Noordwijk van half mei tot begin september (10:00-18:00 uur). Doordat het Noordwijkse strand 13 kilometer lang is, opereren onze lifeguards vanuit drie vaste locaties (Wilhelmina Boulevard, Duindamseslag en Langervelderslag). De reddingspost aan de Wilhelmina Boulevard is van half mei tot begin [&hellip;]<\/p>\n","protected":false},"author":1,"featured_media":10694,"parent":103,"menu_order":200,"comment_status":"closed","ping_status":"closed","template":"","meta":{"_acf_changed":false,"footnotes":""},"class_list":["post-115","page","type-page","status-publish","has-post-thumbnail","hentry"],"acf":[],"yoast_head":"<!-- This site is optimized with the Yoast SEO plugin v27.5 - https:\/\/yoast.com\/product\/yoast-seo-wordpress\/ -->\n<title>Strandtoezicht - Reddingsbrigade Noordwijk<\/title>\n<meta name=\"robots\" content=\"index, follow, max-snippet:-1, max-image-preview:large, max-video-preview:-1\" \/>\n<link rel=\"canonical\" href=\"https:\/\/www.reddingsbrigadenoordwijk.nl\/fr\/lifeguards\/strandtoezicht\/\" \/>\n<meta property=\"og:locale\" content=\"fr_FR\" \/>\n<meta property=\"og:type\" content=\"article\" \/>\n<meta property=\"og:title\" content=\"Strandtoezicht - Reddingsbrigade Noordwijk\" \/>\n<meta property=\"og:description\" content=\"Aanwezigheid lifeguards De lifeguards van de Reddingsbrigade Noordwijk houden toezicht op het strand van Noordwijk van half mei tot begin september (10:00-18:00 uur). Doordat het Noordwijkse strand 13 kilometer lang is, opereren onze lifeguards vanuit drie vaste locaties (Wilhelmina Boulevard, Duindamseslag en Langervelderslag). De reddingspost aan de Wilhelmina Boulevard is van half mei tot begin [&hellip;]\" \/>\n<meta property=\"og:url\" content=\"https:\/\/www.reddingsbrigadenoordwijk.nl\/fr\/lifeguards\/strandtoezicht\/\" \/>\n<meta property=\"og:site_name\" content=\"Reddingsbrigade Noordwijk\" \/>\n<meta property=\"article:modified_time\" content=\"2021-10-31T10:52:09+00:00\" \/>\n<meta property=\"og:image\" content=\"https:\/\/www.reddingsbrigadenoordwijk.nl\/wp-content\/uploads\/2021\/04\/118016467_2638234436429164_1761925800054715979_o.jpg\" \/>\n\t<meta property=\"og:image:width\" content=\"1292\" \/>\n\t<meta property=\"og:image:height\" content=\"640\" \/>\n\t<meta property=\"og:image:type\" content=\"image\/jpeg\" \/>\n<meta name=\"twitter:card\" content=\"summary_large_image\" \/>\n<meta name=\"twitter:label1\" content=\"Dur\u00e9e de lecture estim\u00e9e\" \/>\n\t<meta name=\"twitter:data1\" content=\"1 minute\" \/>\n<script type=\"application\/ld+json\" class=\"yoast-schema-graph\">{\"@context\":\"https:\\\/\\\/schema.org\",\"@graph\":[{\"@type\":\"WebPage\",\"@id\":\"https:\\\/\\\/www.reddingsbrigadenoordwijk.nl\\\/lifeguards\\\/strandtoezicht\\\/\",\"url\":\"https:\\\/\\\/www.reddingsbrigadenoordwijk.nl\\\/lifeguards\\\/strandtoezicht\\\/\",\"name\":\"Strandtoezicht - Reddingsbrigade Noordwijk\",\"isPartOf\":{\"@id\":\"https:\\\/\\\/www.reddingsbrigadenoordwijk.nl\\\/#website\"},\"primaryImageOfPage\":{\"@id\":\"https:\\\/\\\/www.reddingsbrigadenoordwijk.nl\\\/lifeguards\\\/strandtoezicht\\\/#primaryimage\"},\"image\":{\"@id\":\"https:\\\/\\\/www.reddingsbrigadenoordwijk.nl\\\/lifeguards\\\/strandtoezicht\\\/#primaryimage\"},\"thumbnailUrl\":\"https:\\\/\\\/www.reddingsbrigadenoordwijk.nl\\\/wp-content\\\/uploads\\\/2021\\\/04\\\/118016467_2638234436429164_1761925800054715979_o.jpg\",\"datePublished\":\"2021-01-24T22:05:16+00:00\",\"dateModified\":\"2021-10-31T10:52:09+00:00\",\"breadcrumb\":{\"@id\":\"https:\\\/\\\/www.reddingsbrigadenoordwijk.nl\\\/lifeguards\\\/strandtoezicht\\\/#breadcrumb\"},\"inLanguage\":\"fr-FR\",\"potentialAction\":[{\"@type\":\"ReadAction\",\"target\":[\"https:\\\/\\\/www.reddingsbrigadenoordwijk.nl\\\/lifeguards\\\/strandtoezicht\\\/\"]}]},{\"@type\":\"ImageObject\",\"inLanguage\":\"fr-FR\",\"@id\":\"https:\\\/\\\/www.reddingsbrigadenoordwijk.nl\\\/lifeguards\\\/strandtoezicht\\\/#primaryimage\",\"url\":\"https:\\\/\\\/www.reddingsbrigadenoordwijk.nl\\\/wp-content\\\/uploads\\\/2021\\\/04\\\/118016467_2638234436429164_1761925800054715979_o.jpg\",\"contentUrl\":\"https:\\\/\\\/www.reddingsbrigadenoordwijk.nl\\\/wp-content\\\/uploads\\\/2021\\\/04\\\/118016467_2638234436429164_1761925800054715979_o.jpg\",\"width\":1292,\"height\":640},{\"@type\":\"BreadcrumbList\",\"@id\":\"https:\\\/\\\/www.reddingsbrigadenoordwijk.nl\\\/lifeguards\\\/strandtoezicht\\\/#breadcrumb\",\"itemListElement\":[{\"@type\":\"ListItem\",\"position\":1,\"name\":\"Home\",\"item\":\"https:\\\/\\\/www.reddingsbrigadenoordwijk.nl\\\/\"},{\"@type\":\"ListItem\",\"position\":2,\"name\":\"Lifeguards\",\"item\":\"https:\\\/\\\/www.reddingsbrigadenoordwijk.nl\\\/lifeguards\\\/\"},{\"@type\":\"ListItem\",\"position\":3,\"name\":\"Strandtoezicht\"}]},{\"@type\":\"WebSite\",\"@id\":\"https:\\\/\\\/www.reddingsbrigadenoordwijk.nl\\\/#website\",\"url\":\"https:\\\/\\\/www.reddingsbrigadenoordwijk.nl\\\/\",\"name\":\"Reddingsbrigade Noordwijk\",\"description\":\"NRB\",\"potentialAction\":[{\"@type\":\"SearchAction\",\"target\":{\"@type\":\"EntryPoint\",\"urlTemplate\":\"https:\\\/\\\/www.reddingsbrigadenoordwijk.nl\\\/?s={search_term_string}\"},\"query-input\":{\"@type\":\"PropertyValueSpecification\",\"valueRequired\":true,\"valueName\":\"search_term_string\"}}],\"inLanguage\":\"fr-FR\"}]}<\/script>\n<!-- \/ Yoast SEO plugin. -->","yoast_head_json":{"title":"Surveillance de la plage - Reddingsbrigade Noordwijk","robots":{"index":"index","follow":"follow","max-snippet":"max-snippet:-1","max-image-preview":"max-image-preview:large","max-video-preview":"max-video-preview:-1"},"canonical":"https:\/\/www.reddingsbrigadenoordwijk.nl\/fr\/lifeguards\/strandtoezicht\/","og_locale":"fr_FR","og_type":"article","og_title":"Strandtoezicht - Reddingsbrigade Noordwijk","og_description":"Aanwezigheid lifeguards De lifeguards van de Reddingsbrigade Noordwijk houden toezicht op het strand van Noordwijk van half mei tot begin september (10:00-18:00 uur). Doordat het Noordwijkse strand 13 kilometer lang is, opereren onze lifeguards vanuit drie vaste locaties (Wilhelmina Boulevard, Duindamseslag en Langervelderslag). De reddingspost aan de Wilhelmina Boulevard is van half mei tot begin [&hellip;]","og_url":"https:\/\/www.reddingsbrigadenoordwijk.nl\/fr\/lifeguards\/strandtoezicht\/","og_site_name":"Reddingsbrigade Noordwijk","article_modified_time":"2021-10-31T10:52:09+00:00","og_image":[{"width":1292,"height":640,"url":"https:\/\/www.reddingsbrigadenoordwijk.nl\/wp-content\/uploads\/2021\/04\/118016467_2638234436429164_1761925800054715979_o.jpg","type":"image\/jpeg"}],"twitter_card":"summary_large_image","twitter_misc":{"Dur\u00e9e de lecture estim\u00e9e":"1 minute"},"schema":{"@context":"https:\/\/schema.org","@graph":[{"@type":"WebPage","@id":"https:\/\/www.reddingsbrigadenoordwijk.nl\/lifeguards\/strandtoezicht\/","url":"https:\/\/www.reddingsbrigadenoordwijk.nl\/lifeguards\/strandtoezicht\/","name":"Surveillance de la plage - Reddingsbrigade Noordwijk","isPartOf":{"@id":"https:\/\/www.reddingsbrigadenoordwijk.nl\/#website"},"primaryImageOfPage":{"@id":"https:\/\/www.reddingsbrigadenoordwijk.nl\/lifeguards\/strandtoezicht\/#primaryimage"},"image":{"@id":"https:\/\/www.reddingsbrigadenoordwijk.nl\/lifeguards\/strandtoezicht\/#primaryimage"},"thumbnailUrl":"https:\/\/www.reddingsbrigadenoordwijk.nl\/wp-content\/uploads\/2021\/04\/118016467_2638234436429164_1761925800054715979_o.jpg","datePublished":"2021-01-24T22:05:16+00:00","dateModified":"2021-10-31T10:52:09+00:00","breadcrumb":{"@id":"https:\/\/www.reddingsbrigadenoordwijk.nl\/lifeguards\/strandtoezicht\/#breadcrumb"},"inLanguage":"fr-FR","potentialAction":[{"@type":"ReadAction","target":["https:\/\/www.reddingsbrigadenoordwijk.nl\/lifeguards\/strandtoezicht\/"]}]},{"@type":"ImageObject","inLanguage":"fr-FR","@id":"https:\/\/www.reddingsbrigadenoordwijk.nl\/lifeguards\/strandtoezicht\/#primaryimage","url":"https:\/\/www.reddingsbrigadenoordwijk.nl\/wp-content\/uploads\/2021\/04\/118016467_2638234436429164_1761925800054715979_o.jpg","contentUrl":"https:\/\/www.reddingsbrigadenoordwijk.nl\/wp-content\/uploads\/2021\/04\/118016467_2638234436429164_1761925800054715979_o.jpg","width":1292,"height":640},{"@type":"BreadcrumbList","@id":"https:\/\/www.reddingsbrigadenoordwijk.nl\/lifeguards\/strandtoezicht\/#breadcrumb","itemListElement":[{"@type":"ListItem","position":1,"name":"Home","item":"https:\/\/www.reddingsbrigadenoordwijk.nl\/"},{"@type":"ListItem","position":2,"name":"Lifeguards","item":"https:\/\/www.reddingsbrigadenoordwijk.nl\/lifeguards\/"},{"@type":"ListItem","position":3,"name":"Strandtoezicht"}]},{"@type":"WebSite","@id":"https:\/\/www.reddingsbrigadenoordwijk.nl\/#website","url":"https:\/\/www.reddingsbrigadenoordwijk.nl\/","name":"\u00c9quipe de sauvetage de Noordwijk","description":"NRB","potentialAction":[{"@type":"SearchAction","target":{"@type":"EntryPoint","urlTemplate":"https:\/\/www.reddingsbrigadenoordwijk.nl\/?s={search_term_string}"},"query-input":{"@type":"PropertyValueSpecification","valueRequired":true,"valueName":"search_term_string"}}],"inLanguage":"fr-FR"}]}},"_links":{"self":[{"href":"https:\/\/www.reddingsbrigadenoordwijk.nl\/fr\/wp-json\/wp\/v2\/pages\/115","targetHints":{"allow":["GET"]}}],"collection":[{"href":"https:\/\/www.reddingsbrigadenoordwijk.nl\/fr\/wp-json\/wp\/v2\/pages"}],"about":[{"href":"https:\/\/www.reddingsbrigadenoordwijk.nl\/fr\/wp-json\/wp\/v2\/types\/page"}],"author":[{"embeddable":true,"href":"https:\/\/www.reddingsbrigadenoordwijk.nl\/fr\/wp-json\/wp\/v2\/users\/1"}],"replies":[{"embeddable":true,"href":"https:\/\/www.reddingsbrigadenoordwijk.nl\/fr\/wp-json\/wp\/v2\/comments?post=115"}],"version-history":[{"count":0,"href":"https:\/\/www.reddingsbrigadenoordwijk.nl\/fr\/wp-json\/wp\/v2\/pages\/115\/revisions"}],"up":[{"embeddable":true,"href":"https:\/\/www.reddingsbrigadenoordwijk.nl\/fr\/wp-json\/wp\/v2\/pages\/103"}],"wp:featuredmedia":[{"embeddable":true,"href":"https:\/\/www.reddingsbrigadenoordwijk.nl\/fr\/wp-json\/wp\/v2\/media\/10694"}],"wp:attachment":[{"href":"https:\/\/www.reddingsbrigadenoordwijk.nl\/fr\/wp-json\/wp\/v2\/media?parent=115"}],"curies":[{"name":"wp","href":"https:\/\/api.w.org\/{rel}","templated":true}]}}