{"id":113,"date":"2021-01-24T23:05:16","date_gmt":"2021-01-24T22:05:16","guid":{"rendered":"https:\/\/www.reddingsbrigadenoordwijk.nl\/lifeguards\/opleidingen\/jeugd-strandopleiding\/"},"modified":"2022-09-27T11:21:24","modified_gmt":"2022-09-27T09:21:24","slug":"jeugd-strandopleiding","status":"publish","type":"page","link":"https:\/\/www.reddingsbrigadenoordwijk.nl\/fr\/sauveteurs\/formation\/formation-des-jeunes-a-la-plage\/","title":{"rendered":"Formation des jeunes \u00e0 la plage"},"content":{"rendered":"<div class=\"vce-section\"><div class=\"vce-section-inner vce-element--has-background\" data-vce-full-width=\"true\" id=\"el-01815650\" data-vce-dynamic-image-all=\"01815650\" data-vce-do-apply=\"all el-01815650\"><div class=\"vce-content-background-container\"><div class=\"vce-asset-background-simple-container vce-visible-all-only vce-asset-background-simple--style-cover vce-asset-background-simple--position-center-center\"><div class=\"vce-asset-background-simple\"><div class=\"vce-asset-background-simple-item lazyload\" style=\"background-image:inherit;\" data-bg-image=\"url(&#039;https:\/\/www.reddingsbrigadenoordwijk.nl\/wp-content\/uploads\/2021\/10\/NRBDSC_0022-scaled.jpg?vcv-dynamic-field=featured_image&amp;alt=&amp;caption=&amp;title=NRBDSC_0022&#039;)\"><\/div><\/div><\/div><div class=\"vce-asset-color-gradient-container vce-visible-all-only\" data-vce-do-apply=\"gradient el-01815650\"><\/div><\/div><div data-vce-element-content=\"true\"><div class=\"vce-row-container\" data-vce-boxed-width=\"true\"><div class=\"vce-row vce-element--has-background vce-row--col-gap-30 vce-row-equal-height vce-row-content--top\" vce-box-shadow=\"el-4e91a910\" id=\"el-4e91a910\" data-vce-do-apply=\"all el-4e91a910\"><div class=\"vce-content-background-container\"><\/div><div class=\"vce-row-content\" data-vce-element-content=\"true\"><div class=\"vce-col vce-col--md-auto vce-col--xs-1 vce-col--xs-last vce-col--xs-first vce-col--sm-last vce-col--sm-first vce-col--md-last vce-col--lg-last vce-col--xl-last vce-col--md-first vce-col--lg-first vce-col--xl-first\" id=\"el-98af6f92\"><div class=\"vce-col-inner\" data-vce-do-apply=\"border margin background  el-98af6f92\"><div class=\"vce-col-content\" data-vce-element-content=\"true\" data-vce-do-apply=\"padding el-98af6f92\"><div class=\"vce-text-block\"><div class=\"vce-text-block-wrapper vce\" id=\"el-3dcb69d9\" data-vce-do-apply=\"all el-3dcb69d9\"><h1>Formation des jeunes \u00e0 la plage<\/h1><\/div><\/div><div class=\"vce-text-block\"><div class=\"vce-text-block-wrapper vce\" id=\"el-da2302f2\" data-vce-do-apply=\"all el-da2302f2\"><p style=\"text-align: right;\"><span><span><a href=\"https:\/\/www.reddingsbrigadenoordwijk.nl\/fr\/\">Accueil<\/a><\/span><\/span><\/p><\/div><\/div><\/div><\/div><\/div><\/div><\/div><\/div><\/div><\/div><\/div><div class=\"vce-section\" data-vce-boxed-width=\"true\"><div class=\"vce-section-inner vce-element--has-background\" id=\"el-5f41b521\" data-vce-do-apply=\"all el-5f41b521\"><div class=\"vce-content-background-container\"><\/div><div data-vce-element-content=\"true\"><div class=\"vce-row-container\" data-vce-boxed-width=\"true\"><div class=\"vce-row vce-row--col-gap-30 vce-row-equal-height vce-row-content--top\" id=\"el-5d2d241b\" data-vce-do-apply=\"all el-5d2d241b\"><div class=\"vce-row-content\" data-vce-element-content=\"true\"><div class=\"vce-col vce-col--md-auto vce-col--xs-1 vce-col--xs-last vce-col--xs-first vce-col--sm-last vce-col--sm-first vce-col--md-last vce-col--lg-last vce-col--xl-last vce-col--md-first vce-col--lg-first vce-col--xl-first\" id=\"el-b7cfa6c6\"><div class=\"vce-col-inner\" data-vce-do-apply=\"border margin background  el-b7cfa6c6\"><div class=\"vce-col-content\" data-vce-element-content=\"true\" data-vce-do-apply=\"padding el-b7cfa6c6\"><div class=\"vce-text-block\"><div class=\"vce-text-block-wrapper vce\" id=\"el-a576256d\" data-vce-do-apply=\"all el-a576256d\"><h2>Les jeunes sauveurs<\/h2>\n<div class=\"x_layoutArea\">\n<div class=\"x_column\">\n<p>Organisation de jeunesse Beach<\/p>\n<\/div>\n<div class=\"x_column\">&nbsp;<\/div>\n<\/div>\n<div class=\"x_layoutArea\">\n<div class=\"x_column\">\n<p>Chaque ann\u00e9e, la brigade de sauvetage de Noordwijk organise une formation pour les jeunes sur la plage. La formation a lieu pendant la p\u00e9riode estivale, lorsqu'il n'y a pas de sauvetage en piscine. Vous apprenez \u00e0 conna\u00eetre la c\u00f4te, les dangers pour les baigneurs et les nageurs, la mar\u00e9e et la surveillance de la plage. Vous apprendrez \u00e9galement \u00e0 sauver, transporter et mettre en s\u00e9curit\u00e9 une personne qui se noie dans la mer. Il y a \u00e9galement deux journ\u00e9es r\u00e9guli\u00e8res o\u00f9 l'on peut surveiller notre poste de sauvetage.<\/p>\n<p>Programme \"Les jeunes sauveteurs\" :<\/p>\n<p><strong>Pour<\/strong><br>Les enfants \u00e2g\u00e9s de 13 \u00e0 15 ans ayant au moins un dipl\u00f4me de natation B ou nageant avec la brigade de sauvetage de Noordwijk.<\/p>\n<p><strong>O\u00f9<br><\/strong>Poste de secours de la brigade rouge de Noordwijk, boulevard Wilhelmin, sortie 10.<\/p>\n<\/div>\n<\/div>\n<div class=\"x_layoutArea\">\n<div class=\"x_column\">\n<p><strong>Quand<\/strong><br><u>Application :<\/u>&nbsp;toute l'ann\u00e9e via le site web ou via la direction de la piscine<\/p>\n<p><u>Coup d'envoi<\/u><u>:<\/u>&nbsp;Mardi soir 12 juillet 2022 de 18 h 30 \u00e0 20 h 30<\/p>\n<p><u>R\u00e9unions :<\/u>&nbsp;tous les mardis soirs : du 12 juillet 2022 au 16 ao\u00fbt 2022, de 18 h 45 \u00e0 20 h 30<\/p>\n<p><u>Fermeture :<\/u>&nbsp;Lors de la derni\u00e8re soir\u00e9e de formation, les parents ont \u00e9t\u00e9 invit\u00e9s \u00e0 participer aux activit\u00e9s avec des collations et des boissons de liaison.<b><\/b><\/p>\n<div><b>Co\u00fbt<\/b><\/div>\n<div>\n<ul>\n<li>Membre Noordwijkse Reddingsbrigade = \u20ac25.00<\/li>\n<li>Pas (encore) membre de Noordwijkse reddingsbrigade = \u20ac25.00 + \u20ac25.00 d'adh\u00e9sion<\/li>\n<\/ul>\n<\/div>\n<\/div>\n<\/div><\/div><\/div><\/div><\/div><\/div><\/div><\/div><\/div><div class=\"vce-row-container\" data-vce-boxed-width=\"true\"><div class=\"vce-row vce-row--col-gap-30 vce-row-equal-height vce-row-content--top\" id=\"el-205dbf56\" data-vce-do-apply=\"all el-205dbf56\"><div class=\"vce-row-content\" data-vce-element-content=\"true\"><div class=\"vce-col vce-col--md-auto vce-col--xs-1 vce-col--xs-last vce-col--xs-first vce-col--sm-last vce-col--sm-first vce-col--md-last vce-col--lg-last vce-col--xl-last vce-col--md-first vce-col--lg-first vce-col--xl-first\" id=\"el-bfd946a2\"><div class=\"vce-col-inner\" data-vce-do-apply=\"border margin background  el-bfd946a2\"><div class=\"vce-col-content\" data-vce-element-content=\"true\" data-vce-do-apply=\"padding el-bfd946a2\"><div class=\"vce-button--style-basic-container vce-button--style-basic-container--align-left\"><span class=\"vce-button--style-basic-wrapper vce\" id=\"el-e3b91a55\" data-vce-do-apply=\"margin el-e3b91a55\"><a class=\"vce-button vce-button--style-basic vce-button--style-basic--border-square vce-button--style-basic--size-medium vce-button--style-basic--color-b-0-53-150--fff vce-button--style-basic--hover-color-b-255-87-0--fff\" href=\"https:\/\/www.reddingsbrigadenoordwijk.nl\/fr\/over-ons\/vrijwilliger-worden\/\" title=\"\" data-vce-do-apply=\"padding border background  el-e3b91a55\">Postulez pour la formation des jeunes sauveteurs<\/a><\/span><\/div><\/div><\/div><\/div><\/div><\/div><\/div><\/div><\/div><\/div>","protected":false},"excerpt":{"rendered":"<p>De Jonge Redders Jeugdorganisatie Strand &nbsp; Jaarlijks organiseert de Noordwijkse Reddingsbrigade de jeugdopleiding op het strand. De opleiding is in de zomerperiode als er geen zwemmend redden in het zwembad is. Je leer meer over de kust, de gevaren voor baders en zwemmers, het getij en toezicht houden aan het strand. Ook leer je hoe [&hellip;]<\/p>\n","protected":false},"author":1,"featured_media":11497,"parent":109,"menu_order":180,"comment_status":"closed","ping_status":"closed","template":"","meta":{"_acf_changed":false,"footnotes":""},"class_list":["post-113","page","type-page","status-publish","has-post-thumbnail","hentry"],"acf":[],"yoast_head":"<!-- This site is optimized with the Yoast SEO plugin v27.5 - https:\/\/yoast.com\/product\/yoast-seo-wordpress\/ -->\n<title>Jeugd strandopleiding - Reddingsbrigade Noordwijk<\/title>\n<meta name=\"robots\" content=\"index, follow, max-snippet:-1, max-image-preview:large, max-video-preview:-1\" \/>\n<link rel=\"canonical\" href=\"https:\/\/www.reddingsbrigadenoordwijk.nl\/fr\/lifeguards\/opleidingen\/jeugd-strandopleiding\/\" \/>\n<meta property=\"og:locale\" content=\"fr_FR\" \/>\n<meta property=\"og:type\" content=\"article\" \/>\n<meta property=\"og:title\" content=\"Jeugd strandopleiding - Reddingsbrigade Noordwijk\" \/>\n<meta property=\"og:description\" content=\"De Jonge Redders Jeugdorganisatie Strand &nbsp; Jaarlijks organiseert de Noordwijkse Reddingsbrigade de jeugdopleiding op het strand. De opleiding is in de zomerperiode als er geen zwemmend redden in het zwembad is. Je leer meer over de kust, de gevaren voor baders en zwemmers, het getij en toezicht houden aan het strand. Ook leer je hoe [&hellip;]\" \/>\n<meta property=\"og:url\" content=\"https:\/\/www.reddingsbrigadenoordwijk.nl\/fr\/lifeguards\/opleidingen\/jeugd-strandopleiding\/\" \/>\n<meta property=\"og:site_name\" content=\"Reddingsbrigade Noordwijk\" \/>\n<meta property=\"article:modified_time\" content=\"2022-09-27T09:21:24+00:00\" \/>\n<meta property=\"og:image\" content=\"https:\/\/www.reddingsbrigadenoordwijk.nl\/wp-content\/uploads\/2021\/10\/NRBDSC_0022-scaled.jpg\" \/>\n\t<meta property=\"og:image:width\" content=\"2560\" \/>\n\t<meta property=\"og:image:height\" content=\"1843\" \/>\n\t<meta property=\"og:image:type\" content=\"image\/jpeg\" \/>\n<meta name=\"twitter:card\" content=\"summary_large_image\" \/>\n<meta name=\"twitter:label1\" content=\"Dur\u00e9e de lecture estim\u00e9e\" \/>\n\t<meta name=\"twitter:data1\" content=\"1 minute\" \/>\n<script type=\"application\/ld+json\" class=\"yoast-schema-graph\">{\"@context\":\"https:\\\/\\\/schema.org\",\"@graph\":[{\"@type\":\"WebPage\",\"@id\":\"https:\\\/\\\/www.reddingsbrigadenoordwijk.nl\\\/lifeguards\\\/opleidingen\\\/jeugd-strandopleiding\\\/\",\"url\":\"https:\\\/\\\/www.reddingsbrigadenoordwijk.nl\\\/lifeguards\\\/opleidingen\\\/jeugd-strandopleiding\\\/\",\"name\":\"Jeugd strandopleiding - Reddingsbrigade Noordwijk\",\"isPartOf\":{\"@id\":\"https:\\\/\\\/www.reddingsbrigadenoordwijk.nl\\\/#website\"},\"primaryImageOfPage\":{\"@id\":\"https:\\\/\\\/www.reddingsbrigadenoordwijk.nl\\\/lifeguards\\\/opleidingen\\\/jeugd-strandopleiding\\\/#primaryimage\"},\"image\":{\"@id\":\"https:\\\/\\\/www.reddingsbrigadenoordwijk.nl\\\/lifeguards\\\/opleidingen\\\/jeugd-strandopleiding\\\/#primaryimage\"},\"thumbnailUrl\":\"https:\\\/\\\/www.reddingsbrigadenoordwijk.nl\\\/wp-content\\\/uploads\\\/2021\\\/10\\\/NRBDSC_0022-scaled.jpg\",\"datePublished\":\"2021-01-24T22:05:16+00:00\",\"dateModified\":\"2022-09-27T09:21:24+00:00\",\"breadcrumb\":{\"@id\":\"https:\\\/\\\/www.reddingsbrigadenoordwijk.nl\\\/lifeguards\\\/opleidingen\\\/jeugd-strandopleiding\\\/#breadcrumb\"},\"inLanguage\":\"fr-FR\",\"potentialAction\":[{\"@type\":\"ReadAction\",\"target\":[\"https:\\\/\\\/www.reddingsbrigadenoordwijk.nl\\\/lifeguards\\\/opleidingen\\\/jeugd-strandopleiding\\\/\"]}]},{\"@type\":\"ImageObject\",\"inLanguage\":\"fr-FR\",\"@id\":\"https:\\\/\\\/www.reddingsbrigadenoordwijk.nl\\\/lifeguards\\\/opleidingen\\\/jeugd-strandopleiding\\\/#primaryimage\",\"url\":\"https:\\\/\\\/www.reddingsbrigadenoordwijk.nl\\\/wp-content\\\/uploads\\\/2021\\\/10\\\/NRBDSC_0022-scaled.jpg\",\"contentUrl\":\"https:\\\/\\\/www.reddingsbrigadenoordwijk.nl\\\/wp-content\\\/uploads\\\/2021\\\/10\\\/NRBDSC_0022-scaled.jpg\",\"width\":2560,\"height\":1843},{\"@type\":\"BreadcrumbList\",\"@id\":\"https:\\\/\\\/www.reddingsbrigadenoordwijk.nl\\\/lifeguards\\\/opleidingen\\\/jeugd-strandopleiding\\\/#breadcrumb\",\"itemListElement\":[{\"@type\":\"ListItem\",\"position\":1,\"name\":\"Home\",\"item\":\"https:\\\/\\\/www.reddingsbrigadenoordwijk.nl\\\/\"},{\"@type\":\"ListItem\",\"position\":2,\"name\":\"Lifeguards\",\"item\":\"https:\\\/\\\/www.reddingsbrigadenoordwijk.nl\\\/lifeguards\\\/\"},{\"@type\":\"ListItem\",\"position\":3,\"name\":\"Opleidingen\",\"item\":\"https:\\\/\\\/www.reddingsbrigadenoordwijk.nl\\\/lifeguards\\\/opleidingen\\\/\"},{\"@type\":\"ListItem\",\"position\":4,\"name\":\"Jeugd strandopleiding\"}]},{\"@type\":\"WebSite\",\"@id\":\"https:\\\/\\\/www.reddingsbrigadenoordwijk.nl\\\/#website\",\"url\":\"https:\\\/\\\/www.reddingsbrigadenoordwijk.nl\\\/\",\"name\":\"Reddingsbrigade Noordwijk\",\"description\":\"NRB\",\"potentialAction\":[{\"@type\":\"SearchAction\",\"target\":{\"@type\":\"EntryPoint\",\"urlTemplate\":\"https:\\\/\\\/www.reddingsbrigadenoordwijk.nl\\\/?s={search_term_string}\"},\"query-input\":{\"@type\":\"PropertyValueSpecification\",\"valueRequired\":true,\"valueName\":\"search_term_string\"}}],\"inLanguage\":\"fr-FR\"}]}<\/script>\n<!-- \/ Yoast SEO plugin. -->","yoast_head_json":{"title":"Entra\u00eenement des jeunes sur la plage - Reddingsbrigade Noordwijk","robots":{"index":"index","follow":"follow","max-snippet":"max-snippet:-1","max-image-preview":"max-image-preview:large","max-video-preview":"max-video-preview:-1"},"canonical":"https:\/\/www.reddingsbrigadenoordwijk.nl\/fr\/lifeguards\/opleidingen\/jeugd-strandopleiding\/","og_locale":"fr_FR","og_type":"article","og_title":"Jeugd strandopleiding - Reddingsbrigade Noordwijk","og_description":"De Jonge Redders Jeugdorganisatie Strand &nbsp; Jaarlijks organiseert de Noordwijkse Reddingsbrigade de jeugdopleiding op het strand. De opleiding is in de zomerperiode als er geen zwemmend redden in het zwembad is. Je leer meer over de kust, de gevaren voor baders en zwemmers, het getij en toezicht houden aan het strand. Ook leer je hoe [&hellip;]","og_url":"https:\/\/www.reddingsbrigadenoordwijk.nl\/fr\/lifeguards\/opleidingen\/jeugd-strandopleiding\/","og_site_name":"Reddingsbrigade Noordwijk","article_modified_time":"2022-09-27T09:21:24+00:00","og_image":[{"width":2560,"height":1843,"url":"https:\/\/www.reddingsbrigadenoordwijk.nl\/wp-content\/uploads\/2021\/10\/NRBDSC_0022-scaled.jpg","type":"image\/jpeg"}],"twitter_card":"summary_large_image","twitter_misc":{"Dur\u00e9e de lecture estim\u00e9e":"1 minute"},"schema":{"@context":"https:\/\/schema.org","@graph":[{"@type":"WebPage","@id":"https:\/\/www.reddingsbrigadenoordwijk.nl\/lifeguards\/opleidingen\/jeugd-strandopleiding\/","url":"https:\/\/www.reddingsbrigadenoordwijk.nl\/lifeguards\/opleidingen\/jeugd-strandopleiding\/","name":"Entra\u00eenement des jeunes sur la plage - Reddingsbrigade Noordwijk","isPartOf":{"@id":"https:\/\/www.reddingsbrigadenoordwijk.nl\/#website"},"primaryImageOfPage":{"@id":"https:\/\/www.reddingsbrigadenoordwijk.nl\/lifeguards\/opleidingen\/jeugd-strandopleiding\/#primaryimage"},"image":{"@id":"https:\/\/www.reddingsbrigadenoordwijk.nl\/lifeguards\/opleidingen\/jeugd-strandopleiding\/#primaryimage"},"thumbnailUrl":"https:\/\/www.reddingsbrigadenoordwijk.nl\/wp-content\/uploads\/2021\/10\/NRBDSC_0022-scaled.jpg","datePublished":"2021-01-24T22:05:16+00:00","dateModified":"2022-09-27T09:21:24+00:00","breadcrumb":{"@id":"https:\/\/www.reddingsbrigadenoordwijk.nl\/lifeguards\/opleidingen\/jeugd-strandopleiding\/#breadcrumb"},"inLanguage":"fr-FR","potentialAction":[{"@type":"ReadAction","target":["https:\/\/www.reddingsbrigadenoordwijk.nl\/lifeguards\/opleidingen\/jeugd-strandopleiding\/"]}]},{"@type":"ImageObject","inLanguage":"fr-FR","@id":"https:\/\/www.reddingsbrigadenoordwijk.nl\/lifeguards\/opleidingen\/jeugd-strandopleiding\/#primaryimage","url":"https:\/\/www.reddingsbrigadenoordwijk.nl\/wp-content\/uploads\/2021\/10\/NRBDSC_0022-scaled.jpg","contentUrl":"https:\/\/www.reddingsbrigadenoordwijk.nl\/wp-content\/uploads\/2021\/10\/NRBDSC_0022-scaled.jpg","width":2560,"height":1843},{"@type":"BreadcrumbList","@id":"https:\/\/www.reddingsbrigadenoordwijk.nl\/lifeguards\/opleidingen\/jeugd-strandopleiding\/#breadcrumb","itemListElement":[{"@type":"ListItem","position":1,"name":"Home","item":"https:\/\/www.reddingsbrigadenoordwijk.nl\/"},{"@type":"ListItem","position":2,"name":"Lifeguards","item":"https:\/\/www.reddingsbrigadenoordwijk.nl\/lifeguards\/"},{"@type":"ListItem","position":3,"name":"Opleidingen","item":"https:\/\/www.reddingsbrigadenoordwijk.nl\/lifeguards\/opleidingen\/"},{"@type":"ListItem","position":4,"name":"Jeugd strandopleiding"}]},{"@type":"WebSite","@id":"https:\/\/www.reddingsbrigadenoordwijk.nl\/#website","url":"https:\/\/www.reddingsbrigadenoordwijk.nl\/","name":"\u00c9quipe de sauvetage de Noordwijk","description":"NRB","potentialAction":[{"@type":"SearchAction","target":{"@type":"EntryPoint","urlTemplate":"https:\/\/www.reddingsbrigadenoordwijk.nl\/?s={search_term_string}"},"query-input":{"@type":"PropertyValueSpecification","valueRequired":true,"valueName":"search_term_string"}}],"inLanguage":"fr-FR"}]}},"_links":{"self":[{"href":"https:\/\/www.reddingsbrigadenoordwijk.nl\/fr\/wp-json\/wp\/v2\/pages\/113","targetHints":{"allow":["GET"]}}],"collection":[{"href":"https:\/\/www.reddingsbrigadenoordwijk.nl\/fr\/wp-json\/wp\/v2\/pages"}],"about":[{"href":"https:\/\/www.reddingsbrigadenoordwijk.nl\/fr\/wp-json\/wp\/v2\/types\/page"}],"author":[{"embeddable":true,"href":"https:\/\/www.reddingsbrigadenoordwijk.nl\/fr\/wp-json\/wp\/v2\/users\/1"}],"replies":[{"embeddable":true,"href":"https:\/\/www.reddingsbrigadenoordwijk.nl\/fr\/wp-json\/wp\/v2\/comments?post=113"}],"version-history":[{"count":1,"href":"https:\/\/www.reddingsbrigadenoordwijk.nl\/fr\/wp-json\/wp\/v2\/pages\/113\/revisions"}],"predecessor-version":[{"id":11758,"href":"https:\/\/www.reddingsbrigadenoordwijk.nl\/fr\/wp-json\/wp\/v2\/pages\/113\/revisions\/11758"}],"up":[{"embeddable":true,"href":"https:\/\/www.reddingsbrigadenoordwijk.nl\/fr\/wp-json\/wp\/v2\/pages\/109"}],"wp:featuredmedia":[{"embeddable":true,"href":"https:\/\/www.reddingsbrigadenoordwijk.nl\/fr\/wp-json\/wp\/v2\/media\/11497"}],"wp:attachment":[{"href":"https:\/\/www.reddingsbrigadenoordwijk.nl\/fr\/wp-json\/wp\/v2\/media?parent=113"}],"curies":[{"name":"wp","href":"https:\/\/api.w.org\/{rel}","templated":true}]}}