{"id":109,"date":"2021-01-24T23:05:15","date_gmt":"2021-01-24T22:05:15","guid":{"rendered":"https:\/\/www.reddingsbrigadenoordwijk.nl\/lifeguards\/opleidingen\/"},"modified":"2021-10-31T11:58:19","modified_gmt":"2021-10-31T10:58:19","slug":"opleidingen","status":"publish","type":"page","link":"https:\/\/www.reddingsbrigadenoordwijk.nl\/fr\/sauveteurs\/formation\/","title":{"rendered":"Formation"},"content":{"rendered":"<div class=\"vce-section\"><div class=\"vce-section-inner vce-element--has-background\" data-vce-full-width=\"true\" id=\"el-283c5dee\" data-vce-dynamic-image-all=\"283c5dee\" data-vce-do-apply=\"all el-283c5dee\"><div class=\"vce-content-background-container\"><div class=\"vce-asset-background-simple-container vce-visible-all-only vce-asset-background-simple--style-cover vce-asset-background-simple--position-center-center\"><div class=\"vce-asset-background-simple\"><div class=\"vce-asset-background-simple-item lazyload\" style=\"background-image:inherit;\" data-bg-image=\"url(&#039;https:\/\/www.reddingsbrigadenoordwijk.nl\/wp-content\/uploads\/2021\/04\/ExamenLifeguard2015_SamanthaStauttener-31-scaled.jpg?vcv-dynamic-field=featured_image&amp;alt=&amp;caption=&amp;title=ExamenLifeguard2015_SamanthaStauttener+31&#039;)\"><\/div><\/div><\/div><div class=\"vce-asset-color-gradient-container vce-visible-all-only\" data-vce-do-apply=\"gradient el-283c5dee\"><\/div><\/div><div data-vce-element-content=\"true\"><div class=\"vce-row-container\" data-vce-boxed-width=\"true\"><div class=\"vce-row vce-element--has-background vce-row--col-gap-30 vce-row-equal-height vce-row-content--top\" vce-box-shadow=\"el-a05bf7c0\" id=\"el-a05bf7c0\" data-vce-do-apply=\"all el-a05bf7c0\"><div class=\"vce-content-background-container\"><\/div><div class=\"vce-row-content\" data-vce-element-content=\"true\"><div class=\"vce-col vce-col--md-auto vce-col--xs-1 vce-col--xs-last vce-col--xs-first vce-col--sm-last vce-col--sm-first vce-col--md-last vce-col--lg-last vce-col--xl-last vce-col--md-first vce-col--lg-first vce-col--xl-first\" id=\"el-838f70ff\"><div class=\"vce-col-inner\" data-vce-do-apply=\"border margin background  el-838f70ff\"><div class=\"vce-col-content\" data-vce-element-content=\"true\" data-vce-do-apply=\"padding el-838f70ff\"><div class=\"vce-text-block\"><div class=\"vce-text-block-wrapper vce\" id=\"el-bfd9bf9f\" data-vce-do-apply=\"all el-bfd9bf9f\"><h1>Formation<\/h1><\/div><\/div><div class=\"vce-text-block\"><div class=\"vce-text-block-wrapper vce\" id=\"el-6e219016\" data-vce-do-apply=\"all el-6e219016\"><p style=\"text-align: right;\"><span><span><a href=\"https:\/\/www.reddingsbrigadenoordwijk.nl\/fr\/\">Accueil<\/a><\/span><\/span><\/p><\/div><\/div><\/div><\/div><\/div><\/div><\/div><\/div><\/div><\/div><\/div><div class=\"vce-section\" data-vce-boxed-width=\"true\"><div class=\"vce-section-inner vce-element--has-background\" id=\"el-45c3066b\" data-vce-do-apply=\"all el-45c3066b\"><div class=\"vce-content-background-container\"><\/div><div data-vce-element-content=\"true\"><div class=\"vce-row-container\" data-vce-boxed-width=\"true\"><div class=\"vce-row vce-row--col-gap-30 vce-row-equal-height vce-row-content--top\" id=\"el-7a620b75\" data-vce-do-apply=\"all el-7a620b75\"><div class=\"vce-row-content\" data-vce-element-content=\"true\"><div class=\"vce-col vce-col--md-auto vce-col--xs-1 vce-col--xs-last vce-col--xs-first vce-col--sm-last vce-col--sm-first vce-col--md-last vce-col--lg-last vce-col--xl-last vce-col--md-first vce-col--lg-first vce-col--xl-first\" id=\"el-d31c53e9\"><div class=\"vce-col-inner\" data-vce-do-apply=\"border margin background  el-d31c53e9\"><div class=\"vce-col-content\" data-vce-element-content=\"true\" data-vce-do-apply=\"padding el-d31c53e9\"><div class=\"vce-text-block\"><div class=\"vce-text-block-wrapper vce\" id=\"el-d3cc8a81\" data-vce-do-apply=\"all el-d3cc8a81\"><p><strong>Pour l'assistance dans, sur et au bord de l'eau, Reddingsbrigade Noordwijk forme ses volontaires \u00e0 devenir des sauveteurs selon la ligne de formation de Reddingsbrigade Nederland. Des formations plus approfondies sont possibles gr\u00e2ce \u00e0 des sp\u00e9cialisations.<\/strong><\/p>\n<p>Ces cours sont ax\u00e9s sur les t\u00e2ches effectu\u00e9es par les sauveteurs de la Reddingsbrigade Noordwijk, notamment : l'information, l'intervention pr\u00e9coce, la surveillance, l'ex\u00e9cution de sauvetages et les premiers soins.&nbsp;<\/p>\n<p>Outre l'apprentissage de comp\u00e9tences pratiques (d'urgence), les cours de formation portent \u00e9galement sur des aspects tels que : la pr\u00e9paration, le suivi, la coop\u00e9ration, le leadership et la communication. L'acquisition de connaissances et l'\u00e9largissement des comp\u00e9tences vont de pair avec le d\u00e9veloppement des qualit\u00e9s personnelles requises pour le travail.<\/p>\n<p>Les dipl\u00f4mes de cette ligne de formation montrent que le titulaire r\u00e9pond aux exigences minimales de comp\u00e9tences pour les sauveteurs fix\u00e9es par le Reddingsbrigade Nederland. La brigade de sauvetage de Noordwijk fixe \u00e9galement des exigences suppl\u00e9mentaires, adapt\u00e9es aux conditions locales. Apr\u00e8s avoir obtenu une qualification, les ma\u00eetres nageurs doivent continuer \u00e0 d\u00e9velopper leur exp\u00e9rience en effectuant des heures de travail. Tous les ma\u00eetres nageurs sauveteurs qui ont obtenu une qualification doivent \u00e9galement maintenir leurs comp\u00e9tences \u00e0 jour en permanence et les d\u00e9montrer \u00e0 nouveau \u00e0 intervalles r\u00e9guliers. Un syst\u00e8me de licence a \u00e9t\u00e9 \u00e9labor\u00e9 \u00e0 cette fin.<\/p>\n<p>Pour un cadre de r\u00e9f\u00e9rence international, les cours de formation sont align\u00e9s sur les exigences de formation fix\u00e9es par la Commission europ\u00e9enne. <a href=\"https:\/\/www.ilsf.org\/\">F\u00e9d\u00e9ration Internationale de Sauvetage<\/a> (ILS) ont \u00e9t\u00e9 formul\u00e9es.<\/p><\/div><\/div><\/div><\/div><\/div><\/div><\/div><\/div><\/div><\/div><\/div>","protected":false},"excerpt":{"rendered":"<p>Voor hulpverlening in, op en langs het water leidt Reddingsbrigade Noordwijk haar vrijwilligers op aan de hand van de opleidingslijn van Reddingsbrigade Nederland tot lifeguard. Door middel van specialisaties is verdere verdieping mogelijk. De focus van deze opleidingen ligt op de taken die lifeguards van Reddingsbrigade Noordwijk uitvoeren, waaronder: voorlichten, vroegtijdig ingrijpen, toezicht houden, reddingen [&hellip;]<\/p>\n","protected":false},"author":1,"featured_media":11014,"parent":103,"menu_order":140,"comment_status":"closed","ping_status":"closed","template":"","meta":{"_acf_changed":false,"footnotes":""},"class_list":["post-109","page","type-page","status-publish","has-post-thumbnail","hentry"],"acf":[],"yoast_head":"<!-- This site is optimized with the Yoast SEO plugin v27.5 - https:\/\/yoast.com\/product\/yoast-seo-wordpress\/ -->\n<title>Opleidingen - Reddingsbrigade Noordwijk<\/title>\n<meta name=\"robots\" content=\"index, follow, max-snippet:-1, max-image-preview:large, max-video-preview:-1\" \/>\n<link rel=\"canonical\" href=\"https:\/\/www.reddingsbrigadenoordwijk.nl\/fr\/lifeguards\/opleidingen\/\" \/>\n<meta property=\"og:locale\" content=\"fr_FR\" \/>\n<meta property=\"og:type\" content=\"article\" \/>\n<meta property=\"og:title\" content=\"Opleidingen - Reddingsbrigade Noordwijk\" \/>\n<meta property=\"og:description\" content=\"Voor hulpverlening in, op en langs het water leidt Reddingsbrigade Noordwijk haar vrijwilligers op aan de hand van de opleidingslijn van Reddingsbrigade Nederland tot lifeguard. Door middel van specialisaties is verdere verdieping mogelijk. De focus van deze opleidingen ligt op de taken die lifeguards van Reddingsbrigade Noordwijk uitvoeren, waaronder: voorlichten, vroegtijdig ingrijpen, toezicht houden, reddingen [&hellip;]\" \/>\n<meta property=\"og:url\" content=\"https:\/\/www.reddingsbrigadenoordwijk.nl\/fr\/lifeguards\/opleidingen\/\" \/>\n<meta property=\"og:site_name\" content=\"Reddingsbrigade Noordwijk\" \/>\n<meta property=\"article:modified_time\" content=\"2021-10-31T10:58:19+00:00\" \/>\n<meta property=\"og:image\" content=\"https:\/\/www.reddingsbrigadenoordwijk.nl\/wp-content\/uploads\/2021\/04\/ExamenLifeguard2015_SamanthaStauttener-31-scaled.jpg\" \/>\n\t<meta property=\"og:image:width\" content=\"2560\" \/>\n\t<meta property=\"og:image:height\" content=\"1703\" \/>\n\t<meta property=\"og:image:type\" content=\"image\/jpeg\" \/>\n<meta name=\"twitter:card\" content=\"summary_large_image\" \/>\n<meta name=\"twitter:label1\" content=\"Dur\u00e9e de lecture estim\u00e9e\" \/>\n\t<meta name=\"twitter:data1\" content=\"1 minute\" \/>\n<script type=\"application\/ld+json\" class=\"yoast-schema-graph\">{\"@context\":\"https:\\\/\\\/schema.org\",\"@graph\":[{\"@type\":\"WebPage\",\"@id\":\"https:\\\/\\\/www.reddingsbrigadenoordwijk.nl\\\/lifeguards\\\/opleidingen\\\/\",\"url\":\"https:\\\/\\\/www.reddingsbrigadenoordwijk.nl\\\/lifeguards\\\/opleidingen\\\/\",\"name\":\"Opleidingen - Reddingsbrigade Noordwijk\",\"isPartOf\":{\"@id\":\"https:\\\/\\\/www.reddingsbrigadenoordwijk.nl\\\/#website\"},\"primaryImageOfPage\":{\"@id\":\"https:\\\/\\\/www.reddingsbrigadenoordwijk.nl\\\/lifeguards\\\/opleidingen\\\/#primaryimage\"},\"image\":{\"@id\":\"https:\\\/\\\/www.reddingsbrigadenoordwijk.nl\\\/lifeguards\\\/opleidingen\\\/#primaryimage\"},\"thumbnailUrl\":\"https:\\\/\\\/www.reddingsbrigadenoordwijk.nl\\\/wp-content\\\/uploads\\\/2021\\\/04\\\/ExamenLifeguard2015_SamanthaStauttener-31-scaled.jpg\",\"datePublished\":\"2021-01-24T22:05:15+00:00\",\"dateModified\":\"2021-10-31T10:58:19+00:00\",\"breadcrumb\":{\"@id\":\"https:\\\/\\\/www.reddingsbrigadenoordwijk.nl\\\/lifeguards\\\/opleidingen\\\/#breadcrumb\"},\"inLanguage\":\"fr-FR\",\"potentialAction\":[{\"@type\":\"ReadAction\",\"target\":[\"https:\\\/\\\/www.reddingsbrigadenoordwijk.nl\\\/lifeguards\\\/opleidingen\\\/\"]}]},{\"@type\":\"ImageObject\",\"inLanguage\":\"fr-FR\",\"@id\":\"https:\\\/\\\/www.reddingsbrigadenoordwijk.nl\\\/lifeguards\\\/opleidingen\\\/#primaryimage\",\"url\":\"https:\\\/\\\/www.reddingsbrigadenoordwijk.nl\\\/wp-content\\\/uploads\\\/2021\\\/04\\\/ExamenLifeguard2015_SamanthaStauttener-31-scaled.jpg\",\"contentUrl\":\"https:\\\/\\\/www.reddingsbrigadenoordwijk.nl\\\/wp-content\\\/uploads\\\/2021\\\/04\\\/ExamenLifeguard2015_SamanthaStauttener-31-scaled.jpg\",\"width\":2560,\"height\":1703},{\"@type\":\"BreadcrumbList\",\"@id\":\"https:\\\/\\\/www.reddingsbrigadenoordwijk.nl\\\/lifeguards\\\/opleidingen\\\/#breadcrumb\",\"itemListElement\":[{\"@type\":\"ListItem\",\"position\":1,\"name\":\"Home\",\"item\":\"https:\\\/\\\/www.reddingsbrigadenoordwijk.nl\\\/\"},{\"@type\":\"ListItem\",\"position\":2,\"name\":\"Lifeguards\",\"item\":\"https:\\\/\\\/www.reddingsbrigadenoordwijk.nl\\\/lifeguards\\\/\"},{\"@type\":\"ListItem\",\"position\":3,\"name\":\"Opleidingen\"}]},{\"@type\":\"WebSite\",\"@id\":\"https:\\\/\\\/www.reddingsbrigadenoordwijk.nl\\\/#website\",\"url\":\"https:\\\/\\\/www.reddingsbrigadenoordwijk.nl\\\/\",\"name\":\"Reddingsbrigade Noordwijk\",\"description\":\"NRB\",\"potentialAction\":[{\"@type\":\"SearchAction\",\"target\":{\"@type\":\"EntryPoint\",\"urlTemplate\":\"https:\\\/\\\/www.reddingsbrigadenoordwijk.nl\\\/?s={search_term_string}\"},\"query-input\":{\"@type\":\"PropertyValueSpecification\",\"valueRequired\":true,\"valueName\":\"search_term_string\"}}],\"inLanguage\":\"fr-FR\"}]}<\/script>\n<!-- \/ Yoast SEO plugin. -->","yoast_head_json":{"title":"Cours de formation - Reddingsbrigade Noordwijk","robots":{"index":"index","follow":"follow","max-snippet":"max-snippet:-1","max-image-preview":"max-image-preview:large","max-video-preview":"max-video-preview:-1"},"canonical":"https:\/\/www.reddingsbrigadenoordwijk.nl\/fr\/lifeguards\/opleidingen\/","og_locale":"fr_FR","og_type":"article","og_title":"Opleidingen - Reddingsbrigade Noordwijk","og_description":"Voor hulpverlening in, op en langs het water leidt Reddingsbrigade Noordwijk haar vrijwilligers op aan de hand van de opleidingslijn van Reddingsbrigade Nederland tot lifeguard. Door middel van specialisaties is verdere verdieping mogelijk. De focus van deze opleidingen ligt op de taken die lifeguards van Reddingsbrigade Noordwijk uitvoeren, waaronder: voorlichten, vroegtijdig ingrijpen, toezicht houden, reddingen [&hellip;]","og_url":"https:\/\/www.reddingsbrigadenoordwijk.nl\/fr\/lifeguards\/opleidingen\/","og_site_name":"Reddingsbrigade Noordwijk","article_modified_time":"2021-10-31T10:58:19+00:00","og_image":[{"width":2560,"height":1703,"url":"https:\/\/www.reddingsbrigadenoordwijk.nl\/wp-content\/uploads\/2021\/04\/ExamenLifeguard2015_SamanthaStauttener-31-scaled.jpg","type":"image\/jpeg"}],"twitter_card":"summary_large_image","twitter_misc":{"Dur\u00e9e de lecture estim\u00e9e":"1 minute"},"schema":{"@context":"https:\/\/schema.org","@graph":[{"@type":"WebPage","@id":"https:\/\/www.reddingsbrigadenoordwijk.nl\/lifeguards\/opleidingen\/","url":"https:\/\/www.reddingsbrigadenoordwijk.nl\/lifeguards\/opleidingen\/","name":"Cours de formation - Reddingsbrigade Noordwijk","isPartOf":{"@id":"https:\/\/www.reddingsbrigadenoordwijk.nl\/#website"},"primaryImageOfPage":{"@id":"https:\/\/www.reddingsbrigadenoordwijk.nl\/lifeguards\/opleidingen\/#primaryimage"},"image":{"@id":"https:\/\/www.reddingsbrigadenoordwijk.nl\/lifeguards\/opleidingen\/#primaryimage"},"thumbnailUrl":"https:\/\/www.reddingsbrigadenoordwijk.nl\/wp-content\/uploads\/2021\/04\/ExamenLifeguard2015_SamanthaStauttener-31-scaled.jpg","datePublished":"2021-01-24T22:05:15+00:00","dateModified":"2021-10-31T10:58:19+00:00","breadcrumb":{"@id":"https:\/\/www.reddingsbrigadenoordwijk.nl\/lifeguards\/opleidingen\/#breadcrumb"},"inLanguage":"fr-FR","potentialAction":[{"@type":"ReadAction","target":["https:\/\/www.reddingsbrigadenoordwijk.nl\/lifeguards\/opleidingen\/"]}]},{"@type":"ImageObject","inLanguage":"fr-FR","@id":"https:\/\/www.reddingsbrigadenoordwijk.nl\/lifeguards\/opleidingen\/#primaryimage","url":"https:\/\/www.reddingsbrigadenoordwijk.nl\/wp-content\/uploads\/2021\/04\/ExamenLifeguard2015_SamanthaStauttener-31-scaled.jpg","contentUrl":"https:\/\/www.reddingsbrigadenoordwijk.nl\/wp-content\/uploads\/2021\/04\/ExamenLifeguard2015_SamanthaStauttener-31-scaled.jpg","width":2560,"height":1703},{"@type":"BreadcrumbList","@id":"https:\/\/www.reddingsbrigadenoordwijk.nl\/lifeguards\/opleidingen\/#breadcrumb","itemListElement":[{"@type":"ListItem","position":1,"name":"Home","item":"https:\/\/www.reddingsbrigadenoordwijk.nl\/"},{"@type":"ListItem","position":2,"name":"Lifeguards","item":"https:\/\/www.reddingsbrigadenoordwijk.nl\/lifeguards\/"},{"@type":"ListItem","position":3,"name":"Opleidingen"}]},{"@type":"WebSite","@id":"https:\/\/www.reddingsbrigadenoordwijk.nl\/#website","url":"https:\/\/www.reddingsbrigadenoordwijk.nl\/","name":"\u00c9quipe de sauvetage de Noordwijk","description":"NRB","potentialAction":[{"@type":"SearchAction","target":{"@type":"EntryPoint","urlTemplate":"https:\/\/www.reddingsbrigadenoordwijk.nl\/?s={search_term_string}"},"query-input":{"@type":"PropertyValueSpecification","valueRequired":true,"valueName":"search_term_string"}}],"inLanguage":"fr-FR"}]}},"_links":{"self":[{"href":"https:\/\/www.reddingsbrigadenoordwijk.nl\/fr\/wp-json\/wp\/v2\/pages\/109","targetHints":{"allow":["GET"]}}],"collection":[{"href":"https:\/\/www.reddingsbrigadenoordwijk.nl\/fr\/wp-json\/wp\/v2\/pages"}],"about":[{"href":"https:\/\/www.reddingsbrigadenoordwijk.nl\/fr\/wp-json\/wp\/v2\/types\/page"}],"author":[{"embeddable":true,"href":"https:\/\/www.reddingsbrigadenoordwijk.nl\/fr\/wp-json\/wp\/v2\/users\/1"}],"replies":[{"embeddable":true,"href":"https:\/\/www.reddingsbrigadenoordwijk.nl\/fr\/wp-json\/wp\/v2\/comments?post=109"}],"version-history":[{"count":0,"href":"https:\/\/www.reddingsbrigadenoordwijk.nl\/fr\/wp-json\/wp\/v2\/pages\/109\/revisions"}],"up":[{"embeddable":true,"href":"https:\/\/www.reddingsbrigadenoordwijk.nl\/fr\/wp-json\/wp\/v2\/pages\/103"}],"wp:featuredmedia":[{"embeddable":true,"href":"https:\/\/www.reddingsbrigadenoordwijk.nl\/fr\/wp-json\/wp\/v2\/media\/11014"}],"wp:attachment":[{"href":"https:\/\/www.reddingsbrigadenoordwijk.nl\/fr\/wp-json\/wp\/v2\/media?parent=109"}],"curies":[{"name":"wp","href":"https:\/\/api.w.org\/{rel}","templated":true}]}}