{"id":106,"date":"2021-01-24T23:05:15","date_gmt":"2021-01-24T22:05:15","guid":{"rendered":"https:\/\/www.reddingsbrigadenoordwijk.nl\/lifeguards\/evenemententoezicht\/"},"modified":"2021-10-31T11:21:40","modified_gmt":"2021-10-31T10:21:40","slug":"evenemententoezicht","status":"publish","type":"page","link":"https:\/\/www.reddingsbrigadenoordwijk.nl\/fr\/sauveteurs\/surveillance-des-evenements\/","title":{"rendered":"Supervision et assistance lors des \u00e9v\u00e9nements"},"content":{"rendered":"<div class=\"vce-section\"><div class=\"vce-section-inner vce-element--has-background\" data-vce-full-width=\"true\" id=\"el-9275049e\" data-vce-dynamic-image-all=\"9275049e\" data-vce-do-apply=\"all el-9275049e\"><div class=\"vce-content-background-container\"><div class=\"vce-asset-background-simple-container vce-visible-all-only vce-asset-background-simple--style-cover vce-asset-background-simple--position-center-center\"><div class=\"vce-asset-background-simple\"><div class=\"vce-asset-background-simple-item lazyload\" style=\"background-image:inherit;\" data-bg-image=\"url(&#039;https:\/\/www.reddingsbrigadenoordwijk.nl\/wp-content\/uploads\/2021\/04\/20160916-04.jpg?vcv-dynamic-field=featured_image&amp;alt=&amp;caption=&amp;title=20160916-04&#039;)\"><\/div><\/div><\/div><div class=\"vce-asset-color-gradient-container vce-visible-all-only\" data-vce-do-apply=\"gradient el-9275049e\"><\/div><\/div><div data-vce-element-content=\"true\"><div class=\"vce-row-container\" data-vce-boxed-width=\"true\"><div class=\"vce-row vce-element--has-background vce-row--col-gap-30 vce-row-equal-height vce-row-content--top\" vce-box-shadow=\"el-e8d1f7df\" id=\"el-e8d1f7df\" data-vce-do-apply=\"all el-e8d1f7df\"><div class=\"vce-content-background-container\"><\/div><div class=\"vce-row-content\" data-vce-element-content=\"true\"><div class=\"vce-col vce-col--md-auto vce-col--xs-1 vce-col--xs-last vce-col--xs-first vce-col--sm-last vce-col--sm-first vce-col--md-last vce-col--lg-last vce-col--xl-last vce-col--md-first vce-col--lg-first vce-col--xl-first\" id=\"el-e201c66a\"><div class=\"vce-col-inner\" data-vce-do-apply=\"border margin background  el-e201c66a\"><div class=\"vce-col-content\" data-vce-element-content=\"true\" data-vce-do-apply=\"padding el-e201c66a\"><div class=\"vce-text-block\"><div class=\"vce-text-block-wrapper vce\" id=\"el-679c8bf1\" data-vce-do-apply=\"all el-679c8bf1\"><h1>Supervision et assistance lors des \u00e9v\u00e9nements<\/h1><\/div><\/div><div class=\"vce-text-block\"><div class=\"vce-text-block-wrapper vce\" id=\"el-7580883f\" data-vce-do-apply=\"all el-7580883f\"><p style=\"text-align: right;\"><span><span><a href=\"https:\/\/www.reddingsbrigadenoordwijk.nl\/fr\/\">Accueil<\/a><\/span><\/span><\/p><\/div><\/div><\/div><\/div><\/div><\/div><\/div><\/div><\/div><\/div><\/div><div class=\"vce-section\" data-vce-boxed-width=\"true\"><div class=\"vce-section-inner vce-element--has-background\" id=\"el-f5d71559\" data-vce-do-apply=\"all el-f5d71559\"><div class=\"vce-content-background-container\"><\/div><div data-vce-element-content=\"true\"><div class=\"vce-row-container\" data-vce-boxed-width=\"true\"><div class=\"vce-row vce-row--col-gap-30 vce-row-equal-height vce-row-content--top\" id=\"el-87bc3274\" data-vce-do-apply=\"all el-87bc3274\"><div class=\"vce-row-content\" data-vce-element-content=\"true\"><div class=\"vce-col vce-col--md-auto vce-col--xs-1 vce-col--xs-last vce-col--xs-first vce-col--sm-last vce-col--sm-first vce-col--md-last vce-col--lg-last vce-col--xl-last vce-col--md-first vce-col--lg-first vce-col--xl-first\" id=\"el-f487b89e\"><div class=\"vce-col-inner\" data-vce-do-apply=\"border margin background  el-f487b89e\"><div class=\"vce-col-content\" data-vce-element-content=\"true\" data-vce-do-apply=\"padding el-f487b89e\"><div class=\"vce-text-block\"><div class=\"vce-text-block-wrapper vce\" id=\"el-2eaf3cb9\" data-vce-do-apply=\"all el-2eaf3cb9\"><h2>S\u00fbr et responsable<\/h2><\/div><\/div><div class=\"vce-text-block\"><div class=\"vce-text-block-wrapper vce\" id=\"el-e25582f5\" data-vce-do-apply=\"all el-e25582f5\"><p>Les sauveteurs de la brigade de sauvetage de Noordwijk peuvent, sur demande, \u00eatre pr\u00e9sents en tant que surveillants lors d'\u00e9v\u00e9nements li\u00e9s \u00e0 la plage, \u00e0 la mer et \u00e0 la zone d'intervention de la NRB. La mani\u00e8re dont nous sommes d\u00e9ploy\u00e9s est d\u00e9termin\u00e9e en consultation avec l'organisateur de l'\u00e9v\u00e9nement, les autres organisations de services d'urgence et, si n\u00e9cessaire, les participants.<\/p><\/div><\/div><\/div><\/div><\/div><\/div><\/div><\/div><div class=\"vce-row-container\" data-vce-boxed-width=\"true\"><div class=\"vce-row vce-row--col-gap-30 vce-row-equal-height vce-row-content--top\" id=\"el-d169c4ef\" data-vce-do-apply=\"all el-d169c4ef\"><div class=\"vce-row-content\" data-vce-element-content=\"true\"><div class=\"vce-col vce-col--md-auto vce-col--xs-1 vce-col--xs-last vce-col--xs-first vce-col--sm-last vce-col--sm-first vce-col--md-first vce-col--lg-first vce-col--xl-first\" id=\"el-a9f01c68\"><div class=\"vce-col-inner\" data-vce-do-apply=\"border margin background  el-a9f01c68\"><div class=\"vce-col-content\" data-vce-element-content=\"true\" data-vce-do-apply=\"padding el-a9f01c68\"><div class=\"vce-text-block\"><div class=\"vce-text-block-wrapper vce\" id=\"el-39047458\" data-vce-do-apply=\"all el-39047458\"><p>Nos ma\u00eetres-nageurs sont sp\u00e9cialis\u00e9s dans la surveillance, l'assistance dans les zones humides et sur la plage et sont titulaires d'un dipl\u00f4me de secourisme, ce qui signifie qu'ils sont \u00e9galement capables d'apporter les premiers secours \u00e0 une victime. Le d\u00e9ploiement des sauveteurs peut \u00eatre compl\u00e9t\u00e9 par divers v\u00e9hicules, navires et \u00e9quipements de sauvetage.<\/p>\n<p>Voici quelques exemples d'\u00e9v\u00e9nements auxquels la brigade de sauvetage de Noordwijk participe : la f\u00eate du Nouvel An, l'arriv\u00e9e de Saint-Nicolas, les entra\u00eenements de natation, les comp\u00e9titions de sports nautiques et les \u00e9v\u00e9nements sur la plage, tels que le triathlon, les courses de VTT et les randonn\u00e9es p\u00e9destres. &nbsp;&nbsp;<\/p><\/div><\/div><\/div><\/div><\/div><div class=\"vce-col vce-col--md-auto vce-col--xs-1 vce-col--xs-last vce-col--xs-first vce-col--sm-last vce-col--sm-first vce-col--md-last vce-col--lg-last vce-col--xl-last\" id=\"el-b35a913a\"><div class=\"vce-col-inner\" data-vce-do-apply=\"border margin background  el-b35a913a\"><div class=\"vce-col-content\" data-vce-element-content=\"true\" data-vce-do-apply=\"padding el-b35a913a\"><div class=\"vce-single-image-container vce-single-image--align-left\"><div class=\"vce vce-single-image-wrapper\" id=\"el-55c07395\" data-vce-do-apply=\"all el-55c07395\"><figure><div class=\"vce-single-image-inner vce-single-image--absolute\" style=\"padding-bottom: 66.5039%; width: 1024px;\"><img decoding=\"async\" class=\"vce-single-image lazyload\"  width=\"1024\" height=\"681\"  data-src=\"https:\/\/www.reddingsbrigadenoordwijk.nl\/wp-content\/uploads\/2021\/04\/KBO2015-10-scaled.jpg\"  data-img-data-src=\"https:\/\/www.reddingsbrigadenoordwijk.nl\/wp-content\/uploads\/2021\/04\/KBO2015-10-scaled.jpg\" alt=\"\" title=\"KBO2015 10\" src=\"data:image\/svg+xml;base64,PHN2ZyB3aWR0aD0iMSIgaGVpZ2h0PSIxIiB4bWxucz0iaHR0cDovL3d3dy53My5vcmcvMjAwMC9zdmciPjwvc3ZnPg==\" style=\"--smush-placeholder-width: 1024px; --smush-placeholder-aspect-ratio: 1024\/681;\" \/><noscript>\n        <img decoding=\"async\" class=\"vce-single-image\" src=\"https:\/\/www.reddingsbrigadenoordwijk.nl\/wp-content\/uploads\/2021\/04\/KBO2015-10-scaled.jpg\" width=\"1024\" height=\"681\" alt=\"\" title=\"KBO2015 10\" \/>\n      <\/noscript><\/div><figcaption hidden=\"\"><\/figcaption><\/figure><\/div><\/div><\/div><\/div><\/div><\/div><\/div><\/div><\/div><\/div><\/div><div class=\"vce-row-container\" data-vce-boxed-width=\"true\"><div class=\"vce-row vce-row--col-gap-30 vce-row-equal-height vce-row-content--top\" id=\"el-203d0208\" data-vce-do-apply=\"all el-203d0208\"><div class=\"vce-row-content\" data-vce-element-content=\"true\"><div class=\"vce-col vce-col--md-auto vce-col--xs-1 vce-col--xs-last vce-col--xs-first vce-col--sm-last vce-col--sm-first vce-col--md-last vce-col--lg-last vce-col--xl-last vce-col--md-first vce-col--lg-first vce-col--xl-first\" id=\"el-5a500cdb\"><div class=\"vce-col-inner\" data-vce-do-apply=\"border margin background  el-5a500cdb\"><div class=\"vce-col-content\" data-vce-element-content=\"true\" data-vce-do-apply=\"padding el-5a500cdb\"><div class=\"vce-text-block\"><div class=\"vce-text-block-wrapper vce\" id=\"el-73597d8f\" data-vce-do-apply=\"all el-73597d8f\"><h3 style=\"margin-left: 0cm; text-indent: 0cm;\">Plans de s\u00e9curit\u00e9<\/h3>\n<p>Nous n'attachons pas notre nom \u00e0 n'importe quel \u00e9v\u00e9nement. L'objectif et le caract\u00e8re de l'\u00e9v\u00e9nement doivent correspondre \u00e0 la valeur fondamentale de notre association. Nous v\u00e9rifions donc \u00e0 l'avance les plans de s\u00e9curit\u00e9 et les autorisations pour l'\u00e9v\u00e9nement. Nous \u00e9tablissons toujours un sc\u00e9nario pour notre participation \u00e0 l'\u00e9v\u00e9nement et, si n\u00e9cessaire, nous participons \u00e0 l'\u00e9laboration des plans de s\u00e9curit\u00e9 pour l'\u00e9v\u00e9nement lui-m\u00eame.<\/p><\/div><\/div><\/div><\/div><\/div><\/div><\/div><\/div><div class=\"vce-row-container\" data-vce-boxed-width=\"true\"><div class=\"vce-row vce-row--col-gap-30 vce-row-equal-height vce-row-content--top\" id=\"el-ead9de0b\" data-vce-do-apply=\"all el-ead9de0b\"><div class=\"vce-row-content\" data-vce-element-content=\"true\"><div class=\"vce-col vce-col--md-auto vce-col--xs-1 vce-col--xs-last vce-col--xs-first vce-col--sm-last vce-col--sm-first vce-col--md-last vce-col--lg-last vce-col--xl-last vce-col--md-first vce-col--lg-first vce-col--xl-first\" id=\"el-ff5b0d60\"><div class=\"vce-col-inner\" data-vce-do-apply=\"border margin background  el-ff5b0d60\"><div class=\"vce-col-content\" data-vce-element-content=\"true\" data-vce-do-apply=\"padding el-ff5b0d60\"><div class=\"vce-text-block\"><div class=\"vce-text-block-wrapper vce\" id=\"el-2becef77\" data-vce-do-apply=\"all el-2becef77\"><h3>Demande de s\u00e9curit\u00e9<\/h3>\n<p>Vous organisez un \u00e9v\u00e9nement sur la plage, en mer ou dans les dunes de Noordwijk pour lequel une surveillance par des ma\u00eetres-nageurs sauveteurs est n\u00e9cessaire ou souhait\u00e9e ? Veuillez nous contacter pour plus d'informations sur les possibilit\u00e9s et les prix.<\/p><\/div><\/div><div class=\"vce-button--style-basic-container vce-button--style-basic-container--align-left\"><span class=\"vce-button--style-basic-wrapper vce\" id=\"el-c10c27de\" data-vce-do-apply=\"margin el-c10c27de\"><a class=\"vce-button--style-basic vce-button--style-basic--border-square vce-button--style-basic--size-medium vce-button--style-basic--color-b-0-53-150--fff vce-button--style-basic--hover-color-b-255-87-0--fff\" href=\"https:\/\/www.reddingsbrigadenoordwijk.nl\/fr\/lifeguards\/evenemententoezicht\/toezichtsaanvraag\/\" title=\"Demande de s\u00e9curit\u00e9 \" data-vce-do-apply=\"padding border background  el-c10c27de\">Demande d'informations<\/a><\/span><\/div><\/div><\/div><\/div><\/div><\/div><\/div>","protected":false},"excerpt":{"rendered":"<p>Veilig en verantwoordDe lifeguards van de Noordwijkse Reddingsbrigade kunnen op verzoek als toezichthouders aanwezig zijn bij evenementen die binding hebben met het strand, de zee en het werkgebied van de (NRB). Op welke manier wij worden ingezet wordt in samenspraak met de organisatie van het evenement, andere hulpverleningsorganisaties en zo nodig deelnemers bepaald.Onze lifeguards zijn [&hellip;]<\/p>\n","protected":false},"author":1,"featured_media":10988,"parent":103,"menu_order":110,"comment_status":"closed","ping_status":"closed","template":"","meta":{"_acf_changed":false,"footnotes":""},"class_list":["post-106","page","type-page","status-publish","has-post-thumbnail","hentry"],"acf":[],"yoast_head":"<!-- This site is optimized with the Yoast SEO plugin v27.5 - https:\/\/yoast.com\/product\/yoast-seo-wordpress\/ -->\n<title>Toezicht en hulpverlening bij evenementen - Reddingsbrigade Noordwijk<\/title>\n<meta name=\"robots\" content=\"index, follow, max-snippet:-1, max-image-preview:large, max-video-preview:-1\" \/>\n<link rel=\"canonical\" href=\"https:\/\/www.reddingsbrigadenoordwijk.nl\/fr\/lifeguards\/evenemententoezicht\/\" \/>\n<meta property=\"og:locale\" content=\"fr_FR\" \/>\n<meta property=\"og:type\" content=\"article\" \/>\n<meta property=\"og:title\" content=\"Toezicht en hulpverlening bij evenementen - Reddingsbrigade Noordwijk\" \/>\n<meta property=\"og:description\" content=\"Veilig en verantwoordDe lifeguards van de Noordwijkse Reddingsbrigade kunnen op verzoek als toezichthouders aanwezig zijn bij evenementen die binding hebben met het strand, de zee en het werkgebied van de (NRB). Op welke manier wij worden ingezet wordt in samenspraak met de organisatie van het evenement, andere hulpverleningsorganisaties en zo nodig deelnemers bepaald.Onze lifeguards zijn [&hellip;]\" \/>\n<meta property=\"og:url\" content=\"https:\/\/www.reddingsbrigadenoordwijk.nl\/fr\/lifeguards\/evenemententoezicht\/\" \/>\n<meta property=\"og:site_name\" content=\"Reddingsbrigade Noordwijk\" \/>\n<meta property=\"article:modified_time\" content=\"2021-10-31T10:21:40+00:00\" \/>\n<meta property=\"og:image\" content=\"https:\/\/www.reddingsbrigadenoordwijk.nl\/wp-content\/uploads\/2021\/04\/20160916-04.jpg\" \/>\n\t<meta property=\"og:image:width\" content=\"1100\" \/>\n\t<meta property=\"og:image:height\" content=\"763\" \/>\n\t<meta property=\"og:image:type\" content=\"image\/jpeg\" \/>\n<meta name=\"twitter:card\" content=\"summary_large_image\" \/>\n<meta name=\"twitter:label1\" content=\"Dur\u00e9e de lecture estim\u00e9e\" \/>\n\t<meta name=\"twitter:data1\" content=\"1 minute\" \/>\n<script type=\"application\/ld+json\" class=\"yoast-schema-graph\">{\"@context\":\"https:\\\/\\\/schema.org\",\"@graph\":[{\"@type\":\"WebPage\",\"@id\":\"https:\\\/\\\/www.reddingsbrigadenoordwijk.nl\\\/lifeguards\\\/evenemententoezicht\\\/\",\"url\":\"https:\\\/\\\/www.reddingsbrigadenoordwijk.nl\\\/lifeguards\\\/evenemententoezicht\\\/\",\"name\":\"Toezicht en hulpverlening bij evenementen - Reddingsbrigade Noordwijk\",\"isPartOf\":{\"@id\":\"https:\\\/\\\/www.reddingsbrigadenoordwijk.nl\\\/#website\"},\"primaryImageOfPage\":{\"@id\":\"https:\\\/\\\/www.reddingsbrigadenoordwijk.nl\\\/lifeguards\\\/evenemententoezicht\\\/#primaryimage\"},\"image\":{\"@id\":\"https:\\\/\\\/www.reddingsbrigadenoordwijk.nl\\\/lifeguards\\\/evenemententoezicht\\\/#primaryimage\"},\"thumbnailUrl\":\"https:\\\/\\\/www.reddingsbrigadenoordwijk.nl\\\/wp-content\\\/uploads\\\/2021\\\/04\\\/20160916-04.jpg\",\"datePublished\":\"2021-01-24T22:05:15+00:00\",\"dateModified\":\"2021-10-31T10:21:40+00:00\",\"breadcrumb\":{\"@id\":\"https:\\\/\\\/www.reddingsbrigadenoordwijk.nl\\\/lifeguards\\\/evenemententoezicht\\\/#breadcrumb\"},\"inLanguage\":\"fr-FR\",\"potentialAction\":[{\"@type\":\"ReadAction\",\"target\":[\"https:\\\/\\\/www.reddingsbrigadenoordwijk.nl\\\/lifeguards\\\/evenemententoezicht\\\/\"]}]},{\"@type\":\"ImageObject\",\"inLanguage\":\"fr-FR\",\"@id\":\"https:\\\/\\\/www.reddingsbrigadenoordwijk.nl\\\/lifeguards\\\/evenemententoezicht\\\/#primaryimage\",\"url\":\"https:\\\/\\\/www.reddingsbrigadenoordwijk.nl\\\/wp-content\\\/uploads\\\/2021\\\/04\\\/20160916-04.jpg\",\"contentUrl\":\"https:\\\/\\\/www.reddingsbrigadenoordwijk.nl\\\/wp-content\\\/uploads\\\/2021\\\/04\\\/20160916-04.jpg\",\"width\":1100,\"height\":763},{\"@type\":\"BreadcrumbList\",\"@id\":\"https:\\\/\\\/www.reddingsbrigadenoordwijk.nl\\\/lifeguards\\\/evenemententoezicht\\\/#breadcrumb\",\"itemListElement\":[{\"@type\":\"ListItem\",\"position\":1,\"name\":\"Home\",\"item\":\"https:\\\/\\\/www.reddingsbrigadenoordwijk.nl\\\/\"},{\"@type\":\"ListItem\",\"position\":2,\"name\":\"Lifeguards\",\"item\":\"https:\\\/\\\/www.reddingsbrigadenoordwijk.nl\\\/lifeguards\\\/\"},{\"@type\":\"ListItem\",\"position\":3,\"name\":\"Toezicht en hulpverlening bij evenementen\"}]},{\"@type\":\"WebSite\",\"@id\":\"https:\\\/\\\/www.reddingsbrigadenoordwijk.nl\\\/#website\",\"url\":\"https:\\\/\\\/www.reddingsbrigadenoordwijk.nl\\\/\",\"name\":\"Reddingsbrigade Noordwijk\",\"description\":\"NRB\",\"potentialAction\":[{\"@type\":\"SearchAction\",\"target\":{\"@type\":\"EntryPoint\",\"urlTemplate\":\"https:\\\/\\\/www.reddingsbrigadenoordwijk.nl\\\/?s={search_term_string}\"},\"query-input\":{\"@type\":\"PropertyValueSpecification\",\"valueRequired\":true,\"valueName\":\"search_term_string\"}}],\"inLanguage\":\"fr-FR\"}]}<\/script>\n<!-- \/ Yoast SEO plugin. -->","yoast_head_json":{"title":"Supervision et assistance lors d'\u00e9v\u00e9nements - Reddingsbrigade Noordwijk","robots":{"index":"index","follow":"follow","max-snippet":"max-snippet:-1","max-image-preview":"max-image-preview:large","max-video-preview":"max-video-preview:-1"},"canonical":"https:\/\/www.reddingsbrigadenoordwijk.nl\/fr\/lifeguards\/evenemententoezicht\/","og_locale":"fr_FR","og_type":"article","og_title":"Toezicht en hulpverlening bij evenementen - Reddingsbrigade Noordwijk","og_description":"Veilig en verantwoordDe lifeguards van de Noordwijkse Reddingsbrigade kunnen op verzoek als toezichthouders aanwezig zijn bij evenementen die binding hebben met het strand, de zee en het werkgebied van de (NRB). Op welke manier wij worden ingezet wordt in samenspraak met de organisatie van het evenement, andere hulpverleningsorganisaties en zo nodig deelnemers bepaald.Onze lifeguards zijn [&hellip;]","og_url":"https:\/\/www.reddingsbrigadenoordwijk.nl\/fr\/lifeguards\/evenemententoezicht\/","og_site_name":"Reddingsbrigade Noordwijk","article_modified_time":"2021-10-31T10:21:40+00:00","og_image":[{"width":1100,"height":763,"url":"https:\/\/www.reddingsbrigadenoordwijk.nl\/wp-content\/uploads\/2021\/04\/20160916-04.jpg","type":"image\/jpeg"}],"twitter_card":"summary_large_image","twitter_misc":{"Dur\u00e9e de lecture estim\u00e9e":"1 minute"},"schema":{"@context":"https:\/\/schema.org","@graph":[{"@type":"WebPage","@id":"https:\/\/www.reddingsbrigadenoordwijk.nl\/lifeguards\/evenemententoezicht\/","url":"https:\/\/www.reddingsbrigadenoordwijk.nl\/lifeguards\/evenemententoezicht\/","name":"Supervision et assistance lors d'\u00e9v\u00e9nements - Reddingsbrigade Noordwijk","isPartOf":{"@id":"https:\/\/www.reddingsbrigadenoordwijk.nl\/#website"},"primaryImageOfPage":{"@id":"https:\/\/www.reddingsbrigadenoordwijk.nl\/lifeguards\/evenemententoezicht\/#primaryimage"},"image":{"@id":"https:\/\/www.reddingsbrigadenoordwijk.nl\/lifeguards\/evenemententoezicht\/#primaryimage"},"thumbnailUrl":"https:\/\/www.reddingsbrigadenoordwijk.nl\/wp-content\/uploads\/2021\/04\/20160916-04.jpg","datePublished":"2021-01-24T22:05:15+00:00","dateModified":"2021-10-31T10:21:40+00:00","breadcrumb":{"@id":"https:\/\/www.reddingsbrigadenoordwijk.nl\/lifeguards\/evenemententoezicht\/#breadcrumb"},"inLanguage":"fr-FR","potentialAction":[{"@type":"ReadAction","target":["https:\/\/www.reddingsbrigadenoordwijk.nl\/lifeguards\/evenemententoezicht\/"]}]},{"@type":"ImageObject","inLanguage":"fr-FR","@id":"https:\/\/www.reddingsbrigadenoordwijk.nl\/lifeguards\/evenemententoezicht\/#primaryimage","url":"https:\/\/www.reddingsbrigadenoordwijk.nl\/wp-content\/uploads\/2021\/04\/20160916-04.jpg","contentUrl":"https:\/\/www.reddingsbrigadenoordwijk.nl\/wp-content\/uploads\/2021\/04\/20160916-04.jpg","width":1100,"height":763},{"@type":"BreadcrumbList","@id":"https:\/\/www.reddingsbrigadenoordwijk.nl\/lifeguards\/evenemententoezicht\/#breadcrumb","itemListElement":[{"@type":"ListItem","position":1,"name":"Home","item":"https:\/\/www.reddingsbrigadenoordwijk.nl\/"},{"@type":"ListItem","position":2,"name":"Lifeguards","item":"https:\/\/www.reddingsbrigadenoordwijk.nl\/lifeguards\/"},{"@type":"ListItem","position":3,"name":"Toezicht en hulpverlening bij evenementen"}]},{"@type":"WebSite","@id":"https:\/\/www.reddingsbrigadenoordwijk.nl\/#website","url":"https:\/\/www.reddingsbrigadenoordwijk.nl\/","name":"\u00c9quipe de sauvetage de Noordwijk","description":"NRB","potentialAction":[{"@type":"SearchAction","target":{"@type":"EntryPoint","urlTemplate":"https:\/\/www.reddingsbrigadenoordwijk.nl\/?s={search_term_string}"},"query-input":{"@type":"PropertyValueSpecification","valueRequired":true,"valueName":"search_term_string"}}],"inLanguage":"fr-FR"}]}},"_links":{"self":[{"href":"https:\/\/www.reddingsbrigadenoordwijk.nl\/fr\/wp-json\/wp\/v2\/pages\/106","targetHints":{"allow":["GET"]}}],"collection":[{"href":"https:\/\/www.reddingsbrigadenoordwijk.nl\/fr\/wp-json\/wp\/v2\/pages"}],"about":[{"href":"https:\/\/www.reddingsbrigadenoordwijk.nl\/fr\/wp-json\/wp\/v2\/types\/page"}],"author":[{"embeddable":true,"href":"https:\/\/www.reddingsbrigadenoordwijk.nl\/fr\/wp-json\/wp\/v2\/users\/1"}],"replies":[{"embeddable":true,"href":"https:\/\/www.reddingsbrigadenoordwijk.nl\/fr\/wp-json\/wp\/v2\/comments?post=106"}],"version-history":[{"count":0,"href":"https:\/\/www.reddingsbrigadenoordwijk.nl\/fr\/wp-json\/wp\/v2\/pages\/106\/revisions"}],"up":[{"embeddable":true,"href":"https:\/\/www.reddingsbrigadenoordwijk.nl\/fr\/wp-json\/wp\/v2\/pages\/103"}],"wp:featuredmedia":[{"embeddable":true,"href":"https:\/\/www.reddingsbrigadenoordwijk.nl\/fr\/wp-json\/wp\/v2\/media\/10988"}],"wp:attachment":[{"href":"https:\/\/www.reddingsbrigadenoordwijk.nl\/fr\/wp-json\/wp\/v2\/media?parent=106"}],"curies":[{"name":"wp","href":"https:\/\/api.w.org\/{rel}","templated":true}]}}