{"id":103,"date":"2021-01-24T23:05:15","date_gmt":"2021-01-24T22:05:15","guid":{"rendered":"https:\/\/www.reddingsbrigadenoordwijk.nl\/lifeguards\/"},"modified":"2022-03-11T16:00:32","modified_gmt":"2022-03-11T15:00:32","slug":"lifeguards","status":"publish","type":"page","link":"https:\/\/www.reddingsbrigadenoordwijk.nl\/fr\/sauveteurs\/","title":{"rendered":"Sauveteurs"},"content":{"rendered":"<div class=\"vce-section\"><div class=\"vce-section-inner\" data-vce-full-width=\"true\" id=\"el-c67653a7\" data-vce-do-apply=\"all el-c67653a7\"><div class=\"vce-content-background-container\"><div class=\"vce-asset-video-yt-container vce-visible-all-only\"><div class=\"vce-asset-video-yt-wrapper\"><div class=\"vce-asset-video-yt-background vce-asset-video-yt--state-landscape\" data-vce-assets-video-yt=\"wos0WKdWWmA\" data-vce-assets-video-replacer=\".vce-asset-video-yt-player\" data-vce-assets-video-orientation-class=\"vce-asset-video-yt--state-landscape\"><svg class=\"vce-asset-video-yt-sizer\" width=\"640\" height=\"360\" data-vce-assets-video-state=\"visible\"><\/svg><div class=\"vce-asset-video-yt-player\"><\/div><\/div><\/div><\/div><div class=\"vce-asset-color-gradient-container vce-visible-all-only\" data-vce-do-apply=\"gradient el-c67653a7\"><\/div><\/div><div data-vce-element-content=\"true\"><div class=\"vce-row-container\" data-vce-boxed-width=\"true\"><div class=\"vce-row vce-element--has-background vce-row--col-gap-30 vce-row-equal-height vce-row-content--top\" vce-box-shadow=\"el-45d37fa1\" id=\"el-45d37fa1\" data-vce-do-apply=\"all el-45d37fa1\"><div class=\"vce-content-background-container\"><\/div><div class=\"vce-row-content\" data-vce-element-content=\"true\"><div class=\"vce-col vce-col--md-auto vce-col--xs-1 vce-col--xs-last vce-col--xs-first vce-col--sm-last vce-col--sm-first vce-col--md-last vce-col--lg-last vce-col--xl-last vce-col--md-first vce-col--lg-first vce-col--xl-first\" id=\"el-46627e9f\"><div class=\"vce-col-inner\" data-vce-do-apply=\"border margin background  el-46627e9f\"><div class=\"vce-col-content\" data-vce-element-content=\"true\" data-vce-do-apply=\"padding el-46627e9f\"><div class=\"vce-text-block\"><div class=\"vce-text-block-wrapper vce\" id=\"el-d066d453\" data-vce-do-apply=\"all el-d066d453\"><h1>Sauveteurs<\/h1><\/div><\/div><div class=\"vce-text-block\"><div class=\"vce-text-block-wrapper vce\" id=\"el-f00197b7\" data-vce-do-apply=\"all el-f00197b7\"><p style=\"text-align: right;\"><span><span><a href=\"https:\/\/www.reddingsbrigadenoordwijk.nl\/fr\/\">Accueil<\/a><\/span><\/span><\/p><\/div><\/div><\/div><\/div><\/div><\/div><\/div><\/div><\/div><\/div><\/div><div class=\"vce-section\" data-vce-boxed-width=\"true\"><div class=\"vce-section-inner vce-element--has-background\" id=\"el-54fd97dd\" data-vce-do-apply=\"all el-54fd97dd\"><div class=\"vce-content-background-container\"><\/div><div data-vce-element-content=\"true\"><div class=\"vce-row-container\" data-vce-boxed-width=\"true\"><div class=\"vce-row vce-row--col-gap-30 vce-row-equal-height vce-row-content--top\" id=\"el-71cf9387\" data-vce-do-apply=\"all el-71cf9387\"><div class=\"vce-row-content\" data-vce-element-content=\"true\"><div class=\"vce-col vce-col--md-auto vce-col--xs-1 vce-col--xs-last vce-col--xs-first vce-col--sm-last vce-col--sm-first vce-col--md-last vce-col--lg-last vce-col--xl-last vce-col--md-first vce-col--lg-first vce-col--xl-first\" id=\"el-8354a28a\"><div class=\"vce-col-inner\" data-vce-do-apply=\"border margin background  el-8354a28a\"><div class=\"vce-col-content\" data-vce-element-content=\"true\" data-vce-do-apply=\"padding el-8354a28a\"><div class=\"vce-text-block\"><div class=\"vce-text-block-wrapper vce\" id=\"el-35fa8120\" data-vce-do-apply=\"all el-35fa8120\"><p><span style=\"font-weight: 400;\">Un ma\u00eetre-nageur est une personne qui a \u00e9t\u00e9 form\u00e9e pour aider les personnes qui se noient de mani\u00e8re professionnelle. Un ma\u00eetre-nageur est d\u00e9ploy\u00e9 par une \u00e9quipe de sauvetage pour surveiller et fournir une assistance dans, sur et au bord de l'eau. Ce ph\u00e9nom\u00e8ne se produit g\u00e9n\u00e9ralement sur la c\u00f4te, mais il peut \u00e9galement se produire dans les voies navigables int\u00e9rieures et dans les piscines. Vous pouvez \u00e9galement rencontrer des sauveteurs lors d'\u00e9v\u00e9nements li\u00e9s \u00e0 l'eau.&nbsp;<\/span><\/p>\n<h4><strong>Fonctions d'un ma\u00eetre-nageur :<\/strong><\/h4>\n<ul>\n<li aria-level=\"1\"><strong>L'\u00e9clairage : <\/strong>Servir de point de contact et fournir des informations aux utilisateurs et aux visiteurs du secteur des loisirs.<\/li>\n<li aria-level=\"1\"><strong>Supervision : <\/strong>Surveiller les clients de la plage, les baigneurs, les nageurs et les amateurs de sports (nautiques). Reconna\u00eetre les personnes qui pourraient avoir des probl\u00e8mes ou qui ont des probl\u00e8mes.<\/li>\n<\/ul>\n<ul>\n<li aria-level=\"1\"><strong>Intervention pr\u00e9coce :<\/strong> Agir de mani\u00e8re proactive pour pr\u00e9venir les incidents. Par exemple, en pla\u00e7ant des panneaux ou en hissant des drapeaux.<\/li>\n<\/ul>\n<ul>\n<li aria-level=\"1\"><strong>Fournir une assistance :<\/strong> Agir en cas d'accident (d'eau) et donner les premiers soins en cas d'incidents.<\/li>\n<\/ul>\n<ul>\n<li aria-level=\"1\"><strong>Rapport :<\/strong> Gardez une trace des activit\u00e9s et des incidents dans un rapport quotidien ; pour en tirer des enseignements et pour \u00e9tablir des rapports.<\/li>\n<\/ul>\n<p><span style=\"font-weight: 400;\">Pour mener \u00e0 bien ces t\u00e2ches de mani\u00e8re responsable, nos sauveteurs doivent avoir de bonnes connaissances locales. Ils doivent savoir o\u00f9 et quand cela est s\u00fbr et o\u00f9 et quand cela ne l'est pas. Un ma\u00eetre-nageur doit \u00eatre en bonne condition physique pour pouvoir utiliser les connaissances et les comp\u00e9tences dans la pratique. Un ma\u00eetre-nageur doit \u00eatre capable de manipuler l'\u00e9quipement de sauvetage pr\u00e9sent au poste de secours et s'entra\u00eener r\u00e9guli\u00e8rement avec cet \u00e9quipement. Un ma\u00eetre nageur sauveteur enti\u00e8rement form\u00e9 aura ma\u00eetris\u00e9 les techniques de sauvetage afin de pouvoir effectuer des sauvetages. Le choix de ceux qui sont utilis\u00e9s d\u00e9pend de la situation ; chaque sauvetage est diff\u00e9rent.<\/span><\/p><\/div><\/div><div class=\"vce-button--style-basic-container vce-button--style-basic-container--align-left\"><span class=\"vce-button--style-basic-wrapper vce\" id=\"el-19ce6e4d\" data-vce-do-apply=\"margin el-19ce6e4d\"><a class=\"vce-button vce-button--style-basic vce-button--style-basic--border-square vce-button--style-basic--size-medium vce-button--style-basic--color-b-0-53-150--fff vce-button--style-basic--hover-color-b-255-87-0--fff\" href=\"https:\/\/www.reddingsbrigadenoordwijk.nl\/fr\/over-ons\/vrijwilliger-worden\/\" title=\"Devenir ma\u00eetre-nageur ? Cliquez ici\" target=\"_blank\" data-vce-do-apply=\"padding border background  el-19ce6e4d\" rel=\"noopener\">Devenir ma\u00eetre-nageur ? Cliquez ici<\/a><\/span><\/div><\/div><\/div><\/div><\/div><\/div><\/div><\/div><\/div><\/div>","protected":false},"excerpt":{"rendered":"","protected":false},"author":1,"featured_media":0,"parent":0,"menu_order":80,"comment_status":"closed","ping_status":"closed","template":"","meta":{"_acf_changed":false,"footnotes":""},"class_list":["post-103","page","type-page","status-publish","hentry"],"acf":[],"yoast_head":"<!-- This site is optimized with the Yoast SEO plugin v27.5 - https:\/\/yoast.com\/product\/yoast-seo-wordpress\/ -->\n<title>Lifeguards - Reddingsbrigade Noordwijk<\/title>\n<meta name=\"robots\" content=\"index, follow, max-snippet:-1, max-image-preview:large, max-video-preview:-1\" \/>\n<link rel=\"canonical\" href=\"https:\/\/www.reddingsbrigadenoordwijk.nl\/fr\/lifeguards\/\" \/>\n<meta property=\"og:locale\" content=\"fr_FR\" \/>\n<meta property=\"og:type\" content=\"article\" \/>\n<meta property=\"og:title\" content=\"Lifeguards - Reddingsbrigade Noordwijk\" \/>\n<meta property=\"og:url\" content=\"https:\/\/www.reddingsbrigadenoordwijk.nl\/fr\/lifeguards\/\" \/>\n<meta property=\"og:site_name\" content=\"Reddingsbrigade Noordwijk\" \/>\n<meta property=\"article:modified_time\" content=\"2022-03-11T15:00:32+00:00\" \/>\n<meta name=\"twitter:card\" content=\"summary_large_image\" \/>\n<meta name=\"twitter:label1\" content=\"Dur\u00e9e de lecture estim\u00e9e\" \/>\n\t<meta name=\"twitter:data1\" content=\"1 minute\" \/>\n<script type=\"application\/ld+json\" class=\"yoast-schema-graph\">{\"@context\":\"https:\\\/\\\/schema.org\",\"@graph\":[{\"@type\":\"WebPage\",\"@id\":\"https:\\\/\\\/www.reddingsbrigadenoordwijk.nl\\\/lifeguards\\\/\",\"url\":\"https:\\\/\\\/www.reddingsbrigadenoordwijk.nl\\\/lifeguards\\\/\",\"name\":\"Lifeguards - Reddingsbrigade Noordwijk\",\"isPartOf\":{\"@id\":\"https:\\\/\\\/www.reddingsbrigadenoordwijk.nl\\\/#website\"},\"datePublished\":\"2021-01-24T22:05:15+00:00\",\"dateModified\":\"2022-03-11T15:00:32+00:00\",\"breadcrumb\":{\"@id\":\"https:\\\/\\\/www.reddingsbrigadenoordwijk.nl\\\/lifeguards\\\/#breadcrumb\"},\"inLanguage\":\"fr-FR\",\"potentialAction\":[{\"@type\":\"ReadAction\",\"target\":[\"https:\\\/\\\/www.reddingsbrigadenoordwijk.nl\\\/lifeguards\\\/\"]}]},{\"@type\":\"BreadcrumbList\",\"@id\":\"https:\\\/\\\/www.reddingsbrigadenoordwijk.nl\\\/lifeguards\\\/#breadcrumb\",\"itemListElement\":[{\"@type\":\"ListItem\",\"position\":1,\"name\":\"Home\",\"item\":\"https:\\\/\\\/www.reddingsbrigadenoordwijk.nl\\\/\"},{\"@type\":\"ListItem\",\"position\":2,\"name\":\"Lifeguards\"}]},{\"@type\":\"WebSite\",\"@id\":\"https:\\\/\\\/www.reddingsbrigadenoordwijk.nl\\\/#website\",\"url\":\"https:\\\/\\\/www.reddingsbrigadenoordwijk.nl\\\/\",\"name\":\"Reddingsbrigade Noordwijk\",\"description\":\"NRB\",\"potentialAction\":[{\"@type\":\"SearchAction\",\"target\":{\"@type\":\"EntryPoint\",\"urlTemplate\":\"https:\\\/\\\/www.reddingsbrigadenoordwijk.nl\\\/?s={search_term_string}\"},\"query-input\":{\"@type\":\"PropertyValueSpecification\",\"valueRequired\":true,\"valueName\":\"search_term_string\"}}],\"inLanguage\":\"fr-FR\"}]}<\/script>\n<!-- \/ Yoast SEO plugin. -->","yoast_head_json":{"title":"Sauveteurs - Reddingsbrigade Noordwijk","robots":{"index":"index","follow":"follow","max-snippet":"max-snippet:-1","max-image-preview":"max-image-preview:large","max-video-preview":"max-video-preview:-1"},"canonical":"https:\/\/www.reddingsbrigadenoordwijk.nl\/fr\/lifeguards\/","og_locale":"fr_FR","og_type":"article","og_title":"Lifeguards - Reddingsbrigade Noordwijk","og_url":"https:\/\/www.reddingsbrigadenoordwijk.nl\/fr\/lifeguards\/","og_site_name":"Reddingsbrigade Noordwijk","article_modified_time":"2022-03-11T15:00:32+00:00","twitter_card":"summary_large_image","twitter_misc":{"Dur\u00e9e de lecture estim\u00e9e":"1 minute"},"schema":{"@context":"https:\/\/schema.org","@graph":[{"@type":"WebPage","@id":"https:\/\/www.reddingsbrigadenoordwijk.nl\/lifeguards\/","url":"https:\/\/www.reddingsbrigadenoordwijk.nl\/lifeguards\/","name":"Sauveteurs - Reddingsbrigade Noordwijk","isPartOf":{"@id":"https:\/\/www.reddingsbrigadenoordwijk.nl\/#website"},"datePublished":"2021-01-24T22:05:15+00:00","dateModified":"2022-03-11T15:00:32+00:00","breadcrumb":{"@id":"https:\/\/www.reddingsbrigadenoordwijk.nl\/lifeguards\/#breadcrumb"},"inLanguage":"fr-FR","potentialAction":[{"@type":"ReadAction","target":["https:\/\/www.reddingsbrigadenoordwijk.nl\/lifeguards\/"]}]},{"@type":"BreadcrumbList","@id":"https:\/\/www.reddingsbrigadenoordwijk.nl\/lifeguards\/#breadcrumb","itemListElement":[{"@type":"ListItem","position":1,"name":"Home","item":"https:\/\/www.reddingsbrigadenoordwijk.nl\/"},{"@type":"ListItem","position":2,"name":"Lifeguards"}]},{"@type":"WebSite","@id":"https:\/\/www.reddingsbrigadenoordwijk.nl\/#website","url":"https:\/\/www.reddingsbrigadenoordwijk.nl\/","name":"\u00c9quipe de sauvetage de Noordwijk","description":"NRB","potentialAction":[{"@type":"SearchAction","target":{"@type":"EntryPoint","urlTemplate":"https:\/\/www.reddingsbrigadenoordwijk.nl\/?s={search_term_string}"},"query-input":{"@type":"PropertyValueSpecification","valueRequired":true,"valueName":"search_term_string"}}],"inLanguage":"fr-FR"}]}},"_links":{"self":[{"href":"https:\/\/www.reddingsbrigadenoordwijk.nl\/fr\/wp-json\/wp\/v2\/pages\/103","targetHints":{"allow":["GET"]}}],"collection":[{"href":"https:\/\/www.reddingsbrigadenoordwijk.nl\/fr\/wp-json\/wp\/v2\/pages"}],"about":[{"href":"https:\/\/www.reddingsbrigadenoordwijk.nl\/fr\/wp-json\/wp\/v2\/types\/page"}],"author":[{"embeddable":true,"href":"https:\/\/www.reddingsbrigadenoordwijk.nl\/fr\/wp-json\/wp\/v2\/users\/1"}],"replies":[{"embeddable":true,"href":"https:\/\/www.reddingsbrigadenoordwijk.nl\/fr\/wp-json\/wp\/v2\/comments?post=103"}],"version-history":[{"count":0,"href":"https:\/\/www.reddingsbrigadenoordwijk.nl\/fr\/wp-json\/wp\/v2\/pages\/103\/revisions"}],"wp:attachment":[{"href":"https:\/\/www.reddingsbrigadenoordwijk.nl\/fr\/wp-json\/wp\/v2\/media?parent=103"}],"curies":[{"name":"wp","href":"https:\/\/api.w.org\/{rel}","templated":true}]}}