{"id":9697,"date":"2021-03-13T16:47:09","date_gmt":"2021-03-13T15:47:09","guid":{"rendered":"https:\/\/www.reddingsbrigadenoordwijk.nl\/?page_id=9697"},"modified":"2021-09-12T10:27:16","modified_gmt":"2021-09-12T08:27:16","slug":"teken-en-rupsen","status":"publish","type":"page","link":"https:\/\/www.reddingsbrigadenoordwijk.nl\/de\/strand\/zecken-und-krabbeltiere\/","title":{"rendered":"Zecken und Raupen"},"content":{"rendered":"<div class=\"vce-section\"><div class=\"vce-section-inner vce-element--has-background\" data-vce-full-width=\"true\" id=\"el-708eed5d\" data-vce-dynamic-image-all=\"708eed5d\" data-vce-do-apply=\"all el-708eed5d\"><div class=\"vce-content-background-container\"><div class=\"vce-asset-background-simple-container vce-visible-all-only vce-asset-background-simple--style-cover vce-asset-background-simple--position-center-center\"><div class=\"vce-asset-background-simple\"><div class=\"vce-asset-background-simple-item lazyload\" style=\"background-image:inherit;\" data-bg-image=\"url(&#039;https:\/\/www.reddingsbrigadenoordwijk.nl\/wp-content\/uploads\/2021\/03\/Euproctis_chrysorrhoea-02_xndr.jpg?vcv-dynamic-field=featured_image&amp;alt=&amp;caption=&amp;title=Euproctis_chrysorrhoea-02_%28xndr%29&#039;)\"><\/div><\/div><\/div><div class=\"vce-asset-color-gradient-container vce-visible-all-only\" data-vce-do-apply=\"gradient el-708eed5d\"><\/div><\/div><div data-vce-element-content=\"true\"><div class=\"vce-row-container\" data-vce-boxed-width=\"true\"><div class=\"vce-row vce-element--has-background vce-row--col-gap-30 vce-row-equal-height vce-row-content--top\" vce-box-shadow=\"el-c0a29ee9\" id=\"el-c0a29ee9\" data-vce-do-apply=\"all el-c0a29ee9\"><div class=\"vce-content-background-container\"><\/div><div class=\"vce-row-content\" data-vce-element-content=\"true\"><div class=\"vce-col vce-col--md-auto vce-col--xs-1 vce-col--xs-last vce-col--xs-first vce-col--sm-last vce-col--sm-first vce-col--md-last vce-col--lg-last vce-col--xl-last vce-col--md-first vce-col--lg-first vce-col--xl-first\" id=\"el-0cde25f4\"><div class=\"vce-col-inner\" data-vce-do-apply=\"border margin background  el-0cde25f4\"><div class=\"vce-col-content\" data-vce-element-content=\"true\" data-vce-do-apply=\"padding el-0cde25f4\"><div class=\"vce-text-block\"><div class=\"vce-text-block-wrapper vce\" id=\"el-7c5a8f9a\" data-vce-do-apply=\"all el-7c5a8f9a\"><h1>Zecken und Raupen<\/h1><\/div><\/div><div class=\"vce-text-block\"><div class=\"vce-text-block-wrapper vce\" id=\"el-5b779218\" data-vce-do-apply=\"all el-5b779218\"><p style=\"text-align: right;\"><span><span><a href=\"https:\/\/www.reddingsbrigadenoordwijk.nl\/de\/\">Startseite<\/a><\/span><\/span><\/p><\/div><\/div><\/div><\/div><\/div><\/div><\/div><\/div><\/div><\/div><\/div><div class=\"vce-section\" data-vce-boxed-width=\"true\"><div class=\"vce-section-inner vce-element--has-background\" id=\"el-8d91ba7e\" data-vce-do-apply=\"all el-8d91ba7e\"><div class=\"vce-content-background-container\"><\/div><div data-vce-element-content=\"true\"><div class=\"vce-row-container\" data-vce-boxed-width=\"true\"><div class=\"vce-row vce-row--col-gap-30 vce-row-equal-height vce-row-content--top\" id=\"el-64dba39f\" data-vce-do-apply=\"all el-64dba39f\"><div class=\"vce-row-content\" data-vce-element-content=\"true\"><div class=\"vce-col vce-col--md-auto vce-col--xs-1 vce-col--xs-last vce-col--xs-first vce-col--sm-last vce-col--sm-first vce-col--md-last vce-col--lg-last vce-col--xl-last vce-col--md-first vce-col--lg-first vce-col--xl-first\" id=\"el-de29c856\"><div class=\"vce-col-inner\" data-vce-do-apply=\"border margin background  el-de29c856\"><div class=\"vce-col-content\" data-vce-element-content=\"true\" data-vce-do-apply=\"padding el-de29c856\"><\/div><\/div><\/div><\/div><\/div><\/div><div class=\"vce-row-container\" data-vce-boxed-width=\"true\"><div class=\"vce-row vce-row--col-gap-30 vce-row-equal-height vce-row-content--top\" id=\"el-5fd69b7b\" data-vce-do-apply=\"all el-5fd69b7b\"><div class=\"vce-row-content\" data-vce-element-content=\"true\"><div class=\"vce-col vce-col--md-auto vce-col--xs-1 vce-col--xs-last vce-col--xs-first vce-col--sm-last vce-col--sm-first vce-col--md-first vce-col--lg-first vce-col--xl-first\" id=\"el-8c393edb\"><div class=\"vce-col-inner\" data-vce-do-apply=\"border margin background  el-8c393edb\"><div class=\"vce-col-content\" data-vce-element-content=\"true\" data-vce-do-apply=\"padding el-8c393edb\"><div class=\"vce-text-block\"><div class=\"vce-text-block-wrapper vce\" id=\"el-d22bc90c\" data-vce-do-apply=\"all el-d22bc90c\"><h2>Schilder<\/h2>\r\n<p>Ein Zeckenbiss birgt das Risiko, sich mit Borreliose zu infizieren. Der Grund daf\u00fcr ist, dass die Zecke m\u00f6glicherweise ein Bakterium tr\u00e4gt, das die Krankheit verursachen kann.  Eine Zecke ist ein sehr kleines Insekt, etwa ein bis drei Millimeter gro\u00df, und daher leicht zu \u00fcbersehen. Zecken halten sich in B\u00fcschen, B\u00e4umen und Gr\u00e4sern auf. Vor allem im Fr\u00fchling und Sommer.<\/p>\r\n<p>Wenn eine Zecke jemanden gebissen hat, sieht sie wie ein schwarzer Punkt auf der Haut aus. Nach ein paar Tagen k\u00f6nnen Zecken schlie\u00dflich erbsengro\u00df werden (indem sie Blut saugen).&nbsp;<\/p><\/div><\/div><\/div><\/div><\/div><div class=\"vce-col vce-col--md-auto vce-col--xs-1 vce-col--xs-last vce-col--xs-first vce-col--sm-last vce-col--sm-first vce-col--md-last vce-col--lg-last vce-col--xl-last\" id=\"el-479caeab\"><div class=\"vce-col-inner\" data-vce-do-apply=\"border margin background  el-479caeab\"><div class=\"vce-col-content\" data-vce-element-content=\"true\" data-vce-do-apply=\"padding el-479caeab\"><div class=\"vce-single-image-container vce-single-image--align-left\"><div class=\"vce vce-single-image-wrapper\" id=\"el-ca8926ce\" data-vce-do-apply=\"all el-ca8926ce\"><figure><div class=\"vce-single-image-inner vce-single-image--absolute\" style=\"padding-bottom: 66.6016%; width: 1024px;\"><img decoding=\"async\" class=\"vce-single-image lazyload\"  width=\"1024\" height=\"682\"  data-src=\"https:\/\/www.reddingsbrigadenoordwijk.nl\/wp-content\/uploads\/2021\/03\/photo-1614703518285-27715d4d2475.jpg\"  data-img-data-src=\"https:\/\/www.reddingsbrigadenoordwijk.nl\/wp-content\/uploads\/2021\/03\/photo-1614703518285-27715d4d2475.jpg\" alt=\"\" title=\"photo-1614703518285-27715d4d2475\" src=\"data:image\/svg+xml;base64,PHN2ZyB3aWR0aD0iMSIgaGVpZ2h0PSIxIiB4bWxucz0iaHR0cDovL3d3dy53My5vcmcvMjAwMC9zdmciPjwvc3ZnPg==\" style=\"--smush-placeholder-width: 1024px; --smush-placeholder-aspect-ratio: 1024\/682;\" \/><noscript>\r\n        <img decoding=\"async\" class=\"vce-single-image\" src=\"https:\/\/www.reddingsbrigadenoordwijk.nl\/wp-content\/uploads\/2021\/03\/photo-1614703518285-27715d4d2475.jpg\" width=\"1024\" height=\"682\" alt=\"\" title=\"photo-1614703518285-27715d4d2475\" \/>\r\n      <\/noscript><\/div><figcaption hidden=\"\"><\/figcaption><\/figure><\/div><\/div><\/div><\/div><\/div><\/div><\/div><\/div><div class=\"vce-row-container\" data-vce-boxed-width=\"true\"><div class=\"vce-row vce-row--col-gap-30 vce-row-equal-height vce-row-content--top\" id=\"el-7bb5c876\" data-vce-do-apply=\"all el-7bb5c876\"><div class=\"vce-row-content\" data-vce-element-content=\"true\"><div class=\"vce-col vce-col--md-auto vce-col--xs-1 vce-col--xs-last vce-col--xs-first vce-col--sm-last vce-col--sm-first vce-col--md-last vce-col--lg-last vce-col--xl-last vce-col--md-first vce-col--lg-first vce-col--xl-first\" id=\"el-d0745810\"><div class=\"vce-col-inner\" data-vce-do-apply=\"border margin background  el-d0745810\"><div class=\"vce-col-content\" data-vce-element-content=\"true\" data-vce-do-apply=\"padding el-d0745810\"><div class=\"vce vce-semi-filled-message-box vce-semi-filled-message-box-border--rounded vce-semi-filled-message-box-style--custom vce-semi-filled-message-box-background--b-255-87-0\" id=\"el-93627f9c\" data-vce-do-apply=\"margin padding border background  el-93627f9c\"><div class=\"vce-semi-filled-message-box-inner\"><span class=\"vce-semi-filled-message-box-icon vcv-ui-icon-material vcv-ui-icon-material-info vce-semi-filled-message-box-icon-color--fff\"><\/span><span class=\"vce-semi-filled-message-box-text\"><h3>Was ist bei einem Zeckenbiss zu tun?<\/h3>\r\n<p>Im Falle eines Zeckenstichs sollten Sie Folgendes tun:<\/p>\r\n<ul>\r\n<li>Entfernen Sie die Zecke so schnell wie m\u00f6glich;<\/li>\r\n<li>Wenn sie noch nicht gebissen hat, k\u00f6nnen Sie die Zecke auch mit Klebeband oder Pflaster entfernen;<\/li>\r\n<li>Wenn sie zubei\u00dft, greifen Sie die Zecke so nah wie m\u00f6glich an der Haut, aber quetschen Sie den K\u00f6rper der Zecke nicht;<\/li>\r\n<li>Wenn Sie eine Pinzette verwenden, ziehen Sie die Zecke mit einer ruhigen, geraden Bewegung von der Haut weg. Verwenden Sie vorzugsweise eine Pinzette mit einer feinen Spitze;<\/li>\r\n<li>Bei der Verwendung von Zeckenzangen oder Zeckenanh\u00e4ngern sind die Gebrauchsanweisungen zu beachten. Diese Anweisungen geben an, ob Sie die Zecke gerade oder gedreht aus der Haut ziehen sollen;<\/li>\r\n<li>Achten Sie darauf, dass keine Teile der Zecke in der Haut verbleiben: Dies kann zu Entz\u00fcndungen f\u00fchren;<\/li>\r\n<li>Notieren Sie die Stelle am K\u00f6rper und das Datum, an dem die Zecke zugestochen hat.<\/li>\r\n<li>Erst wenn die Zecke weg ist, desinfizieren Sie die Stelle mit einem Desinfektionsmittel.<\/li>\r\n<\/ul>\r\n<p>Quelle: Rotes Kreuz<\/p>\r\n<p>Wenn Sie am Strand sind, k\u00f6nnen Sie sich auch bei einer Rettungsstation melden, um die Zecke entfernen zu lassen.&nbsp;<\/p>\r\n<p>&nbsp;<\/p><\/span><\/div><\/div><\/div><\/div><\/div><\/div><\/div><\/div><div class=\"vce-row-container\" data-vce-boxed-width=\"true\"><div class=\"vce-row vce-row--col-gap-30 vce-row-equal-height vce-row-content--top\" id=\"el-4fc46fca\" data-vce-do-apply=\"all el-4fc46fca\"><div class=\"vce-row-content\" data-vce-element-content=\"true\"><div class=\"vce-col vce-col--md-auto vce-col--xs-1 vce-col--xs-last vce-col--xs-first vce-col--sm-last vce-col--sm-first vce-col--md-last vce-col--lg-last vce-col--xl-last vce-col--md-first vce-col--lg-first vce-col--xl-first\" id=\"el-f94623d2\"><div class=\"vce-col-inner\" data-vce-do-apply=\"border margin background  el-f94623d2\"><div class=\"vce-col-content\" data-vce-element-content=\"true\" data-vce-do-apply=\"padding el-f94623d2\"><div class=\"vce vce-semi-filled-message-box vce-semi-filled-message-box-border--rounded vce-semi-filled-message-box-style--custom vce-semi-filled-message-box-background--b-213-43-30\" id=\"el-b2a398e8\" data-vce-do-apply=\"margin padding border background  el-b2a398e8\"><div class=\"vce-semi-filled-message-box-inner\"><span class=\"vce-semi-filled-message-box-icon vcv-ui-icon-material vcv-ui-icon-material-info vce-semi-filled-message-box-icon-color--fff\"><\/span><span class=\"vce-semi-filled-message-box-text\"><p><strong>ACHTUNG!<\/strong> Verwenden Sie keinen Alkohol, kein Desinfektionsmittel oder andere Produkte, um die Zecke zu \"bet\u00e4uben\", und versuchen Sie auf keinen Fall, die Zecke mit einer brennenden Zigarette oder einem Streichholz zu entfernen.<\/p><\/span><\/div><\/div><\/div><\/div><\/div><\/div><\/div><\/div><div class=\"vce-row-container\" data-vce-boxed-width=\"true\"><div class=\"vce-row vce-row--col-gap-30 vce-row-equal-height vce-row-content--top\" id=\"el-61bbbe28\" data-vce-do-apply=\"all el-61bbbe28\"><div class=\"vce-row-content\" data-vce-element-content=\"true\"><div class=\"vce-col vce-col--md-auto vce-col--xs-1 vce-col--xs-last vce-col--xs-first vce-col--sm-last vce-col--sm-first vce-col--md-last vce-col--lg-last vce-col--xl-last vce-col--md-first vce-col--lg-first vce-col--xl-first\" id=\"el-48e5f369\"><div class=\"vce-col-inner\" data-vce-do-apply=\"border margin background  el-48e5f369\"><div class=\"vce-col-content\" data-vce-element-content=\"true\" data-vce-do-apply=\"padding el-48e5f369\"><div class=\"vce-text-block\"><div class=\"vce-text-block-wrapper vce\" id=\"el-64ab6ce6\" data-vce-do-apply=\"all el-64ab6ce6\"><h3>Wann wenden Sie sich an einen Allgemeinmediziner?<\/h3>\r\n<p>Wenn Sie die Zecke nicht entfernen k\u00f6nnen, wenden Sie sich an Ihren Arzt. Sie sollten sich auch an Ihren Arzt wenden, wenn Sie in den ersten Monaten einen Zeckenstich haben:<\/p>\r\n<ul>\r\n<li>ein roter Fleck auf der Haut erscheint, der immer gr\u00f6\u00dfer wird;<\/li>\r\n<li>Es entsteht ein grippe\u00e4hnliches Gef\u00fchl mit Fieber und Muskelschmerzen;<\/li>\r\n<li>Sie werden doppelt sehen oder ein schiefes Gesicht haben;<\/li>\r\n<li>Sie Schmerzen, Kraftverlust oder Kribbeln in den Gliedma\u00dfen haben;<\/li>\r\n<li>Gelenkprobleme.<\/li>\r\n<\/ul>\r\n<p>Vorbeugen ist nat\u00fcrlich besser als heilen. Wenn Zecken aktiv sind, sollten Sie gut vorbereitet in die Natur gehen.<\/p><\/div><\/div><div class=\"vce-empty-space-container\" id=\"el-07418b47\" data-vce-do-apply=\"margin el-07418b47\"><div class=\"vce vce-empty-space vce-empty-space--height-50px--400px--400px--400px--400px--400px\" data-vce-do-apply=\"border padding background  el-07418b47\"><\/div><\/div><\/div><\/div><\/div><\/div><\/div><\/div><div class=\"vce-row-container\" data-vce-boxed-width=\"true\"><div class=\"vce-row vce-row--col-gap-30 vce-row-equal-height vce-row-content--top\" id=\"el-0e8277e7\" data-vce-do-apply=\"all el-0e8277e7\"><div class=\"vce-row-content\" data-vce-element-content=\"true\"><div class=\"vce-col vce-col--md-auto vce-col--xs-1 vce-col--xs-last vce-col--xs-first vce-col--sm-last vce-col--sm-first vce-col--md-first vce-col--lg-first vce-col--xl-first\" id=\"el-2330fb84\"><div class=\"vce-col-inner\" data-vce-do-apply=\"border margin background  el-2330fb84\"><div class=\"vce-col-content\" data-vce-element-content=\"true\" data-vce-do-apply=\"padding el-2330fb84\"><div class=\"vce-text-block\"><div class=\"vce-text-block-wrapper vce\" id=\"el-9c63af8b\" data-vce-do-apply=\"all el-9c63af8b\"><h2>Bastard-Satin-Raupe<\/h2>\r\n<p>An unserer s\u00fcdholl\u00e4ndischen K\u00fcste sind wir seit Jahren mit der Bel\u00e4stigung der Menschen durch die Bastard-Satin-Raupen vertraut. Die Raupen der Bastard-Satiniermotte \u00fcberwintern beispielsweise in den Zweigen des Sanddorns und wandern im Sommer massenhaft an den Strand.&nbsp;<\/p>\r\n<p>Wenn Sie mit den Brennhaaren der Bastard-Satin-Raupe in Ber\u00fchrung kommen, kann es zu Symptomen wie Hautreizungen, Juckreiz, rotem Hautausschlag und Reizungen der Augen und Atemwege kommen.&nbsp;<\/p>\r\n<p>Was Sie tun k\u00f6nnen, ist nicht reiben und Streifen der Haut mit Band sofort nach der Exposition, dann gut absp\u00fclen mit lauwarmem Wasser. Nehmen Sie auch Ihre Augen mit. Am besten ist es, wenn Sie Ihre Kleidung sofort bei 60 Grad waschen.<\/p><\/div><\/div><\/div><\/div><\/div><div class=\"vce-col vce-col--md-auto vce-col--xs-1 vce-col--xs-last vce-col--xs-first vce-col--sm-last vce-col--sm-first vce-col--md-last vce-col--lg-last vce-col--xl-last\" id=\"el-53ee69ea\"><div class=\"vce-col-inner\" data-vce-do-apply=\"border margin background  el-53ee69ea\"><div class=\"vce-col-content\" data-vce-element-content=\"true\" data-vce-do-apply=\"padding el-53ee69ea\"><div class=\"vce-single-image-container vce-single-image--align-left\"><div class=\"vce vce-single-image-wrapper\" id=\"el-5e1b95bb\" data-vce-do-apply=\"all el-5e1b95bb\"><figure><div class=\"vce-single-image-inner vce-single-image--absolute\" style=\"padding-bottom: 66.6016%; width: 1024px;\"><img decoding=\"async\" class=\"vce-single-image lazyload\"  width=\"1024\" height=\"682\"  data-src=\"https:\/\/www.reddingsbrigadenoordwijk.nl\/wp-content\/uploads\/2021\/03\/Euproctis_chrysorrhoea-02_xndr.jpg\"  data-img-data-src=\"https:\/\/www.reddingsbrigadenoordwijk.nl\/wp-content\/uploads\/2021\/03\/Euproctis_chrysorrhoea-02_xndr.jpg\" alt=\"\" title=\"Euproctis_chrysorrhoea-02_(xndr)\" src=\"data:image\/svg+xml;base64,PHN2ZyB3aWR0aD0iMSIgaGVpZ2h0PSIxIiB4bWxucz0iaHR0cDovL3d3dy53My5vcmcvMjAwMC9zdmciPjwvc3ZnPg==\" style=\"--smush-placeholder-width: 1024px; --smush-placeholder-aspect-ratio: 1024\/682;\" \/><noscript>\r\n        <img decoding=\"async\" class=\"vce-single-image\" src=\"https:\/\/www.reddingsbrigadenoordwijk.nl\/wp-content\/uploads\/2021\/03\/Euproctis_chrysorrhoea-02_xndr.jpg\" width=\"1024\" height=\"682\" alt=\"\" title=\"Euproctis_chrysorrhoea-02_(xndr)\" \/>\r\n      <\/noscript><\/div><figcaption hidden=\"\"><\/figcaption><\/figure><\/div><\/div><\/div><\/div><\/div><\/div><\/div><\/div><\/div><\/div><\/div>","protected":false},"excerpt":{"rendered":"<p>Teken Een beet van een teek brengt het risico op de ziekte van Lyme met zich mee. Dit komt omdat de teek mogelijk een bacterie bij zich draagt die de ziekte kan veroorzaken.&nbsp;&nbsp;Een teek is een erg klein insect, ongeveer \u00e9\u00e9n tot drie millimeter, en daardoor gemakkelijk over het hoofd te zien. Teken komen voor [&hellip;]<\/p>\n","protected":false},"author":3,"featured_media":10413,"parent":131,"menu_order":0,"comment_status":"closed","ping_status":"closed","template":"","meta":{"_acf_changed":false,"footnotes":""},"class_list":["post-9697","page","type-page","status-publish","has-post-thumbnail","hentry"],"acf":[],"yoast_head":"<!-- This site is optimized with the Yoast SEO plugin v27.5 - https:\/\/yoast.com\/product\/yoast-seo-wordpress\/ -->\n<title>Teken en rupsen - Reddingsbrigade Noordwijk<\/title>\n<meta name=\"robots\" content=\"index, follow, max-snippet:-1, max-image-preview:large, max-video-preview:-1\" \/>\n<link rel=\"canonical\" href=\"https:\/\/www.reddingsbrigadenoordwijk.nl\/de\/strand\/zecken-und-krabbeltiere\/\" \/>\n<meta property=\"og:locale\" content=\"de_DE\" \/>\n<meta property=\"og:type\" content=\"article\" \/>\n<meta property=\"og:title\" content=\"Teken en rupsen - Reddingsbrigade Noordwijk\" \/>\n<meta property=\"og:description\" content=\"Teken Een beet van een teek brengt het risico op de ziekte van Lyme met zich mee. Dit komt omdat de teek mogelijk een bacterie bij zich draagt die de ziekte kan veroorzaken.&nbsp;&nbsp;Een teek is een erg klein insect, ongeveer \u00e9\u00e9n tot drie millimeter, en daardoor gemakkelijk over het hoofd te zien. Teken komen voor [&hellip;]\" \/>\n<meta property=\"og:url\" content=\"https:\/\/www.reddingsbrigadenoordwijk.nl\/de\/strand\/zecken-und-krabbeltiere\/\" \/>\n<meta property=\"og:site_name\" content=\"Reddingsbrigade Noordwijk\" \/>\n<meta property=\"article:modified_time\" content=\"2021-09-12T08:27:16+00:00\" \/>\n<meta property=\"og:image\" content=\"https:\/\/www.reddingsbrigadenoordwijk.nl\/wp-content\/uploads\/2021\/03\/Euproctis_chrysorrhoea-02_xndr.jpg\" \/>\n\t<meta property=\"og:image:width\" content=\"2347\" \/>\n\t<meta property=\"og:image:height\" content=\"1565\" \/>\n\t<meta property=\"og:image:type\" content=\"image\/jpeg\" \/>\n<meta name=\"twitter:card\" content=\"summary_large_image\" \/>\n<meta name=\"twitter:label1\" content=\"Gesch\u00e4tzte Lesezeit\" \/>\n\t<meta name=\"twitter:data1\" content=\"3\u00a0Minuten\" \/>\n<script type=\"application\/ld+json\" class=\"yoast-schema-graph\">{\"@context\":\"https:\\\/\\\/schema.org\",\"@graph\":[{\"@type\":\"WebPage\",\"@id\":\"https:\\\/\\\/www.reddingsbrigadenoordwijk.nl\\\/de\\\/strand\\\/zecken-und-krabbeltiere\\\/\",\"url\":\"https:\\\/\\\/www.reddingsbrigadenoordwijk.nl\\\/de\\\/strand\\\/zecken-und-krabbeltiere\\\/\",\"name\":\"Teken en rupsen - Reddingsbrigade Noordwijk\",\"isPartOf\":{\"@id\":\"https:\\\/\\\/www.reddingsbrigadenoordwijk.nl\\\/#website\"},\"primaryImageOfPage\":{\"@id\":\"https:\\\/\\\/www.reddingsbrigadenoordwijk.nl\\\/de\\\/strand\\\/zecken-und-krabbeltiere\\\/#primaryimage\"},\"image\":{\"@id\":\"https:\\\/\\\/www.reddingsbrigadenoordwijk.nl\\\/de\\\/strand\\\/zecken-und-krabbeltiere\\\/#primaryimage\"},\"thumbnailUrl\":\"https:\\\/\\\/www.reddingsbrigadenoordwijk.nl\\\/wp-content\\\/uploads\\\/2021\\\/03\\\/Euproctis_chrysorrhoea-02_xndr.jpg\",\"datePublished\":\"2021-03-13T15:47:09+00:00\",\"dateModified\":\"2021-09-12T08:27:16+00:00\",\"breadcrumb\":{\"@id\":\"https:\\\/\\\/www.reddingsbrigadenoordwijk.nl\\\/de\\\/strand\\\/zecken-und-krabbeltiere\\\/#breadcrumb\"},\"inLanguage\":\"de\",\"potentialAction\":[{\"@type\":\"ReadAction\",\"target\":[\"https:\\\/\\\/www.reddingsbrigadenoordwijk.nl\\\/de\\\/strand\\\/zecken-und-krabbeltiere\\\/\"]}]},{\"@type\":\"ImageObject\",\"inLanguage\":\"de\",\"@id\":\"https:\\\/\\\/www.reddingsbrigadenoordwijk.nl\\\/de\\\/strand\\\/zecken-und-krabbeltiere\\\/#primaryimage\",\"url\":\"https:\\\/\\\/www.reddingsbrigadenoordwijk.nl\\\/wp-content\\\/uploads\\\/2021\\\/03\\\/Euproctis_chrysorrhoea-02_xndr.jpg\",\"contentUrl\":\"https:\\\/\\\/www.reddingsbrigadenoordwijk.nl\\\/wp-content\\\/uploads\\\/2021\\\/03\\\/Euproctis_chrysorrhoea-02_xndr.jpg\",\"width\":2347,\"height\":1565},{\"@type\":\"BreadcrumbList\",\"@id\":\"https:\\\/\\\/www.reddingsbrigadenoordwijk.nl\\\/de\\\/strand\\\/zecken-und-krabbeltiere\\\/#breadcrumb\",\"itemListElement\":[{\"@type\":\"ListItem\",\"position\":1,\"name\":\"Home\",\"item\":\"https:\\\/\\\/www.reddingsbrigadenoordwijk.nl\\\/\"},{\"@type\":\"ListItem\",\"position\":2,\"name\":\"Strand\",\"item\":\"https:\\\/\\\/www.reddingsbrigadenoordwijk.nl\\\/de\\\/strand\\\/\"},{\"@type\":\"ListItem\",\"position\":3,\"name\":\"Teken en rupsen\"}]},{\"@type\":\"WebSite\",\"@id\":\"https:\\\/\\\/www.reddingsbrigadenoordwijk.nl\\\/#website\",\"url\":\"https:\\\/\\\/www.reddingsbrigadenoordwijk.nl\\\/\",\"name\":\"Reddingsbrigade Noordwijk\",\"description\":\"NRB\",\"potentialAction\":[{\"@type\":\"SearchAction\",\"target\":{\"@type\":\"EntryPoint\",\"urlTemplate\":\"https:\\\/\\\/www.reddingsbrigadenoordwijk.nl\\\/?s={search_term_string}\"},\"query-input\":{\"@type\":\"PropertyValueSpecification\",\"valueRequired\":true,\"valueName\":\"search_term_string\"}}],\"inLanguage\":\"de\"}]}<\/script>\n<!-- \/ Yoast SEO plugin. -->","yoast_head_json":{"title":"Zecken und Raupen - Reddingsbrigade Noordwijk","robots":{"index":"index","follow":"follow","max-snippet":"max-snippet:-1","max-image-preview":"max-image-preview:large","max-video-preview":"max-video-preview:-1"},"canonical":"https:\/\/www.reddingsbrigadenoordwijk.nl\/de\/strand\/zecken-und-krabbeltiere\/","og_locale":"de_DE","og_type":"article","og_title":"Teken en rupsen - Reddingsbrigade Noordwijk","og_description":"Teken Een beet van een teek brengt het risico op de ziekte van Lyme met zich mee. Dit komt omdat de teek mogelijk een bacterie bij zich draagt die de ziekte kan veroorzaken.&nbsp;&nbsp;Een teek is een erg klein insect, ongeveer \u00e9\u00e9n tot drie millimeter, en daardoor gemakkelijk over het hoofd te zien. Teken komen voor [&hellip;]","og_url":"https:\/\/www.reddingsbrigadenoordwijk.nl\/de\/strand\/zecken-und-krabbeltiere\/","og_site_name":"Reddingsbrigade Noordwijk","article_modified_time":"2021-09-12T08:27:16+00:00","og_image":[{"width":2347,"height":1565,"url":"https:\/\/www.reddingsbrigadenoordwijk.nl\/wp-content\/uploads\/2021\/03\/Euproctis_chrysorrhoea-02_xndr.jpg","type":"image\/jpeg"}],"twitter_card":"summary_large_image","twitter_misc":{"Gesch\u00e4tzte Lesezeit":"3\u00a0Minuten"},"schema":{"@context":"https:\/\/schema.org","@graph":[{"@type":"WebPage","@id":"https:\/\/www.reddingsbrigadenoordwijk.nl\/de\/strand\/zecken-und-krabbeltiere\/","url":"https:\/\/www.reddingsbrigadenoordwijk.nl\/de\/strand\/zecken-und-krabbeltiere\/","name":"Zecken und Raupen - Reddingsbrigade Noordwijk","isPartOf":{"@id":"https:\/\/www.reddingsbrigadenoordwijk.nl\/#website"},"primaryImageOfPage":{"@id":"https:\/\/www.reddingsbrigadenoordwijk.nl\/de\/strand\/zecken-und-krabbeltiere\/#primaryimage"},"image":{"@id":"https:\/\/www.reddingsbrigadenoordwijk.nl\/de\/strand\/zecken-und-krabbeltiere\/#primaryimage"},"thumbnailUrl":"https:\/\/www.reddingsbrigadenoordwijk.nl\/wp-content\/uploads\/2021\/03\/Euproctis_chrysorrhoea-02_xndr.jpg","datePublished":"2021-03-13T15:47:09+00:00","dateModified":"2021-09-12T08:27:16+00:00","breadcrumb":{"@id":"https:\/\/www.reddingsbrigadenoordwijk.nl\/de\/strand\/zecken-und-krabbeltiere\/#breadcrumb"},"inLanguage":"de","potentialAction":[{"@type":"ReadAction","target":["https:\/\/www.reddingsbrigadenoordwijk.nl\/de\/strand\/zecken-und-krabbeltiere\/"]}]},{"@type":"ImageObject","inLanguage":"de","@id":"https:\/\/www.reddingsbrigadenoordwijk.nl\/de\/strand\/zecken-und-krabbeltiere\/#primaryimage","url":"https:\/\/www.reddingsbrigadenoordwijk.nl\/wp-content\/uploads\/2021\/03\/Euproctis_chrysorrhoea-02_xndr.jpg","contentUrl":"https:\/\/www.reddingsbrigadenoordwijk.nl\/wp-content\/uploads\/2021\/03\/Euproctis_chrysorrhoea-02_xndr.jpg","width":2347,"height":1565},{"@type":"BreadcrumbList","@id":"https:\/\/www.reddingsbrigadenoordwijk.nl\/de\/strand\/zecken-und-krabbeltiere\/#breadcrumb","itemListElement":[{"@type":"ListItem","position":1,"name":"Home","item":"https:\/\/www.reddingsbrigadenoordwijk.nl\/"},{"@type":"ListItem","position":2,"name":"Strand","item":"https:\/\/www.reddingsbrigadenoordwijk.nl\/de\/strand\/"},{"@type":"ListItem","position":3,"name":"Teken en rupsen"}]},{"@type":"WebSite","@id":"https:\/\/www.reddingsbrigadenoordwijk.nl\/#website","url":"https:\/\/www.reddingsbrigadenoordwijk.nl\/","name":"Rettungsmannschaft Noordwijk","description":"NRB","potentialAction":[{"@type":"SearchAction","target":{"@type":"EntryPoint","urlTemplate":"https:\/\/www.reddingsbrigadenoordwijk.nl\/?s={search_term_string}"},"query-input":{"@type":"PropertyValueSpecification","valueRequired":true,"valueName":"search_term_string"}}],"inLanguage":"de"}]}},"_links":{"self":[{"href":"https:\/\/www.reddingsbrigadenoordwijk.nl\/de\/wp-json\/wp\/v2\/pages\/9697","targetHints":{"allow":["GET"]}}],"collection":[{"href":"https:\/\/www.reddingsbrigadenoordwijk.nl\/de\/wp-json\/wp\/v2\/pages"}],"about":[{"href":"https:\/\/www.reddingsbrigadenoordwijk.nl\/de\/wp-json\/wp\/v2\/types\/page"}],"author":[{"embeddable":true,"href":"https:\/\/www.reddingsbrigadenoordwijk.nl\/de\/wp-json\/wp\/v2\/users\/3"}],"replies":[{"embeddable":true,"href":"https:\/\/www.reddingsbrigadenoordwijk.nl\/de\/wp-json\/wp\/v2\/comments?post=9697"}],"version-history":[{"count":0,"href":"https:\/\/www.reddingsbrigadenoordwijk.nl\/de\/wp-json\/wp\/v2\/pages\/9697\/revisions"}],"up":[{"embeddable":true,"href":"https:\/\/www.reddingsbrigadenoordwijk.nl\/de\/wp-json\/wp\/v2\/pages\/131"}],"wp:featuredmedia":[{"embeddable":true,"href":"https:\/\/www.reddingsbrigadenoordwijk.nl\/de\/wp-json\/wp\/v2\/media\/10413"}],"wp:attachment":[{"href":"https:\/\/www.reddingsbrigadenoordwijk.nl\/de\/wp-json\/wp\/v2\/media?parent=9697"}],"curies":[{"name":"wp","href":"https:\/\/api.w.org\/{rel}","templated":true}]}}