{"id":146,"date":"2021-01-24T23:05:16","date_gmt":"2021-01-24T22:05:16","guid":{"rendered":"https:\/\/www.reddingsbrigadenoordwijk.nl\/over-ons\/organisatie\/"},"modified":"2022-03-05T22:06:41","modified_gmt":"2022-03-05T21:06:41","slug":"organisatie","status":"publish","type":"page","link":"https:\/\/www.reddingsbrigadenoordwijk.nl\/de\/uber-uns\/organisation\/","title":{"rendered":"Organisation"},"content":{"rendered":"<div class=\"vce-section\"><div class=\"vce-section-inner vce-element--has-background\" data-vce-full-width=\"true\" id=\"el-ed7a7320\" data-vce-dynamic-image-all=\"ed7a7320\" data-vce-do-apply=\"all el-ed7a7320\"><div class=\"vce-content-background-container\"><div class=\"vce-asset-background-simple-container vce-visible-all-only vce-asset-background-simple--style-cover vce-asset-background-simple--position-center-center\"><div class=\"vce-asset-background-simple\"><div class=\"vce-asset-background-simple-item lazyload\" style=\"background-image:inherit;\" data-bg-image=\"url(&#039;https:\/\/www.reddingsbrigadenoordwijk.nl\/wp-content\/uploads\/2021\/05\/HCO4187-scaled.jpg?vcv-dynamic-field=featured_image&amp;alt=&amp;caption=De+bus+naar+Wassenaar&amp;title=_HCO4187&#039;)\"><\/div><\/div><\/div><div class=\"vce-asset-color-gradient-container vce-visible-all-only\" data-vce-do-apply=\"gradient el-ed7a7320\"><\/div><\/div><div data-vce-element-content=\"true\"><div class=\"vce-row-container\" data-vce-boxed-width=\"true\"><div class=\"vce-row vce-element--has-background vce-row--col-gap-30 vce-row-equal-height vce-row-content--top\" vce-box-shadow=\"el-e2e2c6c9\" id=\"el-e2e2c6c9\" data-vce-do-apply=\"all el-e2e2c6c9\"><div class=\"vce-content-background-container\"><\/div><div class=\"vce-row-content\" data-vce-element-content=\"true\"><div class=\"vce-col vce-col--md-auto vce-col--xs-1 vce-col--xs-last vce-col--xs-first vce-col--sm-last vce-col--sm-first vce-col--md-last vce-col--lg-last vce-col--xl-last vce-col--md-first vce-col--lg-first vce-col--xl-first\" id=\"el-449e56c4\"><div class=\"vce-col-inner\" data-vce-do-apply=\"border margin background  el-449e56c4\"><div class=\"vce-col-content\" data-vce-element-content=\"true\" data-vce-do-apply=\"padding el-449e56c4\"><div class=\"vce-text-block\"><div class=\"vce-text-block-wrapper vce\" id=\"el-62f6ac30\" data-vce-do-apply=\"all el-62f6ac30\"><h1>Organisation<\/h1><\/div><\/div><div class=\"vce-text-block\"><div class=\"vce-text-block-wrapper vce\" id=\"el-865beb13\" data-vce-do-apply=\"all el-865beb13\"><p style=\"text-align: right;\"><span><span><a href=\"https:\/\/www.reddingsbrigadenoordwijk.nl\/de\/\">Startseite<\/a><\/span><\/span><\/p><\/div><\/div><\/div><\/div><\/div><\/div><\/div><\/div><\/div><\/div><\/div><div class=\"vce-section\" data-vce-boxed-width=\"true\"><div class=\"vce-section-inner vce-element--has-background\" id=\"el-895534ee\" data-vce-do-apply=\"all el-895534ee\"><div class=\"vce-content-background-container\"><\/div><div data-vce-element-content=\"true\"><div class=\"vce-row-container\" data-vce-boxed-width=\"true\"><div class=\"vce-row vce-row--col-gap-30 vce-row-equal-height vce-row-content--top\" id=\"el-0f1fa514\" data-vce-do-apply=\"all el-0f1fa514\"><div class=\"vce-row-content\" data-vce-element-content=\"true\"><div class=\"vce-col vce-col--md-auto vce-col--xs-1 vce-col--xs-last vce-col--xs-first vce-col--sm-last vce-col--sm-first vce-col--md-last vce-col--lg-last vce-col--xl-last vce-col--md-first vce-col--lg-first vce-col--xl-first\" id=\"el-e0cf9d07\"><div class=\"vce-col-inner\" data-vce-do-apply=\"border margin background  el-e0cf9d07\"><div class=\"vce-col-content\" data-vce-element-content=\"true\" data-vce-do-apply=\"padding el-e0cf9d07\"><div class=\"vce-text-block\"><div class=\"vce-text-block-wrapper vce\" id=\"el-485bb8b0\" data-vce-do-apply=\"all el-485bb8b0\"><h2>Wer wir sind\/was wir tun<\/h2>\n<p>Die Reddingsbrigade Noordwijk ist eine Vereinigung von und f\u00fcr Mitglieder. Am 9. M\u00e4rz 2021 wird die Vereinigung 100 Jahre alt. Seitdem tragen wir zu einer sicheren Erholung am Meer am und um den Strand von Noordwijk bei. Wir tun dies auf hohem, (semi-)professionellem Niveau, in Zusammenarbeit mit anderen (Notfall-)Organisationen.<\/p>\n<p>Die Rettungsbrigade Noordwijk arbeitet \"pr\u00e4ventiv\" und \"repressiv, korrigierend\" f\u00fcr die Sicherheit auf See. Zu den pr\u00e4ventiven Aufgaben geh\u00f6ren Ausbildung (einschlie\u00dflich Schwimmen, Rettungsschwimmen), \u00dcbungen, Information und Strand\u00fcberwachung (einschlie\u00dflich Patrouillen am Strand und im Meer). Die so genannten repressiven, korrektiven und korrigierenden Aufgaben reichen von der Hilfeleistung und Ersten Hilfe \u00fcber die Suche und Aufnahme von Findlingen und Vermissten bis zur Rettung auf See (Search and Rescue; SAR).<\/p><\/div><\/div><div class=\"vce-section\" data-vce-boxed-width=\"true\"><div class=\"vce-section-inner\" id=\"el-9a6b943f\" data-vce-do-apply=\"all el-9a6b943f\"><div data-vce-element-content=\"true\"><div class=\"vce-row-container\" data-vce-boxed-width=\"true\"><div class=\"vce-row vce-row--col-gap-30 vce-row-equal-height vce-row-content--top\" id=\"el-84d714a1\" data-vce-do-apply=\"all el-84d714a1\"><div class=\"vce-row-content\" data-vce-element-content=\"true\"><div class=\"vce-col vce-col--md-auto vce-col--xs-1 vce-col--xs-last vce-col--xs-first vce-col--sm-last vce-col--sm-first vce-col--md-first vce-col--lg-first vce-col--xl-first\" id=\"el-e0d991e0\"><div class=\"vce-col-inner\" data-vce-do-apply=\"border margin background  el-e0d991e0\"><div class=\"vce-col-content\" data-vce-element-content=\"true\" data-vce-do-apply=\"padding el-e0d991e0\"><div class=\"vce-text-block\"><div class=\"vce-text-block-wrapper vce\" id=\"el-1f2199bc\" data-vce-do-apply=\"all el-1f2199bc\"><h2>Vision<\/h2>\n<p>In Noordwijk k\u00f6nnen Sie sich das ganze Jahr \u00fcber sicher am Meer erholen. Die Einwohner von Noordwijk, insbesondere Kinder, k\u00f6nnen im Schwimmbad und im Meer schwimmen. Durch Informationen und Kurse lernen sie die Gefahren des Meeres kennen und wissen, wie sie sich auf einen Strandbesuch vorbereiten k\u00f6nnen.<\/p><\/div><\/div><\/div><\/div><\/div><div class=\"vce-col vce-col--md-auto vce-col--xs-1 vce-col--xs-last vce-col--xs-first vce-col--sm-last vce-col--sm-first\" id=\"el-31f34353\"><div class=\"vce-col-inner\" data-vce-do-apply=\"border margin background  el-31f34353\"><div class=\"vce-col-content\" data-vce-element-content=\"true\" data-vce-do-apply=\"padding el-31f34353\"><div class=\"vce-text-block\"><div class=\"vce-text-block-wrapper vce\" id=\"el-a78cef4b\" data-vce-do-apply=\"all el-a78cef4b\"><h2>Mission<\/h2>\n<p>Verh\u00fctung und Bek\u00e4mpfung des Ertrinkens (durch Ausbildung, Information und Erziehung, (Wasser-)Hilfe und Katastrophenhilfe)<\/p><\/div><\/div><\/div><\/div><\/div><div class=\"vce-col vce-col--md-auto vce-col--xs-1 vce-col--xs-last vce-col--xs-first vce-col--sm-last vce-col--sm-first vce-col--md-last vce-col--lg-last vce-col--xl-last\" id=\"el-4fcd7250\"><div class=\"vce-col-inner\" data-vce-do-apply=\"border margin background  el-4fcd7250\"><div class=\"vce-col-content\" data-vce-element-content=\"true\" data-vce-do-apply=\"padding el-4fcd7250\"><div class=\"vce-text-block\"><div class=\"vce-text-block-wrapper vce\" id=\"el-e451b2a0\" data-vce-do-apply=\"all el-e451b2a0\"><h2>Ehrgeiz <\/h2>\n<p>Die NRB steht f\u00fcr sichere Erholung am Meer. Eine Organisation, auf die man z\u00e4hlen kann, der man angeh\u00f6ren m\u00f6chte oder die man im weitesten Sinne des Wortes unterst\u00fctzen m\u00f6chte.<\/p><\/div><\/div><\/div><\/div><\/div><\/div><\/div><\/div><\/div><\/div><\/div><\/div><\/div><\/div><\/div><\/div><\/div><div class=\"vce-row-container\" data-vce-boxed-width=\"true\"><div class=\"vce-row vce-row--col-gap-30 vce-row-equal-height vce-row-content--top\" id=\"el-a11ab035\" data-vce-do-apply=\"all el-a11ab035\"><div class=\"vce-row-content\" data-vce-element-content=\"true\"><div class=\"vce-col vce-col--md-auto vce-col--xs-1 vce-col--xs-last vce-col--xs-first vce-col--sm-last vce-col--sm-first vce-col--md-last vce-col--lg-last vce-col--xl-last vce-col--md-first vce-col--lg-first vce-col--xl-first\" id=\"el-2e239f41\"><div class=\"vce-col-inner\" data-vce-do-apply=\"border margin background  el-2e239f41\"><div class=\"vce-col-content\" data-vce-element-content=\"true\" data-vce-do-apply=\"padding el-2e239f41\"><div class=\"vce-text-block\"><div class=\"vce-text-block-wrapper vce\" id=\"el-1d6113fe\" data-vce-do-apply=\"all el-1d6113fe\"><h2>100 Jahre Rettungsbrigade Noordwijk<\/h2>\n<p>Im vergangenen Jahrhundert hat sich die Reddingsbrigade Noordwijk ihren Platz in der Gesellschaft erarbeitet. Viele Mitglieder aus Noordwijk und Umgebung haben eine Ausbildung vom Schwimmer zum Rettungsschwimmer und dann zum Rettungsschwimmer am 13 km langen Strand unseres sch\u00f6nen Badeortes absolviert. Die Rettungsbrigade steht f\u00fcr Sicherheit auf dem Meer, am Strand und in den D\u00fcnen. Alle Freiwilligen waren und sind immer noch bereit, Menschen und Tiere in Not zu retten.&nbsp;<\/p>\n<h6>Lesen Sie<a href=\"https:\/\/www.reddingsbrigadenoordwijk.nl\/de\/archief\/met-vlag-en-wimpel-100-jaar-noordwijkse-reddingsbrigade\/\" target=\"_blank\" rel=\"noopener\">&nbsp;hier<\/a> mehr \u00fcber das 100-j\u00e4hrige Bestehen der Reddingsbrigade Noordwijk.&nbsp;<\/h6><\/div><\/div><div class=\"vce-text-block\"><div class=\"vce-text-block-wrapper vce\" id=\"el-e482d2fa\" data-vce-do-apply=\"all el-e482d2fa\"><h2>Geschichte<\/h2>\n<p>Die Reddingsbrigade Noordwijk wurde am Mittwoch, den 9. M\u00e4rz 1921, w\u00e4hrend einer Versammlung der Volksunion gegen Alkoholmissbrauch gegr\u00fcndet. Dem Gr\u00fcndungsausschuss geh\u00f6rten unter anderem Burgermeer van Panhuys und C. Hermanides an. Herr Meyerink von der K\u00f6niglichen Niederl\u00e4ndischen Vereinigung zur Rettung Ertrinkender hielt einen Vortrag. Das Thema war \"Rettung von Ertrinkenden\".<\/p>\n<p>Das Ziel war: \"<em>Ertrinkenden und Schiffbr\u00fcchigen zur Seite zu stehen und all jenen praktische Hilfe zu leisten, die sie aufgrund von Unf\u00e4llen ben\u00f6tigen<\/em>\".<\/p>\n<p>Um dieses Ziel zu erreichen, sollten \u00dcbungen im Schwimmen und in der Schwimmrettung sowie in der Ersten Hilfe durchgef\u00fchrt werden. Es sollten Demonstrationen, Kurse und Vortr\u00e4ge abgehalten werden, und es sollten Rettungsger\u00e4te zum Einsatz kommen. Zweiundzwanzig Personen (17 M\u00e4nner und 5 Frauen) haben sich sofort angemeldet.<\/p>\n<h6>Der Gr\u00fcndungsvorstand:<\/h6>\n<ul>\n<li>Vorsitzender. C. Hermanides (Arzt)<\/li>\n<li>Sekret\u00e4r G. Eskens (Schulmeister)<\/li>\n<li>Schatzmeister. C. den Hollander (Schreiner)<\/li>\n<li>Mitglied J. van Kan (Hufschmied)<\/li>\n<li>Mitglied J. v. Beelen (Beruf unbekannt)<\/li>\n<li>Ehrenvorsitzender: Jhr. W.C. van Panhuys<\/li>\n<\/ul>\n<p>Das Rettungsteam schloss sich sofort dem K\u00f6niglichen Niederl\u00e4ndischen Verein zur Rettung Ertrunkener an. Die Abonnementgeb\u00fchr wurde auf 2,50 fl festgesetzt.<\/p>\n<h4>Grund f\u00fcr die Gr\u00fcndung<\/h4>\n<p>Der Grund f\u00fcr seine Gr\u00fcndung wurde in:<\/p>\n<ul>\n<li>Die vielen Ertrinkungsunf\u00e4lle auf See in fr\u00fcheren Jahren, vor allem aber das Ertrinken der 15-j\u00e4hrigen Pfadfinderin Jessey Staverman am Samstag, dem 7. August 1920.<\/li>\n<li>Die Grundber\u00fchrung des Katwijker Schleppers KW 47 am 23. November 1919 und das Kentern des Rettungsbootes aufgrund der auflaufenden See, bei dem drei Retter (Leendert Hellenberg, Hendrik Vink und Jan Cramer) ertranken. Jan van Kan war der Kapit\u00e4n des zweiten Versuchs, der erfolgreich war.<\/li>\n<\/ul>\n<h6>Mann vs. Frau<\/h6>\n<p>Das Erlernen des Schwimmens und der Rettung von Schwimmern wurde mit Strandpatrouillen fortgesetzt.<br>Im Sommer 1921 betreiben nur die Herren des NRB Rettungsschwimmen, die Damen beginnen 1928.<\/p><\/div><\/div><\/div><\/div><\/div><\/div><\/div><\/div><\/div><\/div><\/div>","protected":false},"excerpt":{"rendered":"","protected":false},"author":1,"featured_media":11289,"parent":141,"menu_order":510,"comment_status":"closed","ping_status":"closed","template":"","meta":{"_acf_changed":false,"footnotes":""},"class_list":["post-146","page","type-page","status-publish","has-post-thumbnail","hentry"],"acf":[],"yoast_head":"<!-- This site is optimized with the Yoast SEO plugin v27.5 - https:\/\/yoast.com\/product\/yoast-seo-wordpress\/ -->\n<title>Organisatie - Reddingsbrigade Noordwijk<\/title>\n<meta name=\"robots\" content=\"index, follow, max-snippet:-1, max-image-preview:large, max-video-preview:-1\" \/>\n<link rel=\"canonical\" href=\"https:\/\/www.reddingsbrigadenoordwijk.nl\/de\/over-ons\/organisatie\/\" \/>\n<meta property=\"og:locale\" content=\"de_DE\" \/>\n<meta property=\"og:type\" content=\"article\" \/>\n<meta property=\"og:title\" content=\"Organisatie - Reddingsbrigade Noordwijk\" \/>\n<meta property=\"og:url\" content=\"https:\/\/www.reddingsbrigadenoordwijk.nl\/de\/over-ons\/organisatie\/\" \/>\n<meta property=\"og:site_name\" content=\"Reddingsbrigade Noordwijk\" \/>\n<meta property=\"article:modified_time\" content=\"2022-03-05T21:06:41+00:00\" \/>\n<meta property=\"og:image\" content=\"https:\/\/www.reddingsbrigadenoordwijk.nl\/wp-content\/uploads\/2021\/05\/HCO4187-scaled.jpg\" \/>\n\t<meta property=\"og:image:width\" content=\"2560\" \/>\n\t<meta property=\"og:image:height\" content=\"1978\" \/>\n\t<meta property=\"og:image:type\" content=\"image\/jpeg\" \/>\n<meta name=\"twitter:card\" content=\"summary_large_image\" \/>\n<meta name=\"twitter:label1\" content=\"Gesch\u00e4tzte Lesezeit\" \/>\n\t<meta name=\"twitter:data1\" content=\"3\u00a0Minuten\" \/>\n<script type=\"application\/ld+json\" class=\"yoast-schema-graph\">{\"@context\":\"https:\\\/\\\/schema.org\",\"@graph\":[{\"@type\":\"WebPage\",\"@id\":\"https:\\\/\\\/www.reddingsbrigadenoordwijk.nl\\\/over-ons\\\/organisatie\\\/\",\"url\":\"https:\\\/\\\/www.reddingsbrigadenoordwijk.nl\\\/over-ons\\\/organisatie\\\/\",\"name\":\"Organisatie - Reddingsbrigade Noordwijk\",\"isPartOf\":{\"@id\":\"https:\\\/\\\/www.reddingsbrigadenoordwijk.nl\\\/#website\"},\"primaryImageOfPage\":{\"@id\":\"https:\\\/\\\/www.reddingsbrigadenoordwijk.nl\\\/over-ons\\\/organisatie\\\/#primaryimage\"},\"image\":{\"@id\":\"https:\\\/\\\/www.reddingsbrigadenoordwijk.nl\\\/over-ons\\\/organisatie\\\/#primaryimage\"},\"thumbnailUrl\":\"https:\\\/\\\/www.reddingsbrigadenoordwijk.nl\\\/wp-content\\\/uploads\\\/2021\\\/05\\\/HCO4187-scaled.jpg\",\"datePublished\":\"2021-01-24T22:05:16+00:00\",\"dateModified\":\"2022-03-05T21:06:41+00:00\",\"breadcrumb\":{\"@id\":\"https:\\\/\\\/www.reddingsbrigadenoordwijk.nl\\\/over-ons\\\/organisatie\\\/#breadcrumb\"},\"inLanguage\":\"de\",\"potentialAction\":[{\"@type\":\"ReadAction\",\"target\":[\"https:\\\/\\\/www.reddingsbrigadenoordwijk.nl\\\/over-ons\\\/organisatie\\\/\"]}]},{\"@type\":\"ImageObject\",\"inLanguage\":\"de\",\"@id\":\"https:\\\/\\\/www.reddingsbrigadenoordwijk.nl\\\/over-ons\\\/organisatie\\\/#primaryimage\",\"url\":\"https:\\\/\\\/www.reddingsbrigadenoordwijk.nl\\\/wp-content\\\/uploads\\\/2021\\\/05\\\/HCO4187-scaled.jpg\",\"contentUrl\":\"https:\\\/\\\/www.reddingsbrigadenoordwijk.nl\\\/wp-content\\\/uploads\\\/2021\\\/05\\\/HCO4187-scaled.jpg\",\"width\":2560,\"height\":1978,\"caption\":\"De bus naar Wassenaar\"},{\"@type\":\"BreadcrumbList\",\"@id\":\"https:\\\/\\\/www.reddingsbrigadenoordwijk.nl\\\/over-ons\\\/organisatie\\\/#breadcrumb\",\"itemListElement\":[{\"@type\":\"ListItem\",\"position\":1,\"name\":\"Home\",\"item\":\"https:\\\/\\\/www.reddingsbrigadenoordwijk.nl\\\/\"},{\"@type\":\"ListItem\",\"position\":2,\"name\":\"Over ons\",\"item\":\"https:\\\/\\\/www.reddingsbrigadenoordwijk.nl\\\/over-ons\\\/\"},{\"@type\":\"ListItem\",\"position\":3,\"name\":\"Organisatie\"}]},{\"@type\":\"WebSite\",\"@id\":\"https:\\\/\\\/www.reddingsbrigadenoordwijk.nl\\\/#website\",\"url\":\"https:\\\/\\\/www.reddingsbrigadenoordwijk.nl\\\/\",\"name\":\"Reddingsbrigade Noordwijk\",\"description\":\"NRB\",\"potentialAction\":[{\"@type\":\"SearchAction\",\"target\":{\"@type\":\"EntryPoint\",\"urlTemplate\":\"https:\\\/\\\/www.reddingsbrigadenoordwijk.nl\\\/?s={search_term_string}\"},\"query-input\":{\"@type\":\"PropertyValueSpecification\",\"valueRequired\":true,\"valueName\":\"search_term_string\"}}],\"inLanguage\":\"de\"}]}<\/script>\n<!-- \/ Yoast SEO plugin. -->","yoast_head_json":{"title":"Organisation - Reddingsbrigade Noordwijk","robots":{"index":"index","follow":"follow","max-snippet":"max-snippet:-1","max-image-preview":"max-image-preview:large","max-video-preview":"max-video-preview:-1"},"canonical":"https:\/\/www.reddingsbrigadenoordwijk.nl\/de\/over-ons\/organisatie\/","og_locale":"de_DE","og_type":"article","og_title":"Organisatie - Reddingsbrigade Noordwijk","og_url":"https:\/\/www.reddingsbrigadenoordwijk.nl\/de\/over-ons\/organisatie\/","og_site_name":"Reddingsbrigade Noordwijk","article_modified_time":"2022-03-05T21:06:41+00:00","og_image":[{"width":2560,"height":1978,"url":"https:\/\/www.reddingsbrigadenoordwijk.nl\/wp-content\/uploads\/2021\/05\/HCO4187-scaled.jpg","type":"image\/jpeg"}],"twitter_card":"summary_large_image","twitter_misc":{"Gesch\u00e4tzte Lesezeit":"3\u00a0Minuten"},"schema":{"@context":"https:\/\/schema.org","@graph":[{"@type":"WebPage","@id":"https:\/\/www.reddingsbrigadenoordwijk.nl\/over-ons\/organisatie\/","url":"https:\/\/www.reddingsbrigadenoordwijk.nl\/over-ons\/organisatie\/","name":"Organisation - Reddingsbrigade Noordwijk","isPartOf":{"@id":"https:\/\/www.reddingsbrigadenoordwijk.nl\/#website"},"primaryImageOfPage":{"@id":"https:\/\/www.reddingsbrigadenoordwijk.nl\/over-ons\/organisatie\/#primaryimage"},"image":{"@id":"https:\/\/www.reddingsbrigadenoordwijk.nl\/over-ons\/organisatie\/#primaryimage"},"thumbnailUrl":"https:\/\/www.reddingsbrigadenoordwijk.nl\/wp-content\/uploads\/2021\/05\/HCO4187-scaled.jpg","datePublished":"2021-01-24T22:05:16+00:00","dateModified":"2022-03-05T21:06:41+00:00","breadcrumb":{"@id":"https:\/\/www.reddingsbrigadenoordwijk.nl\/over-ons\/organisatie\/#breadcrumb"},"inLanguage":"de","potentialAction":[{"@type":"ReadAction","target":["https:\/\/www.reddingsbrigadenoordwijk.nl\/over-ons\/organisatie\/"]}]},{"@type":"ImageObject","inLanguage":"de","@id":"https:\/\/www.reddingsbrigadenoordwijk.nl\/over-ons\/organisatie\/#primaryimage","url":"https:\/\/www.reddingsbrigadenoordwijk.nl\/wp-content\/uploads\/2021\/05\/HCO4187-scaled.jpg","contentUrl":"https:\/\/www.reddingsbrigadenoordwijk.nl\/wp-content\/uploads\/2021\/05\/HCO4187-scaled.jpg","width":2560,"height":1978,"caption":"De bus naar Wassenaar"},{"@type":"BreadcrumbList","@id":"https:\/\/www.reddingsbrigadenoordwijk.nl\/over-ons\/organisatie\/#breadcrumb","itemListElement":[{"@type":"ListItem","position":1,"name":"Home","item":"https:\/\/www.reddingsbrigadenoordwijk.nl\/"},{"@type":"ListItem","position":2,"name":"Over ons","item":"https:\/\/www.reddingsbrigadenoordwijk.nl\/over-ons\/"},{"@type":"ListItem","position":3,"name":"Organisatie"}]},{"@type":"WebSite","@id":"https:\/\/www.reddingsbrigadenoordwijk.nl\/#website","url":"https:\/\/www.reddingsbrigadenoordwijk.nl\/","name":"Rettungsmannschaft Noordwijk","description":"NRB","potentialAction":[{"@type":"SearchAction","target":{"@type":"EntryPoint","urlTemplate":"https:\/\/www.reddingsbrigadenoordwijk.nl\/?s={search_term_string}"},"query-input":{"@type":"PropertyValueSpecification","valueRequired":true,"valueName":"search_term_string"}}],"inLanguage":"de"}]}},"_links":{"self":[{"href":"https:\/\/www.reddingsbrigadenoordwijk.nl\/de\/wp-json\/wp\/v2\/pages\/146","targetHints":{"allow":["GET"]}}],"collection":[{"href":"https:\/\/www.reddingsbrigadenoordwijk.nl\/de\/wp-json\/wp\/v2\/pages"}],"about":[{"href":"https:\/\/www.reddingsbrigadenoordwijk.nl\/de\/wp-json\/wp\/v2\/types\/page"}],"author":[{"embeddable":true,"href":"https:\/\/www.reddingsbrigadenoordwijk.nl\/de\/wp-json\/wp\/v2\/users\/1"}],"replies":[{"embeddable":true,"href":"https:\/\/www.reddingsbrigadenoordwijk.nl\/de\/wp-json\/wp\/v2\/comments?post=146"}],"version-history":[{"count":0,"href":"https:\/\/www.reddingsbrigadenoordwijk.nl\/de\/wp-json\/wp\/v2\/pages\/146\/revisions"}],"up":[{"embeddable":true,"href":"https:\/\/www.reddingsbrigadenoordwijk.nl\/de\/wp-json\/wp\/v2\/pages\/141"}],"wp:featuredmedia":[{"embeddable":true,"href":"https:\/\/www.reddingsbrigadenoordwijk.nl\/de\/wp-json\/wp\/v2\/media\/11289"}],"wp:attachment":[{"href":"https:\/\/www.reddingsbrigadenoordwijk.nl\/de\/wp-json\/wp\/v2\/media?parent=146"}],"curies":[{"name":"wp","href":"https:\/\/api.w.org\/{rel}","templated":true}]}}