{"id":137,"date":"2021-01-24T23:05:16","date_gmt":"2021-01-24T22:05:16","guid":{"rendered":"https:\/\/www.reddingsbrigadenoordwijk.nl\/strand\/verdrinking\/"},"modified":"2021-03-27T14:07:01","modified_gmt":"2021-03-27T13:07:01","slug":"verdrinking","status":"publish","type":"page","link":"https:\/\/www.reddingsbrigadenoordwijk.nl\/de\/strand\/ertrinken\/","title":{"rendered":"Ertrinken"},"content":{"rendered":"<div class=\"vce-section\"><div class=\"vce-section-inner vce-element--has-background\" data-vce-full-width=\"true\" id=\"el-1c14f78a\" data-vce-dynamic-image-all=\"1c14f78a\" data-vce-do-apply=\"all el-1c14f78a\"><div class=\"vce-content-background-container\"><div class=\"vce-asset-background-simple-container vce-visible-all-only vce-asset-background-simple--style-cover vce-asset-background-simple--position-center-center\"><div class=\"vce-asset-background-simple\"><div class=\"vce-asset-background-simple-item lazyload\" style=\"background-image:inherit;\" data-bg-image=\"url(&#039;https:\/\/www.reddingsbrigadenoordwijk.nl\/wp-content\/uploads\/2021\/03\/photo-1589306284669-cacf4bdca4ce.jpg?vcv-dynamic-field=featured_image&amp;alt=&amp;caption=&amp;title=photo-1589306284669-cacf4bdca4ce&#039;)\"><\/div><\/div><\/div><\/div><div data-vce-element-content=\"true\"><div class=\"vce-row-container\" data-vce-boxed-width=\"true\"><div class=\"vce-row vce-element--has-background vce-row--col-gap-30 vce-row-equal-height vce-row-content--top\" vce-box-shadow=\"el-8390e33a\" id=\"el-8390e33a\" data-vce-do-apply=\"all el-8390e33a\"><div class=\"vce-content-background-container\"><\/div><div class=\"vce-row-content\" data-vce-element-content=\"true\"><div class=\"vce-col vce-col--md-auto vce-col--xs-1 vce-col--xs-last vce-col--xs-first vce-col--sm-last vce-col--sm-first vce-col--md-last vce-col--lg-last vce-col--xl-last vce-col--md-first vce-col--lg-first vce-col--xl-first\" id=\"el-8b1dd0f4\"><div class=\"vce-col-inner\" data-vce-do-apply=\"border margin background  el-8b1dd0f4\"><div class=\"vce-col-content\" data-vce-element-content=\"true\" data-vce-do-apply=\"padding el-8b1dd0f4\"><div class=\"vce-text-block\"><div class=\"vce-text-block-wrapper vce\" id=\"el-d90bd2d1\" data-vce-do-apply=\"all el-d90bd2d1\"><h1>Ertrinken<\/h1><\/div><\/div><div class=\"vce-text-block\"><div class=\"vce-text-block-wrapper vce\" id=\"el-1092653e\" data-vce-do-apply=\"all el-1092653e\"><p style=\"text-align: right;\"><span><span><a href=\"https:\/\/www.reddingsbrigadenoordwijk.nl\/de\/\">Startseite<\/a><\/span><\/span><\/p><\/div><\/div><\/div><\/div><\/div><\/div><\/div><\/div><\/div><\/div><\/div><div class=\"vce-section\" data-vce-boxed-width=\"true\"><div class=\"vce-section-inner vce-element--has-background\" id=\"el-c2904519\" data-vce-do-apply=\"all el-c2904519\"><div class=\"vce-content-background-container\"><\/div><div data-vce-element-content=\"true\"><div class=\"vce-row-container\" data-vce-boxed-width=\"true\"><div class=\"vce-row vce-row--col-gap-30 vce-row-equal-height vce-row-content--top\" id=\"el-05224c72\" data-vce-do-apply=\"all el-05224c72\"><div class=\"vce-row-content\" data-vce-element-content=\"true\"><div class=\"vce-col vce-col--md-auto vce-col--xs-1 vce-col--xs-last vce-col--xs-first vce-col--sm-last vce-col--sm-first vce-col--md-last vce-col--lg-last vce-col--xl-last vce-col--md-first vce-col--lg-first vce-col--xl-first\" id=\"el-ba1466b8\"><div class=\"vce-col-inner\" data-vce-do-apply=\"border margin background  el-ba1466b8\"><div class=\"vce-col-content\" data-vce-element-content=\"true\" data-vce-do-apply=\"padding el-ba1466b8\"><div class=\"vce vce-semi-filled-message-box vce-semi-filled-message-box-border--rounded vce-semi-filled-message-box-style--custom vce-semi-filled-message-box-background--b-213-43-30\" id=\"el-142d3c6a\" data-vce-do-apply=\"margin padding border background  el-142d3c6a\"><div class=\"vce-semi-filled-message-box-inner\"><span class=\"vce-semi-filled-message-box-icon vcv-ui-icon-material vcv-ui-icon-material-warning vce-semi-filled-message-box-icon-color--fff\"><\/span><span class=\"vce-semi-filled-message-box-text\"><p>Sehen Sie einen Schwimmer oder Badegast in Not? Dann rufen Sie immer 112!<\/p><\/span><\/div><\/div><div class=\"vce-text-block\"><div class=\"vce-text-block-wrapper vce\" id=\"el-567fd8ca\" data-vce-do-apply=\"all el-567fd8ca\"><p><span style=\"font-weight: 400;\">&nbsp;Beim Rettungsteam verwenden wir die folgende Definition von Ertrinken:<\/span><\/p>\n<blockquote>\n<p>Unter Ertrinken versteht man das Auftreten von Atemnot durch vollst\u00e4ndiges oder teilweises Eintauchen in eine Fl\u00fcssigkeit.<\/p>\n<\/blockquote><\/div><\/div><div class=\"vce-text-block\"><div class=\"vce-text-block-wrapper vce\" id=\"el-12e16b65\" data-vce-do-apply=\"all el-12e16b65\"><p><span style=\"font-weight: 400;\">Diese Definition des Ertrinkens impliziert nicht:<\/span><\/p>\n<ul>\n<li><span style=\"font-weight: 400;\">dass eine ertrinkende Person stirbt<\/span><\/li>\n<li><span style=\"font-weight: 400;\">dass eine medizinische Behandlung erforderlich ist<\/span><\/li>\n<li><span style=\"font-weight: 400;\">dass Fl\u00fcssigkeit in die Lunge gelangt<\/span><\/li>\n<li><span style=\"font-weight: 400;\">dass die ertrinkende Person vollst\u00e4ndig untergetaucht ist<\/span><\/li>\n<li><span style=\"font-weight: 400;\">Bei teilweisem Untertauchen, wenn sich der Kopf des Ertrinkenden \u00fcber Wasser befindet, kann der Ertrinkende Wasser einatmen, wenn Wasser \u00fcber sein Gesicht spritzt oder wenn der Ertrinkende bewusstlos wird und mit dem Gesicht nach unten im Wasser landet.<\/span><\/li>\n<\/ul>\n<p><strong>Der Prozess des Ertrinkens kann auf zwei Arten ablaufen:&nbsp;<\/strong><\/p>\n<ol>\n<li style=\"font-weight: 400;\" aria-level=\"1\"><span style=\"font-weight: 400;\">\u00dcberleben (nicht-t\u00f6dliches Ertrinken) oder;&nbsp;<\/span><\/li>\n<li style=\"font-weight: 400;\" aria-level=\"1\"><span style=\"font-weight: 400;\">Tod (t\u00f6dliches Ertrinken).&nbsp;<\/span><\/li>\n<\/ol>\n<p><span style=\"font-weight: 400;\">Wird die ertrinkende Person zu irgendeinem Zeitpunkt gerettet, wird der Ertrinkungsvorgang unterbrochen. Nicht-t\u00f6dliches Ertrinken liegt vor, wenn die ertrinkende Person danach noch lebt. Wenn der Ertrinkende zu irgendeinem Zeitpunkt an den Folgen des Ertrinkens stirbt, spricht man weiterhin von t\u00f6dlichem Ertrinken.<\/span><\/p>\n<p><strong>Die nicht-t\u00f6dlichen Ertrinkungsf\u00e4lle lassen sich unterteilen in:&nbsp;<\/strong><\/p>\n<ol>\n<li style=\"font-weight: 400;\" aria-level=\"1\"><span style=\"font-weight: 400;\">\u00dcberleben ohne medizinische Komplikationen oder;&nbsp;<\/span><\/li>\n<li style=\"font-weight: 400;\" aria-level=\"1\"><span style=\"font-weight: 400;\">\u00dcberleben mit medizinischen Komplikationen.&nbsp;<\/span><\/li>\n<\/ol>\n<p><span style=\"font-weight: 400;\">Bei diesen Komplikationen handelt es sich in der Regel um Hirnverletzungen, die durch zu langen Sauerstoffmangel verursacht werden. Ein Beispiel: Eine ertrinkende Person kann innerhalb von Sekunden nach dem Eintauchen gerettet werden, ein paar Mal husten, um die Atemwege freizubekommen, und ohne Komplikationen \u00fcberleben. Ein Ertrinkender kann aber auch einen Kreislaufstillstand erleiden, der auf einen schweren Sauerstoffmangel zur\u00fcckzuf\u00fchren ist, nach dem die Wiederbelebung zwar das Herz wieder in Gang setzt, das Gehirn aber irreparabel gesch\u00e4digt wird.<\/span><\/p>\n<h3><strong>Der Prozess des Ertrinkens<\/strong><\/h3>\n<p><span style=\"font-weight: 400;\">Wenn ein Ertrinkender, der bei Bewusstsein ist, versucht, die Atemwege offen zu halten, wird Wasser, das in den Mund gelangt, zun\u00e4chst verschluckt oder ausgespuckt. W\u00e4hrend des (teilweisen) Untertauchens h\u00e4lt eine ertrinkende Person reflexartig den Atem an. Wenn der Drang zu atmen zu gro\u00df wird, um ihm zu widerstehen, wird Wasser eingeatmet und der Ertrinkende hustet reflexartig. Ein Stimmbandkrampf kann vor\u00fcbergehend verhindern, dass Wasser in die Lunge gelangt.&nbsp;<\/span><\/p>\n<p><span style=\"font-weight: 400;\">Wird der Ertrinkende nicht gerettet, f\u00fchrt der Sauerstoffmangel schlie\u00dflich zum Bewusstseinsverlust, zum Atemstillstand und dann allm\u00e4hlich zum Stillstand des Herzschlags.&nbsp;<\/span><\/p>\n<p><span style=\"font-weight: 400;\">Kammerflimmern (eine t\u00f6dliche Herzrhythmusst\u00f6rung, die zum Kreislaufstillstand f\u00fchrt) ist bei Ertrinkungsopfern selten. Der gesamte Vorgang des Ertrinkens, vom Eintauchen oder teilweisen Untertauchen bis zum Kreislaufstillstand, vollzieht sich in der Regel innerhalb weniger Minuten.<\/span><\/p>\n<p><strong>Kaltes Wasser kann sch\u00fctzend wirken<\/strong><\/p>\n<p><span style=\"font-weight: 400;\">In Ausnahmesituationen, z. B. beim Ertrinken in Eiswasser, kann dieser Vorgang bis zu einer Stunde dauern. Das Eintauchen in eiskaltes Wasser bewirkt unter anderem eine schnelle Abk\u00fchlung von Gehirn und Herz. Dies kann eine sch\u00fctzende Wirkung f\u00fcr beide Organe vor Sauerstoffmangel haben. Aufgrund der niedrigeren Temperatur laufen die Prozesse auf Zellebene langsamer ab, was bedeutet, dass weniger Sauerstoff verbraucht wird und der Sauerstoff l\u00e4nger verf\u00fcgbar bleibt.<\/span><\/p><\/div><\/div><div class=\"vce vce-semi-filled-message-box vce-semi-filled-message-box-border--rounded vce-semi-filled-message-box-style--custom vce-semi-filled-message-box-background--b-213-43-30\" id=\"el-0a99208c\" data-vce-do-apply=\"margin padding border background  el-0a99208c\"><div class=\"vce-semi-filled-message-box-inner\"><span class=\"vce-semi-filled-message-box-icon vcv-ui-icon-material vcv-ui-icon-material-warning vce-semi-filled-message-box-icon-color--fff\"><\/span><span class=\"vce-semi-filled-message-box-text\"><p>Sehen Sie einen Schwimmer oder Badegast in Not? Dann rufen Sie immer 112!<\/p><\/span><\/div><\/div><\/div><\/div><\/div><\/div><\/div><\/div><\/div><\/div><\/div>","protected":false},"excerpt":{"rendered":"<p>Zie je een zwemmer of bader in nood? Bel dan altijd 112!&nbsp;Bij de reddingsbrigade hanteren wij de volgende definitie van verdrinking: Verdrinking is het ondervinden van ademhalingsstoornissen door gehele of gedeeltelijke onderdompeling in een vloeistof. Deze definitie van verdrinking impliceert niet: dat een drenkeling overlijdt dat er een noodzaak voor een medische behandeling is dat [&hellip;]<\/p>\n","protected":false},"author":1,"featured_media":9567,"parent":131,"menu_order":420,"comment_status":"closed","ping_status":"closed","template":"","meta":{"_acf_changed":false,"footnotes":""},"class_list":["post-137","page","type-page","status-publish","has-post-thumbnail","hentry"],"acf":[],"yoast_head":"<!-- This site is optimized with the Yoast SEO plugin v27.6 - https:\/\/yoast.com\/product\/yoast-seo-wordpress\/ -->\n<title>Verdrinking - Reddingsbrigade Noordwijk<\/title>\n<meta name=\"robots\" content=\"index, follow, max-snippet:-1, max-image-preview:large, max-video-preview:-1\" \/>\n<link rel=\"canonical\" href=\"https:\/\/www.reddingsbrigadenoordwijk.nl\/de\/strand\/verdrinking\/\" \/>\n<meta property=\"og:locale\" content=\"de_DE\" \/>\n<meta property=\"og:type\" content=\"article\" \/>\n<meta property=\"og:title\" content=\"Verdrinking - Reddingsbrigade Noordwijk\" \/>\n<meta property=\"og:description\" content=\"Zie je een zwemmer of bader in nood? Bel dan altijd 112!&nbsp;Bij de reddingsbrigade hanteren wij de volgende definitie van verdrinking: Verdrinking is het ondervinden van ademhalingsstoornissen door gehele of gedeeltelijke onderdompeling in een vloeistof. Deze definitie van verdrinking impliceert niet: dat een drenkeling overlijdt dat er een noodzaak voor een medische behandeling is dat [&hellip;]\" \/>\n<meta property=\"og:url\" content=\"https:\/\/www.reddingsbrigadenoordwijk.nl\/de\/strand\/verdrinking\/\" \/>\n<meta property=\"og:site_name\" content=\"Reddingsbrigade Noordwijk\" \/>\n<meta property=\"article:modified_time\" content=\"2021-03-27T13:07:01+00:00\" \/>\n<meta property=\"og:image\" content=\"https:\/\/www.reddingsbrigadenoordwijk.nl\/wp-content\/uploads\/2021\/03\/photo-1589306284669-cacf4bdca4ce.jpg\" \/>\n\t<meta property=\"og:image:width\" content=\"1600\" \/>\n\t<meta property=\"og:image:height\" content=\"1067\" \/>\n\t<meta property=\"og:image:type\" content=\"image\/jpeg\" \/>\n<meta name=\"twitter:card\" content=\"summary_large_image\" \/>\n<meta name=\"twitter:label1\" content=\"Gesch\u00e4tzte Lesezeit\" \/>\n\t<meta name=\"twitter:data1\" content=\"2\u00a0Minuten\" \/>\n<script type=\"application\/ld+json\" class=\"yoast-schema-graph\">{\"@context\":\"https:\\\/\\\/schema.org\",\"@graph\":[{\"@type\":\"WebPage\",\"@id\":\"https:\\\/\\\/www.reddingsbrigadenoordwijk.nl\\\/strand\\\/verdrinking\\\/\",\"url\":\"https:\\\/\\\/www.reddingsbrigadenoordwijk.nl\\\/strand\\\/verdrinking\\\/\",\"name\":\"Verdrinking - Reddingsbrigade Noordwijk\",\"isPartOf\":{\"@id\":\"https:\\\/\\\/www.reddingsbrigadenoordwijk.nl\\\/#website\"},\"primaryImageOfPage\":{\"@id\":\"https:\\\/\\\/www.reddingsbrigadenoordwijk.nl\\\/strand\\\/verdrinking\\\/#primaryimage\"},\"image\":{\"@id\":\"https:\\\/\\\/www.reddingsbrigadenoordwijk.nl\\\/strand\\\/verdrinking\\\/#primaryimage\"},\"thumbnailUrl\":\"https:\\\/\\\/www.reddingsbrigadenoordwijk.nl\\\/wp-content\\\/uploads\\\/2021\\\/03\\\/photo-1589306284669-cacf4bdca4ce.jpg\",\"datePublished\":\"2021-01-24T22:05:16+00:00\",\"dateModified\":\"2021-03-27T13:07:01+00:00\",\"breadcrumb\":{\"@id\":\"https:\\\/\\\/www.reddingsbrigadenoordwijk.nl\\\/strand\\\/verdrinking\\\/#breadcrumb\"},\"inLanguage\":\"de\",\"potentialAction\":[{\"@type\":\"ReadAction\",\"target\":[\"https:\\\/\\\/www.reddingsbrigadenoordwijk.nl\\\/strand\\\/verdrinking\\\/\"]}]},{\"@type\":\"ImageObject\",\"inLanguage\":\"de\",\"@id\":\"https:\\\/\\\/www.reddingsbrigadenoordwijk.nl\\\/strand\\\/verdrinking\\\/#primaryimage\",\"url\":\"https:\\\/\\\/www.reddingsbrigadenoordwijk.nl\\\/wp-content\\\/uploads\\\/2021\\\/03\\\/photo-1589306284669-cacf4bdca4ce.jpg\",\"contentUrl\":\"https:\\\/\\\/www.reddingsbrigadenoordwijk.nl\\\/wp-content\\\/uploads\\\/2021\\\/03\\\/photo-1589306284669-cacf4bdca4ce.jpg\",\"width\":1600,\"height\":1067},{\"@type\":\"BreadcrumbList\",\"@id\":\"https:\\\/\\\/www.reddingsbrigadenoordwijk.nl\\\/strand\\\/verdrinking\\\/#breadcrumb\",\"itemListElement\":[{\"@type\":\"ListItem\",\"position\":1,\"name\":\"Home\",\"item\":\"https:\\\/\\\/www.reddingsbrigadenoordwijk.nl\\\/\"},{\"@type\":\"ListItem\",\"position\":2,\"name\":\"Strand\",\"item\":\"https:\\\/\\\/www.reddingsbrigadenoordwijk.nl\\\/de\\\/strand\\\/\"},{\"@type\":\"ListItem\",\"position\":3,\"name\":\"Verdrinking\"}]},{\"@type\":\"WebSite\",\"@id\":\"https:\\\/\\\/www.reddingsbrigadenoordwijk.nl\\\/#website\",\"url\":\"https:\\\/\\\/www.reddingsbrigadenoordwijk.nl\\\/\",\"name\":\"Reddingsbrigade Noordwijk\",\"description\":\"NRB\",\"potentialAction\":[{\"@type\":\"SearchAction\",\"target\":{\"@type\":\"EntryPoint\",\"urlTemplate\":\"https:\\\/\\\/www.reddingsbrigadenoordwijk.nl\\\/?s={search_term_string}\"},\"query-input\":{\"@type\":\"PropertyValueSpecification\",\"valueRequired\":true,\"valueName\":\"search_term_string\"}}],\"inLanguage\":\"de\"}]}<\/script>\n<!-- \/ Yoast SEO plugin. -->","yoast_head_json":{"title":"Ertrinken - Reddingsbrigade Noordwijk","robots":{"index":"index","follow":"follow","max-snippet":"max-snippet:-1","max-image-preview":"max-image-preview:large","max-video-preview":"max-video-preview:-1"},"canonical":"https:\/\/www.reddingsbrigadenoordwijk.nl\/de\/strand\/verdrinking\/","og_locale":"de_DE","og_type":"article","og_title":"Verdrinking - Reddingsbrigade Noordwijk","og_description":"Zie je een zwemmer of bader in nood? Bel dan altijd 112!&nbsp;Bij de reddingsbrigade hanteren wij de volgende definitie van verdrinking: Verdrinking is het ondervinden van ademhalingsstoornissen door gehele of gedeeltelijke onderdompeling in een vloeistof. Deze definitie van verdrinking impliceert niet: dat een drenkeling overlijdt dat er een noodzaak voor een medische behandeling is dat [&hellip;]","og_url":"https:\/\/www.reddingsbrigadenoordwijk.nl\/de\/strand\/verdrinking\/","og_site_name":"Reddingsbrigade Noordwijk","article_modified_time":"2021-03-27T13:07:01+00:00","og_image":[{"width":1600,"height":1067,"url":"https:\/\/www.reddingsbrigadenoordwijk.nl\/wp-content\/uploads\/2021\/03\/photo-1589306284669-cacf4bdca4ce.jpg","type":"image\/jpeg"}],"twitter_card":"summary_large_image","twitter_misc":{"Gesch\u00e4tzte Lesezeit":"2\u00a0Minuten"},"schema":{"@context":"https:\/\/schema.org","@graph":[{"@type":"WebPage","@id":"https:\/\/www.reddingsbrigadenoordwijk.nl\/strand\/verdrinking\/","url":"https:\/\/www.reddingsbrigadenoordwijk.nl\/strand\/verdrinking\/","name":"Ertrinken - Reddingsbrigade Noordwijk","isPartOf":{"@id":"https:\/\/www.reddingsbrigadenoordwijk.nl\/#website"},"primaryImageOfPage":{"@id":"https:\/\/www.reddingsbrigadenoordwijk.nl\/strand\/verdrinking\/#primaryimage"},"image":{"@id":"https:\/\/www.reddingsbrigadenoordwijk.nl\/strand\/verdrinking\/#primaryimage"},"thumbnailUrl":"https:\/\/www.reddingsbrigadenoordwijk.nl\/wp-content\/uploads\/2021\/03\/photo-1589306284669-cacf4bdca4ce.jpg","datePublished":"2021-01-24T22:05:16+00:00","dateModified":"2021-03-27T13:07:01+00:00","breadcrumb":{"@id":"https:\/\/www.reddingsbrigadenoordwijk.nl\/strand\/verdrinking\/#breadcrumb"},"inLanguage":"de","potentialAction":[{"@type":"ReadAction","target":["https:\/\/www.reddingsbrigadenoordwijk.nl\/strand\/verdrinking\/"]}]},{"@type":"ImageObject","inLanguage":"de","@id":"https:\/\/www.reddingsbrigadenoordwijk.nl\/strand\/verdrinking\/#primaryimage","url":"https:\/\/www.reddingsbrigadenoordwijk.nl\/wp-content\/uploads\/2021\/03\/photo-1589306284669-cacf4bdca4ce.jpg","contentUrl":"https:\/\/www.reddingsbrigadenoordwijk.nl\/wp-content\/uploads\/2021\/03\/photo-1589306284669-cacf4bdca4ce.jpg","width":1600,"height":1067},{"@type":"BreadcrumbList","@id":"https:\/\/www.reddingsbrigadenoordwijk.nl\/strand\/verdrinking\/#breadcrumb","itemListElement":[{"@type":"ListItem","position":1,"name":"Home","item":"https:\/\/www.reddingsbrigadenoordwijk.nl\/"},{"@type":"ListItem","position":2,"name":"Strand","item":"https:\/\/www.reddingsbrigadenoordwijk.nl\/de\/strand\/"},{"@type":"ListItem","position":3,"name":"Verdrinking"}]},{"@type":"WebSite","@id":"https:\/\/www.reddingsbrigadenoordwijk.nl\/#website","url":"https:\/\/www.reddingsbrigadenoordwijk.nl\/","name":"Rettungsmannschaft Noordwijk","description":"NRB","potentialAction":[{"@type":"SearchAction","target":{"@type":"EntryPoint","urlTemplate":"https:\/\/www.reddingsbrigadenoordwijk.nl\/?s={search_term_string}"},"query-input":{"@type":"PropertyValueSpecification","valueRequired":true,"valueName":"search_term_string"}}],"inLanguage":"de"}]}},"_links":{"self":[{"href":"https:\/\/www.reddingsbrigadenoordwijk.nl\/de\/wp-json\/wp\/v2\/pages\/137","targetHints":{"allow":["GET"]}}],"collection":[{"href":"https:\/\/www.reddingsbrigadenoordwijk.nl\/de\/wp-json\/wp\/v2\/pages"}],"about":[{"href":"https:\/\/www.reddingsbrigadenoordwijk.nl\/de\/wp-json\/wp\/v2\/types\/page"}],"author":[{"embeddable":true,"href":"https:\/\/www.reddingsbrigadenoordwijk.nl\/de\/wp-json\/wp\/v2\/users\/1"}],"replies":[{"embeddable":true,"href":"https:\/\/www.reddingsbrigadenoordwijk.nl\/de\/wp-json\/wp\/v2\/comments?post=137"}],"version-history":[{"count":0,"href":"https:\/\/www.reddingsbrigadenoordwijk.nl\/de\/wp-json\/wp\/v2\/pages\/137\/revisions"}],"up":[{"embeddable":true,"href":"https:\/\/www.reddingsbrigadenoordwijk.nl\/de\/wp-json\/wp\/v2\/pages\/131"}],"wp:featuredmedia":[{"embeddable":true,"href":"https:\/\/www.reddingsbrigadenoordwijk.nl\/de\/wp-json\/wp\/v2\/media\/9567"}],"wp:attachment":[{"href":"https:\/\/www.reddingsbrigadenoordwijk.nl\/de\/wp-json\/wp\/v2\/media?parent=137"}],"curies":[{"name":"wp","href":"https:\/\/api.w.org\/{rel}","templated":true}]}}