{"id":133,"date":"2021-01-24T23:05:16","date_gmt":"2021-01-24T22:05:16","guid":{"rendered":"https:\/\/www.reddingsbrigadenoordwijk.nl\/strand\/kind-kwijt\/"},"modified":"2021-10-31T12:29:58","modified_gmt":"2021-10-31T11:29:58","slug":"kind-kwijt","status":"publish","type":"page","link":"https:\/\/www.reddingsbrigadenoordwijk.nl\/de\/strand\/kindesentzug\/","title":{"rendered":"Kind verloren"},"content":{"rendered":"<div class=\"vce-section\"><div class=\"vce-section-inner vce-element--has-background\" data-vce-full-width=\"true\" id=\"el-ac2cd318\" data-vce-dynamic-image-all=\"ac2cd318\" data-vce-do-apply=\"all el-ac2cd318\"><div class=\"vce-content-background-container\"><div class=\"vce-asset-background-simple-container vce-visible-all-only vce-asset-background-simple--style-cover vce-asset-background-simple--position-center-center\"><div class=\"vce-asset-background-simple\"><div class=\"vce-asset-background-simple-item lazyload\" style=\"background-image:inherit;\" data-bg-image=\"url(&#039;https:\/\/www.reddingsbrigadenoordwijk.nl\/wp-content\/uploads\/2021\/03\/117129493_2622903914628883_3082027343828180108_o.jpg?vcv-dynamic-field=featured_image&amp;alt=&amp;caption=&amp;title=117129493_2622903914628883_3082027343828180108_o&#039;)\"><\/div><\/div><\/div><\/div><div data-vce-element-content=\"true\"><div class=\"vce-row-container\" data-vce-boxed-width=\"true\"><div class=\"vce-row vce-element--has-background vce-row--col-gap-30 vce-row-equal-height vce-row-content--top\" vce-box-shadow=\"el-9cac2b98\" id=\"el-9cac2b98\" data-vce-do-apply=\"all el-9cac2b98\"><div class=\"vce-content-background-container\"><\/div><div class=\"vce-row-content\" data-vce-element-content=\"true\"><div class=\"vce-col vce-col--md-auto vce-col--xs-1 vce-col--xs-last vce-col--xs-first vce-col--sm-last vce-col--sm-first vce-col--md-last vce-col--lg-last vce-col--xl-last vce-col--md-first vce-col--lg-first vce-col--xl-first\" id=\"el-4adcc0ab\"><div class=\"vce-col-inner\" data-vce-do-apply=\"border margin background  el-4adcc0ab\"><div class=\"vce-col-content\" data-vce-element-content=\"true\" data-vce-do-apply=\"padding el-4adcc0ab\"><div class=\"vce-text-block\"><div class=\"vce-text-block-wrapper vce\" id=\"el-e332514b\" data-vce-do-apply=\"all el-e332514b\"><h1>Kind verloren<\/h1><\/div><\/div><div class=\"vce-text-block\"><div class=\"vce-text-block-wrapper vce\" id=\"el-c159128c\" data-vce-do-apply=\"all el-c159128c\"><p style=\"text-align: right;\"><span><span><a href=\"https:\/\/www.reddingsbrigadenoordwijk.nl\/de\/\">Startseite<\/a><\/span><\/span><\/p><\/div><\/div><\/div><\/div><\/div><\/div><\/div><\/div><\/div><\/div><\/div><div class=\"vce-section\" data-vce-boxed-width=\"true\"><div class=\"vce-section-inner vce-element--has-background\" id=\"el-a1e084fc\" data-vce-do-apply=\"all el-a1e084fc\"><div class=\"vce-content-background-container\"><\/div><div data-vce-element-content=\"true\"><div class=\"vce-row-container\" data-vce-boxed-width=\"true\"><div class=\"vce-row vce-row--col-gap-30 vce-row-equal-height vce-row-content--top\" id=\"el-3f4f358c\" data-vce-do-apply=\"all el-3f4f358c\"><div class=\"vce-row-content\" data-vce-element-content=\"true\"><div class=\"vce-col vce-col--md-auto vce-col--xs-1 vce-col--xs-last vce-col--xs-first vce-col--sm-last vce-col--sm-first vce-col--md-last vce-col--lg-last vce-col--xl-last vce-col--md-first vce-col--lg-first vce-col--xl-first\" id=\"el-be28ff7d\"><div class=\"vce-col-inner\" data-vce-do-apply=\"border margin background  el-be28ff7d\"><div class=\"vce-col-content\" data-vce-element-content=\"true\" data-vce-do-apply=\"padding el-be28ff7d\"><div class=\"vce-text-block\"><div class=\"vce-text-block-wrapper vce\" id=\"el-1ff8a5e9\" data-vce-do-apply=\"all el-1ff8a5e9\"><p>Kinder sind schnell. Vor allem an einem belebten Strand k\u00f6nnen sie im Nu verloren gehen. Dies f\u00fchrt sowohl beim Kind als auch bei den Eltern\/Betreuern zu unruhigen Momenten. Sie wollen Ihre Kinder so schnell wie m\u00f6glich wiederfinden. Um Sie so schnell wie m\u00f6glich wieder zu finden, k\u00f6nnen Sie bei unseren Strandposten ein kostenloses 06-Armband erhalten. Schreiben Sie Ihre 06-Nummer auf dieses Armband, damit Sie angerufen werden k\u00f6nnen, wenn das Kind gefunden wird.&nbsp;&nbsp;<\/p><\/div><\/div><\/div><\/div><\/div><\/div><\/div><\/div><div class=\"vce-row-container\" data-vce-boxed-width=\"true\"><div class=\"vce-row vce-row--col-gap-30 vce-row-equal-height vce-row-content--top\" id=\"el-dec205ab\" data-vce-do-apply=\"all el-dec205ab\"><div class=\"vce-row-content\" data-vce-element-content=\"true\"><div class=\"vce-col vce-col--md-auto vce-col--xs-1 vce-col--xs-last vce-col--xs-first vce-col--sm-last vce-col--sm-first vce-col--md-last vce-col--lg-last vce-col--xl-last vce-col--md-first vce-col--lg-first vce-col--xl-first\" id=\"el-0efee33b\"><div class=\"vce-col-inner\" data-vce-do-apply=\"border margin background  el-0efee33b\"><div class=\"vce-col-content\" data-vce-element-content=\"true\" data-vce-do-apply=\"padding el-0efee33b\"><div class=\"vce-text-block\"><div class=\"vce-text-block-wrapper vce\" id=\"el-ae4781bd\" data-vce-do-apply=\"all el-ae4781bd\"><h3>Haben Sie Ihr Kind am Strand verloren?<\/h3>\n<p>Z\u00f6gern Sie nicht und kommen Sie zu unserer Rettungsstelle oder rufen Sie uns (071-3613003) oder die Polizei an. Sorgen Sie daf\u00fcr, dass eine Ihnen bekannte Person an dem Ort bleibt, an dem das Kind zuletzt gesehen wurde. Es kommt h\u00e4ufig vor, dass das Kind an diesen Ort zur\u00fcckkehrt.<\/p>\n<p>Kinder, die sich verirren und von unseren Rettungsschwimmern gefunden werden, werden an den Strandposten betreut. Wenn ein Kind gefunden wird, hissen wir eine wei\u00dfe Flagge mit einem Fragezeichen. Diese Flagge zeigt an, dass sich ein Kind an der Rettungsschwimmerstation befindet, dessen Eltern\/Betreuer wir suchen.<\/p>\n<h3>Einige Tipps f\u00fcr einen sicheren Tag am Strand!<\/h3>\n<ul>\n<li>Behalten Sie Kinder immer im Auge, sowohl im Wasser als auch am Strand. Bleiben Sie eine Arml\u00e4nge von kleinen Kindern im Wasser entfernt;<\/li>\n<li>Verwenden Sie keine Schmetterlingsgurte f\u00fcr Kinder im Meer, da Wind, Str\u00f6mung und Wellen Einfluss darauf haben;<\/li>\n<li>Legen Sie dem Kind ein Armband 06 an, auf dem sein Name und Ihre Telefonnummer stehen;<\/li>\n<li>Vergewissern Sie sich, dass Sie Ihr Mobiltelefon dabei haben, dass es eingeschaltet und ausreichend aufgeladen ist;<\/li>\n<li>Vereinbaren Sie einen erkennbaren Fixpunkt f\u00fcr den Fall, dass Sie sich verirren, z. B. einen Strandpavillon oder einen verirrten Pfosten mit einem erkennbaren Bild.<\/li>\n<\/ul><\/div><\/div><\/div><\/div><\/div><\/div><\/div><\/div><\/div><\/div><\/div>","protected":false},"excerpt":{"rendered":"<p>Kinderen zijn snel. Zeker op een druk strand kun je ze in een oogwenk kwijt zijn. Dat leidt tot angstige momenten voor zowel kind als ouder\/verzorger. Kinderen wil je zo snel mogelijk weer terugvinden. Om jullie zo snel mogelijk weer te kunnen herenigen kan je bij onze strandposten een gratis 06-polsbandje halen. Schrijf op dit [&hellip;]<\/p>\n","protected":false},"author":1,"featured_media":9684,"parent":131,"menu_order":380,"comment_status":"closed","ping_status":"closed","template":"","meta":{"_acf_changed":false,"footnotes":""},"class_list":["post-133","page","type-page","status-publish","has-post-thumbnail","hentry"],"acf":[],"yoast_head":"<!-- This site is optimized with the Yoast SEO plugin v27.5 - https:\/\/yoast.com\/product\/yoast-seo-wordpress\/ -->\n<title>Kind kwijt - Reddingsbrigade Noordwijk<\/title>\n<meta name=\"robots\" content=\"index, follow, max-snippet:-1, max-image-preview:large, max-video-preview:-1\" \/>\n<link rel=\"canonical\" href=\"https:\/\/www.reddingsbrigadenoordwijk.nl\/de\/strand\/kind-kwijt\/\" \/>\n<meta property=\"og:locale\" content=\"de_DE\" \/>\n<meta property=\"og:type\" content=\"article\" \/>\n<meta property=\"og:title\" content=\"Kind kwijt - Reddingsbrigade Noordwijk\" \/>\n<meta property=\"og:description\" content=\"Kinderen zijn snel. Zeker op een druk strand kun je ze in een oogwenk kwijt zijn. Dat leidt tot angstige momenten voor zowel kind als ouder\/verzorger. Kinderen wil je zo snel mogelijk weer terugvinden. Om jullie zo snel mogelijk weer te kunnen herenigen kan je bij onze strandposten een gratis 06-polsbandje halen. Schrijf op dit [&hellip;]\" \/>\n<meta property=\"og:url\" content=\"https:\/\/www.reddingsbrigadenoordwijk.nl\/de\/strand\/kind-kwijt\/\" \/>\n<meta property=\"og:site_name\" content=\"Reddingsbrigade Noordwijk\" \/>\n<meta property=\"article:modified_time\" content=\"2021-10-31T11:29:58+00:00\" \/>\n<meta property=\"og:image\" content=\"https:\/\/www.reddingsbrigadenoordwijk.nl\/wp-content\/uploads\/2021\/03\/117129493_2622903914628883_3082027343828180108_o.jpg\" \/>\n\t<meta property=\"og:image:width\" content=\"1024\" \/>\n\t<meta property=\"og:image:height\" content=\"683\" \/>\n\t<meta property=\"og:image:type\" content=\"image\/jpeg\" \/>\n<meta name=\"twitter:card\" content=\"summary_large_image\" \/>\n<meta name=\"twitter:label1\" content=\"Gesch\u00e4tzte Lesezeit\" \/>\n\t<meta name=\"twitter:data1\" content=\"1\u00a0Minute\" \/>\n<script type=\"application\/ld+json\" class=\"yoast-schema-graph\">{\"@context\":\"https:\\\/\\\/schema.org\",\"@graph\":[{\"@type\":\"WebPage\",\"@id\":\"https:\\\/\\\/www.reddingsbrigadenoordwijk.nl\\\/strand\\\/kind-kwijt\\\/\",\"url\":\"https:\\\/\\\/www.reddingsbrigadenoordwijk.nl\\\/strand\\\/kind-kwijt\\\/\",\"name\":\"Kind kwijt - Reddingsbrigade Noordwijk\",\"isPartOf\":{\"@id\":\"https:\\\/\\\/www.reddingsbrigadenoordwijk.nl\\\/#website\"},\"primaryImageOfPage\":{\"@id\":\"https:\\\/\\\/www.reddingsbrigadenoordwijk.nl\\\/strand\\\/kind-kwijt\\\/#primaryimage\"},\"image\":{\"@id\":\"https:\\\/\\\/www.reddingsbrigadenoordwijk.nl\\\/strand\\\/kind-kwijt\\\/#primaryimage\"},\"thumbnailUrl\":\"https:\\\/\\\/www.reddingsbrigadenoordwijk.nl\\\/wp-content\\\/uploads\\\/2021\\\/03\\\/117129493_2622903914628883_3082027343828180108_o.jpg\",\"datePublished\":\"2021-01-24T22:05:16+00:00\",\"dateModified\":\"2021-10-31T11:29:58+00:00\",\"breadcrumb\":{\"@id\":\"https:\\\/\\\/www.reddingsbrigadenoordwijk.nl\\\/strand\\\/kind-kwijt\\\/#breadcrumb\"},\"inLanguage\":\"de\",\"potentialAction\":[{\"@type\":\"ReadAction\",\"target\":[\"https:\\\/\\\/www.reddingsbrigadenoordwijk.nl\\\/strand\\\/kind-kwijt\\\/\"]}]},{\"@type\":\"ImageObject\",\"inLanguage\":\"de\",\"@id\":\"https:\\\/\\\/www.reddingsbrigadenoordwijk.nl\\\/strand\\\/kind-kwijt\\\/#primaryimage\",\"url\":\"https:\\\/\\\/www.reddingsbrigadenoordwijk.nl\\\/wp-content\\\/uploads\\\/2021\\\/03\\\/117129493_2622903914628883_3082027343828180108_o.jpg\",\"contentUrl\":\"https:\\\/\\\/www.reddingsbrigadenoordwijk.nl\\\/wp-content\\\/uploads\\\/2021\\\/03\\\/117129493_2622903914628883_3082027343828180108_o.jpg\",\"width\":1024,\"height\":683},{\"@type\":\"BreadcrumbList\",\"@id\":\"https:\\\/\\\/www.reddingsbrigadenoordwijk.nl\\\/strand\\\/kind-kwijt\\\/#breadcrumb\",\"itemListElement\":[{\"@type\":\"ListItem\",\"position\":1,\"name\":\"Home\",\"item\":\"https:\\\/\\\/www.reddingsbrigadenoordwijk.nl\\\/\"},{\"@type\":\"ListItem\",\"position\":2,\"name\":\"Strand\",\"item\":\"https:\\\/\\\/www.reddingsbrigadenoordwijk.nl\\\/de\\\/strand\\\/\"},{\"@type\":\"ListItem\",\"position\":3,\"name\":\"Kind kwijt\"}]},{\"@type\":\"WebSite\",\"@id\":\"https:\\\/\\\/www.reddingsbrigadenoordwijk.nl\\\/#website\",\"url\":\"https:\\\/\\\/www.reddingsbrigadenoordwijk.nl\\\/\",\"name\":\"Reddingsbrigade Noordwijk\",\"description\":\"NRB\",\"potentialAction\":[{\"@type\":\"SearchAction\",\"target\":{\"@type\":\"EntryPoint\",\"urlTemplate\":\"https:\\\/\\\/www.reddingsbrigadenoordwijk.nl\\\/?s={search_term_string}\"},\"query-input\":{\"@type\":\"PropertyValueSpecification\",\"valueRequired\":true,\"valueName\":\"search_term_string\"}}],\"inLanguage\":\"de\"}]}<\/script>\n<!-- \/ Yoast SEO plugin. -->","yoast_head_json":{"title":"Kind verloren - Reddingsbrigade Noordwijk","robots":{"index":"index","follow":"follow","max-snippet":"max-snippet:-1","max-image-preview":"max-image-preview:large","max-video-preview":"max-video-preview:-1"},"canonical":"https:\/\/www.reddingsbrigadenoordwijk.nl\/de\/strand\/kind-kwijt\/","og_locale":"de_DE","og_type":"article","og_title":"Kind kwijt - Reddingsbrigade Noordwijk","og_description":"Kinderen zijn snel. Zeker op een druk strand kun je ze in een oogwenk kwijt zijn. Dat leidt tot angstige momenten voor zowel kind als ouder\/verzorger. Kinderen wil je zo snel mogelijk weer terugvinden. Om jullie zo snel mogelijk weer te kunnen herenigen kan je bij onze strandposten een gratis 06-polsbandje halen. Schrijf op dit [&hellip;]","og_url":"https:\/\/www.reddingsbrigadenoordwijk.nl\/de\/strand\/kind-kwijt\/","og_site_name":"Reddingsbrigade Noordwijk","article_modified_time":"2021-10-31T11:29:58+00:00","og_image":[{"width":1024,"height":683,"url":"https:\/\/www.reddingsbrigadenoordwijk.nl\/wp-content\/uploads\/2021\/03\/117129493_2622903914628883_3082027343828180108_o.jpg","type":"image\/jpeg"}],"twitter_card":"summary_large_image","twitter_misc":{"Gesch\u00e4tzte Lesezeit":"1\u00a0Minute"},"schema":{"@context":"https:\/\/schema.org","@graph":[{"@type":"WebPage","@id":"https:\/\/www.reddingsbrigadenoordwijk.nl\/strand\/kind-kwijt\/","url":"https:\/\/www.reddingsbrigadenoordwijk.nl\/strand\/kind-kwijt\/","name":"Kind verloren - Reddingsbrigade Noordwijk","isPartOf":{"@id":"https:\/\/www.reddingsbrigadenoordwijk.nl\/#website"},"primaryImageOfPage":{"@id":"https:\/\/www.reddingsbrigadenoordwijk.nl\/strand\/kind-kwijt\/#primaryimage"},"image":{"@id":"https:\/\/www.reddingsbrigadenoordwijk.nl\/strand\/kind-kwijt\/#primaryimage"},"thumbnailUrl":"https:\/\/www.reddingsbrigadenoordwijk.nl\/wp-content\/uploads\/2021\/03\/117129493_2622903914628883_3082027343828180108_o.jpg","datePublished":"2021-01-24T22:05:16+00:00","dateModified":"2021-10-31T11:29:58+00:00","breadcrumb":{"@id":"https:\/\/www.reddingsbrigadenoordwijk.nl\/strand\/kind-kwijt\/#breadcrumb"},"inLanguage":"de","potentialAction":[{"@type":"ReadAction","target":["https:\/\/www.reddingsbrigadenoordwijk.nl\/strand\/kind-kwijt\/"]}]},{"@type":"ImageObject","inLanguage":"de","@id":"https:\/\/www.reddingsbrigadenoordwijk.nl\/strand\/kind-kwijt\/#primaryimage","url":"https:\/\/www.reddingsbrigadenoordwijk.nl\/wp-content\/uploads\/2021\/03\/117129493_2622903914628883_3082027343828180108_o.jpg","contentUrl":"https:\/\/www.reddingsbrigadenoordwijk.nl\/wp-content\/uploads\/2021\/03\/117129493_2622903914628883_3082027343828180108_o.jpg","width":1024,"height":683},{"@type":"BreadcrumbList","@id":"https:\/\/www.reddingsbrigadenoordwijk.nl\/strand\/kind-kwijt\/#breadcrumb","itemListElement":[{"@type":"ListItem","position":1,"name":"Home","item":"https:\/\/www.reddingsbrigadenoordwijk.nl\/"},{"@type":"ListItem","position":2,"name":"Strand","item":"https:\/\/www.reddingsbrigadenoordwijk.nl\/de\/strand\/"},{"@type":"ListItem","position":3,"name":"Kind kwijt"}]},{"@type":"WebSite","@id":"https:\/\/www.reddingsbrigadenoordwijk.nl\/#website","url":"https:\/\/www.reddingsbrigadenoordwijk.nl\/","name":"Rettungsmannschaft Noordwijk","description":"NRB","potentialAction":[{"@type":"SearchAction","target":{"@type":"EntryPoint","urlTemplate":"https:\/\/www.reddingsbrigadenoordwijk.nl\/?s={search_term_string}"},"query-input":{"@type":"PropertyValueSpecification","valueRequired":true,"valueName":"search_term_string"}}],"inLanguage":"de"}]}},"_links":{"self":[{"href":"https:\/\/www.reddingsbrigadenoordwijk.nl\/de\/wp-json\/wp\/v2\/pages\/133","targetHints":{"allow":["GET"]}}],"collection":[{"href":"https:\/\/www.reddingsbrigadenoordwijk.nl\/de\/wp-json\/wp\/v2\/pages"}],"about":[{"href":"https:\/\/www.reddingsbrigadenoordwijk.nl\/de\/wp-json\/wp\/v2\/types\/page"}],"author":[{"embeddable":true,"href":"https:\/\/www.reddingsbrigadenoordwijk.nl\/de\/wp-json\/wp\/v2\/users\/1"}],"replies":[{"embeddable":true,"href":"https:\/\/www.reddingsbrigadenoordwijk.nl\/de\/wp-json\/wp\/v2\/comments?post=133"}],"version-history":[{"count":0,"href":"https:\/\/www.reddingsbrigadenoordwijk.nl\/de\/wp-json\/wp\/v2\/pages\/133\/revisions"}],"up":[{"embeddable":true,"href":"https:\/\/www.reddingsbrigadenoordwijk.nl\/de\/wp-json\/wp\/v2\/pages\/131"}],"wp:featuredmedia":[{"embeddable":true,"href":"https:\/\/www.reddingsbrigadenoordwijk.nl\/de\/wp-json\/wp\/v2\/media\/9684"}],"wp:attachment":[{"href":"https:\/\/www.reddingsbrigadenoordwijk.nl\/de\/wp-json\/wp\/v2\/media?parent=133"}],"curies":[{"name":"wp","href":"https:\/\/api.w.org\/{rel}","templated":true}]}}