{"id":131,"date":"2021-01-24T23:05:16","date_gmt":"2021-01-24T22:05:16","guid":{"rendered":"https:\/\/www.reddingsbrigadenoordwijk.nl\/strand\/"},"modified":"2021-10-31T12:23:53","modified_gmt":"2021-10-31T11:23:53","slug":"strand","status":"publish","type":"page","link":"https:\/\/www.reddingsbrigadenoordwijk.nl\/de\/strand\/","title":{"rendered":"Strand"},"content":{"rendered":"<div class=\"vce-section\"><div class=\"vce-section-inner vce-element--has-background\" data-vce-full-width=\"true\" id=\"el-a240c3cb\" data-vce-do-apply=\"all el-a240c3cb\"><div class=\"vce-content-background-container\"><div class=\"vce-asset-background-simple-container vce-visible-all-only vce-asset-background-simple--style-cover vce-asset-background-simple--position-center-center\"><div class=\"vce-asset-background-simple\"><div class=\"vce-asset-background-simple-item lazyload\" style=\"background-image:inherit;\" data-bg-image=\"url(&#039;https:\/\/www.reddingsbrigadenoordwijk.nl\/wp-content\/uploads\/2021\/03\/photo-1424581342241-2b1aba4d3462.jpg&#039;)\"><\/div><\/div><\/div><\/div><div data-vce-element-content=\"true\"><div class=\"vce-row-container\" data-vce-boxed-width=\"true\"><div class=\"vce-row vce-element--has-background vce-row--col-gap-30 vce-row-equal-height vce-row-content--top\" vce-box-shadow=\"el-bad499f2\" id=\"el-bad499f2\" data-vce-do-apply=\"all el-bad499f2\"><div class=\"vce-content-background-container\"><\/div><div class=\"vce-row-content\" data-vce-element-content=\"true\"><div class=\"vce-col vce-col--md-auto vce-col--xs-1 vce-col--xs-last vce-col--xs-first vce-col--sm-last vce-col--sm-first vce-col--md-last vce-col--lg-last vce-col--xl-last vce-col--md-first vce-col--lg-first vce-col--xl-first\" id=\"el-8b31fe2a\"><div class=\"vce-col-inner\" data-vce-do-apply=\"border margin background  el-8b31fe2a\"><div class=\"vce-col-content\" data-vce-element-content=\"true\" data-vce-do-apply=\"padding el-8b31fe2a\"><div class=\"vce-text-block\"><div class=\"vce-text-block-wrapper vce\" id=\"el-fb99916b\" data-vce-do-apply=\"all el-fb99916b\"><h1>Strand<\/h1><\/div><\/div><div class=\"vce-text-block\"><div class=\"vce-text-block-wrapper vce\" id=\"el-b08ff72b\" data-vce-do-apply=\"all el-b08ff72b\"><p style=\"text-align: right;\"><span><span><a href=\"https:\/\/www.reddingsbrigadenoordwijk.nl\/de\/\">Startseite<\/a><\/span><\/span><\/p><\/div><\/div><\/div><\/div><\/div><\/div><\/div><\/div><\/div><\/div><\/div><div class=\"vce-section\" data-vce-boxed-width=\"true\"><div class=\"vce-section-inner vce-element--has-background\" id=\"el-6d0a6aa9\" data-vce-do-apply=\"all el-6d0a6aa9\"><div class=\"vce-content-background-container\"><\/div><div data-vce-element-content=\"true\"><div class=\"vce-row-container\" data-vce-boxed-width=\"true\"><div class=\"vce-row vce-row--col-gap-30 vce-row-equal-height vce-row-content--top\" id=\"el-4c76f588\" data-vce-do-apply=\"all el-4c76f588\"><div class=\"vce-row-content\" data-vce-element-content=\"true\"><div class=\"vce-col vce-col--md-auto vce-col--xs-1 vce-col--xs-last vce-col--xs-first vce-col--sm-last vce-col--sm-first vce-col--md-last vce-col--lg-last vce-col--xl-last vce-col--md-first vce-col--lg-first vce-col--xl-first\" id=\"el-4db6cf3c\"><div class=\"vce-col-inner\" data-vce-do-apply=\"border margin background  el-4db6cf3c\"><div class=\"vce-col-content\" data-vce-element-content=\"true\" data-vce-do-apply=\"padding el-4db6cf3c\"><div class=\"vce-text-block\"><div class=\"vce-text-block-wrapper vce\" id=\"el-7c23fa41\" data-vce-do-apply=\"all el-7c23fa41\"><h2>Genie\u00dfen Sie das Meer, die Sonne und das Wasser? Aber sicher!<\/h2>\n<p>Um Ihren Tag am Strand so sicher wie m\u00f6glich zu gestalten, haben wir ein paar Dinge f\u00fcr Sie aufgelistet. Bitte lesen Sie die folgenden Informationen, bevor Sie den Strand von Noordwijk genie\u00dfen.<\/p><\/div><\/div><\/div><\/div><\/div><\/div><\/div><\/div><div class=\"vce-row-container\" data-vce-boxed-width=\"true\"><div class=\"vce-row vce-row--has-col-background vce-row--col-gap-30 vce-row-equal-height vce-row-content--middle\" id=\"el-c7d86d94\" data-vce-do-apply=\"all el-c7d86d94\"><div class=\"vce-content-background-container\"><\/div><div class=\"vce-row-content\" data-vce-element-content=\"true\"><div class=\"vce-col vce-element--has-background vce-col--md-auto vce-col--xs-1 vce-col--xs-last vce-col--xs-first vce-col--sm-last vce-col--sm-first vce-col--md-first vce-col--lg-first vce-col--xl-first z10\" id=\"el-d51f679a\"><div class=\"vce-col-inner\" data-vce-do-apply=\"border margin background  el-d51f679a\" vce-box-shadow=\"el-d51f679a\"><div class=\"vce-content-background-container\"><\/div><div class=\"vce-col-content\" data-vce-element-content=\"true\" data-vce-do-apply=\"padding el-d51f679a\"><div class=\"vce-text-block\"><div class=\"vce-text-block-wrapper vce\" id=\"el-5aabab87\" data-vce-do-apply=\"all el-5aabab87\"><ul>\n<li style=\"font-weight: 400;\" aria-level=\"1\"><span style=\"font-weight: 400;\">Schwimmen Sie nur an Orten, wo es erlaubt ist und von Rettungsschwimmern \u00fcberwacht wird;<\/span><\/li>\n<li style=\"font-weight: 400;\" aria-level=\"1\"><span style=\"font-weight: 400;\">Behalten Sie Kinder immer im Auge, sowohl im Wasser als auch am Strand;<\/span><\/li>\n<li style=\"font-weight: 400;\" aria-level=\"1\"><span style=\"font-weight: 400;\">Halten Sie Abstand zu kleinen Kindern im Wasser;<\/span><\/li>\n<li style=\"font-weight: 400;\" aria-level=\"1\"><span style=\"font-weight: 400;\">Sie k\u00f6nnen nicht schwimmen? Steigen Sie dann bis zu den Knien ins Wasser;<\/span><\/li>\n<li style=\"font-weight: 400;\" aria-level=\"1\"><span style=\"font-weight: 400;\">Schwimmen Sie nicht in der N\u00e4he von S\u00fcmpfen (= Str\u00f6mungen, die sich in Richtung Meer bewegen);<\/span><\/li>\n<li style=\"font-weight: 400;\" aria-level=\"1\"><span style=\"font-weight: 400;\">Alkohol und Schwimmen vertragen sich nicht. Dies ist lebensbedrohlich!<\/span><\/li>\n<li aria-level=\"1\">Schwimmen Sie nie allein! Auch der beste Schwimmer kann in Schwierigkeiten geraten, zum Beispiel durch Kr\u00e4mpfe<\/li>\n<\/ul><\/div><\/div><\/div><\/div><\/div><div class=\"vce-col vce-element--has-background vce-col--md-auto vce-col--xs-1 vce-col--xs-last vce-col--xs-first vce-col--sm-last vce-col--sm-first vce-col--md-last vce-col--lg-last vce-col--xl-last z10\" id=\"el-c3d0f987\"><div class=\"vce-col-inner\" data-vce-do-apply=\"border margin background  el-c3d0f987\" vce-box-shadow=\"el-c3d0f987\"><div class=\"vce-content-background-container\"><\/div><div class=\"vce-col-content\" data-vce-element-content=\"true\" data-vce-do-apply=\"padding el-c3d0f987\"><div class=\"vce-text-block\"><div class=\"vce-text-block-wrapper vce\" id=\"el-9b6b09b3\" data-vce-do-apply=\"all el-9b6b09b3\"><ul>\n<li style=\"font-weight: 400;\" aria-level=\"1\"><span style=\"font-weight: 400;\">Benutzen Sie bei Ostwind (= Windrichtung Meer) keine schwimmende Ausr\u00fcstung (schwimmende Gegenst\u00e4nde), Sie k\u00f6nnten weit ins Meer treiben;<\/span><\/li>\n<li style=\"font-weight: 400;\" aria-level=\"1\"><span style=\"font-weight: 400;\">Graben Sie keine tiefen Gruben am Strand (wegen der Gefahr des Einst\u00fcrzens und Erstickens);<\/span><\/li>\n<li style=\"font-weight: 400;\" aria-level=\"1\"><span style=\"font-weight: 400;\">Halten Sie sich an die ausgewiesenen Zonen f\u00fcr die verschiedenen Wassersportarten.<\/span><span style=\"font-weight: 400;\"><br><\/span><span style=\"font-weight: 400;\"> Achten Sie auf Warnhinweise<\/span>\n<ul>\n<li style=\"font-weight: 400;\" aria-level=\"2\"><span style=\"font-weight: 400;\">Gelbe Flagge = gef\u00e4hrliches Wasser<\/span><\/li>\n<li style=\"font-weight: 400;\" aria-level=\"2\"><span style=\"font-weight: 400;\">Rote Flagge = kein Schwimmen<\/span><\/li>\n<li style=\"font-weight: 400;\" aria-level=\"2\"><span style=\"font-weight: 400;\">Fragezeichen-Flagge = Kind gefunden<\/span><\/li>\n<li aria-level=\"2\">Oranger Windsack = nicht mit Schwimmhilfen ins Wasser gehen<\/li>\n<\/ul>\n<\/li>\n<li style=\"font-weight: 400;\" aria-level=\"1\"><span style=\"font-weight: 400;\">Befolgen Sie stets die Anweisungen des Rettungsschwimmers.<\/span><\/li>\n<\/ul><\/div><\/div><\/div><\/div><\/div><\/div><\/div><\/div><div class=\"vce-row-container\" data-vce-boxed-width=\"true\"><div class=\"vce-row vce-row--col-gap-30 vce-row-equal-height vce-row-content--top\" id=\"el-c7785eb5\" data-vce-do-apply=\"all el-c7785eb5\"><div class=\"vce-row-content\" data-vce-element-content=\"true\"><div class=\"vce-col vce-col--md-auto vce-col--xs-1 vce-col--xs-last vce-col--xs-first vce-col--sm-last vce-col--sm-first vce-col--md-last vce-col--lg-last vce-col--xl-last vce-col--md-first vce-col--lg-first vce-col--xl-first\" id=\"el-87f36e40\"><div class=\"vce-col-inner\" data-vce-do-apply=\"border margin background  el-87f36e40\"><div class=\"vce-col-content\" data-vce-element-content=\"true\" data-vce-do-apply=\"padding el-87f36e40\"><\/div><\/div><\/div><\/div><\/div><\/div><div class=\"vce-row-container\" data-vce-boxed-width=\"true\"><div class=\"vce-row vce-row--col-gap-30 vce-row-equal-height vce-row-content--top\" id=\"el-3cf818be\" data-vce-do-apply=\"all el-3cf818be\"><div class=\"vce-content-background-container\"><\/div><div class=\"vce-row-content\" data-vce-element-content=\"true\"><div class=\"vce-col vce-col--md-auto vce-col--xs-1 vce-col--xs-last vce-col--xs-first vce-col--sm-last vce-col--sm-first vce-col--md-last vce-col--lg-last vce-col--xl-last vce-col--md-first vce-col--lg-first vce-col--xl-first\" id=\"el-c05dc0a4\"><div class=\"vce-col-inner\" data-vce-do-apply=\"border margin background  el-c05dc0a4\"><div class=\"vce-col-content\" data-vce-element-content=\"true\" data-vce-do-apply=\"padding el-c05dc0a4\"><div class=\"vce-posts-grid-container vce-news-grid-container\"><div class=\"vce vce-posts-grid-wrapper vce-news-grid-wrapper vce-posts-grid--gap-0 vce-posts-grid--columns-3 vce-posts-grid-pagination--color-E0BAA0--e2e2e2\" id=\"el-c9ed545b\" data-vce-do-apply=\"all el-c9ed545b\"><div class=\"vce-posts-grid-list\"><div class=\"vce-posts-grid-item\"><article class=\"vce-posts-grid-item-inner\"><div class=\"vce-post-description vce-post-description--full vce-post-description--title-color-b-0-53-150 vce-post-description--excerpt-color-4e4e4e vce-post-description--author-color-ffce00 vce-post-description--meta-color-b-215-223-228\"><div class=\"vce-post-description--image lazyload\" style=\"background-image:inherit\" data-bg-image=\"url(https:\/\/www.reddingsbrigadenoordwijk.nl\/wp-content\/uploads\/2021\/03\/photo-1514747975201-4715db583da9.jpg)\"><a href=\"https:\/\/www.reddingsbrigadenoordwijk.nl\/de\/strand\/gefahrdungen\/\"><\/a><\/div><div class=\"vce-post-description--content\"><h3 class=\"vce-post-description--title\"><a href=\"https:\/\/www.reddingsbrigadenoordwijk.nl\/de\/strand\/gefahrdungen\/\">Die Gefahren des Meeres<\/a><\/h3><a href=\"https:\/\/www.reddingsbrigadenoordwijk.nl\/de\/strand\/gefahrdungen\/\" class=\"vce-post-link\"><div class=\"vce-button--style-basic-container vce-button--style-basic-container--align-left\"><span class=\"vce-button--style-basic-wrapper vce\" id=\"el-c7a99338\" data-vce-do-apply=\"margin el-c7a99338\"><button class=\"vce-button--style-basic vce-button--style-basic--border-square vce-button--style-basic--size-medium vce-button--style-basic--color-b-0-53-150--fff vce-button--style-basic--hover-color-b-255-87-0--b-255-255-255\" data-vce-do-apply=\"padding border background  el-c7a99338\">Mehr lesen<\/button><\/span><\/div><\/a><\/div><\/div><\/article><\/div><div class=\"vce-posts-grid-item\"><article class=\"vce-posts-grid-item-inner\"><div class=\"vce-post-description vce-post-description--full vce-post-description--title-color-b-0-53-150 vce-post-description--excerpt-color-4e4e4e vce-post-description--author-color-ffce00 vce-post-description--meta-color-b-215-223-228\"><div class=\"vce-post-description--image lazyload\" style=\"background-image:inherit\" data-bg-image=\"url(https:\/\/www.reddingsbrigadenoordwijk.nl\/wp-content\/uploads\/2021\/03\/117129493_2622903914628883_3082027343828180108_o.jpg)\"><a href=\"https:\/\/www.reddingsbrigadenoordwijk.nl\/de\/strand\/kindesentzug\/\"><\/a><\/div><div class=\"vce-post-description--content\"><h3 class=\"vce-post-description--title\"><a href=\"https:\/\/www.reddingsbrigadenoordwijk.nl\/de\/strand\/kindesentzug\/\">Kind verloren<\/a><\/h3><a href=\"https:\/\/www.reddingsbrigadenoordwijk.nl\/de\/strand\/kindesentzug\/\" class=\"vce-post-link\"><div class=\"vce-button--style-basic-container vce-button--style-basic-container--align-left\"><span class=\"vce-button--style-basic-wrapper vce\" id=\"el-c7a99338\" data-vce-do-apply=\"margin el-c7a99338\"><button class=\"vce-button--style-basic vce-button--style-basic--border-square vce-button--style-basic--size-medium vce-button--style-basic--color-b-0-53-150--fff vce-button--style-basic--hover-color-b-255-87-0--b-255-255-255\" data-vce-do-apply=\"padding border background  el-c7a99338\">Mehr lesen<\/button><\/span><\/div><\/a><\/div><\/div><\/article><\/div><div class=\"vce-posts-grid-item\"><article class=\"vce-posts-grid-item-inner\"><div class=\"vce-post-description vce-post-description--full vce-post-description--title-color-b-0-53-150 vce-post-description--excerpt-color-4e4e4e vce-post-description--author-color-ffce00 vce-post-description--meta-color-b-215-223-228\"><div class=\"vce-post-description--image lazyload\" style=\"background-image:inherit\" data-bg-image=\"url(https:\/\/www.reddingsbrigadenoordwijk.nl\/wp-content\/uploads\/2021\/03\/photo-1577307559749-82f2de988a9a.jpg)\"><a href=\"https:\/\/www.reddingsbrigadenoordwijk.nl\/de\/strand\/flaggen\/\"><\/a><\/div><div class=\"vce-post-description--content\"><h3 class=\"vce-post-description--title\"><a href=\"https:\/\/www.reddingsbrigadenoordwijk.nl\/de\/strand\/flaggen\/\">Flaggen<\/a><\/h3><a href=\"https:\/\/www.reddingsbrigadenoordwijk.nl\/de\/strand\/flaggen\/\" class=\"vce-post-link\"><div class=\"vce-button--style-basic-container vce-button--style-basic-container--align-left\"><span class=\"vce-button--style-basic-wrapper vce\" id=\"el-c7a99338\" data-vce-do-apply=\"margin el-c7a99338\"><button class=\"vce-button--style-basic vce-button--style-basic--border-square vce-button--style-basic--size-medium vce-button--style-basic--color-b-0-53-150--fff vce-button--style-basic--hover-color-b-255-87-0--b-255-255-255\" data-vce-do-apply=\"padding border background  el-c7a99338\">Mehr lesen<\/button><\/span><\/div><\/a><\/div><\/div><\/article><\/div><div class=\"vce-posts-grid-item\"><article class=\"vce-posts-grid-item-inner\"><div class=\"vce-post-description vce-post-description--full vce-post-description--title-color-b-0-53-150 vce-post-description--excerpt-color-4e4e4e vce-post-description--author-color-ffce00 vce-post-description--meta-color-b-215-223-228\"><div class=\"vce-post-description--image lazyload\" style=\"background-image:inherit\" data-bg-image=\"url(https:\/\/www.reddingsbrigadenoordwijk.nl\/wp-content\/uploads\/2021\/03\/photo-1589306284669-cacf4bdca4ce.jpg)\"><a href=\"https:\/\/www.reddingsbrigadenoordwijk.nl\/de\/strand\/ertrinken\/\"><\/a><\/div><div class=\"vce-post-description--content\"><h3 class=\"vce-post-description--title\"><a href=\"https:\/\/www.reddingsbrigadenoordwijk.nl\/de\/strand\/ertrinken\/\">Ertrinken<\/a><\/h3><a href=\"https:\/\/www.reddingsbrigadenoordwijk.nl\/de\/strand\/ertrinken\/\" class=\"vce-post-link\"><div class=\"vce-button--style-basic-container vce-button--style-basic-container--align-left\"><span class=\"vce-button--style-basic-wrapper vce\" id=\"el-c7a99338\" data-vce-do-apply=\"margin el-c7a99338\"><button class=\"vce-button--style-basic vce-button--style-basic--border-square vce-button--style-basic--size-medium vce-button--style-basic--color-b-0-53-150--fff vce-button--style-basic--hover-color-b-255-87-0--b-255-255-255\" data-vce-do-apply=\"padding border background  el-c7a99338\">Mehr lesen<\/button><\/span><\/div><\/a><\/div><\/div><\/article><\/div><div class=\"vce-posts-grid-item\"><article class=\"vce-posts-grid-item-inner\"><div class=\"vce-post-description vce-post-description--full vce-post-description--title-color-b-0-53-150 vce-post-description--excerpt-color-4e4e4e vce-post-description--author-color-ffce00 vce-post-description--meta-color-b-215-223-228\"><div class=\"vce-post-description--image lazyload\" style=\"background-image:inherit\" data-bg-image=\"url(https:\/\/www.reddingsbrigadenoordwijk.nl\/wp-content\/uploads\/2021\/03\/photo-1503004846145-227fb65decef.jpg)\"><a href=\"https:\/\/www.reddingsbrigadenoordwijk.nl\/de\/strand\/wetter-und-zeiten\/\"><\/a><\/div><div class=\"vce-post-description--content\"><h3 class=\"vce-post-description--title\"><a href=\"https:\/\/www.reddingsbrigadenoordwijk.nl\/de\/strand\/wetter-und-zeiten\/\">Wetter und Gezeiten<\/a><\/h3><a href=\"https:\/\/www.reddingsbrigadenoordwijk.nl\/de\/strand\/wetter-und-zeiten\/\" class=\"vce-post-link\"><div class=\"vce-button--style-basic-container vce-button--style-basic-container--align-left\"><span class=\"vce-button--style-basic-wrapper vce\" id=\"el-c7a99338\" data-vce-do-apply=\"margin el-c7a99338\"><button class=\"vce-button--style-basic vce-button--style-basic--border-square vce-button--style-basic--size-medium vce-button--style-basic--color-b-0-53-150--fff vce-button--style-basic--hover-color-b-255-87-0--b-255-255-255\" data-vce-do-apply=\"padding border background  el-c7a99338\">Mehr lesen<\/button><\/span><\/div><\/a><\/div><\/div><\/article><\/div><div class=\"vce-posts-grid-item\"><article class=\"vce-posts-grid-item-inner\"><div class=\"vce-post-description vce-post-description--full vce-post-description--title-color-b-0-53-150 vce-post-description--excerpt-color-4e4e4e vce-post-description--author-color-ffce00 vce-post-description--meta-color-b-215-223-228\"><div class=\"vce-post-description--image lazyload\" style=\"background-image:inherit\" data-bg-image=\"url(https:\/\/www.reddingsbrigadenoordwijk.nl\/wp-content\/uploads\/2021\/03\/photo-1603205998149-d2735ff78528.jpg)\"><a href=\"https:\/\/www.reddingsbrigadenoordwijk.nl\/de\/strand\/meeresleben\/\"><\/a><\/div><div class=\"vce-post-description--content\"><h3 class=\"vce-post-description--title\"><a href=\"https:\/\/www.reddingsbrigadenoordwijk.nl\/de\/strand\/meeresleben\/\">Meeresleben<\/a><\/h3><a href=\"https:\/\/www.reddingsbrigadenoordwijk.nl\/de\/strand\/meeresleben\/\" class=\"vce-post-link\"><div class=\"vce-button--style-basic-container vce-button--style-basic-container--align-left\"><span class=\"vce-button--style-basic-wrapper vce\" id=\"el-c7a99338\" data-vce-do-apply=\"margin el-c7a99338\"><button class=\"vce-button--style-basic vce-button--style-basic--border-square vce-button--style-basic--size-medium vce-button--style-basic--color-b-0-53-150--fff vce-button--style-basic--hover-color-b-255-87-0--b-255-255-255\" data-vce-do-apply=\"padding border background  el-c7a99338\">Mehr lesen<\/button><\/span><\/div><\/a><\/div><\/div><\/article><\/div><div class=\"vce-posts-grid-item\"><article class=\"vce-posts-grid-item-inner\"><div class=\"vce-post-description vce-post-description--full vce-post-description--title-color-b-0-53-150 vce-post-description--excerpt-color-4e4e4e vce-post-description--author-color-ffce00 vce-post-description--meta-color-b-215-223-228\"><div class=\"vce-post-description--image lazyload\" style=\"background-image:inherit\" data-bg-image=\"url(https:\/\/www.reddingsbrigadenoordwijk.nl\/wp-content\/uploads\/2021\/03\/photo-1551811093-d2411a99d02d.jpg)\"><a href=\"https:\/\/www.reddingsbrigadenoordwijk.nl\/de\/strand\/strandflyer\/\"><\/a><\/div><div class=\"vce-post-description--content\"><h3 class=\"vce-post-description--title\"><a href=\"https:\/\/www.reddingsbrigadenoordwijk.nl\/de\/strand\/strandflyer\/\">Strand-Brosch\u00fcren<\/a><\/h3><a href=\"https:\/\/www.reddingsbrigadenoordwijk.nl\/de\/strand\/strandflyer\/\" class=\"vce-post-link\"><div class=\"vce-button--style-basic-container vce-button--style-basic-container--align-left\"><span class=\"vce-button--style-basic-wrapper vce\" id=\"el-c7a99338\" data-vce-do-apply=\"margin el-c7a99338\"><button class=\"vce-button--style-basic vce-button--style-basic--border-square vce-button--style-basic--size-medium vce-button--style-basic--color-b-0-53-150--fff vce-button--style-basic--hover-color-b-255-87-0--b-255-255-255\" data-vce-do-apply=\"padding border background  el-c7a99338\">Mehr lesen<\/button><\/span><\/div><\/a><\/div><\/div><\/article><\/div><\/div><\/div><\/div><\/div><\/div><\/div><\/div><\/div><\/div><\/div><\/div><\/div>","protected":false},"excerpt":{"rendered":"<p>Genie\u00dfen Sie das Meer, die Sonne und das Wasser? Aber seien Sie vorsichtig! Um Ihren Tag am Strand so sicher wie m\u00f6glich zu gestalten, haben wir ein paar Dinge f\u00fcr Sie aufgelistet. Bitte lesen Sie die folgenden Informationen, bevor Sie den Strand von Noordwijk genie\u00dfen. Schwimmen Sie nur an Orten, an denen es erlaubt und sicher ist.<\/p>","protected":false},"author":1,"featured_media":0,"parent":0,"menu_order":360,"comment_status":"closed","ping_status":"closed","template":"","meta":{"_acf_changed":false,"footnotes":""},"class_list":["post-131","page","type-page","status-publish","hentry"],"acf":[],"yoast_head":"<!-- This site is optimized with the Yoast SEO plugin v27.5 - https:\/\/yoast.com\/product\/yoast-seo-wordpress\/ -->\n<title>Strand - Reddingsbrigade Noordwijk<\/title>\n<meta name=\"robots\" content=\"index, follow, max-snippet:-1, max-image-preview:large, max-video-preview:-1\" \/>\n<link rel=\"canonical\" href=\"https:\/\/www.reddingsbrigadenoordwijk.nl\/de\/strand\/\" \/>\n<meta property=\"og:locale\" content=\"de_DE\" \/>\n<meta property=\"og:type\" content=\"article\" \/>\n<meta property=\"og:title\" content=\"Strand - Reddingsbrigade Noordwijk\" \/>\n<meta property=\"og:description\" content=\"Genieten van zee, zon en water? Maar dan wel veilig! Om jouw dagje strand zo veilig mogelijk te maken, hebben we een aantal dingen voor jou op een rijtje gezet. Neem onderstaande informatie eens rustig door voordat je van het Noordwijkse strand gaat genieten. Ga alleen zwemmen op plaatsen waar dit is toegestaan en waar&hellip;\" \/>\n<meta property=\"og:url\" content=\"https:\/\/www.reddingsbrigadenoordwijk.nl\/de\/strand\/\" \/>\n<meta property=\"og:site_name\" content=\"Reddingsbrigade Noordwijk\" \/>\n<meta property=\"article:modified_time\" content=\"2021-10-31T11:23:53+00:00\" \/>\n<meta name=\"twitter:card\" content=\"summary_large_image\" \/>\n<meta name=\"twitter:label1\" content=\"Gesch\u00e4tzte Lesezeit\" \/>\n\t<meta name=\"twitter:data1\" content=\"3\u00a0Minuten\" \/>\n<script type=\"application\/ld+json\" class=\"yoast-schema-graph\">{\"@context\":\"https:\\\/\\\/schema.org\",\"@graph\":[{\"@type\":\"WebPage\",\"@id\":\"https:\\\/\\\/www.reddingsbrigadenoordwijk.nl\\\/de\\\/strand\\\/\",\"url\":\"https:\\\/\\\/www.reddingsbrigadenoordwijk.nl\\\/de\\\/strand\\\/\",\"name\":\"Strand - Reddingsbrigade Noordwijk\",\"isPartOf\":{\"@id\":\"https:\\\/\\\/www.reddingsbrigadenoordwijk.nl\\\/#website\"},\"datePublished\":\"2021-01-24T22:05:16+00:00\",\"dateModified\":\"2021-10-31T11:23:53+00:00\",\"breadcrumb\":{\"@id\":\"https:\\\/\\\/www.reddingsbrigadenoordwijk.nl\\\/de\\\/strand\\\/#breadcrumb\"},\"inLanguage\":\"de\",\"potentialAction\":[{\"@type\":\"ReadAction\",\"target\":[\"https:\\\/\\\/www.reddingsbrigadenoordwijk.nl\\\/de\\\/strand\\\/\"]}]},{\"@type\":\"BreadcrumbList\",\"@id\":\"https:\\\/\\\/www.reddingsbrigadenoordwijk.nl\\\/de\\\/strand\\\/#breadcrumb\",\"itemListElement\":[{\"@type\":\"ListItem\",\"position\":1,\"name\":\"Home\",\"item\":\"https:\\\/\\\/www.reddingsbrigadenoordwijk.nl\\\/\"},{\"@type\":\"ListItem\",\"position\":2,\"name\":\"Strand\"}]},{\"@type\":\"WebSite\",\"@id\":\"https:\\\/\\\/www.reddingsbrigadenoordwijk.nl\\\/#website\",\"url\":\"https:\\\/\\\/www.reddingsbrigadenoordwijk.nl\\\/\",\"name\":\"Reddingsbrigade Noordwijk\",\"description\":\"NRB\",\"potentialAction\":[{\"@type\":\"SearchAction\",\"target\":{\"@type\":\"EntryPoint\",\"urlTemplate\":\"https:\\\/\\\/www.reddingsbrigadenoordwijk.nl\\\/?s={search_term_string}\"},\"query-input\":{\"@type\":\"PropertyValueSpecification\",\"valueRequired\":true,\"valueName\":\"search_term_string\"}}],\"inLanguage\":\"de\"}]}<\/script>\n<!-- \/ Yoast SEO plugin. -->","yoast_head_json":{"title":"Strand - Reddingsbrigade Noordwijk","robots":{"index":"index","follow":"follow","max-snippet":"max-snippet:-1","max-image-preview":"max-image-preview:large","max-video-preview":"max-video-preview:-1"},"canonical":"https:\/\/www.reddingsbrigadenoordwijk.nl\/de\/strand\/","og_locale":"de_DE","og_type":"article","og_title":"Strand - Reddingsbrigade Noordwijk","og_description":"Genieten van zee, zon en water? Maar dan wel veilig! Om jouw dagje strand zo veilig mogelijk te maken, hebben we een aantal dingen voor jou op een rijtje gezet. Neem onderstaande informatie eens rustig door voordat je van het Noordwijkse strand gaat genieten. Ga alleen zwemmen op plaatsen waar dit is toegestaan en waar&hellip;","og_url":"https:\/\/www.reddingsbrigadenoordwijk.nl\/de\/strand\/","og_site_name":"Reddingsbrigade Noordwijk","article_modified_time":"2021-10-31T11:23:53+00:00","twitter_card":"summary_large_image","twitter_misc":{"Gesch\u00e4tzte Lesezeit":"3\u00a0Minuten"},"schema":{"@context":"https:\/\/schema.org","@graph":[{"@type":"WebPage","@id":"https:\/\/www.reddingsbrigadenoordwijk.nl\/de\/strand\/","url":"https:\/\/www.reddingsbrigadenoordwijk.nl\/de\/strand\/","name":"Strand - Reddingsbrigade Noordwijk","isPartOf":{"@id":"https:\/\/www.reddingsbrigadenoordwijk.nl\/#website"},"datePublished":"2021-01-24T22:05:16+00:00","dateModified":"2021-10-31T11:23:53+00:00","breadcrumb":{"@id":"https:\/\/www.reddingsbrigadenoordwijk.nl\/de\/strand\/#breadcrumb"},"inLanguage":"de","potentialAction":[{"@type":"ReadAction","target":["https:\/\/www.reddingsbrigadenoordwijk.nl\/de\/strand\/"]}]},{"@type":"BreadcrumbList","@id":"https:\/\/www.reddingsbrigadenoordwijk.nl\/de\/strand\/#breadcrumb","itemListElement":[{"@type":"ListItem","position":1,"name":"Home","item":"https:\/\/www.reddingsbrigadenoordwijk.nl\/"},{"@type":"ListItem","position":2,"name":"Strand"}]},{"@type":"WebSite","@id":"https:\/\/www.reddingsbrigadenoordwijk.nl\/#website","url":"https:\/\/www.reddingsbrigadenoordwijk.nl\/","name":"Rettungsmannschaft Noordwijk","description":"NRB","potentialAction":[{"@type":"SearchAction","target":{"@type":"EntryPoint","urlTemplate":"https:\/\/www.reddingsbrigadenoordwijk.nl\/?s={search_term_string}"},"query-input":{"@type":"PropertyValueSpecification","valueRequired":true,"valueName":"search_term_string"}}],"inLanguage":"de"}]}},"_links":{"self":[{"href":"https:\/\/www.reddingsbrigadenoordwijk.nl\/de\/wp-json\/wp\/v2\/pages\/131","targetHints":{"allow":["GET"]}}],"collection":[{"href":"https:\/\/www.reddingsbrigadenoordwijk.nl\/de\/wp-json\/wp\/v2\/pages"}],"about":[{"href":"https:\/\/www.reddingsbrigadenoordwijk.nl\/de\/wp-json\/wp\/v2\/types\/page"}],"author":[{"embeddable":true,"href":"https:\/\/www.reddingsbrigadenoordwijk.nl\/de\/wp-json\/wp\/v2\/users\/1"}],"replies":[{"embeddable":true,"href":"https:\/\/www.reddingsbrigadenoordwijk.nl\/de\/wp-json\/wp\/v2\/comments?post=131"}],"version-history":[{"count":0,"href":"https:\/\/www.reddingsbrigadenoordwijk.nl\/de\/wp-json\/wp\/v2\/pages\/131\/revisions"}],"wp:attachment":[{"href":"https:\/\/www.reddingsbrigadenoordwijk.nl\/de\/wp-json\/wp\/v2\/media?parent=131"}],"curies":[{"name":"wp","href":"https:\/\/api.w.org\/{rel}","templated":true}]}}