{"id":122,"date":"2021-01-24T23:05:16","date_gmt":"2021-01-24T22:05:16","guid":{"rendered":"https:\/\/www.reddingsbrigadenoordwijk.nl\/lifesaving\/lifesaving-zwemopleidingen\/"},"modified":"2022-03-11T16:14:15","modified_gmt":"2022-03-11T15:14:15","slug":"lifesaving-zwemopleidingen","status":"publish","type":"page","link":"https:\/\/www.reddingsbrigadenoordwijk.nl\/de\/lebensrettung\/schwimmkurse-fur-rettungsschwimmer\/","title":{"rendered":"Lebensrettende Schwimmkurse"},"content":{"rendered":"<div class=\"vce-section\"><div class=\"vce-section-inner vce-element--has-background\" data-vce-full-width=\"true\" id=\"el-e922f66a\" data-vce-do-apply=\"all el-e922f66a\"><div class=\"vce-content-background-container\"><div class=\"vce-asset-background-simple-container vce-visible-all-only vce-asset-background-simple--style-cover vce-asset-background-simple--position-center-center\"><div class=\"vce-asset-background-simple\"><div class=\"vce-asset-background-simple-item lazyload\" style=\"background-image:inherit;\" data-bg-image=\"url(&#039;https:\/\/www.reddingsbrigadenoordwijk.nl\/wp-content\/uploads\/2021\/02\/photo-1544986764-d98b394f0648.jpg&#039;)\"><\/div><\/div><\/div><div class=\"vce-asset-color-gradient-container vce-visible-all-only\" data-vce-do-apply=\"gradient el-e922f66a\"><\/div><\/div><div data-vce-element-content=\"true\"><div class=\"vce-row-container\" data-vce-boxed-width=\"true\"><div class=\"vce-row vce-element--has-background vce-row--col-gap-30 vce-row-equal-height vce-row-content--top\" vce-box-shadow=\"el-7100a751\" id=\"el-7100a751\" data-vce-do-apply=\"all el-7100a751\"><div class=\"vce-content-background-container\"><\/div><div class=\"vce-row-content\" data-vce-element-content=\"true\"><div class=\"vce-col vce-col--md-auto vce-col--xs-1 vce-col--xs-last vce-col--xs-first vce-col--sm-last vce-col--sm-first vce-col--md-last vce-col--lg-last vce-col--xl-last vce-col--md-first vce-col--lg-first vce-col--xl-first\" id=\"el-c3414c8e\"><div class=\"vce-col-inner\" data-vce-do-apply=\"border margin background  el-c3414c8e\"><div class=\"vce-col-content\" data-vce-element-content=\"true\" data-vce-do-apply=\"padding el-c3414c8e\"><div class=\"vce-text-block\"><div class=\"vce-text-block-wrapper vce\" id=\"el-7d9f7eb3\" data-vce-do-apply=\"all el-7d9f7eb3\"><h1>Lebensrettende Schwimmkurse<\/h1><\/div><\/div><div class=\"vce-text-block\"><div class=\"vce-text-block-wrapper vce\" id=\"el-e9b8a144\" data-vce-do-apply=\"all el-e9b8a144\"><p style=\"text-align: right;\"><span><span><a href=\"https:\/\/www.reddingsbrigadenoordwijk.nl\/de\/\">Startseite<\/a><\/span><\/span><\/p><\/div><\/div><\/div><\/div><\/div><\/div><\/div><\/div><div class=\"vce-row-container\"><div class=\"vce-row vce-element--has-background vce-row--col-gap-30 vce-row-equal-height vce-row-content--top\" data-vce-full-width=\"true\" id=\"el-6674ac19\" data-vce-do-apply=\"all el-6674ac19\"><div class=\"vce-content-background-container\"><\/div><div class=\"vce-row-content\" data-vce-element-content=\"true\"><div class=\"vce-col vce-col--md-auto vce-col--xs-1 vce-col--xs-last vce-col--xs-first vce-col--sm-last vce-col--sm-first vce-col--md-last vce-col--lg-last vce-col--xl-last vce-col--md-first vce-col--lg-first vce-col--xl-first\" id=\"el-a735458b\"><div class=\"vce-col-inner\" data-vce-do-apply=\"border margin background  el-a735458b\"><div class=\"vce-col-content\" data-vce-element-content=\"true\" data-vce-do-apply=\"padding el-a735458b\"><div class=\"vce-empty-space-container\" id=\"el-70c1bf34\" data-vce-do-apply=\"margin el-70c1bf34\" style=\"--heightxs:18px; --heightsm:18px; --heightmd:18px; --heightlg:18px; --heightxl:18px;\"><div class=\"vce vce-empty-space\" data-vce-do-apply=\"border padding background  el-70c1bf34\"><\/div><\/div><\/div><\/div><\/div><\/div><\/div><\/div><\/div><\/div><\/div><div class=\"vce-section\" data-vce-boxed-width=\"true\"><div class=\"vce-section-inner\" id=\"el-0d9a399d\" data-vce-do-apply=\"all el-0d9a399d\"><div class=\"vce-content-background-container\"><\/div><div data-vce-element-content=\"true\"><div class=\"vce-row-container\" data-vce-boxed-width=\"true\"><div class=\"vce-row vce-row--col-gap-30 vce-row-equal-height vce-row-content--top\" id=\"el-a0d92476\" data-vce-do-apply=\"all el-a0d92476\"><div class=\"vce-row-content\" data-vce-element-content=\"true\"><div class=\"vce-col vce-col--md-66-66p vce-col--xs-1 vce-col--xs-last vce-col--xs-first vce-col--sm-last vce-col--sm-first vce-col--md-first vce-col--lg-first vce-col--xl-first\" id=\"el-fa0b3448\"><div class=\"vce-col-inner\" data-vce-do-apply=\"border margin background  el-fa0b3448\"><div class=\"vce-col-content\" data-vce-element-content=\"true\" data-vce-do-apply=\"padding el-fa0b3448\"><div class=\"vce-text-block\"><div class=\"vce-text-block-wrapper vce\" id=\"el-5d9b7b4a\" data-vce-do-apply=\"all el-5d9b7b4a\"><p>Nach bestandenem Schwimm-ABC k\u00f6nnen Sie bei der Rettungsbrigade Noordwijk die Ausbildung in der Rettungsschwimmer-Diplomlinie fortsetzen. In diesem Kurs lernen Sie auf sportliche Art und Weise, wie Sie Ihre Selbstst\u00e4ndigkeit steigern k\u00f6nnen. Dar\u00fcber hinaus erlernen Sie die Grundfertigkeiten der Schwimmrettung. Lebensretter k\u00f6nnen sich und andere in einer Notsituation retten. Es gibt verschiedene Diplome, die mit steigendem Schwierigkeitsgrad erworben werden k\u00f6nnen.<\/p><\/div><\/div><div class=\"vce-text-block\"><div class=\"vce-text-block-wrapper vce\" id=\"el-38d7c6dd\" data-vce-do-apply=\"all el-38d7c6dd\"><h2>Fahrplan<\/h2>\n<p>Der Schwimmkurs f\u00fcr Lebensretter findet statt am <strong>Dienstagabend<\/strong> im Wettkampfbecken des Schwimmbads Binnenzee. Die Lektionen sind in die folgenden Zeiten unterteilt:&nbsp;<\/p>\n<ul>\n<li><strong>Junior-Retter:&nbsp;<\/strong>19:00-19:40 und 19:40-20:20 (je nach Alter)<\/li>\n<li><strong>Rettungsschwimmer:<\/strong> 19:40-20:20<\/li>\n<li><strong>Lebensretter:<\/strong> 19:40-20:20 oder 20:20-21:00 Uhr<\/li>\n<\/ul><\/div><\/div><div class=\"vce-text-block\"><div class=\"vce-text-block-wrapper vce\" id=\"el-ae74c10a\" data-vce-do-apply=\"all el-ae74c10a\"><h2>Junior Rettungsschwimmer (1 bis 4)<\/h2>\n<p>Kinder k\u00f6nnen nach Bestehen des Schwimmabzeichens (Zwem-ABC) zum Junior Lifeguard aufsteigen. Hauptziel ist es, auf spielerische Art und Weise die Selbstst\u00e4ndigkeit zu st\u00e4rken. Es wird viel Wert auf die Verbesserung der Schwimmtechnik und die Bew\u00e4ltigung besonderer Situationen im Wasser gelegt. Die Kinder werden auch mit der Rettungsausr\u00fcstung vertraut gemacht und lernen, wie sie sich und andere durch eine Trockenrettung (Rettung vom Ufer aus) retten k\u00f6nnen.<\/p><\/div><\/div><div class=\"vce-button--style-basic-container vce-button--style-basic-container--align-left\"><span class=\"vce-button--style-basic-wrapper vce\" id=\"el-d5c5e6c6\" data-vce-do-apply=\"margin el-d5c5e6c6\"><a class=\"vce-button vce-button--style-basic vce-button--style-basic--border-square vce-button--style-basic--size-medium vce-button--style-basic--color-b-255-87-0--fff\" href=\"https:\/\/www.reddingsbrigadenoordwijk.nl\/de\/over-ons\/lid-worden\/\" title=\"\" data-vce-do-apply=\"padding border background  el-d5c5e6c6\">Anmeldung Junior Lifeguard<\/a><\/span><\/div><div class=\"vce-text-block\"><div class=\"vce-text-block-wrapper vce\" id=\"el-4a1b0616\" data-vce-do-apply=\"all el-4a1b0616\"><h2>Rettungsschwimmer (1 bis 4)<\/h2>\n<p>Das Swim-Lifesaver-Programm lehrt, wie man eine Trockenrettung (vom Ufer aus) und eine (nasse) Rettung durch Schwimmen durchf\u00fchrt, m\u00f6glicherweise mit Hilfe und Rettungsausr\u00fcstung. Der Schwerpunkt liegt auf der Ann\u00e4herung und dem Transport einer ertrinkenden Person. Zusammenarbeit ist der Schl\u00fcssel. Besonderes Augenmerk wird auf das Handeln bei einem Unfall, die Suche nach Ertrinkenden in unbekannten Gew\u00e4ssern und die Gew\u00e4hrleistung der Sicherheit von Retter und Ertrinkendem w\u00e4hrend einer Rettung gelegt.<\/p>\n<p>Ein Rettungsschwimmer kann eine ertrinkende Person retten, indem er sie sucht, sich ihr n\u00e4hert und sie transportiert, m\u00f6glicherweise mit zus\u00e4tzlicher Hilfe und Rettungsausr\u00fcstung.<\/p><\/div><\/div><div class=\"vce-button--style-basic-container vce-button--style-basic-container--align-left\"><span class=\"vce-button--style-basic-wrapper vce\" id=\"el-ed2fb2ac\" data-vce-do-apply=\"margin el-ed2fb2ac\"><a class=\"vce-button vce-button--style-basic vce-button--style-basic--border-square vce-button--style-basic--size-medium vce-button--style-basic--color-b-255-87-0--fff\" href=\"https:\/\/www.reddingsbrigadenoordwijk.nl\/de\/over-ons\/lid-worden\/\" title=\"\" data-vce-do-apply=\"padding border background  el-ed2fb2ac\">Registrieren Sie sich f\u00fcr Swimmer's Rescue<\/a><\/span><\/div><div class=\"vce-text-block\"><div class=\"vce-text-block-wrapper vce\" id=\"el-ebfe214c\" data-vce-do-apply=\"all el-ebfe214c\"><h2>Lebensretter (1 bis 3)<\/h2>\n<p>In den Kursen Junior Lifeguard und Lifeguard werden die verschiedenen Rettungsmethoden unterrichtet. W\u00e4hrend der Livesaver-Schulung lernen Sie, unter welchen Umst\u00e4nden diese Rettungsmethoden eingesetzt werden k\u00f6nnen. Wann f\u00fchren Sie eine Trocken- oder Nassrettung durch und mit welchen Hilfsmitteln oder Rettungsger\u00e4ten?&nbsp;&nbsp;<\/p>\n<p>Mit dem Lifesaver-Diplom lernen Sie, in einer Gruppe zu arbeiten und verschiedene Probleme gemeinsam zu l\u00f6sen.  Neben der Praxis im Schwimmbad wird f\u00fcr diese Diplomlinie auch Theorieunterricht erteilt. Erste Hilfe zu leisten ist Teil der Ausbildung.<\/p><\/div><\/div><div class=\"vce-button--style-basic-container vce-button--style-basic-container--align-left\"><span class=\"vce-button--style-basic-wrapper vce\" id=\"el-25a72086\" data-vce-do-apply=\"margin el-25a72086\"><a class=\"vce-button vce-button--style-basic vce-button--style-basic--border-square vce-button--style-basic--size-medium vce-button--style-basic--color-b-255-87-0--fff\" href=\"https:\/\/www.reddingsbrigadenoordwijk.nl\/de\/over-ons\/lid-worden\/\" title=\"\" data-vce-do-apply=\"padding border background  el-25a72086\">Anmeldung Lifesaver<\/a><\/span><\/div><\/div><\/div><\/div><div class=\"vce-col vce-col--md-33-34p vce-col--xs-1 vce-col--xs-last vce-col--xs-first vce-col--sm-last vce-col--sm-first vce-col--md-last vce-col--lg-last vce-col--xl-last\" id=\"el-a0e6c165\"><div class=\"vce-col-inner\" data-vce-do-apply=\"border margin background  el-a0e6c165\"><div class=\"vce-col-content\" data-vce-element-content=\"true\" data-vce-do-apply=\"padding el-a0e6c165\"><div class=\"vce-text-block\"><div class=\"vce-text-block-wrapper vce\" id=\"el-737bbca7\" data-vce-do-apply=\"all el-737bbca7\"><h2><strong>Kontakt<\/strong><\/h2>\n<p>Wenn Sie Fragen zum Schwimmunterricht am Dienstagabend haben, wenden Sie sich bitte an unsere Schwimmlehrer oder an die Schwimmbadleitung nach dem Unterricht.<\/p><\/div><\/div><div class=\"vce-button--style-basic-container vce-button--style-basic-container--align-left\"><span class=\"vce-button--style-basic-wrapper vce\" id=\"el-09e20419\" data-vce-do-apply=\"margin el-09e20419\"><a class=\"vce-button vce-button--style-basic vce-button--style-basic--border-square vce-button--style-basic--size-medium vce-button--style-basic--color-b-255-87-0--fff\" href=\"mailto:zwembadadministratie@reddingsbrigadenoordwijk.nl\" title=\"\" data-vce-do-apply=\"padding border background  el-09e20419\">E-Mail an die Schwimmleitung<\/a><\/span><\/div><div class=\"vce-text-block\"><div class=\"vce-text-block-wrapper vce\" id=\"el-d4ea6b56\" data-vce-do-apply=\"all el-d4ea6b56\"><h2><strong>Rettungsschwimmer Strand<\/strong><\/h2>\n<p>M\u00f6chten Sie Ihre F\u00e4higkeiten weiter ausbauen? Dann melden Sie sich f\u00fcr die Fortbildung zum Rettungsschwimmer am Strand an.<\/p><\/div><\/div><div class=\"vce-button--style-basic-container vce-button--style-basic-container--align-left\"><span class=\"vce-button--style-basic-wrapper vce\" id=\"el-6e655c66\" data-vce-do-apply=\"margin el-6e655c66\"><a class=\"vce-button vce-button--style-basic vce-button--style-basic--border-square vce-button--style-basic--size-medium vce-button--style-basic--color-b-255-87-0--fff\" href=\"https:\/\/www.reddingsbrigadenoordwijk.nl\/de\/over-ons\/vrijwilliger-worden\/\" title=\"\" data-vce-do-apply=\"padding border background  el-6e655c66\">Anmeldung Rettungsschwimmer<\/a><\/span><\/div><\/div><\/div><\/div><\/div><\/div><\/div><\/div><\/div><\/div>","protected":false},"excerpt":{"rendered":"","protected":false},"author":1,"featured_media":0,"parent":121,"menu_order":270,"comment_status":"closed","ping_status":"closed","template":"","meta":{"_acf_changed":false,"footnotes":""},"class_list":["post-122","page","type-page","status-publish","hentry"],"acf":[],"yoast_head":"<!-- This site is optimized with the Yoast SEO plugin v27.5 - https:\/\/yoast.com\/product\/yoast-seo-wordpress\/ -->\n<title>Lifesaving zwemopleidingen - Reddingsbrigade Noordwijk<\/title>\n<meta name=\"robots\" content=\"index, follow, max-snippet:-1, max-image-preview:large, max-video-preview:-1\" \/>\n<link rel=\"canonical\" href=\"https:\/\/www.reddingsbrigadenoordwijk.nl\/de\/lifesaving\/lifesaving-zwemopleidingen\/\" \/>\n<meta property=\"og:locale\" content=\"de_DE\" \/>\n<meta property=\"og:type\" content=\"article\" \/>\n<meta property=\"og:title\" content=\"Lifesaving zwemopleidingen - Reddingsbrigade Noordwijk\" \/>\n<meta property=\"og:url\" content=\"https:\/\/www.reddingsbrigadenoordwijk.nl\/de\/lifesaving\/lifesaving-zwemopleidingen\/\" \/>\n<meta property=\"og:site_name\" content=\"Reddingsbrigade Noordwijk\" \/>\n<meta property=\"article:modified_time\" content=\"2022-03-11T15:14:15+00:00\" \/>\n<meta name=\"twitter:card\" content=\"summary_large_image\" \/>\n<meta name=\"twitter:label1\" content=\"Gesch\u00e4tzte Lesezeit\" \/>\n\t<meta name=\"twitter:data1\" content=\"2\u00a0Minuten\" \/>\n<script type=\"application\/ld+json\" class=\"yoast-schema-graph\">{\"@context\":\"https:\\\/\\\/schema.org\",\"@graph\":[{\"@type\":\"WebPage\",\"@id\":\"https:\\\/\\\/www.reddingsbrigadenoordwijk.nl\\\/lifesaving\\\/lifesaving-zwemopleidingen\\\/\",\"url\":\"https:\\\/\\\/www.reddingsbrigadenoordwijk.nl\\\/lifesaving\\\/lifesaving-zwemopleidingen\\\/\",\"name\":\"Lifesaving zwemopleidingen - Reddingsbrigade Noordwijk\",\"isPartOf\":{\"@id\":\"https:\\\/\\\/www.reddingsbrigadenoordwijk.nl\\\/#website\"},\"datePublished\":\"2021-01-24T22:05:16+00:00\",\"dateModified\":\"2022-03-11T15:14:15+00:00\",\"breadcrumb\":{\"@id\":\"https:\\\/\\\/www.reddingsbrigadenoordwijk.nl\\\/lifesaving\\\/lifesaving-zwemopleidingen\\\/#breadcrumb\"},\"inLanguage\":\"de\",\"potentialAction\":[{\"@type\":\"ReadAction\",\"target\":[\"https:\\\/\\\/www.reddingsbrigadenoordwijk.nl\\\/lifesaving\\\/lifesaving-zwemopleidingen\\\/\"]}]},{\"@type\":\"BreadcrumbList\",\"@id\":\"https:\\\/\\\/www.reddingsbrigadenoordwijk.nl\\\/lifesaving\\\/lifesaving-zwemopleidingen\\\/#breadcrumb\",\"itemListElement\":[{\"@type\":\"ListItem\",\"position\":1,\"name\":\"Home\",\"item\":\"https:\\\/\\\/www.reddingsbrigadenoordwijk.nl\\\/\"},{\"@type\":\"ListItem\",\"position\":2,\"name\":\"Lifesaving\",\"item\":\"https:\\\/\\\/www.reddingsbrigadenoordwijk.nl\\\/lifesaving\\\/\"},{\"@type\":\"ListItem\",\"position\":3,\"name\":\"Lifesaving zwemopleidingen\"}]},{\"@type\":\"WebSite\",\"@id\":\"https:\\\/\\\/www.reddingsbrigadenoordwijk.nl\\\/#website\",\"url\":\"https:\\\/\\\/www.reddingsbrigadenoordwijk.nl\\\/\",\"name\":\"Reddingsbrigade Noordwijk\",\"description\":\"NRB\",\"potentialAction\":[{\"@type\":\"SearchAction\",\"target\":{\"@type\":\"EntryPoint\",\"urlTemplate\":\"https:\\\/\\\/www.reddingsbrigadenoordwijk.nl\\\/?s={search_term_string}\"},\"query-input\":{\"@type\":\"PropertyValueSpecification\",\"valueRequired\":true,\"valueName\":\"search_term_string\"}}],\"inLanguage\":\"de\"}]}<\/script>\n<!-- \/ Yoast SEO plugin. -->","yoast_head_json":{"title":"Schwimmkurse f\u00fcr Rettungsschwimmer - Reddingsbrigade Noordwijk","robots":{"index":"index","follow":"follow","max-snippet":"max-snippet:-1","max-image-preview":"max-image-preview:large","max-video-preview":"max-video-preview:-1"},"canonical":"https:\/\/www.reddingsbrigadenoordwijk.nl\/de\/lifesaving\/lifesaving-zwemopleidingen\/","og_locale":"de_DE","og_type":"article","og_title":"Lifesaving zwemopleidingen - Reddingsbrigade Noordwijk","og_url":"https:\/\/www.reddingsbrigadenoordwijk.nl\/de\/lifesaving\/lifesaving-zwemopleidingen\/","og_site_name":"Reddingsbrigade Noordwijk","article_modified_time":"2022-03-11T15:14:15+00:00","twitter_card":"summary_large_image","twitter_misc":{"Gesch\u00e4tzte Lesezeit":"2\u00a0Minuten"},"schema":{"@context":"https:\/\/schema.org","@graph":[{"@type":"WebPage","@id":"https:\/\/www.reddingsbrigadenoordwijk.nl\/lifesaving\/lifesaving-zwemopleidingen\/","url":"https:\/\/www.reddingsbrigadenoordwijk.nl\/lifesaving\/lifesaving-zwemopleidingen\/","name":"Schwimmkurse f\u00fcr Rettungsschwimmer - Reddingsbrigade Noordwijk","isPartOf":{"@id":"https:\/\/www.reddingsbrigadenoordwijk.nl\/#website"},"datePublished":"2021-01-24T22:05:16+00:00","dateModified":"2022-03-11T15:14:15+00:00","breadcrumb":{"@id":"https:\/\/www.reddingsbrigadenoordwijk.nl\/lifesaving\/lifesaving-zwemopleidingen\/#breadcrumb"},"inLanguage":"de","potentialAction":[{"@type":"ReadAction","target":["https:\/\/www.reddingsbrigadenoordwijk.nl\/lifesaving\/lifesaving-zwemopleidingen\/"]}]},{"@type":"BreadcrumbList","@id":"https:\/\/www.reddingsbrigadenoordwijk.nl\/lifesaving\/lifesaving-zwemopleidingen\/#breadcrumb","itemListElement":[{"@type":"ListItem","position":1,"name":"Home","item":"https:\/\/www.reddingsbrigadenoordwijk.nl\/"},{"@type":"ListItem","position":2,"name":"Lifesaving","item":"https:\/\/www.reddingsbrigadenoordwijk.nl\/lifesaving\/"},{"@type":"ListItem","position":3,"name":"Lifesaving zwemopleidingen"}]},{"@type":"WebSite","@id":"https:\/\/www.reddingsbrigadenoordwijk.nl\/#website","url":"https:\/\/www.reddingsbrigadenoordwijk.nl\/","name":"Rettungsmannschaft Noordwijk","description":"NRB","potentialAction":[{"@type":"SearchAction","target":{"@type":"EntryPoint","urlTemplate":"https:\/\/www.reddingsbrigadenoordwijk.nl\/?s={search_term_string}"},"query-input":{"@type":"PropertyValueSpecification","valueRequired":true,"valueName":"search_term_string"}}],"inLanguage":"de"}]}},"_links":{"self":[{"href":"https:\/\/www.reddingsbrigadenoordwijk.nl\/de\/wp-json\/wp\/v2\/pages\/122","targetHints":{"allow":["GET"]}}],"collection":[{"href":"https:\/\/www.reddingsbrigadenoordwijk.nl\/de\/wp-json\/wp\/v2\/pages"}],"about":[{"href":"https:\/\/www.reddingsbrigadenoordwijk.nl\/de\/wp-json\/wp\/v2\/types\/page"}],"author":[{"embeddable":true,"href":"https:\/\/www.reddingsbrigadenoordwijk.nl\/de\/wp-json\/wp\/v2\/users\/1"}],"replies":[{"embeddable":true,"href":"https:\/\/www.reddingsbrigadenoordwijk.nl\/de\/wp-json\/wp\/v2\/comments?post=122"}],"version-history":[{"count":0,"href":"https:\/\/www.reddingsbrigadenoordwijk.nl\/de\/wp-json\/wp\/v2\/pages\/122\/revisions"}],"up":[{"embeddable":true,"href":"https:\/\/www.reddingsbrigadenoordwijk.nl\/de\/wp-json\/wp\/v2\/pages\/121"}],"wp:attachment":[{"href":"https:\/\/www.reddingsbrigadenoordwijk.nl\/de\/wp-json\/wp\/v2\/media?parent=122"}],"curies":[{"name":"wp","href":"https:\/\/api.w.org\/{rel}","templated":true}]}}