{"id":117,"date":"2021-01-24T23:05:16","date_gmt":"2021-01-24T22:05:16","guid":{"rendered":"https:\/\/www.reddingsbrigadenoordwijk.nl\/lifeguards\/materiaal\/"},"modified":"2021-10-31T11:54:25","modified_gmt":"2021-10-31T10:54:25","slug":"materiaal","status":"publish","type":"page","link":"https:\/\/www.reddingsbrigadenoordwijk.nl\/de\/rettungsschwimmer\/material\/","title":{"rendered":"Material"},"content":{"rendered":"<div class=\"vce-section\"><div class=\"vce-section-inner vce-element--has-background\" data-vce-full-width=\"true\" id=\"el-64dbc4d0\" data-vce-dynamic-image-all=\"64dbc4d0\" data-vce-do-apply=\"all el-64dbc4d0\"><div class=\"vce-content-background-container\"><div class=\"vce-asset-background-simple-container vce-visible-all-only vce-asset-background-simple--style-cover vce-asset-background-simple--position-center-center\"><div class=\"vce-asset-background-simple\"><div class=\"vce-asset-background-simple-item lazyload\" style=\"background-image:inherit;\" data-bg-image=\"url(&#039;https:\/\/www.reddingsbrigadenoordwijk.nl\/wp-content\/uploads\/2021\/04\/118444461_2640908846161723_3746550858038218775_o.jpg?vcv-dynamic-field=featured_image&amp;alt=&amp;caption=&amp;title=118444461_2640908846161723_3746550858038218775_o&#039;)\"><\/div><\/div><\/div><div class=\"vce-asset-color-gradient-container vce-visible-all-only\" data-vce-do-apply=\"gradient el-64dbc4d0\"><\/div><\/div><div data-vce-element-content=\"true\"><div class=\"vce-row-container\" data-vce-boxed-width=\"true\"><div class=\"vce-row vce-element--has-background vce-row--col-gap-30 vce-row-equal-height vce-row-content--top\" vce-box-shadow=\"el-39ae5eb2\" id=\"el-39ae5eb2\" data-vce-do-apply=\"all el-39ae5eb2\"><div class=\"vce-content-background-container\"><\/div><div class=\"vce-row-content\" data-vce-element-content=\"true\"><div class=\"vce-col vce-col--md-auto vce-col--xs-1 vce-col--xs-last vce-col--xs-first vce-col--sm-last vce-col--sm-first vce-col--md-last vce-col--lg-last vce-col--xl-last vce-col--md-first vce-col--lg-first vce-col--xl-first\" id=\"el-35a3a5fe\"><div class=\"vce-col-inner\" data-vce-do-apply=\"border margin background  el-35a3a5fe\"><div class=\"vce-col-content\" data-vce-element-content=\"true\" data-vce-do-apply=\"padding el-35a3a5fe\"><div class=\"vce-text-block\"><div class=\"vce-text-block-wrapper vce\" id=\"el-ea51a872\" data-vce-do-apply=\"all el-ea51a872\"><h1>Material<\/h1><\/div><\/div><div class=\"vce-text-block\"><div class=\"vce-text-block-wrapper vce\" id=\"el-5704bbc0\" data-vce-do-apply=\"all el-5704bbc0\"><p style=\"text-align: right;\"><span><span><a href=\"https:\/\/www.reddingsbrigadenoordwijk.nl\/de\/\">Startseite<\/a><\/span><\/span><\/p><\/div><\/div><\/div><\/div><\/div><\/div><\/div><\/div><\/div><\/div><\/div><div class=\"vce-section\" data-vce-boxed-width=\"true\"><div class=\"vce-section-inner vce-element--has-background\" id=\"el-2305aadf\" data-vce-do-apply=\"all el-2305aadf\"><div class=\"vce-content-background-container\"><\/div><div data-vce-element-content=\"true\"><div class=\"vce-row-container\" data-vce-boxed-width=\"true\"><div class=\"vce-row vce-row--col-gap-30 vce-row-equal-height vce-row-content--top\" id=\"el-36ac43bc\" data-vce-do-apply=\"all el-36ac43bc\"><div class=\"vce-row-content\" data-vce-element-content=\"true\"><div class=\"vce-col vce-col--md-auto vce-col--xs-1 vce-col--xs-last vce-col--xs-first vce-col--sm-last vce-col--sm-first vce-col--md-first vce-col--lg-first vce-col--xl-first\" id=\"el-de684fbf\"><div class=\"vce-col-inner\" data-vce-do-apply=\"border margin background  el-de684fbf\"><div class=\"vce-col-content\" data-vce-element-content=\"true\" data-vce-do-apply=\"padding el-de684fbf\"><div class=\"vce-single-image-container vce-single-image--align-left\"><div class=\"vce vce-single-image-wrapper\" id=\"el-9282ae8b\" data-vce-do-apply=\"all el-9282ae8b\"><figure><div class=\"vce-single-image-inner vce-single-image--absolute\" style=\"padding-bottom: 66.7969%; width: 1280px;\"><img decoding=\"async\" class=\"vce-single-image lazyload\"  width=\"1280\" height=\"855\"  data-src=\"https:\/\/www.reddingsbrigadenoordwijk.nl\/wp-content\/uploads\/2021\/04\/IMG-20200802-WA0002.jpg\"  data-img-data-src=\"https:\/\/www.reddingsbrigadenoordwijk.nl\/wp-content\/uploads\/2021\/04\/IMG-20200802-WA0002.jpg\" alt=\"\" title=\"IMG-20200802-WA0002\" src=\"data:image\/svg+xml;base64,PHN2ZyB3aWR0aD0iMSIgaGVpZ2h0PSIxIiB4bWxucz0iaHR0cDovL3d3dy53My5vcmcvMjAwMC9zdmciPjwvc3ZnPg==\" style=\"--smush-placeholder-width: 1280px; --smush-placeholder-aspect-ratio: 1280\/855;\" \/><noscript>\n        <img decoding=\"async\" class=\"vce-single-image\" src=\"https:\/\/www.reddingsbrigadenoordwijk.nl\/wp-content\/uploads\/2021\/04\/IMG-20200802-WA0002.jpg\" width=\"1280\" height=\"855\" alt=\"\" title=\"IMG-20200802-WA0002\" \/>\n      <\/noscript><\/div><figcaption hidden=\"\"><\/figcaption><\/figure><\/div><\/div><div class=\"vce-button--style-basic-container vce-button--style-basic-container--align-center\"><span class=\"vce-button--style-basic-wrapper vce\" id=\"el-95680b2f\" data-vce-do-apply=\"margin el-95680b2f\"><a class=\"vce-button--style-basic vce-button--style-basic--border-square vce-button--style-basic--size-medium vce-button--style-basic--color-b-0-53-150--fff vce-button--style-basic--hover-color-b-255-87-0--fff\" href=\"https:\/\/www.reddingsbrigadenoordwijk.nl\/de\/lifeguards\/materiaal\/rijdend\/\" title=\"\" data-vce-do-apply=\"padding border background  el-95680b2f\">Fahren<\/a><\/span><\/div><\/div><\/div><\/div><div class=\"vce-col vce-col--md-auto vce-col--xs-1 vce-col--xs-last vce-col--xs-first vce-col--sm-last vce-col--sm-first vce-col--md-last vce-col--lg-last vce-col--xl-last\" id=\"el-96b767f2\"><div class=\"vce-col-inner\" data-vce-do-apply=\"border margin background  el-96b767f2\"><div class=\"vce-col-content\" data-vce-element-content=\"true\" data-vce-do-apply=\"padding el-96b767f2\"><div class=\"vce-single-image-container vce-single-image--align-left\"><div class=\"vce vce-single-image-wrapper\" id=\"el-8aa1a535\" data-vce-do-apply=\"all el-8aa1a535\"><figure><div class=\"vce-single-image-inner vce-single-image--absolute\" style=\"padding-bottom: 66.7969%; width: 1024px;\"><img decoding=\"async\" class=\"vce-single-image lazyload\"  width=\"1024\" height=\"684\"  data-src=\"https:\/\/www.reddingsbrigadenoordwijk.nl\/wp-content\/uploads\/2021\/03\/IMG-20180818-WA0001.jpg\"  data-img-data-src=\"https:\/\/www.reddingsbrigadenoordwijk.nl\/wp-content\/uploads\/2021\/03\/IMG-20180818-WA0001.jpg\" alt=\"\" title=\"IMG-20180818-WA0001\" src=\"data:image\/svg+xml;base64,PHN2ZyB3aWR0aD0iMSIgaGVpZ2h0PSIxIiB4bWxucz0iaHR0cDovL3d3dy53My5vcmcvMjAwMC9zdmciPjwvc3ZnPg==\" style=\"--smush-placeholder-width: 1024px; --smush-placeholder-aspect-ratio: 1024\/684;\" \/><noscript>\n        <img decoding=\"async\" class=\"vce-single-image\" src=\"https:\/\/www.reddingsbrigadenoordwijk.nl\/wp-content\/uploads\/2021\/03\/IMG-20180818-WA0001.jpg\" width=\"1024\" height=\"684\" alt=\"\" title=\"IMG-20180818-WA0001\" \/>\n      <\/noscript><\/div><figcaption hidden=\"\"><\/figcaption><\/figure><\/div><\/div><div class=\"vce-button--style-basic-container vce-button--style-basic-container--align-center\"><span class=\"vce-button--style-basic-wrapper vce\" id=\"el-8649ca12\" data-vce-do-apply=\"margin el-8649ca12\"><a class=\"vce-button--style-basic vce-button--style-basic--border-square vce-button--style-basic--size-medium vce-button--style-basic--color-b-0-53-150--fff vce-button--style-basic--hover-color-b-255-87-0--fff\" href=\"https:\/\/www.reddingsbrigadenoordwijk.nl\/de\/lifeguards\/materiaal\/varend\/\" title=\"\" data-vce-do-apply=\"padding border background  el-8649ca12\">Segeln<\/a><\/span><\/div><\/div><\/div><\/div><\/div><\/div><\/div><div class=\"vce-row-container\" data-vce-boxed-width=\"true\"><div class=\"vce-row vce-row--col-gap-30 vce-row-equal-height vce-row-content--top\" id=\"el-3f35e8cb\" data-vce-do-apply=\"all el-3f35e8cb\"><div class=\"vce-row-content\" data-vce-element-content=\"true\"><div class=\"vce-col vce-col--md-auto vce-col--xs-1 vce-col--xs-last vce-col--xs-first vce-col--sm-last vce-col--sm-first vce-col--md-first vce-col--lg-first vce-col--xl-first\" id=\"el-90607e60\"><div class=\"vce-col-inner\" data-vce-do-apply=\"border margin background  el-90607e60\"><div class=\"vce-col-content\" data-vce-element-content=\"true\" data-vce-do-apply=\"padding el-90607e60\"><div class=\"vce-text-block\"><div class=\"vce-text-block-wrapper vce\" id=\"el-a69e8a1b\" data-vce-do-apply=\"all el-a69e8a1b\"><h4>Rettungsausr\u00fcstung<\/h4>\n<ul>\n<li>Schwimmwesten<\/li>\n<li>Rescuetubes<\/li>\n<li>Rettungsbretter<\/li>\n<\/ul><\/div><\/div><\/div><\/div><\/div><div class=\"vce-col vce-col--md-auto vce-col--xs-1 vce-col--xs-last vce-col--xs-first vce-col--sm-last vce-col--sm-first\" id=\"el-f7632d24\"><div class=\"vce-col-inner\" data-vce-do-apply=\"border margin background  el-f7632d24\"><div class=\"vce-col-content\" data-vce-element-content=\"true\" data-vce-do-apply=\"padding el-f7632d24\"><div class=\"vce-text-block\"><div class=\"vce-text-block-wrapper vce\" id=\"el-962db1f4\" data-vce-do-apply=\"all el-962db1f4\"><h4>Kommunikationsmaterial<\/h4>\n<ul>\n<li>Kommandoraum<\/li>\n<li>Tragbar<\/li>\n<li>Mobiltelefon<\/li>\n<li>VHF<\/li>\n<li>C2000<\/li>\n<li>Piepser (Alarmorganisation)<\/li>\n<li>(Mobil-)Telefon<\/li>\n<\/ul><\/div><\/div><\/div><\/div><\/div><div class=\"vce-col vce-col--md-auto vce-col--xs-1 vce-col--xs-last vce-col--xs-first vce-col--sm-last vce-col--sm-first vce-col--md-last vce-col--lg-last vce-col--xl-last\" id=\"el-f5d10bb9\"><div class=\"vce-col-inner\" data-vce-do-apply=\"border margin background  el-f5d10bb9\"><div class=\"vce-col-content\" data-vce-element-content=\"true\" data-vce-do-apply=\"padding el-f5d10bb9\"><div class=\"vce-text-block\"><div class=\"vce-text-block-wrapper vce\" id=\"el-6f241531\" data-vce-do-apply=\"all el-6f241531\"><h4>Erste-Hilfe-Material<\/h4>\n<ul>\n<li>Behandlungsraum in der Rettungsstation<\/li>\n<li>AED<\/li>\n<li>Erste-Hilfe-Taschen<\/li>\n<li>Trainingsger\u00e4te<\/li>\n<\/ul><\/div><\/div><\/div><\/div><\/div><\/div><\/div><\/div><\/div><\/div><\/div>","protected":false},"excerpt":{"rendered":"<p>Rettungswesten Rettungsschl\u00e4uche Rettungsbretter Kommunikationsausr\u00fcstung Kommandoraum Portophon Mobiltelefon C2000 Pager (Alarmorganisation) (Mobiltelefon) Telefon Erste-Hilfe-Ausr\u00fcstung Behandlungsraum in der Rettungsstation AED Erste-Hilfe-Taschen \u00dcbungsausr\u00fcstung<\/p>","protected":false},"author":1,"featured_media":10695,"parent":103,"menu_order":220,"comment_status":"closed","ping_status":"closed","template":"","meta":{"_acf_changed":false,"footnotes":""},"class_list":["post-117","page","type-page","status-publish","has-post-thumbnail","hentry"],"acf":[],"yoast_head":"<!-- This site is optimized with the Yoast SEO plugin v27.5 - https:\/\/yoast.com\/product\/yoast-seo-wordpress\/ -->\n<title>Materiaal - Reddingsbrigade Noordwijk<\/title>\n<meta name=\"robots\" content=\"index, follow, max-snippet:-1, max-image-preview:large, max-video-preview:-1\" \/>\n<link rel=\"canonical\" href=\"https:\/\/www.reddingsbrigadenoordwijk.nl\/de\/lifeguards\/materiaal\/\" \/>\n<meta property=\"og:locale\" content=\"de_DE\" \/>\n<meta property=\"og:type\" content=\"article\" \/>\n<meta property=\"og:title\" content=\"Materiaal - Reddingsbrigade Noordwijk\" \/>\n<meta property=\"og:description\" content=\"Rijdend VarendReddingsmateriaal Reddingsvesten Rescuetubes Rescueboards Communicatie materiaal Commandoruimte Portofoon Mobilofoon Marifoon C2000 Piepers (Alarmorganisatie) (Mobiele) telefoon Eerste hulp materiaal Behandelruimte in reddingspost AED EHBO-tassen Oefenmateriaal\" \/>\n<meta property=\"og:url\" content=\"https:\/\/www.reddingsbrigadenoordwijk.nl\/de\/lifeguards\/materiaal\/\" \/>\n<meta property=\"og:site_name\" content=\"Reddingsbrigade Noordwijk\" \/>\n<meta property=\"article:modified_time\" content=\"2021-10-31T10:54:25+00:00\" \/>\n<meta property=\"og:image\" content=\"https:\/\/www.reddingsbrigadenoordwijk.nl\/wp-content\/uploads\/2021\/04\/118444461_2640908846161723_3746550858038218775_o.jpg\" \/>\n\t<meta property=\"og:image:width\" content=\"1024\" \/>\n\t<meta property=\"og:image:height\" content=\"577\" \/>\n\t<meta property=\"og:image:type\" content=\"image\/jpeg\" \/>\n<meta name=\"twitter:card\" content=\"summary_large_image\" \/>\n<script type=\"application\/ld+json\" class=\"yoast-schema-graph\">{\"@context\":\"https:\\\/\\\/schema.org\",\"@graph\":[{\"@type\":\"WebPage\",\"@id\":\"https:\\\/\\\/www.reddingsbrigadenoordwijk.nl\\\/lifeguards\\\/materiaal\\\/\",\"url\":\"https:\\\/\\\/www.reddingsbrigadenoordwijk.nl\\\/lifeguards\\\/materiaal\\\/\",\"name\":\"Materiaal - Reddingsbrigade Noordwijk\",\"isPartOf\":{\"@id\":\"https:\\\/\\\/www.reddingsbrigadenoordwijk.nl\\\/#website\"},\"primaryImageOfPage\":{\"@id\":\"https:\\\/\\\/www.reddingsbrigadenoordwijk.nl\\\/lifeguards\\\/materiaal\\\/#primaryimage\"},\"image\":{\"@id\":\"https:\\\/\\\/www.reddingsbrigadenoordwijk.nl\\\/lifeguards\\\/materiaal\\\/#primaryimage\"},\"thumbnailUrl\":\"https:\\\/\\\/www.reddingsbrigadenoordwijk.nl\\\/wp-content\\\/uploads\\\/2021\\\/04\\\/118444461_2640908846161723_3746550858038218775_o.jpg\",\"datePublished\":\"2021-01-24T22:05:16+00:00\",\"dateModified\":\"2021-10-31T10:54:25+00:00\",\"breadcrumb\":{\"@id\":\"https:\\\/\\\/www.reddingsbrigadenoordwijk.nl\\\/lifeguards\\\/materiaal\\\/#breadcrumb\"},\"inLanguage\":\"de\",\"potentialAction\":[{\"@type\":\"ReadAction\",\"target\":[\"https:\\\/\\\/www.reddingsbrigadenoordwijk.nl\\\/lifeguards\\\/materiaal\\\/\"]}]},{\"@type\":\"ImageObject\",\"inLanguage\":\"de\",\"@id\":\"https:\\\/\\\/www.reddingsbrigadenoordwijk.nl\\\/lifeguards\\\/materiaal\\\/#primaryimage\",\"url\":\"https:\\\/\\\/www.reddingsbrigadenoordwijk.nl\\\/wp-content\\\/uploads\\\/2021\\\/04\\\/118444461_2640908846161723_3746550858038218775_o.jpg\",\"contentUrl\":\"https:\\\/\\\/www.reddingsbrigadenoordwijk.nl\\\/wp-content\\\/uploads\\\/2021\\\/04\\\/118444461_2640908846161723_3746550858038218775_o.jpg\",\"width\":1024,\"height\":577},{\"@type\":\"BreadcrumbList\",\"@id\":\"https:\\\/\\\/www.reddingsbrigadenoordwijk.nl\\\/lifeguards\\\/materiaal\\\/#breadcrumb\",\"itemListElement\":[{\"@type\":\"ListItem\",\"position\":1,\"name\":\"Home\",\"item\":\"https:\\\/\\\/www.reddingsbrigadenoordwijk.nl\\\/\"},{\"@type\":\"ListItem\",\"position\":2,\"name\":\"Lifeguards\",\"item\":\"https:\\\/\\\/www.reddingsbrigadenoordwijk.nl\\\/lifeguards\\\/\"},{\"@type\":\"ListItem\",\"position\":3,\"name\":\"Materiaal\"}]},{\"@type\":\"WebSite\",\"@id\":\"https:\\\/\\\/www.reddingsbrigadenoordwijk.nl\\\/#website\",\"url\":\"https:\\\/\\\/www.reddingsbrigadenoordwijk.nl\\\/\",\"name\":\"Reddingsbrigade Noordwijk\",\"description\":\"NRB\",\"potentialAction\":[{\"@type\":\"SearchAction\",\"target\":{\"@type\":\"EntryPoint\",\"urlTemplate\":\"https:\\\/\\\/www.reddingsbrigadenoordwijk.nl\\\/?s={search_term_string}\"},\"query-input\":{\"@type\":\"PropertyValueSpecification\",\"valueRequired\":true,\"valueName\":\"search_term_string\"}}],\"inLanguage\":\"de\"}]}<\/script>\n<!-- \/ Yoast SEO plugin. -->","yoast_head_json":{"title":"Ausr\u00fcstung - Reddingsbrigade Noordwijk","robots":{"index":"index","follow":"follow","max-snippet":"max-snippet:-1","max-image-preview":"max-image-preview:large","max-video-preview":"max-video-preview:-1"},"canonical":"https:\/\/www.reddingsbrigadenoordwijk.nl\/de\/lifeguards\/materiaal\/","og_locale":"de_DE","og_type":"article","og_title":"Materiaal - Reddingsbrigade Noordwijk","og_description":"Rijdend VarendReddingsmateriaal Reddingsvesten Rescuetubes Rescueboards Communicatie materiaal Commandoruimte Portofoon Mobilofoon Marifoon C2000 Piepers (Alarmorganisatie) (Mobiele) telefoon Eerste hulp materiaal Behandelruimte in reddingspost AED EHBO-tassen Oefenmateriaal","og_url":"https:\/\/www.reddingsbrigadenoordwijk.nl\/de\/lifeguards\/materiaal\/","og_site_name":"Reddingsbrigade Noordwijk","article_modified_time":"2021-10-31T10:54:25+00:00","og_image":[{"width":1024,"height":577,"url":"https:\/\/www.reddingsbrigadenoordwijk.nl\/wp-content\/uploads\/2021\/04\/118444461_2640908846161723_3746550858038218775_o.jpg","type":"image\/jpeg"}],"twitter_card":"summary_large_image","schema":{"@context":"https:\/\/schema.org","@graph":[{"@type":"WebPage","@id":"https:\/\/www.reddingsbrigadenoordwijk.nl\/lifeguards\/materiaal\/","url":"https:\/\/www.reddingsbrigadenoordwijk.nl\/lifeguards\/materiaal\/","name":"Ausr\u00fcstung - Reddingsbrigade Noordwijk","isPartOf":{"@id":"https:\/\/www.reddingsbrigadenoordwijk.nl\/#website"},"primaryImageOfPage":{"@id":"https:\/\/www.reddingsbrigadenoordwijk.nl\/lifeguards\/materiaal\/#primaryimage"},"image":{"@id":"https:\/\/www.reddingsbrigadenoordwijk.nl\/lifeguards\/materiaal\/#primaryimage"},"thumbnailUrl":"https:\/\/www.reddingsbrigadenoordwijk.nl\/wp-content\/uploads\/2021\/04\/118444461_2640908846161723_3746550858038218775_o.jpg","datePublished":"2021-01-24T22:05:16+00:00","dateModified":"2021-10-31T10:54:25+00:00","breadcrumb":{"@id":"https:\/\/www.reddingsbrigadenoordwijk.nl\/lifeguards\/materiaal\/#breadcrumb"},"inLanguage":"de","potentialAction":[{"@type":"ReadAction","target":["https:\/\/www.reddingsbrigadenoordwijk.nl\/lifeguards\/materiaal\/"]}]},{"@type":"ImageObject","inLanguage":"de","@id":"https:\/\/www.reddingsbrigadenoordwijk.nl\/lifeguards\/materiaal\/#primaryimage","url":"https:\/\/www.reddingsbrigadenoordwijk.nl\/wp-content\/uploads\/2021\/04\/118444461_2640908846161723_3746550858038218775_o.jpg","contentUrl":"https:\/\/www.reddingsbrigadenoordwijk.nl\/wp-content\/uploads\/2021\/04\/118444461_2640908846161723_3746550858038218775_o.jpg","width":1024,"height":577},{"@type":"BreadcrumbList","@id":"https:\/\/www.reddingsbrigadenoordwijk.nl\/lifeguards\/materiaal\/#breadcrumb","itemListElement":[{"@type":"ListItem","position":1,"name":"Home","item":"https:\/\/www.reddingsbrigadenoordwijk.nl\/"},{"@type":"ListItem","position":2,"name":"Lifeguards","item":"https:\/\/www.reddingsbrigadenoordwijk.nl\/lifeguards\/"},{"@type":"ListItem","position":3,"name":"Materiaal"}]},{"@type":"WebSite","@id":"https:\/\/www.reddingsbrigadenoordwijk.nl\/#website","url":"https:\/\/www.reddingsbrigadenoordwijk.nl\/","name":"Rettungsmannschaft Noordwijk","description":"NRB","potentialAction":[{"@type":"SearchAction","target":{"@type":"EntryPoint","urlTemplate":"https:\/\/www.reddingsbrigadenoordwijk.nl\/?s={search_term_string}"},"query-input":{"@type":"PropertyValueSpecification","valueRequired":true,"valueName":"search_term_string"}}],"inLanguage":"de"}]}},"_links":{"self":[{"href":"https:\/\/www.reddingsbrigadenoordwijk.nl\/de\/wp-json\/wp\/v2\/pages\/117","targetHints":{"allow":["GET"]}}],"collection":[{"href":"https:\/\/www.reddingsbrigadenoordwijk.nl\/de\/wp-json\/wp\/v2\/pages"}],"about":[{"href":"https:\/\/www.reddingsbrigadenoordwijk.nl\/de\/wp-json\/wp\/v2\/types\/page"}],"author":[{"embeddable":true,"href":"https:\/\/www.reddingsbrigadenoordwijk.nl\/de\/wp-json\/wp\/v2\/users\/1"}],"replies":[{"embeddable":true,"href":"https:\/\/www.reddingsbrigadenoordwijk.nl\/de\/wp-json\/wp\/v2\/comments?post=117"}],"version-history":[{"count":0,"href":"https:\/\/www.reddingsbrigadenoordwijk.nl\/de\/wp-json\/wp\/v2\/pages\/117\/revisions"}],"up":[{"embeddable":true,"href":"https:\/\/www.reddingsbrigadenoordwijk.nl\/de\/wp-json\/wp\/v2\/pages\/103"}],"wp:featuredmedia":[{"embeddable":true,"href":"https:\/\/www.reddingsbrigadenoordwijk.nl\/de\/wp-json\/wp\/v2\/media\/10695"}],"wp:attachment":[{"href":"https:\/\/www.reddingsbrigadenoordwijk.nl\/de\/wp-json\/wp\/v2\/media?parent=117"}],"curies":[{"name":"wp","href":"https:\/\/api.w.org\/{rel}","templated":true}]}}