{"id":115,"date":"2021-01-24T23:05:16","date_gmt":"2021-01-24T22:05:16","guid":{"rendered":"https:\/\/www.reddingsbrigadenoordwijk.nl\/lifeguards\/toezicht-op-het-strand\/"},"modified":"2021-10-31T11:52:09","modified_gmt":"2021-10-31T10:52:09","slug":"strandtoezicht","status":"publish","type":"page","link":"https:\/\/www.reddingsbrigadenoordwijk.nl\/de\/rettungsschwimmer\/strandaufsicht\/","title":{"rendered":"Strandaufsicht"},"content":{"rendered":"<div class=\"vce-section\"><div class=\"vce-section-inner vce-element--has-background\" data-vce-full-width=\"true\" id=\"el-bff79233\" data-vce-dynamic-image-all=\"bff79233\" data-vce-do-apply=\"all el-bff79233\"><div class=\"vce-content-background-container\"><div class=\"vce-asset-background-simple-container vce-visible-all-only vce-asset-background-simple--style-cover vce-asset-background-simple--position-center-center\"><div class=\"vce-asset-background-simple\"><div class=\"vce-asset-background-simple-item lazyload\" style=\"background-image:inherit;\" data-bg-image=\"url(&#039;https:\/\/www.reddingsbrigadenoordwijk.nl\/wp-content\/uploads\/2021\/04\/118016467_2638234436429164_1761925800054715979_o.jpg?vcv-dynamic-field=featured_image&amp;alt=&amp;caption=&amp;title=118016467_2638234436429164_1761925800054715979_o&#039;)\"><\/div><\/div><\/div><div class=\"vce-asset-color-gradient-container vce-visible-all-only\" data-vce-do-apply=\"gradient el-bff79233\"><\/div><\/div><div data-vce-element-content=\"true\"><div class=\"vce-row-container\" data-vce-boxed-width=\"true\"><div class=\"vce-row vce-element--has-background vce-row--col-gap-30 vce-row-equal-height vce-row-content--top\" vce-box-shadow=\"el-bf85ee9c\" id=\"el-bf85ee9c\" data-vce-do-apply=\"all el-bf85ee9c\"><div class=\"vce-content-background-container\"><\/div><div class=\"vce-row-content\" data-vce-element-content=\"true\"><div class=\"vce-col vce-col--md-auto vce-col--xs-1 vce-col--xs-last vce-col--xs-first vce-col--sm-last vce-col--sm-first vce-col--md-last vce-col--lg-last vce-col--xl-last vce-col--md-first vce-col--lg-first vce-col--xl-first\" id=\"el-0625af8d\"><div class=\"vce-col-inner\" data-vce-do-apply=\"border margin background  el-0625af8d\"><div class=\"vce-col-content\" data-vce-element-content=\"true\" data-vce-do-apply=\"padding el-0625af8d\"><div class=\"vce-text-block\"><div class=\"vce-text-block-wrapper vce\" id=\"el-f48d7407\" data-vce-do-apply=\"all el-f48d7407\"><h1>Strandaufsicht<\/h1><\/div><\/div><div class=\"vce-text-block\"><div class=\"vce-text-block-wrapper vce\" id=\"el-0c203033\" data-vce-do-apply=\"all el-0c203033\"><p style=\"text-align: right;\"><span><span><a href=\"https:\/\/www.reddingsbrigadenoordwijk.nl\/de\/\">Startseite<\/a><\/span><\/span><\/p><\/div><\/div><\/div><\/div><\/div><\/div><\/div><\/div><\/div><\/div><\/div><div class=\"vce-section\" data-vce-boxed-width=\"true\"><div class=\"vce-section-inner vce-element--has-background\" id=\"el-e8c88fe0\" data-vce-do-apply=\"all el-e8c88fe0\"><div class=\"vce-content-background-container\"><\/div><div data-vce-element-content=\"true\"><div class=\"vce-row-container\" data-vce-boxed-width=\"true\"><div class=\"vce-row vce-row--col-gap-30 vce-row-equal-height vce-row-content--top\" id=\"el-8a9985c8\" data-vce-do-apply=\"all el-8a9985c8\"><div class=\"vce-row-content\" data-vce-element-content=\"true\"><div class=\"vce-col vce-col--md-auto vce-col--xs-1 vce-col--xs-last vce-col--xs-first vce-col--sm-last vce-col--sm-first vce-col--md-last vce-col--lg-last vce-col--xl-last vce-col--md-first vce-col--lg-first vce-col--xl-first\" id=\"el-65c13ea1\"><div class=\"vce-col-inner\" data-vce-do-apply=\"border margin background  el-65c13ea1\"><div class=\"vce-col-content\" data-vce-element-content=\"true\" data-vce-do-apply=\"padding el-65c13ea1\"><div class=\"vce-text-block\"><div class=\"vce-text-block-wrapper vce\" id=\"el-32a225b2\" data-vce-do-apply=\"all el-32a225b2\"><h2>Anwesenheit von Rettungsschwimmern<\/h2>\n<p>Die Rettungsschwimmer der Reddingsbrigade Noordwijk beaufsichtigen die Str\u00e4nde von Noordwijk von Mitte Mai bis Anfang September (10:00-18:00). Da der Strand von Noordwijk 13 Kilometer lang ist, arbeiten unsere Rettungsschwimmer von drei festen Standorten aus (Wilhelmina Boulevard, Duindamseslag und Langervelderslag).<\/p>\n<p>Die Rettungsbootstation auf dem Wilhelmina Boulevard ist an den Wochenenden von Mitte Mai bis Anfang September besetzt. Sie ist in den Monaten Juli und August t\u00e4glich besetzt. Die Rettungsbootstationen in Duindamseslag und Langevelderslag sind an den Wochenenden im Juli und August und bei sch\u00f6nem Wetter besetzt, wenn gen\u00fcgend Personal vorhanden ist.<\/p><\/div><\/div><\/div><\/div><\/div><\/div><\/div><\/div><div class=\"vce-row-container\" data-vce-boxed-width=\"true\"><div class=\"vce-row vce-row--col-gap-30 vce-row-equal-height vce-row-content--top\" id=\"el-b0f7456e\" data-vce-do-apply=\"all el-b0f7456e\"><div class=\"vce-row-content\" data-vce-element-content=\"true\"><div class=\"vce-col vce-col--md-70-50p vce-col--xs-1 vce-col--xs-last vce-col--xs-first vce-col--sm-last vce-col--sm-first vce-col--md-first vce-col--lg-first vce-col--xl-first\" id=\"el-4c43f816\"><div class=\"vce-col-inner\" data-vce-do-apply=\"border margin background  el-4c43f816\"><div class=\"vce-col-content\" data-vce-element-content=\"true\" data-vce-do-apply=\"padding el-4c43f816\"><div class=\"vce-text-block\"><div class=\"vce-text-block-wrapper vce\" id=\"el-afb14be1\" data-vce-do-apply=\"all el-afb14be1\"><h2>Beaufsichtigung und Unterst\u00fctzung<\/h2>\n<p>Unsere Rettungsschwimmer beaufsichtigen Sonnenanbeter, Badeg\u00e4ste und Schwimmer. Sie tun dies von den Rettungsschwimmerstationen aus und wenn n\u00f6tig von der Wasserlinie oder auf dem Wasser. Um die 13 Kilometer Strand im Auge zu behalten, werden regelm\u00e4\u00dfig Patrouillen durchgef\u00fchrt (zu Fu\u00df, mit dem Auto und mit dem Boot). Falls erforderlich, werden die Rettungsschwimmer Ma\u00dfnahmen ergreifen.<\/p><\/div><\/div><\/div><\/div><\/div><div class=\"vce-col vce-col--md-29-48p vce-col--xs-1 vce-col--xs-last vce-col--xs-first vce-col--sm-last vce-col--sm-first vce-col--md-last vce-col--lg-last vce-col--xl-last\" id=\"el-e0dc11eb\"><div class=\"vce-col-inner\" data-vce-do-apply=\"border margin background  el-e0dc11eb\"><div class=\"vce-col-content\" data-vce-element-content=\"true\" data-vce-do-apply=\"padding el-e0dc11eb\"><div class=\"vce-single-image-container vce-single-image--align-left\"><div class=\"vce vce-single-image-wrapper\" id=\"el-330f73cb\" data-vce-do-apply=\"all el-330f73cb\"><figure><div class=\"vce-single-image-inner vce-single-image--absolute\" style=\"padding-bottom: 58.5938%; width: 768px;\"><img decoding=\"async\" class=\"vce-single-image lazyload\"  width=\"768\" height=\"450\"  data-src=\"https:\/\/www.reddingsbrigadenoordwijk.nl\/wp-content\/uploads\/2021\/04\/IMG-20200806-WA0002.jpg\"  data-img-data-src=\"https:\/\/www.reddingsbrigadenoordwijk.nl\/wp-content\/uploads\/2021\/04\/IMG-20200806-WA0002.jpg\" alt=\"\" title=\"IMG-20200806-WA0002\" src=\"data:image\/svg+xml;base64,PHN2ZyB3aWR0aD0iMSIgaGVpZ2h0PSIxIiB4bWxucz0iaHR0cDovL3d3dy53My5vcmcvMjAwMC9zdmciPjwvc3ZnPg==\" style=\"--smush-placeholder-width: 768px; --smush-placeholder-aspect-ratio: 768\/450;\" \/><noscript>\n        <img decoding=\"async\" class=\"vce-single-image\" src=\"https:\/\/www.reddingsbrigadenoordwijk.nl\/wp-content\/uploads\/2021\/04\/IMG-20200806-WA0002.jpg\" width=\"768\" height=\"450\" alt=\"\" title=\"IMG-20200806-WA0002\" \/>\n      <\/noscript><\/div><figcaption hidden=\"\"><\/figcaption><\/figure><\/div><\/div><\/div><\/div><\/div><\/div><\/div><\/div><div class=\"vce-row-container\" data-vce-boxed-width=\"true\"><div class=\"vce-row vce-row--col-gap-30 vce-row-equal-height vce-row-content--top\" id=\"el-f1e31700\" data-vce-do-apply=\"all el-f1e31700\"><div class=\"vce-row-content\" data-vce-element-content=\"true\"><div class=\"vce-col vce-col--md-auto vce-col--xs-1 vce-col--xs-last vce-col--xs-first vce-col--sm-last vce-col--sm-first vce-col--md-last vce-col--lg-last vce-col--xl-last vce-col--md-first vce-col--lg-first vce-col--xl-first\" id=\"el-5ba5b309\"><div class=\"vce-col-inner\" data-vce-do-apply=\"border margin background  el-5ba5b309\"><div class=\"vce-col-content\" data-vce-element-content=\"true\" data-vce-do-apply=\"padding el-5ba5b309\"><div class=\"vce-text-block\"><div class=\"vce-text-block-wrapper vce\" id=\"el-cbade766\" data-vce-do-apply=\"all el-cbade766\"><h2>Was k\u00f6nnen Sie an einer Rettungsschwimmerstation tun?<\/h2>\n<p>Haben Sie Ihr Kind verloren, haben Sie ein Erste-Hilfe-Problem oder eine andere Frage? Dann k\u00f6nnen Sie zu einem unserer Rettungsposten gehen.<\/p>\n<p><strong>Notfall? Rufen Sie immer 112 an.<\/strong> Falls erforderlich, werden immer unsere Rettungsschwimmer alarmiert.&nbsp;<\/p><\/div><\/div><\/div><\/div><\/div><\/div><\/div><\/div><div class=\"vce-row-container\" data-vce-boxed-width=\"true\"><div class=\"vce-row vce-row--col-gap-30 vce-row-equal-height vce-row-content--top\" id=\"el-56ee9105\" data-vce-do-apply=\"all el-56ee9105\"><div class=\"vce-row-content\" data-vce-element-content=\"true\"><div class=\"vce-col vce-col--md-auto vce-col--xs-1 vce-col--xs-last vce-col--xs-first vce-col--sm-last vce-col--sm-first vce-col--md-first vce-col--lg-first vce-col--xl-first\" id=\"el-36df7ee3\"><div class=\"vce-col-inner\" data-vce-do-apply=\"border margin background  el-36df7ee3\"><div class=\"vce-col-content\" data-vce-element-content=\"true\" data-vce-do-apply=\"padding el-36df7ee3\"><div class=\"vce-text-block\"><div class=\"vce-text-block-wrapper vce\" id=\"el-69a15d65\" data-vce-do-apply=\"all el-69a15d65\"><h2>Zusammenarbeiten<\/h2>\n<p>Die Rettungsbrigade Noordwijk arbeitet eng mit den benachbarten Rettungsdiensten zusammen: Katwijk, Wassenaar, Zandvoort und Bloemendaal. Dar\u00fcber hinaus ist die Noordwijker Rettungsbrigade zu einer Erweiterung der regul\u00e4ren Rettungsdienste geworden, da diese mit ihrer Ausr\u00fcstung nicht immer das Meer, den Strand und die D\u00fcnen erreichen k\u00f6nnen.&nbsp;<\/p>\n<ul>\n<li>Ambulanzdienst<\/li>\n<li>Feuerwehr<\/li>\n<li>KNRM<\/li>\n<li>K\u00fcstenwache<\/li>\n<li>Polizei<\/li>\n<\/ul>\n<p>Falls wir Tiere in Not entdecken, rufen wir die Erste Hilfe f\u00fcr Meeress\u00e4uger (EHBZ) hinzu.<\/p><\/div><\/div><\/div><\/div><\/div><div class=\"vce-col vce-col--md-auto vce-col--xs-1 vce-col--xs-last vce-col--xs-first vce-col--sm-last vce-col--sm-first vce-col--md-last vce-col--lg-last vce-col--xl-last\" id=\"el-b8d1d33a\"><div class=\"vce-col-inner\" data-vce-do-apply=\"border margin background  el-b8d1d33a\"><div class=\"vce-col-content\" data-vce-element-content=\"true\" data-vce-do-apply=\"padding el-b8d1d33a\"><div class=\"vce-single-image-container vce-single-image--align-left\"><div class=\"vce vce-single-image-wrapper\" id=\"el-90b6eca3\" data-vce-do-apply=\"all el-90b6eca3\"><figure><div class=\"vce-single-image-inner vce-single-image--absolute\" style=\"padding-bottom: 75%; width: 1024px;\"><img decoding=\"async\" class=\"vce-single-image lazyload\"  width=\"1024\" height=\"768\"  data-src=\"https:\/\/www.reddingsbrigadenoordwijk.nl\/wp-content\/uploads\/2021\/04\/IMG-20200825-WA0003.jpg\"  data-img-data-src=\"https:\/\/www.reddingsbrigadenoordwijk.nl\/wp-content\/uploads\/2021\/04\/IMG-20200825-WA0003.jpg\" alt=\"\" title=\"IMG-20200825-WA0003\" src=\"data:image\/svg+xml;base64,PHN2ZyB3aWR0aD0iMSIgaGVpZ2h0PSIxIiB4bWxucz0iaHR0cDovL3d3dy53My5vcmcvMjAwMC9zdmciPjwvc3ZnPg==\" style=\"--smush-placeholder-width: 1024px; --smush-placeholder-aspect-ratio: 1024\/768;\" \/><noscript>\n        <img decoding=\"async\" class=\"vce-single-image\" src=\"https:\/\/www.reddingsbrigadenoordwijk.nl\/wp-content\/uploads\/2021\/04\/IMG-20200825-WA0003.jpg\" width=\"1024\" height=\"768\" alt=\"\" title=\"IMG-20200825-WA0003\" \/>\n      <\/noscript><\/div><figcaption hidden=\"\"><\/figcaption><\/figure><\/div><\/div><\/div><\/div><\/div><\/div><\/div><\/div><\/div><\/div><\/div>","protected":false},"excerpt":{"rendered":"<p>Aanwezigheid lifeguards De lifeguards van de Reddingsbrigade Noordwijk houden toezicht op het strand van Noordwijk van half mei tot begin september (10:00-18:00 uur). Doordat het Noordwijkse strand 13 kilometer lang is, opereren onze lifeguards vanuit drie vaste locaties (Wilhelmina Boulevard, Duindamseslag en Langervelderslag). De reddingspost aan de Wilhelmina Boulevard is van half mei tot begin [&hellip;]<\/p>\n","protected":false},"author":1,"featured_media":10694,"parent":103,"menu_order":200,"comment_status":"closed","ping_status":"closed","template":"","meta":{"_acf_changed":false,"footnotes":""},"class_list":["post-115","page","type-page","status-publish","has-post-thumbnail","hentry"],"acf":[],"yoast_head":"<!-- This site is optimized with the Yoast SEO plugin v27.5 - https:\/\/yoast.com\/product\/yoast-seo-wordpress\/ -->\n<title>Strandtoezicht - Reddingsbrigade Noordwijk<\/title>\n<meta name=\"robots\" content=\"index, follow, max-snippet:-1, max-image-preview:large, max-video-preview:-1\" \/>\n<link rel=\"canonical\" href=\"https:\/\/www.reddingsbrigadenoordwijk.nl\/de\/lifeguards\/strandtoezicht\/\" \/>\n<meta property=\"og:locale\" content=\"de_DE\" \/>\n<meta property=\"og:type\" content=\"article\" \/>\n<meta property=\"og:title\" content=\"Strandtoezicht - Reddingsbrigade Noordwijk\" \/>\n<meta property=\"og:description\" content=\"Aanwezigheid lifeguards De lifeguards van de Reddingsbrigade Noordwijk houden toezicht op het strand van Noordwijk van half mei tot begin september (10:00-18:00 uur). Doordat het Noordwijkse strand 13 kilometer lang is, opereren onze lifeguards vanuit drie vaste locaties (Wilhelmina Boulevard, Duindamseslag en Langervelderslag). De reddingspost aan de Wilhelmina Boulevard is van half mei tot begin [&hellip;]\" \/>\n<meta property=\"og:url\" content=\"https:\/\/www.reddingsbrigadenoordwijk.nl\/de\/lifeguards\/strandtoezicht\/\" \/>\n<meta property=\"og:site_name\" content=\"Reddingsbrigade Noordwijk\" \/>\n<meta property=\"article:modified_time\" content=\"2021-10-31T10:52:09+00:00\" \/>\n<meta property=\"og:image\" content=\"https:\/\/www.reddingsbrigadenoordwijk.nl\/wp-content\/uploads\/2021\/04\/118016467_2638234436429164_1761925800054715979_o.jpg\" \/>\n\t<meta property=\"og:image:width\" content=\"1292\" \/>\n\t<meta property=\"og:image:height\" content=\"640\" \/>\n\t<meta property=\"og:image:type\" content=\"image\/jpeg\" \/>\n<meta name=\"twitter:card\" content=\"summary_large_image\" \/>\n<meta name=\"twitter:label1\" content=\"Gesch\u00e4tzte Lesezeit\" \/>\n\t<meta name=\"twitter:data1\" content=\"1\u00a0Minute\" \/>\n<script type=\"application\/ld+json\" class=\"yoast-schema-graph\">{\"@context\":\"https:\\\/\\\/schema.org\",\"@graph\":[{\"@type\":\"WebPage\",\"@id\":\"https:\\\/\\\/www.reddingsbrigadenoordwijk.nl\\\/lifeguards\\\/strandtoezicht\\\/\",\"url\":\"https:\\\/\\\/www.reddingsbrigadenoordwijk.nl\\\/lifeguards\\\/strandtoezicht\\\/\",\"name\":\"Strandtoezicht - Reddingsbrigade Noordwijk\",\"isPartOf\":{\"@id\":\"https:\\\/\\\/www.reddingsbrigadenoordwijk.nl\\\/#website\"},\"primaryImageOfPage\":{\"@id\":\"https:\\\/\\\/www.reddingsbrigadenoordwijk.nl\\\/lifeguards\\\/strandtoezicht\\\/#primaryimage\"},\"image\":{\"@id\":\"https:\\\/\\\/www.reddingsbrigadenoordwijk.nl\\\/lifeguards\\\/strandtoezicht\\\/#primaryimage\"},\"thumbnailUrl\":\"https:\\\/\\\/www.reddingsbrigadenoordwijk.nl\\\/wp-content\\\/uploads\\\/2021\\\/04\\\/118016467_2638234436429164_1761925800054715979_o.jpg\",\"datePublished\":\"2021-01-24T22:05:16+00:00\",\"dateModified\":\"2021-10-31T10:52:09+00:00\",\"breadcrumb\":{\"@id\":\"https:\\\/\\\/www.reddingsbrigadenoordwijk.nl\\\/lifeguards\\\/strandtoezicht\\\/#breadcrumb\"},\"inLanguage\":\"de\",\"potentialAction\":[{\"@type\":\"ReadAction\",\"target\":[\"https:\\\/\\\/www.reddingsbrigadenoordwijk.nl\\\/lifeguards\\\/strandtoezicht\\\/\"]}]},{\"@type\":\"ImageObject\",\"inLanguage\":\"de\",\"@id\":\"https:\\\/\\\/www.reddingsbrigadenoordwijk.nl\\\/lifeguards\\\/strandtoezicht\\\/#primaryimage\",\"url\":\"https:\\\/\\\/www.reddingsbrigadenoordwijk.nl\\\/wp-content\\\/uploads\\\/2021\\\/04\\\/118016467_2638234436429164_1761925800054715979_o.jpg\",\"contentUrl\":\"https:\\\/\\\/www.reddingsbrigadenoordwijk.nl\\\/wp-content\\\/uploads\\\/2021\\\/04\\\/118016467_2638234436429164_1761925800054715979_o.jpg\",\"width\":1292,\"height\":640},{\"@type\":\"BreadcrumbList\",\"@id\":\"https:\\\/\\\/www.reddingsbrigadenoordwijk.nl\\\/lifeguards\\\/strandtoezicht\\\/#breadcrumb\",\"itemListElement\":[{\"@type\":\"ListItem\",\"position\":1,\"name\":\"Home\",\"item\":\"https:\\\/\\\/www.reddingsbrigadenoordwijk.nl\\\/\"},{\"@type\":\"ListItem\",\"position\":2,\"name\":\"Lifeguards\",\"item\":\"https:\\\/\\\/www.reddingsbrigadenoordwijk.nl\\\/lifeguards\\\/\"},{\"@type\":\"ListItem\",\"position\":3,\"name\":\"Strandtoezicht\"}]},{\"@type\":\"WebSite\",\"@id\":\"https:\\\/\\\/www.reddingsbrigadenoordwijk.nl\\\/#website\",\"url\":\"https:\\\/\\\/www.reddingsbrigadenoordwijk.nl\\\/\",\"name\":\"Reddingsbrigade Noordwijk\",\"description\":\"NRB\",\"potentialAction\":[{\"@type\":\"SearchAction\",\"target\":{\"@type\":\"EntryPoint\",\"urlTemplate\":\"https:\\\/\\\/www.reddingsbrigadenoordwijk.nl\\\/?s={search_term_string}\"},\"query-input\":{\"@type\":\"PropertyValueSpecification\",\"valueRequired\":true,\"valueName\":\"search_term_string\"}}],\"inLanguage\":\"de\"}]}<\/script>\n<!-- \/ Yoast SEO plugin. -->","yoast_head_json":{"title":"Strand\u00fcberwachung - Reddingsbrigade Noordwijk","robots":{"index":"index","follow":"follow","max-snippet":"max-snippet:-1","max-image-preview":"max-image-preview:large","max-video-preview":"max-video-preview:-1"},"canonical":"https:\/\/www.reddingsbrigadenoordwijk.nl\/de\/lifeguards\/strandtoezicht\/","og_locale":"de_DE","og_type":"article","og_title":"Strandtoezicht - Reddingsbrigade Noordwijk","og_description":"Aanwezigheid lifeguards De lifeguards van de Reddingsbrigade Noordwijk houden toezicht op het strand van Noordwijk van half mei tot begin september (10:00-18:00 uur). Doordat het Noordwijkse strand 13 kilometer lang is, opereren onze lifeguards vanuit drie vaste locaties (Wilhelmina Boulevard, Duindamseslag en Langervelderslag). De reddingspost aan de Wilhelmina Boulevard is van half mei tot begin [&hellip;]","og_url":"https:\/\/www.reddingsbrigadenoordwijk.nl\/de\/lifeguards\/strandtoezicht\/","og_site_name":"Reddingsbrigade Noordwijk","article_modified_time":"2021-10-31T10:52:09+00:00","og_image":[{"width":1292,"height":640,"url":"https:\/\/www.reddingsbrigadenoordwijk.nl\/wp-content\/uploads\/2021\/04\/118016467_2638234436429164_1761925800054715979_o.jpg","type":"image\/jpeg"}],"twitter_card":"summary_large_image","twitter_misc":{"Gesch\u00e4tzte Lesezeit":"1\u00a0Minute"},"schema":{"@context":"https:\/\/schema.org","@graph":[{"@type":"WebPage","@id":"https:\/\/www.reddingsbrigadenoordwijk.nl\/lifeguards\/strandtoezicht\/","url":"https:\/\/www.reddingsbrigadenoordwijk.nl\/lifeguards\/strandtoezicht\/","name":"Strand\u00fcberwachung - Reddingsbrigade Noordwijk","isPartOf":{"@id":"https:\/\/www.reddingsbrigadenoordwijk.nl\/#website"},"primaryImageOfPage":{"@id":"https:\/\/www.reddingsbrigadenoordwijk.nl\/lifeguards\/strandtoezicht\/#primaryimage"},"image":{"@id":"https:\/\/www.reddingsbrigadenoordwijk.nl\/lifeguards\/strandtoezicht\/#primaryimage"},"thumbnailUrl":"https:\/\/www.reddingsbrigadenoordwijk.nl\/wp-content\/uploads\/2021\/04\/118016467_2638234436429164_1761925800054715979_o.jpg","datePublished":"2021-01-24T22:05:16+00:00","dateModified":"2021-10-31T10:52:09+00:00","breadcrumb":{"@id":"https:\/\/www.reddingsbrigadenoordwijk.nl\/lifeguards\/strandtoezicht\/#breadcrumb"},"inLanguage":"de","potentialAction":[{"@type":"ReadAction","target":["https:\/\/www.reddingsbrigadenoordwijk.nl\/lifeguards\/strandtoezicht\/"]}]},{"@type":"ImageObject","inLanguage":"de","@id":"https:\/\/www.reddingsbrigadenoordwijk.nl\/lifeguards\/strandtoezicht\/#primaryimage","url":"https:\/\/www.reddingsbrigadenoordwijk.nl\/wp-content\/uploads\/2021\/04\/118016467_2638234436429164_1761925800054715979_o.jpg","contentUrl":"https:\/\/www.reddingsbrigadenoordwijk.nl\/wp-content\/uploads\/2021\/04\/118016467_2638234436429164_1761925800054715979_o.jpg","width":1292,"height":640},{"@type":"BreadcrumbList","@id":"https:\/\/www.reddingsbrigadenoordwijk.nl\/lifeguards\/strandtoezicht\/#breadcrumb","itemListElement":[{"@type":"ListItem","position":1,"name":"Home","item":"https:\/\/www.reddingsbrigadenoordwijk.nl\/"},{"@type":"ListItem","position":2,"name":"Lifeguards","item":"https:\/\/www.reddingsbrigadenoordwijk.nl\/lifeguards\/"},{"@type":"ListItem","position":3,"name":"Strandtoezicht"}]},{"@type":"WebSite","@id":"https:\/\/www.reddingsbrigadenoordwijk.nl\/#website","url":"https:\/\/www.reddingsbrigadenoordwijk.nl\/","name":"Rettungsmannschaft Noordwijk","description":"NRB","potentialAction":[{"@type":"SearchAction","target":{"@type":"EntryPoint","urlTemplate":"https:\/\/www.reddingsbrigadenoordwijk.nl\/?s={search_term_string}"},"query-input":{"@type":"PropertyValueSpecification","valueRequired":true,"valueName":"search_term_string"}}],"inLanguage":"de"}]}},"_links":{"self":[{"href":"https:\/\/www.reddingsbrigadenoordwijk.nl\/de\/wp-json\/wp\/v2\/pages\/115","targetHints":{"allow":["GET"]}}],"collection":[{"href":"https:\/\/www.reddingsbrigadenoordwijk.nl\/de\/wp-json\/wp\/v2\/pages"}],"about":[{"href":"https:\/\/www.reddingsbrigadenoordwijk.nl\/de\/wp-json\/wp\/v2\/types\/page"}],"author":[{"embeddable":true,"href":"https:\/\/www.reddingsbrigadenoordwijk.nl\/de\/wp-json\/wp\/v2\/users\/1"}],"replies":[{"embeddable":true,"href":"https:\/\/www.reddingsbrigadenoordwijk.nl\/de\/wp-json\/wp\/v2\/comments?post=115"}],"version-history":[{"count":0,"href":"https:\/\/www.reddingsbrigadenoordwijk.nl\/de\/wp-json\/wp\/v2\/pages\/115\/revisions"}],"up":[{"embeddable":true,"href":"https:\/\/www.reddingsbrigadenoordwijk.nl\/de\/wp-json\/wp\/v2\/pages\/103"}],"wp:featuredmedia":[{"embeddable":true,"href":"https:\/\/www.reddingsbrigadenoordwijk.nl\/de\/wp-json\/wp\/v2\/media\/10694"}],"wp:attachment":[{"href":"https:\/\/www.reddingsbrigadenoordwijk.nl\/de\/wp-json\/wp\/v2\/media?parent=115"}],"curies":[{"name":"wp","href":"https:\/\/api.w.org\/{rel}","templated":true}]}}