{"id":11458,"date":"2021-10-09T10:33:59","date_gmt":"2021-10-09T08:33:59","guid":{"rendered":"https:\/\/www.reddingsbrigadenoordwijk.nl\/?page_id=11458"},"modified":"2021-10-09T10:38:57","modified_gmt":"2021-10-09T08:38:57","slug":"vrijwaring-aansprakelijkheid","status":"publish","type":"page","link":"https:\/\/www.reddingsbrigadenoordwijk.nl\/de\/register\/schadenersatzhaftung\/","title":{"rendered":"Haftungsbefreiung und \u00dcbernahme des eigenen Risikos w\u00e4hrend der Fahrt auf einem Rettungsschiff"},"content":{"rendered":"<div class=\"vce-section\"><div class=\"vce-section-inner vce-element--has-background\" data-vce-full-width=\"true\" id=\"el-5b785c04\" data-vce-dynamic-image-all=\"5b785c04\" data-vce-do-apply=\"all el-5b785c04\"><div class=\"vce-content-background-container\"><div class=\"vce-asset-background-simple-container vce-visible-all-only vce-asset-background-simple--style-cover vce-asset-background-simple--position-center-center\"><div class=\"vce-asset-background-simple\"><div class=\"vce-asset-background-simple-item lazyload\" style=\"background-image:inherit;\" data-bg-image=\"url(&#039;https:\/\/www.reddingsbrigadenoordwijk.nl\/wp-content\/uploads\/2021\/03\/20100712-14-scaled-1.jpg?vcv-dynamic-field=featured_image&amp;alt=&amp;caption=&amp;title=20100712-14-scaled-1&#039;)\"><\/div><\/div><\/div><div class=\"vce-asset-color-gradient-container vce-visible-all-only\" data-vce-do-apply=\"gradient el-5b785c04\"><\/div><\/div><div data-vce-element-content=\"true\"><div class=\"vce-row-container\" data-vce-boxed-width=\"true\"><div class=\"vce-row vce-element--has-background vce-row--col-gap-30 vce-row-equal-height vce-row-content--top\" vce-box-shadow=\"el-4a406313\" id=\"el-4a406313\" data-vce-do-apply=\"all el-4a406313\"><div class=\"vce-content-background-container\"><\/div><div class=\"vce-row-content\" data-vce-element-content=\"true\"><div class=\"vce-col vce-col--md-auto vce-col--xs-1 vce-col--xs-last vce-col--xs-first vce-col--sm-last vce-col--sm-first vce-col--md-last vce-col--lg-last vce-col--xl-last vce-col--md-first vce-col--lg-first vce-col--xl-first\" id=\"el-07a03c3a\"><div class=\"vce-col-inner\" data-vce-do-apply=\"border margin background  el-07a03c3a\"><div class=\"vce-col-content\" data-vce-element-content=\"true\" data-vce-do-apply=\"padding el-07a03c3a\"><div class=\"vce-text-block\"><div class=\"vce-text-block-wrapper vce\" id=\"el-24ad076d\" data-vce-do-apply=\"all el-24ad076d\"><h1>Haftungsbefreiung und \u00dcbernahme des eigenen Risikos w\u00e4hrend der Fahrt auf einem Rettungsschiff<\/h1><\/div><\/div><div class=\"vce-text-block\"><div class=\"vce-text-block-wrapper vce\" id=\"el-d9ebaafe\" data-vce-do-apply=\"all el-d9ebaafe\"><p style=\"text-align: right;\"><span><span><a href=\"https:\/\/www.reddingsbrigadenoordwijk.nl\/de\/\">Startseite<\/a><\/span><\/span><\/p><\/div><\/div><\/div><\/div><\/div><\/div><\/div><\/div><\/div><\/div><\/div><div class=\"vce-section\" data-vce-boxed-width=\"true\"><div class=\"vce-section-inner vce-element--has-background\" id=\"el-ca9faf55\" data-vce-do-apply=\"all el-ca9faf55\"><div class=\"vce-content-background-container\"><\/div><div data-vce-element-content=\"true\"><div class=\"vce-row-container\" data-vce-boxed-width=\"true\"><div class=\"vce-row vce-row--col-gap-30 vce-row-equal-height vce-row-content--top\" id=\"el-bb7e8ef5\" data-vce-do-apply=\"all el-bb7e8ef5\"><div class=\"vce-row-content\" data-vce-element-content=\"true\"><div class=\"vce-col vce-col--md-auto vce-col--xs-1 vce-col--xs-last vce-col--xs-first vce-col--sm-last vce-col--sm-first vce-col--md-last vce-col--lg-last vce-col--xl-last vce-col--md-first vce-col--lg-first vce-col--xl-first\" id=\"el-18505ec8\"><div class=\"vce-col-inner\" data-vce-do-apply=\"border margin background  el-18505ec8\"><div class=\"vce-col-content\" data-vce-element-content=\"true\" data-vce-do-apply=\"padding el-18505ec8\"><div class=\"vce-text-block\"><div class=\"vce-text-block-wrapper vce\" id=\"el-9bc94269\" data-vce-do-apply=\"all el-9bc94269\"><p>Die folgende Erkl\u00e4rung bezieht sich auf das Segeln von Nicht-Mitgliedern der Noordwijk Rescue Brigade (NRB). Dies gilt f\u00fcr jede Art von T\u00e4tigkeit.<\/p><p>Die NRB ist nicht verantwortlich oder haftbar f\u00fcr eventuelle Probleme, die w\u00e4hrend der vom Unterzeichner durchgef\u00fchrten Aktivit\u00e4ten w\u00e4hrend der Fahrt auftreten k\u00f6nnen. Der\/die Unterzeichner\/in haftet jederzeit f\u00fcr alle von ihm\/ihr verursachten Sch\u00e4den an der NRB.<\/p><p>Die Teilnahme erfolgt auf eigene Gefahr. Mit der Unterzeichnung dieser Erkl\u00e4rung erkl\u00e4rt der Teilnehmer, dass die NRB nicht f\u00fcr (Folge-) Sch\u00e4den oder Verletzungen in welcher Form und aus welchem Grund auch immer haftet.<\/p><\/div><\/div><div id=\"el-a1e30680\" class=\"\"><div class=\"vce vce-gravity-forms\" data-vce-do-apply=\"all el-a1e30680\"><\/div><\/div><\/div><\/div><\/div><\/div><\/div><\/div><\/div><\/div><\/div>","protected":false},"excerpt":{"rendered":"<p>De hieronder opgestelde en ingevulde verklaring heeft betrekking op het meevaren van Niet-leden van de Noordwijkse Reddingsbrigade (NRB). Dit in het kader van welke activiteit dan ook.De NRB stelt zich niet verantwoordelijk of aansprakelijk voor mogelijke problemen die zich kunnen voordoen tijdens activiteiten welke door ondergetekende, tijdens het meevaren, uitgevoerd worden. De ondergetekende is ten [&hellip;]<\/p>\n","protected":false},"author":1,"featured_media":8848,"parent":11463,"menu_order":0,"comment_status":"closed","ping_status":"closed","template":"","meta":{"_acf_changed":false,"footnotes":""},"class_list":["post-11458","page","type-page","status-publish","has-post-thumbnail","hentry"],"acf":[],"yoast_head":"<!-- This site is optimized with the Yoast SEO plugin v27.4 - https:\/\/yoast.com\/product\/yoast-seo-wordpress\/ -->\n<title>Vrijwaring aansprakelijkheid en aanvaarding van eigen risico tijdens meevaren met reddingsvaartuig - Reddingsbrigade Noordwijk<\/title>\n<meta name=\"robots\" content=\"index, follow, max-snippet:-1, max-image-preview:large, max-video-preview:-1\" \/>\n<link rel=\"canonical\" href=\"https:\/\/www.reddingsbrigadenoordwijk.nl\/de\/aanmelden\/vrijwaring-aansprakelijkheid\/\" \/>\n<meta property=\"og:locale\" content=\"de_DE\" \/>\n<meta property=\"og:type\" content=\"article\" \/>\n<meta property=\"og:title\" content=\"Vrijwaring aansprakelijkheid en aanvaarding van eigen risico tijdens meevaren met reddingsvaartuig - Reddingsbrigade Noordwijk\" \/>\n<meta property=\"og:description\" content=\"De hieronder opgestelde en ingevulde verklaring heeft betrekking op het meevaren van Niet-leden van de Noordwijkse Reddingsbrigade (NRB). Dit in het kader van welke activiteit dan ook.De NRB stelt zich niet verantwoordelijk of aansprakelijk voor mogelijke problemen die zich kunnen voordoen tijdens activiteiten welke door ondergetekende, tijdens het meevaren, uitgevoerd worden. De ondergetekende is ten [&hellip;]\" \/>\n<meta property=\"og:url\" content=\"https:\/\/www.reddingsbrigadenoordwijk.nl\/de\/aanmelden\/vrijwaring-aansprakelijkheid\/\" \/>\n<meta property=\"og:site_name\" content=\"Reddingsbrigade Noordwijk\" \/>\n<meta property=\"article:modified_time\" content=\"2021-10-09T08:38:57+00:00\" \/>\n<meta property=\"og:image\" content=\"https:\/\/www.reddingsbrigadenoordwijk.nl\/wp-content\/uploads\/2021\/03\/20100712-14-scaled-1.jpg\" \/>\n\t<meta property=\"og:image:width\" content=\"2560\" \/>\n\t<meta property=\"og:image:height\" content=\"1709\" \/>\n\t<meta property=\"og:image:type\" content=\"image\/jpeg\" \/>\n<meta name=\"twitter:card\" content=\"summary_large_image\" \/>\n<meta name=\"twitter:label1\" content=\"Gesch\u00e4tzte Lesezeit\" \/>\n\t<meta name=\"twitter:data1\" content=\"1\u00a0Minute\" \/>\n<script type=\"application\/ld+json\" class=\"yoast-schema-graph\">{\"@context\":\"https:\\\/\\\/schema.org\",\"@graph\":[{\"@type\":\"WebPage\",\"@id\":\"https:\\\/\\\/www.reddingsbrigadenoordwijk.nl\\\/aanmelden\\\/vrijwaring-aansprakelijkheid\\\/\",\"url\":\"https:\\\/\\\/www.reddingsbrigadenoordwijk.nl\\\/aanmelden\\\/vrijwaring-aansprakelijkheid\\\/\",\"name\":\"Vrijwaring aansprakelijkheid en aanvaarding van eigen risico tijdens meevaren met reddingsvaartuig - Reddingsbrigade Noordwijk\",\"isPartOf\":{\"@id\":\"https:\\\/\\\/www.reddingsbrigadenoordwijk.nl\\\/#website\"},\"primaryImageOfPage\":{\"@id\":\"https:\\\/\\\/www.reddingsbrigadenoordwijk.nl\\\/aanmelden\\\/vrijwaring-aansprakelijkheid\\\/#primaryimage\"},\"image\":{\"@id\":\"https:\\\/\\\/www.reddingsbrigadenoordwijk.nl\\\/aanmelden\\\/vrijwaring-aansprakelijkheid\\\/#primaryimage\"},\"thumbnailUrl\":\"https:\\\/\\\/www.reddingsbrigadenoordwijk.nl\\\/wp-content\\\/uploads\\\/2021\\\/03\\\/20100712-14-scaled-1.jpg\",\"datePublished\":\"2021-10-09T08:33:59+00:00\",\"dateModified\":\"2021-10-09T08:38:57+00:00\",\"breadcrumb\":{\"@id\":\"https:\\\/\\\/www.reddingsbrigadenoordwijk.nl\\\/aanmelden\\\/vrijwaring-aansprakelijkheid\\\/#breadcrumb\"},\"inLanguage\":\"de\",\"potentialAction\":[{\"@type\":\"ReadAction\",\"target\":[\"https:\\\/\\\/www.reddingsbrigadenoordwijk.nl\\\/aanmelden\\\/vrijwaring-aansprakelijkheid\\\/\"]}]},{\"@type\":\"ImageObject\",\"inLanguage\":\"de\",\"@id\":\"https:\\\/\\\/www.reddingsbrigadenoordwijk.nl\\\/aanmelden\\\/vrijwaring-aansprakelijkheid\\\/#primaryimage\",\"url\":\"https:\\\/\\\/www.reddingsbrigadenoordwijk.nl\\\/wp-content\\\/uploads\\\/2021\\\/03\\\/20100712-14-scaled-1.jpg\",\"contentUrl\":\"https:\\\/\\\/www.reddingsbrigadenoordwijk.nl\\\/wp-content\\\/uploads\\\/2021\\\/03\\\/20100712-14-scaled-1.jpg\",\"width\":2560,\"height\":1709},{\"@type\":\"BreadcrumbList\",\"@id\":\"https:\\\/\\\/www.reddingsbrigadenoordwijk.nl\\\/aanmelden\\\/vrijwaring-aansprakelijkheid\\\/#breadcrumb\",\"itemListElement\":[{\"@type\":\"ListItem\",\"position\":1,\"name\":\"Home\",\"item\":\"https:\\\/\\\/www.reddingsbrigadenoordwijk.nl\\\/\"},{\"@type\":\"ListItem\",\"position\":2,\"name\":\"Aanmelden\",\"item\":\"https:\\\/\\\/www.reddingsbrigadenoordwijk.nl\\\/aanmelden\\\/\"},{\"@type\":\"ListItem\",\"position\":3,\"name\":\"Vrijwaring aansprakelijkheid en aanvaarding van eigen risico tijdens meevaren met reddingsvaartuig\"}]},{\"@type\":\"WebSite\",\"@id\":\"https:\\\/\\\/www.reddingsbrigadenoordwijk.nl\\\/#website\",\"url\":\"https:\\\/\\\/www.reddingsbrigadenoordwijk.nl\\\/\",\"name\":\"Reddingsbrigade Noordwijk\",\"description\":\"NRB\",\"potentialAction\":[{\"@type\":\"SearchAction\",\"target\":{\"@type\":\"EntryPoint\",\"urlTemplate\":\"https:\\\/\\\/www.reddingsbrigadenoordwijk.nl\\\/?s={search_term_string}\"},\"query-input\":{\"@type\":\"PropertyValueSpecification\",\"valueRequired\":true,\"valueName\":\"search_term_string\"}}],\"inLanguage\":\"de\"}]}<\/script>\n<!-- \/ Yoast SEO plugin. -->","yoast_head_json":{"title":"Haftungsverzicht und \u00dcbernahme der Selbstbeteiligung bei Fahrten mit dem Rettungsschiff - Reddingsbrigade Noordwijk","robots":{"index":"index","follow":"follow","max-snippet":"max-snippet:-1","max-image-preview":"max-image-preview:large","max-video-preview":"max-video-preview:-1"},"canonical":"https:\/\/www.reddingsbrigadenoordwijk.nl\/de\/aanmelden\/vrijwaring-aansprakelijkheid\/","og_locale":"de_DE","og_type":"article","og_title":"Vrijwaring aansprakelijkheid en aanvaarding van eigen risico tijdens meevaren met reddingsvaartuig - Reddingsbrigade Noordwijk","og_description":"De hieronder opgestelde en ingevulde verklaring heeft betrekking op het meevaren van Niet-leden van de Noordwijkse Reddingsbrigade (NRB). Dit in het kader van welke activiteit dan ook.De NRB stelt zich niet verantwoordelijk of aansprakelijk voor mogelijke problemen die zich kunnen voordoen tijdens activiteiten welke door ondergetekende, tijdens het meevaren, uitgevoerd worden. De ondergetekende is ten [&hellip;]","og_url":"https:\/\/www.reddingsbrigadenoordwijk.nl\/de\/aanmelden\/vrijwaring-aansprakelijkheid\/","og_site_name":"Reddingsbrigade Noordwijk","article_modified_time":"2021-10-09T08:38:57+00:00","og_image":[{"width":2560,"height":1709,"url":"https:\/\/www.reddingsbrigadenoordwijk.nl\/wp-content\/uploads\/2021\/03\/20100712-14-scaled-1.jpg","type":"image\/jpeg"}],"twitter_card":"summary_large_image","twitter_misc":{"Gesch\u00e4tzte Lesezeit":"1\u00a0Minute"},"schema":{"@context":"https:\/\/schema.org","@graph":[{"@type":"WebPage","@id":"https:\/\/www.reddingsbrigadenoordwijk.nl\/aanmelden\/vrijwaring-aansprakelijkheid\/","url":"https:\/\/www.reddingsbrigadenoordwijk.nl\/aanmelden\/vrijwaring-aansprakelijkheid\/","name":"Haftungsverzicht und \u00dcbernahme der Selbstbeteiligung bei Fahrten mit dem Rettungsschiff - Reddingsbrigade Noordwijk","isPartOf":{"@id":"https:\/\/www.reddingsbrigadenoordwijk.nl\/#website"},"primaryImageOfPage":{"@id":"https:\/\/www.reddingsbrigadenoordwijk.nl\/aanmelden\/vrijwaring-aansprakelijkheid\/#primaryimage"},"image":{"@id":"https:\/\/www.reddingsbrigadenoordwijk.nl\/aanmelden\/vrijwaring-aansprakelijkheid\/#primaryimage"},"thumbnailUrl":"https:\/\/www.reddingsbrigadenoordwijk.nl\/wp-content\/uploads\/2021\/03\/20100712-14-scaled-1.jpg","datePublished":"2021-10-09T08:33:59+00:00","dateModified":"2021-10-09T08:38:57+00:00","breadcrumb":{"@id":"https:\/\/www.reddingsbrigadenoordwijk.nl\/aanmelden\/vrijwaring-aansprakelijkheid\/#breadcrumb"},"inLanguage":"de","potentialAction":[{"@type":"ReadAction","target":["https:\/\/www.reddingsbrigadenoordwijk.nl\/aanmelden\/vrijwaring-aansprakelijkheid\/"]}]},{"@type":"ImageObject","inLanguage":"de","@id":"https:\/\/www.reddingsbrigadenoordwijk.nl\/aanmelden\/vrijwaring-aansprakelijkheid\/#primaryimage","url":"https:\/\/www.reddingsbrigadenoordwijk.nl\/wp-content\/uploads\/2021\/03\/20100712-14-scaled-1.jpg","contentUrl":"https:\/\/www.reddingsbrigadenoordwijk.nl\/wp-content\/uploads\/2021\/03\/20100712-14-scaled-1.jpg","width":2560,"height":1709},{"@type":"BreadcrumbList","@id":"https:\/\/www.reddingsbrigadenoordwijk.nl\/aanmelden\/vrijwaring-aansprakelijkheid\/#breadcrumb","itemListElement":[{"@type":"ListItem","position":1,"name":"Home","item":"https:\/\/www.reddingsbrigadenoordwijk.nl\/"},{"@type":"ListItem","position":2,"name":"Aanmelden","item":"https:\/\/www.reddingsbrigadenoordwijk.nl\/aanmelden\/"},{"@type":"ListItem","position":3,"name":"Vrijwaring aansprakelijkheid en aanvaarding van eigen risico tijdens meevaren met reddingsvaartuig"}]},{"@type":"WebSite","@id":"https:\/\/www.reddingsbrigadenoordwijk.nl\/#website","url":"https:\/\/www.reddingsbrigadenoordwijk.nl\/","name":"Rettungsmannschaft Noordwijk","description":"NRB","potentialAction":[{"@type":"SearchAction","target":{"@type":"EntryPoint","urlTemplate":"https:\/\/www.reddingsbrigadenoordwijk.nl\/?s={search_term_string}"},"query-input":{"@type":"PropertyValueSpecification","valueRequired":true,"valueName":"search_term_string"}}],"inLanguage":"de"}]}},"_links":{"self":[{"href":"https:\/\/www.reddingsbrigadenoordwijk.nl\/de\/wp-json\/wp\/v2\/pages\/11458","targetHints":{"allow":["GET"]}}],"collection":[{"href":"https:\/\/www.reddingsbrigadenoordwijk.nl\/de\/wp-json\/wp\/v2\/pages"}],"about":[{"href":"https:\/\/www.reddingsbrigadenoordwijk.nl\/de\/wp-json\/wp\/v2\/types\/page"}],"author":[{"embeddable":true,"href":"https:\/\/www.reddingsbrigadenoordwijk.nl\/de\/wp-json\/wp\/v2\/users\/1"}],"replies":[{"embeddable":true,"href":"https:\/\/www.reddingsbrigadenoordwijk.nl\/de\/wp-json\/wp\/v2\/comments?post=11458"}],"version-history":[{"count":0,"href":"https:\/\/www.reddingsbrigadenoordwijk.nl\/de\/wp-json\/wp\/v2\/pages\/11458\/revisions"}],"up":[{"embeddable":true,"href":"https:\/\/www.reddingsbrigadenoordwijk.nl\/de\/wp-json\/wp\/v2\/pages\/11463"}],"wp:featuredmedia":[{"embeddable":true,"href":"https:\/\/www.reddingsbrigadenoordwijk.nl\/de\/wp-json\/wp\/v2\/media\/8848"}],"wp:attachment":[{"href":"https:\/\/www.reddingsbrigadenoordwijk.nl\/de\/wp-json\/wp\/v2\/media?parent=11458"}],"curies":[{"name":"wp","href":"https:\/\/api.w.org\/{rel}","templated":true}]}}