{"id":114,"date":"2021-01-24T23:05:16","date_gmt":"2021-01-24T22:05:16","guid":{"rendered":"https:\/\/www.reddingsbrigadenoordwijk.nl\/lifeguards\/opleidingen\/zwem-abc\/"},"modified":"2022-03-11T15:49:59","modified_gmt":"2022-03-11T14:49:59","slug":"zwem-abc","status":"publish","type":"page","link":"https:\/\/www.reddingsbrigadenoordwijk.nl\/de\/lebensrettung\/schwimmen-abc\/","title":{"rendered":"Schwimm-ABC"},"content":{"rendered":"<div class=\"vce-section\"><div class=\"vce-section-inner vce-element--has-background\" data-vce-full-width=\"true\" id=\"el-21d9761d\" data-vce-dynamic-image-all=\"21d9761d\" data-vce-do-apply=\"all el-21d9761d\"><div class=\"vce-content-background-container\"><div class=\"vce-asset-background-simple-container vce-visible-all-only vce-asset-background-simple--style-cover vce-asset-background-simple--position-center-center\"><div class=\"vce-asset-background-simple\"><div class=\"vce-asset-background-simple-item lazyload\" style=\"background-image:inherit;\" data-bg-image=\"url(&#039;https:\/\/www.reddingsbrigadenoordwijk.nl\/wp-content\/uploads\/2021\/05\/Wilma-met-5-kinderen-aan-de-rand-van-het-zwembad-DSC_0961-kopie-scaled.jpg?vcv-dynamic-field=featured_image&amp;alt=&amp;caption=&amp;title=Wilma+met+5+kinderen+aan+de+rand+van+het+zwembad+DSC_0961+kopie&#039;)\"><\/div><\/div><\/div><div class=\"vce-asset-color-gradient-container vce-visible-all-only\" data-vce-do-apply=\"gradient el-21d9761d\"><\/div><\/div><div data-vce-element-content=\"true\"><div class=\"vce-row-container\" data-vce-boxed-width=\"true\"><div class=\"vce-row vce-element--has-background vce-row--col-gap-30 vce-row-equal-height vce-row-content--top\" vce-box-shadow=\"el-b700b6bd\" id=\"el-b700b6bd\" data-vce-do-apply=\"all el-b700b6bd\"><div class=\"vce-content-background-container\"><\/div><div class=\"vce-row-content\" data-vce-element-content=\"true\"><div class=\"vce-col vce-col--md-auto vce-col--xs-1 vce-col--xs-last vce-col--xs-first vce-col--sm-last vce-col--sm-first vce-col--md-last vce-col--lg-last vce-col--xl-last vce-col--md-first vce-col--lg-first vce-col--xl-first\" id=\"el-3a98f318\"><div class=\"vce-col-inner\" data-vce-do-apply=\"border margin background  el-3a98f318\"><div class=\"vce-col-content\" data-vce-element-content=\"true\" data-vce-do-apply=\"padding el-3a98f318\"><div class=\"vce-text-block\"><div class=\"vce-text-block-wrapper vce\" id=\"el-816a27d2\" data-vce-do-apply=\"all el-816a27d2\"><h1>Schwimm-ABC<\/h1><\/div><\/div><div class=\"vce-text-block\"><div class=\"vce-text-block-wrapper vce\" id=\"el-c0c7b4fe\" data-vce-do-apply=\"all el-c0c7b4fe\"><p style=\"text-align: right;\"><span><span><a href=\"https:\/\/www.reddingsbrigadenoordwijk.nl\/de\/\">Startseite<\/a><\/span><\/span><\/p><\/div><\/div><\/div><\/div><\/div><\/div><\/div><\/div><\/div><\/div><\/div><div class=\"vce-section\" data-vce-boxed-width=\"true\"><div class=\"vce-section-inner vce-element--has-background\" id=\"el-8869fcc4\" data-vce-do-apply=\"all el-8869fcc4\"><div class=\"vce-content-background-container\"><\/div><div data-vce-element-content=\"true\"><div class=\"vce-row-container\" data-vce-boxed-width=\"true\"><div class=\"vce-row vce-row--col-gap-30 vce-row-equal-height vce-row-content--top\" id=\"el-21709927\" data-vce-do-apply=\"all el-21709927\"><div class=\"vce-row-content\" data-vce-element-content=\"true\"><div class=\"vce-col vce-col--md-auto vce-col--xs-1 vce-col--xs-last vce-col--xs-first vce-col--sm-last vce-col--sm-first vce-col--md-last vce-col--lg-last vce-col--xl-last vce-col--md-first vce-col--lg-first vce-col--xl-first\" id=\"el-6ebcdfd8\"><div class=\"vce-col-inner\" data-vce-do-apply=\"border margin background  el-6ebcdfd8\"><div class=\"vce-col-content\" data-vce-element-content=\"true\" data-vce-do-apply=\"padding el-6ebcdfd8\"><div><\/div><\/div><\/div><\/div><\/div><\/div><\/div><div class=\"vce-row-container\" data-vce-boxed-width=\"true\"><div class=\"vce-row vce-row--col-gap-30 vce-row-equal-height vce-row-content--top\" id=\"el-beffc51e\" data-vce-do-apply=\"all el-beffc51e\"><div class=\"vce-row-content\" data-vce-element-content=\"true\"><div class=\"vce-col vce-col--md-auto vce-col--xs-1 vce-col--xs-last vce-col--xs-first vce-col--sm-last vce-col--sm-first vce-col--md-last vce-col--lg-last vce-col--xl-last vce-col--md-first vce-col--lg-first vce-col--xl-first\" id=\"el-6abbf829\"><div class=\"vce-col-inner\" data-vce-do-apply=\"border margin background  el-6abbf829\"><div class=\"vce-col-content\" data-vce-element-content=\"true\" data-vce-do-apply=\"padding el-6abbf829\"><div class=\"vce-text-block\"><div class=\"vce-text-block-wrapper vce\" id=\"el-e65ca55d\" data-vce-do-apply=\"all el-e65ca55d\"><h2><b>Schwimmen Sie weiter<\/b><\/h2><p>Jeder, der das Schwimmdiplom C bestanden hat, hat einen Pass f\u00fcr lebenslangen Schwimm- und Wasserspa\u00df. Es ist jedoch ratsam, weiterhin regelm\u00e4\u00dfig zu schwimmen, um das Training aufrechtzuerhalten. Auf diese Weise wird verhindert, dass die im Wasser erworbenen F\u00e4higkeiten abnehmen oder gar verloren gehen.<\/p><p>M\u00f6chten Sie, dass Ihr Kind ein noch besserer Schwimmer wird oder mit einer Wassersportart beginnt? Werfen Sie einen Blick auf unsere Kurse f\u00fcr fortgeschrittene Lebensretter.&nbsp;<\/p><\/div><\/div><div class=\"vce-button--style-basic-container vce-button--style-basic-container--align-left\"><span class=\"vce-button--style-basic-wrapper vce\" id=\"el-54da975c\" data-vce-do-apply=\"margin el-54da975c\"><a class=\"vce-button vce-button--style-basic vce-button--style-basic--border-square vce-button--style-basic--size-medium vce-button--style-basic--color-b-255-87-0--fff\" href=\"https:\/\/www.reddingsbrigadenoordwijk.nl\/de\/lifesaving\/lifesaving-zwemopleidingen\/\" title=\"\" data-vce-do-apply=\"padding border background  el-54da975c\">Kurse f\u00fcr Lebensretter<\/a><\/span><\/div><\/div><\/div><\/div><\/div><\/div><\/div><div class=\"vce-row-container\" data-vce-boxed-width=\"true\"><div class=\"vce-row vce-row--col-gap-30 vce-row-equal-height vce-row-content--top\" id=\"el-7c38a17b\" data-vce-do-apply=\"all el-7c38a17b\"><div class=\"vce-row-content\" data-vce-element-content=\"true\"><div class=\"vce-col vce-col--md-auto vce-col--xs-1 vce-col--xs-last vce-col--xs-first vce-col--sm-last vce-col--sm-first vce-col--md-first vce-col--lg-first vce-col--xl-first\" id=\"el-4e256464\"><div class=\"vce-col-inner\" data-vce-do-apply=\"border margin background  el-4e256464\"><div class=\"vce-col-content\" data-vce-element-content=\"true\" data-vce-do-apply=\"padding el-4e256464\"><div class=\"vce-text-block\"><div class=\"vce-text-block-wrapper vce\" id=\"el-171649f4\" data-vce-do-apply=\"all el-171649f4\"><h3>Schwimmzeugnis A<\/h3><p>Sie beherrschen F\u00e4higkeiten f\u00fcr ein Schwimmbad ohne Attraktionen. Das Schwimmdiplom A ist das Sprungbrett zum Schwimmdiplom B und dem kompletten Zwem-ABC.<\/p><\/div><\/div><\/div><\/div><\/div><div class=\"vce-col vce-col--md-auto vce-col--xs-1 vce-col--xs-last vce-col--xs-first vce-col--sm-last vce-col--sm-first\" id=\"el-b0eed284\"><div class=\"vce-col-inner\" data-vce-do-apply=\"border margin background  el-b0eed284\"><div class=\"vce-col-content\" data-vce-element-content=\"true\" data-vce-do-apply=\"padding el-b0eed284\"><div class=\"vce-text-block\"><div class=\"vce-text-block-wrapper vce\" id=\"el-b61555ff\" data-vce-do-apply=\"all el-b61555ff\"><h3>Schwimmzeugnis B<\/h3><p>Sie beherrschen die Fertigkeiten f\u00fcr ein Schwimmbad mit Attraktionen wie einer (Wildwasser-)Rutsche, einem Wellenbad und einer Stromschnelle. Das Schwimmdiplom B ist die Zwischenstufe zum Schwimmdiplom C = National Standard Swimming Safety.<\/p><\/div><\/div><div class=\"vce-button--style-basic-container vce-button--style-basic-container--align-left\"><span class=\"vce-button--style-basic-wrapper vce\" id=\"el-d56adeb7\" data-vce-do-apply=\"margin el-d56adeb7\"><a class=\"vce-button vce-button--style-basic vce-button--style-basic--border-square vce-button--style-basic--size-medium vce-button--style-basic--color-b-255-87-0--fff\" href=\"https:\/\/www.reddingsbrigadenoordwijk.nl\/de\/over-ons\/lid-worden\/\" title=\"\" data-vce-do-apply=\"padding border background  el-d56adeb7\">Anmeldung zum Schwimmunterricht<\/a><\/span><\/div><\/div><\/div><\/div><div class=\"vce-col vce-col--md-auto vce-col--xs-1 vce-col--xs-last vce-col--xs-first vce-col--sm-last vce-col--sm-first vce-col--md-last vce-col--lg-last vce-col--xl-last\" id=\"el-c058961e\"><div class=\"vce-col-inner\" data-vce-do-apply=\"border margin background  el-c058961e\"><div class=\"vce-col-content\" data-vce-element-content=\"true\" data-vce-do-apply=\"padding el-c058961e\"><div class=\"vce-text-block\"><div class=\"vce-text-block-wrapper vce\" id=\"el-e2b10532\" data-vce-do-apply=\"all el-e2b10532\"><h3>Schwimmzeugnis C<\/h3><h5>Nationaler Sicherheitsstandard f\u00fcr das Schwimmen<\/h5><p>Sie beherrschen Fertigkeiten f\u00fcr ein Schwimmbad mit Attraktionen und in offenen Gew\u00e4ssern ohne Str\u00f6mungen oder gro\u00dfe Wellen, wie z. B. Freizeitseen und breitere Gr\u00e4ben\/Kan\u00e4le (au\u00dfer im Meer). Mit diesem Diplom erf\u00fcllen Sie den nationalen Sicherheitsstandard f\u00fcr Schwimmer.<\/p><\/div><\/div><\/div><\/div><\/div><\/div><\/div><\/div><div class=\"vce-row-container\" data-vce-boxed-width=\"true\"><div class=\"vce-row vce-row--col-gap-30 vce-row-equal-height vce-row-content--top\" id=\"el-601fab70\" data-vce-do-apply=\"all el-601fab70\"><div class=\"vce-row-content\" data-vce-element-content=\"true\"><div class=\"vce-col vce-col--md-auto vce-col--xs-1 vce-col--xs-last vce-col--xs-first vce-col--sm-last vce-col--sm-first vce-col--md-last vce-col--lg-last vce-col--xl-last vce-col--md-first vce-col--lg-first vce-col--xl-first\" id=\"el-6e6929a6\"><div class=\"vce-col-inner\" data-vce-do-apply=\"border margin background  el-6e6929a6\"><div class=\"vce-col-content\" data-vce-element-content=\"true\" data-vce-do-apply=\"padding el-6e6929a6\"><div class=\"vce-text-block\"><div class=\"vce-text-block-wrapper vce\" id=\"el-569f2763\" data-vce-do-apply=\"all el-569f2763\"><h2>Nationaler Sicherheitsstandard f\u00fcr das Schwimmen<\/h2><p>Die Rettungsbrigade Noordwijk ist Lizenznehmer f\u00fcr das Nationale Schwimmdiplom und trainiert f\u00fcr die<a href=\"https:\/\/www.nrz-nl.nl\/licentie-nationale-zwemdiplomas\/nationale-norm-zwemveiligheid\/\"> Nationaler Sicherheitsstandard f\u00fcr das Schwimmen<\/a>. Die<a href=\"https:\/\/www.allesoverzwemles.nl\/\"> Nationaler Rat f\u00fcr Schwimmsicherheit<\/a> legt den nationalen Sicherheitsstandard f\u00fcr das Schwimmen und die Pr\u00fcfungsordnung f\u00fcr nationale Schwimmzertifikate fest und \u00fcberpr\u00fcft, ob die Rettungsschwimmergruppe Noordwijk, die Qualit\u00e4t des Schwimmunterrichts und das Diplomschwimmen diesen Qualit\u00e4tsanforderungen entsprechen.<\/p><p>Um den Nationalen Sicherheitsstandard f\u00fcr Schwimmer zu erf\u00fcllen, m\u00fcssen Sie im Besitz des vollst\u00e4ndigen Zwem-ABCs sein. Die Schwimmdiplome A und B sind ein Sprungbrett zum vollst\u00e4ndigen Zwem-ABC.<\/p><\/div><\/div><\/div><\/div><\/div><\/div><\/div><\/div><div class=\"vce-row-container\" data-vce-boxed-width=\"true\"><div class=\"vce-row vce-row--col-gap-30 vce-row-equal-height vce-row-content--top\" id=\"el-87d2e7d9\" data-vce-do-apply=\"all el-87d2e7d9\"><div class=\"vce-row-content\" data-vce-element-content=\"true\"><div class=\"vce-col vce-col--md-66-5p vce-col--xs-1 vce-col--xs-last vce-col--xs-first vce-col--sm-last vce-col--sm-first vce-col--md-first vce-col--lg-first vce-col--xl-first\" id=\"el-b65a2450\"><div class=\"vce-col-inner\" data-vce-do-apply=\"border margin background  el-b65a2450\"><div class=\"vce-col-content\" data-vce-element-content=\"true\" data-vce-do-apply=\"padding el-b65a2450\"><div class=\"vce-text-block\"><div class=\"vce-text-block-wrapper vce\" id=\"el-90eed113\" data-vce-do-apply=\"all el-90eed113\"><h2>Fahrplan<\/h2>\n<p>Der Schwimmunterricht f\u00fcr das Zwem-ABC findet statt unter <strong>Dienstagabend<\/strong> zwischen 18:00 und 19:40 Uhr und wurden in drei Gruppen aufgeteilt. Um Ihrem Kind die richtigen Fertigkeiten beizubringen, beginnt der Unterricht in der Zielgruppe\/im tiefen Becken. Wenn Ihr Kind die Schwimmz\u00fcge beherrscht, nimmt es am Unterricht im tiefen Becken teil.<\/p><\/div><\/div><div class=\"vce-text-block\"><div class=\"vce-text-block-wrapper vce\" id=\"el-070736d2\" data-vce-do-apply=\"all el-070736d2\"><ul>\n<li><strong>18:00 - 18:30:<\/strong> Gruppe 1 (Zwischenbecken \/ Flaches Becken)<\/li>\n<li><strong>18:30 -19:00:<\/strong> Gruppe 2 (Zwischenbecken \/ Flaches Becken)<\/li>\n<li><strong>19:00 - 19:40:<\/strong> Andere Gruppen (Wettbewerbspool)<\/li>\n<\/ul><\/div><\/div><div class=\"vce-text-block\"><div class=\"vce-text-block-wrapper vce\" id=\"el-d3cfd80a\" data-vce-do-apply=\"all el-d3cfd80a\"><p>Die Diplompr\u00fcfungen finden an Abenden statt. An diesen Abenden findet kein Schwimmunterricht f\u00fcr die Kinder statt, die nicht schwimmen d\u00fcrfen. Wenn Ihr Kind an der Pr\u00fcfung teilnimmt, werden Sie im Voraus benachrichtigt.<\/p><\/div><\/div><div class=\"vce-button--style-basic-container vce-button--style-basic-container--align-left\"><span class=\"vce-button--style-basic-wrapper vce\" id=\"el-e13b165e\" data-vce-do-apply=\"margin el-e13b165e\"><a class=\"vce-button vce-button--style-basic vce-button--style-basic--border-square vce-button--style-basic--size-medium vce-button--style-basic--color-b-255-87-0--fff\" href=\"https:\/\/www.reddingsbrigadenoordwijk.nl\/de\/over-ons\/lid-worden\/\" title=\"\" data-vce-do-apply=\"padding border background  el-e13b165e\">Melden Sie sich f\u00fcr ABC-Schwimmkurse an<\/a><\/span><\/div><\/div><\/div><\/div><div class=\"vce-col vce-col--md-auto vce-col--xs-1 vce-col--xs-last vce-col--xs-first vce-col--sm-last vce-col--sm-first vce-col--md-last vce-col--lg-last vce-col--xl-last\" id=\"el-6e5be22c\"><div class=\"vce-col-inner\" data-vce-do-apply=\"border margin background  el-6e5be22c\"><div class=\"vce-col-content\" data-vce-element-content=\"true\" data-vce-do-apply=\"padding el-6e5be22c\"><div class=\"vce-single-image-container vce-single-image--align-center\"><div class=\"vce vce-single-image-wrapper\" id=\"el-31240676\" data-vce-do-apply=\"all el-31240676\"><figure><div class=\"vce-single-image-figure-inner\" style=\"width: 768px;\"><div class=\"vce-single-image-inner vce-single-image--absolute vce-single-image--border-rounded vce-image-filter--amaro\" style=\"width: 100%; padding-bottom: 133.333%;\"><img decoding=\"async\" class=\"vce-single-image lazyload\"  width=\"768\" height=\"1024\" data-srcset=\"https:\/\/www.reddingsbrigadenoordwijk.nl\/wp-content\/uploads\/2022\/03\/17632428_1838236089762340_1172002719539710182_o-320x427.jpg 320w,https:\/\/www.reddingsbrigadenoordwijk.nl\/wp-content\/uploads\/2022\/03\/17632428_1838236089762340_1172002719539710182_o-480x640.jpg 480w,https:\/\/www.reddingsbrigadenoordwijk.nl\/wp-content\/uploads\/2022\/03\/17632428_1838236089762340_1172002719539710182_o-768x1024.jpg 768w\" data-src=\"https:\/\/www.reddingsbrigadenoordwijk.nl\/wp-content\/uploads\/2022\/03\/17632428_1838236089762340_1172002719539710182_o-768x1024.jpg\" data-img-src=\"https:\/\/www.reddingsbrigadenoordwijk.nl\/wp-content\/uploads\/2021\/03\/17632428_1838236089762340_1172002719539710182_o.jpg\" alt=\"\" title=\"17632428_1838236089762340_1172002719539710182_o\" src=\"data:image\/svg+xml;base64,PHN2ZyB3aWR0aD0iMSIgaGVpZ2h0PSIxIiB4bWxucz0iaHR0cDovL3d3dy53My5vcmcvMjAwMC9zdmciPjwvc3ZnPg==\" style=\"--smush-placeholder-width: 768px; --smush-placeholder-aspect-ratio: 768\/1024;\" \/><\/div><\/div><figcaption hidden=\"\"><\/figcaption><\/figure><\/div><\/div><\/div><\/div><\/div><\/div><\/div><\/div><div class=\"vce-row-container\" data-vce-boxed-width=\"true\"><div class=\"vce-row vce-row--col-gap-30 vce-row-equal-height vce-row-content--top\" id=\"el-5de3e5ac\" data-vce-do-apply=\"all el-5de3e5ac\"><div class=\"vce-row-content\" data-vce-element-content=\"true\"><div class=\"vce-col vce-col--md-65-9p vce-col--xs-1 vce-col--xs-last vce-col--xs-first vce-col--sm-last vce-col--sm-first vce-col--md-first vce-col--lg-first vce-col--xl-first\" id=\"el-a0ac8a4c\"><div class=\"vce-col-inner\" data-vce-do-apply=\"border margin background  el-a0ac8a4c\"><div class=\"vce-col-content\" data-vce-element-content=\"true\" data-vce-do-apply=\"padding el-a0ac8a4c\"><div class=\"vce-text-block\"><div class=\"vce-text-block-wrapper vce\" id=\"el-039a7366\" data-vce-do-apply=\"all el-039a7366\"><p>Das Erlernen des Schwimmens ist in unserer wasserreichen Umwelt von entscheidender Bedeutung. Wir leben nicht nur in der N\u00e4he von viel Wasser, sondern wir gehen auch gerne auf die Suche danach. Es ist daher unerl\u00e4sslich, dass Kinder schon in jungen Jahren schwimmen lernen. Die Grundlage des Schwimmenlernens ist das Zwem-ABC. Alle unsere Schwimmkurse finden am Dienstagabend im Schwimmbad Binnenzee in Noordwijk statt. Die Anmeldung ist ab dem Alter von 4 Jahren m\u00f6glich. Die Einschreibung von der Warteliste erfolgt ab einem Mindestalter von 5 Jahren.<\/p><\/div><\/div><\/div><\/div><\/div><div class=\"vce-col vce-col--md-34-1p vce-col--xs-1 vce-col--xs-last vce-col--xs-first vce-col--sm-last vce-col--sm-first vce-col--md-last vce-col--lg-last vce-col--xl-last\" id=\"el-5ea9ec0b\"><div class=\"vce-col-inner\" data-vce-do-apply=\"border margin background  el-5ea9ec0b\"><div class=\"vce-col-content\" data-vce-element-content=\"true\" data-vce-do-apply=\"padding el-5ea9ec0b\"><div class=\"vce-text-block\"><div class=\"vce-text-block-wrapper vce\" id=\"el-40b4938b\" data-vce-do-apply=\"all el-40b4938b\"><h2><strong>Kontakt<\/strong><\/h2><p>Wenn Sie Fragen zum Schwimmunterricht am Dienstagabend haben, wenden Sie sich bitte an unsere Schwimmlehrer oder an die Schwimmbadleitung nach dem Unterricht.<\/p><\/div><\/div><div class=\"vce-button--style-basic-container vce-button--style-basic-container--align-left\"><span class=\"vce-button--style-basic-wrapper vce\" id=\"el-ff8ecffb\" data-vce-do-apply=\"margin el-ff8ecffb\"><a class=\"vce-button vce-button--style-basic vce-button--style-basic--border-square vce-button--style-basic--size-medium vce-button--style-basic--color-b-255-87-0--fff\" href=\"mailto:zwembadadministratie@reddingsbrigadenoordwijk.nl\" title=\"\" data-vce-do-apply=\"padding border background  el-ff8ecffb\">E-Mail-Pool-Verwaltung<\/a><\/span><\/div><\/div><\/div><\/div><\/div><\/div><\/div><\/div><\/div><\/div>","protected":false},"excerpt":{"rendered":"","protected":false},"author":1,"featured_media":11278,"parent":121,"menu_order":190,"comment_status":"closed","ping_status":"closed","template":"","meta":{"_acf_changed":false,"footnotes":""},"class_list":["post-114","page","type-page","status-publish","has-post-thumbnail","hentry"],"acf":[],"yoast_head":"<!-- This site is optimized with the Yoast SEO plugin v27.5 - https:\/\/yoast.com\/product\/yoast-seo-wordpress\/ -->\n<title>Zwem ABC - Reddingsbrigade Noordwijk<\/title>\n<meta name=\"robots\" content=\"index, follow, max-snippet:-1, max-image-preview:large, max-video-preview:-1\" \/>\n<link rel=\"canonical\" href=\"https:\/\/www.reddingsbrigadenoordwijk.nl\/de\/lifesaving\/zwem-abc\/\" \/>\n<meta property=\"og:locale\" content=\"de_DE\" \/>\n<meta property=\"og:type\" content=\"article\" \/>\n<meta property=\"og:title\" content=\"Zwem ABC - Reddingsbrigade Noordwijk\" \/>\n<meta property=\"og:url\" content=\"https:\/\/www.reddingsbrigadenoordwijk.nl\/de\/lifesaving\/zwem-abc\/\" \/>\n<meta property=\"og:site_name\" content=\"Reddingsbrigade Noordwijk\" \/>\n<meta property=\"article:modified_time\" content=\"2022-03-11T14:49:59+00:00\" \/>\n<meta property=\"og:image\" content=\"https:\/\/www.reddingsbrigadenoordwijk.nl\/wp-content\/uploads\/2021\/05\/Wilma-met-5-kinderen-aan-de-rand-van-het-zwembad-DSC_0961-kopie-scaled.jpg\" \/>\n\t<meta property=\"og:image:width\" content=\"2560\" \/>\n\t<meta property=\"og:image:height\" content=\"1714\" \/>\n\t<meta property=\"og:image:type\" content=\"image\/jpeg\" \/>\n<meta name=\"twitter:card\" content=\"summary_large_image\" \/>\n<meta name=\"twitter:label1\" content=\"Gesch\u00e4tzte Lesezeit\" \/>\n\t<meta name=\"twitter:data1\" content=\"2\u00a0Minuten\" \/>\n<script type=\"application\/ld+json\" class=\"yoast-schema-graph\">{\"@context\":\"https:\\\/\\\/schema.org\",\"@graph\":[{\"@type\":\"WebPage\",\"@id\":\"https:\\\/\\\/www.reddingsbrigadenoordwijk.nl\\\/lifesaving\\\/zwem-abc\\\/\",\"url\":\"https:\\\/\\\/www.reddingsbrigadenoordwijk.nl\\\/lifesaving\\\/zwem-abc\\\/\",\"name\":\"Zwem ABC - Reddingsbrigade Noordwijk\",\"isPartOf\":{\"@id\":\"https:\\\/\\\/www.reddingsbrigadenoordwijk.nl\\\/#website\"},\"primaryImageOfPage\":{\"@id\":\"https:\\\/\\\/www.reddingsbrigadenoordwijk.nl\\\/lifesaving\\\/zwem-abc\\\/#primaryimage\"},\"image\":{\"@id\":\"https:\\\/\\\/www.reddingsbrigadenoordwijk.nl\\\/lifesaving\\\/zwem-abc\\\/#primaryimage\"},\"thumbnailUrl\":\"https:\\\/\\\/www.reddingsbrigadenoordwijk.nl\\\/wp-content\\\/uploads\\\/2021\\\/05\\\/Wilma-met-5-kinderen-aan-de-rand-van-het-zwembad-DSC_0961-kopie-scaled.jpg\",\"datePublished\":\"2021-01-24T22:05:16+00:00\",\"dateModified\":\"2022-03-11T14:49:59+00:00\",\"breadcrumb\":{\"@id\":\"https:\\\/\\\/www.reddingsbrigadenoordwijk.nl\\\/lifesaving\\\/zwem-abc\\\/#breadcrumb\"},\"inLanguage\":\"de\",\"potentialAction\":[{\"@type\":\"ReadAction\",\"target\":[\"https:\\\/\\\/www.reddingsbrigadenoordwijk.nl\\\/lifesaving\\\/zwem-abc\\\/\"]}]},{\"@type\":\"ImageObject\",\"inLanguage\":\"de\",\"@id\":\"https:\\\/\\\/www.reddingsbrigadenoordwijk.nl\\\/lifesaving\\\/zwem-abc\\\/#primaryimage\",\"url\":\"https:\\\/\\\/www.reddingsbrigadenoordwijk.nl\\\/wp-content\\\/uploads\\\/2021\\\/05\\\/Wilma-met-5-kinderen-aan-de-rand-van-het-zwembad-DSC_0961-kopie-scaled.jpg\",\"contentUrl\":\"https:\\\/\\\/www.reddingsbrigadenoordwijk.nl\\\/wp-content\\\/uploads\\\/2021\\\/05\\\/Wilma-met-5-kinderen-aan-de-rand-van-het-zwembad-DSC_0961-kopie-scaled.jpg\",\"width\":2560,\"height\":1714},{\"@type\":\"BreadcrumbList\",\"@id\":\"https:\\\/\\\/www.reddingsbrigadenoordwijk.nl\\\/lifesaving\\\/zwem-abc\\\/#breadcrumb\",\"itemListElement\":[{\"@type\":\"ListItem\",\"position\":1,\"name\":\"Home\",\"item\":\"https:\\\/\\\/www.reddingsbrigadenoordwijk.nl\\\/\"},{\"@type\":\"ListItem\",\"position\":2,\"name\":\"Lifesaving\",\"item\":\"https:\\\/\\\/www.reddingsbrigadenoordwijk.nl\\\/lifesaving\\\/\"},{\"@type\":\"ListItem\",\"position\":3,\"name\":\"Zwem ABC\"}]},{\"@type\":\"WebSite\",\"@id\":\"https:\\\/\\\/www.reddingsbrigadenoordwijk.nl\\\/#website\",\"url\":\"https:\\\/\\\/www.reddingsbrigadenoordwijk.nl\\\/\",\"name\":\"Reddingsbrigade Noordwijk\",\"description\":\"NRB\",\"potentialAction\":[{\"@type\":\"SearchAction\",\"target\":{\"@type\":\"EntryPoint\",\"urlTemplate\":\"https:\\\/\\\/www.reddingsbrigadenoordwijk.nl\\\/?s={search_term_string}\"},\"query-input\":{\"@type\":\"PropertyValueSpecification\",\"valueRequired\":true,\"valueName\":\"search_term_string\"}}],\"inLanguage\":\"de\"}]}<\/script>\n<!-- \/ Yoast SEO plugin. -->","yoast_head_json":{"title":"Schwimm-ABC - Reddingsbrigade Noordwijk","robots":{"index":"index","follow":"follow","max-snippet":"max-snippet:-1","max-image-preview":"max-image-preview:large","max-video-preview":"max-video-preview:-1"},"canonical":"https:\/\/www.reddingsbrigadenoordwijk.nl\/de\/lifesaving\/zwem-abc\/","og_locale":"de_DE","og_type":"article","og_title":"Zwem ABC - Reddingsbrigade Noordwijk","og_url":"https:\/\/www.reddingsbrigadenoordwijk.nl\/de\/lifesaving\/zwem-abc\/","og_site_name":"Reddingsbrigade Noordwijk","article_modified_time":"2022-03-11T14:49:59+00:00","og_image":[{"width":2560,"height":1714,"url":"https:\/\/www.reddingsbrigadenoordwijk.nl\/wp-content\/uploads\/2021\/05\/Wilma-met-5-kinderen-aan-de-rand-van-het-zwembad-DSC_0961-kopie-scaled.jpg","type":"image\/jpeg"}],"twitter_card":"summary_large_image","twitter_misc":{"Gesch\u00e4tzte Lesezeit":"2\u00a0Minuten"},"schema":{"@context":"https:\/\/schema.org","@graph":[{"@type":"WebPage","@id":"https:\/\/www.reddingsbrigadenoordwijk.nl\/lifesaving\/zwem-abc\/","url":"https:\/\/www.reddingsbrigadenoordwijk.nl\/lifesaving\/zwem-abc\/","name":"Schwimm-ABC - Reddingsbrigade Noordwijk","isPartOf":{"@id":"https:\/\/www.reddingsbrigadenoordwijk.nl\/#website"},"primaryImageOfPage":{"@id":"https:\/\/www.reddingsbrigadenoordwijk.nl\/lifesaving\/zwem-abc\/#primaryimage"},"image":{"@id":"https:\/\/www.reddingsbrigadenoordwijk.nl\/lifesaving\/zwem-abc\/#primaryimage"},"thumbnailUrl":"https:\/\/www.reddingsbrigadenoordwijk.nl\/wp-content\/uploads\/2021\/05\/Wilma-met-5-kinderen-aan-de-rand-van-het-zwembad-DSC_0961-kopie-scaled.jpg","datePublished":"2021-01-24T22:05:16+00:00","dateModified":"2022-03-11T14:49:59+00:00","breadcrumb":{"@id":"https:\/\/www.reddingsbrigadenoordwijk.nl\/lifesaving\/zwem-abc\/#breadcrumb"},"inLanguage":"de","potentialAction":[{"@type":"ReadAction","target":["https:\/\/www.reddingsbrigadenoordwijk.nl\/lifesaving\/zwem-abc\/"]}]},{"@type":"ImageObject","inLanguage":"de","@id":"https:\/\/www.reddingsbrigadenoordwijk.nl\/lifesaving\/zwem-abc\/#primaryimage","url":"https:\/\/www.reddingsbrigadenoordwijk.nl\/wp-content\/uploads\/2021\/05\/Wilma-met-5-kinderen-aan-de-rand-van-het-zwembad-DSC_0961-kopie-scaled.jpg","contentUrl":"https:\/\/www.reddingsbrigadenoordwijk.nl\/wp-content\/uploads\/2021\/05\/Wilma-met-5-kinderen-aan-de-rand-van-het-zwembad-DSC_0961-kopie-scaled.jpg","width":2560,"height":1714},{"@type":"BreadcrumbList","@id":"https:\/\/www.reddingsbrigadenoordwijk.nl\/lifesaving\/zwem-abc\/#breadcrumb","itemListElement":[{"@type":"ListItem","position":1,"name":"Home","item":"https:\/\/www.reddingsbrigadenoordwijk.nl\/"},{"@type":"ListItem","position":2,"name":"Lifesaving","item":"https:\/\/www.reddingsbrigadenoordwijk.nl\/lifesaving\/"},{"@type":"ListItem","position":3,"name":"Zwem ABC"}]},{"@type":"WebSite","@id":"https:\/\/www.reddingsbrigadenoordwijk.nl\/#website","url":"https:\/\/www.reddingsbrigadenoordwijk.nl\/","name":"Rettungsmannschaft Noordwijk","description":"NRB","potentialAction":[{"@type":"SearchAction","target":{"@type":"EntryPoint","urlTemplate":"https:\/\/www.reddingsbrigadenoordwijk.nl\/?s={search_term_string}"},"query-input":{"@type":"PropertyValueSpecification","valueRequired":true,"valueName":"search_term_string"}}],"inLanguage":"de"}]}},"_links":{"self":[{"href":"https:\/\/www.reddingsbrigadenoordwijk.nl\/de\/wp-json\/wp\/v2\/pages\/114","targetHints":{"allow":["GET"]}}],"collection":[{"href":"https:\/\/www.reddingsbrigadenoordwijk.nl\/de\/wp-json\/wp\/v2\/pages"}],"about":[{"href":"https:\/\/www.reddingsbrigadenoordwijk.nl\/de\/wp-json\/wp\/v2\/types\/page"}],"author":[{"embeddable":true,"href":"https:\/\/www.reddingsbrigadenoordwijk.nl\/de\/wp-json\/wp\/v2\/users\/1"}],"replies":[{"embeddable":true,"href":"https:\/\/www.reddingsbrigadenoordwijk.nl\/de\/wp-json\/wp\/v2\/comments?post=114"}],"version-history":[{"count":0,"href":"https:\/\/www.reddingsbrigadenoordwijk.nl\/de\/wp-json\/wp\/v2\/pages\/114\/revisions"}],"up":[{"embeddable":true,"href":"https:\/\/www.reddingsbrigadenoordwijk.nl\/de\/wp-json\/wp\/v2\/pages\/121"}],"wp:featuredmedia":[{"embeddable":true,"href":"https:\/\/www.reddingsbrigadenoordwijk.nl\/de\/wp-json\/wp\/v2\/media\/11278"}],"wp:attachment":[{"href":"https:\/\/www.reddingsbrigadenoordwijk.nl\/de\/wp-json\/wp\/v2\/media?parent=114"}],"curies":[{"name":"wp","href":"https:\/\/api.w.org\/{rel}","templated":true}]}}