{"id":105,"date":"2021-01-24T23:05:15","date_gmt":"2021-01-24T22:05:15","guid":{"rendered":"https:\/\/www.reddingsbrigadenoordwijk.nl\/lifeguards\/algemeen-nut-beogende-instelling-anbi-status\/"},"modified":"2026-01-28T14:05:46","modified_gmt":"2026-01-28T13:05:46","slug":"algemeen-nut-beogende-instelling-anbi-status","status":"publish","type":"page","link":"https:\/\/www.reddingsbrigadenoordwijk.nl\/de\/rettungsschwimmer\/allgemeiner-leistungsfahiger-institutioneller-anbi-status\/","title":{"rendered":"Einrichtung f\u00fcr allgemeine Zwecke (ANBI-Status)"},"content":{"rendered":"<div class=\"vce-section\">\n<div id=\"el-abc11cd8\" class=\"vce-section-inner vce-element--has-background\" data-vce-full-width=\"true\" data-vce-dynamic-image-all=\"abc11cd8\" data-vce-do-apply=\"all el-abc11cd8\">\n<div class=\"vce-content-background-container\">\n<div class=\"vce-asset-background-simple-container vce-visible-all-only vce-asset-background-simple--style-cover vce-asset-background-simple--position-center-center\">\n<div class=\"vce-asset-background-simple\">\n<div class=\"vce-asset-background-simple-item lazyload\" style=\"background-image:inherit;\" data-bg-image=\"url(&#039;https:\/\/www.reddingsbrigadenoordwijk.nl\/wp-content\/uploads\/2021\/04\/IMG-20200907-WA0017.jpg?vcv-dynamic-field=featured_image&amp;alt=&amp;caption=&amp;title=IMG-20200907-WA0017&#039;)\">\u00a0<\/div>\n<\/div>\n<\/div>\n<div class=\"vce-asset-color-gradient-container vce-visible-all-only\" data-vce-do-apply=\"gradient el-abc11cd8\">\u00a0<\/div>\n<\/div>\n<div data-vce-element-content=\"true\">\n<div class=\"vce-row-container\" data-vce-boxed-width=\"true\">\n<div id=\"el-3be30fba\" class=\"vce-row vce-element--has-background vce-row--col-gap-30 vce-row-equal-height vce-row-content--top\" data-vce-do-apply=\"all el-3be30fba\">\n<div class=\"vce-content-background-container\">\u00a0<\/div>\n<div class=\"vce-row-content\" data-vce-element-content=\"true\">\n<div id=\"el-219efca7\" class=\"vce-col vce-col--md-auto vce-col--xs-1 vce-col--xs-last vce-col--xs-first vce-col--sm-last vce-col--sm-first vce-col--md-last vce-col--lg-last vce-col--xl-last vce-col--md-first vce-col--lg-first vce-col--xl-first\">\n<div class=\"vce-col-inner\" data-vce-do-apply=\"border margin background  el-219efca7\">\n<div class=\"vce-col-content\" data-vce-element-content=\"true\" data-vce-do-apply=\"padding el-219efca7\">\n<div class=\"vce-text-block\">\n<div id=\"el-60ea24e0\" class=\"vce-text-block-wrapper vce\" data-vce-do-apply=\"all el-60ea24e0\">\n<h1>Einrichtung f\u00fcr allgemeine Zwecke (ANBI-Status)<\/h1>\n<\/div>\n<\/div>\n\n<div class=\"vce-text-block\">\n<div id=\"el-e01fbc12\" class=\"vce-text-block-wrapper vce\" data-vce-do-apply=\"all el-e01fbc12\">\n<p style=\"text-align: right;\"><span><span><a href=\"https:\/\/www.reddingsbrigadenoordwijk.nl\/de\/\">Startseite<\/a><\/span><\/span><\/p>\n<\/div>\n<\/div>\n<\/div>\n<\/div>\n<\/div>\n<\/div>\n<\/div>\n<\/div>\n<\/div>\n<\/div>\n<\/div>\n\r\n<div class=\"vce-section\" data-vce-boxed-width=\"true\">\r\n<div id=\"el-d3b3d663\" class=\"vce-section-inner vce-element--has-background\" data-vce-do-apply=\"all el-d3b3d663\">\r\n<div class=\"vce-content-background-container\">\u00a0<\/div>\r\n<div data-vce-element-content=\"true\">\r\n<div class=\"vce-row-container\" data-vce-boxed-width=\"true\">\r\n<div id=\"el-f0dd1b4a\" class=\"vce-row vce-row--col-gap-30 vce-row-equal-height vce-row-content--top\" data-vce-do-apply=\"all el-f0dd1b4a\">\r\n<div class=\"vce-row-content\" data-vce-element-content=\"true\">\r\n<div id=\"el-aa5c0a07\" class=\"vce-col vce-col--md-auto vce-col--xs-1 vce-col--xs-last vce-col--xs-first vce-col--sm-last vce-col--sm-first vce-col--md-last vce-col--lg-last vce-col--xl-last vce-col--md-first vce-col--lg-first vce-col--xl-first\">\r\n<div class=\"vce-col-inner\" data-vce-do-apply=\"border margin background  el-aa5c0a07\">\r\n<div class=\"vce-col-content\" data-vce-element-content=\"true\" data-vce-do-apply=\"padding el-aa5c0a07\">\r\n<div class=\"vce-text-block\">\r\n<div id=\"el-a134a3bb\" class=\"vce-text-block-wrapper vce\" data-vce-do-apply=\"all el-a134a3bb\">\r\n<h4>Rettungsbrigade Noordwijk<\/h4>\r\n<p>(Auch bekannt als Reddingsbrigade Noordwijk, Noordwijkse Reddingsbrigade und\/oder NRB)<\/p>\r\n<div data-vce-boxed-width=\"true\">\r\n<div id=\"el-12474816\" data-vce-do-apply=\"all el-12474816\">\r\n<div data-vce-element-content=\"true\">\r\n<div id=\"el-f33199fb\">\r\n<div data-vce-do-apply=\"border margin background  el-f33199fb\">\r\n<div data-vce-element-content=\"true\" data-vce-do-apply=\"padding el-f33199fb\">\r\n<div>\r\n<div id=\"el-248757e3\" data-vce-do-apply=\"all el-248757e3\">\r\n<p><strong>Handelskammer<\/strong>:\u00a0<a href=\"http:\/\/www.kvk.nl\/orderstraat\/bedrijf-kiezen\/?q=40445272#!shop?&amp;q=40445272&amp;start=0&amp;prefproduct=&amp;prefpayment=\" target=\"_blank\" rel=\"noopener noreferrer\">40445272<\/a><br \/><strong>RSIN<\/strong>:\u00a0<a href=\"http:\/\/www.belastingdienst.nl\/rekenhulpen\/giften\/anbi_zoeken\/\" target=\"_blank\" rel=\"noopener noreferrer\">004890978<\/a><br \/><strong>Postanschrift<\/strong>: Palaceplein 7, 2202 ER NOORDWIJK ZH<\/p>\r\n<\/div>\r\n<\/div>\r\n<\/div>\r\n<\/div>\r\n<\/div>\r\n<\/div>\r\n<\/div>\r\n<\/div>\r\n<div class=\"vce-row-container\" data-vce-boxed-width=\"true\">\r\n<div id=\"el-482cc04f\" class=\"vce-row vce-row--col-gap-30 vce-row-equal-height vce-row-content--top\" data-vce-do-apply=\"all el-482cc04f\">\r\n<div class=\"vce-row-content\" data-vce-element-content=\"true\">\r\n<div id=\"el-42149d66\" class=\"vce-col vce-col--md-auto vce-col--xs-1 vce-col--xs-last vce-col--xs-first vce-col--sm-last vce-col--sm-first vce-col--md-last vce-col--lg-last vce-col--xl-last vce-col--md-first vce-col--lg-first vce-col--xl-first\">\r\n<div class=\"vce-col-inner\" data-vce-do-apply=\"border margin background  el-42149d66\">\r\n<div class=\"vce-col-content\" data-vce-element-content=\"true\" data-vce-do-apply=\"padding el-42149d66\">\r\n<div class=\"vce-text-block\">\r\n<div id=\"el-bcd5e557\" class=\"vce-text-block-wrapper vce\" data-vce-do-apply=\"all el-bcd5e557\">\r\n<h2>Zielsetzung<\/h2>\r\n<p>Zweck des Vereins ist die Hilfeleistung f\u00fcr Ertrinkende, Schiffbr\u00fcchige und Unfallopfer sowie die Hilfeleistung bei Ungl\u00fccksf\u00e4llen in Noordwijk und den umliegenden Gemeinden, soweit dort kein anderer Verein mit demselben Zweck besteht, und zwar im weitesten Sinne des Wortes.<\/p>\r\n<\/div>\r\n<\/div>\r\n<div class=\"vce-text-block\">\r\n<div id=\"el-4874a219\" class=\"vce-text-block-wrapper vce\" data-vce-do-apply=\"all el-4874a219\">\r\n<h2>Vision\u00a0<\/h2>\r\n<div>\r\n<div>\r\n<div class=\"x_x_MsoNormal\">\r\n<p class=\"x_x_MsoNormal\">In Noordwijk k\u00f6nnen Sie sich das ganze Jahr \u00fcber sicher am Meer erholen. Die Einwohner von Noordwijk, insbesondere Kinder, k\u00f6nnen im Schwimmbad und im Meer schwimmen. Durch Informationen und Kurse lernen sie die Gefahren des Meeres kennen und wissen, wie sie sich auf einen Strandbesuch vorbereiten k\u00f6nnen.\u00a0<\/p>\r\n<h2>Mission\u00a0<\/h2>\r\n<p class=\"x_x_MsoNormal\">Vorbeugung und Bek\u00e4mpfung des Ertrinkens durch:<\/p>\r\n<h4>1. Ausbildung\u00a0<\/h4>\r\n<ul>\r\n<li><span lang=\"nl\"><i>Im Schwimmbad<\/i>Schwimm- und Rettungsschwimmunterricht f\u00fcr Grundsch\u00fcler;<\/span><\/li>\r\n<li><span lang=\"nl\"><i>Am Strand<\/i><\/span><span lang=\"nl\"><i>d<\/i>Ausbildung zum Rettungsschwimmer (Kapit\u00e4n, Fahrer, Postenkommandant usw.).<\/span><\/li>\r\n<\/ul>\r\n<h4>Information und Bildung\u00a0<\/h4>\r\n<ul>\r\n<li><span lang=\"nl\">Information \u00fcber Sicherheit und m\u00f6gliche Risiken bei der Freizeitgestaltung am Meer;<\/span><\/li>\r\n<li><span lang=\"nl\">Vorbeugende \u00dcberwachung;<\/span><\/li>\r\n<li><span lang=\"nl\">Angebot von Schwimmkursen f\u00fcr Kinder und Eltern.<\/span><\/li>\r\n<\/ul>\r\n<h4>3. (Wasser-)Hilfe<\/h4>\r\n<ul>\r\n<li>Strand\u00fcberwachung, Erste Hilfe, Findelkinder, vermisste Personen, Rettungen, \u00dcberwachung von Ereignissen.<\/li>\r\n<\/ul>\r\n<h4>4. Katastrophenmanagement<\/h4>\r\n<ul>\r\n<li>Bundesweit, mit den Sicherheitsregionen und der Nationalen Rettungsflotte.\u00a0<\/li>\r\n<\/ul>\r\n<\/div>\r\n<\/div>\r\n<\/div>\r\n<\/div>\r\n<\/div>\r\n<\/div>\r\n<\/div>\r\n<\/div>\r\n<\/div>\r\n<\/div>\r\n<\/div>\r\n<div class=\"vce-row-container\" data-vce-boxed-width=\"true\">\r\n<div id=\"el-7f94662c\" class=\"vce-row vce-row--col-gap-30 vce-row-equal-height vce-row-content--top\" data-vce-do-apply=\"all el-7f94662c\">\r\n<div class=\"vce-row-content\" data-vce-element-content=\"true\">\r\n<div id=\"el-232a0e29\" class=\"vce-col vce-col--md-auto vce-col--xs-1 vce-col--xs-last vce-col--xs-first vce-col--sm-last vce-col--sm-first vce-col--md-last vce-col--lg-last vce-col--xl-last vce-col--md-first vce-col--lg-first vce-col--xl-first\">\r\n<div class=\"vce-col-inner\" data-vce-do-apply=\"border margin background  el-232a0e29\">\r\n<div class=\"vce-col-content\" data-vce-element-content=\"true\" data-vce-do-apply=\"padding el-232a0e29\">\r\n<div class=\"vce-text-block\">\r\n<div id=\"el-16df0a42\" class=\"vce-text-block-wrapper vce\" data-vce-do-apply=\"all el-16df0a42\">\r\n<h2>Beleidsplan<\/h2>\r\n<p><em>\"Innen und au\u00dfen: Gemeinsam stark!\"<\/em><\/p>\r\n<p>De doelstelling van de NRB is het voorkomen van (zwem)ongevallen wat wij doen door het geven van toegankelijk zwemonderwijs en het geven van muizwemlessen aan kinderen in de gemeente Noordwijk vanaf 10 jaar (leeftijd groep 7 en 8 basisschool). In het seizoen toezicht houden op strand in de weekenden en in het hoogseizoen dagelijks van 10:00 \u2013 18:00 of zoveel later als nodig is. Tevens verlenen wij hulp aan drenkelingen en slachtoffers van ongevallen, alsmede het verlenen van hulp bij calamiteiten in Noordwijk en omliggende gemeenten voor zover daar geen andere vereniging met dezelfde doelstelling is gevestigd, alles in de ruimste zin van het woord.<\/p>\r\n<h2>Jahresabschl\u00fcsse<\/h2>\r\n<p>De NRB verkrijgt inkomsten van de Gemeente Noordwijk in de vorm van subsidie voor strandtoezicht en -opleiding en gebruik zwembad. Verder is er\u00a0een gemeentelijk investeringsfonds voor meerjarige investeringen in bijvoorbeeld vaartuigen, voertuigen en behuizing.\u00a0Daarnaast ontvangt de NRB lidmaatschapsbijdragen, donaties, bijdragen van inwoners van Noordwijk uit de jaarlijkse collecte, bijdragen van sponsoren en vergoedingen voor beveiligingen van evenementen op en rond het strand.\u00a0<\/p>\r\n<p>Het vermogen is vastgelegd in spaarrekeningen.<\/p>\r\n<p>In het Financieel verslag staat de balans en de staat van baten en lasten van het laatst afgesloten boekjaar (2024).<\/p>\r\n<ul>\r\n<li><a href=\"https:\/\/www.reddingsbrigadenoordwijk.nl\/wp-content\/uploads\/2026\/01\/NRB-financieel-Jaarverslag-2024-definitief.pdf\" target=\"_blank\" rel=\"noopener\">NRB - Financieel jaarverslag 2024<\/a><\/li>\r\n<li><a href=\"https:\/\/www.reddingsbrigadenoordwijk.nl\/wp-content\/uploads\/2026\/01\/standaardform-pubplicht-anbi-algemeen-NRB-2024.pdf\" target=\"_blank\" rel=\"noopener\">ANBI publicatieplicht 2024<\/a><\/li>\r\n<\/ul>\r\n<\/div>\r\n<\/div>\r\n<\/div>\r\n<\/div>\r\n<\/div>\r\n<\/div>\r\n<\/div>\r\n<\/div>\r\n<div class=\"vce-row-container\" data-vce-boxed-width=\"true\">\r\n<div id=\"el-b720ba5c\" class=\"vce-row vce-row--col-gap-30 vce-row-equal-height vce-row-content--top\" data-vce-do-apply=\"all el-b720ba5c\">\r\n<h2 class=\"vce-content-background-container\">Zusammensetzung des Verwaltungsrats und Verg\u00fctungspolitik<\/h2>\r\n<div class=\"vce-row-content\" data-vce-element-content=\"true\">\r\n<div id=\"el-23d2685a\" class=\"vce-col vce-col--md-auto vce-col--xs-1 vce-col--xs-last vce-col--xs-first vce-col--sm-last vce-col--sm-first vce-col--md-last vce-col--lg-last vce-col--xl-last vce-col--md-first vce-col--lg-first vce-col--xl-first\">\r\n<div class=\"vce-col-inner\" data-vce-do-apply=\"border margin background  el-23d2685a\">\r\n<div class=\"vce-col-content\" data-vce-element-content=\"true\" data-vce-do-apply=\"padding el-23d2685a\">\r\n<div class=\"vce-text-block\">\r\n<div id=\"el-d806b355\" class=\"vce-text-block-wrapper vce\" data-vce-do-apply=\"all el-d806b355\">\r\n<ul>\r\n<li>Harry Admiraal (Vorsitzender)<\/li>\r\n<li>Alex Hoogeveen (Penningmeester)<\/li>\r\n<li>Jan-Christian Slats (Sekret\u00e4r)<\/li>\r\n<li>Vacant (Bestuurslid Hulpverlening)<\/li>\r\n<li>Vacant (Bestuurslid)<\/li>\r\n<\/ul>\r\n<p>Die oben genannten Verwaltungsratsmitglieder erhalten keine Verg\u00fctung f\u00fcr ihre Arbeit.<\/p>\r\n<\/div>\r\n<\/div>\r\n<\/div>\r\n<\/div>\r\n<\/div>\r\n<\/div>\r\n<\/div>\r\n<\/div>\r\n<div class=\"vce-row-container\" data-vce-boxed-width=\"true\">\r\n<div id=\"el-3a6266dc\" class=\"vce-row vce-row--col-gap-30 vce-row-equal-height vce-row-content--top\" data-vce-do-apply=\"all el-3a6266dc\">\r\n<div class=\"vce-row-content\" data-vce-element-content=\"true\">\r\n<div id=\"el-c8ebdf9e\" class=\"vce-col vce-col--md-auto vce-col--xs-1 vce-col--xs-last vce-col--xs-first vce-col--sm-last vce-col--sm-first vce-col--md-last vce-col--lg-last vce-col--xl-last vce-col--md-first vce-col--lg-first vce-col--xl-first\">\r\n<div class=\"vce-col-inner\" data-vce-do-apply=\"border margin background  el-c8ebdf9e\">\r\n<div class=\"vce-col-content\" data-vce-element-content=\"true\" data-vce-do-apply=\"padding el-c8ebdf9e\">\r\n<div class=\"vce-text-block\">\r\n<div id=\"el-4b9fcd7e\" class=\"vce-text-block-wrapper vce\" data-vce-do-apply=\"all el-4b9fcd7e\">\r\n<h2>T\u00e4tigkeitsbericht<\/h2>\r\n<p>In ons jaarverslag, vastgesteld door de Algemene Leden Vergadering vindt u een overzicht van onze activiteiten van het laatste afgesloten boekjaar (2024).<\/p>\r\n<ul>\r\n<li><a href=\"https:\/\/www.reddingsbrigadenoordwijk.nl\/wp-content\/uploads\/2026\/01\/NRB-Jaarverslag-2024-definitief.pdf\" target=\"_blank\" rel=\"noopener\">NRB - Jaarverslag 2024<\/a><\/li>\r\n<\/ul>\r\n<\/div>\r\n<\/div>\r\n<\/div>\r\n<\/div>\r\n<\/div>\r\n<\/div>\r\n<\/div>\r\n<\/div>\r\n<div class=\"vce-row-container\" data-vce-boxed-width=\"true\">\r\n<div id=\"el-61d5648e\" class=\"vce-row vce-row--col-gap-30 vce-row-equal-height vce-row-content--top\" data-vce-do-apply=\"all el-61d5648e\">\r\n<div class=\"vce-row-content\" data-vce-element-content=\"true\">\r\n<div id=\"el-414dbd20\" class=\"vce-col vce-col--md-auto vce-col--xs-1 vce-col--xs-last vce-col--xs-first vce-col--sm-last vce-col--sm-first vce-col--md-last vce-col--lg-last vce-col--xl-last vce-col--md-first vce-col--lg-first vce-col--xl-first\">\r\n<div class=\"vce-col-inner\" data-vce-do-apply=\"border margin background  el-414dbd20\">\r\n<div class=\"vce-col-content\" data-vce-element-content=\"true\" data-vce-do-apply=\"padding el-414dbd20\">\r\n<div class=\"vce-text-block\">\u00a0<\/div>\r\n<\/div>\r\n<\/div>\r\n<\/div>\r\n<\/div>\r\n<\/div>\r\n<\/div>\r\n<\/div>\r\n<\/div>\r\n<\/div>\r\n<\/div>\r\n<\/div>\r\n<\/div>\r\n<\/div>\r\n<\/div>\r\n<\/div>\r\n<\/div>\r\n<\/div>","protected":false},"excerpt":{"rendered":"<p>\u00a0 Noordwijkse Reddings Brigade (Ook bekend als Reddingsbrigade Noordwijk, Noordwijkse Reddingsbrigade en\/of NRB) KvK:\u00a040445272RSIN:\u00a0004890978Postadres: Palaceplein 7, 2202 ER NOORDWIJK ZH Doelstelling De vereniging heeft tot doel het verlenen van hulp aan drenkelingen, schipbreukelingen en slachtoffers van ongevallen, alsmede het verlenen van hulp bij calamiteiten in Noordwijk en omliggende gemeenten voor zover daar geen andere vereniging [&hellip;]<\/p>\n","protected":false},"author":1,"featured_media":10692,"parent":103,"menu_order":100,"comment_status":"closed","ping_status":"closed","template":"","meta":{"_acf_changed":false,"footnotes":""},"class_list":["post-105","page","type-page","status-publish","has-post-thumbnail","hentry"],"acf":[],"yoast_head":"<!-- This site is optimized with the Yoast SEO plugin v27.5 - https:\/\/yoast.com\/product\/yoast-seo-wordpress\/ -->\n<title>Algemeen nut beogende instelling (ANBI-status) - Reddingsbrigade Noordwijk<\/title>\n<meta name=\"robots\" content=\"index, follow, max-snippet:-1, max-image-preview:large, max-video-preview:-1\" \/>\n<link rel=\"canonical\" href=\"https:\/\/www.reddingsbrigadenoordwijk.nl\/de\/lifeguards\/algemeen-nut-beogende-instelling-anbi-status\/\" \/>\n<meta property=\"og:locale\" content=\"de_DE\" \/>\n<meta property=\"og:type\" content=\"article\" \/>\n<meta property=\"og:title\" content=\"Algemeen nut beogende instelling (ANBI-status) - Reddingsbrigade Noordwijk\" \/>\n<meta property=\"og:description\" content=\"\u00a0 Noordwijkse Reddings Brigade (Ook bekend als Reddingsbrigade Noordwijk, Noordwijkse Reddingsbrigade en\/of NRB) KvK:\u00a040445272RSIN:\u00a0004890978Postadres: Palaceplein 7, 2202 ER NOORDWIJK ZH Doelstelling De vereniging heeft tot doel het verlenen van hulp aan drenkelingen, schipbreukelingen en slachtoffers van ongevallen, alsmede het verlenen van hulp bij calamiteiten in Noordwijk en omliggende gemeenten voor zover daar geen andere vereniging [&hellip;]\" \/>\n<meta property=\"og:url\" content=\"https:\/\/www.reddingsbrigadenoordwijk.nl\/de\/lifeguards\/algemeen-nut-beogende-instelling-anbi-status\/\" \/>\n<meta property=\"og:site_name\" content=\"Reddingsbrigade Noordwijk\" \/>\n<meta property=\"article:modified_time\" content=\"2026-01-28T13:05:46+00:00\" \/>\n<meta property=\"og:image\" content=\"https:\/\/www.reddingsbrigadenoordwijk.nl\/wp-content\/uploads\/2021\/04\/IMG-20200907-WA0017.jpg\" \/>\n\t<meta property=\"og:image:width\" content=\"1024\" \/>\n\t<meta property=\"og:image:height\" content=\"768\" \/>\n\t<meta property=\"og:image:type\" content=\"image\/jpeg\" \/>\n<meta name=\"twitter:card\" content=\"summary_large_image\" \/>\n<meta name=\"twitter:label1\" content=\"Gesch\u00e4tzte Lesezeit\" \/>\n\t<meta name=\"twitter:data1\" content=\"3\u00a0Minuten\" \/>\n<script type=\"application\/ld+json\" class=\"yoast-schema-graph\">{\"@context\":\"https:\\\/\\\/schema.org\",\"@graph\":[{\"@type\":\"WebPage\",\"@id\":\"https:\\\/\\\/www.reddingsbrigadenoordwijk.nl\\\/lifeguards\\\/algemeen-nut-beogende-instelling-anbi-status\\\/\",\"url\":\"https:\\\/\\\/www.reddingsbrigadenoordwijk.nl\\\/lifeguards\\\/algemeen-nut-beogende-instelling-anbi-status\\\/\",\"name\":\"Algemeen nut beogende instelling (ANBI-status) - Reddingsbrigade Noordwijk\",\"isPartOf\":{\"@id\":\"https:\\\/\\\/www.reddingsbrigadenoordwijk.nl\\\/#website\"},\"primaryImageOfPage\":{\"@id\":\"https:\\\/\\\/www.reddingsbrigadenoordwijk.nl\\\/lifeguards\\\/algemeen-nut-beogende-instelling-anbi-status\\\/#primaryimage\"},\"image\":{\"@id\":\"https:\\\/\\\/www.reddingsbrigadenoordwijk.nl\\\/lifeguards\\\/algemeen-nut-beogende-instelling-anbi-status\\\/#primaryimage\"},\"thumbnailUrl\":\"https:\\\/\\\/www.reddingsbrigadenoordwijk.nl\\\/wp-content\\\/uploads\\\/2021\\\/04\\\/IMG-20200907-WA0017.jpg\",\"datePublished\":\"2021-01-24T22:05:15+00:00\",\"dateModified\":\"2026-01-28T13:05:46+00:00\",\"breadcrumb\":{\"@id\":\"https:\\\/\\\/www.reddingsbrigadenoordwijk.nl\\\/lifeguards\\\/algemeen-nut-beogende-instelling-anbi-status\\\/#breadcrumb\"},\"inLanguage\":\"de\",\"potentialAction\":[{\"@type\":\"ReadAction\",\"target\":[\"https:\\\/\\\/www.reddingsbrigadenoordwijk.nl\\\/lifeguards\\\/algemeen-nut-beogende-instelling-anbi-status\\\/\"]}]},{\"@type\":\"ImageObject\",\"inLanguage\":\"de\",\"@id\":\"https:\\\/\\\/www.reddingsbrigadenoordwijk.nl\\\/lifeguards\\\/algemeen-nut-beogende-instelling-anbi-status\\\/#primaryimage\",\"url\":\"https:\\\/\\\/www.reddingsbrigadenoordwijk.nl\\\/wp-content\\\/uploads\\\/2021\\\/04\\\/IMG-20200907-WA0017.jpg\",\"contentUrl\":\"https:\\\/\\\/www.reddingsbrigadenoordwijk.nl\\\/wp-content\\\/uploads\\\/2021\\\/04\\\/IMG-20200907-WA0017.jpg\",\"width\":1024,\"height\":768},{\"@type\":\"BreadcrumbList\",\"@id\":\"https:\\\/\\\/www.reddingsbrigadenoordwijk.nl\\\/lifeguards\\\/algemeen-nut-beogende-instelling-anbi-status\\\/#breadcrumb\",\"itemListElement\":[{\"@type\":\"ListItem\",\"position\":1,\"name\":\"Home\",\"item\":\"https:\\\/\\\/www.reddingsbrigadenoordwijk.nl\\\/\"},{\"@type\":\"ListItem\",\"position\":2,\"name\":\"Lifeguards\",\"item\":\"https:\\\/\\\/www.reddingsbrigadenoordwijk.nl\\\/lifeguards\\\/\"},{\"@type\":\"ListItem\",\"position\":3,\"name\":\"Algemeen nut beogende instelling (ANBI-status)\"}]},{\"@type\":\"WebSite\",\"@id\":\"https:\\\/\\\/www.reddingsbrigadenoordwijk.nl\\\/#website\",\"url\":\"https:\\\/\\\/www.reddingsbrigadenoordwijk.nl\\\/\",\"name\":\"Reddingsbrigade Noordwijk\",\"description\":\"NRB\",\"potentialAction\":[{\"@type\":\"SearchAction\",\"target\":{\"@type\":\"EntryPoint\",\"urlTemplate\":\"https:\\\/\\\/www.reddingsbrigadenoordwijk.nl\\\/?s={search_term_string}\"},\"query-input\":{\"@type\":\"PropertyValueSpecification\",\"valueRequired\":true,\"valueName\":\"search_term_string\"}}],\"inLanguage\":\"de\"}]}<\/script>\n<!-- \/ Yoast SEO plugin. -->","yoast_head_json":{"title":"Einrichtung f\u00fcr allgemeine Zwecke (ANBI-Status) - Reddingsbrigade Noordwijk","robots":{"index":"index","follow":"follow","max-snippet":"max-snippet:-1","max-image-preview":"max-image-preview:large","max-video-preview":"max-video-preview:-1"},"canonical":"https:\/\/www.reddingsbrigadenoordwijk.nl\/de\/lifeguards\/algemeen-nut-beogende-instelling-anbi-status\/","og_locale":"de_DE","og_type":"article","og_title":"Algemeen nut beogende instelling (ANBI-status) - Reddingsbrigade Noordwijk","og_description":"\u00a0 Noordwijkse Reddings Brigade (Ook bekend als Reddingsbrigade Noordwijk, Noordwijkse Reddingsbrigade en\/of NRB) KvK:\u00a040445272RSIN:\u00a0004890978Postadres: Palaceplein 7, 2202 ER NOORDWIJK ZH Doelstelling De vereniging heeft tot doel het verlenen van hulp aan drenkelingen, schipbreukelingen en slachtoffers van ongevallen, alsmede het verlenen van hulp bij calamiteiten in Noordwijk en omliggende gemeenten voor zover daar geen andere vereniging [&hellip;]","og_url":"https:\/\/www.reddingsbrigadenoordwijk.nl\/de\/lifeguards\/algemeen-nut-beogende-instelling-anbi-status\/","og_site_name":"Reddingsbrigade Noordwijk","article_modified_time":"2026-01-28T13:05:46+00:00","og_image":[{"width":1024,"height":768,"url":"https:\/\/www.reddingsbrigadenoordwijk.nl\/wp-content\/uploads\/2021\/04\/IMG-20200907-WA0017.jpg","type":"image\/jpeg"}],"twitter_card":"summary_large_image","twitter_misc":{"Gesch\u00e4tzte Lesezeit":"3\u00a0Minuten"},"schema":{"@context":"https:\/\/schema.org","@graph":[{"@type":"WebPage","@id":"https:\/\/www.reddingsbrigadenoordwijk.nl\/lifeguards\/algemeen-nut-beogende-instelling-anbi-status\/","url":"https:\/\/www.reddingsbrigadenoordwijk.nl\/lifeguards\/algemeen-nut-beogende-instelling-anbi-status\/","name":"Einrichtung f\u00fcr allgemeine Zwecke (ANBI-Status) - Reddingsbrigade Noordwijk","isPartOf":{"@id":"https:\/\/www.reddingsbrigadenoordwijk.nl\/#website"},"primaryImageOfPage":{"@id":"https:\/\/www.reddingsbrigadenoordwijk.nl\/lifeguards\/algemeen-nut-beogende-instelling-anbi-status\/#primaryimage"},"image":{"@id":"https:\/\/www.reddingsbrigadenoordwijk.nl\/lifeguards\/algemeen-nut-beogende-instelling-anbi-status\/#primaryimage"},"thumbnailUrl":"https:\/\/www.reddingsbrigadenoordwijk.nl\/wp-content\/uploads\/2021\/04\/IMG-20200907-WA0017.jpg","datePublished":"2021-01-24T22:05:15+00:00","dateModified":"2026-01-28T13:05:46+00:00","breadcrumb":{"@id":"https:\/\/www.reddingsbrigadenoordwijk.nl\/lifeguards\/algemeen-nut-beogende-instelling-anbi-status\/#breadcrumb"},"inLanguage":"de","potentialAction":[{"@type":"ReadAction","target":["https:\/\/www.reddingsbrigadenoordwijk.nl\/lifeguards\/algemeen-nut-beogende-instelling-anbi-status\/"]}]},{"@type":"ImageObject","inLanguage":"de","@id":"https:\/\/www.reddingsbrigadenoordwijk.nl\/lifeguards\/algemeen-nut-beogende-instelling-anbi-status\/#primaryimage","url":"https:\/\/www.reddingsbrigadenoordwijk.nl\/wp-content\/uploads\/2021\/04\/IMG-20200907-WA0017.jpg","contentUrl":"https:\/\/www.reddingsbrigadenoordwijk.nl\/wp-content\/uploads\/2021\/04\/IMG-20200907-WA0017.jpg","width":1024,"height":768},{"@type":"BreadcrumbList","@id":"https:\/\/www.reddingsbrigadenoordwijk.nl\/lifeguards\/algemeen-nut-beogende-instelling-anbi-status\/#breadcrumb","itemListElement":[{"@type":"ListItem","position":1,"name":"Home","item":"https:\/\/www.reddingsbrigadenoordwijk.nl\/"},{"@type":"ListItem","position":2,"name":"Lifeguards","item":"https:\/\/www.reddingsbrigadenoordwijk.nl\/lifeguards\/"},{"@type":"ListItem","position":3,"name":"Algemeen nut beogende instelling (ANBI-status)"}]},{"@type":"WebSite","@id":"https:\/\/www.reddingsbrigadenoordwijk.nl\/#website","url":"https:\/\/www.reddingsbrigadenoordwijk.nl\/","name":"Rettungsmannschaft Noordwijk","description":"NRB","potentialAction":[{"@type":"SearchAction","target":{"@type":"EntryPoint","urlTemplate":"https:\/\/www.reddingsbrigadenoordwijk.nl\/?s={search_term_string}"},"query-input":{"@type":"PropertyValueSpecification","valueRequired":true,"valueName":"search_term_string"}}],"inLanguage":"de"}]}},"_links":{"self":[{"href":"https:\/\/www.reddingsbrigadenoordwijk.nl\/de\/wp-json\/wp\/v2\/pages\/105","targetHints":{"allow":["GET"]}}],"collection":[{"href":"https:\/\/www.reddingsbrigadenoordwijk.nl\/de\/wp-json\/wp\/v2\/pages"}],"about":[{"href":"https:\/\/www.reddingsbrigadenoordwijk.nl\/de\/wp-json\/wp\/v2\/types\/page"}],"author":[{"embeddable":true,"href":"https:\/\/www.reddingsbrigadenoordwijk.nl\/de\/wp-json\/wp\/v2\/users\/1"}],"replies":[{"embeddable":true,"href":"https:\/\/www.reddingsbrigadenoordwijk.nl\/de\/wp-json\/wp\/v2\/comments?post=105"}],"version-history":[{"count":15,"href":"https:\/\/www.reddingsbrigadenoordwijk.nl\/de\/wp-json\/wp\/v2\/pages\/105\/revisions"}],"predecessor-version":[{"id":11993,"href":"https:\/\/www.reddingsbrigadenoordwijk.nl\/de\/wp-json\/wp\/v2\/pages\/105\/revisions\/11993"}],"up":[{"embeddable":true,"href":"https:\/\/www.reddingsbrigadenoordwijk.nl\/de\/wp-json\/wp\/v2\/pages\/103"}],"wp:featuredmedia":[{"embeddable":true,"href":"https:\/\/www.reddingsbrigadenoordwijk.nl\/de\/wp-json\/wp\/v2\/media\/10692"}],"wp:attachment":[{"href":"https:\/\/www.reddingsbrigadenoordwijk.nl\/de\/wp-json\/wp\/v2\/media?parent=105"}],"curies":[{"name":"wp","href":"https:\/\/api.w.org\/{rel}","templated":true}]}}