{"id":103,"date":"2021-01-24T23:05:15","date_gmt":"2021-01-24T22:05:15","guid":{"rendered":"https:\/\/www.reddingsbrigadenoordwijk.nl\/lifeguards\/"},"modified":"2022-03-11T16:00:32","modified_gmt":"2022-03-11T15:00:32","slug":"lifeguards","status":"publish","type":"page","link":"https:\/\/www.reddingsbrigadenoordwijk.nl\/de\/rettungsschwimmer\/","title":{"rendered":"Rettungsschwimmer"},"content":{"rendered":"<div class=\"vce-section\"><div class=\"vce-section-inner\" data-vce-full-width=\"true\" id=\"el-c67653a7\" data-vce-do-apply=\"all el-c67653a7\"><div class=\"vce-content-background-container\"><div class=\"vce-asset-video-yt-container vce-visible-all-only\"><div class=\"vce-asset-video-yt-wrapper\"><div class=\"vce-asset-video-yt-background vce-asset-video-yt--state-landscape\" data-vce-assets-video-yt=\"wos0WKdWWmA\" data-vce-assets-video-replacer=\".vce-asset-video-yt-player\" data-vce-assets-video-orientation-class=\"vce-asset-video-yt--state-landscape\"><svg class=\"vce-asset-video-yt-sizer\" width=\"640\" height=\"360\" data-vce-assets-video-state=\"visible\"><\/svg><div class=\"vce-asset-video-yt-player\"><\/div><\/div><\/div><\/div><div class=\"vce-asset-color-gradient-container vce-visible-all-only\" data-vce-do-apply=\"gradient el-c67653a7\"><\/div><\/div><div data-vce-element-content=\"true\"><div class=\"vce-row-container\" data-vce-boxed-width=\"true\"><div class=\"vce-row vce-element--has-background vce-row--col-gap-30 vce-row-equal-height vce-row-content--top\" vce-box-shadow=\"el-45d37fa1\" id=\"el-45d37fa1\" data-vce-do-apply=\"all el-45d37fa1\"><div class=\"vce-content-background-container\"><\/div><div class=\"vce-row-content\" data-vce-element-content=\"true\"><div class=\"vce-col vce-col--md-auto vce-col--xs-1 vce-col--xs-last vce-col--xs-first vce-col--sm-last vce-col--sm-first vce-col--md-last vce-col--lg-last vce-col--xl-last vce-col--md-first vce-col--lg-first vce-col--xl-first\" id=\"el-46627e9f\"><div class=\"vce-col-inner\" data-vce-do-apply=\"border margin background  el-46627e9f\"><div class=\"vce-col-content\" data-vce-element-content=\"true\" data-vce-do-apply=\"padding el-46627e9f\"><div class=\"vce-text-block\"><div class=\"vce-text-block-wrapper vce\" id=\"el-d066d453\" data-vce-do-apply=\"all el-d066d453\"><h1>Rettungsschwimmer<\/h1><\/div><\/div><div class=\"vce-text-block\"><div class=\"vce-text-block-wrapper vce\" id=\"el-f00197b7\" data-vce-do-apply=\"all el-f00197b7\"><p style=\"text-align: right;\"><span><span><a href=\"https:\/\/www.reddingsbrigadenoordwijk.nl\/de\/\">Startseite<\/a><\/span><\/span><\/p><\/div><\/div><\/div><\/div><\/div><\/div><\/div><\/div><\/div><\/div><\/div><div class=\"vce-section\" data-vce-boxed-width=\"true\"><div class=\"vce-section-inner vce-element--has-background\" id=\"el-54fd97dd\" data-vce-do-apply=\"all el-54fd97dd\"><div class=\"vce-content-background-container\"><\/div><div data-vce-element-content=\"true\"><div class=\"vce-row-container\" data-vce-boxed-width=\"true\"><div class=\"vce-row vce-row--col-gap-30 vce-row-equal-height vce-row-content--top\" id=\"el-71cf9387\" data-vce-do-apply=\"all el-71cf9387\"><div class=\"vce-row-content\" data-vce-element-content=\"true\"><div class=\"vce-col vce-col--md-auto vce-col--xs-1 vce-col--xs-last vce-col--xs-first vce-col--sm-last vce-col--sm-first vce-col--md-last vce-col--lg-last vce-col--xl-last vce-col--md-first vce-col--lg-first vce-col--xl-first\" id=\"el-8354a28a\"><div class=\"vce-col-inner\" data-vce-do-apply=\"border margin background  el-8354a28a\"><div class=\"vce-col-content\" data-vce-element-content=\"true\" data-vce-do-apply=\"padding el-8354a28a\"><div class=\"vce-text-block\"><div class=\"vce-text-block-wrapper vce\" id=\"el-35fa8120\" data-vce-do-apply=\"all el-35fa8120\"><p><span style=\"font-weight: 400;\">Ein Rettungsschwimmer ist jemand, der ausgebildet wurde, um Menschen, die ertrinken, professionell zu helfen. Ein Rettungsschwimmer wird von einem Rettungsteam eingesetzt, um im, am und auf dem Wasser Aufsicht zu f\u00fchren und Hilfe zu leisten. Dies geschieht in der Regel an der K\u00fcste, kann aber auch in Binnengew\u00e4ssern und in Schwimmb\u00e4dern vorkommen. Auch bei Veranstaltungen im Zusammenhang mit Wasser k\u00f6nnen Sie auf Rettungsschwimmer treffen.&nbsp;<\/span><\/p>\n<h4><strong>Aufgaben eines Rettungsschwimmers:<\/strong><\/h4>\n<ul>\n<li aria-level=\"1\"><strong>Beleuchtung: <\/strong>Ansprechpartner f\u00fcr Freizeitnutzer und Besucher zu sein und diese zu informieren.<\/li>\n<li aria-level=\"1\"><strong>Beaufsichtigung: <\/strong>Beaufsichtigung von Strandg\u00e4sten, Badeg\u00e4sten, Schwimmern und (Wasser-)Sportlern. Erkennen von Personen, die in Schwierigkeiten geraten k\u00f6nnten oder in Schwierigkeiten sind.<\/li>\n<\/ul>\n<ul>\n<li aria-level=\"1\"><strong>Fr\u00fchzeitiges Eingreifen:<\/strong> Proaktives Handeln zur Verhinderung von Zwischenf\u00e4llen. Zum Beispiel durch das Aufstellen von Schildern oder das Hissen von Fahnen.<\/li>\n<\/ul>\n<ul>\n<li aria-level=\"1\"><strong>Hilfestellung leisten:<\/strong> Handeln bei (Wasser-)Unf\u00e4llen und Erste-Hilfe-Leistungen bei Zwischenf\u00e4llen.<\/li>\n<\/ul>\n<ul>\n<li aria-level=\"1\"><strong>Bericht:<\/strong> Verfolgen Sie die Aktivit\u00e4ten und Vorf\u00e4lle in einem t\u00e4glichen Bericht, um daraus zu lernen und dar\u00fcber zu berichten.<\/li>\n<\/ul>\n<p><span style=\"font-weight: 400;\">Um diese Aufgaben verantwortungsbewusst wahrnehmen zu k\u00f6nnen, ben\u00f6tigen unsere Rettungsschwimmer gute Ortskenntnisse. Sie m\u00fcssen wissen, wo und wann es sicher ist und wo und wann nicht. Ein Rettungsschwimmer muss in guter k\u00f6rperlicher Verfassung sein, um die Kenntnisse und F\u00e4higkeiten in der Praxis anwenden zu k\u00f6nnen. Ein Rettungsschwimmer muss in der Lage sein, mit den in der Rettungsstation vorhandenen Rettungsmitteln umzugehen und regelm\u00e4\u00dfig damit zu trainieren. Ein voll ausgebildeter Rettungsschwimmer beherrscht lebensrettende Techniken, um Rettungsaktionen durchzuf\u00fchren. Welche davon zum Einsatz kommen, h\u00e4ngt von der jeweiligen Situation ab; jede Rettung ist anders.<\/span><\/p><\/div><\/div><div class=\"vce-button--style-basic-container vce-button--style-basic-container--align-left\"><span class=\"vce-button--style-basic-wrapper vce\" id=\"el-19ce6e4d\" data-vce-do-apply=\"margin el-19ce6e4d\"><a class=\"vce-button vce-button--style-basic vce-button--style-basic--border-square vce-button--style-basic--size-medium vce-button--style-basic--color-b-0-53-150--fff vce-button--style-basic--hover-color-b-255-87-0--fff\" href=\"https:\/\/www.reddingsbrigadenoordwijk.nl\/de\/over-ons\/vrijwilliger-worden\/\" title=\"Rettungsschwimmer werden? Klicken Sie hier\" target=\"_blank\" data-vce-do-apply=\"padding border background  el-19ce6e4d\" rel=\"noopener\">Rettungsschwimmer werden? Klicken Sie hier<\/a><\/span><\/div><\/div><\/div><\/div><\/div><\/div><\/div><\/div><\/div><\/div>","protected":false},"excerpt":{"rendered":"","protected":false},"author":1,"featured_media":0,"parent":0,"menu_order":80,"comment_status":"closed","ping_status":"closed","template":"","meta":{"_acf_changed":false,"footnotes":""},"class_list":["post-103","page","type-page","status-publish","hentry"],"acf":[],"yoast_head":"<!-- This site is optimized with the Yoast SEO plugin v27.5 - https:\/\/yoast.com\/product\/yoast-seo-wordpress\/ -->\n<title>Lifeguards - Reddingsbrigade Noordwijk<\/title>\n<meta name=\"robots\" content=\"index, follow, max-snippet:-1, max-image-preview:large, max-video-preview:-1\" \/>\n<link rel=\"canonical\" href=\"https:\/\/www.reddingsbrigadenoordwijk.nl\/de\/lifeguards\/\" \/>\n<meta property=\"og:locale\" content=\"de_DE\" \/>\n<meta property=\"og:type\" content=\"article\" \/>\n<meta property=\"og:title\" content=\"Lifeguards - Reddingsbrigade Noordwijk\" \/>\n<meta property=\"og:url\" content=\"https:\/\/www.reddingsbrigadenoordwijk.nl\/de\/lifeguards\/\" \/>\n<meta property=\"og:site_name\" content=\"Reddingsbrigade Noordwijk\" \/>\n<meta property=\"article:modified_time\" content=\"2022-03-11T15:00:32+00:00\" \/>\n<meta name=\"twitter:card\" content=\"summary_large_image\" \/>\n<meta name=\"twitter:label1\" content=\"Gesch\u00e4tzte Lesezeit\" \/>\n\t<meta name=\"twitter:data1\" content=\"1\u00a0Minute\" \/>\n<script type=\"application\/ld+json\" class=\"yoast-schema-graph\">{\"@context\":\"https:\\\/\\\/schema.org\",\"@graph\":[{\"@type\":\"WebPage\",\"@id\":\"https:\\\/\\\/www.reddingsbrigadenoordwijk.nl\\\/lifeguards\\\/\",\"url\":\"https:\\\/\\\/www.reddingsbrigadenoordwijk.nl\\\/lifeguards\\\/\",\"name\":\"Lifeguards - Reddingsbrigade Noordwijk\",\"isPartOf\":{\"@id\":\"https:\\\/\\\/www.reddingsbrigadenoordwijk.nl\\\/#website\"},\"datePublished\":\"2021-01-24T22:05:15+00:00\",\"dateModified\":\"2022-03-11T15:00:32+00:00\",\"breadcrumb\":{\"@id\":\"https:\\\/\\\/www.reddingsbrigadenoordwijk.nl\\\/lifeguards\\\/#breadcrumb\"},\"inLanguage\":\"de\",\"potentialAction\":[{\"@type\":\"ReadAction\",\"target\":[\"https:\\\/\\\/www.reddingsbrigadenoordwijk.nl\\\/lifeguards\\\/\"]}]},{\"@type\":\"BreadcrumbList\",\"@id\":\"https:\\\/\\\/www.reddingsbrigadenoordwijk.nl\\\/lifeguards\\\/#breadcrumb\",\"itemListElement\":[{\"@type\":\"ListItem\",\"position\":1,\"name\":\"Home\",\"item\":\"https:\\\/\\\/www.reddingsbrigadenoordwijk.nl\\\/\"},{\"@type\":\"ListItem\",\"position\":2,\"name\":\"Lifeguards\"}]},{\"@type\":\"WebSite\",\"@id\":\"https:\\\/\\\/www.reddingsbrigadenoordwijk.nl\\\/#website\",\"url\":\"https:\\\/\\\/www.reddingsbrigadenoordwijk.nl\\\/\",\"name\":\"Reddingsbrigade Noordwijk\",\"description\":\"NRB\",\"potentialAction\":[{\"@type\":\"SearchAction\",\"target\":{\"@type\":\"EntryPoint\",\"urlTemplate\":\"https:\\\/\\\/www.reddingsbrigadenoordwijk.nl\\\/?s={search_term_string}\"},\"query-input\":{\"@type\":\"PropertyValueSpecification\",\"valueRequired\":true,\"valueName\":\"search_term_string\"}}],\"inLanguage\":\"de\"}]}<\/script>\n<!-- \/ Yoast SEO plugin. -->","yoast_head_json":{"title":"Rettungsschwimmer - Reddingsbrigade Noordwijk","robots":{"index":"index","follow":"follow","max-snippet":"max-snippet:-1","max-image-preview":"max-image-preview:large","max-video-preview":"max-video-preview:-1"},"canonical":"https:\/\/www.reddingsbrigadenoordwijk.nl\/de\/lifeguards\/","og_locale":"de_DE","og_type":"article","og_title":"Lifeguards - Reddingsbrigade Noordwijk","og_url":"https:\/\/www.reddingsbrigadenoordwijk.nl\/de\/lifeguards\/","og_site_name":"Reddingsbrigade Noordwijk","article_modified_time":"2022-03-11T15:00:32+00:00","twitter_card":"summary_large_image","twitter_misc":{"Gesch\u00e4tzte Lesezeit":"1\u00a0Minute"},"schema":{"@context":"https:\/\/schema.org","@graph":[{"@type":"WebPage","@id":"https:\/\/www.reddingsbrigadenoordwijk.nl\/lifeguards\/","url":"https:\/\/www.reddingsbrigadenoordwijk.nl\/lifeguards\/","name":"Rettungsschwimmer - Reddingsbrigade Noordwijk","isPartOf":{"@id":"https:\/\/www.reddingsbrigadenoordwijk.nl\/#website"},"datePublished":"2021-01-24T22:05:15+00:00","dateModified":"2022-03-11T15:00:32+00:00","breadcrumb":{"@id":"https:\/\/www.reddingsbrigadenoordwijk.nl\/lifeguards\/#breadcrumb"},"inLanguage":"de","potentialAction":[{"@type":"ReadAction","target":["https:\/\/www.reddingsbrigadenoordwijk.nl\/lifeguards\/"]}]},{"@type":"BreadcrumbList","@id":"https:\/\/www.reddingsbrigadenoordwijk.nl\/lifeguards\/#breadcrumb","itemListElement":[{"@type":"ListItem","position":1,"name":"Home","item":"https:\/\/www.reddingsbrigadenoordwijk.nl\/"},{"@type":"ListItem","position":2,"name":"Lifeguards"}]},{"@type":"WebSite","@id":"https:\/\/www.reddingsbrigadenoordwijk.nl\/#website","url":"https:\/\/www.reddingsbrigadenoordwijk.nl\/","name":"Rettungsmannschaft Noordwijk","description":"NRB","potentialAction":[{"@type":"SearchAction","target":{"@type":"EntryPoint","urlTemplate":"https:\/\/www.reddingsbrigadenoordwijk.nl\/?s={search_term_string}"},"query-input":{"@type":"PropertyValueSpecification","valueRequired":true,"valueName":"search_term_string"}}],"inLanguage":"de"}]}},"_links":{"self":[{"href":"https:\/\/www.reddingsbrigadenoordwijk.nl\/de\/wp-json\/wp\/v2\/pages\/103","targetHints":{"allow":["GET"]}}],"collection":[{"href":"https:\/\/www.reddingsbrigadenoordwijk.nl\/de\/wp-json\/wp\/v2\/pages"}],"about":[{"href":"https:\/\/www.reddingsbrigadenoordwijk.nl\/de\/wp-json\/wp\/v2\/types\/page"}],"author":[{"embeddable":true,"href":"https:\/\/www.reddingsbrigadenoordwijk.nl\/de\/wp-json\/wp\/v2\/users\/1"}],"replies":[{"embeddable":true,"href":"https:\/\/www.reddingsbrigadenoordwijk.nl\/de\/wp-json\/wp\/v2\/comments?post=103"}],"version-history":[{"count":0,"href":"https:\/\/www.reddingsbrigadenoordwijk.nl\/de\/wp-json\/wp\/v2\/pages\/103\/revisions"}],"wp:attachment":[{"href":"https:\/\/www.reddingsbrigadenoordwijk.nl\/de\/wp-json\/wp\/v2\/media?parent=103"}],"curies":[{"name":"wp","href":"https:\/\/api.w.org\/{rel}","templated":true}]}}